{"id":17558,"date":"2019-11-27T13:37:53","date_gmt":"2019-11-27T12:37:53","guid":{"rendered":"https:\/\/biatocd.cluster020.hosting.ovh.net\/velin-johannot\/"},"modified":"2024-10-23T13:01:26","modified_gmt":"2024-10-23T11:01:26","slug":"velin-johannot","status":"publish","type":"page","link":"https:\/\/arches-papers.com\/de\/das-arches-papier-sortiment\/kunstdrucke\/velin-johannot\/","title":{"rendered":"Velin Johannot<sup>\u00ae<\/sup>"},"content":{"rendered":"<div class=\"wpb-content-wrapper\"><p>[vc_row][vc_column][vc_empty_space height=&#8221;100&#8243;][\/vc_column][\/vc_row][vc_row el_class=&#8221;line-right&#8221;][vc_column]<style>.ld_fancy_heading_6a01f86d09f7b h2 {padding-bottom:0px !important;  } .ld_fancy_heading_6a01f86d09f7b h2 {margin-bottom:0px !important;  } .ld_fancy_heading_6a01f86d09f7b .lqd-highlight-inner{height:0.275em;bottom:0px;}.ld_fancy_heading_6a01f86d09f7b h2 {padding-bottom:0px !important;  } .ld_fancy_heading_6a01f86d09f7b h2 {margin-bottom:0px !important;  } <\/style><div class=\"ld-fancy-heading text-right text-uppercase ld_fancy_heading_6a01f86d09f7b\">\n\t<h2 class=\"lqd-highlight-underline lqd-highlight-grow-left\" ><span class=\"ld-fh-txt\"> <span style=\"font-size: 70px\"><span style=\"font-size: 16px\">Dieses aus <\/span><strong>Alfa und Baumwolle<\/strong><\/span><\/span><\/h2><\/div>[vc_empty_space height=&#8221;50px&#8221;][\/vc_column][\/vc_row][vc_row equal_height=&#8221;yes&#8221; content_placement=&#8221;middle&#8221;][vc_column width=&#8221;2\/3&#8243;][vc_single_image image=&#8221;16875&#8243; img_size=&#8221;large&#8221; css_animation=&#8221;none&#8221;][\/vc_column][vc_column width=&#8221;1\/3&#8243;]<style>.ld_fancy_heading_6a01f86d0a154 .lqd-highlight-inner{height:0.275em;bottom:0px;}<\/style><div class=\"ld-fancy-heading text-left ld_fancy_heading_6a01f86d0a154\">\n\t<h3 class=\"lqd-highlight-underline lqd-highlight-grow-left\" ><span class=\"ld-fh-txt\"> <span style=\"font-size: 21px\"><strong>hergestellte Papier besitzt Eigenschaften (Opazit\u00e4t, F\u00fclle, Weichheit, nat\u00fcrlicher Wei\u00dfgrad), die von Kunstverlagen sehr gesch\u00e4tzt werden!<\/strong><\/span><\/span><\/h3><\/div>[vc_column_text el_class=&#8221;justify&#8221;]<strong>Es wird auf einer Rundsiebmaschine hergestellt (traditionelles Verfahren) :<\/strong>und erh\u00e4lt dadurch eine Qualit\u00e4t \u00e4hnlich der von handgesch\u00f6pftem Papier. Durch die langsame Drehung des Zylinders setzen sich die Fasern gleichm\u00e4\u00dfig ab und verteilen sich in alle Richtungen auf dem Gewebe. Das Papier ist daher homogen und weist eine hohe Dimensionsstabilit\u00e4t auf. Nur die Herstellung mit dem Rundsieb erm\u00f6glicht es, Papiere mit faserigem B\u00fcttenrand zu erhalten.[\/vc_column_text][vc_empty_space height=&#8221;55px&#8221;][\/vc_column][\/vc_row][vc_row][vc_column]<style>.ld_spacer_6a01f86d0a242{height:150px;}<\/style>\n<div class=\"ld-empty-space ld_spacer_6a01f86d0a242\"><span class=\"liquid_empty_space_inner\"><\/span><\/div>[\/vc_column][\/vc_row][vc_row el_class=&#8221;line-left&#8221;][vc_column]<style>.ld_fancy_heading_6a01f86d0a2fb h1 {padding-bottom:0px !important;  } .ld_fancy_heading_6a01f86d0a2fb h1 {margin-bottom:0px !important;  } .ld_fancy_heading_6a01f86d0a2fb .lqd-highlight-inner{height:0.275em;bottom:0px;}.ld_fancy_heading_6a01f86d0a2fb h1 {padding-bottom:0px !important;  } .ld_fancy_heading_6a01f86d0a2fb h1 {margin-bottom:0px !important;  } <\/style><div class=\"ld-fancy-heading text-left text-uppercase ld_fancy_heading_6a01f86d0a2fb\">\n\t<h1 class=\"lqd-highlight-underline lqd-highlight-grow-left\" ><span class=\"ld-fh-txt\"> Eigenschaften<\/span><\/h1><\/div>[\/vc_column][\/vc_row][vc_row][vc_column]<style>.ld_spacer_6a01f86d0a3c2{height:150px;}<\/style>\n<div class=\"ld-empty-space ld_spacer_6a01f86d0a3c2\"><span class=\"liquid_empty_space_inner\"><\/span><\/div>[\/vc_column][\/vc_row][vc_row gap=&#8221;35&#8243;][vc_column width=&#8221;1\/3&#8243;][vc_column_text css_animation=&#8221;bounceInUp&#8221;]<\/p>\n<h3 style=\"text-align: center;\">Verwendung<\/h3>\n<p style=\"text-align: center;\">Tiefdruck, Hochdruck, Linolschnitt, Lithografie, Siebdruck, Typografie, Hei\u00dfpr\u00e4gung, Pr\u00e4gedruck, Hei\u00dffolienpr\u00e4gung<\/p>\n<p>[\/vc_column_text][\/vc_column][vc_column width=&#8221;1\/3&#8243;][vc_column_text css_animation=&#8221;bounceInUp&#8221;]<\/p>\n<h3 style=\"text-align: center;\">Format<\/h3>\n<p style=\"text-align: center;\">B\u00f6gen<\/p>\n<p>[\/vc_column_text][\/vc_column][vc_column width=&#8221;1\/3&#8243;][vc_column_text css_animation=&#8221;bounceInUp&#8221;]<\/p>\n<h3 style=\"text-align: center;\">75 % Baumwolle \/ 25 % Alfa<\/h3>\n<p style=\"text-align: center;\">Alfa ist eine Grasstaude, die zu Beginn des 20. Jahrhunderts eine bedeutende Entwicklung erfahren hat. Ihre kurzen Fasern erm\u00f6glichen die Herstellung von hochwertigem Papier: Die gleichm\u00e4\u00dfige Durchsicht, die gute Opazit\u00e4t und die F\u00fclle eignen sich ideal f\u00fcr die Herstellung von Kunstb\u00fcchern und Kunstdrucken.<\/p>\n<p>[\/vc_column_text][\/vc_column][\/vc_row][vc_row][vc_column][vc_empty_space][\/vc_column][\/vc_row][vc_row gap=&#8221;35&#8243;][vc_column width=&#8221;1\/3&#8243;][vc_column_text css_animation=&#8221;bounceInUp&#8221; el_class=&#8221;justify&#8221;]<\/p>\n<h3 style=\"text-align: center;\">Textur<\/h3>\n<p style=\"text-align: center;\">Leichtes Feinkorn. Durch seine Weichheit entstehen scharfe und detaillierte Bilder.<\/p>\n<p>[\/vc_column_text][\/vc_column][vc_column width=&#8221;1\/3&#8243;][vc_column_text css_animation=&#8221;bounceInUp&#8221; el_class=&#8221;justify&#8221;]<\/p>\n<h3 style=\"text-align: center;\">125, 240 g\/m\u00b2<\/h3>\n<p style=\"text-align: center;\">Sehr griffig. Hervorragend geeignet f\u00fcr Tiefdruck, Pr\u00e4gedruck und Hei\u00dffolienpr\u00e4gung.<\/p>\n<p>[\/vc_column_text][\/vc_column][vc_column width=&#8221;1\/3&#8243;][vc_column_text css_animation=&#8221;bounceInUp&#8221; el_class=&#8221;justify&#8221;]<\/p>\n<h3 style=\"text-align: center;\">Spezielle Formulierung<\/h3>\n<p style=\"text-align: center;\">Leicht geleimt, ideal f\u00fcr Tief- und Hochdruck.<\/p>\n<p>[\/vc_column_text][\/vc_column][\/vc_row][vc_row][vc_column][vc_empty_space][\/vc_column][\/vc_row][vc_row][vc_column width=&#8221;1\/3&#8243;][vc_column_text css_animation=&#8221;bounceInUp&#8221;]<\/p>\n<h3 style=\"text-align: center;\">Farbe<\/h3>\n<p style=\"text-align: center;\">Naturwei\u00df. Bei den Kunstverlagen sehr beliebter Farbton.<\/p>\n<p>[\/vc_column_text][\/vc_column][vc_column width=&#8221;1\/3&#8243;][vc_column_text css_animation=&#8221;bounceInUp&#8221;]<\/p>\n<h3 style=\"text-align: center;\">Bogen: Authentizit\u00e4t und Prestige<\/h3>\n<p style=\"text-align: center;\">B\u00fcttenr\u00e4nder<\/p>\n<p style=\"text-align: center;\">Wasserzeichen<br \/>\n<img decoding=\"async\" class=\"alignnone wp-image-14595 size-medium\" src=\"https:\/\/arches-papers.com\/wp-content\/uploads\/2019\/11\/filigrane-johannot-320x75-300x70.png\" alt=\"\" width=\"300\" height=\"70\" srcset=\"https:\/\/arches-papers.com\/wp-content\/uploads\/2019\/11\/filigrane-johannot-320x75-300x70.png 300w, https:\/\/arches-papers.com\/wp-content\/uploads\/2019\/11\/filigrane-johannot-320x75.png 320w\" sizes=\"(max-width: 300px) 100vw, 300px\" \/><\/p>\n<p>[\/vc_column_text][\/vc_column][vc_column width=&#8221;1\/3&#8243;][vc_column_text css_animation=&#8221;bounceInUp&#8221;]<\/p>\n<h3 style=\"text-align: center;\">Aufbewahrung<\/h3>\n<p style=\"text-align: center;\">Mit alkalischer Reserve, ohne S\u00e4ure oder optische Aufheller (alterungsbest\u00e4ndig nach ISO 9706)<\/p>\n<p>[\/vc_column_text][\/vc_column][\/vc_row][vc_row][vc_column][vc_empty_space][\/vc_column][\/vc_row][vc_row el_class=&#8221;line-left&#8221;][vc_column]<style>.ld_fancy_heading_6a01f86d0a461 h1 {padding-bottom:0px !important;  } .ld_fancy_heading_6a01f86d0a461 h1 {margin-bottom:0px !important;  } .ld_fancy_heading_6a01f86d0a461 .lqd-highlight-inner{height:0.275em;bottom:0px;}.ld_fancy_heading_6a01f86d0a461 h1 {padding-bottom:0px !important;  } .ld_fancy_heading_6a01f86d0a461 h1 {margin-bottom:0px !important;  } <\/style><div class=\"ld-fancy-heading text-left text-uppercase ld_fancy_heading_6a01f86d0a461\">\n\t<h1 class=\"lqd-highlight-underline lqd-highlight-grow-left\" ><span class=\"ld-fh-txt\"> <span style=\"font-size: 26px\">Das <\/span>Sortiment<\/span><\/h1><\/div>[\/vc_column][\/vc_row][vc_row][vc_column]<style>.ld_spacer_6a01f86d0a534{height:150px;}<\/style>\n<div class=\"ld-empty-space ld_spacer_6a01f86d0a534\"><span class=\"liquid_empty_space_inner\"><\/span><\/div>[vc_column_text]Fertigung auf Bestellung. Bitte erkundigen Sie sich bei Ihrem lokalen Ansprechpartner nach den Modalit\u00e4ten.[\/vc_column_text]<style>.ld_spacer_6a01f86d0a582{height:50px;}<\/style>\n<div class=\"ld-empty-space ld_spacer_6a01f86d0a582\"><span class=\"liquid_empty_space_inner\"><\/span><\/div>[\/vc_column][\/vc_row][vc_row][vc_column css=&#8221;.vc_custom_1565519509512{background-color: #ffffff !important;}&#8221; el_class=&#8221;box-shadow&#8221;][vc_single_image image=&#8221;17623&#8243; img_size=&#8221;full&#8221; alignment=&#8221;center&#8221; css=&#8221;.vc_custom_1623145334667{margin-bottom: 5px !important;}&#8221;][vc_column_text css=&#8221;.vc_custom_1623145358382{margin-bottom: 15px !important;}&#8221;]<\/p>\n<h4 style=\"text-align: center;\"><span style=\"color: #d0303d;\">Bogen<\/span><\/h4>\n<p>[\/vc_column_text][vc_column_text]\n<table id=\"tablepress-139\" class=\"tablepress tablepress-id-139\">\n<thead>\n<tr class=\"row-1\">\n\t<th class=\"column-1\">Fl\u00e4chengewicht<\/th><th class=\"column-2\">Textur<\/th><th class=\"column-3\">Farbe<\/th><th class=\"column-4\">Format<\/th><th class=\"column-5\">R\u00e4nder<\/th><th class=\"column-6\">Anz. B\u00f6gen<\/th><th class=\"column-7\">Art.-Nr.<\/th>\n<\/tr>\n<\/thead>\n<tbody class=\"row-striping row-hover\">\n<tr class=\"row-2\">\n\t<td class=\"column-1\">125 g\/m\u00b2<\/td><td class=\"column-2\">Fein<\/td><td class=\"column-3\">Wei\u00df<\/td><td class=\"column-4\">65 x 50 cm<\/td><td class=\"column-5\">4 B\u00fcttenr\u00e4nder<\/td><td class=\"column-6\">125<\/td><td class=\"column-7\">A1795182<\/td>\n<\/tr>\n<tr class=\"row-3\">\n\t<td class=\"column-1\">240 g\/m\u00b2<\/td><td class=\"column-2\">Fein<\/td><td class=\"column-3\">Wei\u00df<\/td><td class=\"column-4\">56 x 76 cm<\/td><td class=\"column-5\">4 B\u00fcttenr\u00e4nder<\/td><td class=\"column-6\">100<\/td><td class=\"column-7\">A1795158<\/td>\n<\/tr>\n<\/tbody>\n<\/table>\n<!-- #tablepress-139 from cache -->[\/vc_column_text][\/vc_column][\/vc_row][vc_row][vc_column width=&#8221;2\/3&#8243;][vc_empty_space][vc_column_text]<img decoding=\"async\" class=\" wp-image-15145 alignleft\" src=\"https:\/\/arches-papers.com\/wp-content\/uploads\/2020\/02\/puce-info.png\" alt=\"\" width=\"24\" height=\"24\" \/><em>Nicht alle unsere Verkaufsstellen f\u00fchren alle unsere Produkte. Bitte pr\u00fcfen Sie die Verf\u00fcgbarkeit des gew\u00fcnschten Artikels bei Ihrem \u00f6rtlichen H\u00e4ndler, der Sie beraten kann.<\/em>[\/vc_column_text][vc_empty_space][\/vc_column][vc_column width=&#8221;1\/3&#8243;][\/vc_column][\/vc_row]<\/p>\n<\/div>","protected":false},"excerpt":{"rendered":"[vc_row][vc_column][vc_empty_space height=&#8221;100&#8243;][\/vc_column][\/vc_row][vc_row el_class=&#8221;line-right&#8221;][vc_column][vc_empty_space height=&#8221;50px&#8221;][\/vc_column][\/vc_row][vc_row equal_height=&#8221;yes&#8221; content_placement=&#8221;middle&#8221;][vc_column width=&#8221;2\/3&#8243;][vc_single_image image=&#8221;16875&#8243; img_size=&#8221;large&#8221; css_animation=&#8221;none&#8221;][\/vc_column][vc_column width=&#8221;1\/3&#8243;][vc_column_text el_class=&#8221;justify&#8221;]Es wird auf einer&#8230;","protected":false},"author":4,"featured_media":16875,"parent":17719,"menu_order":4,"comment_status":"closed","ping_status":"closed","template":"","meta":{"footnotes":""},"tags":[],"class_list":["post-17558","page","type-page","status-publish","has-post-thumbnail","hentry"],"yoast_head":"<!-- This site is optimized with the Yoast SEO plugin v27.1.1 - https:\/\/yoast.com\/product\/yoast-seo-wordpress\/ -->\n<title>Velin Johannot\u00ae - Arches Papers<\/title>\n<meta name=\"description\" content=\"Das leicht geklebte, aus Alfa und Baumwolle bestehende Papier Velin Johannot ist ideal f\u00fcr alle Tief- und Hochdrucktechniken. Durch seine Weichheit entstehen scharfe und detaillierte Bilder. Es wird auch f\u00fcr Lithografie, Siebdruck, Typografie, Hei\u00dfpr\u00e4gung, Pr\u00e4gedruck oder Hei\u00dffolienpr\u00e4gung verwendet.\" \/>\n<meta name=\"robots\" content=\"index, follow, max-snippet:-1, max-image-preview:large, max-video-preview:-1\" \/>\n<link rel=\"canonical\" href=\"https:\/\/arches-papers.com\/de\/das-arches-papier-sortiment\/kunstdrucke\/velin-johannot\/\" \/>\n<meta property=\"og:locale\" content=\"de_DE\" \/>\n<meta property=\"og:type\" content=\"article\" \/>\n<meta property=\"og:title\" content=\"Velin Johannot\u00ae - Arches Papers\" \/>\n<meta property=\"og:description\" content=\"Das leicht geklebte, aus Alfa und Baumwolle bestehende Papier Velin Johannot ist ideal f\u00fcr alle Tief- und Hochdrucktechniken. Durch seine Weichheit entstehen scharfe und detaillierte Bilder. Es wird auch f\u00fcr Lithografie, Siebdruck, Typografie, Hei\u00dfpr\u00e4gung, Pr\u00e4gedruck oder Hei\u00dffolienpr\u00e4gung verwendet.\" \/>\n<meta property=\"og:url\" content=\"https:\/\/arches-papers.com\/de\/das-arches-papier-sortiment\/kunstdrucke\/velin-johannot\/\" \/>\n<meta property=\"og:site_name\" content=\"Arches Papers\" \/>\n<meta property=\"article:modified_time\" content=\"2024-10-23T11:01:26+00:00\" \/>\n<meta property=\"og:image\" content=\"https:\/\/arches-papers.com\/wp-content\/uploads\/2019\/11\/arches-velin-johannot-720x511.jpg\" \/>\n\t<meta property=\"og:image:width\" content=\"720\" \/>\n\t<meta property=\"og:image:height\" content=\"511\" \/>\n\t<meta property=\"og:image:type\" content=\"image\/jpeg\" \/>\n<meta name=\"twitter:card\" content=\"summary_large_image\" \/>\n<meta name=\"twitter:label1\" content=\"Gesch\u00e4tzte Lesezeit\" \/>\n\t<meta name=\"twitter:data1\" content=\"4\u00a0Minuten\" \/>\n<script type=\"application\/ld+json\" class=\"yoast-schema-graph\">{\"@context\":\"https:\/\/schema.org\",\"@graph\":[{\"@type\":\"WebPage\",\"@id\":\"https:\/\/arches-papers.com\/de\/das-arches-papier-sortiment\/kunstdrucke\/velin-johannot\/\",\"url\":\"https:\/\/arches-papers.com\/de\/das-arches-papier-sortiment\/kunstdrucke\/velin-johannot\/\",\"name\":\"Velin Johannot\u00ae - Arches Papers\",\"isPartOf\":{\"@id\":\"https:\/\/arches-papers.com\/de\/#website\"},\"primaryImageOfPage\":{\"@id\":\"https:\/\/arches-papers.com\/de\/das-arches-papier-sortiment\/kunstdrucke\/velin-johannot\/#primaryimage\"},\"image\":{\"@id\":\"https:\/\/arches-papers.com\/de\/das-arches-papier-sortiment\/kunstdrucke\/velin-johannot\/#primaryimage\"},\"thumbnailUrl\":\"https:\/\/arches-papers.com\/wp-content\/uploads\/2019\/11\/arches-velin-johannot-720x511.jpg\",\"datePublished\":\"2019-11-27T12:37:53+00:00\",\"dateModified\":\"2024-10-23T11:01:26+00:00\",\"description\":\"Das leicht geklebte, aus Alfa und Baumwolle bestehende Papier Velin Johannot ist ideal f\u00fcr alle Tief- und Hochdrucktechniken. Durch seine Weichheit entstehen scharfe und detaillierte Bilder. Es wird auch f\u00fcr Lithografie, Siebdruck, Typografie, Hei\u00dfpr\u00e4gung, Pr\u00e4gedruck oder Hei\u00dffolienpr\u00e4gung verwendet.\",\"breadcrumb\":{\"@id\":\"https:\/\/arches-papers.com\/de\/das-arches-papier-sortiment\/kunstdrucke\/velin-johannot\/#breadcrumb\"},\"inLanguage\":\"de\",\"potentialAction\":[{\"@type\":\"ReadAction\",\"target\":[\"https:\/\/arches-papers.com\/de\/das-arches-papier-sortiment\/kunstdrucke\/velin-johannot\/\"]}]},{\"@type\":\"ImageObject\",\"inLanguage\":\"de\",\"@id\":\"https:\/\/arches-papers.com\/de\/das-arches-papier-sortiment\/kunstdrucke\/velin-johannot\/#primaryimage\",\"url\":\"https:\/\/arches-papers.com\/wp-content\/uploads\/2019\/11\/arches-velin-johannot-720x511.jpg\",\"contentUrl\":\"https:\/\/arches-papers.com\/wp-content\/uploads\/2019\/11\/arches-velin-johannot-720x511.jpg\",\"width\":720,\"height\":511,\"caption\":\"papier Velin Johannot\"},{\"@type\":\"BreadcrumbList\",\"@id\":\"https:\/\/arches-papers.com\/de\/das-arches-papier-sortiment\/kunstdrucke\/velin-johannot\/#breadcrumb\",\"itemListElement\":[{\"@type\":\"ListItem\",\"position\":1,\"name\":\"Accueil\",\"item\":\"https:\/\/arches-papers.com\/de\/\"},{\"@type\":\"ListItem\",\"position\":2,\"name\":\"DAS ARCHES\u00ae PAPIER-SORTIMENT\",\"item\":\"https:\/\/arches-papers.com\/de\/das-arches-papier-sortiment\/\"},{\"@type\":\"ListItem\",\"position\":3,\"name\":\"Kunstdrucke\",\"item\":\"https:\/\/arches-papers.com\/de\/das-arches-papier-sortiment\/kunstdrucke\/\"},{\"@type\":\"ListItem\",\"position\":4,\"name\":\"Velin Johannot\u00ae\"}]},{\"@type\":\"WebSite\",\"@id\":\"https:\/\/arches-papers.com\/de\/#website\",\"url\":\"https:\/\/arches-papers.com\/de\/\",\"name\":\"Arches Papers\",\"description\":\"Fabricant de papier\",\"potentialAction\":[{\"@type\":\"SearchAction\",\"target\":{\"@type\":\"EntryPoint\",\"urlTemplate\":\"https:\/\/arches-papers.com\/de\/?s={search_term_string}\"},\"query-input\":{\"@type\":\"PropertyValueSpecification\",\"valueRequired\":true,\"valueName\":\"search_term_string\"}}],\"inLanguage\":\"de\"}]}<\/script>\n<!-- \/ Yoast SEO plugin. -->","yoast_head_json":{"title":"Velin Johannot\u00ae - Arches Papers","description":"Das leicht geklebte, aus Alfa und Baumwolle bestehende Papier Velin Johannot ist ideal f\u00fcr alle Tief- und Hochdrucktechniken. Durch seine Weichheit entstehen scharfe und detaillierte Bilder. Es wird auch f\u00fcr Lithografie, Siebdruck, Typografie, Hei\u00dfpr\u00e4gung, Pr\u00e4gedruck oder Hei\u00dffolienpr\u00e4gung verwendet.","robots":{"index":"index","follow":"follow","max-snippet":"max-snippet:-1","max-image-preview":"max-image-preview:large","max-video-preview":"max-video-preview:-1"},"canonical":"https:\/\/arches-papers.com\/de\/das-arches-papier-sortiment\/kunstdrucke\/velin-johannot\/","og_locale":"de_DE","og_type":"article","og_title":"Velin Johannot\u00ae - Arches Papers","og_description":"Das leicht geklebte, aus Alfa und Baumwolle bestehende Papier Velin Johannot ist ideal f\u00fcr alle Tief- und Hochdrucktechniken. Durch seine Weichheit entstehen scharfe und detaillierte Bilder. Es wird auch f\u00fcr Lithografie, Siebdruck, Typografie, Hei\u00dfpr\u00e4gung, Pr\u00e4gedruck oder Hei\u00dffolienpr\u00e4gung verwendet.","og_url":"https:\/\/arches-papers.com\/de\/das-arches-papier-sortiment\/kunstdrucke\/velin-johannot\/","og_site_name":"Arches Papers","article_modified_time":"2024-10-23T11:01:26+00:00","og_image":[{"width":720,"height":511,"url":"https:\/\/arches-papers.com\/wp-content\/uploads\/2019\/11\/arches-velin-johannot-720x511.jpg","type":"image\/jpeg"}],"twitter_card":"summary_large_image","twitter_misc":{"Gesch\u00e4tzte Lesezeit":"4\u00a0Minuten"},"schema":{"@context":"https:\/\/schema.org","@graph":[{"@type":"WebPage","@id":"https:\/\/arches-papers.com\/de\/das-arches-papier-sortiment\/kunstdrucke\/velin-johannot\/","url":"https:\/\/arches-papers.com\/de\/das-arches-papier-sortiment\/kunstdrucke\/velin-johannot\/","name":"Velin Johannot\u00ae - Arches Papers","isPartOf":{"@id":"https:\/\/arches-papers.com\/de\/#website"},"primaryImageOfPage":{"@id":"https:\/\/arches-papers.com\/de\/das-arches-papier-sortiment\/kunstdrucke\/velin-johannot\/#primaryimage"},"image":{"@id":"https:\/\/arches-papers.com\/de\/das-arches-papier-sortiment\/kunstdrucke\/velin-johannot\/#primaryimage"},"thumbnailUrl":"https:\/\/arches-papers.com\/wp-content\/uploads\/2019\/11\/arches-velin-johannot-720x511.jpg","datePublished":"2019-11-27T12:37:53+00:00","dateModified":"2024-10-23T11:01:26+00:00","description":"Das leicht geklebte, aus Alfa und Baumwolle bestehende Papier Velin Johannot ist ideal f\u00fcr alle Tief- und Hochdrucktechniken. Durch seine Weichheit entstehen scharfe und detaillierte Bilder. Es wird auch f\u00fcr Lithografie, Siebdruck, Typografie, Hei\u00dfpr\u00e4gung, Pr\u00e4gedruck oder Hei\u00dffolienpr\u00e4gung verwendet.","breadcrumb":{"@id":"https:\/\/arches-papers.com\/de\/das-arches-papier-sortiment\/kunstdrucke\/velin-johannot\/#breadcrumb"},"inLanguage":"de","potentialAction":[{"@type":"ReadAction","target":["https:\/\/arches-papers.com\/de\/das-arches-papier-sortiment\/kunstdrucke\/velin-johannot\/"]}]},{"@type":"ImageObject","inLanguage":"de","@id":"https:\/\/arches-papers.com\/de\/das-arches-papier-sortiment\/kunstdrucke\/velin-johannot\/#primaryimage","url":"https:\/\/arches-papers.com\/wp-content\/uploads\/2019\/11\/arches-velin-johannot-720x511.jpg","contentUrl":"https:\/\/arches-papers.com\/wp-content\/uploads\/2019\/11\/arches-velin-johannot-720x511.jpg","width":720,"height":511,"caption":"papier Velin Johannot"},{"@type":"BreadcrumbList","@id":"https:\/\/arches-papers.com\/de\/das-arches-papier-sortiment\/kunstdrucke\/velin-johannot\/#breadcrumb","itemListElement":[{"@type":"ListItem","position":1,"name":"Accueil","item":"https:\/\/arches-papers.com\/de\/"},{"@type":"ListItem","position":2,"name":"DAS ARCHES\u00ae PAPIER-SORTIMENT","item":"https:\/\/arches-papers.com\/de\/das-arches-papier-sortiment\/"},{"@type":"ListItem","position":3,"name":"Kunstdrucke","item":"https:\/\/arches-papers.com\/de\/das-arches-papier-sortiment\/kunstdrucke\/"},{"@type":"ListItem","position":4,"name":"Velin Johannot\u00ae"}]},{"@type":"WebSite","@id":"https:\/\/arches-papers.com\/de\/#website","url":"https:\/\/arches-papers.com\/de\/","name":"Arches Papers","description":"Fabricant de papier","potentialAction":[{"@type":"SearchAction","target":{"@type":"EntryPoint","urlTemplate":"https:\/\/arches-papers.com\/de\/?s={search_term_string}"},"query-input":{"@type":"PropertyValueSpecification","valueRequired":true,"valueName":"search_term_string"}}],"inLanguage":"de"}]}},"_links":{"self":[{"href":"https:\/\/arches-papers.com\/de\/wp-json\/wp\/v2\/pages\/17558","targetHints":{"allow":["GET"]}}],"collection":[{"href":"https:\/\/arches-papers.com\/de\/wp-json\/wp\/v2\/pages"}],"about":[{"href":"https:\/\/arches-papers.com\/de\/wp-json\/wp\/v2\/types\/page"}],"author":[{"embeddable":true,"href":"https:\/\/arches-papers.com\/de\/wp-json\/wp\/v2\/users\/4"}],"replies":[{"embeddable":true,"href":"https:\/\/arches-papers.com\/de\/wp-json\/wp\/v2\/comments?post=17558"}],"version-history":[{"count":0,"href":"https:\/\/arches-papers.com\/de\/wp-json\/wp\/v2\/pages\/17558\/revisions"}],"up":[{"embeddable":true,"href":"https:\/\/arches-papers.com\/de\/wp-json\/wp\/v2\/pages\/17719"}],"wp:featuredmedia":[{"embeddable":true,"href":"https:\/\/arches-papers.com\/de\/wp-json\/wp\/v2\/media\/16875"}],"wp:attachment":[{"href":"https:\/\/arches-papers.com\/de\/wp-json\/wp\/v2\/media?parent=17558"}],"wp:term":[{"taxonomy":"post_tag","embeddable":true,"href":"https:\/\/arches-papers.com\/de\/wp-json\/wp\/v2\/tags?post=17558"}],"curies":[{"name":"wp","href":"https:\/\/api.w.org\/{rel}","templated":true}]}}