{"id":17568,"date":"2019-11-27T13:57:05","date_gmt":"2019-11-27T12:57:05","guid":{"rendered":"https:\/\/biatocd.cluster020.hosting.ovh.net\/moulin-du-gue\/"},"modified":"2024-10-23T14:05:50","modified_gmt":"2024-10-23T12:05:50","slug":"moulin-du-gue","status":"publish","type":"page","link":"https:\/\/arches-papers.com\/de\/das-arches-papier-sortiment\/kunstdrucke\/moulin-du-gue\/","title":{"rendered":"Moulin du Gu\u00e9<sup>\u00ae<\/sup>"},"content":{"rendered":"<div class=\"wpb-content-wrapper\"><p>[vc_row][vc_column][vc_empty_space height=&#8221;100px&#8221;][\/vc_column][\/vc_row][vc_row el_class=&#8221;line-right&#8221;][vc_column]<style>.ld_fancy_heading_6a01f94204c1b h2 {padding-bottom:0px !important;  } .ld_fancy_heading_6a01f94204c1b h2 {margin-bottom:0px !important;  } .ld_fancy_heading_6a01f94204c1b .lqd-highlight-inner{height:0.275em;bottom:0px;}.ld_fancy_heading_6a01f94204c1b h2 {padding-bottom:0px !important;  } .ld_fancy_heading_6a01f94204c1b h2 {margin-bottom:0px !important;  } <\/style><div class=\"ld-fancy-heading text-right text-uppercase ld_fancy_heading_6a01f94204c1b\">\n\t<h2 class=\"lqd-highlight-underline lqd-highlight-grow-left\" ><span class=\"ld-fh-txt\"> <span style=\"font-size: 16px\">Hergestellt aus <\/span><span style=\"font-size: 70px\"><strong>Leinen und Baumwolle<\/strong><\/span><\/span><\/h2><\/div>[vc_empty_space height=&#8221;50px&#8221;][\/vc_column][\/vc_row][vc_row equal_height=&#8221;yes&#8221; content_placement=&#8221;middle&#8221;][vc_column width=&#8221;2\/3&#8243; css=&#8221;.vc_custom_1585749800479{margin-top: 50px !important;}&#8221;][vc_single_image image=&#8221;17570&#8243; img_size=&#8221;large&#8221; css_animation=&#8221;fadeInLeft&#8221;][\/vc_column][vc_column width=&#8221;1\/3&#8243;]<style>.ld_fancy_heading_6a01f94204e75 .lqd-highlight-inner{height:0.275em;bottom:0px;}<\/style><div class=\"ld-fancy-heading text-left ld_fancy_heading_6a01f94204e75\">\n\t<h3 class=\"lqd-highlight-underline lqd-highlight-grow-left\" ><span class=\"ld-fh-txt\"> <span style=\"font-size: 21px\"><strong>sehr widerstandsf\u00e4hig, Seine wolkige Durchsicht und die unregelm\u00e4\u00dfige K\u00f6rnung lassen es wie handgesch\u00f6pftes Papier aussehen!<\/strong><\/span><\/span><\/h3><\/div>[vc_column_text css_animation=&#8221;fadeInUp&#8221; el_class=&#8221;justify&#8221;]<strong>Es wird auf einer Rundsiebmaschine hergestellt (traditionelles Verfahren) :<\/strong> und erh\u00e4lt dadurch eine Qualit\u00e4t \u00e4hnlich der von handgesch\u00f6pftem Papier. Durch die langsame Drehung des Zylinders setzen sich die Fasern gleichm\u00e4\u00dfig ab und verteilen sich in alle Richtungen auf dem Gewebe. Das Papier ist daher homogen und weist eine hohe Dimensionsstabilit\u00e4t auf. Nur die Herstellung mit dem Rundsieb erm\u00f6glicht es, Papiere mit faserigem B\u00fcttenrand zu erhalten.[\/vc_column_text][vc_empty_space height=&#8221;25px&#8221;][\/vc_column][\/vc_row][vc_row][vc_column]<style>.ld_spacer_6a01f94204f80{height:150px;}<\/style>\n<div class=\"ld-empty-space ld_spacer_6a01f94204f80\"><span class=\"liquid_empty_space_inner\"><\/span><\/div>[\/vc_column][\/vc_row][vc_row el_class=&#8221;line-left&#8221;][vc_column]<style>.ld_fancy_heading_6a01f9420504b h1 {padding-bottom:0px !important;  } .ld_fancy_heading_6a01f9420504b h1 {margin-bottom:0px !important;  } .ld_fancy_heading_6a01f9420504b .lqd-highlight-inner{height:0.275em;bottom:0px;}.ld_fancy_heading_6a01f9420504b h1 {padding-bottom:0px !important;  } .ld_fancy_heading_6a01f9420504b h1 {margin-bottom:0px !important;  } <\/style><div class=\"ld-fancy-heading text-left text-uppercase ld_fancy_heading_6a01f9420504b\">\n\t<h1 class=\"lqd-highlight-underline lqd-highlight-grow-left\" ><span class=\"ld-fh-txt\"> Eigenschaften<\/span><\/h1><\/div>[\/vc_column][\/vc_row][vc_row][vc_column]<style>.ld_spacer_6a01f94205106{height:150px;}<\/style>\n<div class=\"ld-empty-space ld_spacer_6a01f94205106\"><span class=\"liquid_empty_space_inner\"><\/span><\/div>[\/vc_column][\/vc_row][vc_row gap=&#8221;35&#8243; enable_content_animation=&#8221;yes&#8221; animation_preset=&#8221;Fade In Up&#8221;][vc_column width=&#8221;1\/3&#8243;][vc_column_text css_animation=&#8221;bounceInUp&#8221;]<\/p>\n<h3 style=\"text-align: center;\">Verwendung<\/h3>\n<p style=\"text-align: center;\">Tiefdruck, Hochdruck, Linolschnitt, Lithografie, Siebdruck, Typografie, Hei\u00dfpr\u00e4gung, Pr\u00e4gedruck, Hei\u00dffolienpr\u00e4gung<\/p>\n<p>[\/vc_column_text][\/vc_column][vc_column width=&#8221;1\/3&#8243;][vc_column_text css_animation=&#8221;bounceInUp&#8221;]<\/p>\n<h3 style=\"text-align: center;\">Formate<\/h3>\n<p style=\"text-align: center;\">B\u00f6gen, Rollen<\/p>\n<p>[\/vc_column_text][\/vc_column][vc_column width=&#8221;1\/3&#8243;][vc_column_text css_animation=&#8221;bounceInUp&#8221;]<\/p>\n<h3 style=\"text-align: center;\">85 % Baumwolle \/ 15 % Leinen<\/h3>\n<p style=\"text-align: center;\">Flachs oder Lein wird in Europa seit den Anf\u00e4ngen der Papierherstellung als Rohstoff verwendet. Diese einj\u00e4hrige Pflanze besitzt sehr lange Fasern, die lange verarbeitet werden k\u00f6nnen und dem Papier eine hohe Festigkeit und Elastizit\u00e4t verleihen.<\/p>\n<p>[\/vc_column_text][\/vc_column][\/vc_row][vc_row][vc_column][vc_empty_space][\/vc_column][\/vc_row][vc_row gap=&#8221;35&#8243; enable_content_animation=&#8221;yes&#8221; animation_preset=&#8221;Fade In Up&#8221;][vc_column width=&#8221;1\/3&#8243;][vc_column_text css_animation=&#8221;bounceInUp&#8221; el_class=&#8221;justify&#8221;]<\/p>\n<h3 style=\"text-align: center;\">Textur<\/h3>\n<p style=\"text-align: center;\">Unregelm\u00e4\u00dfige K\u00f6rnung, wolkige Durchsicht.<\/p>\n<p>[\/vc_column_text][\/vc_column][vc_column width=&#8221;1\/3&#8243;][vc_column_text css_animation=&#8221;bounceInUp&#8221; el_class=&#8221;justify&#8221;]<\/p>\n<h3 style=\"text-align: center;\">270, 300 g\/m\u00b2<\/h3>\n<p style=\"text-align: center;\">Sehr griffig, eignet sich hervorragend f\u00fcr den Pr\u00e4gedruck.<\/p>\n<p>[\/vc_column_text][\/vc_column][vc_column width=&#8221;1\/3&#8243;][vc_column_text css_animation=&#8221;bounceInUp&#8221; el_class=&#8221;justify&#8221;]<\/p>\n<h3 style=\"text-align: center;\">Spezielle Formulierung<\/h3>\n<p style=\"text-align: center;\">Moulin du Gu\u00e9\u00ae unterscheidet sich durch seine sehr spezifische und einzigartige Durchsicht und durch sein ausgesprochen \u201ehandgesch\u00f6pft\u201c wirkendes Finish von den anderen Papieren von ARCHES\u00ae.<\/p>\n<p>[\/vc_column_text][\/vc_column][\/vc_row][vc_row][vc_column][vc_empty_space][\/vc_column][\/vc_row][vc_row enable_content_animation=&#8221;yes&#8221; animation_preset=&#8221;Fade In Up&#8221;][vc_column width=&#8221;1\/3&#8243;][vc_column_text css_animation=&#8221;bounceInUp&#8221;]<\/p>\n<h3 style=\"text-align: center;\">Farbe<\/h3>\n<p style=\"text-align: center;\">Wei\u00df<\/p>\n<p>[\/vc_column_text][\/vc_column][vc_column width=&#8221;1\/3&#8243;][vc_column_text css_animation=&#8221;bounceInUp&#8221;]<\/p>\n<h3 style=\"text-align: center;\">Bogen: Authentizit\u00e4t und Prestige<\/h3>\n<p style=\"text-align: center;\">B\u00fcttenr\u00e4nder<\/p>\n<p style=\"text-align: center;\">Wasserzeichen<br \/>\n<img decoding=\"async\" class=\"alignnone wp-image-14618 size-medium\" src=\"https:\/\/arches-papers.com\/wp-content\/uploads\/2019\/11\/filigrane-moulin-du-gue-320x36-300x34.png\" alt=\"\" width=\"300\" height=\"34\" srcset=\"https:\/\/arches-papers.com\/wp-content\/uploads\/2019\/11\/filigrane-moulin-du-gue-320x36-300x34.png 300w, https:\/\/arches-papers.com\/wp-content\/uploads\/2019\/11\/filigrane-moulin-du-gue-320x36.png 320w\" sizes=\"(max-width: 300px) 100vw, 300px\" \/><\/p>\n<p>[\/vc_column_text][\/vc_column][vc_column width=&#8221;1\/3&#8243;][vc_column_text css_animation=&#8221;bounceInUp&#8221;]<\/p>\n<h3 style=\"text-align: center;\">Aufbewahrung<\/h3>\n<p style=\"text-align: center;\">Mit alkalischer Reserve, ohne S\u00e4ure oder optische Aufheller (alterungsbest\u00e4ndig nach ISO 9706)<\/p>\n<p>[\/vc_column_text][\/vc_column][\/vc_row][vc_row][vc_column][vc_empty_space][\/vc_column][\/vc_row][vc_row el_class=&#8221;line-left&#8221;][vc_column]<style>.ld_fancy_heading_6a01f942051d2 h1 {padding-bottom:0px !important;  } .ld_fancy_heading_6a01f942051d2 h1 {margin-bottom:0px !important;  } .ld_fancy_heading_6a01f942051d2 .lqd-highlight-inner{height:0.275em;bottom:0px;}.ld_fancy_heading_6a01f942051d2 h1 {padding-bottom:0px !important;  } .ld_fancy_heading_6a01f942051d2 h1 {margin-bottom:0px !important;  } <\/style><div class=\"ld-fancy-heading text-left text-uppercase ld_fancy_heading_6a01f942051d2\">\n\t<\/div>[\/vc_column][\/vc_row][vc_row][vc_column]<style>.ld_spacer_6a01f94205282{height:50px;}<\/style>\n<div class=\"ld-empty-space ld_spacer_6a01f94205282\"><span class=\"liquid_empty_space_inner\"><\/span><\/div>[vc_column_text]<img decoding=\"async\" class=\"alignleft\" src=\"https:\/\/arches-papers.com\/wp-content\/uploads\/2020\/02\/puce-info.png\" width=\"26\" height=\"26\" \/>Das Papier Moulin du Gu\u00e9\u00ae ist nun auf Sonderbestellung erh\u00e4ltlich. Bitte erkundigen Sie sich bei Ihrem lokalen Ansprechpartner nach den Modalit\u00e4ten.[\/vc_column_text]<style>.ld_spacer_6a01f942052d0{height:50px;}<\/style>\n<div class=\"ld-empty-space ld_spacer_6a01f942052d0\"><span class=\"liquid_empty_space_inner\"><\/span><\/div>[\/vc_column][\/vc_row]<\/p>\n<\/div>","protected":false},"excerpt":{"rendered":"[vc_row][vc_column][vc_empty_space height=&#8221;100px&#8221;][\/vc_column][\/vc_row][vc_row el_class=&#8221;line-right&#8221;][vc_column][vc_empty_space height=&#8221;50px&#8221;][\/vc_column][\/vc_row][vc_row equal_height=&#8221;yes&#8221; content_placement=&#8221;middle&#8221;][vc_column width=&#8221;2\/3&#8243; css=&#8221;.vc_custom_1585749800479{margin-top: 50px !important;}&#8221;][vc_single_image image=&#8221;17570&#8243; img_size=&#8221;large&#8221; css_animation=&#8221;fadeInLeft&#8221;][\/vc_column][vc_column width=&#8221;1\/3&#8243;][vc_column_text css_animation=&#8221;fadeInUp&#8221;&#8230;","protected":false},"author":4,"featured_media":17570,"parent":17719,"menu_order":7,"comment_status":"closed","ping_status":"closed","template":"","meta":{"footnotes":""},"tags":[],"class_list":["post-17568","page","type-page","status-publish","has-post-thumbnail","hentry"],"yoast_head":"<!-- This site is optimized with the Yoast SEO plugin v27.1.1 - https:\/\/yoast.com\/product\/yoast-seo-wordpress\/ -->\n<title>Moulin du Gu\u00e9\u00ae - Arches Papers<\/title>\n<meta name=\"description\" content=\"Das aus Leinen und Baumwolle bestehende Papier Moulin du Gu\u00e9 ist sehr widerstandsf\u00e4hig. Seine wolkige Durchsicht und die unregelm\u00e4\u00dfige K\u00f6rnung lassen es wie handgesch\u00f6pftes Papier aussehen. Es eignet sich perfekt f\u00fcr die folgenden Techniken: Tiefdruck, Hochdruck, Linolschnitt, Lithografie, Siebdruck, Typografie, Hei\u00dfpr\u00e4gung, Pr\u00e4gedruck, Hei\u00dffolienpr\u00e4gung.\" \/>\n<meta name=\"robots\" content=\"index, follow, max-snippet:-1, max-image-preview:large, max-video-preview:-1\" \/>\n<link rel=\"canonical\" href=\"https:\/\/arches-papers.com\/de\/das-arches-papier-sortiment\/kunstdrucke\/moulin-du-gue\/\" \/>\n<meta property=\"og:locale\" content=\"de_DE\" \/>\n<meta property=\"og:type\" content=\"article\" \/>\n<meta property=\"og:title\" content=\"Moulin du Gu\u00e9\u00ae - Arches Papers\" \/>\n<meta property=\"og:description\" content=\"Das aus Leinen und Baumwolle bestehende Papier Moulin du Gu\u00e9 ist sehr widerstandsf\u00e4hig. Seine wolkige Durchsicht und die unregelm\u00e4\u00dfige K\u00f6rnung lassen es wie handgesch\u00f6pftes Papier aussehen. Es eignet sich perfekt f\u00fcr die folgenden Techniken: Tiefdruck, Hochdruck, Linolschnitt, Lithografie, Siebdruck, Typografie, Hei\u00dfpr\u00e4gung, Pr\u00e4gedruck, Hei\u00dffolienpr\u00e4gung.\" \/>\n<meta property=\"og:url\" content=\"https:\/\/arches-papers.com\/de\/das-arches-papier-sortiment\/kunstdrucke\/moulin-du-gue\/\" \/>\n<meta property=\"og:site_name\" content=\"Arches Papers\" \/>\n<meta property=\"article:modified_time\" content=\"2024-10-23T12:05:50+00:00\" \/>\n<meta property=\"og:image\" content=\"https:\/\/arches-papers.com\/wp-content\/uploads\/2019\/11\/arches-moulin-du-gue.jpg\" \/>\n\t<meta property=\"og:image:width\" content=\"1680\" \/>\n\t<meta property=\"og:image:height\" content=\"1200\" \/>\n\t<meta property=\"og:image:type\" content=\"image\/jpeg\" \/>\n<meta name=\"twitter:card\" content=\"summary_large_image\" \/>\n<meta name=\"twitter:label1\" content=\"Gesch\u00e4tzte Lesezeit\" \/>\n\t<meta name=\"twitter:data1\" content=\"3\u00a0Minuten\" \/>\n<script type=\"application\/ld+json\" class=\"yoast-schema-graph\">{\"@context\":\"https:\/\/schema.org\",\"@graph\":[{\"@type\":\"WebPage\",\"@id\":\"https:\/\/arches-papers.com\/de\/das-arches-papier-sortiment\/kunstdrucke\/moulin-du-gue\/\",\"url\":\"https:\/\/arches-papers.com\/de\/das-arches-papier-sortiment\/kunstdrucke\/moulin-du-gue\/\",\"name\":\"Moulin du Gu\u00e9\u00ae - Arches Papers\",\"isPartOf\":{\"@id\":\"https:\/\/arches-papers.com\/de\/#website\"},\"primaryImageOfPage\":{\"@id\":\"https:\/\/arches-papers.com\/de\/das-arches-papier-sortiment\/kunstdrucke\/moulin-du-gue\/#primaryimage\"},\"image\":{\"@id\":\"https:\/\/arches-papers.com\/de\/das-arches-papier-sortiment\/kunstdrucke\/moulin-du-gue\/#primaryimage\"},\"thumbnailUrl\":\"https:\/\/arches-papers.com\/wp-content\/uploads\/2019\/11\/arches-moulin-du-gue.jpg\",\"datePublished\":\"2019-11-27T12:57:05+00:00\",\"dateModified\":\"2024-10-23T12:05:50+00:00\",\"description\":\"Das aus Leinen und Baumwolle bestehende Papier Moulin du Gu\u00e9 ist sehr widerstandsf\u00e4hig. Seine wolkige Durchsicht und die unregelm\u00e4\u00dfige K\u00f6rnung lassen es wie handgesch\u00f6pftes Papier aussehen. Es eignet sich perfekt f\u00fcr die folgenden Techniken: Tiefdruck, Hochdruck, Linolschnitt, Lithografie, Siebdruck, Typografie, Hei\u00dfpr\u00e4gung, Pr\u00e4gedruck, Hei\u00dffolienpr\u00e4gung.\",\"breadcrumb\":{\"@id\":\"https:\/\/arches-papers.com\/de\/das-arches-papier-sortiment\/kunstdrucke\/moulin-du-gue\/#breadcrumb\"},\"inLanguage\":\"de\",\"potentialAction\":[{\"@type\":\"ReadAction\",\"target\":[\"https:\/\/arches-papers.com\/de\/das-arches-papier-sortiment\/kunstdrucke\/moulin-du-gue\/\"]}]},{\"@type\":\"ImageObject\",\"inLanguage\":\"de\",\"@id\":\"https:\/\/arches-papers.com\/de\/das-arches-papier-sortiment\/kunstdrucke\/moulin-du-gue\/#primaryimage\",\"url\":\"https:\/\/arches-papers.com\/wp-content\/uploads\/2019\/11\/arches-moulin-du-gue.jpg\",\"contentUrl\":\"https:\/\/arches-papers.com\/wp-content\/uploads\/2019\/11\/arches-moulin-du-gue.jpg\",\"width\":1680,\"height\":1200,\"caption\":\"Moulin du gue paper\"},{\"@type\":\"BreadcrumbList\",\"@id\":\"https:\/\/arches-papers.com\/de\/das-arches-papier-sortiment\/kunstdrucke\/moulin-du-gue\/#breadcrumb\",\"itemListElement\":[{\"@type\":\"ListItem\",\"position\":1,\"name\":\"Accueil\",\"item\":\"https:\/\/arches-papers.com\/de\/\"},{\"@type\":\"ListItem\",\"position\":2,\"name\":\"DAS ARCHES\u00ae PAPIER-SORTIMENT\",\"item\":\"https:\/\/arches-papers.com\/de\/das-arches-papier-sortiment\/\"},{\"@type\":\"ListItem\",\"position\":3,\"name\":\"Kunstdrucke\",\"item\":\"https:\/\/arches-papers.com\/de\/das-arches-papier-sortiment\/kunstdrucke\/\"},{\"@type\":\"ListItem\",\"position\":4,\"name\":\"Moulin du Gu\u00e9\u00ae\"}]},{\"@type\":\"WebSite\",\"@id\":\"https:\/\/arches-papers.com\/de\/#website\",\"url\":\"https:\/\/arches-papers.com\/de\/\",\"name\":\"Arches Papers\",\"description\":\"Fabricant de papier\",\"potentialAction\":[{\"@type\":\"SearchAction\",\"target\":{\"@type\":\"EntryPoint\",\"urlTemplate\":\"https:\/\/arches-papers.com\/de\/?s={search_term_string}\"},\"query-input\":{\"@type\":\"PropertyValueSpecification\",\"valueRequired\":true,\"valueName\":\"search_term_string\"}}],\"inLanguage\":\"de\"}]}<\/script>\n<!-- \/ Yoast SEO plugin. -->","yoast_head_json":{"title":"Moulin du Gu\u00e9\u00ae - Arches Papers","description":"Das aus Leinen und Baumwolle bestehende Papier Moulin du Gu\u00e9 ist sehr widerstandsf\u00e4hig. Seine wolkige Durchsicht und die unregelm\u00e4\u00dfige K\u00f6rnung lassen es wie handgesch\u00f6pftes Papier aussehen. Es eignet sich perfekt f\u00fcr die folgenden Techniken: Tiefdruck, Hochdruck, Linolschnitt, Lithografie, Siebdruck, Typografie, Hei\u00dfpr\u00e4gung, Pr\u00e4gedruck, Hei\u00dffolienpr\u00e4gung.","robots":{"index":"index","follow":"follow","max-snippet":"max-snippet:-1","max-image-preview":"max-image-preview:large","max-video-preview":"max-video-preview:-1"},"canonical":"https:\/\/arches-papers.com\/de\/das-arches-papier-sortiment\/kunstdrucke\/moulin-du-gue\/","og_locale":"de_DE","og_type":"article","og_title":"Moulin du Gu\u00e9\u00ae - Arches Papers","og_description":"Das aus Leinen und Baumwolle bestehende Papier Moulin du Gu\u00e9 ist sehr widerstandsf\u00e4hig. Seine wolkige Durchsicht und die unregelm\u00e4\u00dfige K\u00f6rnung lassen es wie handgesch\u00f6pftes Papier aussehen. Es eignet sich perfekt f\u00fcr die folgenden Techniken: Tiefdruck, Hochdruck, Linolschnitt, Lithografie, Siebdruck, Typografie, Hei\u00dfpr\u00e4gung, Pr\u00e4gedruck, Hei\u00dffolienpr\u00e4gung.","og_url":"https:\/\/arches-papers.com\/de\/das-arches-papier-sortiment\/kunstdrucke\/moulin-du-gue\/","og_site_name":"Arches Papers","article_modified_time":"2024-10-23T12:05:50+00:00","og_image":[{"width":1680,"height":1200,"url":"https:\/\/arches-papers.com\/wp-content\/uploads\/2019\/11\/arches-moulin-du-gue.jpg","type":"image\/jpeg"}],"twitter_card":"summary_large_image","twitter_misc":{"Gesch\u00e4tzte Lesezeit":"3\u00a0Minuten"},"schema":{"@context":"https:\/\/schema.org","@graph":[{"@type":"WebPage","@id":"https:\/\/arches-papers.com\/de\/das-arches-papier-sortiment\/kunstdrucke\/moulin-du-gue\/","url":"https:\/\/arches-papers.com\/de\/das-arches-papier-sortiment\/kunstdrucke\/moulin-du-gue\/","name":"Moulin du Gu\u00e9\u00ae - Arches Papers","isPartOf":{"@id":"https:\/\/arches-papers.com\/de\/#website"},"primaryImageOfPage":{"@id":"https:\/\/arches-papers.com\/de\/das-arches-papier-sortiment\/kunstdrucke\/moulin-du-gue\/#primaryimage"},"image":{"@id":"https:\/\/arches-papers.com\/de\/das-arches-papier-sortiment\/kunstdrucke\/moulin-du-gue\/#primaryimage"},"thumbnailUrl":"https:\/\/arches-papers.com\/wp-content\/uploads\/2019\/11\/arches-moulin-du-gue.jpg","datePublished":"2019-11-27T12:57:05+00:00","dateModified":"2024-10-23T12:05:50+00:00","description":"Das aus Leinen und Baumwolle bestehende Papier Moulin du Gu\u00e9 ist sehr widerstandsf\u00e4hig. Seine wolkige Durchsicht und die unregelm\u00e4\u00dfige K\u00f6rnung lassen es wie handgesch\u00f6pftes Papier aussehen. Es eignet sich perfekt f\u00fcr die folgenden Techniken: Tiefdruck, Hochdruck, Linolschnitt, Lithografie, Siebdruck, Typografie, Hei\u00dfpr\u00e4gung, Pr\u00e4gedruck, Hei\u00dffolienpr\u00e4gung.","breadcrumb":{"@id":"https:\/\/arches-papers.com\/de\/das-arches-papier-sortiment\/kunstdrucke\/moulin-du-gue\/#breadcrumb"},"inLanguage":"de","potentialAction":[{"@type":"ReadAction","target":["https:\/\/arches-papers.com\/de\/das-arches-papier-sortiment\/kunstdrucke\/moulin-du-gue\/"]}]},{"@type":"ImageObject","inLanguage":"de","@id":"https:\/\/arches-papers.com\/de\/das-arches-papier-sortiment\/kunstdrucke\/moulin-du-gue\/#primaryimage","url":"https:\/\/arches-papers.com\/wp-content\/uploads\/2019\/11\/arches-moulin-du-gue.jpg","contentUrl":"https:\/\/arches-papers.com\/wp-content\/uploads\/2019\/11\/arches-moulin-du-gue.jpg","width":1680,"height":1200,"caption":"Moulin du gue paper"},{"@type":"BreadcrumbList","@id":"https:\/\/arches-papers.com\/de\/das-arches-papier-sortiment\/kunstdrucke\/moulin-du-gue\/#breadcrumb","itemListElement":[{"@type":"ListItem","position":1,"name":"Accueil","item":"https:\/\/arches-papers.com\/de\/"},{"@type":"ListItem","position":2,"name":"DAS ARCHES\u00ae PAPIER-SORTIMENT","item":"https:\/\/arches-papers.com\/de\/das-arches-papier-sortiment\/"},{"@type":"ListItem","position":3,"name":"Kunstdrucke","item":"https:\/\/arches-papers.com\/de\/das-arches-papier-sortiment\/kunstdrucke\/"},{"@type":"ListItem","position":4,"name":"Moulin du Gu\u00e9\u00ae"}]},{"@type":"WebSite","@id":"https:\/\/arches-papers.com\/de\/#website","url":"https:\/\/arches-papers.com\/de\/","name":"Arches Papers","description":"Fabricant de papier","potentialAction":[{"@type":"SearchAction","target":{"@type":"EntryPoint","urlTemplate":"https:\/\/arches-papers.com\/de\/?s={search_term_string}"},"query-input":{"@type":"PropertyValueSpecification","valueRequired":true,"valueName":"search_term_string"}}],"inLanguage":"de"}]}},"_links":{"self":[{"href":"https:\/\/arches-papers.com\/de\/wp-json\/wp\/v2\/pages\/17568","targetHints":{"allow":["GET"]}}],"collection":[{"href":"https:\/\/arches-papers.com\/de\/wp-json\/wp\/v2\/pages"}],"about":[{"href":"https:\/\/arches-papers.com\/de\/wp-json\/wp\/v2\/types\/page"}],"author":[{"embeddable":true,"href":"https:\/\/arches-papers.com\/de\/wp-json\/wp\/v2\/users\/4"}],"replies":[{"embeddable":true,"href":"https:\/\/arches-papers.com\/de\/wp-json\/wp\/v2\/comments?post=17568"}],"version-history":[{"count":0,"href":"https:\/\/arches-papers.com\/de\/wp-json\/wp\/v2\/pages\/17568\/revisions"}],"up":[{"embeddable":true,"href":"https:\/\/arches-papers.com\/de\/wp-json\/wp\/v2\/pages\/17719"}],"wp:featuredmedia":[{"embeddable":true,"href":"https:\/\/arches-papers.com\/de\/wp-json\/wp\/v2\/media\/17570"}],"wp:attachment":[{"href":"https:\/\/arches-papers.com\/de\/wp-json\/wp\/v2\/media?parent=17568"}],"wp:term":[{"taxonomy":"post_tag","embeddable":true,"href":"https:\/\/arches-papers.com\/de\/wp-json\/wp\/v2\/tags?post=17568"}],"curies":[{"name":"wp","href":"https:\/\/api.w.org\/{rel}","templated":true}]}}