{"id":17646,"date":"2020-01-16T11:01:33","date_gmt":"2020-01-16T10:01:33","guid":{"rendered":"https:\/\/biatocd.cluster020.hosting.ovh.net\/faire-part-velin-arches\/"},"modified":"2021-06-08T11:45:43","modified_gmt":"2021-06-08T09:45:43","slug":"faire-part-velin-arches","status":"publish","type":"page","link":"https:\/\/arches-papers.com\/de\/das-arches-papier-sortiment\/schreiben\/faire-part-velin-arches\/","title":{"rendered":"faire-part Velin d&#8217;ARCHES<sup>\u00ae<\/sup>"},"content":{"rendered":"<div class=\"wpb-content-wrapper\"><p>[vc_row][vc_column][vc_empty_space height=&#8221;100px&#8221;][\/vc_column][\/vc_row][vc_row el_class=&#8221;line-right&#8221;][vc_column]<style>.ld_fancy_heading_6a0133d67f596 h3 {padding-bottom:0px !important;  } .ld_fancy_heading_6a0133d67f596 h3 {margin-bottom:0px !important;  } .ld_fancy_heading_6a0133d67f596 .lqd-highlight-inner{height:0.275em;bottom:0px;}.ld_fancy_heading_6a0133d67f596 h3 {padding-bottom:0px !important;  } .ld_fancy_heading_6a0133d67f596 h3 {margin-bottom:0px !important;  } <\/style><div class=\"ld-fancy-heading text-right text-uppercase ld_fancy_heading_6a0133d67f596\">\n\t<h3 class=\"lqd-highlight-underline lqd-highlight-grow-left\" ><span class=\"ld-fh-txt\"> Die\u00a0<span style=\"font-size: 70px\"><strong>exklusivste Mitteilungskarte<\/strong><\/span> im franz\u00f6sischen Stil!<\/span><\/h3><\/div>[vc_empty_space height=&#8221;50px&#8221;][\/vc_column][\/vc_row][vc_row equal_height=&#8221;yes&#8221; content_placement=&#8221;middle&#8221; css=&#8221;.vc_custom_1581587853561{margin-top: 150px !important;}&#8221;][vc_column width=&#8221;2\/3&#8243;][vc_single_image image=&#8221;17042&#8243; img_size=&#8221;large&#8221; css_animation=&#8221;fadeInLeft&#8221;][\/vc_column][vc_column width=&#8221;1\/3&#8243;][vc_empty_space height=&#8221;100px&#8221;][vc_column_text css_animation=&#8221;fadeInUp&#8221; el_class=&#8221;justify&#8221;]<strong>Sie wird auf einer Rundsiebmaschine hergestellt (traditionelles Verfahren) :<\/strong>und erh\u00e4lt dadurch eine Qualit\u00e4t \u00e4hnlich der von handgesch\u00f6pftem Papier. Durch die langsame Drehung des Zylinders setzen sich die Fasern gleichm\u00e4\u00dfig ab und verteilen sich in alle Richtungen auf dem Gewebe. Das Papier ist daher homogen und weist eine hohe Dimensionsstabilit\u00e4t auf. Nur die Herstellung mit dem Rundsieb erm\u00f6glicht es, Papiere mit faserigem B\u00fcttenrand zu erhalten.[\/vc_column_text][vc_empty_space height=&#8221;55px&#8221;][\/vc_column][\/vc_row][vc_row][vc_column]<style>.ld_spacer_6a0133d67f71e{height:150px;}<\/style>\n<div class=\"ld-empty-space ld_spacer_6a0133d67f71e\"><span class=\"liquid_empty_space_inner\"><\/span><\/div>[\/vc_column][\/vc_row][vc_row el_class=&#8221;line-left&#8221;][vc_column]<style>.ld_fancy_heading_6a0133d67f7e0 h1 {padding-bottom:0px !important;  } .ld_fancy_heading_6a0133d67f7e0 h1 {margin-bottom:0px !important;  } .ld_fancy_heading_6a0133d67f7e0 .lqd-highlight-inner{height:0.275em;bottom:0px;}.ld_fancy_heading_6a0133d67f7e0 h1 {padding-bottom:0px !important;  } .ld_fancy_heading_6a0133d67f7e0 h1 {margin-bottom:0px !important;  } <\/style><div class=\"ld-fancy-heading text-left text-uppercase ld_fancy_heading_6a0133d67f7e0\">\n\t<h1 class=\"lqd-highlight-underline lqd-highlight-grow-left\" ><span class=\"ld-fh-txt\"> Eigenschaften<\/span><\/h1><\/div>[\/vc_column][\/vc_row][vc_row][vc_column]<style>.ld_spacer_6a0133d67f89c{height:150px;}<\/style>\n<div class=\"ld-empty-space ld_spacer_6a0133d67f89c\"><span class=\"liquid_empty_space_inner\"><\/span><\/div>[\/vc_column][\/vc_row][vc_row gap=&#8221;35&#8243; enable_content_animation=&#8221;yes&#8221; animation_preset=&#8221;Fade In Up&#8221;][vc_column width=&#8221;1\/3&#8243;][vc_column_text css_animation=&#8221;bounceInUp&#8221;]<\/p>\n<h3 style=\"text-align: center;\">Verwendung<\/h3>\n<p style=\"text-align: center;\">Offset, Laser, ideal f\u00fcr Typografie, Hei\u00dffolienpr\u00e4gung, Pr\u00e4gedruck<\/p>\n<p>[\/vc_column_text][\/vc_column][vc_column width=&#8221;1\/3&#8243;][vc_column_text css_animation=&#8221;bounceInUp&#8221;]<\/p>\n<h3 style=\"text-align: center;\">Formate<\/h3>\n<p style=\"text-align: center;\">Mitteilungskarte, Umschlag und Karte<\/p>\n<p>[\/vc_column_text][\/vc_column][vc_column width=&#8221;1\/3&#8243;][vc_column_text css_animation=&#8221;bounceInUp&#8221;]<\/p>\n<h3 style=\"text-align: center;\">100% Baumwolle<\/h3>\n<p style=\"text-align: center;\">Das Vergn\u00fcgen, ein weiches, geschmeidiges und edles Material zu verwenden (unglaubliche Haptik).<\/p>\n<p>[\/vc_column_text][\/vc_column][\/vc_row][vc_row][vc_column][vc_empty_space][\/vc_column][\/vc_row][vc_row gap=&#8221;35&#8243; enable_content_animation=&#8221;yes&#8221; animation_preset=&#8221;Fade In Up&#8221;][vc_column width=&#8221;1\/3&#8243;][vc_column_text css_animation=&#8221;bounceInUp&#8221; el_class=&#8221;justify&#8221;]<\/p>\n<h3 style=\"text-align: center;\">Textur<\/h3>\n<p style=\"text-align: center;\">Ausgepr\u00e4gtes Feinkorn. Samtige Oberfl\u00e4che.<\/p>\n<p>[\/vc_column_text][\/vc_column][vc_column width=&#8221;1\/3&#8243;][vc_column_text css_animation=&#8221;bounceInUp&#8221; el_class=&#8221;justify&#8221;]<\/p>\n<h3 style=\"text-align: center;\">Sortiment<\/h3>\n<p style=\"text-align: center;\">Mitteilungskarte (130 g\/m\u00b2)<br \/>\nEinladungskarte (250 g\/m\u00b2)<br \/>\nPassender Umschlag (115 g\/m\u00b2)<\/p>\n<p>[\/vc_column_text][\/vc_column][vc_column width=&#8221;1\/3&#8243;][vc_column_text css_animation=&#8221;bounceInUp&#8221; el_class=&#8221;justify&#8221;]<\/p>\n<h3 style=\"text-align: center;\">Spezielle Formulierung<\/h3>\n<p style=\"text-align: center;\">Leicht geleimt. Au\u00dfergew\u00f6hnliches Druckergebnis, das alle Anforderungen einer anspruchsvollen Kommunikation erf\u00fcllt.<\/p>\n<p>[\/vc_column_text][\/vc_column][\/vc_row][vc_row][vc_column][vc_empty_space][\/vc_column][\/vc_row][vc_row enable_content_animation=&#8221;yes&#8221; animation_preset=&#8221;Fade In Up&#8221;][vc_column width=&#8221;1\/3&#8243;][vc_column_text css_animation=&#8221;bounceInUp&#8221;]<\/p>\n<h3 style=\"text-align: center;\">Farbe<\/h3>\n<p style=\"text-align: center;\">Naturwei\u00df, im Einklang mit dem urspr\u00fcnglichen Farbton der Mitteilungskarten der Vergangenheit.<\/p>\n<p>[\/vc_column_text][\/vc_column][vc_column width=&#8221;1\/3&#8243;][vc_column_text css_animation=&#8221;bounceInUp&#8221;]<\/p>\n<h3 style=\"text-align: center;\">\u00a0Authentizit\u00e4t und Prestige<\/h3>\n<p style=\"text-align: center;\">B\u00fcttenr\u00e4nder (Mitteilungskarte, Karte)<br \/>\nWasserzeichen (Mitteilungskarte, Umschlag)<\/p>\n<p style=\"text-align: center;\"><img decoding=\"async\" class=\"alignnone wp-image-20747\" src=\"https:\/\/arches-papers.com\/wp-content\/uploads\/2020\/06\/filigrane-velin-arches-226x300.png\" alt=\"\" width=\"170\" height=\"226\" srcset=\"https:\/\/arches-papers.com\/wp-content\/uploads\/2020\/06\/filigrane-velin-arches-226x300.png 226w, https:\/\/arches-papers.com\/wp-content\/uploads\/2020\/06\/filigrane-velin-arches.png 400w\" sizes=\"(max-width: 170px) 100vw, 170px\" \/><\/p>\n<p>[\/vc_column_text][\/vc_column][vc_column width=&#8221;1\/3&#8243;][vc_column_text css_animation=&#8221;bounceInUp&#8221;]<\/p>\n<h3 style=\"text-align: center;\">Aufbewahrung<\/h3>\n<p style=\"text-align: center;\">Mit alkalischer Reserve, ohne S\u00e4ure oder optische Aufheller (alterungsbest\u00e4ndig nach ISO 9706)<\/p>\n<p>[\/vc_column_text][\/vc_column][\/vc_row][vc_row][vc_column][vc_empty_space][\/vc_column][\/vc_row][vc_row el_class=&#8221;line-left&#8221;][vc_column]<style>.ld_fancy_heading_6a0133d67f940 h1 {padding-bottom:0px !important;  } .ld_fancy_heading_6a0133d67f940 h1 {margin-bottom:0px !important;  } .ld_fancy_heading_6a0133d67f940 .lqd-highlight-inner{height:0.275em;bottom:0px;}.ld_fancy_heading_6a0133d67f940 h1 {padding-bottom:0px !important;  } .ld_fancy_heading_6a0133d67f940 h1 {margin-bottom:0px !important;  } <\/style><div class=\"ld-fancy-heading text-left text-uppercase ld_fancy_heading_6a0133d67f940\">\n\t<h1 class=\"lqd-highlight-underline lqd-highlight-grow-left\" ><span class=\"ld-fh-txt\"> <span style=\"font-size: 26px\">Das\u00a0<\/span>Sortiment<\/span><\/h1><\/div>[\/vc_column][\/vc_row][vc_row][vc_column]<style>.ld_spacer_6a0133d67fa18{height:150px;}<\/style>\n<div class=\"ld-empty-space ld_spacer_6a0133d67fa18\"><span class=\"liquid_empty_space_inner\"><\/span><\/div>[vc_column_text]Herstellung nach Ma\u00df ARCHES\u00ae fertigt Ihr Papier nach Ihren individuellen W\u00fcnschen bez\u00fcglich Format, Qualit\u00e4t, Grammatur, Farbton &#8230; und mit Ihrem pers\u00f6nlichen Wasserzeichen (Bedingungen auf Anfrage).[\/vc_column_text]<style>.ld_spacer_6a0133d67fa67{height:50px;}<\/style>\n<div class=\"ld-empty-space ld_spacer_6a0133d67fa67\"><span class=\"liquid_empty_space_inner\"><\/span><\/div>[\/vc_column][\/vc_row][vc_row][vc_column css=&#8221;.vc_custom_1565519509512{background-color: #ffffff !important;}&#8221; el_class=&#8221;box-shadow&#8221;][vc_column_text css=&#8221;.vc_custom_1623146079153{margin-bottom: 15px !important;}&#8221;]<\/p>\n<h4 style=\"text-align: center;\"><span style=\"color: #d0303d;\">Mitteilungskarte<\/span><\/h4>\n<p>[\/vc_column_text][vc_column_text]\n<table id=\"tablepress-149\" class=\"tablepress tablepress-id-149\">\n<thead>\n<tr class=\"row-1\">\n\t<th class=\"column-1\">Fl\u00e4chengewicht<\/th><th class=\"column-2\">Textur<\/th><th class=\"column-3\">Farbe<\/th><th class=\"column-4\">Format<\/th><th class=\"column-5\">R\u00e4nder<\/th><th class=\"column-6\">Anz. B\u00f6gen<\/th><th class=\"column-7\">Art.-Nr.<\/th>\n<\/tr>\n<\/thead>\n<tbody class=\"row-striping row-hover\">\n<tr class=\"row-2\">\n\t<td class=\"column-1\">130 g\/m\u00b2<\/td><td class=\"column-2\">Fein<\/td><td class=\"column-3\">Naturwei\u00df<\/td><td class=\"column-4\">31,5 x 20 cm<\/td><td class=\"column-5\">4 B\u00fcttenr\u00e4nder<\/td><td class=\"column-6\">100<\/td><td class=\"column-7\">A1710001<\/td>\n<\/tr>\n<\/tbody>\n<\/table>\n<!-- #tablepress-149 from cache -->[\/vc_column_text][vc_column_text css=&#8221;.vc_custom_1623146156237{margin-bottom: 15px !important;}&#8221;]<\/p>\n<h4 style=\"text-align: center;\"><span style=\"color: #d0303d;\">Umschlag<\/span><\/h4>\n<p>[\/vc_column_text][vc_column_text]\n<table id=\"tablepress-150\" class=\"tablepress tablepress-id-150\">\n<thead>\n<tr class=\"row-1\">\n\t<th class=\"column-1\">Fl\u00e4chengewicht<\/th><th class=\"column-2\">Textur<\/th><th class=\"column-3\">Farbe<\/th><th class=\"column-4\">Format<\/th><th class=\"column-5\">Anz. B\u00f6gen<\/th><th class=\"column-6\">Art.-Nr.<\/th>\n<\/tr>\n<\/thead>\n<tbody class=\"row-striping row-hover\">\n<tr class=\"row-2\">\n\t<td class=\"column-1\">115 g\/m\u00b2<\/td><td class=\"column-2\">Fein<\/td><td class=\"column-3\">Naturwei\u00df<\/td><td class=\"column-4\">16,4 x 21 cm<\/td><td class=\"column-5\">100<\/td><td class=\"column-6\">A1710007<\/td>\n<\/tr>\n<\/tbody>\n<\/table>\n<!-- #tablepress-150 from cache -->[\/vc_column_text][vc_column_text css=&#8221;.vc_custom_1623146167821{margin-bottom: 15px !important;}&#8221;]<\/p>\n<h4 style=\"text-align: center;\"><span style=\"color: #d0303d;\">Karte<\/span><\/h4>\n<p>[\/vc_column_text][vc_column_text]\n<table id=\"tablepress-151\" class=\"tablepress tablepress-id-151\">\n<thead>\n<tr class=\"row-1\">\n\t<th class=\"column-1\">Fl\u00e4chengewicht<\/th><th class=\"column-2\">Textur<\/th><th class=\"column-3\">Farbe<\/th><th class=\"column-4\">Format<\/th><th class=\"column-5\">R\u00e4nder<\/th><th class=\"column-6\">Anz. B\u00f6gen<\/th><th class=\"column-7\">Art.-Nr.<\/th>\n<\/tr>\n<\/thead>\n<tbody class=\"row-striping row-hover\">\n<tr class=\"row-2\">\n\t<td class=\"column-1\">250 g\/m\u00b2<\/td><td class=\"column-2\">Fein<\/td><td class=\"column-3\">Naturwei\u00df<\/td><td class=\"column-4\">14 x 10 cm<\/td><td class=\"column-5\">4 B\u00fcttenr\u00e4nder<\/td><td class=\"column-6\">100<\/td><td class=\"column-7\">A1710006<\/td>\n<\/tr>\n<\/tbody>\n<\/table>\n<!-- #tablepress-151 from cache -->[\/vc_column_text][\/vc_column][\/vc_row][vc_row][vc_column][vc_empty_space][vc_column_text]<img decoding=\"async\" class=\" wp-image-15145 alignleft\" src=\"https:\/\/arches-papers.com\/wp-content\/uploads\/2020\/02\/puce-info.png\" alt=\"\" width=\"24\" height=\"24\" \/><em>Nicht alle unsere Verkaufsstellen f\u00fchren alle unsere Produkte. Bitte pr\u00fcfen Sie die Verf\u00fcgbarkeit des gew\u00fcnschten Artikels bei Ihrem \u00f6rtlichen H\u00e4ndler, der Sie beraten kann.<\/em>[\/vc_column_text][vc_empty_space][\/vc_column][\/vc_row]<\/p>\n<\/div>","protected":false},"excerpt":{"rendered":"[vc_row][vc_column][vc_empty_space height=&#8221;100px&#8221;][\/vc_column][\/vc_row][vc_row el_class=&#8221;line-right&#8221;][vc_column][vc_empty_space height=&#8221;50px&#8221;][\/vc_column][\/vc_row][vc_row equal_height=&#8221;yes&#8221; content_placement=&#8221;middle&#8221; css=&#8221;.vc_custom_1581587853561{margin-top: 150px !important;}&#8221;][vc_column width=&#8221;2\/3&#8243;][vc_single_image image=&#8221;17042&#8243; img_size=&#8221;large&#8221; css_animation=&#8221;fadeInLeft&#8221;][\/vc_column][vc_column width=&#8221;1\/3&#8243;][vc_empty_space height=&#8221;100px&#8221;][vc_column_text&#8230;","protected":false},"author":4,"featured_media":0,"parent":17737,"menu_order":0,"comment_status":"closed","ping_status":"closed","template":"","meta":{"footnotes":""},"tags":[],"class_list":["post-17646","page","type-page","status-publish","hentry"],"yoast_head":"<!-- This site is optimized with the Yoast SEO plugin v27.1.1 - https:\/\/yoast.com\/product\/yoast-seo-wordpress\/ -->\n<title>faire-part Velin d&#039;ARCHES\u00ae - Arches Papers<\/title>\n<meta name=\"description\" content=\"Das Faire-part Velin d\u2019ARCHES ist die exklusivste Mitteilungskarte im franz\u00f6sischen Stil! Die Mitteilungskarten haben einen faserigen B\u00fcttenrand, und sowohl die Karte als auch der Umschlag sind mit Wasserzeichen versehen. Au\u00dfergew\u00f6hnliches Druckergebnis, das alle Anforderungen einer anspruchsvollen Kommunikation erf\u00fcllt.\" \/>\n<meta name=\"robots\" content=\"index, follow, max-snippet:-1, max-image-preview:large, max-video-preview:-1\" \/>\n<link rel=\"canonical\" href=\"https:\/\/arches-papers.com\/de\/das-arches-papier-sortiment\/schreiben\/faire-part-velin-arches\/\" \/>\n<meta property=\"og:locale\" content=\"de_DE\" \/>\n<meta property=\"og:type\" content=\"article\" \/>\n<meta property=\"og:title\" content=\"faire-part Velin d&#039;ARCHES\u00ae - Arches Papers\" \/>\n<meta property=\"og:description\" content=\"Das Faire-part Velin d\u2019ARCHES ist die exklusivste Mitteilungskarte im franz\u00f6sischen Stil! Die Mitteilungskarten haben einen faserigen B\u00fcttenrand, und sowohl die Karte als auch der Umschlag sind mit Wasserzeichen versehen. Au\u00dfergew\u00f6hnliches Druckergebnis, das alle Anforderungen einer anspruchsvollen Kommunikation erf\u00fcllt.\" \/>\n<meta property=\"og:url\" content=\"https:\/\/arches-papers.com\/de\/das-arches-papier-sortiment\/schreiben\/faire-part-velin-arches\/\" \/>\n<meta property=\"og:site_name\" content=\"Arches Papers\" \/>\n<meta property=\"article:modified_time\" content=\"2021-06-08T09:45:43+00:00\" \/>\n<meta property=\"og:image\" content=\"https:\/\/arches-papers.com\/wp-content\/uploads\/2020\/06\/filigrane-velin-arches-226x300.png\" \/>\n<meta name=\"twitter:card\" content=\"summary_large_image\" \/>\n<meta name=\"twitter:label1\" content=\"Gesch\u00e4tzte Lesezeit\" \/>\n\t<meta name=\"twitter:data1\" content=\"4\u00a0Minuten\" \/>\n<script type=\"application\/ld+json\" class=\"yoast-schema-graph\">{\"@context\":\"https:\/\/schema.org\",\"@graph\":[{\"@type\":\"WebPage\",\"@id\":\"https:\/\/arches-papers.com\/de\/das-arches-papier-sortiment\/schreiben\/faire-part-velin-arches\/\",\"url\":\"https:\/\/arches-papers.com\/de\/das-arches-papier-sortiment\/schreiben\/faire-part-velin-arches\/\",\"name\":\"faire-part Velin d'ARCHES\u00ae - Arches Papers\",\"isPartOf\":{\"@id\":\"https:\/\/arches-papers.com\/de\/#website\"},\"primaryImageOfPage\":{\"@id\":\"https:\/\/arches-papers.com\/de\/das-arches-papier-sortiment\/schreiben\/faire-part-velin-arches\/#primaryimage\"},\"image\":{\"@id\":\"https:\/\/arches-papers.com\/de\/das-arches-papier-sortiment\/schreiben\/faire-part-velin-arches\/#primaryimage\"},\"thumbnailUrl\":\"https:\/\/arches-papers.com\/wp-content\/uploads\/2020\/06\/filigrane-velin-arches-226x300.png\",\"datePublished\":\"2020-01-16T10:01:33+00:00\",\"dateModified\":\"2021-06-08T09:45:43+00:00\",\"description\":\"Das Faire-part Velin d\u2019ARCHES ist die exklusivste Mitteilungskarte im franz\u00f6sischen Stil! Die Mitteilungskarten haben einen faserigen B\u00fcttenrand, und sowohl die Karte als auch der Umschlag sind mit Wasserzeichen versehen. Au\u00dfergew\u00f6hnliches Druckergebnis, das alle Anforderungen einer anspruchsvollen Kommunikation erf\u00fcllt.\",\"breadcrumb\":{\"@id\":\"https:\/\/arches-papers.com\/de\/das-arches-papier-sortiment\/schreiben\/faire-part-velin-arches\/#breadcrumb\"},\"inLanguage\":\"de\",\"potentialAction\":[{\"@type\":\"ReadAction\",\"target\":[\"https:\/\/arches-papers.com\/de\/das-arches-papier-sortiment\/schreiben\/faire-part-velin-arches\/\"]}]},{\"@type\":\"ImageObject\",\"inLanguage\":\"de\",\"@id\":\"https:\/\/arches-papers.com\/de\/das-arches-papier-sortiment\/schreiben\/faire-part-velin-arches\/#primaryimage\",\"url\":\"https:\/\/arches-papers.com\/wp-content\/uploads\/2020\/06\/filigrane-velin-arches-226x300.png\",\"contentUrl\":\"https:\/\/arches-papers.com\/wp-content\/uploads\/2020\/06\/filigrane-velin-arches-226x300.png\"},{\"@type\":\"BreadcrumbList\",\"@id\":\"https:\/\/arches-papers.com\/de\/das-arches-papier-sortiment\/schreiben\/faire-part-velin-arches\/#breadcrumb\",\"itemListElement\":[{\"@type\":\"ListItem\",\"position\":1,\"name\":\"Accueil\",\"item\":\"https:\/\/arches-papers.com\/de\/\"},{\"@type\":\"ListItem\",\"position\":2,\"name\":\"DAS ARCHES\u00ae PAPIER-SORTIMENT\",\"item\":\"https:\/\/arches-papers.com\/de\/das-arches-papier-sortiment\/\"},{\"@type\":\"ListItem\",\"position\":3,\"name\":\"Schreiben\",\"item\":\"https:\/\/arches-papers.com\/de\/das-arches-papier-sortiment\/schreiben\/\"},{\"@type\":\"ListItem\",\"position\":4,\"name\":\"faire-part Velin d&#8217;ARCHES\u00ae\"}]},{\"@type\":\"WebSite\",\"@id\":\"https:\/\/arches-papers.com\/de\/#website\",\"url\":\"https:\/\/arches-papers.com\/de\/\",\"name\":\"Arches Papers\",\"description\":\"Fabricant de papier\",\"potentialAction\":[{\"@type\":\"SearchAction\",\"target\":{\"@type\":\"EntryPoint\",\"urlTemplate\":\"https:\/\/arches-papers.com\/de\/?s={search_term_string}\"},\"query-input\":{\"@type\":\"PropertyValueSpecification\",\"valueRequired\":true,\"valueName\":\"search_term_string\"}}],\"inLanguage\":\"de\"}]}<\/script>\n<!-- \/ Yoast SEO plugin. -->","yoast_head_json":{"title":"faire-part Velin d'ARCHES\u00ae - Arches Papers","description":"Das Faire-part Velin d\u2019ARCHES ist die exklusivste Mitteilungskarte im franz\u00f6sischen Stil! Die Mitteilungskarten haben einen faserigen B\u00fcttenrand, und sowohl die Karte als auch der Umschlag sind mit Wasserzeichen versehen. Au\u00dfergew\u00f6hnliches Druckergebnis, das alle Anforderungen einer anspruchsvollen Kommunikation erf\u00fcllt.","robots":{"index":"index","follow":"follow","max-snippet":"max-snippet:-1","max-image-preview":"max-image-preview:large","max-video-preview":"max-video-preview:-1"},"canonical":"https:\/\/arches-papers.com\/de\/das-arches-papier-sortiment\/schreiben\/faire-part-velin-arches\/","og_locale":"de_DE","og_type":"article","og_title":"faire-part Velin d'ARCHES\u00ae - Arches Papers","og_description":"Das Faire-part Velin d\u2019ARCHES ist die exklusivste Mitteilungskarte im franz\u00f6sischen Stil! Die Mitteilungskarten haben einen faserigen B\u00fcttenrand, und sowohl die Karte als auch der Umschlag sind mit Wasserzeichen versehen. Au\u00dfergew\u00f6hnliches Druckergebnis, das alle Anforderungen einer anspruchsvollen Kommunikation erf\u00fcllt.","og_url":"https:\/\/arches-papers.com\/de\/das-arches-papier-sortiment\/schreiben\/faire-part-velin-arches\/","og_site_name":"Arches Papers","article_modified_time":"2021-06-08T09:45:43+00:00","og_image":[{"url":"https:\/\/arches-papers.com\/wp-content\/uploads\/2020\/06\/filigrane-velin-arches-226x300.png","type":"","width":"","height":""}],"twitter_card":"summary_large_image","twitter_misc":{"Gesch\u00e4tzte Lesezeit":"4\u00a0Minuten"},"schema":{"@context":"https:\/\/schema.org","@graph":[{"@type":"WebPage","@id":"https:\/\/arches-papers.com\/de\/das-arches-papier-sortiment\/schreiben\/faire-part-velin-arches\/","url":"https:\/\/arches-papers.com\/de\/das-arches-papier-sortiment\/schreiben\/faire-part-velin-arches\/","name":"faire-part Velin d'ARCHES\u00ae - Arches Papers","isPartOf":{"@id":"https:\/\/arches-papers.com\/de\/#website"},"primaryImageOfPage":{"@id":"https:\/\/arches-papers.com\/de\/das-arches-papier-sortiment\/schreiben\/faire-part-velin-arches\/#primaryimage"},"image":{"@id":"https:\/\/arches-papers.com\/de\/das-arches-papier-sortiment\/schreiben\/faire-part-velin-arches\/#primaryimage"},"thumbnailUrl":"https:\/\/arches-papers.com\/wp-content\/uploads\/2020\/06\/filigrane-velin-arches-226x300.png","datePublished":"2020-01-16T10:01:33+00:00","dateModified":"2021-06-08T09:45:43+00:00","description":"Das Faire-part Velin d\u2019ARCHES ist die exklusivste Mitteilungskarte im franz\u00f6sischen Stil! Die Mitteilungskarten haben einen faserigen B\u00fcttenrand, und sowohl die Karte als auch der Umschlag sind mit Wasserzeichen versehen. Au\u00dfergew\u00f6hnliches Druckergebnis, das alle Anforderungen einer anspruchsvollen Kommunikation erf\u00fcllt.","breadcrumb":{"@id":"https:\/\/arches-papers.com\/de\/das-arches-papier-sortiment\/schreiben\/faire-part-velin-arches\/#breadcrumb"},"inLanguage":"de","potentialAction":[{"@type":"ReadAction","target":["https:\/\/arches-papers.com\/de\/das-arches-papier-sortiment\/schreiben\/faire-part-velin-arches\/"]}]},{"@type":"ImageObject","inLanguage":"de","@id":"https:\/\/arches-papers.com\/de\/das-arches-papier-sortiment\/schreiben\/faire-part-velin-arches\/#primaryimage","url":"https:\/\/arches-papers.com\/wp-content\/uploads\/2020\/06\/filigrane-velin-arches-226x300.png","contentUrl":"https:\/\/arches-papers.com\/wp-content\/uploads\/2020\/06\/filigrane-velin-arches-226x300.png"},{"@type":"BreadcrumbList","@id":"https:\/\/arches-papers.com\/de\/das-arches-papier-sortiment\/schreiben\/faire-part-velin-arches\/#breadcrumb","itemListElement":[{"@type":"ListItem","position":1,"name":"Accueil","item":"https:\/\/arches-papers.com\/de\/"},{"@type":"ListItem","position":2,"name":"DAS ARCHES\u00ae PAPIER-SORTIMENT","item":"https:\/\/arches-papers.com\/de\/das-arches-papier-sortiment\/"},{"@type":"ListItem","position":3,"name":"Schreiben","item":"https:\/\/arches-papers.com\/de\/das-arches-papier-sortiment\/schreiben\/"},{"@type":"ListItem","position":4,"name":"faire-part Velin d&#8217;ARCHES\u00ae"}]},{"@type":"WebSite","@id":"https:\/\/arches-papers.com\/de\/#website","url":"https:\/\/arches-papers.com\/de\/","name":"Arches Papers","description":"Fabricant de papier","potentialAction":[{"@type":"SearchAction","target":{"@type":"EntryPoint","urlTemplate":"https:\/\/arches-papers.com\/de\/?s={search_term_string}"},"query-input":{"@type":"PropertyValueSpecification","valueRequired":true,"valueName":"search_term_string"}}],"inLanguage":"de"}]}},"_links":{"self":[{"href":"https:\/\/arches-papers.com\/de\/wp-json\/wp\/v2\/pages\/17646","targetHints":{"allow":["GET"]}}],"collection":[{"href":"https:\/\/arches-papers.com\/de\/wp-json\/wp\/v2\/pages"}],"about":[{"href":"https:\/\/arches-papers.com\/de\/wp-json\/wp\/v2\/types\/page"}],"author":[{"embeddable":true,"href":"https:\/\/arches-papers.com\/de\/wp-json\/wp\/v2\/users\/4"}],"replies":[{"embeddable":true,"href":"https:\/\/arches-papers.com\/de\/wp-json\/wp\/v2\/comments?post=17646"}],"version-history":[{"count":0,"href":"https:\/\/arches-papers.com\/de\/wp-json\/wp\/v2\/pages\/17646\/revisions"}],"up":[{"embeddable":true,"href":"https:\/\/arches-papers.com\/de\/wp-json\/wp\/v2\/pages\/17737"}],"wp:attachment":[{"href":"https:\/\/arches-papers.com\/de\/wp-json\/wp\/v2\/media?parent=17646"}],"wp:term":[{"taxonomy":"post_tag","embeddable":true,"href":"https:\/\/arches-papers.com\/de\/wp-json\/wp\/v2\/tags?post=17646"}],"curies":[{"name":"wp","href":"https:\/\/api.w.org\/{rel}","templated":true}]}}