{"id":29176,"date":"2021-02-01T16:52:57","date_gmt":"2021-02-01T15:52:57","guid":{"rendered":"https:\/\/arches-papers.com\/?page_id=29176"},"modified":"2021-09-07T10:40:54","modified_gmt":"2021-09-07T08:40:54","slug":"foto-kunstdrucke-2","status":"publish","type":"page","link":"https:\/\/arches-papers.com\/de\/das-arches-papier-sortiment\/foto-kunstdrucke-2\/","title":{"rendered":"Foto-Kunstdrucke"},"content":{"rendered":"<div class=\"wpb-content-wrapper\"><p>[vc_row][vc_column width=&#8221;1\/4&#8243;][\/vc_column][vc_column width=&#8221;1\/2&#8243;][vc_column_text el_class=&#8221;justify&#8221;]1992 entwickelte ARCHES\u00ae als erste Papierm\u00fchle ein spezielles Papier f\u00fcr den Platin-\/Palladium-Fotodruck und f\u00fcr Cyanotypie: ARCHES\u00ae Platine.<\/p>\n<p>2021 bringt die Papierm\u00fchle Arches ihr neues Papiersortiment f\u00fcr den Premium-Digitaldruck auf den Markt. Es umfasst vier emblematische Artikel, die mit einer innovativen, von den ARCHES\u00ae Forschungszentren entwickelten Schicht versehen wurden: ARCHES\u00ae 88, ARCHES\u00ae BFK Rives\u00ae Pure White, ARCHES\u00ae BFK Rives\u00ae White und ARCHES\u00ae Aquarelle Rag. Diese Papiere werden im Canson\u00ae Infinity Sortiment angeboten.[\/vc_column_text][\/vc_column][vc_column width=&#8221;1\/4&#8243;][\/vc_column][\/vc_row][vc_row][vc_column]<style>.ld_spacer_69f5a8ffa3c87{height:32px;}<\/style>\n<div class=\"ld-empty-space ld_spacer_69f5a8ffa3c87\"><span class=\"liquid_empty_space_inner\"><\/span><\/div>[\/vc_column][\/vc_row][vc_row][vc_column width=&#8221;1\/2&#8243;][vc_hoverbox image=&#8221;17584&#8243; primary_title=&#8221;&#8221; hover_title=&#8221;ALTERNATIVE VERFAHREN&#8221; shape=&#8221;square&#8221; hover_background_color=&#8221;custom&#8221; hover_btn_title=&#8221;&#8221; css_animation=&#8221;fadeInUp&#8221; hover_add_button=&#8221;true&#8221; hover_custom_background=&#8221;rgba(0,0,0,0.3)&#8221; hover_btn_link=&#8221;url:https%3A%2F%2Farches-papers.com%2Fde%2Fdas-arches-papier-sortiment%2Ffoto-kunstdrucke-2%2Falternative-verfahren%2F|title:ALTERNATIVE%20VERFAHREN||&#8221; el_class=&#8221;prj-link&#8221;][\/vc_hoverbox][\/vc_column][vc_column width=&#8221;1\/2&#8243;][vc_empty_space height=&#8221;96px&#8221;][vc_hoverbox image=&#8221;29356&#8243; primary_title=&#8221;&#8221; hover_title=&#8221;DIGITALDRUCK&#8221; shape=&#8221;square&#8221; hover_background_color=&#8221;custom&#8221; hover_btn_title=&#8221;&#8221; css_animation=&#8221;fadeInUp&#8221; hover_add_button=&#8221;true&#8221; hover_custom_background=&#8221;rgba(0,0,0,0.3)&#8221; hover_btn_link=&#8221;url:https%3A%2F%2Farches-papers.com%2Fde%2Fdas-arches-papier-sortiment%2Ffoto-kunstdrucke-2%2Fdigitaldruck%2F|title:DIGITALDRUCK||&#8221; el_class=&#8221;prj-link&#8221;][\/vc_hoverbox][vc_column_text]\u00a9Fortunato Gatto[\/vc_column_text][\/vc_column][\/vc_row][vc_row][vc_column]<style>.ld_spacer_69f5a8ffa3d2d{height:32px;}<\/style>\n<div class=\"ld-empty-space ld_spacer_69f5a8ffa3d2d\"><span class=\"liquid_empty_space_inner\"><\/span><\/div>[\/vc_column][\/vc_row]<\/p>\n<\/div>","protected":false},"excerpt":{"rendered":"[vc_row][vc_column width=&#8221;1\/4&#8243;][\/vc_column][vc_column width=&#8221;1\/2&#8243;][vc_column_text el_class=&#8221;justify&#8221;]1992 entwickelte ARCHES\u00ae als erste Papierm\u00fchle ein spezielles Papier f\u00fcr den Platin-\/Palladium-Fotodruck&#8230;","protected":false},"author":17,"featured_media":16202,"parent":18112,"menu_order":7,"comment_status":"closed","ping_status":"closed","template":"","meta":{"footnotes":""},"tags":[],"class_list":["post-29176","page","type-page","status-publish","has-post-thumbnail","hentry"],"yoast_head":"<!-- This site is optimized with the Yoast SEO plugin v27.1.1 - https:\/\/yoast.com\/product\/yoast-seo-wordpress\/ -->\n<title>Foto-Kunstdrucke - Arches Papers<\/title>\n<meta name=\"description\" content=\"Foto kunstdrucke: 1992 entwickelte ARCHES als erste Papierm\u00fchle ein spezielles Papier f\u00fcr den Platin-Palladium-Print und f\u00fcr Cyanotypie: ARCHES Platine.\" \/>\n<meta name=\"robots\" content=\"index, follow, max-snippet:-1, max-image-preview:large, max-video-preview:-1\" \/>\n<link rel=\"canonical\" href=\"https:\/\/arches-papers.com\/de\/das-arches-papier-sortiment\/foto-kunstdrucke-2\/\" \/>\n<meta property=\"og:locale\" content=\"de_DE\" \/>\n<meta property=\"og:type\" content=\"article\" \/>\n<meta property=\"og:title\" content=\"Foto-Kunstdrucke - Arches Papers\" \/>\n<meta property=\"og:description\" content=\"Foto kunstdrucke: 1992 entwickelte ARCHES als erste Papierm\u00fchle ein spezielles Papier f\u00fcr den Platin-Palladium-Print und f\u00fcr Cyanotypie: ARCHES Platine.\" \/>\n<meta property=\"og:url\" content=\"https:\/\/arches-papers.com\/de\/das-arches-papier-sortiment\/foto-kunstdrucke-2\/\" \/>\n<meta property=\"og:site_name\" content=\"Arches Papers\" \/>\n<meta property=\"article:modified_time\" content=\"2021-09-07T08:40:54+00:00\" \/>\n<meta property=\"og:image\" content=\"https:\/\/arches-papers.com\/wp-content\/uploads\/2019\/08\/papier-arches-platine-exemple.jpg\" \/>\n\t<meta property=\"og:image:width\" content=\"870\" \/>\n\t<meta property=\"og:image:height\" content=\"580\" \/>\n\t<meta property=\"og:image:type\" content=\"image\/jpeg\" \/>\n<meta name=\"twitter:card\" content=\"summary_large_image\" \/>\n<meta name=\"twitter:label1\" content=\"Gesch\u00e4tzte Lesezeit\" \/>\n\t<meta name=\"twitter:data1\" content=\"1\u00a0Minute\" \/>\n<script type=\"application\/ld+json\" class=\"yoast-schema-graph\">{\"@context\":\"https:\/\/schema.org\",\"@graph\":[{\"@type\":\"WebPage\",\"@id\":\"https:\/\/arches-papers.com\/de\/das-arches-papier-sortiment\/foto-kunstdrucke-2\/\",\"url\":\"https:\/\/arches-papers.com\/de\/das-arches-papier-sortiment\/foto-kunstdrucke-2\/\",\"name\":\"Foto-Kunstdrucke - Arches Papers\",\"isPartOf\":{\"@id\":\"https:\/\/arches-papers.com\/de\/#website\"},\"primaryImageOfPage\":{\"@id\":\"https:\/\/arches-papers.com\/de\/das-arches-papier-sortiment\/foto-kunstdrucke-2\/#primaryimage\"},\"image\":{\"@id\":\"https:\/\/arches-papers.com\/de\/das-arches-papier-sortiment\/foto-kunstdrucke-2\/#primaryimage\"},\"thumbnailUrl\":\"https:\/\/arches-papers.com\/wp-content\/uploads\/2019\/08\/papier-arches-platine-exemple.jpg\",\"datePublished\":\"2021-02-01T15:52:57+00:00\",\"dateModified\":\"2021-09-07T08:40:54+00:00\",\"description\":\"Foto kunstdrucke: 1992 entwickelte ARCHES als erste Papierm\u00fchle ein spezielles Papier f\u00fcr den Platin-Palladium-Print und f\u00fcr Cyanotypie: ARCHES Platine.\",\"breadcrumb\":{\"@id\":\"https:\/\/arches-papers.com\/de\/das-arches-papier-sortiment\/foto-kunstdrucke-2\/#breadcrumb\"},\"inLanguage\":\"de\",\"potentialAction\":[{\"@type\":\"ReadAction\",\"target\":[\"https:\/\/arches-papers.com\/de\/das-arches-papier-sortiment\/foto-kunstdrucke-2\/\"]}]},{\"@type\":\"ImageObject\",\"inLanguage\":\"de\",\"@id\":\"https:\/\/arches-papers.com\/de\/das-arches-papier-sortiment\/foto-kunstdrucke-2\/#primaryimage\",\"url\":\"https:\/\/arches-papers.com\/wp-content\/uploads\/2019\/08\/papier-arches-platine-exemple.jpg\",\"contentUrl\":\"https:\/\/arches-papers.com\/wp-content\/uploads\/2019\/08\/papier-arches-platine-exemple.jpg\",\"width\":870,\"height\":580,\"caption\":\"Phot sur papier Arches platine\"},{\"@type\":\"BreadcrumbList\",\"@id\":\"https:\/\/arches-papers.com\/de\/das-arches-papier-sortiment\/foto-kunstdrucke-2\/#breadcrumb\",\"itemListElement\":[{\"@type\":\"ListItem\",\"position\":1,\"name\":\"Accueil\",\"item\":\"https:\/\/arches-papers.com\/de\/\"},{\"@type\":\"ListItem\",\"position\":2,\"name\":\"DAS ARCHES\u00ae PAPIER-SORTIMENT\",\"item\":\"https:\/\/arches-papers.com\/de\/das-arches-papier-sortiment\/\"},{\"@type\":\"ListItem\",\"position\":3,\"name\":\"Foto-Kunstdrucke\"}]},{\"@type\":\"WebSite\",\"@id\":\"https:\/\/arches-papers.com\/de\/#website\",\"url\":\"https:\/\/arches-papers.com\/de\/\",\"name\":\"Arches Papers\",\"description\":\"Fabricant de papier\",\"potentialAction\":[{\"@type\":\"SearchAction\",\"target\":{\"@type\":\"EntryPoint\",\"urlTemplate\":\"https:\/\/arches-papers.com\/de\/?s={search_term_string}\"},\"query-input\":{\"@type\":\"PropertyValueSpecification\",\"valueRequired\":true,\"valueName\":\"search_term_string\"}}],\"inLanguage\":\"de\"}]}<\/script>\n<!-- \/ Yoast SEO plugin. -->","yoast_head_json":{"title":"Foto-Kunstdrucke - Arches Papers","description":"Foto kunstdrucke: 1992 entwickelte ARCHES als erste Papierm\u00fchle ein spezielles Papier f\u00fcr den Platin-Palladium-Print und f\u00fcr Cyanotypie: ARCHES Platine.","robots":{"index":"index","follow":"follow","max-snippet":"max-snippet:-1","max-image-preview":"max-image-preview:large","max-video-preview":"max-video-preview:-1"},"canonical":"https:\/\/arches-papers.com\/de\/das-arches-papier-sortiment\/foto-kunstdrucke-2\/","og_locale":"de_DE","og_type":"article","og_title":"Foto-Kunstdrucke - Arches Papers","og_description":"Foto kunstdrucke: 1992 entwickelte ARCHES als erste Papierm\u00fchle ein spezielles Papier f\u00fcr den Platin-Palladium-Print und f\u00fcr Cyanotypie: ARCHES Platine.","og_url":"https:\/\/arches-papers.com\/de\/das-arches-papier-sortiment\/foto-kunstdrucke-2\/","og_site_name":"Arches Papers","article_modified_time":"2021-09-07T08:40:54+00:00","og_image":[{"width":870,"height":580,"url":"https:\/\/arches-papers.com\/wp-content\/uploads\/2019\/08\/papier-arches-platine-exemple.jpg","type":"image\/jpeg"}],"twitter_card":"summary_large_image","twitter_misc":{"Gesch\u00e4tzte Lesezeit":"1\u00a0Minute"},"schema":{"@context":"https:\/\/schema.org","@graph":[{"@type":"WebPage","@id":"https:\/\/arches-papers.com\/de\/das-arches-papier-sortiment\/foto-kunstdrucke-2\/","url":"https:\/\/arches-papers.com\/de\/das-arches-papier-sortiment\/foto-kunstdrucke-2\/","name":"Foto-Kunstdrucke - Arches Papers","isPartOf":{"@id":"https:\/\/arches-papers.com\/de\/#website"},"primaryImageOfPage":{"@id":"https:\/\/arches-papers.com\/de\/das-arches-papier-sortiment\/foto-kunstdrucke-2\/#primaryimage"},"image":{"@id":"https:\/\/arches-papers.com\/de\/das-arches-papier-sortiment\/foto-kunstdrucke-2\/#primaryimage"},"thumbnailUrl":"https:\/\/arches-papers.com\/wp-content\/uploads\/2019\/08\/papier-arches-platine-exemple.jpg","datePublished":"2021-02-01T15:52:57+00:00","dateModified":"2021-09-07T08:40:54+00:00","description":"Foto kunstdrucke: 1992 entwickelte ARCHES als erste Papierm\u00fchle ein spezielles Papier f\u00fcr den Platin-Palladium-Print und f\u00fcr Cyanotypie: ARCHES Platine.","breadcrumb":{"@id":"https:\/\/arches-papers.com\/de\/das-arches-papier-sortiment\/foto-kunstdrucke-2\/#breadcrumb"},"inLanguage":"de","potentialAction":[{"@type":"ReadAction","target":["https:\/\/arches-papers.com\/de\/das-arches-papier-sortiment\/foto-kunstdrucke-2\/"]}]},{"@type":"ImageObject","inLanguage":"de","@id":"https:\/\/arches-papers.com\/de\/das-arches-papier-sortiment\/foto-kunstdrucke-2\/#primaryimage","url":"https:\/\/arches-papers.com\/wp-content\/uploads\/2019\/08\/papier-arches-platine-exemple.jpg","contentUrl":"https:\/\/arches-papers.com\/wp-content\/uploads\/2019\/08\/papier-arches-platine-exemple.jpg","width":870,"height":580,"caption":"Phot sur papier Arches platine"},{"@type":"BreadcrumbList","@id":"https:\/\/arches-papers.com\/de\/das-arches-papier-sortiment\/foto-kunstdrucke-2\/#breadcrumb","itemListElement":[{"@type":"ListItem","position":1,"name":"Accueil","item":"https:\/\/arches-papers.com\/de\/"},{"@type":"ListItem","position":2,"name":"DAS ARCHES\u00ae PAPIER-SORTIMENT","item":"https:\/\/arches-papers.com\/de\/das-arches-papier-sortiment\/"},{"@type":"ListItem","position":3,"name":"Foto-Kunstdrucke"}]},{"@type":"WebSite","@id":"https:\/\/arches-papers.com\/de\/#website","url":"https:\/\/arches-papers.com\/de\/","name":"Arches Papers","description":"Fabricant de papier","potentialAction":[{"@type":"SearchAction","target":{"@type":"EntryPoint","urlTemplate":"https:\/\/arches-papers.com\/de\/?s={search_term_string}"},"query-input":{"@type":"PropertyValueSpecification","valueRequired":true,"valueName":"search_term_string"}}],"inLanguage":"de"}]}},"_links":{"self":[{"href":"https:\/\/arches-papers.com\/de\/wp-json\/wp\/v2\/pages\/29176","targetHints":{"allow":["GET"]}}],"collection":[{"href":"https:\/\/arches-papers.com\/de\/wp-json\/wp\/v2\/pages"}],"about":[{"href":"https:\/\/arches-papers.com\/de\/wp-json\/wp\/v2\/types\/page"}],"author":[{"embeddable":true,"href":"https:\/\/arches-papers.com\/de\/wp-json\/wp\/v2\/users\/17"}],"replies":[{"embeddable":true,"href":"https:\/\/arches-papers.com\/de\/wp-json\/wp\/v2\/comments?post=29176"}],"version-history":[{"count":0,"href":"https:\/\/arches-papers.com\/de\/wp-json\/wp\/v2\/pages\/29176\/revisions"}],"up":[{"embeddable":true,"href":"https:\/\/arches-papers.com\/de\/wp-json\/wp\/v2\/pages\/18112"}],"wp:featuredmedia":[{"embeddable":true,"href":"https:\/\/arches-papers.com\/de\/wp-json\/wp\/v2\/media\/16202"}],"wp:attachment":[{"href":"https:\/\/arches-papers.com\/de\/wp-json\/wp\/v2\/media?parent=29176"}],"wp:term":[{"taxonomy":"post_tag","embeddable":true,"href":"https:\/\/arches-papers.com\/de\/wp-json\/wp\/v2\/tags?post=29176"}],"curies":[{"name":"wp","href":"https:\/\/api.w.org\/{rel}","templated":true}]}}