{"id":37823,"date":"2022-05-17T10:13:10","date_gmt":"2022-05-17T08:13:10","guid":{"rendered":"https:\/\/arches-papers.com\/?page_id=37823"},"modified":"2022-05-24T15:44:43","modified_gmt":"2022-05-24T13:44:43","slug":"arches-lebendes-kulturgut-entreprise-du-patrimoine-vivant","status":"publish","type":"page","link":"https:\/\/arches-papers.com\/de\/ueber-uns-arches\/arches-und-die-nachhaltige-entwicklung\/arches-lebendes-kulturgut-entreprise-du-patrimoine-vivant\/","title":{"rendered":"ARCHES\u00ae, Lebendes Kulturgut (Entreprise du Patrimoine Vivant)"},"content":{"rendered":"<div class=\"wpb-content-wrapper\"><p>[vc_row][vc_column][vc_empty_space height=&#8221;50px&#8221;][\/vc_column][\/vc_row][vc_row el_class=&#8221;line-right&#8221;][vc_column]<style>.ld_fancy_heading_69f5808a8ef5c .lqd-highlight-inner{height:0.275em;bottom:0px;}<\/style><div class=\"ld-fancy-heading text-right text-uppercase ld_fancy_heading_69f5808a8ef5c\">\n\t<h3 class=\"lqd-highlight-underline lqd-highlight-grow-left\" ><span class=\"ld-fh-txt\"> Arches\u00ae<br \/>\n<span style=\"font-size: 60px;line-height: 50px\">Lebendes Kulturgut (Entreprise du Patrimoine Vivant)<\/span><\/span><\/h3><\/div>[\/vc_column][\/vc_row][vc_row][vc_column width=&#8221;1\/4&#8243;][vc_single_image image=&#8221;37784&#8243; img_size=&#8221;large&#8221;][\/vc_column][vc_column width=&#8221;1\/2&#8243;][vc_empty_space height=&#8221;150px&#8221;][vc_column_text css_animation=&#8221;fadeInUp&#8221;]<strong>Die Papierm\u00fchle Arches tr\u00e4gt das G\u00fctesiegel \u201eLebendes Kulturgut\u201c (Entreprise du Patrimoine Vivant), mit dem sein historisches Know-how im Bereich der Herstellung von Papieren allerfeinster Qualit\u00e4t ausgezeichnet wird. <\/strong>[\/vc_column_text][vc_empty_space height=&#8221;50px&#8221;][\/vc_column][vc_column width=&#8221;1\/4&#8243;][\/vc_column][\/vc_row][vc_row][vc_column width=&#8221;1\/2&#8243;][vc_column_text css_animation=&#8221;fadeInUp&#8221;]<\/p>\n<h2>Was ist das G\u00fctesiegel \u201eEntreprise du Patrimoine Vivant\u201c oder \u201eEPV\u201c, zu Deutsch \u201eLebendes Kulturgut\u201c?<\/h2>\n<p>Dieses G\u00fctesiegel des franz\u00f6sischen Staates, das 2006 vom Ministerium f\u00fcr Wirtschaft und Finanzen eingef\u00fchrt wurde, wird f\u00fcr einen Zeitraum von f\u00fcnf Jahren an renommierte Hersteller verliehen, die sich um die Exzellenz ihres industriellen oder handwerklichen Know-hows und die hohe Qualit\u00e4t ihrer Produkte bem\u00fchen.<\/p>\n<p>Die mit dem G\u00fctesiegel \u201eLebendes Kulturgut\u201c ausgezeichneten Unternehmen stellen ihre Produkte in Frankreich in Sektoren mit hohem Mehrwert her. Da die meisten von ihnen auf den internationalen M\u00e4rkten pr\u00e4sent sind, exportieren sie ein Image von Qualit\u00e4t und ein f\u00fcr Frankreich typisches Know-how. Als Botschafter des \u201eMade in France\u201c pr\u00e4gen sie die wirtschaftliche und kulturelle Identit\u00e4t Frankreichs. Sie vereinen Tradition mit Innovation, Know-how mit Kreativit\u00e4t, Arbeit mit Begeisterung und sichern dadurch den Fortbestand unseres Kulturguts.[\/vc_column_text][\/vc_column][vc_column width=&#8221;1\/2&#8243;]<style>.ld_spacer_69f5808a8f0fb{height:50px;}<\/style>\n<div class=\"ld-empty-space ld_spacer_69f5808a8f0fb\"><span class=\"liquid_empty_space_inner\"><\/span><\/div>[vc_single_image image=&#8221;16019&#8243; img_size=&#8221;full&#8221; alignment=&#8221;right&#8221; css_animation=&#8221;fadeIn&#8221;][vc_row_inner][vc_column_inner width=&#8221;2\/3&#8243;][\/vc_column_inner][\/vc_row_inner][\/vc_column][\/vc_row][vc_row][vc_column width=&#8221;1\/3&#8243;][vc_empty_space height=&#8221;128px&#8221;][vc_single_image image=&#8221;16004&#8243; img_size=&#8221;full&#8221; alignment=&#8221;center&#8221; css_animation=&#8221;fadeInUp&#8221; css=&#8221;.vc_custom_1653308959573{margin-top: 0px !important;margin-left: 0px !important;}&#8221;][\/vc_column][vc_column width=&#8221;2\/3&#8243; enable_content_animation=&#8221;yes&#8221; animation_preset=&#8221;Fade In Up&#8221;][vc_empty_space height=&#8221;65px&#8221;][vc_column_text]<\/p>\n<h2>ARCHES\u00ae, ein au\u00dfergew\u00f6hnliches Erbe<\/h2>\n<p>Als Christoph Kolumbus 1492 nach Amerika aufbrach, stellten die Papiermachermeister der Papierm\u00fchle Arches in den Vogesen bereits Papiere von Hand her. Mit ihrem \u00fcber Jahrhunderte hinweg erworbenen Wissen sind die Papiermachermeister dem urspr\u00fcnglichen Geist der Papierm\u00fchle treu geblieben, auch wenn die Produktion industriell geworden ist.<\/p>\n<p>Die noch immer bestehende Papierm\u00fchle Arches ist heute die einzige in ganz Frankreich, die alle ihre K\u00fcnstler- und Druckpapiere mit dem Rundsieb herstellt.<br \/>\nDurch dieses traditionelle, von ARCHES\u00ae seit 1895 eingesetzte Verfahren und die Verwendung eines nat\u00fcrlichen Rohstoffs \u2013 Baumwolle \u2013 erh\u00e4lt man Papiere h\u00f6chster Qualit\u00e4t, die den sch\u00f6nsten handgesch\u00f6pften Papieren ebenb\u00fcrtig sind.<br \/>\nDie Herstellung mit dem Rundsieb ist das am besten geeignete Verfahren, um ein stabiles Papier mit Wasserzeichen, leicht unregelm\u00e4\u00dfiger K\u00f6rnung und faserigem B\u00fcttenrand zu erhalten.<\/p>\n<p>ARCHES\u00ae wird auch f\u00fcr sein im Kern gelatiniertes Aquarellpapier sehr gesch\u00e4tzt.<br \/>\nDieses weltweit einzigartige Herstellungsverfahren verleiht dem Papier unnachahmliche Eigenschaften. Sein Geheimnis wird m\u00fcndlich innerhalb des Unternehmens \u00fcberliefert.[\/vc_column_text]<style>.ld_spacer_69f5808a8f16b{height:64px;}<\/style>\n<div class=\"ld-empty-space ld_spacer_69f5808a8f16b\"><span class=\"liquid_empty_space_inner\"><\/span><\/div>[\/vc_column][\/vc_row][vc_row][vc_column width=&#8221;1\/2&#8243;][vc_column_text]<\/p>\n<h2>ARCHES\u00ae \u2013 Papiere von allerfeinster Qualit\u00e4t<\/h2>\n<p>Seit mehr als f\u00fcnf Jahrhunderten setzen renommierte K\u00fcnstler und Literaten auf die Papiere von ARCHES\u00ae, um ihre Werke vollendet zur Geltung zu bringen und ihre Haltbarkeit zu gew\u00e4hrleisten. Die Marke erfreut sich internationaler Bekanntheit.<\/p>\n<p>Die zahlreichen Kontrollen, die w\u00e4hrend des gesamten Herstellungsprozesses durchgef\u00fchrt werden, garantieren die unbestreitbare Qualit\u00e4t der Papiere, die ARCHES\u00ae ber\u00fchmt gemacht haben.. Das Wasserzeichen ist ein echtes Garantiesiegel, das auch die Echtheit des Papiers bezeugt. F\u00fcr seine Herstellung sind Pr\u00e4zision, Sorgfalt und Feingef\u00fchl erforderlich.<\/p>\n<p>Am Ende des Herstellungsprozesses wird jeder Bogen von einem Team mit Frauen und M\u00e4nnern mit langj\u00e4hriger Erfahrung von Hand gerissen und mit H\u00e4nden und Augen gepr\u00fcft. Ihr Know-how erfordert eine sehr lange interne Ausbildung.[\/vc_column_text]<style>.ld_spacer_69f5808a8f1b2{height:32px;}<\/style>\n<div class=\"ld-empty-space ld_spacer_69f5808a8f1b2\"><span class=\"liquid_empty_space_inner\"><\/span><\/div>[vc_single_image image=&#8221;37767&#8243; img_size=&#8221;large&#8221;][\/vc_column][vc_column width=&#8221;1\/2&#8243;]<style>.ld_spacer_69f5808a8f1f5{height:120px;}<\/style>\n<div class=\"ld-empty-space ld_spacer_69f5808a8f1f5\"><span class=\"liquid_empty_space_inner\"><\/span><\/div>[vc_single_image image=&#8221;16010&#8243; img_size=&#8221;large&#8221;][vc_single_image image=&#8221;37774&#8243; img_size=&#8221;large&#8221;][\/vc_column][\/vc_row][vc_row][vc_column width=&#8221;1\/2&#8243;]<style>.ld_spacer_69f5808a8f23b{height:32px;}@media (min-width: 768px) { .ld_spacer_69f5808a8f23b{height:32px};}@media (min-width: 992px) { .ld_spacer_69f5808a8f23b{height:32px};}<\/style>\n<div class=\"ld-empty-space ld_spacer_69f5808a8f23b\"><span class=\"liquid_empty_space_inner\"><\/span><\/div>[vc_single_image image=&#8221;16016&#8243; img_size=&#8221;large&#8221; css=&#8221;.vc_custom_1653309758776{margin-top: -50px !important;}&#8221;][\/vc_column][vc_column width=&#8221;1\/2&#8243; enable_content_animation=&#8221;yes&#8221; animation_preset=&#8221;Fade In Up&#8221;]<style>.ld_spacer_69f5808a8f286{height:64px;}<\/style>\n<div class=\"ld-empty-space ld_spacer_69f5808a8f286\"><span class=\"liquid_empty_space_inner\"><\/span><\/div><style>.ld_spacer_69f5808a8f2c3{height:32px;}<\/style>\n<div class=\"ld-empty-space ld_spacer_69f5808a8f2c3\"><span class=\"liquid_empty_space_inner\"><\/span><\/div>[vc_column_text]<\/p>\n<h2>ARCHES\u00ae, ein innovatives und kundenorientiertes Unternehmen<\/h2>\n<p>Seine Mitarbeiter sind in der Lage, verschiedenste Sonderw\u00fcnsche zu erf\u00fcllen und ma\u00dfgeschneiderte Papiere (Zusammensetzung, Format, Fl\u00e4chengewicht, Sonderfarbe &#8230;) mit individuellen Wasserzeichen herzustellen.<\/p>\n<p>In den 1950er Jahren produzierten sie in den Werkst\u00e4tten des Unternehmens in den Vogesen die ersten ARCHES\u00ae Aquarell-Bl\u00f6cke mit B\u00fcttenkarton. Noch heute lassen sie den Innovationsgeist der Marke fortleben und entwickeln neue Produkte \u201eMade in France\u201c, die das Sortiment kontinuierlich bereichern.<\/p>\n<p>Seit mehr als f\u00fcnf Jahrhunderten stellt ARCHES\u00ae Papiere von allerfeinster Qualit\u00e4t her und schafft eine gelungene Verbindung von Tradition und Modernit\u00e4t.[\/vc_column_text]<style>.ld_spacer_69f5808a8f2fc{height:32px;}<\/style>\n<div class=\"ld-empty-space ld_spacer_69f5808a8f2fc\"><span class=\"liquid_empty_space_inner\"><\/span><\/div>[\/vc_column][\/vc_row]<\/p>\n<\/div>","protected":false},"excerpt":{"rendered":"[vc_row][vc_column][vc_empty_space height=&#8221;50px&#8221;][\/vc_column][\/vc_row][vc_row el_class=&#8221;line-right&#8221;][vc_column][\/vc_column][\/vc_row][vc_row][vc_column width=&#8221;1\/4&#8243;][vc_single_image image=&#8221;37784&#8243; img_size=&#8221;large&#8221;][\/vc_column][vc_column width=&#8221;1\/2&#8243;][vc_empty_space height=&#8221;150px&#8221;][vc_column_text css_animation=&#8221;fadeInUp&#8221;]Die Papierm\u00fchle Arches tr\u00e4gt das G\u00fctesiegel \u201eLebendes&#8230;","protected":false},"author":17,"featured_media":0,"parent":17356,"menu_order":3,"comment_status":"closed","ping_status":"closed","template":"","meta":{"footnotes":""},"tags":[],"class_list":["post-37823","page","type-page","status-publish","hentry"],"yoast_head":"<!-- This site is optimized with the Yoast SEO plugin v27.1.1 - https:\/\/yoast.com\/product\/yoast-seo-wordpress\/ -->\n<title>ARCHES\u00ae, Lebendes Kulturgut (Entreprise du Patrimoine Vivant) - Arches Papers<\/title>\n<meta name=\"robots\" content=\"index, follow, max-snippet:-1, max-image-preview:large, max-video-preview:-1\" \/>\n<link rel=\"canonical\" href=\"https:\/\/arches-papers.com\/de\/ueber-uns-arches\/arches-und-die-nachhaltige-entwicklung\/arches-lebendes-kulturgut-entreprise-du-patrimoine-vivant\/\" \/>\n<meta property=\"og:locale\" content=\"de_DE\" \/>\n<meta property=\"og:type\" content=\"article\" \/>\n<meta property=\"og:title\" content=\"ARCHES\u00ae, Lebendes Kulturgut (Entreprise du Patrimoine Vivant) - Arches Papers\" \/>\n<meta property=\"og:description\" content=\"[vc_row][vc_column][vc_empty_space height=&#8221;50px&#8221;][\/vc_column][\/vc_row][vc_row el_class=&#8221;line-right&#8221;][vc_column][\/vc_column][\/vc_row][vc_row][vc_column width=&#8221;1\/4&#8243;][vc_single_image image=&#8221;37784&#8243; img_size=&#8221;large&#8221;][\/vc_column][vc_column width=&#8221;1\/2&#8243;][vc_empty_space height=&#8221;150px&#8221;][vc_column_text css_animation=&#8221;fadeInUp&#8221;]Die Papierm\u00fchle Arches tr\u00e4gt das G\u00fctesiegel \u201eLebendes...\" \/>\n<meta property=\"og:url\" content=\"https:\/\/arches-papers.com\/de\/ueber-uns-arches\/arches-und-die-nachhaltige-entwicklung\/arches-lebendes-kulturgut-entreprise-du-patrimoine-vivant\/\" \/>\n<meta property=\"og:site_name\" content=\"Arches Papers\" \/>\n<meta property=\"article:modified_time\" content=\"2022-05-24T13:44:43+00:00\" \/>\n<meta name=\"twitter:card\" content=\"summary_large_image\" \/>\n<meta name=\"twitter:label1\" content=\"Gesch\u00e4tzte Lesezeit\" \/>\n\t<meta name=\"twitter:data1\" content=\"4\u00a0Minuten\" \/>\n<script type=\"application\/ld+json\" class=\"yoast-schema-graph\">{\"@context\":\"https:\/\/schema.org\",\"@graph\":[{\"@type\":\"WebPage\",\"@id\":\"https:\/\/arches-papers.com\/de\/ueber-uns-arches\/arches-und-die-nachhaltige-entwicklung\/arches-lebendes-kulturgut-entreprise-du-patrimoine-vivant\/\",\"url\":\"https:\/\/arches-papers.com\/de\/ueber-uns-arches\/arches-und-die-nachhaltige-entwicklung\/arches-lebendes-kulturgut-entreprise-du-patrimoine-vivant\/\",\"name\":\"ARCHES\u00ae, Lebendes Kulturgut (Entreprise du Patrimoine Vivant) - Arches Papers\",\"isPartOf\":{\"@id\":\"https:\/\/arches-papers.com\/de\/#website\"},\"datePublished\":\"2022-05-17T08:13:10+00:00\",\"dateModified\":\"2022-05-24T13:44:43+00:00\",\"breadcrumb\":{\"@id\":\"https:\/\/arches-papers.com\/de\/ueber-uns-arches\/arches-und-die-nachhaltige-entwicklung\/arches-lebendes-kulturgut-entreprise-du-patrimoine-vivant\/#breadcrumb\"},\"inLanguage\":\"de\",\"potentialAction\":[{\"@type\":\"ReadAction\",\"target\":[\"https:\/\/arches-papers.com\/de\/ueber-uns-arches\/arches-und-die-nachhaltige-entwicklung\/arches-lebendes-kulturgut-entreprise-du-patrimoine-vivant\/\"]}]},{\"@type\":\"BreadcrumbList\",\"@id\":\"https:\/\/arches-papers.com\/de\/ueber-uns-arches\/arches-und-die-nachhaltige-entwicklung\/arches-lebendes-kulturgut-entreprise-du-patrimoine-vivant\/#breadcrumb\",\"itemListElement\":[{\"@type\":\"ListItem\",\"position\":1,\"name\":\"Accueil\",\"item\":\"https:\/\/arches-papers.com\/de\/\"},{\"@type\":\"ListItem\",\"position\":2,\"name\":\"\u00dcBER UNS\",\"item\":\"https:\/\/arches-papers.com\/de\/who-is-arches\/\"},{\"@type\":\"ListItem\",\"position\":3,\"name\":\"ARCHES\u00ae UND DIE NACHHALTIGE ENTWICKLUNG\",\"item\":\"https:\/\/arches-papers.com\/de\/who-is-arches\/arches-and-sustainable-development\/\"},{\"@type\":\"ListItem\",\"position\":4,\"name\":\"ARCHES\u00ae, Lebendes Kulturgut (Entreprise du Patrimoine Vivant)\"}]},{\"@type\":\"WebSite\",\"@id\":\"https:\/\/arches-papers.com\/de\/#website\",\"url\":\"https:\/\/arches-papers.com\/de\/\",\"name\":\"Arches Papers\",\"description\":\"Fabricant de papier\",\"potentialAction\":[{\"@type\":\"SearchAction\",\"target\":{\"@type\":\"EntryPoint\",\"urlTemplate\":\"https:\/\/arches-papers.com\/de\/?s={search_term_string}\"},\"query-input\":{\"@type\":\"PropertyValueSpecification\",\"valueRequired\":true,\"valueName\":\"search_term_string\"}}],\"inLanguage\":\"de\"}]}<\/script>\n<!-- \/ Yoast SEO plugin. -->","yoast_head_json":{"title":"ARCHES\u00ae, Lebendes Kulturgut (Entreprise du Patrimoine Vivant) - Arches Papers","robots":{"index":"index","follow":"follow","max-snippet":"max-snippet:-1","max-image-preview":"max-image-preview:large","max-video-preview":"max-video-preview:-1"},"canonical":"https:\/\/arches-papers.com\/de\/ueber-uns-arches\/arches-und-die-nachhaltige-entwicklung\/arches-lebendes-kulturgut-entreprise-du-patrimoine-vivant\/","og_locale":"de_DE","og_type":"article","og_title":"ARCHES\u00ae, Lebendes Kulturgut (Entreprise du Patrimoine Vivant) - Arches Papers","og_description":"[vc_row][vc_column][vc_empty_space height=&#8221;50px&#8221;][\/vc_column][\/vc_row][vc_row el_class=&#8221;line-right&#8221;][vc_column][\/vc_column][\/vc_row][vc_row][vc_column width=&#8221;1\/4&#8243;][vc_single_image image=&#8221;37784&#8243; img_size=&#8221;large&#8221;][\/vc_column][vc_column width=&#8221;1\/2&#8243;][vc_empty_space height=&#8221;150px&#8221;][vc_column_text css_animation=&#8221;fadeInUp&#8221;]Die Papierm\u00fchle Arches tr\u00e4gt das G\u00fctesiegel \u201eLebendes...","og_url":"https:\/\/arches-papers.com\/de\/ueber-uns-arches\/arches-und-die-nachhaltige-entwicklung\/arches-lebendes-kulturgut-entreprise-du-patrimoine-vivant\/","og_site_name":"Arches Papers","article_modified_time":"2022-05-24T13:44:43+00:00","twitter_card":"summary_large_image","twitter_misc":{"Gesch\u00e4tzte Lesezeit":"4\u00a0Minuten"},"schema":{"@context":"https:\/\/schema.org","@graph":[{"@type":"WebPage","@id":"https:\/\/arches-papers.com\/de\/ueber-uns-arches\/arches-und-die-nachhaltige-entwicklung\/arches-lebendes-kulturgut-entreprise-du-patrimoine-vivant\/","url":"https:\/\/arches-papers.com\/de\/ueber-uns-arches\/arches-und-die-nachhaltige-entwicklung\/arches-lebendes-kulturgut-entreprise-du-patrimoine-vivant\/","name":"ARCHES\u00ae, Lebendes Kulturgut (Entreprise du Patrimoine Vivant) - Arches Papers","isPartOf":{"@id":"https:\/\/arches-papers.com\/de\/#website"},"datePublished":"2022-05-17T08:13:10+00:00","dateModified":"2022-05-24T13:44:43+00:00","breadcrumb":{"@id":"https:\/\/arches-papers.com\/de\/ueber-uns-arches\/arches-und-die-nachhaltige-entwicklung\/arches-lebendes-kulturgut-entreprise-du-patrimoine-vivant\/#breadcrumb"},"inLanguage":"de","potentialAction":[{"@type":"ReadAction","target":["https:\/\/arches-papers.com\/de\/ueber-uns-arches\/arches-und-die-nachhaltige-entwicklung\/arches-lebendes-kulturgut-entreprise-du-patrimoine-vivant\/"]}]},{"@type":"BreadcrumbList","@id":"https:\/\/arches-papers.com\/de\/ueber-uns-arches\/arches-und-die-nachhaltige-entwicklung\/arches-lebendes-kulturgut-entreprise-du-patrimoine-vivant\/#breadcrumb","itemListElement":[{"@type":"ListItem","position":1,"name":"Accueil","item":"https:\/\/arches-papers.com\/de\/"},{"@type":"ListItem","position":2,"name":"\u00dcBER UNS","item":"https:\/\/arches-papers.com\/de\/who-is-arches\/"},{"@type":"ListItem","position":3,"name":"ARCHES\u00ae UND DIE NACHHALTIGE ENTWICKLUNG","item":"https:\/\/arches-papers.com\/de\/who-is-arches\/arches-and-sustainable-development\/"},{"@type":"ListItem","position":4,"name":"ARCHES\u00ae, Lebendes Kulturgut (Entreprise du Patrimoine Vivant)"}]},{"@type":"WebSite","@id":"https:\/\/arches-papers.com\/de\/#website","url":"https:\/\/arches-papers.com\/de\/","name":"Arches Papers","description":"Fabricant de papier","potentialAction":[{"@type":"SearchAction","target":{"@type":"EntryPoint","urlTemplate":"https:\/\/arches-papers.com\/de\/?s={search_term_string}"},"query-input":{"@type":"PropertyValueSpecification","valueRequired":true,"valueName":"search_term_string"}}],"inLanguage":"de"}]}},"_links":{"self":[{"href":"https:\/\/arches-papers.com\/de\/wp-json\/wp\/v2\/pages\/37823","targetHints":{"allow":["GET"]}}],"collection":[{"href":"https:\/\/arches-papers.com\/de\/wp-json\/wp\/v2\/pages"}],"about":[{"href":"https:\/\/arches-papers.com\/de\/wp-json\/wp\/v2\/types\/page"}],"author":[{"embeddable":true,"href":"https:\/\/arches-papers.com\/de\/wp-json\/wp\/v2\/users\/17"}],"replies":[{"embeddable":true,"href":"https:\/\/arches-papers.com\/de\/wp-json\/wp\/v2\/comments?post=37823"}],"version-history":[{"count":0,"href":"https:\/\/arches-papers.com\/de\/wp-json\/wp\/v2\/pages\/37823\/revisions"}],"up":[{"embeddable":true,"href":"https:\/\/arches-papers.com\/de\/wp-json\/wp\/v2\/pages\/17356"}],"wp:attachment":[{"href":"https:\/\/arches-papers.com\/de\/wp-json\/wp\/v2\/media?parent=37823"}],"wp:term":[{"taxonomy":"post_tag","embeddable":true,"href":"https:\/\/arches-papers.com\/de\/wp-json\/wp\/v2\/tags?post=37823"}],"curies":[{"name":"wp","href":"https:\/\/api.w.org\/{rel}","templated":true}]}}