{"id":17175,"date":"2019-07-05T09:29:43","date_gmt":"2019-07-05T07:29:43","guid":{"rendered":"https:\/\/biatocd.cluster020.hosting.ovh.net\/arches-huile\/"},"modified":"2024-10-23T12:34:09","modified_gmt":"2024-10-23T10:34:09","slug":"arches-huile","status":"publish","type":"page","link":"https:\/\/arches-papers.com\/es\/la-gama-de-papeles-arches\/pintura-al-oleo\/arches-huile\/","title":{"rendered":"ARCHES<sup>\u00ae<\/sup> Huile"},"content":{"rendered":"<div class=\"wpb-content-wrapper\"><p>[vc_row el_class=&#8221;line-right&#8221;][vc_column][vc_empty_space height=&#8221;100px&#8221;][\/vc_column][\/vc_row][vc_row el_class=&#8221;line-right&#8221;][vc_column]<style>.ld_fancy_heading_6a0144f223753 h3 {padding-bottom:0px !important;  } .ld_fancy_heading_6a0144f223753 h3 {margin-bottom:0px !important;  } .ld_fancy_heading_6a0144f223753 .lqd-highlight-inner{height:0.275em;bottom:0px;}.ld_fancy_heading_6a0144f223753 h3 {padding-bottom:0px !important;  } .ld_fancy_heading_6a0144f223753 h3 {margin-bottom:0px !important;  } <\/style><div class=\"ld-fancy-heading text-right text-uppercase ld_fancy_heading_6a0144f223753\">\n\t<h3 class=\"lqd-highlight-underline lqd-highlight-grow-left\" ><span class=\"ld-fh-txt\"> \u00a1Dise\u00f1ado especialmente para <span style=\"font-size: 70px\">el \u00f3leo<\/span><\/span><\/h3><\/div><style>.ld_fancy_heading_6a0144f223915 h3 {padding-bottom:0px !important;  } .ld_fancy_heading_6a0144f223915 h3 {margin-bottom:0px !important;  } .ld_fancy_heading_6a0144f223915 .lqd-highlight-inner{height:0.275em;bottom:0px;}.ld_fancy_heading_6a0144f223915 h3 {padding-bottom:0px !important;  } .ld_fancy_heading_6a0144f223915 h3 {margin-bottom:0px !important;  } <\/style><div class=\"ld-fancy-heading text-right text-uppercase ld_fancy_heading_6a0144f223915\">\n\t<h3 class=\"lqd-highlight-underline lqd-highlight-grow-left\" ><span class=\"ld-fh-txt\"> permite trabajar con la m\u00e1xima comodidad!<\/span><\/h3><\/div>[vc_empty_space height=&#8221;50px&#8221;][\/vc_column][\/vc_row][vc_row css=&#8221;.vc_custom_1585672805722{margin-top: 100px !important;}&#8221;][vc_column width=&#8221;2\/3&#8243; css=&#8221;.vc_custom_1585672852447{margin-top: 50px !important;}&#8221;][vc_single_image image=&#8221;30574&#8243; img_size=&#8221;large&#8221; css_animation=&#8221;fadeInLeft&#8221;][\/vc_column][vc_column width=&#8221;1\/3&#8243;][vc_empty_space height=&#8221;30px&#8221;][vc_empty_space height=&#8221;30px&#8221;][vc_column_text css_animation=&#8221;fadeInUp&#8221; el_class=&#8221;justify&#8221;]<strong>Fabricado en forma redonda (m\u00e9todo tradicional) :<\/strong> una calidad que se aproxima a la del papel fabricado de forma artesanal. La rotaci\u00f3n lenta del cilindro facilita la regular disposici\u00f3n de las fibras y su distribuci\u00f3n en todas direcciones en el lienzo. De este modo el papel es homog\u00e9neo, su superficie es m\u00e1s lisa y m\u00e1s estable en estado h\u00famedo, lo que favorece un mayor control del artista. Solo la fabricaci\u00f3n en forma redonda permite obtener papeles con barbas.[\/vc_column_text][vc_empty_space][\/vc_column][\/vc_row][vc_row][vc_column]<style>.ld_spacer_6a0144f2239df{height:150px;}<\/style>\n<div class=\"ld-empty-space ld_spacer_6a0144f2239df\"><span class=\"liquid_empty_space_inner\"><\/span><\/div>[\/vc_column][\/vc_row][vc_row el_class=&#8221;line-left&#8221;][vc_column]<style>.ld_fancy_heading_6a0144f223a97 h1 {padding-bottom:0px !important;  } .ld_fancy_heading_6a0144f223a97 h1 {margin-bottom:0px !important;  } .ld_fancy_heading_6a0144f223a97 .lqd-highlight-inner{height:0.275em;bottom:0px;}.ld_fancy_heading_6a0144f223a97 h1 {padding-bottom:0px !important;  } .ld_fancy_heading_6a0144f223a97 h1 {margin-bottom:0px !important;  } <\/style><div class=\"ld-fancy-heading text-left text-uppercase ld_fancy_heading_6a0144f223a97\">\n\t<h1 class=\"lqd-highlight-underline lqd-highlight-grow-left\" ><span class=\"ld-fh-txt\"> Propiedades<\/span><\/h1><\/div>[\/vc_column][\/vc_row][vc_row][vc_column]<style>.ld_spacer_6a0144f223b4f{height:150px;}<\/style>\n<div class=\"ld-empty-space ld_spacer_6a0144f223b4f\"><span class=\"liquid_empty_space_inner\"><\/span><\/div>[\/vc_column][\/vc_row][vc_row gap=&#8221;35&#8243; enable_content_animation=&#8221;yes&#8221; animation_preset=&#8221;Fade In Up&#8221;][vc_column width=&#8221;1\/3&#8243;][vc_column_text css_animation=&#8221;bounceInUp&#8221;]<\/p>\n<h3 style=\"text-align: center;\">Utilizaci\u00f3n<\/h3>\n<p style=\"text-align: center;\">\u00d3leo, pastel graso<\/p>\n<p>[\/vc_column_text][\/vc_column][vc_column width=&#8221;1\/3&#8243;][vc_column_text css_animation=&#8221;bounceInUp&#8221;]<\/p>\n<h3 style=\"text-align: center;\">Formatos<\/h3>\n<p style=\"text-align: center;\">Hojas, rollo, bloques encolados por el lado corto<\/p>\n<p>[\/vc_column_text][\/vc_column][vc_column width=&#8221;1\/3&#8243;][vc_column_text css_animation=&#8221;bounceInUp&#8221;]<\/p>\n<h3 style=\"text-align: center;\">100% algod\u00f3n<\/h3>\n<p style=\"text-align: center;\">El placer de utilizar un material delicado, flexible, noble. Apto para el encolado gracias a su elevada resistencia.<\/p>\n<p>[\/vc_column_text][\/vc_column][\/vc_row][vc_row][vc_column][vc_empty_space][\/vc_column][\/vc_row][vc_row gap=&#8221;35&#8243; enable_content_animation=&#8221;yes&#8221; animation_preset=&#8221;Fade In Up&#8221;][vc_column width=&#8221;1\/3&#8243;][vc_column_text css_animation=&#8221;bounceInUp&#8221; el_class=&#8221;justify&#8221;]<\/p>\n<h3 style=\"text-align: center;\">Textura<\/h3>\n<p style=\"text-align: center;\">Grano fino equilibrado, comparable al de una tela montada en bastidor, permite trabajar con la m\u00e1xima comodidad. Permite al artista jugar con la superficie, obtener juegos de sombras y de luces. Perfecto para los bocetos al \u00f3leo.<\/p>\n<p>[\/vc_column_text][\/vc_column][vc_column width=&#8221;1\/3&#8243;][vc_column_text css_animation=&#8221;bounceInUp&#8221; el_class=&#8221;justify&#8221;]<\/p>\n<h3 style=\"text-align: center;\">300 g\/m\u00b2<\/h3>\n<p style=\"text-align: center;\">El equilibrio perfecto que necesitan los artistas para expresar su creatividad. Su gramaje espeso permite indistintamente aplicar aguadas o trabajar los empastes. De uso pr\u00e1ctico porque se puede cortar f\u00e1cilmente en el formato deseado. Resistente y ligero, se puede enrollar f\u00e1cilmente para el transporte. Ideal para pintar al aire libre (a diferencia de los lienzos de c\u00e1\u00f1amo).<\/p>\n<p>[\/vc_column_text][\/vc_column][vc_column width=&#8221;1\/3&#8243;][vc_column_text css_animation=&#8221;bounceInUp&#8221; el_class=&#8221;justify&#8221;]<\/p>\n<h3 style=\"text-align: center;\">Formulaci\u00f3n especial<\/h3>\n<p style=\"text-align: center;\">Un encolado y una barrera para el \u00f3leo \u00fanicos (superficie semi absorbente). El papel est\u00e1 listo para el uso (preparaci\u00f3n previa opcional): ahorro de tiempo y mayor seguridad (no se corre el riesgo de estropear el soporte durante la fase de preparaci\u00f3n). Papel resistente al raspado. Impide la formaci\u00f3n de manchas grasas y protege las fibras contra la oxidaci\u00f3n al contacto de la pintura. Soporta muy bien los disolventes. Los pigmentos permanecen en la superficie lo que ofrece un excelente resultado de los colores y un tiempo de secado m\u00e1s r\u00e1pido.<\/p>\n<p>[\/vc_column_text][\/vc_column][\/vc_row][vc_row][vc_column][vc_empty_space][\/vc_column][\/vc_row][vc_row enable_content_animation=&#8221;yes&#8221; animation_preset=&#8221;Fade In Up&#8221;][vc_column width=&#8221;1\/3&#8243;][vc_column_text css_animation=&#8221;bounceInUp&#8221;]<\/p>\n<h3 style=\"text-align: center;\">Color<\/h3>\n<p style=\"text-align: center;\">Blanco<\/p>\n<p>[\/vc_column_text][\/vc_column][vc_column width=&#8221;1\/3&#8243;][vc_column_text css_animation=&#8221;bounceInUp&#8221;]<\/p>\n<h3 style=\"text-align: center;\">Hoja: autenticidad y prestigio<\/h3>\n<p style=\"text-align: center;\">\u00a04 Barbas<\/p>\n<p style=\"text-align: center;\">Filigrana<br \/>\n<img decoding=\"async\" class=\"size-full wp-image-13395 alignnone\" src=\"https:\/\/arches-papers.com\/wp-content\/uploads\/2019\/08\/huile.jpg\" alt=\"\" width=\"240\" height=\"30\" \/><\/p>\n<p>[\/vc_column_text][\/vc_column][vc_column width=&#8221;1\/3&#8243;][vc_column_text css_animation=&#8221;bounceInUp&#8221;]<\/p>\n<h3 style=\"text-align: center;\">Conservaci\u00f3n<\/h3>\n<p style=\"text-align: center;\">Con reserva alcalina, sin \u00e1cido ni blanqueadores \u00f3pticos (permanente de acuerdo con la norma ISO 9706)<\/p>\n<p>[\/vc_column_text][\/vc_column][\/vc_row][vc_row][vc_column][vc_empty_space][vc_empty_space][\/vc_column][\/vc_row][vc_row el_class=&#8221;line-left&#8221;][vc_column]<style>.ld_fancy_heading_6a0144f223bf1 h1 {padding-bottom:0px !important;  } .ld_fancy_heading_6a0144f223bf1 h1 {margin-bottom:0px !important;  } .ld_fancy_heading_6a0144f223bf1 .lqd-highlight-inner{height:0.275em;bottom:0px;}.ld_fancy_heading_6a0144f223bf1 h1 {padding-bottom:0px !important;  } .ld_fancy_heading_6a0144f223bf1 h1 {margin-bottom:0px !important;  } <\/style><div class=\"ld-fancy-heading text-left text-uppercase ld_fancy_heading_6a0144f223bf1\">\n\t<h1 class=\"lqd-highlight-underline lqd-highlight-grow-left\" ><span class=\"ld-fh-txt\"> <span style=\"font-size: 26px\">LA <\/span>GAMA<\/span><\/h1><\/div>[\/vc_column][\/vc_row][vc_row][vc_column]<style>.ld_spacer_6a0144f223ccb{height:150px;}<\/style>\n<div class=\"ld-empty-space ld_spacer_6a0144f223ccb\"><span class=\"liquid_empty_space_inner\"><\/span><\/div>[vc_column_text]Fabricaci\u00f3n a medida: ARCHES\u00ae personaliza su papel a su formato, calidad, gramaje, color\u2026 y filigrana (condiciones a solicitud).[\/vc_column_text]<style>.ld_spacer_6a0144f223d25{height:50px;}<\/style>\n<div class=\"ld-empty-space ld_spacer_6a0144f223d25\"><span class=\"liquid_empty_space_inner\"><\/span><\/div>[\/vc_column][\/vc_row][vc_row][vc_column css=&#8221;.vc_custom_1565519509512{background-color: #ffffff !important;}&#8221; el_class=&#8221;box-shadow&#8221;][vc_single_image image=&#8221;13352&#8243; img_size=&#8221;full&#8221; alignment=&#8221;center&#8221; css=&#8221;.vc_custom_1622796934916{margin-bottom: 5px !important;}&#8221;][vc_column_text css=&#8221;.vc_custom_1622796980346{margin-bottom: 5px !important;}&#8221;]<\/p>\n<h4 style=\"text-align: center;\"><span style=\"color: #d0303d;\">Hojas<\/span><\/h4>\n<p>[\/vc_column_text][vc_column_text]\n<table id=\"tablepress-96\" class=\"tablepress tablepress-id-96\">\n<thead>\n<tr class=\"row-1\">\n\t<th class=\"column-1\">Gramaje<\/th><th class=\"column-2\">Textura<\/th><th class=\"column-3\">Color<\/th><th class=\"column-4\">Formato<\/th><th class=\"column-5\">Bordes<\/th><th class=\"column-6\">N\u00ba de hojas<\/th><th class=\"column-7\">Referencia<\/th>\n<\/tr>\n<\/thead>\n<tbody class=\"row-striping row-hover\">\n<tr class=\"row-2\">\n\t<td class=\"column-1\">300 g\/m\u00b2<\/td><td class=\"column-2\">Grano fino<\/td><td class=\"column-3\">Blanco<\/td><td class=\"column-4\">56 x 76 cm<\/td><td class=\"column-5\">4 barbas<\/td><td class=\"column-6\">10<\/td><td class=\"column-7\">A1795107<\/td>\n<\/tr>\n<tr class=\"row-3\">\n\t<td class=\"column-1\">300 g\/m\u00b2<\/td><td class=\"column-2\">Grano fino<\/td><td class=\"column-3\">Blanco<\/td><td class=\"column-4\">56 x 76 cm<\/td><td class=\"column-5\">4 barbas<\/td><td class=\"column-6\">5<\/td><td class=\"column-7\">A1795229<\/td>\n<\/tr>\n<\/tbody>\n<\/table>\n[\/vc_column_text][vc_single_image image=&#8221;13344&#8243; img_size=&#8221;full&#8221; alignment=&#8221;center&#8221; css=&#8221;.vc_custom_1622796943951{margin-bottom: 5px !important;}&#8221;][vc_column_text css=&#8221;.vc_custom_1622797704705{margin-bottom: 5px !important;}&#8221;]<\/p>\n<h4 style=\"text-align: center;\"><span style=\"color: #d0303d;\">Rollo<\/span><\/h4>\n<p>[\/vc_column_text][vc_column_text]\n<table id=\"tablepress-97\" class=\"tablepress tablepress-id-97\">\n<thead>\n<tr class=\"row-1\">\n\t<th class=\"column-1\">Gramaje<\/th><th class=\"column-2\">Textura<\/th><th class=\"column-3\">Color<\/th><th class=\"column-4\">Formato<\/th><th class=\"column-5\">Bordes<\/th><th class=\"column-6\">Referencia<\/th>\n<\/tr>\n<\/thead>\n<tbody class=\"row-striping row-hover\">\n<tr class=\"row-2\">\n\t<td class=\"column-1\">300 g\/m\u00b2<\/td><td class=\"column-2\">Grano fino<\/td><td class=\"column-3\">Blanco<\/td><td class=\"column-4\">130 x 914 cm<\/td><td class=\"column-5\">2 barbas<\/td><td class=\"column-6\">A1795191<\/td>\n<\/tr>\n<\/tbody>\n<\/table>\n[\/vc_column_text][vc_single_image image=&#8221;13874&#8243; img_size=&#8221;full&#8221; alignment=&#8221;center&#8221; css=&#8221;.vc_custom_1622796951823{margin-bottom: 5px !important;}&#8221;][vc_column_text css=&#8221;.vc_custom_1622797734649{margin-bottom: 5px !important;}&#8221;]<\/p>\n<h4 style=\"text-align: center;\"><span style=\"color: #d0303d;\">Bloques encolados por el lado corto<\/span><\/h4>\n<p>[\/vc_column_text][vc_column_text]\n<table id=\"tablepress-95\" class=\"tablepress tablepress-id-95\">\n<thead>\n<tr class=\"row-1\">\n\t<th class=\"column-1\">Gramaje<\/th><th class=\"column-2\">Textura<\/th><th class=\"column-3\">Color<\/th><th class=\"column-4\">Formato<\/th><th class=\"column-5\">Bordes<\/th><th class=\"column-6\">N\u00ba de hojas<\/th><th class=\"column-7\">Referencia<\/th>\n<\/tr>\n<\/thead>\n<tbody class=\"row-striping row-hover\">\n<tr class=\"row-2\">\n\t<td class=\"column-1\">300 g\/m\u00b2<\/td><td class=\"column-2\">Grano fino<\/td><td class=\"column-3\">Blanco<\/td><td class=\"column-4\">23 x 31 cm<\/td><td class=\"column-5\">4 bordes sin rematar<\/td><td class=\"column-6\">12 <\/td><td class=\"column-7\">A1795108<\/td>\n<\/tr>\n<tr class=\"row-3\">\n\t<td class=\"column-1\">300 g\/m\u00b2<\/td><td class=\"column-2\">Grano fino<\/td><td class=\"column-3\">Blanco<\/td><td class=\"column-4\">31 x 41 cm<\/td><td class=\"column-5\">4 bordes sin rematar<\/td><td class=\"column-6\">12 <\/td><td class=\"column-7\">A1795109<\/td>\n<\/tr>\n<\/tbody>\n<\/table>\n[\/vc_column_text][\/vc_column][\/vc_row][vc_row][vc_column][vc_empty_space][vc_column_text]<img decoding=\"async\" class=\" wp-image-15145 alignleft\" src=\"https:\/\/arches-papers.com\/wp-content\/uploads\/2020\/02\/puce-info.png\" alt=\"\" width=\"24\" height=\"24\" \/><em>No todos nuestros productos est\u00e1n disponibles en nuestros puntos de venta; consulte la disponibilidad de la referencia deseada a su distribuidor local, el cual sabr\u00e1 aconsejarle convenientemente.<\/em><\/p>\n<p><em>\u00a0<\/em>[\/vc_column_text][vc_empty_space][\/vc_column][\/vc_row]<\/p>\n<\/div>","protected":false},"excerpt":{"rendered":"[vc_row el_class=&#8221;line-right&#8221;][vc_column][vc_empty_space height=&#8221;100px&#8221;][\/vc_column][\/vc_row][vc_row el_class=&#8221;line-right&#8221;][vc_column][vc_empty_space height=&#8221;50px&#8221;][\/vc_column][\/vc_row][vc_row css=&#8221;.vc_custom_1585672805722{margin-top: 100px !important;}&#8221;][vc_column width=&#8221;2\/3&#8243; css=&#8221;.vc_custom_1585672852447{margin-top: 50px !important;}&#8221;][vc_single_image image=&#8221;30574&#8243; img_size=&#8221;large&#8221; css_animation=&#8221;fadeInLeft&#8221;][\/vc_column][vc_column&#8230;","protected":false},"author":1,"featured_media":30574,"parent":17701,"menu_order":0,"comment_status":"closed","ping_status":"closed","template":"","meta":{"footnotes":""},"tags":[],"class_list":["post-17175","page","type-page","status-publish","has-post-thumbnail","hentry"],"yoast_head":"<!-- This site is optimized with the Yoast SEO plugin v27.1.1 - https:\/\/yoast.com\/product\/yoast-seo-wordpress\/ -->\n<title>ARCHES\u00ae Huile - Arches Papers<\/title>\n<meta name=\"description\" content=\"ARCHES fue el primer fabricante de papel que desarroll\u00f3 y comercializ\u00f3 un papel espec\u00edfico para la pintura al \u00f3leo: ARCHES Huile.\" \/>\n<meta name=\"robots\" content=\"index, follow, max-snippet:-1, max-image-preview:large, max-video-preview:-1\" \/>\n<link rel=\"canonical\" href=\"https:\/\/arches-papers.com\/es\/la-gama-de-papeles-arches\/pintura-al-oleo\/arches-huile\/\" \/>\n<meta property=\"og:locale\" content=\"es_ES\" \/>\n<meta property=\"og:type\" content=\"article\" \/>\n<meta property=\"og:title\" content=\"ARCHES\u00ae Huile - Arches Papers\" \/>\n<meta property=\"og:description\" content=\"ARCHES fue el primer fabricante de papel que desarroll\u00f3 y comercializ\u00f3 un papel espec\u00edfico para la pintura al \u00f3leo: ARCHES Huile.\" \/>\n<meta property=\"og:url\" content=\"https:\/\/arches-papers.com\/es\/la-gama-de-papeles-arches\/pintura-al-oleo\/arches-huile\/\" \/>\n<meta property=\"og:site_name\" content=\"Arches Papers\" \/>\n<meta property=\"article:modified_time\" content=\"2024-10-23T10:34:09+00:00\" \/>\n<meta property=\"og:image\" content=\"https:\/\/arches-papers.com\/wp-content\/uploads\/2021\/03\/ARCHES_HUILE_20-01.jpg\" \/>\n\t<meta property=\"og:image:width\" content=\"1200\" \/>\n\t<meta property=\"og:image:height\" content=\"857\" \/>\n\t<meta property=\"og:image:type\" content=\"image\/jpeg\" \/>\n<meta name=\"twitter:card\" content=\"summary_large_image\" \/>\n<meta name=\"twitter:label1\" content=\"Tiempo de lectura\" \/>\n\t<meta name=\"twitter:data1\" content=\"5 minutos\" \/>\n<script type=\"application\/ld+json\" class=\"yoast-schema-graph\">{\"@context\":\"https:\/\/schema.org\",\"@graph\":[{\"@type\":\"WebPage\",\"@id\":\"https:\/\/arches-papers.com\/es\/la-gama-de-papeles-arches\/pintura-al-oleo\/arches-huile\/\",\"url\":\"https:\/\/arches-papers.com\/es\/la-gama-de-papeles-arches\/pintura-al-oleo\/arches-huile\/\",\"name\":\"ARCHES\u00ae Huile - Arches Papers\",\"isPartOf\":{\"@id\":\"https:\/\/arches-papers.com\/es\/#website\"},\"primaryImageOfPage\":{\"@id\":\"https:\/\/arches-papers.com\/es\/la-gama-de-papeles-arches\/pintura-al-oleo\/arches-huile\/#primaryimage\"},\"image\":{\"@id\":\"https:\/\/arches-papers.com\/es\/la-gama-de-papeles-arches\/pintura-al-oleo\/arches-huile\/#primaryimage\"},\"thumbnailUrl\":\"https:\/\/arches-papers.com\/wp-content\/uploads\/2021\/03\/ARCHES_HUILE_20-01.jpg\",\"datePublished\":\"2019-07-05T07:29:43+00:00\",\"dateModified\":\"2024-10-23T10:34:09+00:00\",\"description\":\"ARCHES fue el primer fabricante de papel que desarroll\u00f3 y comercializ\u00f3 un papel espec\u00edfico para la pintura al \u00f3leo: ARCHES Huile.\",\"breadcrumb\":{\"@id\":\"https:\/\/arches-papers.com\/es\/la-gama-de-papeles-arches\/pintura-al-oleo\/arches-huile\/#breadcrumb\"},\"inLanguage\":\"es\",\"potentialAction\":[{\"@type\":\"ReadAction\",\"target\":[\"https:\/\/arches-papers.com\/es\/la-gama-de-papeles-arches\/pintura-al-oleo\/arches-huile\/\"]}]},{\"@type\":\"ImageObject\",\"inLanguage\":\"es\",\"@id\":\"https:\/\/arches-papers.com\/es\/la-gama-de-papeles-arches\/pintura-al-oleo\/arches-huile\/#primaryimage\",\"url\":\"https:\/\/arches-papers.com\/wp-content\/uploads\/2021\/03\/ARCHES_HUILE_20-01.jpg\",\"contentUrl\":\"https:\/\/arches-papers.com\/wp-content\/uploads\/2021\/03\/ARCHES_HUILE_20-01.jpg\",\"width\":1200,\"height\":857,\"caption\":\"papier Arches huile\"},{\"@type\":\"BreadcrumbList\",\"@id\":\"https:\/\/arches-papers.com\/es\/la-gama-de-papeles-arches\/pintura-al-oleo\/arches-huile\/#breadcrumb\",\"itemListElement\":[{\"@type\":\"ListItem\",\"position\":1,\"name\":\"Accueil\",\"item\":\"https:\/\/arches-papers.com\/es\/\"},{\"@type\":\"ListItem\",\"position\":2,\"name\":\"LA GAMA DE PAPELES ARCHES\u00ae\",\"item\":\"https:\/\/arches-papers.com\/es\/la-gama-de-papeles-arches\/\"},{\"@type\":\"ListItem\",\"position\":3,\"name\":\"\u00d3leo\",\"item\":\"https:\/\/arches-papers.com\/es\/la-gama-de-papeles-arches\/pintura-al-oleo\/\"},{\"@type\":\"ListItem\",\"position\":4,\"name\":\"ARCHES\u00ae Huile\"}]},{\"@type\":\"WebSite\",\"@id\":\"https:\/\/arches-papers.com\/es\/#website\",\"url\":\"https:\/\/arches-papers.com\/es\/\",\"name\":\"Arches Papers\",\"description\":\"Fabricant de papier\",\"potentialAction\":[{\"@type\":\"SearchAction\",\"target\":{\"@type\":\"EntryPoint\",\"urlTemplate\":\"https:\/\/arches-papers.com\/es\/?s={search_term_string}\"},\"query-input\":{\"@type\":\"PropertyValueSpecification\",\"valueRequired\":true,\"valueName\":\"search_term_string\"}}],\"inLanguage\":\"es\"}]}<\/script>\n<!-- \/ Yoast SEO plugin. -->","yoast_head_json":{"title":"ARCHES\u00ae Huile - Arches Papers","description":"ARCHES fue el primer fabricante de papel que desarroll\u00f3 y comercializ\u00f3 un papel espec\u00edfico para la pintura al \u00f3leo: ARCHES Huile.","robots":{"index":"index","follow":"follow","max-snippet":"max-snippet:-1","max-image-preview":"max-image-preview:large","max-video-preview":"max-video-preview:-1"},"canonical":"https:\/\/arches-papers.com\/es\/la-gama-de-papeles-arches\/pintura-al-oleo\/arches-huile\/","og_locale":"es_ES","og_type":"article","og_title":"ARCHES\u00ae Huile - Arches Papers","og_description":"ARCHES fue el primer fabricante de papel que desarroll\u00f3 y comercializ\u00f3 un papel espec\u00edfico para la pintura al \u00f3leo: ARCHES Huile.","og_url":"https:\/\/arches-papers.com\/es\/la-gama-de-papeles-arches\/pintura-al-oleo\/arches-huile\/","og_site_name":"Arches Papers","article_modified_time":"2024-10-23T10:34:09+00:00","og_image":[{"width":1200,"height":857,"url":"https:\/\/arches-papers.com\/wp-content\/uploads\/2021\/03\/ARCHES_HUILE_20-01.jpg","type":"image\/jpeg"}],"twitter_card":"summary_large_image","twitter_misc":{"Tiempo de lectura":"5 minutos"},"schema":{"@context":"https:\/\/schema.org","@graph":[{"@type":"WebPage","@id":"https:\/\/arches-papers.com\/es\/la-gama-de-papeles-arches\/pintura-al-oleo\/arches-huile\/","url":"https:\/\/arches-papers.com\/es\/la-gama-de-papeles-arches\/pintura-al-oleo\/arches-huile\/","name":"ARCHES\u00ae Huile - Arches Papers","isPartOf":{"@id":"https:\/\/arches-papers.com\/es\/#website"},"primaryImageOfPage":{"@id":"https:\/\/arches-papers.com\/es\/la-gama-de-papeles-arches\/pintura-al-oleo\/arches-huile\/#primaryimage"},"image":{"@id":"https:\/\/arches-papers.com\/es\/la-gama-de-papeles-arches\/pintura-al-oleo\/arches-huile\/#primaryimage"},"thumbnailUrl":"https:\/\/arches-papers.com\/wp-content\/uploads\/2021\/03\/ARCHES_HUILE_20-01.jpg","datePublished":"2019-07-05T07:29:43+00:00","dateModified":"2024-10-23T10:34:09+00:00","description":"ARCHES fue el primer fabricante de papel que desarroll\u00f3 y comercializ\u00f3 un papel espec\u00edfico para la pintura al \u00f3leo: ARCHES Huile.","breadcrumb":{"@id":"https:\/\/arches-papers.com\/es\/la-gama-de-papeles-arches\/pintura-al-oleo\/arches-huile\/#breadcrumb"},"inLanguage":"es","potentialAction":[{"@type":"ReadAction","target":["https:\/\/arches-papers.com\/es\/la-gama-de-papeles-arches\/pintura-al-oleo\/arches-huile\/"]}]},{"@type":"ImageObject","inLanguage":"es","@id":"https:\/\/arches-papers.com\/es\/la-gama-de-papeles-arches\/pintura-al-oleo\/arches-huile\/#primaryimage","url":"https:\/\/arches-papers.com\/wp-content\/uploads\/2021\/03\/ARCHES_HUILE_20-01.jpg","contentUrl":"https:\/\/arches-papers.com\/wp-content\/uploads\/2021\/03\/ARCHES_HUILE_20-01.jpg","width":1200,"height":857,"caption":"papier Arches huile"},{"@type":"BreadcrumbList","@id":"https:\/\/arches-papers.com\/es\/la-gama-de-papeles-arches\/pintura-al-oleo\/arches-huile\/#breadcrumb","itemListElement":[{"@type":"ListItem","position":1,"name":"Accueil","item":"https:\/\/arches-papers.com\/es\/"},{"@type":"ListItem","position":2,"name":"LA GAMA DE PAPELES ARCHES\u00ae","item":"https:\/\/arches-papers.com\/es\/la-gama-de-papeles-arches\/"},{"@type":"ListItem","position":3,"name":"\u00d3leo","item":"https:\/\/arches-papers.com\/es\/la-gama-de-papeles-arches\/pintura-al-oleo\/"},{"@type":"ListItem","position":4,"name":"ARCHES\u00ae Huile"}]},{"@type":"WebSite","@id":"https:\/\/arches-papers.com\/es\/#website","url":"https:\/\/arches-papers.com\/es\/","name":"Arches Papers","description":"Fabricant de papier","potentialAction":[{"@type":"SearchAction","target":{"@type":"EntryPoint","urlTemplate":"https:\/\/arches-papers.com\/es\/?s={search_term_string}"},"query-input":{"@type":"PropertyValueSpecification","valueRequired":true,"valueName":"search_term_string"}}],"inLanguage":"es"}]}},"_links":{"self":[{"href":"https:\/\/arches-papers.com\/es\/wp-json\/wp\/v2\/pages\/17175","targetHints":{"allow":["GET"]}}],"collection":[{"href":"https:\/\/arches-papers.com\/es\/wp-json\/wp\/v2\/pages"}],"about":[{"href":"https:\/\/arches-papers.com\/es\/wp-json\/wp\/v2\/types\/page"}],"author":[{"embeddable":true,"href":"https:\/\/arches-papers.com\/es\/wp-json\/wp\/v2\/users\/1"}],"replies":[{"embeddable":true,"href":"https:\/\/arches-papers.com\/es\/wp-json\/wp\/v2\/comments?post=17175"}],"version-history":[{"count":0,"href":"https:\/\/arches-papers.com\/es\/wp-json\/wp\/v2\/pages\/17175\/revisions"}],"up":[{"embeddable":true,"href":"https:\/\/arches-papers.com\/es\/wp-json\/wp\/v2\/pages\/17701"}],"wp:featuredmedia":[{"embeddable":true,"href":"https:\/\/arches-papers.com\/es\/wp-json\/wp\/v2\/media\/30574"}],"wp:attachment":[{"href":"https:\/\/arches-papers.com\/es\/wp-json\/wp\/v2\/media?parent=17175"}],"wp:term":[{"taxonomy":"post_tag","embeddable":true,"href":"https:\/\/arches-papers.com\/es\/wp-json\/wp\/v2\/tags?post=17175"}],"curies":[{"name":"wp","href":"https:\/\/api.w.org\/{rel}","templated":true}]}}