{"id":17193,"date":"2019-07-05T09:31:54","date_gmt":"2019-07-05T07:31:54","guid":{"rendered":"https:\/\/biatocd.cluster020.hosting.ovh.net\/ingres-darches-mbm\/"},"modified":"2023-05-11T17:50:49","modified_gmt":"2023-05-11T15:50:49","slug":"ingres-de-arches-mbm","status":"publish","type":"page","link":"https:\/\/arches-papers.com\/es\/la-gama-de-papeles-arches\/edicion-de-arte\/ingres-de-arches-mbm\/","title":{"rendered":"Ingres d&#8217;ARCHES MBM<sup>\u00ae<\/sup>"},"content":{"rendered":"<div class=\"wpb-content-wrapper\"><p>[vc_row][vc_column][vc_empty_space height=&#8221;100px&#8221;][\/vc_column][\/vc_row][vc_row el_class=&#8221;line-right&#8221;][vc_column]<style>.ld_fancy_heading_6a0144f165320 h3 {padding-bottom:0px !important;  } .ld_fancy_heading_6a0144f165320 h3 {margin-bottom:0px !important;  } .ld_fancy_heading_6a0144f165320 .lqd-highlight-inner{height:0.275em;bottom:0px;}.ld_fancy_heading_6a0144f165320 h3 {padding-bottom:0px !important;  } .ld_fancy_heading_6a0144f165320 h3 {margin-bottom:0px !important;  } <\/style><div class=\"ld-fancy-heading text-right text-uppercase ld_fancy_heading_6a0144f165320\">\n\t<h3 class=\"lqd-highlight-underline lqd-highlight-grow-left\" ><span class=\"ld-fh-txt\"> \u00a1Una <span style=\"font-size: 70px\">referencia<\/span><\/span><\/h3><\/div><style>.ld_fancy_heading_6a0144f165507 h3 {padding-bottom:0px !important;  } .ld_fancy_heading_6a0144f165507 h3 {margin-bottom:0px !important;  } .ld_fancy_heading_6a0144f165507 .lqd-highlight-inner{height:0.275em;bottom:0px;}.ld_fancy_heading_6a0144f165507 h3 {padding-bottom:0px !important;  } .ld_fancy_heading_6a0144f165507 h3 {margin-bottom:0px !important;  } <\/style><div class=\"ld-fancy-heading text-right text-uppercase ld_fancy_heading_6a0144f165507\">\n\t<h3 class=\"lqd-highlight-underline lqd-highlight-grow-left\" ><span class=\"ld-fh-txt\"> en el mundo de los papeles de Edici\u00f3n de arte de gama alta!<\/span><\/h3><\/div>[vc_empty_space height=&#8221;50px&#8221;][\/vc_column][\/vc_row][vc_row equal_height=&#8221;yes&#8221; content_placement=&#8221;top&#8221; css=&#8221;.vc_custom_1581598856058{margin-top: 100px !important;}&#8221;][vc_column width=&#8221;2\/3&#8243; css=&#8221;.vc_custom_1581598697980{margin-top: 50px !important;}&#8221;][vc_single_image image=&#8221;13853&#8243; img_size=&#8221;large&#8221; css_animation=&#8221;fadeInLeft&#8221;][vc_row_inner css=&#8221;.vc_custom_1581593381145{margin-top: -110px !important;}&#8221;][vc_column_inner width=&#8221;1\/3&#8243;][\/vc_column_inner][vc_column_inner width=&#8221;1\/3&#8243;][vc_single_image image=&#8221;15129&#8243; img_size=&#8221;large&#8221; alignment=&#8221;center&#8221; css_animation=&#8221;fadeInUp&#8221;][\/vc_column_inner][vc_column_inner width=&#8221;1\/3&#8243;][\/vc_column_inner][\/vc_row_inner][\/vc_column][vc_column width=&#8221;1\/3&#8243;][vc_empty_space height=&#8221;70px&#8221;][vc_column_text css_animation=&#8221;fadeInUp&#8221; el_class=&#8221;justify&#8221;]Jean-Auguste-Dominique Ingres, pintor que demostr\u00f3 una enorme sensibilidad por el material y deseoso de probar numerosas t\u00e9cnicas de dibujo y acuarela, inspir\u00f3 ARCHES\u00ae.<\/p>\n<p><strong>Fabricado en forma redonda (m\u00e9todo tradicional) :<\/strong>\u00a0una calidad que se aproxima a la del papel fabricado de forma artesanal. La rotaci\u00f3n lenta del cilindro facilita la regular disposici\u00f3n de las fibras y su distribuci\u00f3n en todas direcciones en el lienzo. De este modo, el papel es homog\u00e9neo y posee una buena estabilidad dimensional. Solo la fabricaci\u00f3n en forma redonda permite obtener papeles con barbas.[\/vc_column_text][vc_empty_space height=&#8221;55px&#8221;][\/vc_column][\/vc_row][vc_row css=&#8221;.vc_custom_1565615931815{margin-top: -200px !important;}&#8221; el_class=&#8221;zindex1&#8243;][vc_column][vc_empty_space height=&#8221;150px&#8221;][\/vc_column][\/vc_row][vc_row][vc_column]<style>.ld_spacer_6a0144f1655d3{height:150px;}<\/style>\n<div class=\"ld-empty-space ld_spacer_6a0144f1655d3\"><span class=\"liquid_empty_space_inner\"><\/span><\/div>[\/vc_column][\/vc_row][vc_row el_class=&#8221;line-left&#8221;][vc_column]<style>.ld_fancy_heading_6a0144f16568e h1 {padding-bottom:0px !important;  } .ld_fancy_heading_6a0144f16568e h1 {margin-bottom:0px !important;  } .ld_fancy_heading_6a0144f16568e .lqd-highlight-inner{height:0.275em;bottom:0px;}.ld_fancy_heading_6a0144f16568e h1 {padding-bottom:0px !important;  } .ld_fancy_heading_6a0144f16568e h1 {margin-bottom:0px !important;  } <\/style><div class=\"ld-fancy-heading text-left text-uppercase ld_fancy_heading_6a0144f16568e\">\n\t<h1 class=\"lqd-highlight-underline lqd-highlight-grow-left\" ><span class=\"ld-fh-txt\"> Propiedades<\/span><\/h1><\/div>[\/vc_column][\/vc_row][vc_row][vc_column]<style>.ld_spacer_6a0144f165746{height:150px;}<\/style>\n<div class=\"ld-empty-space ld_spacer_6a0144f165746\"><span class=\"liquid_empty_space_inner\"><\/span><\/div>[\/vc_column][\/vc_row][vc_row gap=&#8221;35&#8243; enable_content_animation=&#8221;yes&#8221; animation_preset=&#8221;Fade In Up&#8221;][vc_column width=&#8221;1\/3&#8243;][vc_column_text css_animation=&#8221;bounceInUp&#8221;]<\/p>\n<h3 style=\"text-align: center;\">Utilizaci\u00f3n<\/h3>\n<p style=\"text-align: center;\">L\u00e1piz, pastel, carboncillo, sanguina, grafito, caligraf\u00eda, pluma, tinta, fieltro, aguada, marmoleado, tipograf\u00eda, gofrado, encuadernaci\u00f3n<\/p>\n<p>[\/vc_column_text][\/vc_column][vc_column width=&#8221;1\/3&#8243;][vc_column_text css_animation=&#8221;bounceInUp&#8221;]<\/p>\n<h3 style=\"text-align: center;\">Formatos<\/h3>\n<p style=\"text-align: center;\">Hojas, bloques encolados por el lado corto<\/p>\n<p>[\/vc_column_text][\/vc_column][vc_column width=&#8221;1\/3&#8243;][vc_column_text css_animation=&#8221;bounceInUp&#8221;]<\/p>\n<h3 style=\"text-align: center;\">75% algod\u00f3n<\/h3>\n<p style=\"text-align: center;\">Alto contenido de algod\u00f3n, papel muy resistente. El placer de utilizar un material delicado, flexible, noble (con un tacto incre\u00edble).<\/p>\n<p>[\/vc_column_text][\/vc_column][\/vc_row][vc_row][vc_column][vc_empty_space][\/vc_column][\/vc_row][vc_row gap=&#8221;35&#8243; enable_content_animation=&#8221;yes&#8221; animation_preset=&#8221;Fade In Up&#8221;][vc_column width=&#8221;1\/3&#8243;][vc_column_text css_animation=&#8221;bounceInUp&#8221; el_class=&#8221;justify&#8221;]<\/p>\n<h3 style=\"text-align: center;\">Textura<\/h3>\n<p style=\"text-align: center;\">Verjurado. Las verjuras proporcionan un cierto relieve al papel y ofrecen una superficie sobresaliente que permite conservar los m\u00e1s m\u00ednimos matices de la mina, as\u00ed como dar cuerpo y profundidad a la obra. Papel reconocido por sus cualidades excepcionales en todas las escuelas de Bellas Artes del mundo. Papel preferido de los artistas franceses del siglo XIX (por ejemplo, dibujo con carboncillo de Georges Seurat).<\/p>\n<p>[\/vc_column_text][\/vc_column][vc_column width=&#8221;1\/3&#8243;][vc_column_text css_animation=&#8221;bounceInUp&#8221; el_class=&#8221;justify&#8221;]<\/p>\n<h3 style=\"text-align: center;\">85, 105, 130 g\/m\u00b2<\/h3>\n<p style=\"text-align: center;\">Resistente y ligero a la vez. Posee una excelente mano. Ideal para expresar su creatividad en un soporte acad\u00e9mico de alto rendimiento.<\/p>\n<p>[\/vc_column_text][\/vc_column][vc_column width=&#8221;1\/3&#8243;][vc_column_text css_animation=&#8221;bounceInUp&#8221; el_class=&#8221;justify&#8221;]<\/p>\n<h3 style=\"text-align: center;\">Formulaci\u00f3n especial<\/h3>\n<p style=\"text-align: center;\">Gelatinado en la superficie. Limita la capacidad de absorci\u00f3n del papel (la tinta no chorrea) y garantiza el buen aguante de las fibras. Resultado \u00f3ptimo incluso despu\u00e9s de repetidas correcciones.<\/p>\n<p>[\/vc_column_text][\/vc_column][\/vc_row][vc_row][vc_column][vc_empty_space][\/vc_column][\/vc_row][vc_row enable_content_animation=&#8221;yes&#8221; animation_preset=&#8221;Fade In Up&#8221;][vc_column width=&#8221;1\/3&#8243;][vc_column_text css_animation=&#8221;bounceInUp&#8221;]<\/p>\n<h3 style=\"text-align: center;\">Colores<\/h3>\n<p style=\"text-align: center;\">Blanco, crema.<\/p>\n<p>[\/vc_column_text][\/vc_column][vc_column width=&#8221;1\/3&#8243;][vc_column_text css_animation=&#8221;bounceInUp&#8221;]<\/p>\n<h3 style=\"text-align: center;\">Hoja: autenticidad y prestigio<\/h3>\n<p style=\"text-align: center;\">Barbas<\/p>\n<p style=\"text-align: center;\">Filigrana<br \/>\n<img decoding=\"async\" class=\"alignnone wp-image-14532 size-full\" src=\"https:\/\/arches-papers.com\/wp-content\/uploads\/2019\/11\/filigrane-arches-ingres-mbm.png\" alt=\"\" width=\"261\" height=\"28\" \/><\/p>\n<p>[\/vc_column_text][\/vc_column][vc_column width=&#8221;1\/3&#8243;][vc_column_text css_animation=&#8221;bounceInUp&#8221;]<\/p>\n<h3 style=\"text-align: center;\">Conservaci\u00f3n<\/h3>\n<p style=\"text-align: center;\">Con reserva alcalina, sin \u00e1cido, ni blanqueadores \u00f3pticos (permanente de acuerdo con la norma ISO 9706)<\/p>\n<p>[\/vc_column_text][\/vc_column][\/vc_row][vc_row][vc_column][vc_empty_space][\/vc_column][\/vc_row][vc_row el_class=&#8221;line-left&#8221;][vc_column]<style>.ld_fancy_heading_6a0144f1657e3 h1 {padding-bottom:0px !important;  } .ld_fancy_heading_6a0144f1657e3 h1 {margin-bottom:0px !important;  } .ld_fancy_heading_6a0144f1657e3 .lqd-highlight-inner{height:0.275em;bottom:0px;}.ld_fancy_heading_6a0144f1657e3 h1 {padding-bottom:0px !important;  } .ld_fancy_heading_6a0144f1657e3 h1 {margin-bottom:0px !important;  } <\/style><div class=\"ld-fancy-heading text-left text-uppercase ld_fancy_heading_6a0144f1657e3\">\n\t<h1 class=\"lqd-highlight-underline lqd-highlight-grow-left\" ><span class=\"ld-fh-txt\"> <span style=\"font-size: 26px\">LA <\/span>GAMA<\/span><\/h1><\/div>[\/vc_column][\/vc_row][vc_row][vc_column]<style>.ld_spacer_6a0144f1658b8{height:150px;}<\/style>\n<div class=\"ld-empty-space ld_spacer_6a0144f1658b8\"><span class=\"liquid_empty_space_inner\"><\/span><\/div>[vc_column_text]Hojas: fabricaci\u00f3n por encargo.[\/vc_column_text]<style>.ld_spacer_6a0144f165906{height:50px;}<\/style>\n<div class=\"ld-empty-space ld_spacer_6a0144f165906\"><span class=\"liquid_empty_space_inner\"><\/span><\/div>[\/vc_column][\/vc_row][vc_row][vc_column el_class=&#8221;box-shadow&#8221;][vc_single_image image=&#8221;13352&#8243; img_size=&#8221;full&#8221; alignment=&#8221;center&#8221; css=&#8221;.vc_custom_1622813390467{margin-bottom: 5px !important;}&#8221;][vc_column_text css=&#8221;.vc_custom_1622813426422{margin-bottom: 5px !important;}&#8221;]<\/p>\n<h4 style=\"text-align: center;\"><span style=\"color: #d0303d;\">Hojas<\/span><\/h4>\n<p>[\/vc_column_text][vc_column_text]\n<table id=\"tablepress-99\" class=\"tablepress tablepress-id-99\">\n<thead>\n<tr class=\"row-1\">\n\t<th class=\"column-1\">Gramaje<\/th><th class=\"column-2\">Textura<\/th><th class=\"column-3\">Color<\/th><th class=\"column-4\">Formato<\/th><th class=\"column-5\">Bordes<\/th><th class=\"column-6\">N\u00ba de hojas<\/th><th class=\"column-7\">Referencia<\/th>\n<\/tr>\n<\/thead>\n<tbody class=\"row-striping row-hover\">\n<tr class=\"row-2\">\n\t<td class=\"column-1\">130 g\/m\u00b2<\/td><td class=\"column-2\">Verjurado<\/td><td class=\"column-3\">Blanco<\/td><td class=\"column-4\">65 x 50 cm<\/td><td class=\"column-5\">2 barbas<\/td><td class=\"column-6\">25<\/td><td class=\"column-7\">A1795160<\/td>\n<\/tr>\n<\/tbody>\n<\/table>\n[\/vc_column_text][vc_single_image image=&#8221;13874&#8243; img_size=&#8221;full&#8221; alignment=&#8221;center&#8221; css=&#8221;.vc_custom_1622813398601{margin-bottom: 5px !important;}&#8221;][vc_column_text css=&#8221;.vc_custom_1622813461014{margin-bottom: 5px !important;}&#8221;]<\/p>\n<h4 style=\"text-align: center;\"><span style=\"color: #d0303d;\">Bloques encolados por el lado corto<\/span><\/h4>\n<p>[\/vc_column_text][vc_column_text]\n<table id=\"tablepress-98\" class=\"tablepress tablepress-id-98\">\n<thead>\n<tr class=\"row-1\">\n\t<th class=\"column-1\">Gramaje<\/th><th class=\"column-2\">Textura<\/th><th class=\"column-3\">Color<\/th><th class=\"column-4\">Formato<\/th><th class=\"column-5\">Bordes<\/th><th class=\"column-6\">N\u00ba de hojas<\/th><th class=\"column-7\">Referencia<\/th>\n<\/tr>\n<\/thead>\n<tbody class=\"row-striping row-hover\">\n<tr class=\"row-2\">\n\t<td class=\"column-1\">105 g\/m\u00b2<\/td><td class=\"column-2\">Verjurado<\/td><td class=\"column-3\">Blanco<\/td><td class=\"column-4\">23 x 31 cm<\/td><td class=\"column-5\">4 bordes sin rematar<\/td><td class=\"column-6\">20 <\/td><td class=\"column-7\">A1795110<\/td>\n<\/tr>\n<\/tbody>\n<\/table>\n[\/vc_column_text][\/vc_column][\/vc_row][vc_row][vc_column width=&#8221;2\/3&#8243;][vc_empty_space][vc_column_text]<img decoding=\"async\" class=\" wp-image-15145 alignleft\" src=\"https:\/\/arches-papers.com\/wp-content\/uploads\/2020\/02\/puce-info.png\" alt=\"\" width=\"24\" height=\"24\" \/><em>No todos nuestros productos est\u00e1n disponibles en nuestros puntos de venta; consulte la disponibilidad de la referencia deseada a su distribuidor local, el cual sabr\u00e1 aconsejarle convenientemente.<\/em>[\/vc_column_text][vc_empty_space][\/vc_column][vc_column width=&#8221;1\/3&#8243;][\/vc_column][\/vc_row]<\/p>\n<\/div>","protected":false},"excerpt":{"rendered":"[vc_row][vc_column][vc_empty_space height=&#8221;100px&#8221;][\/vc_column][\/vc_row][vc_row el_class=&#8221;line-right&#8221;][vc_column][vc_empty_space height=&#8221;50px&#8221;][\/vc_column][\/vc_row][vc_row equal_height=&#8221;yes&#8221; content_placement=&#8221;top&#8221; css=&#8221;.vc_custom_1581598856058{margin-top: 100px !important;}&#8221;][vc_column width=&#8221;2\/3&#8243; css=&#8221;.vc_custom_1581598697980{margin-top: 50px !important;}&#8221;][vc_single_image image=&#8221;13853&#8243; img_size=&#8221;large&#8221;&#8230;","protected":false},"author":1,"featured_media":14539,"parent":17717,"menu_order":5,"comment_status":"closed","ping_status":"closed","template":"","meta":{"footnotes":""},"tags":[],"class_list":["post-17193","page","type-page","status-publish","has-post-thumbnail","hentry"],"yoast_head":"<!-- This site is optimized with the Yoast SEO plugin v27.1.1 - https:\/\/yoast.com\/product\/yoast-seo-wordpress\/ -->\n<title>Ingres d&#039;ARCHES MBM\u00ae - Arches Papers<\/title>\n<meta name=\"description\" content=\"El papel Ingres de ARCHES MBM es una referencia en el mundo de los papeles de edici\u00f3n de arte de alta gama. El pintor Jean-Auguste-Dominique Ingres inspir\u00f3 a ARCHES para crear este papel verjurado ideal para el dibujo, la tipograf\u00eda, el gofrado o la encuadernaci\u00f3n. Este papel da cuerpo y profundidad a las obras.\" \/>\n<meta name=\"robots\" content=\"index, follow, max-snippet:-1, max-image-preview:large, max-video-preview:-1\" \/>\n<link rel=\"canonical\" href=\"https:\/\/arches-papers.com\/es\/la-gama-de-papeles-arches\/edicion-de-arte\/ingres-de-arches-mbm\/\" \/>\n<meta property=\"og:locale\" content=\"es_ES\" \/>\n<meta property=\"og:type\" content=\"article\" \/>\n<meta property=\"og:title\" content=\"Ingres d&#039;ARCHES MBM\u00ae - Arches Papers\" \/>\n<meta property=\"og:description\" content=\"El papel Ingres de ARCHES MBM es una referencia en el mundo de los papeles de edici\u00f3n de arte de alta gama. El pintor Jean-Auguste-Dominique Ingres inspir\u00f3 a ARCHES para crear este papel verjurado ideal para el dibujo, la tipograf\u00eda, el gofrado o la encuadernaci\u00f3n. Este papel da cuerpo y profundidad a las obras.\" \/>\n<meta property=\"og:url\" content=\"https:\/\/arches-papers.com\/es\/la-gama-de-papeles-arches\/edicion-de-arte\/ingres-de-arches-mbm\/\" \/>\n<meta property=\"og:site_name\" content=\"Arches Papers\" \/>\n<meta property=\"article:modified_time\" content=\"2023-05-11T15:50:49+00:00\" \/>\n<meta property=\"og:image\" content=\"https:\/\/arches-papers.com\/wp-content\/uploads\/2019\/11\/arches-ingres-mbm.jpg\" \/>\n\t<meta property=\"og:image:width\" content=\"1680\" \/>\n\t<meta property=\"og:image:height\" content=\"1200\" \/>\n\t<meta property=\"og:image:type\" content=\"image\/jpeg\" \/>\n<meta name=\"twitter:card\" content=\"summary_large_image\" \/>\n<meta name=\"twitter:label1\" content=\"Tiempo de lectura\" \/>\n\t<meta name=\"twitter:data1\" content=\"5 minutos\" \/>\n<script type=\"application\/ld+json\" class=\"yoast-schema-graph\">{\"@context\":\"https:\/\/schema.org\",\"@graph\":[{\"@type\":\"WebPage\",\"@id\":\"https:\/\/arches-papers.com\/es\/la-gama-de-papeles-arches\/edicion-de-arte\/ingres-de-arches-mbm\/\",\"url\":\"https:\/\/arches-papers.com\/es\/la-gama-de-papeles-arches\/edicion-de-arte\/ingres-de-arches-mbm\/\",\"name\":\"Ingres d'ARCHES MBM\u00ae - Arches Papers\",\"isPartOf\":{\"@id\":\"https:\/\/arches-papers.com\/es\/#website\"},\"primaryImageOfPage\":{\"@id\":\"https:\/\/arches-papers.com\/es\/la-gama-de-papeles-arches\/edicion-de-arte\/ingres-de-arches-mbm\/#primaryimage\"},\"image\":{\"@id\":\"https:\/\/arches-papers.com\/es\/la-gama-de-papeles-arches\/edicion-de-arte\/ingres-de-arches-mbm\/#primaryimage\"},\"thumbnailUrl\":\"https:\/\/arches-papers.com\/wp-content\/uploads\/2019\/11\/arches-ingres-mbm.jpg\",\"datePublished\":\"2019-07-05T07:31:54+00:00\",\"dateModified\":\"2023-05-11T15:50:49+00:00\",\"description\":\"El papel Ingres de ARCHES MBM es una referencia en el mundo de los papeles de edici\u00f3n de arte de alta gama. El pintor Jean-Auguste-Dominique Ingres inspir\u00f3 a ARCHES para crear este papel verjurado ideal para el dibujo, la tipograf\u00eda, el gofrado o la encuadernaci\u00f3n. Este papel da cuerpo y profundidad a las obras.\",\"breadcrumb\":{\"@id\":\"https:\/\/arches-papers.com\/es\/la-gama-de-papeles-arches\/edicion-de-arte\/ingres-de-arches-mbm\/#breadcrumb\"},\"inLanguage\":\"es\",\"potentialAction\":[{\"@type\":\"ReadAction\",\"target\":[\"https:\/\/arches-papers.com\/es\/la-gama-de-papeles-arches\/edicion-de-arte\/ingres-de-arches-mbm\/\"]}]},{\"@type\":\"ImageObject\",\"inLanguage\":\"es\",\"@id\":\"https:\/\/arches-papers.com\/es\/la-gama-de-papeles-arches\/edicion-de-arte\/ingres-de-arches-mbm\/#primaryimage\",\"url\":\"https:\/\/arches-papers.com\/wp-content\/uploads\/2019\/11\/arches-ingres-mbm.jpg\",\"contentUrl\":\"https:\/\/arches-papers.com\/wp-content\/uploads\/2019\/11\/arches-ingres-mbm.jpg\",\"width\":1680,\"height\":1200,\"caption\":\"Ingres d'ARCHES paper\"},{\"@type\":\"BreadcrumbList\",\"@id\":\"https:\/\/arches-papers.com\/es\/la-gama-de-papeles-arches\/edicion-de-arte\/ingres-de-arches-mbm\/#breadcrumb\",\"itemListElement\":[{\"@type\":\"ListItem\",\"position\":1,\"name\":\"Accueil\",\"item\":\"https:\/\/arches-papers.com\/es\/\"},{\"@type\":\"ListItem\",\"position\":2,\"name\":\"LA GAMA DE PAPELES ARCHES\u00ae\",\"item\":\"https:\/\/arches-papers.com\/es\/la-gama-de-papeles-arches\/\"},{\"@type\":\"ListItem\",\"position\":3,\"name\":\"Edici\u00f3n de arte\",\"item\":\"https:\/\/arches-papers.com\/es\/la-gama-de-papeles-arches\/edicion-de-arte\/\"},{\"@type\":\"ListItem\",\"position\":4,\"name\":\"Ingres d&#8217;ARCHES MBM\u00ae\"}]},{\"@type\":\"WebSite\",\"@id\":\"https:\/\/arches-papers.com\/es\/#website\",\"url\":\"https:\/\/arches-papers.com\/es\/\",\"name\":\"Arches Papers\",\"description\":\"Fabricant de papier\",\"potentialAction\":[{\"@type\":\"SearchAction\",\"target\":{\"@type\":\"EntryPoint\",\"urlTemplate\":\"https:\/\/arches-papers.com\/es\/?s={search_term_string}\"},\"query-input\":{\"@type\":\"PropertyValueSpecification\",\"valueRequired\":true,\"valueName\":\"search_term_string\"}}],\"inLanguage\":\"es\"}]}<\/script>\n<!-- \/ Yoast SEO plugin. -->","yoast_head_json":{"title":"Ingres d'ARCHES MBM\u00ae - Arches Papers","description":"El papel Ingres de ARCHES MBM es una referencia en el mundo de los papeles de edici\u00f3n de arte de alta gama. El pintor Jean-Auguste-Dominique Ingres inspir\u00f3 a ARCHES para crear este papel verjurado ideal para el dibujo, la tipograf\u00eda, el gofrado o la encuadernaci\u00f3n. Este papel da cuerpo y profundidad a las obras.","robots":{"index":"index","follow":"follow","max-snippet":"max-snippet:-1","max-image-preview":"max-image-preview:large","max-video-preview":"max-video-preview:-1"},"canonical":"https:\/\/arches-papers.com\/es\/la-gama-de-papeles-arches\/edicion-de-arte\/ingres-de-arches-mbm\/","og_locale":"es_ES","og_type":"article","og_title":"Ingres d'ARCHES MBM\u00ae - Arches Papers","og_description":"El papel Ingres de ARCHES MBM es una referencia en el mundo de los papeles de edici\u00f3n de arte de alta gama. El pintor Jean-Auguste-Dominique Ingres inspir\u00f3 a ARCHES para crear este papel verjurado ideal para el dibujo, la tipograf\u00eda, el gofrado o la encuadernaci\u00f3n. Este papel da cuerpo y profundidad a las obras.","og_url":"https:\/\/arches-papers.com\/es\/la-gama-de-papeles-arches\/edicion-de-arte\/ingres-de-arches-mbm\/","og_site_name":"Arches Papers","article_modified_time":"2023-05-11T15:50:49+00:00","og_image":[{"width":1680,"height":1200,"url":"https:\/\/arches-papers.com\/wp-content\/uploads\/2019\/11\/arches-ingres-mbm.jpg","type":"image\/jpeg"}],"twitter_card":"summary_large_image","twitter_misc":{"Tiempo de lectura":"5 minutos"},"schema":{"@context":"https:\/\/schema.org","@graph":[{"@type":"WebPage","@id":"https:\/\/arches-papers.com\/es\/la-gama-de-papeles-arches\/edicion-de-arte\/ingres-de-arches-mbm\/","url":"https:\/\/arches-papers.com\/es\/la-gama-de-papeles-arches\/edicion-de-arte\/ingres-de-arches-mbm\/","name":"Ingres d'ARCHES MBM\u00ae - Arches Papers","isPartOf":{"@id":"https:\/\/arches-papers.com\/es\/#website"},"primaryImageOfPage":{"@id":"https:\/\/arches-papers.com\/es\/la-gama-de-papeles-arches\/edicion-de-arte\/ingres-de-arches-mbm\/#primaryimage"},"image":{"@id":"https:\/\/arches-papers.com\/es\/la-gama-de-papeles-arches\/edicion-de-arte\/ingres-de-arches-mbm\/#primaryimage"},"thumbnailUrl":"https:\/\/arches-papers.com\/wp-content\/uploads\/2019\/11\/arches-ingres-mbm.jpg","datePublished":"2019-07-05T07:31:54+00:00","dateModified":"2023-05-11T15:50:49+00:00","description":"El papel Ingres de ARCHES MBM es una referencia en el mundo de los papeles de edici\u00f3n de arte de alta gama. El pintor Jean-Auguste-Dominique Ingres inspir\u00f3 a ARCHES para crear este papel verjurado ideal para el dibujo, la tipograf\u00eda, el gofrado o la encuadernaci\u00f3n. Este papel da cuerpo y profundidad a las obras.","breadcrumb":{"@id":"https:\/\/arches-papers.com\/es\/la-gama-de-papeles-arches\/edicion-de-arte\/ingres-de-arches-mbm\/#breadcrumb"},"inLanguage":"es","potentialAction":[{"@type":"ReadAction","target":["https:\/\/arches-papers.com\/es\/la-gama-de-papeles-arches\/edicion-de-arte\/ingres-de-arches-mbm\/"]}]},{"@type":"ImageObject","inLanguage":"es","@id":"https:\/\/arches-papers.com\/es\/la-gama-de-papeles-arches\/edicion-de-arte\/ingres-de-arches-mbm\/#primaryimage","url":"https:\/\/arches-papers.com\/wp-content\/uploads\/2019\/11\/arches-ingres-mbm.jpg","contentUrl":"https:\/\/arches-papers.com\/wp-content\/uploads\/2019\/11\/arches-ingres-mbm.jpg","width":1680,"height":1200,"caption":"Ingres d'ARCHES paper"},{"@type":"BreadcrumbList","@id":"https:\/\/arches-papers.com\/es\/la-gama-de-papeles-arches\/edicion-de-arte\/ingres-de-arches-mbm\/#breadcrumb","itemListElement":[{"@type":"ListItem","position":1,"name":"Accueil","item":"https:\/\/arches-papers.com\/es\/"},{"@type":"ListItem","position":2,"name":"LA GAMA DE PAPELES ARCHES\u00ae","item":"https:\/\/arches-papers.com\/es\/la-gama-de-papeles-arches\/"},{"@type":"ListItem","position":3,"name":"Edici\u00f3n de arte","item":"https:\/\/arches-papers.com\/es\/la-gama-de-papeles-arches\/edicion-de-arte\/"},{"@type":"ListItem","position":4,"name":"Ingres d&#8217;ARCHES MBM\u00ae"}]},{"@type":"WebSite","@id":"https:\/\/arches-papers.com\/es\/#website","url":"https:\/\/arches-papers.com\/es\/","name":"Arches Papers","description":"Fabricant de papier","potentialAction":[{"@type":"SearchAction","target":{"@type":"EntryPoint","urlTemplate":"https:\/\/arches-papers.com\/es\/?s={search_term_string}"},"query-input":{"@type":"PropertyValueSpecification","valueRequired":true,"valueName":"search_term_string"}}],"inLanguage":"es"}]}},"_links":{"self":[{"href":"https:\/\/arches-papers.com\/es\/wp-json\/wp\/v2\/pages\/17193","targetHints":{"allow":["GET"]}}],"collection":[{"href":"https:\/\/arches-papers.com\/es\/wp-json\/wp\/v2\/pages"}],"about":[{"href":"https:\/\/arches-papers.com\/es\/wp-json\/wp\/v2\/types\/page"}],"author":[{"embeddable":true,"href":"https:\/\/arches-papers.com\/es\/wp-json\/wp\/v2\/users\/1"}],"replies":[{"embeddable":true,"href":"https:\/\/arches-papers.com\/es\/wp-json\/wp\/v2\/comments?post=17193"}],"version-history":[{"count":0,"href":"https:\/\/arches-papers.com\/es\/wp-json\/wp\/v2\/pages\/17193\/revisions"}],"up":[{"embeddable":true,"href":"https:\/\/arches-papers.com\/es\/wp-json\/wp\/v2\/pages\/17717"}],"wp:featuredmedia":[{"embeddable":true,"href":"https:\/\/arches-papers.com\/es\/wp-json\/wp\/v2\/media\/14539"}],"wp:attachment":[{"href":"https:\/\/arches-papers.com\/es\/wp-json\/wp\/v2\/media?parent=17193"}],"wp:term":[{"taxonomy":"post_tag","embeddable":true,"href":"https:\/\/arches-papers.com\/es\/wp-json\/wp\/v2\/tags?post=17193"}],"curies":[{"name":"wp","href":"https:\/\/api.w.org\/{rel}","templated":true}]}}