{"id":17257,"date":"2019-11-27T13:48:06","date_gmt":"2019-11-27T12:48:06","guid":{"rendered":"https:\/\/biatocd.cluster020.hosting.ovh.net\/arches-88\/"},"modified":"2024-10-23T13:54:15","modified_gmt":"2024-10-23T11:54:15","slug":"arches-88","status":"publish","type":"page","link":"https:\/\/arches-papers.com\/es\/la-gama-de-papeles-arches\/edicion-de-arte\/arches-88\/","title":{"rendered":"ARCHES<sup>\u00ae<\/sup> 88"},"content":{"rendered":"<div class=\"wpb-content-wrapper\"><p>[vc_row][vc_column][vc_empty_space height=&#8221;100px&#8221;][\/vc_column][\/vc_row][vc_row el_class=&#8221;line-right&#8221;][vc_column]<style>.ld_fancy_heading_6a0144f0ee1c8 h3 {padding-bottom:0px !important;  } .ld_fancy_heading_6a0144f0ee1c8 h3 {margin-bottom:0px !important;  } .ld_fancy_heading_6a0144f0ee1c8 .lqd-highlight-inner{height:0.275em;bottom:0px;}.ld_fancy_heading_6a0144f0ee1c8 h3 {padding-bottom:0px !important;  } .ld_fancy_heading_6a0144f0ee1c8 h3 {margin-bottom:0px !important;  } <\/style><div class=\"ld-fancy-heading text-right text-uppercase ld_fancy_heading_6a0144f0ee1c8\">\n\t<h3 class=\"lqd-highlight-underline lqd-highlight-grow-left\" ><span class=\"ld-fh-txt\"> \u00a1El soporte <span style=\"font-size: 70px\"><strong>ideal<br \/>\n<\/strong><\/span> para la <span style=\"font-size: 70px\"><strong>serigraf\u00eda!<\/strong><\/span><\/span><\/h3><\/div>[vc_empty_space height=&#8221;50px&#8221;][\/vc_column][\/vc_row][vc_row equal_height=&#8221;yes&#8221; content_placement=&#8221;middle&#8221; css=&#8221;.vc_custom_1581587801522{margin-top: 150px !important;}&#8221;][vc_column width=&#8221;2\/3&#8243;][vc_single_image image=&#8221;14611&#8243; img_size=&#8221;large&#8221; css_animation=&#8221;fadeInLeft&#8221;][\/vc_column][vc_column width=&#8221;1\/3&#8243;][vc_empty_space height=&#8221;35px&#8221;][vc_column_text css_animation=&#8221;fadeInUp&#8221; el_class=&#8221;justify&#8221;]<strong>Fabricado en forma redonda (m\u00e9todo tradicional) :<\/strong>una calidad que se aproxima a la del papel fabricado de forma artesanal. La rotaci\u00f3n lenta del cilindro permite la disposici\u00f3n regular de las fibras y su distribuci\u00f3n en todas direcciones en el lienzo. De este modo, el papel es homog\u00e9neo y posee una buena estabilidad dimensional, calidad esencial para el procedimiento serigr\u00e1fico que a veces requiere la sucesiva colocaci\u00f3n de un gran n\u00famero de colores. Solo la fabricaci\u00f3n en forma redonda permite obtener papeles con barbas.[\/vc_column_text][vc_empty_space height=&#8221;55px&#8221;][\/vc_column][\/vc_row][vc_row][vc_column]<style>.ld_spacer_6a0144f0ee38f{height:150px;}<\/style>\n<div class=\"ld-empty-space ld_spacer_6a0144f0ee38f\"><span class=\"liquid_empty_space_inner\"><\/span><\/div>[\/vc_column][\/vc_row][vc_row el_class=&#8221;line-left&#8221;][vc_column]<style>.ld_fancy_heading_6a0144f0ee450 h1 {padding-bottom:0px !important;  } .ld_fancy_heading_6a0144f0ee450 h1 {margin-bottom:0px !important;  } .ld_fancy_heading_6a0144f0ee450 .lqd-highlight-inner{height:0.275em;bottom:0px;}.ld_fancy_heading_6a0144f0ee450 h1 {padding-bottom:0px !important;  } .ld_fancy_heading_6a0144f0ee450 h1 {margin-bottom:0px !important;  } <\/style><div class=\"ld-fancy-heading text-left text-uppercase ld_fancy_heading_6a0144f0ee450\">\n\t<h1 class=\"lqd-highlight-underline lqd-highlight-grow-left\" ><span class=\"ld-fh-txt\"> Propiedades<\/span><\/h1><\/div>[\/vc_column][\/vc_row][vc_row][vc_column]<style>.ld_spacer_6a0144f0ee510{height:150px;}<\/style>\n<div class=\"ld-empty-space ld_spacer_6a0144f0ee510\"><span class=\"liquid_empty_space_inner\"><\/span><\/div>[\/vc_column][\/vc_row][vc_row gap=&#8221;35&#8243; enable_content_animation=&#8221;yes&#8221; animation_preset=&#8221;Fade In Up&#8221;][vc_column width=&#8221;1\/3&#8243;][vc_column_text css_animation=&#8221;bounceInUp&#8221;]<\/p>\n<h3 style=\"text-align: center;\">Utilizaci\u00f3n<\/h3>\n<p style=\"text-align: center;\">Serigraf\u00eda, grabado en talla dulce, tipograf\u00eda, gofrado, dorado, litograf\u00eda<\/p>\n<p>[\/vc_column_text][\/vc_column][vc_column width=&#8221;1\/3&#8243;][vc_column_text css_animation=&#8221;bounceInUp&#8221;]<\/p>\n<h3 style=\"text-align: center;\">Formato<\/h3>\n<p style=\"text-align: center;\">Hojas<\/p>\n<p>[\/vc_column_text][\/vc_column][vc_column width=&#8221;1\/3&#8243;][vc_column_text css_animation=&#8221;bounceInUp&#8221;]<\/p>\n<h3 style=\"text-align: center;\">100% algod\u00f3n<\/h3>\n<p style=\"text-align: center;\">El placer de utilizar un material delicado, flexible, noble (con un tacto incre\u00edble).<\/p>\n<p>[\/vc_column_text][\/vc_column][\/vc_row][vc_row][vc_column][vc_empty_space][\/vc_column][\/vc_row][vc_row gap=&#8221;35&#8243; enable_content_animation=&#8221;yes&#8221; animation_preset=&#8221;Fade In Up&#8221;][vc_column width=&#8221;1\/3&#8243;][vc_column_text css_animation=&#8221;bounceInUp&#8221; el_class=&#8221;justify&#8221;]<\/p>\n<h3 style=\"text-align: center;\">Textura<\/h3>\n<p style=\"text-align: center;\">Superficie excepcionalmente suave y satinada.<\/p>\n<p>[\/vc_column_text][\/vc_column][vc_column width=&#8221;1\/3&#8243;][vc_column_text css_animation=&#8221;bounceInUp&#8221; el_class=&#8221;justify&#8221;]<\/p>\n<h3 style=\"text-align: center;\">300, 350 g\/m\u00b2<\/h3>\n<p style=\"text-align: center;\">Alto gramaje que permite imprimir en serigraf\u00eda hasta 100 colores.<\/p>\n<p>[\/vc_column_text][\/vc_column][vc_column width=&#8221;1\/3&#8243;][vc_column_text css_animation=&#8221;bounceInUp&#8221; el_class=&#8221;justify&#8221;]<\/p>\n<h3 style=\"text-align: center;\">Formulaci\u00f3n especial<\/h3>\n<p style=\"text-align: center;\">No encolado. Su poder absorbente es muy importante, lo que evita la maculatura. Soporte ideal para la serigraf\u00eda. Tambi\u00e9n es apto para el grabado y la litograf\u00eda (a condici\u00f3n de no empapar el papel).<\/p>\n<p>[\/vc_column_text][\/vc_column][\/vc_row][vc_row][vc_column][vc_empty_space][\/vc_column][\/vc_row][vc_row enable_content_animation=&#8221;yes&#8221; animation_preset=&#8221;Fade In Up&#8221;][vc_column width=&#8221;1\/3&#8243;][vc_column_text css_animation=&#8221;bounceInUp&#8221;]<\/p>\n<h3 style=\"text-align: center;\">Color<\/h3>\n<p style=\"text-align: center;\">Blanco. Color muy blanco, perfecto para la serigraf\u00eda.<\/p>\n<p>[\/vc_column_text][\/vc_column][vc_column width=&#8221;1\/3&#8243;][vc_column_text css_animation=&#8221;bounceInUp&#8221;]<\/p>\n<h3 style=\"text-align: center;\">Hoja: autenticidad y prestigio<\/h3>\n<p style=\"text-align: center;\">Barbas<\/p>\n<p style=\"text-align: center;\">Filigrana<br \/>\n<img decoding=\"async\" class=\"alignnone wp-image-14604 size-medium\" src=\"https:\/\/arches-papers.com\/wp-content\/uploads\/2019\/11\/filigrane-arches-88-320x106-300x99.gif\" alt=\"\" width=\"300\" height=\"99\" \/><\/p>\n<p>[\/vc_column_text][\/vc_column][vc_column width=&#8221;1\/3&#8243;][vc_column_text css_animation=&#8221;bounceInUp&#8221;]<\/p>\n<h3 style=\"text-align: center;\">Conservaci\u00f3n<\/h3>\n<p style=\"text-align: center;\">Con reserva alcalina, sin \u00e1cido, ni blanqueadores \u00f3pticos (permanente de acuerdo con la norma ISO 9706)<\/p>\n<p>[\/vc_column_text][\/vc_column][\/vc_row][vc_row][vc_column]<style>.ld_spacer_6a0144f0ee567{height:140px;}<\/style>\n<div class=\"ld-empty-space ld_spacer_6a0144f0ee567\"><span class=\"liquid_empty_space_inner\"><\/span><\/div>[\/vc_column][\/vc_row][vc_row][vc_column width=&#8221;1\/4&#8243;][\/vc_column][vc_column width=&#8221;1\/2&#8243;][vc_video link=&#8221;https:\/\/youtu.be\/4WwW1ylqCcU&#8221;]<style>.ld_spacer_6a0144f0ee5b2{height:140px;}<\/style>\n<div class=\"ld-empty-space ld_spacer_6a0144f0ee5b2\"><span class=\"liquid_empty_space_inner\"><\/span><\/div>[\/vc_column][vc_column width=&#8221;1\/4&#8243;][\/vc_column][\/vc_row][vc_row el_class=&#8221;line-left&#8221;][vc_column]<style>.ld_fancy_heading_6a0144f0ee647 h1 {padding-bottom:0px !important;  } .ld_fancy_heading_6a0144f0ee647 h1 {margin-bottom:0px !important;  } .ld_fancy_heading_6a0144f0ee647 .lqd-highlight-inner{height:0.275em;bottom:0px;}.ld_fancy_heading_6a0144f0ee647 h1 {padding-bottom:0px !important;  } .ld_fancy_heading_6a0144f0ee647 h1 {margin-bottom:0px !important;  } <\/style><div class=\"ld-fancy-heading text-left text-uppercase ld_fancy_heading_6a0144f0ee647\">\n\t<h1 class=\"lqd-highlight-underline lqd-highlight-grow-left\" ><span class=\"ld-fh-txt\"> <span style=\"font-size: 26px\">LA <\/span>GAMA<\/span><\/h1><\/div>[\/vc_column][\/vc_row][vc_row][vc_column]<style>.ld_spacer_6a0144f0ee722{height:150px;}<\/style>\n<div class=\"ld-empty-space ld_spacer_6a0144f0ee722\"><span class=\"liquid_empty_space_inner\"><\/span><\/div>[vc_column_text]Fabricaci\u00f3n a medida: ARCHES\u00ae personaliza su papel a su formato, calidad, gramaje, color\u2026 y filigrana (condiciones a solicitud).[\/vc_column_text]<style>.ld_spacer_6a0144f0ee770{height:50px;}<\/style>\n<div class=\"ld-empty-space ld_spacer_6a0144f0ee770\"><span class=\"liquid_empty_space_inner\"><\/span><\/div>[\/vc_column][\/vc_row][vc_row][vc_column css=&#8221;.vc_custom_1565519509512{background-color: #ffffff !important;}&#8221; el_class=&#8221;box-shadow&#8221;][vc_single_image image=&#8221;13352&#8243; img_size=&#8221;full&#8221; alignment=&#8221;center&#8221; css=&#8221;.vc_custom_1622813574002{margin-bottom: 5px !important;}&#8221;][vc_column_text css=&#8221;.vc_custom_1622813617140{margin-bottom: 5px !important;}&#8221;]<\/p>\n<h4 style=\"text-align: center;\"><span style=\"color: #d0303d;\">Hojas<\/span><\/h4>\n<p>[\/vc_column_text][vc_column_text]\n<table id=\"tablepress-109\" class=\"tablepress tablepress-id-109\">\n<thead>\n<tr class=\"row-1\">\n\t<th class=\"column-1\">Gramaje<\/th><th class=\"column-2\">Textura<\/th><th class=\"column-3\">Color<\/th><th class=\"column-4\">Formato<\/th><th class=\"column-5\">Bordes<\/th><th class=\"column-6\">N\u00ba de hojas<\/th><th class=\"column-7\">Referencia<\/th>\n<\/tr>\n<\/thead>\n<tbody class=\"row-striping row-hover\">\n<tr class=\"row-2\">\n\t<td class=\"column-1\">300 g\/m\u00b2<\/td><td class=\"column-2\">Grano satinado<\/td><td class=\"column-3\">Blanco<\/td><td class=\"column-4\">56 x 76 cm<\/td><td class=\"column-5\">4 barbas<\/td><td class=\"column-6\">10<\/td><td class=\"column-7\">A1795153<\/td>\n<\/tr>\n<tr class=\"row-3\">\n\t<td class=\"column-1\">300 g\/m\u00b2<\/td><td class=\"column-2\">Grano satinado<\/td><td class=\"column-3\">Blanco<\/td><td class=\"column-4\">56 x 76 cm<\/td><td class=\"column-5\">4 barbas<\/td><td class=\"column-6\">50<\/td><td class=\"column-7\">A1711830<\/td>\n<\/tr>\n<tr class=\"row-4\">\n\t<td class=\"column-1\">350 g\/m\u00b2<\/td><td class=\"column-2\">Grano satinado<\/td><td class=\"column-3\">Blanco<\/td><td class=\"column-4\">106,7 x 76,2 cm<\/td><td class=\"column-5\">4 barbas<\/td><td class=\"column-6\">50<\/td><td class=\"column-7\">A1795168<\/td>\n<\/tr>\n<\/tbody>\n<\/table>\n<!-- #tablepress-109 from cache -->[\/vc_column_text][\/vc_column][\/vc_row][vc_row][vc_column width=&#8221;2\/3&#8243;][vc_empty_space][vc_column_text]<img decoding=\"async\" class=\" wp-image-15145 alignleft\" src=\"https:\/\/arches-papers.com\/wp-content\/uploads\/2020\/02\/puce-info.png\" alt=\"\" width=\"24\" height=\"24\" \/><em>No todos nuestros productos est\u00e1n disponibles en nuestros puntos de venta; consulte la disponibilidad de la referencia deseada a su distribuidor local, el cual sabr\u00e1 aconsejarle convenientemente.<\/em>[\/vc_column_text][vc_empty_space][\/vc_column][vc_column width=&#8221;1\/3&#8243;][\/vc_column][\/vc_row]<\/p>\n<\/div>","protected":false},"excerpt":{"rendered":"[vc_row][vc_column][vc_empty_space height=&#8221;100px&#8221;][\/vc_column][\/vc_row][vc_row el_class=&#8221;line-right&#8221;][vc_column][vc_empty_space height=&#8221;50px&#8221;][\/vc_column][\/vc_row][vc_row equal_height=&#8221;yes&#8221; content_placement=&#8221;middle&#8221; css=&#8221;.vc_custom_1581587801522{margin-top: 150px !important;}&#8221;][vc_column width=&#8221;2\/3&#8243;][vc_single_image image=&#8221;14611&#8243; img_size=&#8221;large&#8221; css_animation=&#8221;fadeInLeft&#8221;][\/vc_column][vc_column width=&#8221;1\/3&#8243;][vc_empty_space height=&#8221;35px&#8221;][vc_column_text&#8230;","protected":false},"author":4,"featured_media":14611,"parent":17717,"menu_order":6,"comment_status":"closed","ping_status":"closed","template":"","meta":{"footnotes":""},"tags":[],"class_list":["post-17257","page","type-page","status-publish","has-post-thumbnail","hentry"],"yoast_head":"<!-- This site is optimized with the Yoast SEO plugin v27.1.1 - https:\/\/yoast.com\/product\/yoast-seo-wordpress\/ -->\n<title>ARCHES\u00ae 88 - Arches Papers<\/title>\n<meta name=\"description\" content=\"El papel ARCHES 88 es ideal para la serigraf\u00eda, su tinte es muy blanco y su poder de absorci\u00f3n es importante, evita las manchas. Tambi\u00e9n es adecuado para el grabado y la litograf\u00eda.\" \/>\n<meta name=\"robots\" content=\"index, follow, max-snippet:-1, max-image-preview:large, max-video-preview:-1\" \/>\n<link rel=\"canonical\" href=\"https:\/\/arches-papers.com\/es\/la-gama-de-papeles-arches\/edicion-de-arte\/arches-88\/\" \/>\n<meta property=\"og:locale\" content=\"es_ES\" \/>\n<meta property=\"og:type\" content=\"article\" \/>\n<meta property=\"og:title\" content=\"ARCHES\u00ae 88 - Arches Papers\" \/>\n<meta property=\"og:description\" content=\"El papel ARCHES 88 es ideal para la serigraf\u00eda, su tinte es muy blanco y su poder de absorci\u00f3n es importante, evita las manchas. Tambi\u00e9n es adecuado para el grabado y la litograf\u00eda.\" \/>\n<meta property=\"og:url\" content=\"https:\/\/arches-papers.com\/es\/la-gama-de-papeles-arches\/edicion-de-arte\/arches-88\/\" \/>\n<meta property=\"og:site_name\" content=\"Arches Papers\" \/>\n<meta property=\"article:modified_time\" content=\"2024-10-23T11:54:15+00:00\" \/>\n<meta property=\"og:image\" content=\"https:\/\/arches-papers.com\/wp-content\/uploads\/2019\/11\/arches-88.jpg\" \/>\n\t<meta property=\"og:image:width\" content=\"1680\" \/>\n\t<meta property=\"og:image:height\" content=\"1200\" \/>\n\t<meta property=\"og:image:type\" content=\"image\/jpeg\" \/>\n<meta name=\"twitter:card\" content=\"summary_large_image\" \/>\n<meta name=\"twitter:label1\" content=\"Tiempo de lectura\" \/>\n\t<meta name=\"twitter:data1\" content=\"4 minutos\" \/>\n<script type=\"application\/ld+json\" class=\"yoast-schema-graph\">{\"@context\":\"https:\/\/schema.org\",\"@graph\":[{\"@type\":\"WebPage\",\"@id\":\"https:\/\/arches-papers.com\/es\/la-gama-de-papeles-arches\/edicion-de-arte\/arches-88\/\",\"url\":\"https:\/\/arches-papers.com\/es\/la-gama-de-papeles-arches\/edicion-de-arte\/arches-88\/\",\"name\":\"ARCHES\u00ae 88 - Arches Papers\",\"isPartOf\":{\"@id\":\"https:\/\/arches-papers.com\/es\/#website\"},\"primaryImageOfPage\":{\"@id\":\"https:\/\/arches-papers.com\/es\/la-gama-de-papeles-arches\/edicion-de-arte\/arches-88\/#primaryimage\"},\"image\":{\"@id\":\"https:\/\/arches-papers.com\/es\/la-gama-de-papeles-arches\/edicion-de-arte\/arches-88\/#primaryimage\"},\"thumbnailUrl\":\"https:\/\/arches-papers.com\/wp-content\/uploads\/2019\/11\/arches-88.jpg\",\"datePublished\":\"2019-11-27T12:48:06+00:00\",\"dateModified\":\"2024-10-23T11:54:15+00:00\",\"description\":\"El papel ARCHES 88 es ideal para la serigraf\u00eda, su tinte es muy blanco y su poder de absorci\u00f3n es importante, evita las manchas. Tambi\u00e9n es adecuado para el grabado y la litograf\u00eda.\",\"breadcrumb\":{\"@id\":\"https:\/\/arches-papers.com\/es\/la-gama-de-papeles-arches\/edicion-de-arte\/arches-88\/#breadcrumb\"},\"inLanguage\":\"es\",\"potentialAction\":[{\"@type\":\"ReadAction\",\"target\":[\"https:\/\/arches-papers.com\/es\/la-gama-de-papeles-arches\/edicion-de-arte\/arches-88\/\"]}]},{\"@type\":\"ImageObject\",\"inLanguage\":\"es\",\"@id\":\"https:\/\/arches-papers.com\/es\/la-gama-de-papeles-arches\/edicion-de-arte\/arches-88\/#primaryimage\",\"url\":\"https:\/\/arches-papers.com\/wp-content\/uploads\/2019\/11\/arches-88.jpg\",\"contentUrl\":\"https:\/\/arches-papers.com\/wp-content\/uploads\/2019\/11\/arches-88.jpg\",\"width\":1680,\"height\":1200,\"caption\":\"papier ARCHES 88\"},{\"@type\":\"BreadcrumbList\",\"@id\":\"https:\/\/arches-papers.com\/es\/la-gama-de-papeles-arches\/edicion-de-arte\/arches-88\/#breadcrumb\",\"itemListElement\":[{\"@type\":\"ListItem\",\"position\":1,\"name\":\"Accueil\",\"item\":\"https:\/\/arches-papers.com\/es\/\"},{\"@type\":\"ListItem\",\"position\":2,\"name\":\"LA GAMA DE PAPELES ARCHES\u00ae\",\"item\":\"https:\/\/arches-papers.com\/es\/la-gama-de-papeles-arches\/\"},{\"@type\":\"ListItem\",\"position\":3,\"name\":\"Edici\u00f3n de arte\",\"item\":\"https:\/\/arches-papers.com\/es\/la-gama-de-papeles-arches\/edicion-de-arte\/\"},{\"@type\":\"ListItem\",\"position\":4,\"name\":\"ARCHES\u00ae 88\"}]},{\"@type\":\"WebSite\",\"@id\":\"https:\/\/arches-papers.com\/es\/#website\",\"url\":\"https:\/\/arches-papers.com\/es\/\",\"name\":\"Arches Papers\",\"description\":\"Fabricant de papier\",\"potentialAction\":[{\"@type\":\"SearchAction\",\"target\":{\"@type\":\"EntryPoint\",\"urlTemplate\":\"https:\/\/arches-papers.com\/es\/?s={search_term_string}\"},\"query-input\":{\"@type\":\"PropertyValueSpecification\",\"valueRequired\":true,\"valueName\":\"search_term_string\"}}],\"inLanguage\":\"es\"}]}<\/script>\n<!-- \/ Yoast SEO plugin. -->","yoast_head_json":{"title":"ARCHES\u00ae 88 - Arches Papers","description":"El papel ARCHES 88 es ideal para la serigraf\u00eda, su tinte es muy blanco y su poder de absorci\u00f3n es importante, evita las manchas. Tambi\u00e9n es adecuado para el grabado y la litograf\u00eda.","robots":{"index":"index","follow":"follow","max-snippet":"max-snippet:-1","max-image-preview":"max-image-preview:large","max-video-preview":"max-video-preview:-1"},"canonical":"https:\/\/arches-papers.com\/es\/la-gama-de-papeles-arches\/edicion-de-arte\/arches-88\/","og_locale":"es_ES","og_type":"article","og_title":"ARCHES\u00ae 88 - Arches Papers","og_description":"El papel ARCHES 88 es ideal para la serigraf\u00eda, su tinte es muy blanco y su poder de absorci\u00f3n es importante, evita las manchas. Tambi\u00e9n es adecuado para el grabado y la litograf\u00eda.","og_url":"https:\/\/arches-papers.com\/es\/la-gama-de-papeles-arches\/edicion-de-arte\/arches-88\/","og_site_name":"Arches Papers","article_modified_time":"2024-10-23T11:54:15+00:00","og_image":[{"width":1680,"height":1200,"url":"https:\/\/arches-papers.com\/wp-content\/uploads\/2019\/11\/arches-88.jpg","type":"image\/jpeg"}],"twitter_card":"summary_large_image","twitter_misc":{"Tiempo de lectura":"4 minutos"},"schema":{"@context":"https:\/\/schema.org","@graph":[{"@type":"WebPage","@id":"https:\/\/arches-papers.com\/es\/la-gama-de-papeles-arches\/edicion-de-arte\/arches-88\/","url":"https:\/\/arches-papers.com\/es\/la-gama-de-papeles-arches\/edicion-de-arte\/arches-88\/","name":"ARCHES\u00ae 88 - Arches Papers","isPartOf":{"@id":"https:\/\/arches-papers.com\/es\/#website"},"primaryImageOfPage":{"@id":"https:\/\/arches-papers.com\/es\/la-gama-de-papeles-arches\/edicion-de-arte\/arches-88\/#primaryimage"},"image":{"@id":"https:\/\/arches-papers.com\/es\/la-gama-de-papeles-arches\/edicion-de-arte\/arches-88\/#primaryimage"},"thumbnailUrl":"https:\/\/arches-papers.com\/wp-content\/uploads\/2019\/11\/arches-88.jpg","datePublished":"2019-11-27T12:48:06+00:00","dateModified":"2024-10-23T11:54:15+00:00","description":"El papel ARCHES 88 es ideal para la serigraf\u00eda, su tinte es muy blanco y su poder de absorci\u00f3n es importante, evita las manchas. Tambi\u00e9n es adecuado para el grabado y la litograf\u00eda.","breadcrumb":{"@id":"https:\/\/arches-papers.com\/es\/la-gama-de-papeles-arches\/edicion-de-arte\/arches-88\/#breadcrumb"},"inLanguage":"es","potentialAction":[{"@type":"ReadAction","target":["https:\/\/arches-papers.com\/es\/la-gama-de-papeles-arches\/edicion-de-arte\/arches-88\/"]}]},{"@type":"ImageObject","inLanguage":"es","@id":"https:\/\/arches-papers.com\/es\/la-gama-de-papeles-arches\/edicion-de-arte\/arches-88\/#primaryimage","url":"https:\/\/arches-papers.com\/wp-content\/uploads\/2019\/11\/arches-88.jpg","contentUrl":"https:\/\/arches-papers.com\/wp-content\/uploads\/2019\/11\/arches-88.jpg","width":1680,"height":1200,"caption":"papier ARCHES 88"},{"@type":"BreadcrumbList","@id":"https:\/\/arches-papers.com\/es\/la-gama-de-papeles-arches\/edicion-de-arte\/arches-88\/#breadcrumb","itemListElement":[{"@type":"ListItem","position":1,"name":"Accueil","item":"https:\/\/arches-papers.com\/es\/"},{"@type":"ListItem","position":2,"name":"LA GAMA DE PAPELES ARCHES\u00ae","item":"https:\/\/arches-papers.com\/es\/la-gama-de-papeles-arches\/"},{"@type":"ListItem","position":3,"name":"Edici\u00f3n de arte","item":"https:\/\/arches-papers.com\/es\/la-gama-de-papeles-arches\/edicion-de-arte\/"},{"@type":"ListItem","position":4,"name":"ARCHES\u00ae 88"}]},{"@type":"WebSite","@id":"https:\/\/arches-papers.com\/es\/#website","url":"https:\/\/arches-papers.com\/es\/","name":"Arches Papers","description":"Fabricant de papier","potentialAction":[{"@type":"SearchAction","target":{"@type":"EntryPoint","urlTemplate":"https:\/\/arches-papers.com\/es\/?s={search_term_string}"},"query-input":{"@type":"PropertyValueSpecification","valueRequired":true,"valueName":"search_term_string"}}],"inLanguage":"es"}]}},"_links":{"self":[{"href":"https:\/\/arches-papers.com\/es\/wp-json\/wp\/v2\/pages\/17257","targetHints":{"allow":["GET"]}}],"collection":[{"href":"https:\/\/arches-papers.com\/es\/wp-json\/wp\/v2\/pages"}],"about":[{"href":"https:\/\/arches-papers.com\/es\/wp-json\/wp\/v2\/types\/page"}],"author":[{"embeddable":true,"href":"https:\/\/arches-papers.com\/es\/wp-json\/wp\/v2\/users\/4"}],"replies":[{"embeddable":true,"href":"https:\/\/arches-papers.com\/es\/wp-json\/wp\/v2\/comments?post=17257"}],"version-history":[{"count":0,"href":"https:\/\/arches-papers.com\/es\/wp-json\/wp\/v2\/pages\/17257\/revisions"}],"up":[{"embeddable":true,"href":"https:\/\/arches-papers.com\/es\/wp-json\/wp\/v2\/pages\/17717"}],"wp:featuredmedia":[{"embeddable":true,"href":"https:\/\/arches-papers.com\/es\/wp-json\/wp\/v2\/media\/14611"}],"wp:attachment":[{"href":"https:\/\/arches-papers.com\/es\/wp-json\/wp\/v2\/media?parent=17257"}],"wp:term":[{"taxonomy":"post_tag","embeddable":true,"href":"https:\/\/arches-papers.com\/es\/wp-json\/wp\/v2\/tags?post=17257"}],"curies":[{"name":"wp","href":"https:\/\/api.w.org\/{rel}","templated":true}]}}