{"id":17296,"date":"2020-01-16T10:28:06","date_gmt":"2020-01-16T09:28:06","guid":{"rendered":"https:\/\/biatocd.cluster020.hosting.ovh.net\/arches-lavis-fidelis-en-tout-cas\/"},"modified":"2023-05-12T09:18:19","modified_gmt":"2023-05-12T07:18:19","slug":"arches-lavis-fidelis","status":"publish","type":"page","link":"https:\/\/arches-papers.com\/es\/la-gama-de-papeles-arches\/dibujo-y-bocetos\/arches-lavis-fidelis\/","title":{"rendered":"ARCHES<sup>\u00ae<\/sup> Lavis Fidelis \/ En-Tout-Cas"},"content":{"rendered":"<div class=\"wpb-content-wrapper\"><p>[vc_row][vc_column][vc_empty_space height=&#8221;100&#8243;][\/vc_column][\/vc_row][vc_row el_class=&#8221;line-right&#8221;][vc_column]<style>.ld_fancy_heading_6a0144f3381ef h3 {padding-bottom:0px !important;  } .ld_fancy_heading_6a0144f3381ef h3 {margin-bottom:0px !important;  } .ld_fancy_heading_6a0144f3381ef .lqd-highlight-inner{height:0.275em;bottom:0px;}.ld_fancy_heading_6a0144f3381ef h3 {padding-bottom:0px !important;  } .ld_fancy_heading_6a0144f3381ef h3 {margin-bottom:0px !important;  } <\/style><div class=\"ld-fancy-heading text-right text-uppercase ld_fancy_heading_6a0144f3381ef\">\n\t<h3 class=\"lqd-highlight-underline lqd-highlight-grow-left\" ><span class=\"ld-fh-txt\"> una <span style=\"font-size: 70px\">particularidad:<br \/>\n<\/span><\/span><\/h3><\/div><style>.ld_fancy_heading_6a0144f3383b5 h3 {padding-bottom:0px !important;  } .ld_fancy_heading_6a0144f3383b5 h3 {margin-bottom:0px !important;  } .ld_fancy_heading_6a0144f3383b5 .lqd-highlight-inner{height:0.275em;bottom:0px;}.ld_fancy_heading_6a0144f3383b5 h3 {padding-bottom:0px !important;  } .ld_fancy_heading_6a0144f3383b5 h3 {margin-bottom:0px !important;  } <\/style><div class=\"ld-fancy-heading text-right text-uppercase ld_fancy_heading_6a0144f3383b5\">\n\t<h3 class=\"lqd-highlight-underline lqd-highlight-grow-left\" ><span class=\"ld-fh-txt\"> \u00a1ofrece dos caras distintas, un grano fino para la acuarela y un grano satinado para el dibujo!<\/span><\/h3><\/div>[vc_empty_space height=&#8221;50px&#8221;][\/vc_column][\/vc_row][vc_row equal_height=&#8221;yes&#8221; content_placement=&#8221;middle&#8221; css=&#8221;.vc_custom_1585672331979{margin-top: 100px !important;}&#8221;][vc_column width=&#8221;2\/3&#8243; css=&#8221;.vc_custom_1585672345716{margin-top: 50px !important;}&#8221;][vc_single_image image=&#8221;14926&#8243; img_size=&#8221;large&#8221; css_animation=&#8221;fadeInLeft&#8221;][\/vc_column][vc_column width=&#8221;1\/3&#8243;][vc_empty_space height=&#8221;70px&#8221;][vc_column_text css_animation=&#8221;fadeInUp&#8221; el_class=&#8221;justify&#8221;]<strong>Fabricado en forma redonda (m\u00e9todo tradicional) :<\/strong> una calidad que se aproxima a la del papel fabricado de forma artesanal. La rotaci\u00f3n lenta del cilindro permite la disposici\u00f3n regular de las fibras y su distribuci\u00f3n en todas direcciones en el lienzo. De este modo el papel es homog\u00e9neo, su superficie es m\u00e1s lisa y m\u00e1s estable al estado h\u00famedo, lo que facilita un mayor control al artista. Solo la fabricaci\u00f3n en forma redonda permite obtener papeles con barbas.[\/vc_column_text][vc_empty_space height=&#8221;55px&#8221;][\/vc_column][\/vc_row][vc_row][vc_column]<style>.ld_spacer_6a0144f338485{height:150px;}<\/style>\n<div class=\"ld-empty-space ld_spacer_6a0144f338485\"><span class=\"liquid_empty_space_inner\"><\/span><\/div>[\/vc_column][\/vc_row][vc_row el_class=&#8221;line-left&#8221;][vc_column]<style>.ld_fancy_heading_6a0144f33853b h1 {padding-bottom:0px !important;  } .ld_fancy_heading_6a0144f33853b h1 {margin-bottom:0px !important;  } .ld_fancy_heading_6a0144f33853b .lqd-highlight-inner{height:0.275em;bottom:0px;}.ld_fancy_heading_6a0144f33853b h1 {padding-bottom:0px !important;  } .ld_fancy_heading_6a0144f33853b h1 {margin-bottom:0px !important;  } <\/style><div class=\"ld-fancy-heading text-left text-uppercase ld_fancy_heading_6a0144f33853b\">\n\t<h1 class=\"lqd-highlight-underline lqd-highlight-grow-left\" ><span class=\"ld-fh-txt\"> Propiedades<\/span><\/h1><\/div>[\/vc_column][\/vc_row][vc_row][vc_column]<style>.ld_spacer_6a0144f3385ec{height:150px;}<\/style>\n<div class=\"ld-empty-space ld_spacer_6a0144f3385ec\"><span class=\"liquid_empty_space_inner\"><\/span><\/div>[\/vc_column][\/vc_row][vc_row gap=&#8221;35&#8243; enable_content_animation=&#8221;yes&#8221; animation_preset=&#8221;Fade In Up&#8221;][vc_column width=&#8221;1\/3&#8243;][vc_column_text css_animation=&#8221;bounceInUp&#8221;]<\/p>\n<h3 style=\"text-align: center;\">Utilizaci\u00f3n<\/h3>\n<p style=\"text-align: center;\">Acuarela, aguada, tinta, dibujo<\/p>\n<p>[\/vc_column_text][\/vc_column][vc_column width=&#8221;1\/3&#8243;][vc_column_text css_animation=&#8221;bounceInUp&#8221;]<\/p>\n<h3 style=\"text-align: center;\">Formats<\/h3>\n<p style=\"text-align: center;\">Hoja, rollo<\/p>\n<p>[\/vc_column_text][\/vc_column][vc_column width=&#8221;1\/3&#8243;][vc_column_text css_animation=&#8221;bounceInUp&#8221;]<\/p>\n<h3 style=\"text-align: center;\">25% algod\u00f3n<\/h3>\n<p style=\"text-align: center;\">El placer de utilizar un material delicado y flexible.<\/p>\n<p>[\/vc_column_text][\/vc_column][\/vc_row][vc_row][vc_column][vc_empty_space][\/vc_column][\/vc_row][vc_row gap=&#8221;35&#8243; enable_content_animation=&#8221;yes&#8221; animation_preset=&#8221;Fade In Up&#8221;][vc_column width=&#8221;1\/3&#8243;][vc_column_text css_animation=&#8221;bounceInUp&#8221; el_class=&#8221;justify&#8221;]<\/p>\n<h3 style=\"text-align: center;\">Textura<\/h3>\n<p style=\"text-align: center;\">Una particularidad: ofrece dos caras distintas, un grano fino para la acuarela y un grano satinado en el reverso para el dibujo.<\/p>\n<p>[\/vc_column_text][\/vc_column][vc_column width=&#8221;1\/3&#8243;][vc_column_text css_animation=&#8221;bounceInUp&#8221; el_class=&#8221;justify&#8221;]<\/p>\n<h3 style=\"text-align: center;\">220 g\/m\u00b2<\/h3>\n<p style=\"text-align: center;\">Resistente y ligero a la vez. Posee una buena mano. Ideal para expresar su creatividad.<\/p>\n<p>[\/vc_column_text][\/vc_column][vc_column width=&#8221;1\/3&#8243;][vc_column_text css_animation=&#8221;bounceInUp&#8221; el_class=&#8221;justify&#8221;]<\/p>\n<h3 style=\"text-align: center;\">Formulaci\u00f3n especial<\/h3>\n<p style=\"text-align: center;\">Encolado con gelatina: ofrece una excelente resistencia mec\u00e1nica e impide la penetraci\u00f3n de los pigmentos.<\/p>\n<p>[\/vc_column_text][\/vc_column][\/vc_row][vc_row][vc_column][vc_empty_space][\/vc_column][\/vc_row][vc_row enable_content_animation=&#8221;yes&#8221; animation_preset=&#8221;Fade In Up&#8221;][vc_column width=&#8221;1\/3&#8243;][vc_column_text css_animation=&#8221;bounceInUp&#8221;]<\/p>\n<h3 style=\"text-align: center;\">Color<\/h3>\n<p style=\"text-align: center;\">Blanco<\/p>\n<p>[\/vc_column_text][\/vc_column][vc_column width=&#8221;1\/3&#8243;][vc_column_text css_animation=&#8221;bounceInUp&#8221;]<\/p>\n<h3 style=\"text-align: center;\">Hoja: autenticidad y prestigio<\/h3>\n<p style=\"text-align: center;\">Filigrana<\/p>\n<p style=\"text-align: center;\"><img decoding=\"async\" class=\"alignnone wp-image-14904 size-medium\" src=\"https:\/\/arches-papers.com\/wp-content\/uploads\/2020\/01\/arches-filigrane-lavis-fide-320x119-300x112.png\" alt=\"\" width=\"300\" height=\"112\" srcset=\"https:\/\/arches-papers.com\/wp-content\/uploads\/2020\/01\/arches-filigrane-lavis-fide-320x119-300x112.png 300w, https:\/\/arches-papers.com\/wp-content\/uploads\/2020\/01\/arches-filigrane-lavis-fide-320x119.png 320w\" sizes=\"(max-width: 300px) 100vw, 300px\" \/><\/p>\n<p>[\/vc_column_text][\/vc_column][vc_column width=&#8221;1\/3&#8243;][vc_column_text css_animation=&#8221;bounceInUp&#8221;]<\/p>\n<h3 style=\"text-align: center;\">Conservaci\u00f3n<\/h3>\n<p style=\"text-align: center;\">Con reserva alcalina, sin \u00e1cido, ni blanqueadores \u00f3pticos (permanente de acuerdo con la norma ISO 9706)<\/p>\n<p>[\/vc_column_text][\/vc_column][\/vc_row][vc_row][vc_column][vc_empty_space][\/vc_column][\/vc_row][vc_row el_class=&#8221;line-left&#8221;][vc_column]<style>.ld_fancy_heading_6a0144f338686 h1 {padding-bottom:0px !important;  } .ld_fancy_heading_6a0144f338686 h1 {margin-bottom:0px !important;  } .ld_fancy_heading_6a0144f338686 .lqd-highlight-inner{height:0.275em;bottom:0px;}.ld_fancy_heading_6a0144f338686 h1 {padding-bottom:0px !important;  } .ld_fancy_heading_6a0144f338686 h1 {margin-bottom:0px !important;  } <\/style><div class=\"ld-fancy-heading text-left text-uppercase ld_fancy_heading_6a0144f338686\">\n\t<\/div>[\/vc_column][\/vc_row][vc_row][vc_column]<style>.ld_spacer_6a0144f33871d{height:50px;}<\/style>\n<div class=\"ld-empty-space ld_spacer_6a0144f33871d\"><span class=\"liquid_empty_space_inner\"><\/span><\/div>[vc_column_text]<img decoding=\"async\" class=\"alignleft\" src=\"https:\/\/arches-papers.com\/wp-content\/uploads\/2020\/02\/puce-info.png\" width=\"28\" height=\"28\" \/>El papel ARCHES\u00ae Lavis Fid\u00e9lis est\u00e1 ahora disponible por encarga especial. Le rogamos que compruebe las modalidades con su contacto local.[\/vc_column_text]<style>.ld_spacer_6a0144f338764{height:50px;}<\/style>\n<div class=\"ld-empty-space ld_spacer_6a0144f338764\"><span class=\"liquid_empty_space_inner\"><\/span><\/div>[\/vc_column][\/vc_row]<\/p>\n<\/div>","protected":false},"excerpt":{"rendered":"[vc_row][vc_column][vc_empty_space height=&#8221;100&#8243;][\/vc_column][\/vc_row][vc_row el_class=&#8221;line-right&#8221;][vc_column][vc_empty_space height=&#8221;50px&#8221;][\/vc_column][\/vc_row][vc_row equal_height=&#8221;yes&#8221; content_placement=&#8221;middle&#8221; css=&#8221;.vc_custom_1585672331979{margin-top: 100px !important;}&#8221;][vc_column width=&#8221;2\/3&#8243; css=&#8221;.vc_custom_1585672345716{margin-top: 50px !important;}&#8221;][vc_single_image image=&#8221;14926&#8243; img_size=&#8221;large&#8221;&#8230;","protected":false},"author":4,"featured_media":14926,"parent":17705,"menu_order":0,"comment_status":"closed","ping_status":"closed","template":"","meta":{"footnotes":""},"tags":[],"class_list":["post-17296","page","type-page","status-publish","has-post-thumbnail","hentry"],"yoast_head":"<!-- This site is optimized with the Yoast SEO plugin v27.1.1 - https:\/\/yoast.com\/product\/yoast-seo-wordpress\/ -->\n<title>ARCHES\u00ae Lavis Fidelis \/ En-Tout-Cas - Arches Papers<\/title>\n<meta name=\"description\" content=\"El papel ARCHES Lavis Fid\u00e9lis tiene una caracter\u00edstica especial: ofrece dos caras diferentes, un grano fino para la acuarela y un grano satinado para el dibujo.\" \/>\n<meta name=\"robots\" content=\"index, follow, max-snippet:-1, max-image-preview:large, max-video-preview:-1\" \/>\n<link rel=\"canonical\" href=\"https:\/\/arches-papers.com\/es\/la-gama-de-papeles-arches\/dibujo-y-bocetos\/arches-lavis-fidelis\/\" \/>\n<meta property=\"og:locale\" content=\"es_ES\" \/>\n<meta property=\"og:type\" content=\"article\" \/>\n<meta property=\"og:title\" content=\"ARCHES\u00ae Lavis Fidelis \/ En-Tout-Cas - Arches Papers\" \/>\n<meta property=\"og:description\" content=\"El papel ARCHES Lavis Fid\u00e9lis tiene una caracter\u00edstica especial: ofrece dos caras diferentes, un grano fino para la acuarela y un grano satinado para el dibujo.\" \/>\n<meta property=\"og:url\" content=\"https:\/\/arches-papers.com\/es\/la-gama-de-papeles-arches\/dibujo-y-bocetos\/arches-lavis-fidelis\/\" \/>\n<meta property=\"og:site_name\" content=\"Arches Papers\" \/>\n<meta property=\"article:modified_time\" content=\"2023-05-12T07:18:19+00:00\" \/>\n<meta property=\"og:image\" content=\"https:\/\/arches-papers.com\/wp-content\/uploads\/2020\/01\/arches-lavis-fidelis-dessin.jpg\" \/>\n\t<meta property=\"og:image:width\" content=\"1680\" \/>\n\t<meta property=\"og:image:height\" content=\"1200\" \/>\n\t<meta property=\"og:image:type\" content=\"image\/jpeg\" \/>\n<meta name=\"twitter:card\" content=\"summary_large_image\" \/>\n<meta name=\"twitter:label1\" content=\"Tiempo de lectura\" \/>\n\t<meta name=\"twitter:data1\" content=\"3 minutos\" \/>\n<script type=\"application\/ld+json\" class=\"yoast-schema-graph\">{\"@context\":\"https:\/\/schema.org\",\"@graph\":[{\"@type\":\"WebPage\",\"@id\":\"https:\/\/arches-papers.com\/es\/la-gama-de-papeles-arches\/dibujo-y-bocetos\/arches-lavis-fidelis\/\",\"url\":\"https:\/\/arches-papers.com\/es\/la-gama-de-papeles-arches\/dibujo-y-bocetos\/arches-lavis-fidelis\/\",\"name\":\"ARCHES\u00ae Lavis Fidelis \/ En-Tout-Cas - Arches Papers\",\"isPartOf\":{\"@id\":\"https:\/\/arches-papers.com\/es\/#website\"},\"primaryImageOfPage\":{\"@id\":\"https:\/\/arches-papers.com\/es\/la-gama-de-papeles-arches\/dibujo-y-bocetos\/arches-lavis-fidelis\/#primaryimage\"},\"image\":{\"@id\":\"https:\/\/arches-papers.com\/es\/la-gama-de-papeles-arches\/dibujo-y-bocetos\/arches-lavis-fidelis\/#primaryimage\"},\"thumbnailUrl\":\"https:\/\/arches-papers.com\/wp-content\/uploads\/2020\/01\/arches-lavis-fidelis-dessin.jpg\",\"datePublished\":\"2020-01-16T09:28:06+00:00\",\"dateModified\":\"2023-05-12T07:18:19+00:00\",\"description\":\"El papel ARCHES Lavis Fid\u00e9lis tiene una caracter\u00edstica especial: ofrece dos caras diferentes, un grano fino para la acuarela y un grano satinado para el dibujo.\",\"breadcrumb\":{\"@id\":\"https:\/\/arches-papers.com\/es\/la-gama-de-papeles-arches\/dibujo-y-bocetos\/arches-lavis-fidelis\/#breadcrumb\"},\"inLanguage\":\"es\",\"potentialAction\":[{\"@type\":\"ReadAction\",\"target\":[\"https:\/\/arches-papers.com\/es\/la-gama-de-papeles-arches\/dibujo-y-bocetos\/arches-lavis-fidelis\/\"]}]},{\"@type\":\"ImageObject\",\"inLanguage\":\"es\",\"@id\":\"https:\/\/arches-papers.com\/es\/la-gama-de-papeles-arches\/dibujo-y-bocetos\/arches-lavis-fidelis\/#primaryimage\",\"url\":\"https:\/\/arches-papers.com\/wp-content\/uploads\/2020\/01\/arches-lavis-fidelis-dessin.jpg\",\"contentUrl\":\"https:\/\/arches-papers.com\/wp-content\/uploads\/2020\/01\/arches-lavis-fidelis-dessin.jpg\",\"width\":1680,\"height\":1200,\"caption\":\"papier Arches Lavis Fidelis\"},{\"@type\":\"BreadcrumbList\",\"@id\":\"https:\/\/arches-papers.com\/es\/la-gama-de-papeles-arches\/dibujo-y-bocetos\/arches-lavis-fidelis\/#breadcrumb\",\"itemListElement\":[{\"@type\":\"ListItem\",\"position\":1,\"name\":\"Accueil\",\"item\":\"https:\/\/arches-papers.com\/es\/\"},{\"@type\":\"ListItem\",\"position\":2,\"name\":\"LA GAMA DE PAPELES ARCHES\u00ae\",\"item\":\"https:\/\/arches-papers.com\/es\/la-gama-de-papeles-arches\/\"},{\"@type\":\"ListItem\",\"position\":3,\"name\":\"Dibujos y bocetos\",\"item\":\"https:\/\/arches-papers.com\/es\/la-gama-de-papeles-arches\/dibujo-y-bocetos\/\"},{\"@type\":\"ListItem\",\"position\":4,\"name\":\"ARCHES\u00ae Lavis Fidelis \/ En-Tout-Cas\"}]},{\"@type\":\"WebSite\",\"@id\":\"https:\/\/arches-papers.com\/es\/#website\",\"url\":\"https:\/\/arches-papers.com\/es\/\",\"name\":\"Arches Papers\",\"description\":\"Fabricant de papier\",\"potentialAction\":[{\"@type\":\"SearchAction\",\"target\":{\"@type\":\"EntryPoint\",\"urlTemplate\":\"https:\/\/arches-papers.com\/es\/?s={search_term_string}\"},\"query-input\":{\"@type\":\"PropertyValueSpecification\",\"valueRequired\":true,\"valueName\":\"search_term_string\"}}],\"inLanguage\":\"es\"}]}<\/script>\n<!-- \/ Yoast SEO plugin. -->","yoast_head_json":{"title":"ARCHES\u00ae Lavis Fidelis \/ En-Tout-Cas - Arches Papers","description":"El papel ARCHES Lavis Fid\u00e9lis tiene una caracter\u00edstica especial: ofrece dos caras diferentes, un grano fino para la acuarela y un grano satinado para el dibujo.","robots":{"index":"index","follow":"follow","max-snippet":"max-snippet:-1","max-image-preview":"max-image-preview:large","max-video-preview":"max-video-preview:-1"},"canonical":"https:\/\/arches-papers.com\/es\/la-gama-de-papeles-arches\/dibujo-y-bocetos\/arches-lavis-fidelis\/","og_locale":"es_ES","og_type":"article","og_title":"ARCHES\u00ae Lavis Fidelis \/ En-Tout-Cas - Arches Papers","og_description":"El papel ARCHES Lavis Fid\u00e9lis tiene una caracter\u00edstica especial: ofrece dos caras diferentes, un grano fino para la acuarela y un grano satinado para el dibujo.","og_url":"https:\/\/arches-papers.com\/es\/la-gama-de-papeles-arches\/dibujo-y-bocetos\/arches-lavis-fidelis\/","og_site_name":"Arches Papers","article_modified_time":"2023-05-12T07:18:19+00:00","og_image":[{"width":1680,"height":1200,"url":"https:\/\/arches-papers.com\/wp-content\/uploads\/2020\/01\/arches-lavis-fidelis-dessin.jpg","type":"image\/jpeg"}],"twitter_card":"summary_large_image","twitter_misc":{"Tiempo de lectura":"3 minutos"},"schema":{"@context":"https:\/\/schema.org","@graph":[{"@type":"WebPage","@id":"https:\/\/arches-papers.com\/es\/la-gama-de-papeles-arches\/dibujo-y-bocetos\/arches-lavis-fidelis\/","url":"https:\/\/arches-papers.com\/es\/la-gama-de-papeles-arches\/dibujo-y-bocetos\/arches-lavis-fidelis\/","name":"ARCHES\u00ae Lavis Fidelis \/ En-Tout-Cas - Arches Papers","isPartOf":{"@id":"https:\/\/arches-papers.com\/es\/#website"},"primaryImageOfPage":{"@id":"https:\/\/arches-papers.com\/es\/la-gama-de-papeles-arches\/dibujo-y-bocetos\/arches-lavis-fidelis\/#primaryimage"},"image":{"@id":"https:\/\/arches-papers.com\/es\/la-gama-de-papeles-arches\/dibujo-y-bocetos\/arches-lavis-fidelis\/#primaryimage"},"thumbnailUrl":"https:\/\/arches-papers.com\/wp-content\/uploads\/2020\/01\/arches-lavis-fidelis-dessin.jpg","datePublished":"2020-01-16T09:28:06+00:00","dateModified":"2023-05-12T07:18:19+00:00","description":"El papel ARCHES Lavis Fid\u00e9lis tiene una caracter\u00edstica especial: ofrece dos caras diferentes, un grano fino para la acuarela y un grano satinado para el dibujo.","breadcrumb":{"@id":"https:\/\/arches-papers.com\/es\/la-gama-de-papeles-arches\/dibujo-y-bocetos\/arches-lavis-fidelis\/#breadcrumb"},"inLanguage":"es","potentialAction":[{"@type":"ReadAction","target":["https:\/\/arches-papers.com\/es\/la-gama-de-papeles-arches\/dibujo-y-bocetos\/arches-lavis-fidelis\/"]}]},{"@type":"ImageObject","inLanguage":"es","@id":"https:\/\/arches-papers.com\/es\/la-gama-de-papeles-arches\/dibujo-y-bocetos\/arches-lavis-fidelis\/#primaryimage","url":"https:\/\/arches-papers.com\/wp-content\/uploads\/2020\/01\/arches-lavis-fidelis-dessin.jpg","contentUrl":"https:\/\/arches-papers.com\/wp-content\/uploads\/2020\/01\/arches-lavis-fidelis-dessin.jpg","width":1680,"height":1200,"caption":"papier Arches Lavis Fidelis"},{"@type":"BreadcrumbList","@id":"https:\/\/arches-papers.com\/es\/la-gama-de-papeles-arches\/dibujo-y-bocetos\/arches-lavis-fidelis\/#breadcrumb","itemListElement":[{"@type":"ListItem","position":1,"name":"Accueil","item":"https:\/\/arches-papers.com\/es\/"},{"@type":"ListItem","position":2,"name":"LA GAMA DE PAPELES ARCHES\u00ae","item":"https:\/\/arches-papers.com\/es\/la-gama-de-papeles-arches\/"},{"@type":"ListItem","position":3,"name":"Dibujos y bocetos","item":"https:\/\/arches-papers.com\/es\/la-gama-de-papeles-arches\/dibujo-y-bocetos\/"},{"@type":"ListItem","position":4,"name":"ARCHES\u00ae Lavis Fidelis \/ En-Tout-Cas"}]},{"@type":"WebSite","@id":"https:\/\/arches-papers.com\/es\/#website","url":"https:\/\/arches-papers.com\/es\/","name":"Arches Papers","description":"Fabricant de papier","potentialAction":[{"@type":"SearchAction","target":{"@type":"EntryPoint","urlTemplate":"https:\/\/arches-papers.com\/es\/?s={search_term_string}"},"query-input":{"@type":"PropertyValueSpecification","valueRequired":true,"valueName":"search_term_string"}}],"inLanguage":"es"}]}},"_links":{"self":[{"href":"https:\/\/arches-papers.com\/es\/wp-json\/wp\/v2\/pages\/17296","targetHints":{"allow":["GET"]}}],"collection":[{"href":"https:\/\/arches-papers.com\/es\/wp-json\/wp\/v2\/pages"}],"about":[{"href":"https:\/\/arches-papers.com\/es\/wp-json\/wp\/v2\/types\/page"}],"author":[{"embeddable":true,"href":"https:\/\/arches-papers.com\/es\/wp-json\/wp\/v2\/users\/4"}],"replies":[{"embeddable":true,"href":"https:\/\/arches-papers.com\/es\/wp-json\/wp\/v2\/comments?post=17296"}],"version-history":[{"count":0,"href":"https:\/\/arches-papers.com\/es\/wp-json\/wp\/v2\/pages\/17296\/revisions"}],"up":[{"embeddable":true,"href":"https:\/\/arches-papers.com\/es\/wp-json\/wp\/v2\/pages\/17705"}],"wp:featuredmedia":[{"embeddable":true,"href":"https:\/\/arches-papers.com\/es\/wp-json\/wp\/v2\/media\/14926"}],"wp:attachment":[{"href":"https:\/\/arches-papers.com\/es\/wp-json\/wp\/v2\/media?parent=17296"}],"wp:term":[{"taxonomy":"post_tag","embeddable":true,"href":"https:\/\/arches-papers.com\/es\/wp-json\/wp\/v2\/tags?post=17296"}],"curies":[{"name":"wp","href":"https:\/\/api.w.org\/{rel}","templated":true}]}}