{"id":29576,"date":"2021-02-02T10:29:22","date_gmt":"2021-02-02T09:29:22","guid":{"rendered":"https:\/\/arches-papers.com\/la-gama-de-papeles-arches\/edicion-de-arte-fotografico-2\/impresion-digital\/arches-bfk-rives-pure-white-impresion-digital\/"},"modified":"2021-09-10T11:26:29","modified_gmt":"2021-09-10T09:26:29","slug":"arches-bfk-rives-pure-white-impresion-digital","status":"publish","type":"page","link":"https:\/\/arches-papers.com\/es\/la-gama-de-papeles-arches\/edicion-de-arte-fotografico-2\/impresion-digital\/arches-bfk-rives-pure-white-impresion-digital\/","title":{"rendered":"ARCHES\u00ae BFK RIVES\u00ae Pure White (IMPRESI\u00d3N DIGITAL)"},"content":{"rendered":"<div class=\"wpb-content-wrapper\"><p>[vc_row][vc_column][vc_empty_space height=&#8221;100&#8243;][\/vc_column][\/vc_row][vc_row el_class=&#8221;line-right&#8221;][vc_column]<style>.ld_fancy_heading_6a0144f290f73 h3 {padding-bottom:0px !important;  } .ld_fancy_heading_6a0144f290f73 h3 {margin-bottom:0px !important;  } .ld_fancy_heading_6a0144f290f73 .lqd-highlight-inner{height:0.275em;bottom:0px;}.ld_fancy_heading_6a0144f290f73 h3 {padding-bottom:0px !important;  } .ld_fancy_heading_6a0144f290f73 h3 {margin-bottom:0px !important;  } <\/style><div class=\"ld-fancy-heading text-right text-uppercase ld_fancy_heading_6a0144f290f73\">\n\t<h3 class=\"lqd-highlight-underline lqd-highlight-grow-left\" ><span class=\"ld-fh-txt\"> \u00a1Un\u00a0<span style=\"font-size: 70px\">papel emblem\u00e1tico<br \/>\n<\/span><\/span><\/h3><\/div><style>.ld_fancy_heading_6a0144f29113d h3 {padding-bottom:0px !important;  } .ld_fancy_heading_6a0144f29113d h3 {margin-bottom:0px !important;  } .ld_fancy_heading_6a0144f29113d .lqd-highlight-inner{height:0.275em;bottom:0px;}.ld_fancy_heading_6a0144f29113d h3 {padding-bottom:0px !important;  } .ld_fancy_heading_6a0144f29113d h3 {margin-bottom:0px !important;  } <\/style><div class=\"ld-fancy-heading text-right text-uppercase ld_fancy_heading_6a0144f29113d\">\n\t<h3 class=\"lqd-highlight-underline lqd-highlight-grow-left\" ><span class=\"ld-fh-txt\"> usado para la fotograf\u00eda desde mediados del siglo XIX!<\/span><\/h3><\/div>[vc_empty_space height=&#8221;50px&#8221;][\/vc_column][\/vc_row][vc_row equal_height=&#8221;yes&#8221; content_placement=&#8221;middle&#8221; css=&#8221;.vc_custom_1585672331979{margin-top: 100px !important;}&#8221;][vc_column width=&#8221;2\/3&#8243; css=&#8221;.vc_custom_1585672345716{margin-top: 50px !important;}&#8221;][vc_single_image image=&#8221;29341&#8243; img_size=&#8221;full&#8221; css_animation=&#8221;fadeInLeft&#8221;][\/vc_column][vc_column width=&#8221;1\/3&#8243;][vc_single_image image=&#8221;34185&#8243; img_size=&#8221;350&#215;350&#8243; css_animation=&#8221;bounceIn&#8221;][vc_column_text css_animation=&#8221;bounceInUp&#8221; el_class=&#8221;justify&#8221;]<\/p>\n<h3 style=\"text-align: left;\">Recubrimiento especial<\/h3>\n<p style=\"text-align: left;\">La capa receptora \u00fanica, espec\u00edficamente desarrollada para la impresi\u00f3n digital, permite obtener im\u00e1genes que tienen:<\/p>\n<ul>\n<li style=\"text-align: left;\">una Dmax excepcional y una definici\u00f3n perfecta,<\/li>\n<li style=\"text-align: left;\">una gama de colores excepcional,<\/li>\n<li style=\"text-align: left;\">una excelente gama de tonos y una buena precisi\u00f3n de colores,<\/li>\n<li style=\"text-align: left;\">excelentes contrastes y una perfecta linealidad en los degradados negros y de color,<\/li>\n<li style=\"text-align: left;\">aumento de la luminosidad gracias a la blancura del papel acoplada con la de la capa.<\/li>\n<\/ul>\n<p>[\/vc_column_text][vc_empty_space height=&#8221;55px&#8221;][\/vc_column][\/vc_row][vc_row][vc_column width=&#8221;1\/4&#8243;][\/vc_column][vc_column width=&#8221;1\/2&#8243;]<style>.ld_spacer_6a0144f29120d{height:150px;}<\/style>\n<div class=\"ld-empty-space ld_spacer_6a0144f29120d\"><span class=\"liquid_empty_space_inner\"><\/span><\/div>[vc_column_text]<\/p>\n<h4 style=\"text-align: center;\"><a href=\"\/?page_id=31584\">Descubre aqu\u00ed c\u00f3mo crear tus propias impresiones de edici\u00f3n limitada con los nuevos papeles de impresi\u00f3n digital ARCHES\u00ae<\/a><\/h4>\n<p>[\/vc_column_text]<style>.ld_spacer_6a0144f291284{height:150px;}<\/style>\n<div class=\"ld-empty-space ld_spacer_6a0144f291284\"><span class=\"liquid_empty_space_inner\"><\/span><\/div>[\/vc_column][vc_column width=&#8221;1\/4&#8243;][\/vc_column][\/vc_row][vc_row el_class=&#8221;line-left&#8221;][vc_column]<style>.ld_fancy_heading_6a0144f291316 h1 {padding-bottom:0px !important;  } .ld_fancy_heading_6a0144f291316 h1 {margin-bottom:0px !important;  } .ld_fancy_heading_6a0144f291316 .lqd-highlight-inner{height:0.275em;bottom:0px;}.ld_fancy_heading_6a0144f291316 h1 {padding-bottom:0px !important;  } .ld_fancy_heading_6a0144f291316 h1 {margin-bottom:0px !important;  } <\/style><div class=\"ld-fancy-heading text-left text-uppercase ld_fancy_heading_6a0144f291316\">\n\t<h1 class=\"lqd-highlight-underline lqd-highlight-grow-left\" ><span class=\"ld-fh-txt\"> PROPIEDADES<\/span><\/h1><\/div>[\/vc_column][\/vc_row][vc_row][vc_column]<style>.ld_spacer_6a0144f2913c5{height:150px;}<\/style>\n<div class=\"ld-empty-space ld_spacer_6a0144f2913c5\"><span class=\"liquid_empty_space_inner\"><\/span><\/div>[\/vc_column][\/vc_row][vc_row gap=&#8221;35&#8243; enable_content_animation=&#8221;yes&#8221; animation_preset=&#8221;Fade In Up&#8221;][vc_column width=&#8221;1\/3&#8243;][vc_column_text css_animation=&#8221;bounceInUp&#8221;]<\/p>\n<h3 style=\"text-align: center;\">Utilizaci\u00f3n<\/h3>\n<p style=\"text-align: center;\">Impresi\u00f3n digital<\/p>\n<p>[\/vc_column_text][\/vc_column][vc_column width=&#8221;1\/3&#8243;][vc_column_text css_animation=&#8221;bounceInUp&#8221;]<\/p>\n<h3 style=\"text-align: center;\">Formatos<\/h3>\n<p style=\"text-align: center;\">Hojas, rollos<\/p>\n<p>[\/vc_column_text][\/vc_column][vc_column width=&#8221;1\/3&#8243;][vc_column_text css_animation=&#8221;bounceInUp&#8221;]<\/p>\n<h3 style=\"text-align: center;\">100\u00a0% algod\u00f3n<\/h3>\n<p style=\"text-align: center;\">El placer de utilizar un material suave, flexible y noble.<\/p>\n<p>[\/vc_column_text][\/vc_column][\/vc_row][vc_row][vc_column][vc_empty_space][\/vc_column][\/vc_row][vc_row gap=&#8221;35&#8243; enable_content_animation=&#8221;yes&#8221; animation_preset=&#8221;Fade In Up&#8221;][vc_column width=&#8221;1\/3&#8243;][vc_column_text css_animation=&#8221;bounceInUp&#8221; el_class=&#8221;justify&#8221;]<\/p>\n<h3 style=\"text-align: center;\">Textura<\/h3>\n<p style=\"text-align: center;\">Grano fino y ligero perfectamente equilibrado. Superficie lisa que realza cada detalle de la imagen, crea contrastes y produce negros profundos y aterciopelados.<\/p>\n<p>[\/vc_column_text][\/vc_column][vc_column width=&#8221;1\/3&#8243;][vc_column_text css_animation=&#8221;bounceInUp&#8221; el_class=&#8221;justify&#8221;]<\/p>\n<h3 style=\"text-align: center;\">310 g\/m\u00b2<\/h3>\n<p style=\"text-align: center;\">Excelente mano que proporciona una extraordinaria resistencia al revelado. Soporte ideal para los portafolios y los revelados destinados a las exposiciones y ventas.<\/p>\n<p>[\/vc_column_text][\/vc_column][vc_column width=&#8221;1\/3&#8243;][vc_column_text css_animation=&#8221;fadeInUp&#8221; el_class=&#8221;justify&#8221;]<\/p>\n<h3 style=\"text-align: center;\">Fabricado en forma redonda (m\u00e9todo tradicional)<\/h3>\n<p style=\"text-align: center;\">Una calidad que se aproxima a la del papel fabricado de forma artesanal. La rotaci\u00f3n lenta del cilindro permite la disposici\u00f3n regular de las fibras y su distribuci\u00f3n en todas direcciones en el lienzo. De este modo, el papel es homog\u00e9neo y posee una buena estabilidad dimensional.<\/p>\n<p>[\/vc_column_text][\/vc_column][\/vc_row][vc_row][vc_column][vc_empty_space][\/vc_column][\/vc_row][vc_row enable_content_animation=&#8221;yes&#8221; animation_preset=&#8221;Fade In Up&#8221;][vc_column width=&#8221;1\/3&#8243;][vc_column_text css_animation=&#8221;bounceInUp&#8221;]<\/p>\n<h3 style=\"text-align: center;\">Color<\/h3>\n<p style=\"text-align: center;\">Blanco puro. Tono obtenido sin la adici\u00f3n de blanqueadores \u00f3pticos. Especialmente adecuado para los revelados en color.<\/p>\n<p>[\/vc_column_text][\/vc_column][vc_column width=&#8221;1\/3&#8243;][\/vc_column][vc_column width=&#8221;1\/3&#8243;][vc_column_text css_animation=&#8221;bounceInUp&#8221;]<\/p>\n<h3 style=\"text-align: center;\">Conservaci\u00f3n<\/h3>\n<p style=\"text-align: center;\">Con reserva alcalina, sin \u00e1cido ni blanqueadores \u00f3pticos (permanente seg\u00fan la norma ISO 9706)<\/p>\n<p>[\/vc_column_text][\/vc_column][\/vc_row][vc_row][vc_column][vc_empty_space][\/vc_column][\/vc_row][vc_row el_class=&#8221;line-left&#8221;][vc_column]<style>.ld_fancy_heading_6a0144f29145f h1 {padding-bottom:0px !important;  } .ld_fancy_heading_6a0144f29145f h1 {margin-bottom:0px !important;  } .ld_fancy_heading_6a0144f29145f .lqd-highlight-inner{height:0.275em;bottom:0px;}.ld_fancy_heading_6a0144f29145f h1 {padding-bottom:0px !important;  } .ld_fancy_heading_6a0144f29145f h1 {margin-bottom:0px !important;  } <\/style><div class=\"ld-fancy-heading text-left text-uppercase ld_fancy_heading_6a0144f29145f\">\n\t<h1 class=\"lqd-highlight-underline lqd-highlight-grow-left\" ><span class=\"ld-fh-txt\"> <span style=\"font-size: 26px\">LA <\/span>GAMA<\/span><\/h1><\/div>[\/vc_column][\/vc_row][vc_row][vc_column]<style>.ld_spacer_6a0144f291532{height:150px;}<\/style>\n<div class=\"ld-empty-space ld_spacer_6a0144f291532\"><span class=\"liquid_empty_space_inner\"><\/span><\/div>[\/vc_column][\/vc_row][vc_row][vc_column css=&#8221;.vc_custom_1565519509512{background-color: #ffffff !important;}&#8221; el_class=&#8221;box-shadow&#8221;][vc_single_image image=&#8221;13352&#8243; img_size=&#8221;full&#8221; alignment=&#8221;center&#8221;][vc_column_text]\n<table id=\"tablepress-257\" class=\"tablepress tablepress-id-257\">\n<thead>\n<tr class=\"row-1\">\n\t<th class=\"column-1\">Gramaje<\/th><th class=\"column-2\">Textura<\/th><th class=\"column-3\">Color<\/th><th class=\"column-4\">Formato<\/th><th class=\"column-5\">Bordes<\/th><th class=\"column-6\">N\u00ba de hojas<\/th><th class=\"column-7\">Referencia<\/th>\n<\/tr>\n<\/thead>\n<tbody class=\"row-striping row-hover\">\n<tr class=\"row-2\">\n\t<td class=\"column-1\">310 g\/m\u00b2<\/td><td class=\"column-2\">Grano fino<\/td><td class=\"column-3\">Blanco puro<\/td><td class=\"column-4\">A4<\/td><td class=\"column-5\">4 bordes sin rematar<\/td><td class=\"column-6\">10<\/td><td class=\"column-7\">C400110681<\/td>\n<\/tr>\n<tr class=\"row-3\">\n\t<td class=\"column-1\">310 g\/m\u00b2<\/td><td class=\"column-2\">Grano fino<\/td><td class=\"column-3\">Blanco puro<\/td><td class=\"column-4\">A4<\/td><td class=\"column-5\">4 bordes sin rematar<\/td><td class=\"column-6\">25<\/td><td class=\"column-7\">C400110682<\/td>\n<\/tr>\n<tr class=\"row-4\">\n\t<td class=\"column-1\">310 g\/m\u00b2<\/td><td class=\"column-2\">Grano fino<\/td><td class=\"column-3\">Blanco puro<\/td><td class=\"column-4\">A3<\/td><td class=\"column-5\">4 bordes sin rematar<\/td><td class=\"column-6\">25<\/td><td class=\"column-7\">C400110684<\/td>\n<\/tr>\n<tr class=\"row-5\">\n\t<td class=\"column-1\">310 g\/m\u00b2<\/td><td class=\"column-2\">Grano fino<\/td><td class=\"column-3\">Blanco puro<\/td><td class=\"column-4\">32,9 x 48,3 cm (A3+)<\/td><td class=\"column-5\">4 bordes sin rematar<\/td><td class=\"column-6\">25<\/td><td class=\"column-7\">C400110685<\/td>\n<\/tr>\n<tr class=\"row-6\">\n\t<td class=\"column-1\">310 g\/m\u00b2<\/td><td class=\"column-2\">Grano fino<\/td><td class=\"column-3\">Blanco puro<\/td><td class=\"column-4\">A2<\/td><td class=\"column-5\">4 bordes sin rematar<\/td><td class=\"column-6\">25<\/td><td class=\"column-7\">C400110686<\/td>\n<\/tr>\n<\/tbody>\n<\/table>\n[\/vc_column_text][vc_empty_space][vc_single_image image=&#8221;13344&#8243; img_size=&#8221;full&#8221; alignment=&#8221;center&#8221;][vc_column_text]\n<table id=\"tablepress-258\" class=\"tablepress tablepress-id-258\">\n<thead>\n<tr class=\"row-1\">\n\t<th class=\"column-1\">Gramaje<\/th><th class=\"column-2\">Textura<\/th><th class=\"column-3\">Color<\/th><th class=\"column-4\">Formato<\/th><th class=\"column-5\">Bordes<\/th><th class=\"column-6\">Referencia<\/th>\n<\/tr>\n<\/thead>\n<tbody class=\"row-striping row-hover\">\n<tr class=\"row-2\">\n\t<td class=\"column-1\">310 g\/m\u00b2<\/td><td class=\"column-2\">Grano fino<\/td><td class=\"column-3\">Blanco puro<\/td><td class=\"column-4\">43,2 x 1524 cm<\/td><td class=\"column-5\">2 bordes sin rematar<\/td><td class=\"column-6\">C400110688<\/td>\n<\/tr>\n<tr class=\"row-3\">\n\t<td class=\"column-1\">310 g\/m\u00b2<\/td><td class=\"column-2\">Grano fino<\/td><td class=\"column-3\">Blanco puro<\/td><td class=\"column-4\">61 x 1200 cm<\/td><td class=\"column-5\">2 bordes sin rematar<\/td><td class=\"column-6\">C762511043<\/td>\n<\/tr>\n<tr class=\"row-4\">\n\t<td class=\"column-1\">310 g\/m\u00b2<\/td><td class=\"column-2\">Grano fino<\/td><td class=\"column-3\">Blanco puro<\/td><td class=\"column-4\">91,4 x 1524 cm<\/td><td class=\"column-5\">2 bordes sin rematar<\/td><td class=\"column-6\">C400110691<\/td>\n<\/tr>\n<tr class=\"row-5\">\n\t<td class=\"column-1\">310 g\/m\u00b2<\/td><td class=\"column-2\">Grano fino<\/td><td class=\"column-3\">Blanco puro<\/td><td class=\"column-4\">91,4 x 1200 cm<\/td><td class=\"column-5\">2 bordes sin rematar<\/td><td class=\"column-6\">C762511047<\/td>\n<\/tr>\n<tr class=\"row-6\">\n\t<td class=\"column-1\">310 g\/m\u00b2<\/td><td class=\"column-2\">Grano fino<\/td><td class=\"column-3\">Blanco puro<\/td><td class=\"column-4\">111,8 x 1200 cm<\/td><td class=\"column-5\">2 bordes sin rematar<\/td><td class=\"column-6\">C762511085<\/td>\n<\/tr>\n<\/tbody>\n<\/table>\n[\/vc_column_text][\/vc_column][\/vc_row][vc_row][vc_column width=&#8221;2\/3&#8243;][vc_empty_space][vc_column_text]<img decoding=\"async\" class=\" wp-image-15145 alignleft\" src=\"https:\/\/arches-papers.com\/wp-content\/uploads\/2020\/02\/puce-info.png\" alt=\"\" width=\"24\" height=\"24\" \/><em>Para conocer los perfiles ICC adecuados para los papeles digitales ARCHES\u00ae o para encontrar un punto de venta, entre en <a href=\"https:\/\/www.canson-infinity.com\/es\" target=\"_blank\" rel=\"noopener noreferrer\">https:\/\/www.canson-infinity.com\/es<\/a><\/em>[\/vc_column_text][vc_empty_space][\/vc_column][vc_column width=&#8221;1\/3&#8243;][\/vc_column][\/vc_row]<\/p>\n<\/div>","protected":false},"excerpt":{"rendered":"[vc_row][vc_column][vc_empty_space height=&#8221;100&#8243;][\/vc_column][\/vc_row][vc_row el_class=&#8221;line-right&#8221;][vc_column][vc_empty_space height=&#8221;50px&#8221;][\/vc_column][\/vc_row][vc_row equal_height=&#8221;yes&#8221; content_placement=&#8221;middle&#8221; css=&#8221;.vc_custom_1585672331979{margin-top: 100px !important;}&#8221;][vc_column width=&#8221;2\/3&#8243; css=&#8221;.vc_custom_1585672345716{margin-top: 50px !important;}&#8221;][vc_single_image image=&#8221;29341&#8243; img_size=&#8221;full&#8221;&#8230;","protected":false},"author":17,"featured_media":34638,"parent":29570,"menu_order":2,"comment_status":"closed","ping_status":"closed","template":"","meta":{"footnotes":""},"tags":[],"class_list":["post-29576","page","type-page","status-publish","has-post-thumbnail","hentry"],"yoast_head":"<!-- This site is optimized with the Yoast SEO plugin v27.1.1 - https:\/\/yoast.com\/product\/yoast-seo-wordpress\/ -->\n<title>ARCHES\u00ae BFK RIVES\u00ae Pure White (IMPRESI\u00d3N DIGITAL) - Arches Papers<\/title>\n<meta name=\"description\" content=\"ARCHES BFK RIVES Pure White: Blanco puro. Tono obtenido sin la adici\u00f3n de blanqueadores \u00f3pticos. Especialmente adecuado para los revelados en color.\" \/>\n<meta name=\"robots\" content=\"index, follow, max-snippet:-1, max-image-preview:large, max-video-preview:-1\" \/>\n<link rel=\"canonical\" href=\"https:\/\/arches-papers.com\/es\/la-gama-de-papeles-arches\/edicion-de-arte-fotografico-2\/impresion-digital\/arches-bfk-rives-pure-white-impresion-digital\/\" \/>\n<meta property=\"og:locale\" content=\"es_ES\" \/>\n<meta property=\"og:type\" content=\"article\" \/>\n<meta property=\"og:title\" content=\"ARCHES\u00ae BFK RIVES\u00ae Pure White (IMPRESI\u00d3N DIGITAL) - Arches Papers\" \/>\n<meta property=\"og:description\" content=\"ARCHES BFK RIVES Pure White: Blanco puro. Tono obtenido sin la adici\u00f3n de blanqueadores \u00f3pticos. Especialmente adecuado para los revelados en color.\" \/>\n<meta property=\"og:url\" content=\"https:\/\/arches-papers.com\/es\/la-gama-de-papeles-arches\/edicion-de-arte-fotografico-2\/impresion-digital\/arches-bfk-rives-pure-white-impresion-digital\/\" \/>\n<meta property=\"og:site_name\" content=\"Arches Papers\" \/>\n<meta property=\"article:modified_time\" content=\"2021-09-10T09:26:29+00:00\" \/>\n<meta property=\"og:image\" content=\"https:\/\/arches-papers.com\/wp-content\/uploads\/2021\/10\/Arches-BFK-Rives-purewhite-digital.jpg\" \/>\n\t<meta property=\"og:image:width\" content=\"800\" \/>\n\t<meta property=\"og:image:height\" content=\"800\" \/>\n\t<meta property=\"og:image:type\" content=\"image\/jpeg\" \/>\n<meta name=\"twitter:card\" content=\"summary_large_image\" \/>\n<meta name=\"twitter:label1\" content=\"Tiempo de lectura\" \/>\n\t<meta name=\"twitter:data1\" content=\"4 minutos\" \/>\n<script type=\"application\/ld+json\" class=\"yoast-schema-graph\">{\"@context\":\"https:\/\/schema.org\",\"@graph\":[{\"@type\":\"WebPage\",\"@id\":\"https:\/\/arches-papers.com\/es\/la-gama-de-papeles-arches\/edicion-de-arte-fotografico-2\/impresion-digital\/arches-bfk-rives-pure-white-impresion-digital\/\",\"url\":\"https:\/\/arches-papers.com\/es\/la-gama-de-papeles-arches\/edicion-de-arte-fotografico-2\/impresion-digital\/arches-bfk-rives-pure-white-impresion-digital\/\",\"name\":\"ARCHES\u00ae BFK RIVES\u00ae Pure White (IMPRESI\u00d3N DIGITAL) - Arches Papers\",\"isPartOf\":{\"@id\":\"https:\/\/arches-papers.com\/es\/#website\"},\"primaryImageOfPage\":{\"@id\":\"https:\/\/arches-papers.com\/es\/la-gama-de-papeles-arches\/edicion-de-arte-fotografico-2\/impresion-digital\/arches-bfk-rives-pure-white-impresion-digital\/#primaryimage\"},\"image\":{\"@id\":\"https:\/\/arches-papers.com\/es\/la-gama-de-papeles-arches\/edicion-de-arte-fotografico-2\/impresion-digital\/arches-bfk-rives-pure-white-impresion-digital\/#primaryimage\"},\"thumbnailUrl\":\"https:\/\/arches-papers.com\/wp-content\/uploads\/2021\/10\/Arches-BFK-Rives-purewhite-digital.jpg\",\"datePublished\":\"2021-02-02T09:29:22+00:00\",\"dateModified\":\"2021-09-10T09:26:29+00:00\",\"description\":\"ARCHES BFK RIVES Pure White: Blanco puro. Tono obtenido sin la adici\u00f3n de blanqueadores \u00f3pticos. Especialmente adecuado para los revelados en color.\",\"breadcrumb\":{\"@id\":\"https:\/\/arches-papers.com\/es\/la-gama-de-papeles-arches\/edicion-de-arte-fotografico-2\/impresion-digital\/arches-bfk-rives-pure-white-impresion-digital\/#breadcrumb\"},\"inLanguage\":\"es\",\"potentialAction\":[{\"@type\":\"ReadAction\",\"target\":[\"https:\/\/arches-papers.com\/es\/la-gama-de-papeles-arches\/edicion-de-arte-fotografico-2\/impresion-digital\/arches-bfk-rives-pure-white-impresion-digital\/\"]}]},{\"@type\":\"ImageObject\",\"inLanguage\":\"es\",\"@id\":\"https:\/\/arches-papers.com\/es\/la-gama-de-papeles-arches\/edicion-de-arte-fotografico-2\/impresion-digital\/arches-bfk-rives-pure-white-impresion-digital\/#primaryimage\",\"url\":\"https:\/\/arches-papers.com\/wp-content\/uploads\/2021\/10\/Arches-BFK-Rives-purewhite-digital.jpg\",\"contentUrl\":\"https:\/\/arches-papers.com\/wp-content\/uploads\/2021\/10\/Arches-BFK-Rives-purewhite-digital.jpg\",\"width\":800,\"height\":800,\"caption\":\"ARCHES BFK RIVES Pure White digital printing paper\"},{\"@type\":\"BreadcrumbList\",\"@id\":\"https:\/\/arches-papers.com\/es\/la-gama-de-papeles-arches\/edicion-de-arte-fotografico-2\/impresion-digital\/arches-bfk-rives-pure-white-impresion-digital\/#breadcrumb\",\"itemListElement\":[{\"@type\":\"ListItem\",\"position\":1,\"name\":\"Accueil\",\"item\":\"https:\/\/arches-papers.com\/es\/\"},{\"@type\":\"ListItem\",\"position\":2,\"name\":\"LA GAMA DE PAPELES ARCHES\u00ae\",\"item\":\"https:\/\/arches-papers.com\/es\/la-gama-de-papeles-arches\/\"},{\"@type\":\"ListItem\",\"position\":3,\"name\":\"Edici\u00f3n de arte fotogr\u00e1fico\",\"item\":\"https:\/\/arches-papers.com\/es\/la-gama-de-papeles-arches\/edicion-de-arte-fotografico-2\/\"},{\"@type\":\"ListItem\",\"position\":4,\"name\":\"Impresi\u00f3n digital\",\"item\":\"https:\/\/arches-papers.com\/es\/la-gama-de-papeles-arches\/edicion-de-arte-fotografico-2\/impresion-digital\/\"},{\"@type\":\"ListItem\",\"position\":5,\"name\":\"ARCHES\u00ae BFK RIVES\u00ae Pure White (IMPRESI\u00d3N DIGITAL)\"}]},{\"@type\":\"WebSite\",\"@id\":\"https:\/\/arches-papers.com\/es\/#website\",\"url\":\"https:\/\/arches-papers.com\/es\/\",\"name\":\"Arches Papers\",\"description\":\"Fabricant de papier\",\"potentialAction\":[{\"@type\":\"SearchAction\",\"target\":{\"@type\":\"EntryPoint\",\"urlTemplate\":\"https:\/\/arches-papers.com\/es\/?s={search_term_string}\"},\"query-input\":{\"@type\":\"PropertyValueSpecification\",\"valueRequired\":true,\"valueName\":\"search_term_string\"}}],\"inLanguage\":\"es\"}]}<\/script>\n<!-- \/ Yoast SEO plugin. -->","yoast_head_json":{"title":"ARCHES\u00ae BFK RIVES\u00ae Pure White (IMPRESI\u00d3N DIGITAL) - Arches Papers","description":"ARCHES BFK RIVES Pure White: Blanco puro. Tono obtenido sin la adici\u00f3n de blanqueadores \u00f3pticos. Especialmente adecuado para los revelados en color.","robots":{"index":"index","follow":"follow","max-snippet":"max-snippet:-1","max-image-preview":"max-image-preview:large","max-video-preview":"max-video-preview:-1"},"canonical":"https:\/\/arches-papers.com\/es\/la-gama-de-papeles-arches\/edicion-de-arte-fotografico-2\/impresion-digital\/arches-bfk-rives-pure-white-impresion-digital\/","og_locale":"es_ES","og_type":"article","og_title":"ARCHES\u00ae BFK RIVES\u00ae Pure White (IMPRESI\u00d3N DIGITAL) - Arches Papers","og_description":"ARCHES BFK RIVES Pure White: Blanco puro. Tono obtenido sin la adici\u00f3n de blanqueadores \u00f3pticos. Especialmente adecuado para los revelados en color.","og_url":"https:\/\/arches-papers.com\/es\/la-gama-de-papeles-arches\/edicion-de-arte-fotografico-2\/impresion-digital\/arches-bfk-rives-pure-white-impresion-digital\/","og_site_name":"Arches Papers","article_modified_time":"2021-09-10T09:26:29+00:00","og_image":[{"width":800,"height":800,"url":"https:\/\/arches-papers.com\/wp-content\/uploads\/2021\/10\/Arches-BFK-Rives-purewhite-digital.jpg","type":"image\/jpeg"}],"twitter_card":"summary_large_image","twitter_misc":{"Tiempo de lectura":"4 minutos"},"schema":{"@context":"https:\/\/schema.org","@graph":[{"@type":"WebPage","@id":"https:\/\/arches-papers.com\/es\/la-gama-de-papeles-arches\/edicion-de-arte-fotografico-2\/impresion-digital\/arches-bfk-rives-pure-white-impresion-digital\/","url":"https:\/\/arches-papers.com\/es\/la-gama-de-papeles-arches\/edicion-de-arte-fotografico-2\/impresion-digital\/arches-bfk-rives-pure-white-impresion-digital\/","name":"ARCHES\u00ae BFK RIVES\u00ae Pure White (IMPRESI\u00d3N DIGITAL) - Arches Papers","isPartOf":{"@id":"https:\/\/arches-papers.com\/es\/#website"},"primaryImageOfPage":{"@id":"https:\/\/arches-papers.com\/es\/la-gama-de-papeles-arches\/edicion-de-arte-fotografico-2\/impresion-digital\/arches-bfk-rives-pure-white-impresion-digital\/#primaryimage"},"image":{"@id":"https:\/\/arches-papers.com\/es\/la-gama-de-papeles-arches\/edicion-de-arte-fotografico-2\/impresion-digital\/arches-bfk-rives-pure-white-impresion-digital\/#primaryimage"},"thumbnailUrl":"https:\/\/arches-papers.com\/wp-content\/uploads\/2021\/10\/Arches-BFK-Rives-purewhite-digital.jpg","datePublished":"2021-02-02T09:29:22+00:00","dateModified":"2021-09-10T09:26:29+00:00","description":"ARCHES BFK RIVES Pure White: Blanco puro. Tono obtenido sin la adici\u00f3n de blanqueadores \u00f3pticos. Especialmente adecuado para los revelados en color.","breadcrumb":{"@id":"https:\/\/arches-papers.com\/es\/la-gama-de-papeles-arches\/edicion-de-arte-fotografico-2\/impresion-digital\/arches-bfk-rives-pure-white-impresion-digital\/#breadcrumb"},"inLanguage":"es","potentialAction":[{"@type":"ReadAction","target":["https:\/\/arches-papers.com\/es\/la-gama-de-papeles-arches\/edicion-de-arte-fotografico-2\/impresion-digital\/arches-bfk-rives-pure-white-impresion-digital\/"]}]},{"@type":"ImageObject","inLanguage":"es","@id":"https:\/\/arches-papers.com\/es\/la-gama-de-papeles-arches\/edicion-de-arte-fotografico-2\/impresion-digital\/arches-bfk-rives-pure-white-impresion-digital\/#primaryimage","url":"https:\/\/arches-papers.com\/wp-content\/uploads\/2021\/10\/Arches-BFK-Rives-purewhite-digital.jpg","contentUrl":"https:\/\/arches-papers.com\/wp-content\/uploads\/2021\/10\/Arches-BFK-Rives-purewhite-digital.jpg","width":800,"height":800,"caption":"ARCHES BFK RIVES Pure White digital printing paper"},{"@type":"BreadcrumbList","@id":"https:\/\/arches-papers.com\/es\/la-gama-de-papeles-arches\/edicion-de-arte-fotografico-2\/impresion-digital\/arches-bfk-rives-pure-white-impresion-digital\/#breadcrumb","itemListElement":[{"@type":"ListItem","position":1,"name":"Accueil","item":"https:\/\/arches-papers.com\/es\/"},{"@type":"ListItem","position":2,"name":"LA GAMA DE PAPELES ARCHES\u00ae","item":"https:\/\/arches-papers.com\/es\/la-gama-de-papeles-arches\/"},{"@type":"ListItem","position":3,"name":"Edici\u00f3n de arte fotogr\u00e1fico","item":"https:\/\/arches-papers.com\/es\/la-gama-de-papeles-arches\/edicion-de-arte-fotografico-2\/"},{"@type":"ListItem","position":4,"name":"Impresi\u00f3n digital","item":"https:\/\/arches-papers.com\/es\/la-gama-de-papeles-arches\/edicion-de-arte-fotografico-2\/impresion-digital\/"},{"@type":"ListItem","position":5,"name":"ARCHES\u00ae BFK RIVES\u00ae Pure White (IMPRESI\u00d3N DIGITAL)"}]},{"@type":"WebSite","@id":"https:\/\/arches-papers.com\/es\/#website","url":"https:\/\/arches-papers.com\/es\/","name":"Arches Papers","description":"Fabricant de papier","potentialAction":[{"@type":"SearchAction","target":{"@type":"EntryPoint","urlTemplate":"https:\/\/arches-papers.com\/es\/?s={search_term_string}"},"query-input":{"@type":"PropertyValueSpecification","valueRequired":true,"valueName":"search_term_string"}}],"inLanguage":"es"}]}},"_links":{"self":[{"href":"https:\/\/arches-papers.com\/es\/wp-json\/wp\/v2\/pages\/29576","targetHints":{"allow":["GET"]}}],"collection":[{"href":"https:\/\/arches-papers.com\/es\/wp-json\/wp\/v2\/pages"}],"about":[{"href":"https:\/\/arches-papers.com\/es\/wp-json\/wp\/v2\/types\/page"}],"author":[{"embeddable":true,"href":"https:\/\/arches-papers.com\/es\/wp-json\/wp\/v2\/users\/17"}],"replies":[{"embeddable":true,"href":"https:\/\/arches-papers.com\/es\/wp-json\/wp\/v2\/comments?post=29576"}],"version-history":[{"count":0,"href":"https:\/\/arches-papers.com\/es\/wp-json\/wp\/v2\/pages\/29576\/revisions"}],"up":[{"embeddable":true,"href":"https:\/\/arches-papers.com\/es\/wp-json\/wp\/v2\/pages\/29570"}],"wp:featuredmedia":[{"embeddable":true,"href":"https:\/\/arches-papers.com\/es\/wp-json\/wp\/v2\/media\/34638"}],"wp:attachment":[{"href":"https:\/\/arches-papers.com\/es\/wp-json\/wp\/v2\/media?parent=29576"}],"wp:term":[{"taxonomy":"post_tag","embeddable":true,"href":"https:\/\/arches-papers.com\/es\/wp-json\/wp\/v2\/tags?post=29576"}],"curies":[{"name":"wp","href":"https:\/\/api.w.org\/{rel}","templated":true}]}}