{"id":29599,"date":"2021-02-02T10:44:32","date_gmt":"2021-02-02T09:44:32","guid":{"rendered":"https:\/\/arches-papers.com\/la-gama-de-papeles-arches\/edicion-de-arte-fotografico-2\/impresion-digital\/kit-descubrimiento-impresion-digital\/"},"modified":"2021-06-07T15:49:48","modified_gmt":"2021-06-07T13:49:48","slug":"kit-descubrimiento-impresion-digital","status":"publish","type":"page","link":"https:\/\/arches-papers.com\/es\/la-gama-de-papeles-arches\/edicion-de-arte-fotografico-2\/impresion-digital\/kit-descubrimiento-impresion-digital\/","title":{"rendered":"KIT DESCUBRIMIENTO (IMPRESI\u00d3N DIGITAL)"},"content":{"rendered":"<div class=\"wpb-content-wrapper\"><p>[vc_row][vc_column][vc_empty_space height=&#8221;100&#8243;][\/vc_column][\/vc_row][vc_row el_class=&#8221;line-right&#8221;][vc_column]<style>.ld_fancy_heading_6a0144f31d74e h3 {padding-bottom:0px !important;  } .ld_fancy_heading_6a0144f31d74e h3 {margin-bottom:0px !important;  } .ld_fancy_heading_6a0144f31d74e .lqd-highlight-inner{height:0.275em;bottom:0px;}.ld_fancy_heading_6a0144f31d74e h3 {padding-bottom:0px !important;  } .ld_fancy_heading_6a0144f31d74e h3 {margin-bottom:0px !important;  } <\/style><div class=\"ld-fancy-heading text-right text-uppercase ld_fancy_heading_6a0144f31d74e\">\n\t<h3 class=\"lqd-highlight-underline lqd-highlight-grow-left\" ><span class=\"ld-fh-txt\"> <span style=\"font-size: 70px\">Pruebe la gama de papeles<br \/>\n<\/span><\/span><\/h3><\/div><style>.ld_fancy_heading_6a0144f31d939 h3{font-size:24px;}.ld_fancy_heading_6a0144f31d939 h3 {padding-bottom:0px !important;  } .ld_fancy_heading_6a0144f31d939 h3 {margin-bottom:0px !important;  } .ld_fancy_heading_6a0144f31d939 .lqd-highlight-inner{height:0.275em;bottom:0px;}.ld_fancy_heading_6a0144f31d939 h3 {padding-bottom:0px !important;  } .ld_fancy_heading_6a0144f31d939 h3 {margin-bottom:0px !important;  } <\/style><div class=\"ld-fancy-heading text-right text-uppercase ld_fancy_heading_6a0144f31d939\">\n\t<h3 class=\"lqd-highlight-underline lqd-highlight-grow-left\" data-fittext=\"true\" data-fittext-options='{\"compressor\":1,\"maxFontSize\":\"currentFontSize\",\"minFontSize\":\"\"}'><span class=\"ld-fh-txt\"> destinados a la impresi\u00f3n digital<\/span><\/h3><\/div>[vc_empty_space height=&#8221;50px&#8221;][\/vc_column][\/vc_row][vc_row equal_height=&#8221;yes&#8221; content_placement=&#8221;middle&#8221; css=&#8221;.vc_custom_1585672331979{margin-top: 100px !important;}&#8221;][vc_column width=&#8221;2\/3&#8243; css=&#8221;.vc_custom_1585672345716{margin-top: 50px !important;}&#8221;][vc_single_image image=&#8221;29370&#8243; img_size=&#8221;large&#8221; css_animation=&#8221;fadeInLeft&#8221;][\/vc_column][vc_column width=&#8221;1\/3&#8243;][vc_empty_space height=&#8221;70px&#8221;][vc_column_text css_animation=&#8221;bounceInUp&#8221; el_class=&#8221;justify&#8221;]<\/p>\n<p style=\"text-align: left;\">Para probar su gama de papeles destinados a la impresi\u00f3n digital, ARCHES\u00ae le ofrece la posibilidad de adquirir un Kit de Descubrimiento compuesto de 2 hojas de cada referencia existente en la gama Canson\u00ae Infinity:<\/p>\n<ul>\n<li style=\"text-align: left;\">ARCHES\u00ae 88 310 g\/m\u00b2<\/li>\n<li style=\"text-align: left;\">ARCHES\u00ae BFK RIVES\u00ae Pure White 310 g\/m\u00b2<\/li>\n<li style=\"text-align: left;\">ARCHES\u00ae BFK RIVES\u00ae White 310 g\/m\u00b2<\/li>\n<li style=\"text-align: left;\">ARCHES\u00ae AQUARELLE RAG 310 g\/m\u00b2<\/li>\n<\/ul>\n<p>[\/vc_column_text][vc_empty_space height=&#8221;55px&#8221;][\/vc_column][\/vc_row][vc_row][vc_column width=&#8221;1\/4&#8243;][\/vc_column][vc_column width=&#8221;1\/2&#8243;][vc_empty_space][vc_column_text]<\/p>\n<h4 style=\"text-align: center;\"><a href=\"\/?page_id=31584\">Descubre aqu\u00ed c\u00f3mo crear tus propias impresiones de edici\u00f3n limitada con los nuevos papeles de impresi\u00f3n digital ARCHES\u00ae<\/a><\/h4>\n<p>[\/vc_column_text][vc_empty_space][\/vc_column][vc_column width=&#8221;1\/4&#8243;][\/vc_column][\/vc_row][vc_row el_class=&#8221;line-left&#8221;][vc_column]<style>.ld_fancy_heading_6a0144f31da48 h1 {padding-bottom:0px !important;  } .ld_fancy_heading_6a0144f31da48 h1 {margin-bottom:0px !important;  } .ld_fancy_heading_6a0144f31da48 .lqd-highlight-inner{height:0.275em;bottom:0px;}.ld_fancy_heading_6a0144f31da48 h1 {padding-bottom:0px !important;  } .ld_fancy_heading_6a0144f31da48 h1 {margin-bottom:0px !important;  } <\/style><div class=\"ld-fancy-heading text-left text-uppercase ld_fancy_heading_6a0144f31da48\">\n\t<h1 class=\"lqd-highlight-underline lqd-highlight-grow-left\" ><span class=\"ld-fh-txt\"> <span style=\"font-size: 26px\">LA <\/span>GAMA<\/span><\/h1><\/div>[\/vc_column][\/vc_row][vc_row][vc_column]<style>.ld_spacer_6a0144f31db2d{height:150px;}<\/style>\n<div class=\"ld-empty-space ld_spacer_6a0144f31db2d\"><span class=\"liquid_empty_space_inner\"><\/span><\/div>[\/vc_column][\/vc_row][vc_row][vc_column css=&#8221;.vc_custom_1565519509512{background-color: #ffffff !important;}&#8221; el_class=&#8221;box-shadow&#8221;][vc_single_image image=&#8221;13352&#8243; img_size=&#8221;full&#8221; alignment=&#8221;center&#8221;][vc_column_text]\n<table id=\"tablepress-263\" class=\"tablepress tablepress-id-263\">\n<thead>\n<tr class=\"row-1\">\n\t<th class=\"column-1\">Gramaje<\/th><th class=\"column-2\">Formato<\/th><th class=\"column-3\">Bordes<\/th><th class=\"column-4\">N\u00ba de hojas<\/th><th class=\"column-5\">Referencia<\/th>\n<\/tr>\n<\/thead>\n<tbody class=\"row-striping row-hover\">\n<tr class=\"row-2\">\n\t<td class=\"column-1\">310 g\/m\u00b2<\/td><td class=\"column-2\">A4<\/td><td class=\"column-3\">4 bordes sin rematar<\/td><td class=\"column-4\">8<\/td><td class=\"column-5\">C33625H000<\/td>\n<\/tr>\n<\/tbody>\n<\/table>\n[\/vc_column_text][vc_empty_space][\/vc_column][\/vc_row][vc_row][vc_column width=&#8221;2\/3&#8243;][vc_empty_space][vc_column_text]<img decoding=\"async\" class=\" wp-image-15145 alignleft\" src=\"https:\/\/arches-papers.com\/wp-content\/uploads\/2020\/02\/puce-info.png\" alt=\"\" width=\"24\" height=\"24\" \/><em>Para conocer los perfiles ICC adecuados para los papeles digitales ARCHES\u00ae o para encontrar un punto de venta, entre en <a href=\"https:\/\/www.canson-infinity.com\/es\" target=\"_blank\" rel=\"noopener noreferrer\">https:\/\/www.canson-infinity.com\/es<\/a><\/em>[\/vc_column_text][vc_empty_space][\/vc_column][vc_column width=&#8221;1\/3&#8243;][\/vc_column][\/vc_row]<\/p>\n<\/div>","protected":false},"excerpt":{"rendered":"[vc_row][vc_column][vc_empty_space height=&#8221;100&#8243;][\/vc_column][\/vc_row][vc_row el_class=&#8221;line-right&#8221;][vc_column][vc_empty_space height=&#8221;50px&#8221;][\/vc_column][\/vc_row][vc_row equal_height=&#8221;yes&#8221; content_placement=&#8221;middle&#8221; css=&#8221;.vc_custom_1585672331979{margin-top: 100px !important;}&#8221;][vc_column width=&#8221;2\/3&#8243; css=&#8221;.vc_custom_1585672345716{margin-top: 50px !important;}&#8221;][vc_single_image image=&#8221;29370&#8243; img_size=&#8221;large&#8221;&#8230;","protected":false},"author":17,"featured_media":0,"parent":29570,"menu_order":4,"comment_status":"closed","ping_status":"closed","template":"","meta":{"footnotes":""},"tags":[],"class_list":["post-29599","page","type-page","status-publish","hentry"],"yoast_head":"<!-- This site is optimized with the Yoast SEO plugin v27.1.1 - https:\/\/yoast.com\/product\/yoast-seo-wordpress\/ -->\n<title>KIT DESCUBRIMIENTO (IMPRESI\u00d3N DIGITAL) - Arches Papers<\/title>\n<meta name=\"description\" content=\"ARCHES le ofrece la posibilidad de adquirir un Kit de Descubrimiento impresi\u00f3n digital ARCHES compuesto de 2 hojas de cada referencia.\" \/>\n<meta name=\"robots\" content=\"index, follow, max-snippet:-1, max-image-preview:large, max-video-preview:-1\" \/>\n<link rel=\"canonical\" href=\"https:\/\/arches-papers.com\/es\/la-gama-de-papeles-arches\/edicion-de-arte-fotografico-2\/impresion-digital\/kit-descubrimiento-impresion-digital\/\" \/>\n<meta property=\"og:locale\" content=\"es_ES\" \/>\n<meta property=\"og:type\" content=\"article\" \/>\n<meta property=\"og:title\" content=\"KIT DESCUBRIMIENTO (IMPRESI\u00d3N DIGITAL) - Arches Papers\" \/>\n<meta property=\"og:description\" content=\"ARCHES le ofrece la posibilidad de adquirir un Kit de Descubrimiento impresi\u00f3n digital ARCHES compuesto de 2 hojas de cada referencia.\" \/>\n<meta property=\"og:url\" content=\"https:\/\/arches-papers.com\/es\/la-gama-de-papeles-arches\/edicion-de-arte-fotografico-2\/impresion-digital\/kit-descubrimiento-impresion-digital\/\" \/>\n<meta property=\"og:site_name\" content=\"Arches Papers\" \/>\n<meta property=\"article:modified_time\" content=\"2021-06-07T13:49:48+00:00\" \/>\n<meta property=\"og:image\" content=\"https:\/\/arches-papers.com\/wp-content\/uploads\/2020\/02\/puce-info.png\" \/>\n<meta name=\"twitter:card\" content=\"summary_large_image\" \/>\n<meta name=\"twitter:label1\" content=\"Tiempo de lectura\" \/>\n\t<meta name=\"twitter:data1\" content=\"2 minutos\" \/>\n<script type=\"application\/ld+json\" class=\"yoast-schema-graph\">{\"@context\":\"https:\/\/schema.org\",\"@graph\":[{\"@type\":\"WebPage\",\"@id\":\"https:\/\/arches-papers.com\/es\/la-gama-de-papeles-arches\/edicion-de-arte-fotografico-2\/impresion-digital\/kit-descubrimiento-impresion-digital\/\",\"url\":\"https:\/\/arches-papers.com\/es\/la-gama-de-papeles-arches\/edicion-de-arte-fotografico-2\/impresion-digital\/kit-descubrimiento-impresion-digital\/\",\"name\":\"KIT DESCUBRIMIENTO (IMPRESI\u00d3N DIGITAL) - Arches Papers\",\"isPartOf\":{\"@id\":\"https:\/\/arches-papers.com\/es\/#website\"},\"primaryImageOfPage\":{\"@id\":\"https:\/\/arches-papers.com\/es\/la-gama-de-papeles-arches\/edicion-de-arte-fotografico-2\/impresion-digital\/kit-descubrimiento-impresion-digital\/#primaryimage\"},\"image\":{\"@id\":\"https:\/\/arches-papers.com\/es\/la-gama-de-papeles-arches\/edicion-de-arte-fotografico-2\/impresion-digital\/kit-descubrimiento-impresion-digital\/#primaryimage\"},\"thumbnailUrl\":\"https:\/\/arches-papers.com\/wp-content\/uploads\/2020\/02\/puce-info.png\",\"datePublished\":\"2021-02-02T09:44:32+00:00\",\"dateModified\":\"2021-06-07T13:49:48+00:00\",\"description\":\"ARCHES le ofrece la posibilidad de adquirir un Kit de Descubrimiento impresi\u00f3n digital ARCHES compuesto de 2 hojas de cada referencia.\",\"breadcrumb\":{\"@id\":\"https:\/\/arches-papers.com\/es\/la-gama-de-papeles-arches\/edicion-de-arte-fotografico-2\/impresion-digital\/kit-descubrimiento-impresion-digital\/#breadcrumb\"},\"inLanguage\":\"es\",\"potentialAction\":[{\"@type\":\"ReadAction\",\"target\":[\"https:\/\/arches-papers.com\/es\/la-gama-de-papeles-arches\/edicion-de-arte-fotografico-2\/impresion-digital\/kit-descubrimiento-impresion-digital\/\"]}]},{\"@type\":\"ImageObject\",\"inLanguage\":\"es\",\"@id\":\"https:\/\/arches-papers.com\/es\/la-gama-de-papeles-arches\/edicion-de-arte-fotografico-2\/impresion-digital\/kit-descubrimiento-impresion-digital\/#primaryimage\",\"url\":\"https:\/\/arches-papers.com\/wp-content\/uploads\/2020\/02\/puce-info.png\",\"contentUrl\":\"https:\/\/arches-papers.com\/wp-content\/uploads\/2020\/02\/puce-info.png\"},{\"@type\":\"BreadcrumbList\",\"@id\":\"https:\/\/arches-papers.com\/es\/la-gama-de-papeles-arches\/edicion-de-arte-fotografico-2\/impresion-digital\/kit-descubrimiento-impresion-digital\/#breadcrumb\",\"itemListElement\":[{\"@type\":\"ListItem\",\"position\":1,\"name\":\"Accueil\",\"item\":\"https:\/\/arches-papers.com\/es\/\"},{\"@type\":\"ListItem\",\"position\":2,\"name\":\"LA GAMA DE PAPELES ARCHES\u00ae\",\"item\":\"https:\/\/arches-papers.com\/es\/la-gama-de-papeles-arches\/\"},{\"@type\":\"ListItem\",\"position\":3,\"name\":\"Edici\u00f3n de arte fotogr\u00e1fico\",\"item\":\"https:\/\/arches-papers.com\/es\/la-gama-de-papeles-arches\/edicion-de-arte-fotografico-2\/\"},{\"@type\":\"ListItem\",\"position\":4,\"name\":\"Impresi\u00f3n digital\",\"item\":\"https:\/\/arches-papers.com\/es\/la-gama-de-papeles-arches\/edicion-de-arte-fotografico-2\/impresion-digital\/\"},{\"@type\":\"ListItem\",\"position\":5,\"name\":\"KIT DESCUBRIMIENTO (IMPRESI\u00d3N DIGITAL)\"}]},{\"@type\":\"WebSite\",\"@id\":\"https:\/\/arches-papers.com\/es\/#website\",\"url\":\"https:\/\/arches-papers.com\/es\/\",\"name\":\"Arches Papers\",\"description\":\"Fabricant de papier\",\"potentialAction\":[{\"@type\":\"SearchAction\",\"target\":{\"@type\":\"EntryPoint\",\"urlTemplate\":\"https:\/\/arches-papers.com\/es\/?s={search_term_string}\"},\"query-input\":{\"@type\":\"PropertyValueSpecification\",\"valueRequired\":true,\"valueName\":\"search_term_string\"}}],\"inLanguage\":\"es\"}]}<\/script>\n<!-- \/ Yoast SEO plugin. -->","yoast_head_json":{"title":"KIT DESCUBRIMIENTO (IMPRESI\u00d3N DIGITAL) - Arches Papers","description":"ARCHES le ofrece la posibilidad de adquirir un Kit de Descubrimiento impresi\u00f3n digital ARCHES compuesto de 2 hojas de cada referencia.","robots":{"index":"index","follow":"follow","max-snippet":"max-snippet:-1","max-image-preview":"max-image-preview:large","max-video-preview":"max-video-preview:-1"},"canonical":"https:\/\/arches-papers.com\/es\/la-gama-de-papeles-arches\/edicion-de-arte-fotografico-2\/impresion-digital\/kit-descubrimiento-impresion-digital\/","og_locale":"es_ES","og_type":"article","og_title":"KIT DESCUBRIMIENTO (IMPRESI\u00d3N DIGITAL) - Arches Papers","og_description":"ARCHES le ofrece la posibilidad de adquirir un Kit de Descubrimiento impresi\u00f3n digital ARCHES compuesto de 2 hojas de cada referencia.","og_url":"https:\/\/arches-papers.com\/es\/la-gama-de-papeles-arches\/edicion-de-arte-fotografico-2\/impresion-digital\/kit-descubrimiento-impresion-digital\/","og_site_name":"Arches Papers","article_modified_time":"2021-06-07T13:49:48+00:00","og_image":[{"url":"https:\/\/arches-papers.com\/wp-content\/uploads\/2020\/02\/puce-info.png","type":"","width":"","height":""}],"twitter_card":"summary_large_image","twitter_misc":{"Tiempo de lectura":"2 minutos"},"schema":{"@context":"https:\/\/schema.org","@graph":[{"@type":"WebPage","@id":"https:\/\/arches-papers.com\/es\/la-gama-de-papeles-arches\/edicion-de-arte-fotografico-2\/impresion-digital\/kit-descubrimiento-impresion-digital\/","url":"https:\/\/arches-papers.com\/es\/la-gama-de-papeles-arches\/edicion-de-arte-fotografico-2\/impresion-digital\/kit-descubrimiento-impresion-digital\/","name":"KIT DESCUBRIMIENTO (IMPRESI\u00d3N DIGITAL) - Arches Papers","isPartOf":{"@id":"https:\/\/arches-papers.com\/es\/#website"},"primaryImageOfPage":{"@id":"https:\/\/arches-papers.com\/es\/la-gama-de-papeles-arches\/edicion-de-arte-fotografico-2\/impresion-digital\/kit-descubrimiento-impresion-digital\/#primaryimage"},"image":{"@id":"https:\/\/arches-papers.com\/es\/la-gama-de-papeles-arches\/edicion-de-arte-fotografico-2\/impresion-digital\/kit-descubrimiento-impresion-digital\/#primaryimage"},"thumbnailUrl":"https:\/\/arches-papers.com\/wp-content\/uploads\/2020\/02\/puce-info.png","datePublished":"2021-02-02T09:44:32+00:00","dateModified":"2021-06-07T13:49:48+00:00","description":"ARCHES le ofrece la posibilidad de adquirir un Kit de Descubrimiento impresi\u00f3n digital ARCHES compuesto de 2 hojas de cada referencia.","breadcrumb":{"@id":"https:\/\/arches-papers.com\/es\/la-gama-de-papeles-arches\/edicion-de-arte-fotografico-2\/impresion-digital\/kit-descubrimiento-impresion-digital\/#breadcrumb"},"inLanguage":"es","potentialAction":[{"@type":"ReadAction","target":["https:\/\/arches-papers.com\/es\/la-gama-de-papeles-arches\/edicion-de-arte-fotografico-2\/impresion-digital\/kit-descubrimiento-impresion-digital\/"]}]},{"@type":"ImageObject","inLanguage":"es","@id":"https:\/\/arches-papers.com\/es\/la-gama-de-papeles-arches\/edicion-de-arte-fotografico-2\/impresion-digital\/kit-descubrimiento-impresion-digital\/#primaryimage","url":"https:\/\/arches-papers.com\/wp-content\/uploads\/2020\/02\/puce-info.png","contentUrl":"https:\/\/arches-papers.com\/wp-content\/uploads\/2020\/02\/puce-info.png"},{"@type":"BreadcrumbList","@id":"https:\/\/arches-papers.com\/es\/la-gama-de-papeles-arches\/edicion-de-arte-fotografico-2\/impresion-digital\/kit-descubrimiento-impresion-digital\/#breadcrumb","itemListElement":[{"@type":"ListItem","position":1,"name":"Accueil","item":"https:\/\/arches-papers.com\/es\/"},{"@type":"ListItem","position":2,"name":"LA GAMA DE PAPELES ARCHES\u00ae","item":"https:\/\/arches-papers.com\/es\/la-gama-de-papeles-arches\/"},{"@type":"ListItem","position":3,"name":"Edici\u00f3n de arte fotogr\u00e1fico","item":"https:\/\/arches-papers.com\/es\/la-gama-de-papeles-arches\/edicion-de-arte-fotografico-2\/"},{"@type":"ListItem","position":4,"name":"Impresi\u00f3n digital","item":"https:\/\/arches-papers.com\/es\/la-gama-de-papeles-arches\/edicion-de-arte-fotografico-2\/impresion-digital\/"},{"@type":"ListItem","position":5,"name":"KIT DESCUBRIMIENTO (IMPRESI\u00d3N DIGITAL)"}]},{"@type":"WebSite","@id":"https:\/\/arches-papers.com\/es\/#website","url":"https:\/\/arches-papers.com\/es\/","name":"Arches Papers","description":"Fabricant de papier","potentialAction":[{"@type":"SearchAction","target":{"@type":"EntryPoint","urlTemplate":"https:\/\/arches-papers.com\/es\/?s={search_term_string}"},"query-input":{"@type":"PropertyValueSpecification","valueRequired":true,"valueName":"search_term_string"}}],"inLanguage":"es"}]}},"_links":{"self":[{"href":"https:\/\/arches-papers.com\/es\/wp-json\/wp\/v2\/pages\/29599","targetHints":{"allow":["GET"]}}],"collection":[{"href":"https:\/\/arches-papers.com\/es\/wp-json\/wp\/v2\/pages"}],"about":[{"href":"https:\/\/arches-papers.com\/es\/wp-json\/wp\/v2\/types\/page"}],"author":[{"embeddable":true,"href":"https:\/\/arches-papers.com\/es\/wp-json\/wp\/v2\/users\/17"}],"replies":[{"embeddable":true,"href":"https:\/\/arches-papers.com\/es\/wp-json\/wp\/v2\/comments?post=29599"}],"version-history":[{"count":0,"href":"https:\/\/arches-papers.com\/es\/wp-json\/wp\/v2\/pages\/29599\/revisions"}],"up":[{"embeddable":true,"href":"https:\/\/arches-papers.com\/es\/wp-json\/wp\/v2\/pages\/29570"}],"wp:attachment":[{"href":"https:\/\/arches-papers.com\/es\/wp-json\/wp\/v2\/media?parent=29599"}],"wp:term":[{"taxonomy":"post_tag","embeddable":true,"href":"https:\/\/arches-papers.com\/es\/wp-json\/wp\/v2\/tags?post=29599"}],"curies":[{"name":"wp","href":"https:\/\/api.w.org\/{rel}","templated":true}]}}