{"id":35676,"date":"2021-12-09T17:58:44","date_gmt":"2021-12-09T16:58:44","guid":{"rendered":"https:\/\/arches-papers.com\/?page_id=35676"},"modified":"2024-10-16T18:09:34","modified_gmt":"2024-10-16T16:09:34","slug":"normas-iso","status":"publish","type":"page","link":"https:\/\/arches-papers.com\/es\/qui-sommes-nous-quien-es-arches\/arches-y-el-desarrollo-sostenible\/normas-iso\/","title":{"rendered":"Normas ISO"},"content":{"rendered":"<div class=\"wpb-content-wrapper\"><p>[vc_row][vc_column][vc_empty_space height=&#8221;50px&#8221;][\/vc_column][\/vc_row][vc_row el_class=&#8221;line-right&#8221;][vc_column]<style>.ld_fancy_heading_6a0144f2d7d51 .lqd-highlight-inner{height:0.275em;bottom:0px;}<\/style><div class=\"ld-fancy-heading text-right text-uppercase ld_fancy_heading_6a0144f2d7d51\">\n\t<h3 class=\"lqd-highlight-underline lqd-highlight-grow-left\" ><span class=\"ld-fh-txt\"> UNA EMPRESA<br \/>\n<span style=\"font-size: 60px;line-height: 50px\">responsable<\/span><\/span><\/h3><\/div>[\/vc_column][\/vc_row][vc_row][vc_column width=&#8221;1\/2&#8243;][vc_single_image image=&#8221;14473&#8243; img_size=&#8221;large&#8221; css_animation=&#8221;fadeInLeft&#8221;][\/vc_column][vc_column width=&#8221;1\/2&#8243;][vc_empty_space height=&#8221;150px&#8221;][vc_column_text css_animation=&#8221;fadeInUp&#8221;]Los papeles ARCHES\u00ae nacen en 1492 en el departamento franc\u00e9s de Vosgos y su fabricaci\u00f3n sigue realiz\u00e1ndose en esta regi\u00f3n.<\/p>\n<p>Esta fabricaci\u00f3n \u00abmade in France\u00bb forma parte de las responsabilidades sociales del molino de papel de Arches, que favorece el empleo local y contribuye a la transmisi\u00f3n de los conocimientos espec\u00edficos de la industria papelera. Adem\u00e1s, es una de las razones que le ha permitido obtener la prestigiosa certificaci\u00f3n EPV (Empresa del Patrimonio Vivo).[\/vc_column_text][vc_empty_space height=&#8221;50px&#8221;][\/vc_column][\/vc_row][vc_row][vc_column width=&#8221;1\/2&#8243;][vc_column_text css_animation=&#8221;fadeInUp&#8221;]La satisfacci\u00f3n de los clientes es esencial para ARCHES\u00ae que escucha las necesidades de los usuarios de sus productos. El Molino de papel de Arches responde a las expectativas de sus clientes fabricando productos seguros, que cumplen las normativas y las exigencias de calidad y de resultados que esperan.<\/p>\n<p>Conforme a los principios de mejora continua y con el fin de garantizar la fiabilidad y la buena calidad de sus productos y servicios, de proteger la salud, la integridad y el bienestar de sus trabajadores y de proteger el medio ambiente, el Molino de Arches ha obtenido las certificaciones ISO siguientes:[\/vc_column_text]<style>.ld_spacer_6a0144f2d7ec6{height:50px;}<\/style>\n<div class=\"ld-empty-space ld_spacer_6a0144f2d7ec6\"><span class=\"liquid_empty_space_inner\"><\/span><\/div>[\/vc_column][vc_column width=&#8221;1\/2&#8243;][vc_row_inner][vc_column_inner width=&#8221;1\/3&#8243;][\/vc_column_inner][vc_column_inner width=&#8221;2\/3&#8243;][vc_single_image image=&#8221;14469&#8243; img_size=&#8221;full&#8221; css_animation=&#8221;fadeInUp&#8221; css=&#8221;.vc_custom_1585929746415{margin-top: -50px !important;margin-left: 50px !important;}&#8221;][\/vc_column_inner][\/vc_row_inner][\/vc_column][\/vc_row][vc_row][vc_column width=&#8221;1\/4&#8243;][\/vc_column][vc_column width=&#8221;1\/4&#8243;][\/vc_column][\/vc_row][vc_row][vc_column width=&#8221;1\/4&#8243;][\/vc_column][vc_column width=&#8221;1\/2&#8243; enable_content_animation=&#8221;yes&#8221; animation_preset=&#8221;Fade In Up&#8221;][vc_single_image image=&#8221;14020&#8243; img_size=&#8221;medium&#8221; alignment=&#8221;center&#8221;][vc_column_text]<\/p>\n<h4 style=\"text-align: center;\">ISO 9001 (Gesti\u00f3n de la calidad)<\/h4>\n<p style=\"text-align: center;\">Los conocimientos t\u00e9cnicos de ARCHES\u00ae y la calidad de sus papeles fabricados siguiendo la m\u00e1s pura tradici\u00f3n son el resultado de una larga y valiosa experiencia y de una b\u00fasqueda permanente de la perfecci\u00f3n.<br \/>\nEn sus fabricaciones, ARCHES\u00ae siempre ha considerado la calidad como una de las mayores prioridades, convirti\u00e9ndose, de este modo, en una referencia ineludible en el mundo del papel, tanto para los aficionados como para los profesionales m\u00e1s exigentes.<\/p>\n<p>[\/vc_column_text][\/vc_column][vc_column width=&#8221;1\/4&#8243;][\/vc_column][\/vc_row][vc_row][vc_column]<style>.ld_spacer_6a0144f2d7f3a{height:32px;}<\/style>\n<div class=\"ld-empty-space ld_spacer_6a0144f2d7f3a\"><span class=\"liquid_empty_space_inner\"><\/span><\/div>[\/vc_column][\/vc_row][vc_row][vc_column width=&#8221;1\/4&#8243;][\/vc_column][vc_column width=&#8221;1\/2&#8243; enable_content_animation=&#8221;yes&#8221; animation_preset=&#8221;Fade In Up&#8221;][vc_single_image image=&#8221;14008&#8243; img_size=&#8221;medium&#8221; alignment=&#8221;center&#8221;][vc_column_text]<\/p>\n<h4 style=\"text-align: center;\">ISO 45001 (Gesti\u00f3n de la salud y la seguridad en el trabajo )<\/h4>\n<p style=\"text-align: center;\">El Molino de papel de Arches garantiza la preservaci\u00f3n de la salud y la seguridad de las personas y de los bienes:<br \/>\n&#8211; Proporcionando condiciones laborales seguras y sanas,<br \/>\n&#8211; Mediante la prevenci\u00f3n de las lesiones, de los accidentes laborales y de los da\u00f1os para la salud,<br \/>\n&#8211; Desarrollando una cultura de la prevenci\u00f3n.<\/p>\n<p style=\"text-align: center;\">Todas las materias primas utilizadas en el centro de fabricaci\u00f3n cumplen la normativa europea REACH que protege la salud humana y el medio ambiente.<\/p>\n<p>[\/vc_column_text][\/vc_column][vc_column width=&#8221;1\/4&#8243;][\/vc_column][\/vc_row][vc_row][vc_column]<style>.ld_spacer_6a0144f2d7f83{height:32px;}<\/style>\n<div class=\"ld-empty-space ld_spacer_6a0144f2d7f83\"><span class=\"liquid_empty_space_inner\"><\/span><\/div>[\/vc_column][\/vc_row][vc_row][vc_column width=&#8221;1\/4&#8243;][\/vc_column][vc_column width=&#8221;1\/2&#8243; enable_content_animation=&#8221;yes&#8221; animation_preset=&#8221;Fade In Up&#8221;][vc_single_image image=&#8221;14012&#8243; img_size=&#8221;medium&#8221; alignment=&#8221;center&#8221;][vc_column_text]<\/p>\n<h4 style=\"text-align: center;\">ISO 14001 (Gesti\u00f3n del impacto medioambiental)<\/h4>\n<p style=\"text-align: center;\">Los procedimientos de fabricaci\u00f3n permiten ahorrar agua, optimizar el reciclaje y reducir el desperdicio de materiales.<\/p>\n<p style=\"text-align: center;\">Se implementan todos los medios posibles para la prevenci\u00f3n de la contaminaci\u00f3n y de las molestias.<\/p>\n<p style=\"text-align: center;\">Una estaci\u00f3n de tratamiento mixto de las aguas (efluentes), es decir, un doble tratamiento con una fase f\u00edsico-qu\u00edmica y una fase biol\u00f3gica que permite reutilizar hasta el 25 % del agua depurada y reducir as\u00ed el impacto medioambiental. El agua tratada por esta estaci\u00f3n se devuelve limpia al medio natural.<\/p>\n<p>[\/vc_column_text]<style>.ld_spacer_6a0144f2d7fc3{height:32px;}<\/style>\n<div class=\"ld-empty-space ld_spacer_6a0144f2d7fc3\"><span class=\"liquid_empty_space_inner\"><\/span><\/div>[\/vc_column][vc_column width=&#8221;1\/4&#8243;][\/vc_column][\/vc_row][vc_row][vc_column width=&#8221;1\/4&#8243;][\/vc_column][vc_column width=&#8221;1\/2&#8243; enable_content_animation=&#8221;yes&#8221; animation_preset=&#8221;Fade In Up&#8221;][vc_single_image image=&#8221;14016&#8243; img_size=&#8221;medium&#8221; alignment=&#8221;center&#8221;][vc_column_text]<\/p>\n<p style=\"text-align: center;\">Adem\u00e1s,\u00a0<em>Le Moulin \u00e0 papier d\u2019Arches<\/em> se acoge al sistema de cogeneraci\u00f3n, sistema que produce electricidad y vapor, de un centro que posee la certificaci\u00f3n ISO 50001.<\/p>\n<p>[\/vc_column_text][\/vc_column][vc_column width=&#8221;1\/4&#8243;][\/vc_column][\/vc_row][vc_row][vc_column]<style>.ld_spacer_6a0144f2d8001{height:32px;}<\/style>\n<div class=\"ld-empty-space ld_spacer_6a0144f2d8001\"><span class=\"liquid_empty_space_inner\"><\/span><\/div>[\/vc_column][\/vc_row]<\/p>\n<\/div>","protected":false},"excerpt":{"rendered":"[vc_row][vc_column][vc_empty_space height=&#8221;50px&#8221;][\/vc_column][\/vc_row][vc_row el_class=&#8221;line-right&#8221;][vc_column][\/vc_column][\/vc_row][vc_row][vc_column width=&#8221;1\/2&#8243;][vc_single_image image=&#8221;14473&#8243; img_size=&#8221;large&#8221; css_animation=&#8221;fadeInLeft&#8221;][\/vc_column][vc_column width=&#8221;1\/2&#8243;][vc_empty_space height=&#8221;150px&#8221;][vc_column_text css_animation=&#8221;fadeInUp&#8221;]Los papeles ARCHES\u00ae nacen en 1492&#8230;","protected":false},"author":17,"featured_media":0,"parent":15469,"menu_order":1,"comment_status":"closed","ping_status":"closed","template":"","meta":{"footnotes":""},"tags":[],"class_list":["post-35676","page","type-page","status-publish","hentry"],"yoast_head":"<!-- This site is optimized with the Yoast SEO plugin v27.1.1 - https:\/\/yoast.com\/product\/yoast-seo-wordpress\/ -->\n<title>Normas ISO - Arches Papers<\/title>\n<meta name=\"description\" content=\"Desarrollo sostenible : ARCHES promueve los empleos locales y mantiene su producci\u00f3n \u00abMade in France\u00bb en los Vosgos. ARCHES posee el sello distintivo EPV. El molino de Arches garantiza productos y servicios fiables y de buena calidad, preserva la salud, la integridad y el bienestar de sus empleados y protege el medio ambiente.\" \/>\n<meta name=\"robots\" content=\"index, follow, max-snippet:-1, max-image-preview:large, max-video-preview:-1\" \/>\n<link rel=\"canonical\" href=\"https:\/\/arches-papers.com\/es\/qui-sommes-nous-quien-es-arches\/arches-y-el-desarrollo-sostenible\/normas-iso\/\" \/>\n<meta property=\"og:locale\" content=\"es_ES\" \/>\n<meta property=\"og:type\" content=\"article\" \/>\n<meta property=\"og:title\" content=\"Normas ISO - Arches Papers\" \/>\n<meta property=\"og:description\" content=\"Desarrollo sostenible : ARCHES promueve los empleos locales y mantiene su producci\u00f3n \u00abMade in France\u00bb en los Vosgos. ARCHES posee el sello distintivo EPV. El molino de Arches garantiza productos y servicios fiables y de buena calidad, preserva la salud, la integridad y el bienestar de sus empleados y protege el medio ambiente.\" \/>\n<meta property=\"og:url\" content=\"https:\/\/arches-papers.com\/es\/qui-sommes-nous-quien-es-arches\/arches-y-el-desarrollo-sostenible\/normas-iso\/\" \/>\n<meta property=\"og:site_name\" content=\"Arches Papers\" \/>\n<meta property=\"article:modified_time\" content=\"2024-10-16T16:09:34+00:00\" \/>\n<meta name=\"twitter:card\" content=\"summary_large_image\" \/>\n<meta name=\"twitter:label1\" content=\"Tiempo de lectura\" \/>\n\t<meta name=\"twitter:data1\" content=\"4 minutos\" \/>\n<script type=\"application\/ld+json\" class=\"yoast-schema-graph\">{\"@context\":\"https:\/\/schema.org\",\"@graph\":[{\"@type\":\"WebPage\",\"@id\":\"https:\/\/arches-papers.com\/es\/qui-sommes-nous-quien-es-arches\/arches-y-el-desarrollo-sostenible\/normas-iso\/\",\"url\":\"https:\/\/arches-papers.com\/es\/qui-sommes-nous-quien-es-arches\/arches-y-el-desarrollo-sostenible\/normas-iso\/\",\"name\":\"Normas ISO - Arches Papers\",\"isPartOf\":{\"@id\":\"https:\/\/arches-papers.com\/es\/#website\"},\"datePublished\":\"2021-12-09T16:58:44+00:00\",\"dateModified\":\"2024-10-16T16:09:34+00:00\",\"description\":\"Desarrollo sostenible : ARCHES promueve los empleos locales y mantiene su producci\u00f3n \u00abMade in France\u00bb en los Vosgos. ARCHES posee el sello distintivo EPV. El molino de Arches garantiza productos y servicios fiables y de buena calidad, preserva la salud, la integridad y el bienestar de sus empleados y protege el medio ambiente.\",\"breadcrumb\":{\"@id\":\"https:\/\/arches-papers.com\/es\/qui-sommes-nous-quien-es-arches\/arches-y-el-desarrollo-sostenible\/normas-iso\/#breadcrumb\"},\"inLanguage\":\"es\",\"potentialAction\":[{\"@type\":\"ReadAction\",\"target\":[\"https:\/\/arches-papers.com\/es\/qui-sommes-nous-quien-es-arches\/arches-y-el-desarrollo-sostenible\/normas-iso\/\"]}]},{\"@type\":\"BreadcrumbList\",\"@id\":\"https:\/\/arches-papers.com\/es\/qui-sommes-nous-quien-es-arches\/arches-y-el-desarrollo-sostenible\/normas-iso\/#breadcrumb\",\"itemListElement\":[{\"@type\":\"ListItem\",\"position\":1,\"name\":\"Accueil\",\"item\":\"https:\/\/arches-papers.com\/es\/\"},{\"@type\":\"ListItem\",\"position\":2,\"name\":\"\u00bfQUI\u00c9NES SOMOS?\",\"item\":\"https:\/\/arches-papers.com\/es\/who-is-arches\/\"},{\"@type\":\"ListItem\",\"position\":3,\"name\":\"ARCHES\u00ae Y EL DESARROLLO SOSTENIBLE\",\"item\":\"https:\/\/arches-papers.com\/es\/who-is-arches\/arches-and-sustainable-development\/\"},{\"@type\":\"ListItem\",\"position\":4,\"name\":\"Normas ISO\"}]},{\"@type\":\"WebSite\",\"@id\":\"https:\/\/arches-papers.com\/es\/#website\",\"url\":\"https:\/\/arches-papers.com\/es\/\",\"name\":\"Arches Papers\",\"description\":\"Fabricant de papier\",\"potentialAction\":[{\"@type\":\"SearchAction\",\"target\":{\"@type\":\"EntryPoint\",\"urlTemplate\":\"https:\/\/arches-papers.com\/es\/?s={search_term_string}\"},\"query-input\":{\"@type\":\"PropertyValueSpecification\",\"valueRequired\":true,\"valueName\":\"search_term_string\"}}],\"inLanguage\":\"es\"}]}<\/script>\n<!-- \/ Yoast SEO plugin. -->","yoast_head_json":{"title":"Normas ISO - Arches Papers","description":"Desarrollo sostenible : ARCHES promueve los empleos locales y mantiene su producci\u00f3n \u00abMade in France\u00bb en los Vosgos. ARCHES posee el sello distintivo EPV. El molino de Arches garantiza productos y servicios fiables y de buena calidad, preserva la salud, la integridad y el bienestar de sus empleados y protege el medio ambiente.","robots":{"index":"index","follow":"follow","max-snippet":"max-snippet:-1","max-image-preview":"max-image-preview:large","max-video-preview":"max-video-preview:-1"},"canonical":"https:\/\/arches-papers.com\/es\/qui-sommes-nous-quien-es-arches\/arches-y-el-desarrollo-sostenible\/normas-iso\/","og_locale":"es_ES","og_type":"article","og_title":"Normas ISO - Arches Papers","og_description":"Desarrollo sostenible : ARCHES promueve los empleos locales y mantiene su producci\u00f3n \u00abMade in France\u00bb en los Vosgos. ARCHES posee el sello distintivo EPV. El molino de Arches garantiza productos y servicios fiables y de buena calidad, preserva la salud, la integridad y el bienestar de sus empleados y protege el medio ambiente.","og_url":"https:\/\/arches-papers.com\/es\/qui-sommes-nous-quien-es-arches\/arches-y-el-desarrollo-sostenible\/normas-iso\/","og_site_name":"Arches Papers","article_modified_time":"2024-10-16T16:09:34+00:00","twitter_card":"summary_large_image","twitter_misc":{"Tiempo de lectura":"4 minutos"},"schema":{"@context":"https:\/\/schema.org","@graph":[{"@type":"WebPage","@id":"https:\/\/arches-papers.com\/es\/qui-sommes-nous-quien-es-arches\/arches-y-el-desarrollo-sostenible\/normas-iso\/","url":"https:\/\/arches-papers.com\/es\/qui-sommes-nous-quien-es-arches\/arches-y-el-desarrollo-sostenible\/normas-iso\/","name":"Normas ISO - Arches Papers","isPartOf":{"@id":"https:\/\/arches-papers.com\/es\/#website"},"datePublished":"2021-12-09T16:58:44+00:00","dateModified":"2024-10-16T16:09:34+00:00","description":"Desarrollo sostenible : ARCHES promueve los empleos locales y mantiene su producci\u00f3n \u00abMade in France\u00bb en los Vosgos. ARCHES posee el sello distintivo EPV. El molino de Arches garantiza productos y servicios fiables y de buena calidad, preserva la salud, la integridad y el bienestar de sus empleados y protege el medio ambiente.","breadcrumb":{"@id":"https:\/\/arches-papers.com\/es\/qui-sommes-nous-quien-es-arches\/arches-y-el-desarrollo-sostenible\/normas-iso\/#breadcrumb"},"inLanguage":"es","potentialAction":[{"@type":"ReadAction","target":["https:\/\/arches-papers.com\/es\/qui-sommes-nous-quien-es-arches\/arches-y-el-desarrollo-sostenible\/normas-iso\/"]}]},{"@type":"BreadcrumbList","@id":"https:\/\/arches-papers.com\/es\/qui-sommes-nous-quien-es-arches\/arches-y-el-desarrollo-sostenible\/normas-iso\/#breadcrumb","itemListElement":[{"@type":"ListItem","position":1,"name":"Accueil","item":"https:\/\/arches-papers.com\/es\/"},{"@type":"ListItem","position":2,"name":"\u00bfQUI\u00c9NES SOMOS?","item":"https:\/\/arches-papers.com\/es\/who-is-arches\/"},{"@type":"ListItem","position":3,"name":"ARCHES\u00ae Y EL DESARROLLO SOSTENIBLE","item":"https:\/\/arches-papers.com\/es\/who-is-arches\/arches-and-sustainable-development\/"},{"@type":"ListItem","position":4,"name":"Normas ISO"}]},{"@type":"WebSite","@id":"https:\/\/arches-papers.com\/es\/#website","url":"https:\/\/arches-papers.com\/es\/","name":"Arches Papers","description":"Fabricant de papier","potentialAction":[{"@type":"SearchAction","target":{"@type":"EntryPoint","urlTemplate":"https:\/\/arches-papers.com\/es\/?s={search_term_string}"},"query-input":{"@type":"PropertyValueSpecification","valueRequired":true,"valueName":"search_term_string"}}],"inLanguage":"es"}]}},"_links":{"self":[{"href":"https:\/\/arches-papers.com\/es\/wp-json\/wp\/v2\/pages\/35676","targetHints":{"allow":["GET"]}}],"collection":[{"href":"https:\/\/arches-papers.com\/es\/wp-json\/wp\/v2\/pages"}],"about":[{"href":"https:\/\/arches-papers.com\/es\/wp-json\/wp\/v2\/types\/page"}],"author":[{"embeddable":true,"href":"https:\/\/arches-papers.com\/es\/wp-json\/wp\/v2\/users\/17"}],"replies":[{"embeddable":true,"href":"https:\/\/arches-papers.com\/es\/wp-json\/wp\/v2\/comments?post=35676"}],"version-history":[{"count":0,"href":"https:\/\/arches-papers.com\/es\/wp-json\/wp\/v2\/pages\/35676\/revisions"}],"up":[{"embeddable":true,"href":"https:\/\/arches-papers.com\/es\/wp-json\/wp\/v2\/pages\/15469"}],"wp:attachment":[{"href":"https:\/\/arches-papers.com\/es\/wp-json\/wp\/v2\/media?parent=35676"}],"wp:term":[{"taxonomy":"post_tag","embeddable":true,"href":"https:\/\/arches-papers.com\/es\/wp-json\/wp\/v2\/tags?post=35676"}],"curies":[{"name":"wp","href":"https:\/\/api.w.org\/{rel}","templated":true}]}}