{"id":38471,"date":"2022-06-23T15:12:43","date_gmt":"2022-06-23T13:12:43","guid":{"rendered":"https:\/\/arches-papers.com\/?page_id=38471"},"modified":"2025-10-24T11:03:05","modified_gmt":"2025-10-24T09:03:05","slug":"material-de-embalaje-y-normas-de-clasificacion-de-residuos","status":"publish","type":"page","link":"https:\/\/arches-papers.com\/es\/qui-sommes-nous-quien-es-arches\/arches-y-el-desarrollo-sostenible\/material-de-embalaje-y-normas-de-clasificacion-de-residuos\/","title":{"rendered":"Material de embalaje y normas de clasificaci\u00f3n de residuos"},"content":{"rendered":"<div class=\"wpb-content-wrapper\"><p>[vc_row][vc_column][vc_column_text css=&#8221;.vc_custom_1761296573942{padding-bottom: 32px !important;}&#8221;] <strong>\u00c9l\u00e9ments d\u2019emballage et r\u00e8gles de tri \/ Packaging materials and waste sorting rules \/ Material de embalaje y normas de clasificaci\u00f3n de residuos \/ Verpackungsmaterialien und Vorschriften zur Abfalltrennung \/ Verpakkingselementen en sorteerregels \/ Materiali di imballaggio e indicazioni per la raccolta differenziata \/ Materiais de embalagem e normas de classifica\u00e7\u00e3o de res\u00edduos<\/strong><\/p>\n<h3 style=\"text-align: center;\"><span style=\"color: #d0303d;\"><strong>Italie \/ Italy \/ Italia \/ Italien \/ Itali\u00eb \/ Italia \/ It\u00e1lia<\/strong><\/span><\/h3>\n<h4><strong>ARCHES<\/strong><strong>\u00ae<\/strong><strong> Aquarelle<\/strong><\/h4>\n<p>Blocs coll\u00e9s 4 c\u00f4t\u00e9s \/ Blocks glued on 4 sides \/ Bloques encolados por los 4 lados \/ Bl\u00f6cke rundum geleimt \/ Blokken 4 zijdig gelijmd \/ Blocchi incollati 4 lati \/ Blocos colados 4 lados<\/p>\n<table>\n<tbody>\n<tr>\n<td width=\"85\"><img decoding=\"async\" class=\"alignnone size-full wp-image-38437\" src=\"https:\/\/arches-papers.com\/wp-content\/uploads\/2022\/06\/21-PAP.png\" alt=\"\" width=\"93\" height=\"93\" \/><\/td>\n<td width=\"350\"><strong>PAP21<\/strong><\/p>\n<p>Couverture\/Cover\/Tapa\/Blockdeckel\/ Cover\/<strong>Copertina<\/strong>\/Capa<\/p>\n<p><strong>IT.<\/strong> Raccolta carta.<\/td>\n<td width=\"85\"><img decoding=\"async\" class=\"alignnone size-full wp-image-38444\" src=\"https:\/\/arches-papers.com\/wp-content\/uploads\/2022\/06\/22-PAP.png\" alt=\"\" width=\"87\" height=\"87\" \/><\/td>\n<td width=\"350\"><strong>PAP22<\/strong><\/p>\n<p>Papier noir\/Black paper\/Papel negro\/Schwarzes Papier\/Zwart papier\/<strong>Carta nera<\/strong>\/Papel preto<\/p>\n<p><strong>IT.<\/strong> Raccolta carta.<\/td>\n<\/tr>\n<tr>\n<td width=\"85\"><img decoding=\"async\" class=\"alignnone size-full wp-image-38451\" src=\"https:\/\/arches-papers.com\/wp-content\/uploads\/2022\/06\/23-PPB.png\" alt=\"\" width=\"85\" height=\"87\" \/><\/td>\n<td width=\"350\"><strong>PPB23<\/strong><\/p>\n<p>Carton\/Board\/Contratapa\/Blockr\u00fccken\/ Karton\/<strong>Base<\/strong>\/Contra Capa<\/p>\n<p><strong>IT.<\/strong> Raccolta carta.<\/td>\n<td width=\"85\"><img decoding=\"async\" class=\"alignnone size-full wp-image-38430\" src=\"https:\/\/arches-papers.com\/wp-content\/uploads\/2022\/06\/4-LDPE.png\" alt=\"\" width=\"97\" height=\"116\" \/><\/td>\n<td width=\"350\"><strong>LDPE4<\/strong><\/p>\n<p>Film\/Sleeve\/Film\/Folie\/Rekfolie\/<strong>Film<\/strong>\/Filme<\/p>\n<p><strong>IT.<\/strong> Raccolta plastica.<\/td>\n<\/tr>\n<\/tbody>\n<\/table>\n<h4><\/h4>\n<h4><strong>ARCHES<\/strong><strong>\u00ae<\/strong><strong> Aquarelle<\/strong><\/h4>\n<p>Blocs coll\u00e9s petit c\u00f4t\u00e9\u00a0\/ Pads glued on short side \/ Bloques encolados por el lado corto \/ Bl\u00f6cke an der kurzen Seite geleimt \/ Blokken gelijmd korte zijde \/ Blocchi incollati lato corto \/ Blocos colados lado curto<\/p>\n<table>\n<tbody>\n<tr>\n<td width=\"85\"><img decoding=\"async\" class=\"alignnone size-full wp-image-38437\" src=\"https:\/\/arches-papers.com\/wp-content\/uploads\/2022\/06\/21-PAP.png\" alt=\"\" width=\"93\" height=\"93\" \/><\/td>\n<td width=\"350\"><strong>PAP21<\/strong><\/p>\n<p>Couverture\/Cover\/Tapa\/Blockdeckel\/ Cover\/<strong>Copertina<\/strong>\/Capa<\/p>\n<p><strong>IT.<\/strong> Raccolta carta.<\/td>\n<td width=\"85\">&nbsp;<\/p>\n<p>&nbsp;<\/td>\n<td width=\"350\"><\/td>\n<\/tr>\n<tr>\n<td width=\"85\"><img decoding=\"async\" class=\"alignnone size-full wp-image-38451\" src=\"https:\/\/arches-papers.com\/wp-content\/uploads\/2022\/06\/23-PPB.png\" alt=\"\" width=\"85\" height=\"87\" \/><\/td>\n<td width=\"350\"><strong>PPB23<\/strong><\/p>\n<p>Carton\/Board\/Contratapa\/Blockr\u00fccken\/ Karton\/<strong>Base<\/strong>\/Contra Capa<\/p>\n<p><strong>IT.<\/strong> Raccolta carta.<\/td>\n<td width=\"85\"><img decoding=\"async\" class=\"alignnone size-full wp-image-38430\" src=\"https:\/\/arches-papers.com\/wp-content\/uploads\/2022\/06\/4-LDPE.png\" alt=\"\" width=\"97\" height=\"116\" \/><\/td>\n<td width=\"350\"><strong>LDPE4<\/strong><\/p>\n<p>Film\/Sleeve\/Film\/Folie\/Rekfolie\/<strong>Film<\/strong>\/Filme<\/p>\n<p><strong>IT.<\/strong> Raccolta plastica.<\/td>\n<\/tr>\n<\/tbody>\n<\/table>\n<h4><\/h4>\n<h4><strong>ARCHES<\/strong><strong>\u00ae<\/strong><strong> Aquarelle<\/strong><\/h4>\n<p>Carnet de voyage, spiral\u00e9 petit c\u00f4t\u00e9 \/ Travel Journal, spiral bound on short side \/ Bit\u00e1cora de viaje, con espiral en el lado corto \/ Reisealbum, spiralgebunden an der kurzen Seite \/ Reisboeken met spiraal korte zijde \/ Diario di viaggio, spiralato lato corto \/ Di\u00e1rio de viagem, espiralado lado curto<\/p>\n<table>\n<tbody>\n<tr>\n<td width=\"85\"><img decoding=\"async\" class=\"alignnone size-full wp-image-38430\" src=\"https:\/\/arches-papers.com\/wp-content\/uploads\/2022\/06\/4-LDPE.png\" alt=\"\" width=\"97\" height=\"116\" \/><\/td>\n<td width=\"350\"><strong>LDPE4<\/strong><\/p>\n<p>Film\/Sleeve\/Film\/Folie\/Rekfolie\/<strong>Film<\/strong>\/Filme<\/p>\n<p><strong>IT.<\/strong> Raccolta plastica.<\/td>\n<\/tr>\n<\/tbody>\n<\/table>\n<h4><\/h4>\n<h4><strong>ARCHES<\/strong><strong>\u00ae<\/strong><strong> Aquarelle<\/strong><\/h4>\n<p>Coffret de Correspondance \/ Correspondence Box \/ Caja de Correspondencia \/ Gru\u00dfkarten-Box \/ Correspondentiebox \/ Cofanetto per la corrispondenza \/ Caixa de correspond\u00eancia<\/p>\n<table>\n<tbody>\n<tr>\n<td width=\"85\"><img decoding=\"async\" class=\"alignnone size-full wp-image-38437\" src=\"https:\/\/arches-papers.com\/wp-content\/uploads\/2022\/06\/21-PAP.png\" alt=\"\" width=\"93\" height=\"93\" \/><\/td>\n<td width=\"350\"><strong>PAP21<\/strong><\/p>\n<p>Bo\u00eete\/Box\/Caja\/Box\/Box\/Scatola\/Caixa<\/p>\n<p><strong>IT.<\/strong> Raccolta carta.<\/td>\n<td width=\"85\"><img decoding=\"async\" class=\"alignnone size-full wp-image-38430\" src=\"https:\/\/arches-papers.com\/wp-content\/uploads\/2022\/06\/4-LDPE.png\" alt=\"\" width=\"97\" height=\"116\" \/><\/td>\n<td width=\"350\"><strong>LDPE4<\/strong><\/p>\n<p>Film\/Sleeve\/Film\/Folie\/Rekfolie\/<strong>Film<\/strong>\/Filme<\/p>\n<p><strong>IT.<\/strong> Raccolta plastica.<\/td>\n<\/tr>\n<\/tbody>\n<\/table>\n<h4><\/h4>\n<h4><\/h4>\n<p><span style=\"color: #d0303d;\">Pour les autres pays, veuillez-vous r\u00e9f\u00e9rer aux r\u00e8gles en vigueur dans votre pays \/ For other countries, please refer to the rules that apply in your country \/ Para otros pa\u00edses, consulte las normas que se aplican en su pa\u00eds \/ F\u00fcr andere L\u00e4nder beachten Sie bitte die in Ihrem Land geltenden Vorschriften \/ Voor andere landen raadpleeg de geldende regels in uw land \/ Per gli altri paesi, fare riferimento alle norme locali \/ Para outros pa\u00edses, consultar p.f. as normas locais em vigor<\/span><br \/>\n[\/vc_column_text][vc_empty_space][\/vc_column][\/vc_row]<\/p>\n<\/div>","protected":false},"excerpt":{"rendered":"[vc_row][vc_column][vc_column_text css=&#8221;.vc_custom_1761296573942{padding-bottom: 32px !important;}&#8221;] \u00c9l\u00e9ments d\u2019emballage et r\u00e8gles de tri \/ Packaging materials and waste&#8230;","protected":false},"author":17,"featured_media":0,"parent":15469,"menu_order":4,"comment_status":"closed","ping_status":"closed","template":"","meta":{"footnotes":""},"tags":[],"class_list":["post-38471","page","type-page","status-publish","hentry"],"yoast_head":"<!-- This site is optimized with the Yoast SEO plugin v27.1.1 - https:\/\/yoast.com\/product\/yoast-seo-wordpress\/ -->\n<title>Material de embalaje y normas de clasificaci\u00f3n de residuos - Arches Papers<\/title>\n<meta name=\"description\" content=\"Material de embalaje y normas de clasificaci\u00f3n de residuos por los productos ARCHES Aquarelle.\" \/>\n<meta name=\"robots\" content=\"index, follow, max-snippet:-1, max-image-preview:large, max-video-preview:-1\" \/>\n<link rel=\"canonical\" href=\"https:\/\/arches-papers.com\/es\/qui-sommes-nous-quien-es-arches\/arches-y-el-desarrollo-sostenible\/material-de-embalaje-y-normas-de-clasificacion-de-residuos\/\" \/>\n<meta property=\"og:locale\" content=\"es_ES\" \/>\n<meta property=\"og:type\" content=\"article\" \/>\n<meta property=\"og:title\" content=\"Material de embalaje y normas de clasificaci\u00f3n de residuos - Arches Papers\" \/>\n<meta property=\"og:description\" content=\"Material de embalaje y normas de clasificaci\u00f3n de residuos por los productos ARCHES Aquarelle.\" \/>\n<meta property=\"og:url\" content=\"https:\/\/arches-papers.com\/es\/qui-sommes-nous-quien-es-arches\/arches-y-el-desarrollo-sostenible\/material-de-embalaje-y-normas-de-clasificacion-de-residuos\/\" \/>\n<meta property=\"og:site_name\" content=\"Arches Papers\" \/>\n<meta property=\"article:modified_time\" content=\"2025-10-24T09:03:05+00:00\" \/>\n<meta property=\"og:image\" content=\"https:\/\/arches-papers.com\/wp-content\/uploads\/2022\/06\/21-PAP.png\" \/>\n<meta name=\"twitter:card\" content=\"summary_large_image\" \/>\n<meta name=\"twitter:label1\" content=\"Tiempo de lectura\" \/>\n\t<meta name=\"twitter:data1\" content=\"2 minutos\" \/>\n<script type=\"application\/ld+json\" class=\"yoast-schema-graph\">{\"@context\":\"https:\/\/schema.org\",\"@graph\":[{\"@type\":\"WebPage\",\"@id\":\"https:\/\/arches-papers.com\/es\/qui-sommes-nous-quien-es-arches\/arches-y-el-desarrollo-sostenible\/material-de-embalaje-y-normas-de-clasificacion-de-residuos\/\",\"url\":\"https:\/\/arches-papers.com\/es\/qui-sommes-nous-quien-es-arches\/arches-y-el-desarrollo-sostenible\/material-de-embalaje-y-normas-de-clasificacion-de-residuos\/\",\"name\":\"Material de embalaje y normas de clasificaci\u00f3n de residuos - Arches Papers\",\"isPartOf\":{\"@id\":\"https:\/\/arches-papers.com\/es\/#website\"},\"primaryImageOfPage\":{\"@id\":\"https:\/\/arches-papers.com\/es\/qui-sommes-nous-quien-es-arches\/arches-y-el-desarrollo-sostenible\/material-de-embalaje-y-normas-de-clasificacion-de-residuos\/#primaryimage\"},\"image\":{\"@id\":\"https:\/\/arches-papers.com\/es\/qui-sommes-nous-quien-es-arches\/arches-y-el-desarrollo-sostenible\/material-de-embalaje-y-normas-de-clasificacion-de-residuos\/#primaryimage\"},\"thumbnailUrl\":\"https:\/\/arches-papers.com\/wp-content\/uploads\/2022\/06\/21-PAP.png\",\"datePublished\":\"2022-06-23T13:12:43+00:00\",\"dateModified\":\"2025-10-24T09:03:05+00:00\",\"description\":\"Material de embalaje y normas de clasificaci\u00f3n de residuos por los productos ARCHES Aquarelle.\",\"breadcrumb\":{\"@id\":\"https:\/\/arches-papers.com\/es\/qui-sommes-nous-quien-es-arches\/arches-y-el-desarrollo-sostenible\/material-de-embalaje-y-normas-de-clasificacion-de-residuos\/#breadcrumb\"},\"inLanguage\":\"es\",\"potentialAction\":[{\"@type\":\"ReadAction\",\"target\":[\"https:\/\/arches-papers.com\/es\/qui-sommes-nous-quien-es-arches\/arches-y-el-desarrollo-sostenible\/material-de-embalaje-y-normas-de-clasificacion-de-residuos\/\"]}]},{\"@type\":\"ImageObject\",\"inLanguage\":\"es\",\"@id\":\"https:\/\/arches-papers.com\/es\/qui-sommes-nous-quien-es-arches\/arches-y-el-desarrollo-sostenible\/material-de-embalaje-y-normas-de-clasificacion-de-residuos\/#primaryimage\",\"url\":\"https:\/\/arches-papers.com\/wp-content\/uploads\/2022\/06\/21-PAP.png\",\"contentUrl\":\"https:\/\/arches-papers.com\/wp-content\/uploads\/2022\/06\/21-PAP.png\"},{\"@type\":\"BreadcrumbList\",\"@id\":\"https:\/\/arches-papers.com\/es\/qui-sommes-nous-quien-es-arches\/arches-y-el-desarrollo-sostenible\/material-de-embalaje-y-normas-de-clasificacion-de-residuos\/#breadcrumb\",\"itemListElement\":[{\"@type\":\"ListItem\",\"position\":1,\"name\":\"Accueil\",\"item\":\"https:\/\/arches-papers.com\/es\/\"},{\"@type\":\"ListItem\",\"position\":2,\"name\":\"\u00bfQUI\u00c9NES SOMOS?\",\"item\":\"https:\/\/arches-papers.com\/es\/who-is-arches\/\"},{\"@type\":\"ListItem\",\"position\":3,\"name\":\"ARCHES\u00ae Y EL DESARROLLO SOSTENIBLE\",\"item\":\"https:\/\/arches-papers.com\/es\/who-is-arches\/arches-and-sustainable-development\/\"},{\"@type\":\"ListItem\",\"position\":4,\"name\":\"Material de embalaje y normas de clasificaci\u00f3n de residuos\"}]},{\"@type\":\"WebSite\",\"@id\":\"https:\/\/arches-papers.com\/es\/#website\",\"url\":\"https:\/\/arches-papers.com\/es\/\",\"name\":\"Arches Papers\",\"description\":\"Fabricant de papier\",\"potentialAction\":[{\"@type\":\"SearchAction\",\"target\":{\"@type\":\"EntryPoint\",\"urlTemplate\":\"https:\/\/arches-papers.com\/es\/?s={search_term_string}\"},\"query-input\":{\"@type\":\"PropertyValueSpecification\",\"valueRequired\":true,\"valueName\":\"search_term_string\"}}],\"inLanguage\":\"es\"}]}<\/script>\n<!-- \/ Yoast SEO plugin. -->","yoast_head_json":{"title":"Material de embalaje y normas de clasificaci\u00f3n de residuos - Arches Papers","description":"Material de embalaje y normas de clasificaci\u00f3n de residuos por los productos ARCHES Aquarelle.","robots":{"index":"index","follow":"follow","max-snippet":"max-snippet:-1","max-image-preview":"max-image-preview:large","max-video-preview":"max-video-preview:-1"},"canonical":"https:\/\/arches-papers.com\/es\/qui-sommes-nous-quien-es-arches\/arches-y-el-desarrollo-sostenible\/material-de-embalaje-y-normas-de-clasificacion-de-residuos\/","og_locale":"es_ES","og_type":"article","og_title":"Material de embalaje y normas de clasificaci\u00f3n de residuos - Arches Papers","og_description":"Material de embalaje y normas de clasificaci\u00f3n de residuos por los productos ARCHES Aquarelle.","og_url":"https:\/\/arches-papers.com\/es\/qui-sommes-nous-quien-es-arches\/arches-y-el-desarrollo-sostenible\/material-de-embalaje-y-normas-de-clasificacion-de-residuos\/","og_site_name":"Arches Papers","article_modified_time":"2025-10-24T09:03:05+00:00","og_image":[{"url":"https:\/\/arches-papers.com\/wp-content\/uploads\/2022\/06\/21-PAP.png","type":"","width":"","height":""}],"twitter_card":"summary_large_image","twitter_misc":{"Tiempo de lectura":"2 minutos"},"schema":{"@context":"https:\/\/schema.org","@graph":[{"@type":"WebPage","@id":"https:\/\/arches-papers.com\/es\/qui-sommes-nous-quien-es-arches\/arches-y-el-desarrollo-sostenible\/material-de-embalaje-y-normas-de-clasificacion-de-residuos\/","url":"https:\/\/arches-papers.com\/es\/qui-sommes-nous-quien-es-arches\/arches-y-el-desarrollo-sostenible\/material-de-embalaje-y-normas-de-clasificacion-de-residuos\/","name":"Material de embalaje y normas de clasificaci\u00f3n de residuos - Arches Papers","isPartOf":{"@id":"https:\/\/arches-papers.com\/es\/#website"},"primaryImageOfPage":{"@id":"https:\/\/arches-papers.com\/es\/qui-sommes-nous-quien-es-arches\/arches-y-el-desarrollo-sostenible\/material-de-embalaje-y-normas-de-clasificacion-de-residuos\/#primaryimage"},"image":{"@id":"https:\/\/arches-papers.com\/es\/qui-sommes-nous-quien-es-arches\/arches-y-el-desarrollo-sostenible\/material-de-embalaje-y-normas-de-clasificacion-de-residuos\/#primaryimage"},"thumbnailUrl":"https:\/\/arches-papers.com\/wp-content\/uploads\/2022\/06\/21-PAP.png","datePublished":"2022-06-23T13:12:43+00:00","dateModified":"2025-10-24T09:03:05+00:00","description":"Material de embalaje y normas de clasificaci\u00f3n de residuos por los productos ARCHES Aquarelle.","breadcrumb":{"@id":"https:\/\/arches-papers.com\/es\/qui-sommes-nous-quien-es-arches\/arches-y-el-desarrollo-sostenible\/material-de-embalaje-y-normas-de-clasificacion-de-residuos\/#breadcrumb"},"inLanguage":"es","potentialAction":[{"@type":"ReadAction","target":["https:\/\/arches-papers.com\/es\/qui-sommes-nous-quien-es-arches\/arches-y-el-desarrollo-sostenible\/material-de-embalaje-y-normas-de-clasificacion-de-residuos\/"]}]},{"@type":"ImageObject","inLanguage":"es","@id":"https:\/\/arches-papers.com\/es\/qui-sommes-nous-quien-es-arches\/arches-y-el-desarrollo-sostenible\/material-de-embalaje-y-normas-de-clasificacion-de-residuos\/#primaryimage","url":"https:\/\/arches-papers.com\/wp-content\/uploads\/2022\/06\/21-PAP.png","contentUrl":"https:\/\/arches-papers.com\/wp-content\/uploads\/2022\/06\/21-PAP.png"},{"@type":"BreadcrumbList","@id":"https:\/\/arches-papers.com\/es\/qui-sommes-nous-quien-es-arches\/arches-y-el-desarrollo-sostenible\/material-de-embalaje-y-normas-de-clasificacion-de-residuos\/#breadcrumb","itemListElement":[{"@type":"ListItem","position":1,"name":"Accueil","item":"https:\/\/arches-papers.com\/es\/"},{"@type":"ListItem","position":2,"name":"\u00bfQUI\u00c9NES SOMOS?","item":"https:\/\/arches-papers.com\/es\/who-is-arches\/"},{"@type":"ListItem","position":3,"name":"ARCHES\u00ae Y EL DESARROLLO SOSTENIBLE","item":"https:\/\/arches-papers.com\/es\/who-is-arches\/arches-and-sustainable-development\/"},{"@type":"ListItem","position":4,"name":"Material de embalaje y normas de clasificaci\u00f3n de residuos"}]},{"@type":"WebSite","@id":"https:\/\/arches-papers.com\/es\/#website","url":"https:\/\/arches-papers.com\/es\/","name":"Arches Papers","description":"Fabricant de papier","potentialAction":[{"@type":"SearchAction","target":{"@type":"EntryPoint","urlTemplate":"https:\/\/arches-papers.com\/es\/?s={search_term_string}"},"query-input":{"@type":"PropertyValueSpecification","valueRequired":true,"valueName":"search_term_string"}}],"inLanguage":"es"}]}},"_links":{"self":[{"href":"https:\/\/arches-papers.com\/es\/wp-json\/wp\/v2\/pages\/38471","targetHints":{"allow":["GET"]}}],"collection":[{"href":"https:\/\/arches-papers.com\/es\/wp-json\/wp\/v2\/pages"}],"about":[{"href":"https:\/\/arches-papers.com\/es\/wp-json\/wp\/v2\/types\/page"}],"author":[{"embeddable":true,"href":"https:\/\/arches-papers.com\/es\/wp-json\/wp\/v2\/users\/17"}],"replies":[{"embeddable":true,"href":"https:\/\/arches-papers.com\/es\/wp-json\/wp\/v2\/comments?post=38471"}],"version-history":[{"count":0,"href":"https:\/\/arches-papers.com\/es\/wp-json\/wp\/v2\/pages\/38471\/revisions"}],"up":[{"embeddable":true,"href":"https:\/\/arches-papers.com\/es\/wp-json\/wp\/v2\/pages\/15469"}],"wp:attachment":[{"href":"https:\/\/arches-papers.com\/es\/wp-json\/wp\/v2\/media?parent=38471"}],"wp:term":[{"taxonomy":"post_tag","embeddable":true,"href":"https:\/\/arches-papers.com\/es\/wp-json\/wp\/v2\/tags?post=38471"}],"curies":[{"name":"wp","href":"https:\/\/api.w.org\/{rel}","templated":true}]}}