{"id":49951,"date":"2025-02-07T11:29:32","date_gmt":"2025-02-07T10:29:32","guid":{"rendered":"https:\/\/arches-papers.com\/?page_id=49951"},"modified":"2026-04-01T17:25:27","modified_gmt":"2026-04-01T15:25:27","slug":"caja-de-correspondencia-arches%ef%b8%8f-aquarelle","status":"publish","type":"page","link":"https:\/\/arches-papers.com\/es\/la-gama-de-papeles-arches\/mix-media\/caja-de-correspondencia-arches%ef%b8%8f-aquarelle\/","title":{"rendered":"Caja de Correspondencia ARCHES\u00ae Aquarelle"},"content":{"rendered":"<div class=\"wpb-content-wrapper\"><p>[vc_row][vc_column][vc_empty_space height=&#8221;100&#8243;][\/vc_column][\/vc_row][vc_row el_class=&#8221;line-right&#8221;][vc_column]<style>.ld_fancy_heading_6a014506bd614 h2 {padding-bottom:0px !important;  } .ld_fancy_heading_6a014506bd614 h2 {margin-bottom:0px !important;  } .ld_fancy_heading_6a014506bd614 .lqd-highlight-inner{height:0.275em;bottom:0px;}.ld_fancy_heading_6a014506bd614 h2 {padding-bottom:0px !important;  } .ld_fancy_heading_6a014506bd614 h2 {margin-bottom:0px !important;  } <\/style><div class=\"ld-fancy-heading text-right text-uppercase ld_fancy_heading_6a014506bd614\">\n\t<h2 class=\"lqd-highlight-underline lqd-highlight-grow-left\" ><span class=\"ld-fh-txt\"> <span style=\"font-size: 70px\">Caja de Correspondencia <\/span>\u00a0ARCHES\u00ae\ufe0f Aquarelle<\/span><\/h2><\/div><style>.ld_fancy_heading_6a014506bd87b .lqd-highlight-inner{height:0.275em;bottom:0px;}<\/style><div class=\"ld-fancy-heading text-right text-uppercase ld_fancy_heading_6a014506bd87b\">\n\t<h3 class=\"lqd-highlight-underline lqd-highlight-grow-left\" ><span class=\"ld-fh-txt\"> \u00a1Su Arte listo para ser enviado!<\/span><\/h3><\/div>[\/vc_column][\/vc_row][vc_row equal_height=&#8221;yes&#8221; content_placement=&#8221;top&#8221; responsive_css=&#8221;margin_top_large:130px|margin_top_medium:130px|margin_top_small:130px&#8221;][vc_column width=&#8221;2\/3&#8243; css=&#8221;.vc_custom_1588254426594{padding-top: 130px !important;}&#8221;][vc_single_image image=&#8221;52268&#8243; img_size=&#8221;full&#8221; alignment=&#8221;center&#8221; css_animation=&#8221;fadeInUp&#8221;][\/vc_column][vc_column width=&#8221;1\/3&#8243;][vc_empty_space height=&#8221;15px&#8221;][vc_column_text css_animation=&#8221;fadeInUp&#8221; el_class=&#8221;justify&#8221;]<strong>Fabricado en forma redonda (m\u00e9todo tradicional):<\/strong> una calidad que se aproxima a la del papel fabricado de forma artesanal. La rotaci\u00f3n lenta del cilindro permite la disposici\u00f3n regular de las fibras y su distribuci\u00f3n en todas direcciones en el lienzo. Las fibras se distribuyen de forma homog\u00e9nea, el papel se destensa uniformemente cuando est\u00e1 mojado, lo que facilita un mayor control al artista. Este procedimiento permite producir papeles de alto gramaje y con una resistencia excepcional al raspado y al borrado, puesto que se han gelatinado en la masa. Solo la fabricaci\u00f3n en forma redonda permite obtener papeles con barbas.[\/vc_column_text][vc_empty_space height=&#8221;35px&#8221;][\/vc_column][\/vc_row][vc_row][vc_column]<style>.ld_spacer_6a014506bd95c{height:150px;}<\/style>\n<div class=\"ld-empty-space ld_spacer_6a014506bd95c\"><span class=\"liquid_empty_space_inner\"><\/span><\/div>[\/vc_column][\/vc_row][vc_row css_animation=&#8221;fadeInLeft&#8221; el_class=&#8221;line-left&#8221;][vc_column]<style>.ld_fancy_heading_6a014506bda23 .lqd-highlight-inner{height:0.275em;bottom:0px;}<\/style><div class=\"ld-fancy-heading text-left text-uppercase ld_fancy_heading_6a014506bda23\">\n\t<h3 class=\"lqd-highlight-underline lqd-highlight-grow-left\" ><span class=\"ld-fh-txt\"> Bloque de 10 tarjetas ARCHES\u00ae Aquarelle Grano fino<\/span><\/h3><\/div>[\/vc_column][\/vc_row][vc_row][vc_column]<style>.ld_spacer_6a014506bdadd{height:140px;}<\/style>\n<div class=\"ld-empty-space ld_spacer_6a014506bdadd\"><span class=\"liquid_empty_space_inner\"><\/span><\/div>[\/vc_column][\/vc_row][vc_row gap=&#8221;35&#8243; enable_content_animation=&#8221;yes&#8221; animation_preset=&#8221;Fade In Up&#8221;][vc_column width=&#8221;1\/3&#8243;][vc_column_text]<\/p>\n<h3 style=\"text-align: center;\">Utilizaci\u00f3n<\/h3>\n<p style=\"text-align: center;\">Acuarela, tinta, gouache, acr\u00edlica, fieltro, l\u00e1piz, grafito.<\/p>\n<p>[\/vc_column_text][\/vc_column][vc_column width=&#8221;1\/3&#8243;][vc_column_text]<\/p>\n<h3 style=\"text-align: center;\">Formato<\/h3>\n<p style=\"text-align: center;\">Bloque encolado por los 4 lados 10 x 15 cm<\/p>\n<p>[\/vc_column_text][\/vc_column][vc_column width=&#8221;1\/3&#8243;][vc_column_text]<\/p>\n<h3 style=\"text-align: center;\">Textura<\/h3>\n<p style=\"text-align: center;\">Grano fino<\/p>\n<p>[\/vc_column_text][\/vc_column][\/vc_row][vc_row][vc_column][vc_empty_space][\/vc_column][\/vc_row][vc_row gap=&#8221;35&#8243; enable_content_animation=&#8221;yes&#8221; animation_preset=&#8221;Fade In Up&#8221;][vc_column width=&#8221;1\/3&#8243;][vc_column_text]<\/p>\n<h3 style=\"text-align: center;\">300 g\/m\u00b2<\/h3>\n<p style=\"text-align: center;\">Excelente mano, ideal para una tarjeta.<\/p>\n<p>[\/vc_column_text][\/vc_column][vc_column width=&#8221;1\/3&#8243;][vc_column_text el_class=&#8221;justify&#8221;]<\/p>\n<h3 style=\"text-align: center;\">Formulaci\u00f3n especial<\/h3>\n<p style=\"text-align: left;\">Encolado en la masa con gelatinado natural: una exclusividad ARCHES\u00ae. ARCHES\u00ae es el \u00fanico molino de papel del mundo que realiza un gelatinado en la masa en su papel acuarela. Aunque est\u00e9 mojado durante mucho tiempo, el papel conserva una cantidad suficiente de gelatina y no se vuelve demasiado absorbente.<\/p>\n<p>[\/vc_column_text][\/vc_column][vc_column width=&#8221;1\/3&#8243;][vc_column_text el_class=&#8221;justify&#8221;]<\/p>\n<h3 style=\"text-align: center;\">100% algod\u00f3n<\/h3>\n<p style=\"text-align: left;\">El algod\u00f3n proporciona al papel su belleza , una blancura natural permanente, un tacto inimitable, garantiza su resistencia y su perennidad.<\/p>\n<p>[\/vc_column_text][\/vc_column][\/vc_row][vc_row][vc_column][vc_empty_space][\/vc_column][\/vc_row][vc_row gap=&#8221;35&#8243; enable_content_animation=&#8221;yes&#8221; animation_preset=&#8221;Fade In Up&#8221;][vc_column width=&#8221;1\/3&#8243;][vc_column_text]<\/p>\n<h3 style=\"text-align: center;\">Color<\/h3>\n<p style=\"text-align: center;\">Blanco natural<\/p>\n<p>[\/vc_column_text][\/vc_column][vc_column width=&#8221;1\/3&#8243;][vc_column_text css=&#8221;&#8221;]<\/p>\n<h3 style=\"text-align: center;\">Conservaci\u00f3n<\/h3>\n<p style=\"text-align: center;\">Con reserva alcalina, sin \u00e1cido, ni blanqueadores \u00f3pticos (permanente de acuerdo con la norma ISO 9706)<\/p>\n<p>[\/vc_column_text][\/vc_column][\/vc_row][vc_row][vc_column]<style>.ld_spacer_6a014506bdb3b{height:140px;}<\/style>\n<div class=\"ld-empty-space ld_spacer_6a014506bdb3b\"><span class=\"liquid_empty_space_inner\"><\/span><\/div>[\/vc_column][\/vc_row][vc_row css_animation=&#8221;fadeInLeft&#8221; el_class=&#8221;line-left&#8221;][vc_column]<style>.ld_fancy_heading_6a014506bdbcf .lqd-highlight-inner{height:0.275em;bottom:0px;}<\/style><div class=\"ld-fancy-heading text-left text-uppercase ld_fancy_heading_6a014506bdbcf\">\n\t<h3 class=\"lqd-highlight-underline lqd-highlight-grow-left\" ><span class=\"ld-fh-txt\"> 10 sobres Velin d&#8217;ARCHES\u00ae Text Wove<\/span><\/h3><\/div>[\/vc_column][\/vc_row][vc_row][vc_column]<style>.ld_spacer_6a014506bdc82{height:140px;}<\/style>\n<div class=\"ld-empty-space ld_spacer_6a014506bdc82\"><span class=\"liquid_empty_space_inner\"><\/span><\/div>[\/vc_column][\/vc_row][vc_row gap=&#8221;35&#8243; enable_content_animation=&#8221;yes&#8221; animation_preset=&#8221;Fade In Up&#8221;][vc_column width=&#8221;1\/3&#8243;][vc_column_text]<\/p>\n<h3 style=\"text-align: center;\">Utilizaci\u00f3n<\/h3>\n<p style=\"text-align: center;\">Escritura<\/p>\n<p>[\/vc_column_text][\/vc_column][vc_column width=&#8221;1\/3&#8243;][vc_column_text]<\/p>\n<h3 style=\"text-align: center;\">Formato<\/h3>\n<p style=\"text-align: center;\">11 x 16 cm<\/p>\n<p>[\/vc_column_text][\/vc_column][vc_column width=&#8221;1\/3&#8243;][vc_column_text]<\/p>\n<h3 style=\"text-align: center;\">Textura<\/h3>\n<p style=\"text-align: center;\">Grano fino ligero. Superficie lisa.<\/p>\n<p>[\/vc_column_text][\/vc_column][\/vc_row][vc_row][vc_column][vc_empty_space][\/vc_column][\/vc_row][vc_row gap=&#8221;35&#8243; enable_content_animation=&#8221;yes&#8221; animation_preset=&#8221;Fade In Up&#8221;][vc_column width=&#8221;1\/3&#8243;][vc_column_text]<\/p>\n<h3 style=\"text-align: center;\">119 g\/m\u00b2<\/h3>\n<p style=\"text-align: center;\">Ligero<\/p>\n<p>[\/vc_column_text][\/vc_column][vc_column width=&#8221;1\/3&#8243;][vc_column_text]<\/p>\n<h3 style=\"text-align: center;\">Formulaci\u00f3n especial<\/h3>\n<p style=\"text-align: center;\">Gelatinado en la superficie: la tinta no chorrea y no penetra en el papel.<\/p>\n<p>[\/vc_column_text][\/vc_column][vc_column width=&#8221;1\/3&#8243;][vc_column_text]<\/p>\n<h3 style=\"text-align: center;\">100% algod\u00f3n<\/h3>\n<p style=\"text-align: center;\">El placer de utilizar un material suave y noble.<\/p>\n<p>[\/vc_column_text][\/vc_column][\/vc_row][vc_row][vc_column][vc_empty_space][\/vc_column][\/vc_row][vc_row gap=&#8221;35&#8243; enable_content_animation=&#8221;yes&#8221; animation_preset=&#8221;Fade In Up&#8221;][vc_column width=&#8221;1\/3&#8243;][vc_column_text]<\/p>\n<h3 style=\"text-align: center;\">Color<\/h3>\n<p style=\"text-align: center;\">Blanco natural<\/p>\n<p>[\/vc_column_text][\/vc_column][vc_column width=&#8221;1\/3&#8243;][\/vc_column][vc_column width=&#8221;1\/3&#8243;][\/vc_column][\/vc_row][vc_row][vc_column][vc_empty_space height=&#8221;64px&#8221;][\/vc_column][\/vc_row][vc_row][vc_column css=&#8221;.vc_custom_1565519509512{background-color: #ffffff !important;}&#8221; el_class=&#8221;box-shadow&#8221;][vc_single_image image=&#8221;55763&#8243; img_size=&#8221;full&#8221; alignment=&#8221;center&#8221; css=&#8221;.vc_custom_1775057022449{margin-bottom: 5px !important;}&#8221;][vc_column_text css=&#8221;.vc_custom_1748244297884{margin-bottom: 5px !important;}&#8221;]<\/p>\n<h4 style=\"text-align: center;\"><span style=\"color: #d0303d;\">Caja de Correspondencia ARCHES\u00ae Aquarelle <\/span><\/h4>\n<p>[\/vc_column_text][vc_column_text]\n<table id=\"tablepress-298\" class=\"tablepress tablepress-id-298\">\n<thead>\n<tr class=\"row-1\">\n\t<th class=\"column-1\">Contenido<\/th><th class=\"column-2\">Formato<\/th><th class=\"column-3\">Referencia<\/th>\n<\/tr>\n<\/thead>\n<tbody class=\"row-striping row-hover\">\n<tr class=\"row-2\">\n\t<td class=\"column-1\">Un bloc encolado por los 4 lados compuesto por 10 hojas de ARCHES\u00ae Aquarelle 300 g\/m\u00b2 Grano Fino de 10 x 15 cm <br \/>\n+ 10 sobres de papel Velin d\u2019ARCHES\u00ae Text Wove de 119 g\/m\u00b2 - Tama\u00f1o: 11 x 16 cm\u201d<\/td><td class=\"column-2\">21,7 (L) x 16,4 (l) x 1,4 (h) cm <\/td><td class=\"column-3\">A1711867<\/td>\n<\/tr>\n<\/tbody>\n<\/table>\n<!-- #tablepress-298 from cache -->[\/vc_column_text][\/vc_column][\/vc_row][vc_row][vc_column][vc_empty_space][vc_column_text]<img decoding=\"async\" class=\" wp-image-15145 alignleft\" src=\"https:\/\/arches-papers.com\/wp-content\/uploads\/2020\/02\/puce-info.png\" alt=\"\" width=\"24\" height=\"24\" \/><em>No todos nuestros productos est\u00e1n disponibles en nuestros puntos de venta; consulte la disponibilidad de la referencia deseada a su distribuidor local, el cual sabr\u00e1 aconsejarle convenientemente. <\/em>[\/vc_column_text][vc_empty_space][\/vc_column][\/vc_row]<\/p>\n<\/div>","protected":false},"excerpt":{"rendered":"[vc_row][vc_column][vc_empty_space height=&#8221;100&#8243;][\/vc_column][\/vc_row][vc_row el_class=&#8221;line-right&#8221;][vc_column][\/vc_column][\/vc_row][vc_row equal_height=&#8221;yes&#8221; content_placement=&#8221;top&#8221; responsive_css=&#8221;margin_top_large:130px|margin_top_medium:130px|margin_top_small:130px&#8221;][vc_column width=&#8221;2\/3&#8243; css=&#8221;.vc_custom_1588254426594{padding-top: 130px !important;}&#8221;][vc_single_image image=&#8221;52268&#8243; img_size=&#8221;full&#8221; alignment=&#8221;center&#8221; css_animation=&#8221;fadeInUp&#8221;][\/vc_column][vc_column width=&#8221;1\/3&#8243;][vc_empty_space&#8230;","protected":false},"author":18,"featured_media":13966,"parent":52292,"menu_order":30,"comment_status":"closed","ping_status":"closed","template":"","meta":{"footnotes":""},"tags":[535,536],"class_list":["post-49951","page","type-page","status-publish","has-post-thumbnail","hentry","tag-arches-es","tag-arches-paper-es"],"yoast_head":"<!-- This site is optimized with the Yoast SEO plugin v27.1.1 - https:\/\/yoast.com\/product\/yoast-seo-wordpress\/ -->\n<title>Caja de Correspondencia ARCHES Aquarelle - Arches papers<\/title>\n<meta name=\"description\" content=\"La Caja de Correspondencia ARCHES Aquarelle combina saber hacer tradicional y dise\u00f1o, promete transformar su correspondencia en una verdadera obra de arte.\" \/>\n<meta name=\"robots\" content=\"index, follow, max-snippet:-1, max-image-preview:large, max-video-preview:-1\" \/>\n<link rel=\"canonical\" href=\"https:\/\/arches-papers.com\/es\/la-gama-de-papeles-arches\/mix-media\/caja-de-correspondencia-arches%ef%b8%8f-aquarelle\/\" \/>\n<meta property=\"og:locale\" content=\"es_ES\" \/>\n<meta property=\"og:type\" content=\"article\" \/>\n<meta property=\"og:title\" content=\"Caja de Correspondencia ARCHES Aquarelle - Arches papers\" \/>\n<meta property=\"og:description\" content=\"La Caja de Correspondencia ARCHES Aquarelle combina saber hacer tradicional y dise\u00f1o, promete transformar su correspondencia en una verdadera obra de arte.\" \/>\n<meta property=\"og:url\" content=\"https:\/\/arches-papers.com\/es\/la-gama-de-papeles-arches\/mix-media\/caja-de-correspondencia-arches%ef%b8%8f-aquarelle\/\" \/>\n<meta property=\"og:site_name\" content=\"Arches Papers\" \/>\n<meta property=\"article:modified_time\" content=\"2026-04-01T15:25:27+00:00\" \/>\n<meta property=\"og:image\" content=\"https:\/\/arches-papers.com\/wp-content\/uploads\/2019\/11\/papier-arches-aquarelle-web.jpg\" \/>\n\t<meta property=\"og:image:width\" content=\"1200\" \/>\n\t<meta property=\"og:image:height\" content=\"900\" \/>\n\t<meta property=\"og:image:type\" content=\"image\/jpeg\" \/>\n<meta name=\"twitter:card\" content=\"summary_large_image\" \/>\n<meta name=\"twitter:label1\" content=\"Tiempo de lectura\" \/>\n\t<meta name=\"twitter:data1\" content=\"4 minutos\" \/>\n<script type=\"application\/ld+json\" class=\"yoast-schema-graph\">{\"@context\":\"https:\/\/schema.org\",\"@graph\":[{\"@type\":\"WebPage\",\"@id\":\"https:\/\/arches-papers.com\/es\/la-gama-de-papeles-arches\/mix-media\/caja-de-correspondencia-arches%ef%b8%8f-aquarelle\/\",\"url\":\"https:\/\/arches-papers.com\/es\/la-gama-de-papeles-arches\/mix-media\/caja-de-correspondencia-arches%ef%b8%8f-aquarelle\/\",\"name\":\"Caja de Correspondencia ARCHES Aquarelle - Arches papers\",\"isPartOf\":{\"@id\":\"https:\/\/arches-papers.com\/es\/#website\"},\"primaryImageOfPage\":{\"@id\":\"https:\/\/arches-papers.com\/es\/la-gama-de-papeles-arches\/mix-media\/caja-de-correspondencia-arches%ef%b8%8f-aquarelle\/#primaryimage\"},\"image\":{\"@id\":\"https:\/\/arches-papers.com\/es\/la-gama-de-papeles-arches\/mix-media\/caja-de-correspondencia-arches%ef%b8%8f-aquarelle\/#primaryimage\"},\"thumbnailUrl\":\"https:\/\/arches-papers.com\/wp-content\/uploads\/2019\/11\/papier-arches-aquarelle-web.jpg\",\"datePublished\":\"2025-02-07T10:29:32+00:00\",\"dateModified\":\"2026-04-01T15:25:27+00:00\",\"description\":\"La Caja de Correspondencia ARCHES Aquarelle combina saber hacer tradicional y dise\u00f1o, promete transformar su correspondencia en una verdadera obra de arte.\",\"breadcrumb\":{\"@id\":\"https:\/\/arches-papers.com\/es\/la-gama-de-papeles-arches\/mix-media\/caja-de-correspondencia-arches%ef%b8%8f-aquarelle\/#breadcrumb\"},\"inLanguage\":\"es\",\"potentialAction\":[{\"@type\":\"ReadAction\",\"target\":[\"https:\/\/arches-papers.com\/es\/la-gama-de-papeles-arches\/mix-media\/caja-de-correspondencia-arches%ef%b8%8f-aquarelle\/\"]}]},{\"@type\":\"ImageObject\",\"inLanguage\":\"es\",\"@id\":\"https:\/\/arches-papers.com\/es\/la-gama-de-papeles-arches\/mix-media\/caja-de-correspondencia-arches%ef%b8%8f-aquarelle\/#primaryimage\",\"url\":\"https:\/\/arches-papers.com\/wp-content\/uploads\/2019\/11\/papier-arches-aquarelle-web.jpg\",\"contentUrl\":\"https:\/\/arches-papers.com\/wp-content\/uploads\/2019\/11\/papier-arches-aquarelle-web.jpg\",\"width\":1200,\"height\":900,\"caption\":\"Caja de Correspondencia ARCHES Aquarelle\"},{\"@type\":\"BreadcrumbList\",\"@id\":\"https:\/\/arches-papers.com\/es\/la-gama-de-papeles-arches\/mix-media\/caja-de-correspondencia-arches%ef%b8%8f-aquarelle\/#breadcrumb\",\"itemListElement\":[{\"@type\":\"ListItem\",\"position\":1,\"name\":\"Accueil\",\"item\":\"https:\/\/arches-papers.com\/es\/\"},{\"@type\":\"ListItem\",\"position\":2,\"name\":\"LA GAMA DE PAPELES ARCHES\u00ae\",\"item\":\"https:\/\/arches-papers.com\/es\/la-gama-de-papeles-arches\/\"},{\"@type\":\"ListItem\",\"position\":3,\"name\":\"T\u00c9CNICAS MIXTAS\",\"item\":\"https:\/\/arches-papers.com\/es\/la-gama-de-papeles-arches\/mix-media\/\"},{\"@type\":\"ListItem\",\"position\":4,\"name\":\"Caja de Correspondencia ARCHES\u00ae Aquarelle\"}]},{\"@type\":\"WebSite\",\"@id\":\"https:\/\/arches-papers.com\/es\/#website\",\"url\":\"https:\/\/arches-papers.com\/es\/\",\"name\":\"Arches Papers\",\"description\":\"Fabricant de papier\",\"potentialAction\":[{\"@type\":\"SearchAction\",\"target\":{\"@type\":\"EntryPoint\",\"urlTemplate\":\"https:\/\/arches-papers.com\/es\/?s={search_term_string}\"},\"query-input\":{\"@type\":\"PropertyValueSpecification\",\"valueRequired\":true,\"valueName\":\"search_term_string\"}}],\"inLanguage\":\"es\"}]}<\/script>\n<!-- \/ Yoast SEO plugin. -->","yoast_head_json":{"title":"Caja de Correspondencia ARCHES Aquarelle - Arches papers","description":"La Caja de Correspondencia ARCHES Aquarelle combina saber hacer tradicional y dise\u00f1o, promete transformar su correspondencia en una verdadera obra de arte.","robots":{"index":"index","follow":"follow","max-snippet":"max-snippet:-1","max-image-preview":"max-image-preview:large","max-video-preview":"max-video-preview:-1"},"canonical":"https:\/\/arches-papers.com\/es\/la-gama-de-papeles-arches\/mix-media\/caja-de-correspondencia-arches%ef%b8%8f-aquarelle\/","og_locale":"es_ES","og_type":"article","og_title":"Caja de Correspondencia ARCHES Aquarelle - Arches papers","og_description":"La Caja de Correspondencia ARCHES Aquarelle combina saber hacer tradicional y dise\u00f1o, promete transformar su correspondencia en una verdadera obra de arte.","og_url":"https:\/\/arches-papers.com\/es\/la-gama-de-papeles-arches\/mix-media\/caja-de-correspondencia-arches%ef%b8%8f-aquarelle\/","og_site_name":"Arches Papers","article_modified_time":"2026-04-01T15:25:27+00:00","og_image":[{"width":1200,"height":900,"url":"https:\/\/arches-papers.com\/wp-content\/uploads\/2019\/11\/papier-arches-aquarelle-web.jpg","type":"image\/jpeg"}],"twitter_card":"summary_large_image","twitter_misc":{"Tiempo de lectura":"4 minutos"},"schema":{"@context":"https:\/\/schema.org","@graph":[{"@type":"WebPage","@id":"https:\/\/arches-papers.com\/es\/la-gama-de-papeles-arches\/mix-media\/caja-de-correspondencia-arches%ef%b8%8f-aquarelle\/","url":"https:\/\/arches-papers.com\/es\/la-gama-de-papeles-arches\/mix-media\/caja-de-correspondencia-arches%ef%b8%8f-aquarelle\/","name":"Caja de Correspondencia ARCHES Aquarelle - Arches papers","isPartOf":{"@id":"https:\/\/arches-papers.com\/es\/#website"},"primaryImageOfPage":{"@id":"https:\/\/arches-papers.com\/es\/la-gama-de-papeles-arches\/mix-media\/caja-de-correspondencia-arches%ef%b8%8f-aquarelle\/#primaryimage"},"image":{"@id":"https:\/\/arches-papers.com\/es\/la-gama-de-papeles-arches\/mix-media\/caja-de-correspondencia-arches%ef%b8%8f-aquarelle\/#primaryimage"},"thumbnailUrl":"https:\/\/arches-papers.com\/wp-content\/uploads\/2019\/11\/papier-arches-aquarelle-web.jpg","datePublished":"2025-02-07T10:29:32+00:00","dateModified":"2026-04-01T15:25:27+00:00","description":"La Caja de Correspondencia ARCHES Aquarelle combina saber hacer tradicional y dise\u00f1o, promete transformar su correspondencia en una verdadera obra de arte.","breadcrumb":{"@id":"https:\/\/arches-papers.com\/es\/la-gama-de-papeles-arches\/mix-media\/caja-de-correspondencia-arches%ef%b8%8f-aquarelle\/#breadcrumb"},"inLanguage":"es","potentialAction":[{"@type":"ReadAction","target":["https:\/\/arches-papers.com\/es\/la-gama-de-papeles-arches\/mix-media\/caja-de-correspondencia-arches%ef%b8%8f-aquarelle\/"]}]},{"@type":"ImageObject","inLanguage":"es","@id":"https:\/\/arches-papers.com\/es\/la-gama-de-papeles-arches\/mix-media\/caja-de-correspondencia-arches%ef%b8%8f-aquarelle\/#primaryimage","url":"https:\/\/arches-papers.com\/wp-content\/uploads\/2019\/11\/papier-arches-aquarelle-web.jpg","contentUrl":"https:\/\/arches-papers.com\/wp-content\/uploads\/2019\/11\/papier-arches-aquarelle-web.jpg","width":1200,"height":900,"caption":"Caja de Correspondencia ARCHES Aquarelle"},{"@type":"BreadcrumbList","@id":"https:\/\/arches-papers.com\/es\/la-gama-de-papeles-arches\/mix-media\/caja-de-correspondencia-arches%ef%b8%8f-aquarelle\/#breadcrumb","itemListElement":[{"@type":"ListItem","position":1,"name":"Accueil","item":"https:\/\/arches-papers.com\/es\/"},{"@type":"ListItem","position":2,"name":"LA GAMA DE PAPELES ARCHES\u00ae","item":"https:\/\/arches-papers.com\/es\/la-gama-de-papeles-arches\/"},{"@type":"ListItem","position":3,"name":"T\u00c9CNICAS MIXTAS","item":"https:\/\/arches-papers.com\/es\/la-gama-de-papeles-arches\/mix-media\/"},{"@type":"ListItem","position":4,"name":"Caja de Correspondencia ARCHES\u00ae Aquarelle"}]},{"@type":"WebSite","@id":"https:\/\/arches-papers.com\/es\/#website","url":"https:\/\/arches-papers.com\/es\/","name":"Arches Papers","description":"Fabricant de papier","potentialAction":[{"@type":"SearchAction","target":{"@type":"EntryPoint","urlTemplate":"https:\/\/arches-papers.com\/es\/?s={search_term_string}"},"query-input":{"@type":"PropertyValueSpecification","valueRequired":true,"valueName":"search_term_string"}}],"inLanguage":"es"}]}},"_links":{"self":[{"href":"https:\/\/arches-papers.com\/es\/wp-json\/wp\/v2\/pages\/49951","targetHints":{"allow":["GET"]}}],"collection":[{"href":"https:\/\/arches-papers.com\/es\/wp-json\/wp\/v2\/pages"}],"about":[{"href":"https:\/\/arches-papers.com\/es\/wp-json\/wp\/v2\/types\/page"}],"author":[{"embeddable":true,"href":"https:\/\/arches-papers.com\/es\/wp-json\/wp\/v2\/users\/18"}],"replies":[{"embeddable":true,"href":"https:\/\/arches-papers.com\/es\/wp-json\/wp\/v2\/comments?post=49951"}],"version-history":[{"count":3,"href":"https:\/\/arches-papers.com\/es\/wp-json\/wp\/v2\/pages\/49951\/revisions"}],"predecessor-version":[{"id":55788,"href":"https:\/\/arches-papers.com\/es\/wp-json\/wp\/v2\/pages\/49951\/revisions\/55788"}],"up":[{"embeddable":true,"href":"https:\/\/arches-papers.com\/es\/wp-json\/wp\/v2\/pages\/52292"}],"wp:featuredmedia":[{"embeddable":true,"href":"https:\/\/arches-papers.com\/es\/wp-json\/wp\/v2\/media\/13966"}],"wp:attachment":[{"href":"https:\/\/arches-papers.com\/es\/wp-json\/wp\/v2\/media?parent=49951"}],"wp:term":[{"taxonomy":"post_tag","embeddable":true,"href":"https:\/\/arches-papers.com\/es\/wp-json\/wp\/v2\/tags?post=49951"}],"curies":[{"name":"wp","href":"https:\/\/api.w.org\/{rel}","templated":true}]}}