{"id":13089,"date":"2019-07-05T09:37:57","date_gmt":"2019-07-05T07:37:57","guid":{"rendered":"https:\/\/www.arches-papers.com\/v2\/?page_id=13089"},"modified":"2026-04-01T17:51:25","modified_gmt":"2026-04-01T15:51:25","slug":"papiers-encre-et-calligraphie","status":"publish","type":"page","link":"https:\/\/arches-papers.com\/fr\/la-gamme-papiers-arches\/papiers-encre-et-calligraphie\/","title":{"rendered":"Encre et calligraphie"},"content":{"rendered":"<div class=\"wpb-content-wrapper\"><p>[vc_row][vc_column width=&#8221;1\/4&#8243;][\/vc_column][vc_column width=&#8221;1\/2&#8243;][vc_column_text el_class=&#8221;justify&#8221;]Les papiers destin\u00e9s \u00e0 l\u2019encre et \u00e0 la calligraphie doivent \u00eatre r\u00e9sistants, limiter l\u2019absorption de l\u2019encre, et aussi permettre \u00e0 la plume de glisser facilement pour r\u00e9aliser un trac\u00e9 parfait. C\u2019est la raison pour laquelle les papiers ARCHES\u00ae destin\u00e9s \u00e0 ces techniques sont g\u00e9latin\u00e9s en surface.[\/vc_column_text][\/vc_column][vc_column width=&#8221;1\/4&#8243;][\/vc_column][\/vc_row][vc_row][vc_column]<style>.ld_spacer_69f57cb8b6f49{height:32px;}<\/style>\n<div class=\"ld-empty-space ld_spacer_69f57cb8b6f49\"><span class=\"liquid_empty_space_inner\"><\/span><\/div>[\/vc_column][\/vc_row][vc_row][vc_column width=&#8221;1\/2&#8243;][vc_hoverbox image=&#8221;13850&#8243; primary_title=&#8221;&#8221; hover_title=&#8221;Ingres d\u2019ARCHES MBM\u00ae&#8221; shape=&#8221;square&#8221; hover_background_color=&#8221;custom&#8221; hover_btn_title=&#8221;&#8221; css_animation=&#8221;fadeInUp&#8221; hover_add_button=&#8221;true&#8221; hover_custom_background=&#8221;rgba(0,0,0,0.3)&#8221; hover_btn_link=&#8221;url:https%3A%2F%2Farches-papers.com%2Ffr%2Fla-gamme-papiers-arches%2Fpapiers-edition-art%2Fingres-darches-mbm%2F|title:Ingres%20d%E2%80%99ARCHES%20MBM%C2%AE&#8221; el_class=&#8221;prj-link&#8221;][\/vc_hoverbox][\/vc_column][vc_column width=&#8221;1\/2&#8243;]<style>.ld_spacer_69f57cb8b6feb{height:50px;}<\/style>\n<div class=\"ld-empty-space ld_spacer_69f57cb8b6feb\"><span class=\"liquid_empty_space_inner\"><\/span><\/div><style>.ld_spacer_69f57cb8b7038{height:50px;}<\/style>\n<div class=\"ld-empty-space ld_spacer_69f57cb8b7038\"><span class=\"liquid_empty_space_inner\"><\/span><\/div>[vc_hoverbox image=&#8221;14788&#8243; primary_title=&#8221;&#8221; hover_title=&#8221;Velin d\u2019ARCHES\u00ae Text Wove&#8221; shape=&#8221;square&#8221; hover_background_color=&#8221;custom&#8221; hover_btn_title=&#8221;&#8221; css_animation=&#8221;fadeInUp&#8221; hover_add_button=&#8221;true&#8221; hover_custom_background=&#8221;rgba(0,0,0,0.3)&#8221; hover_btn_link=&#8221;url:https%3A%2F%2Farches-papers.com%2Ffr%2Fla-gamme-papiers-arches%2Fpapiers-encre-et-calligraphie%2Fvelin-darches-text-wove%2F|title:Velin%20d%E2%80%99ARCHES%C2%AE%20Text%20Wove&#8221; el_class=&#8221;prj-link&#8221;][\/vc_hoverbox][\/vc_column][\/vc_row][vc_row][vc_column]<style>.ld_spacer_69f57cb8b707a{height:32px;}<\/style>\n<div class=\"ld-empty-space ld_spacer_69f57cb8b707a\"><span class=\"liquid_empty_space_inner\"><\/span><\/div>[\/vc_column][\/vc_row]<\/p>\n<\/div>","protected":false},"excerpt":{"rendered":"[vc_row][vc_column width=&#8221;1\/4&#8243;][\/vc_column][vc_column width=&#8221;1\/2&#8243;][vc_column_text el_class=&#8221;justify&#8221;]Les papiers destin\u00e9s \u00e0 l\u2019encre et \u00e0 la calligraphie doivent \u00eatre r\u00e9sistants,&#8230;","protected":false},"author":1,"featured_media":235,"parent":70,"menu_order":4,"comment_status":"closed","ping_status":"closed","template":"","meta":{"footnotes":""},"tags":[],"class_list":["post-13089","page","type-page","status-publish","has-post-thumbnail","hentry"],"yoast_head":"<!-- This site is optimized with the Yoast SEO plugin v27.1.1 - https:\/\/yoast.com\/product\/yoast-seo-wordpress\/ -->\n<title>Papiers encre et calligraphie, retrouvez-les dans la gamme ARCHES<\/title>\n<meta name=\"description\" content=\"Les papiers encre et calligraphie de la gamme ARCHES sont r\u00e9sistants et limitent l\u2019absorption de l\u2019encre, et sont g\u00e9latin\u00e9s en surface.\" \/>\n<meta name=\"robots\" content=\"index, follow, max-snippet:-1, max-image-preview:large, max-video-preview:-1\" \/>\n<link rel=\"canonical\" href=\"https:\/\/arches-papers.com\/fr\/la-gamme-papiers-arches\/papiers-encre-et-calligraphie\/\" \/>\n<meta property=\"og:locale\" content=\"fr_FR\" \/>\n<meta property=\"og:type\" content=\"article\" \/>\n<meta property=\"og:title\" content=\"Papiers encre et calligraphie, retrouvez-les dans la gamme ARCHES\" \/>\n<meta property=\"og:description\" content=\"Les papiers encre et calligraphie de la gamme ARCHES sont r\u00e9sistants et limitent l\u2019absorption de l\u2019encre, et sont g\u00e9latin\u00e9s en surface.\" \/>\n<meta property=\"og:url\" content=\"https:\/\/arches-papers.com\/fr\/la-gamme-papiers-arches\/papiers-encre-et-calligraphie\/\" \/>\n<meta property=\"og:site_name\" content=\"Arches Papers\" \/>\n<meta property=\"article:modified_time\" content=\"2026-04-01T15:51:25+00:00\" \/>\n<meta property=\"og:image\" content=\"https:\/\/arches-papers.com\/wp-content\/uploads\/2019\/04\/velin-arches-text-wove-648x540.jpg\" \/>\n\t<meta property=\"og:image:width\" content=\"648\" \/>\n\t<meta property=\"og:image:height\" content=\"540\" \/>\n\t<meta property=\"og:image:type\" content=\"image\/jpeg\" \/>\n<meta name=\"twitter:card\" content=\"summary_large_image\" \/>\n<meta name=\"twitter:label1\" content=\"Dur\u00e9e de lecture estim\u00e9e\" \/>\n\t<meta name=\"twitter:data1\" content=\"1 minute\" \/>\n<script type=\"application\/ld+json\" class=\"yoast-schema-graph\">{\"@context\":\"https:\/\/schema.org\",\"@graph\":[{\"@type\":\"WebPage\",\"@id\":\"https:\/\/arches-papers.com\/fr\/la-gamme-papiers-arches\/papiers-encre-et-calligraphie\/\",\"url\":\"https:\/\/arches-papers.com\/fr\/la-gamme-papiers-arches\/papiers-encre-et-calligraphie\/\",\"name\":\"Papiers encre et calligraphie, retrouvez-les dans la gamme ARCHES\",\"isPartOf\":{\"@id\":\"https:\/\/arches-papers.com\/fr\/#website\"},\"primaryImageOfPage\":{\"@id\":\"https:\/\/arches-papers.com\/fr\/la-gamme-papiers-arches\/papiers-encre-et-calligraphie\/#primaryimage\"},\"image\":{\"@id\":\"https:\/\/arches-papers.com\/fr\/la-gamme-papiers-arches\/papiers-encre-et-calligraphie\/#primaryimage\"},\"thumbnailUrl\":\"https:\/\/arches-papers.com\/wp-content\/uploads\/2019\/04\/velin-arches-text-wove-648x540.jpg\",\"datePublished\":\"2019-07-05T07:37:57+00:00\",\"dateModified\":\"2026-04-01T15:51:25+00:00\",\"description\":\"Les papiers encre et calligraphie de la gamme ARCHES sont r\u00e9sistants et limitent l\u2019absorption de l\u2019encre, et sont g\u00e9latin\u00e9s en surface.\",\"breadcrumb\":{\"@id\":\"https:\/\/arches-papers.com\/fr\/la-gamme-papiers-arches\/papiers-encre-et-calligraphie\/#breadcrumb\"},\"inLanguage\":\"fr-FR\",\"potentialAction\":[{\"@type\":\"ReadAction\",\"target\":[\"https:\/\/arches-papers.com\/fr\/la-gamme-papiers-arches\/papiers-encre-et-calligraphie\/\"]}]},{\"@type\":\"ImageObject\",\"inLanguage\":\"fr-FR\",\"@id\":\"https:\/\/arches-papers.com\/fr\/la-gamme-papiers-arches\/papiers-encre-et-calligraphie\/#primaryimage\",\"url\":\"https:\/\/arches-papers.com\/wp-content\/uploads\/2019\/04\/velin-arches-text-wove-648x540.jpg\",\"contentUrl\":\"https:\/\/arches-papers.com\/wp-content\/uploads\/2019\/04\/velin-arches-text-wove-648x540.jpg\",\"width\":648,\"height\":540,\"caption\":\"papier encre et calligraphie ARCHES\"},{\"@type\":\"BreadcrumbList\",\"@id\":\"https:\/\/arches-papers.com\/fr\/la-gamme-papiers-arches\/papiers-encre-et-calligraphie\/#breadcrumb\",\"itemListElement\":[{\"@type\":\"ListItem\",\"position\":1,\"name\":\"Accueil\",\"item\":\"https:\/\/arches-papers.com\/fr\/\"},{\"@type\":\"ListItem\",\"position\":2,\"name\":\"LA GAMME PAPIERS ARCHES\u00ae\",\"item\":\"https:\/\/arches-papers.com\/fr\/la-gamme-papiers-arches\/\"},{\"@type\":\"ListItem\",\"position\":3,\"name\":\"Encre et calligraphie\"}]},{\"@type\":\"WebSite\",\"@id\":\"https:\/\/arches-papers.com\/fr\/#website\",\"url\":\"https:\/\/arches-papers.com\/fr\/\",\"name\":\"Arches Papers\",\"description\":\"Fabricant de papier\",\"potentialAction\":[{\"@type\":\"SearchAction\",\"target\":{\"@type\":\"EntryPoint\",\"urlTemplate\":\"https:\/\/arches-papers.com\/fr\/?s={search_term_string}\"},\"query-input\":{\"@type\":\"PropertyValueSpecification\",\"valueRequired\":true,\"valueName\":\"search_term_string\"}}],\"inLanguage\":\"fr-FR\"}]}<\/script>\n<!-- \/ Yoast SEO plugin. -->","yoast_head_json":{"title":"Papiers encre et calligraphie, retrouvez-les dans la gamme ARCHES","description":"Les papiers encre et calligraphie de la gamme ARCHES sont r\u00e9sistants et limitent l\u2019absorption de l\u2019encre, et sont g\u00e9latin\u00e9s en surface.","robots":{"index":"index","follow":"follow","max-snippet":"max-snippet:-1","max-image-preview":"max-image-preview:large","max-video-preview":"max-video-preview:-1"},"canonical":"https:\/\/arches-papers.com\/fr\/la-gamme-papiers-arches\/papiers-encre-et-calligraphie\/","og_locale":"fr_FR","og_type":"article","og_title":"Papiers encre et calligraphie, retrouvez-les dans la gamme ARCHES","og_description":"Les papiers encre et calligraphie de la gamme ARCHES sont r\u00e9sistants et limitent l\u2019absorption de l\u2019encre, et sont g\u00e9latin\u00e9s en surface.","og_url":"https:\/\/arches-papers.com\/fr\/la-gamme-papiers-arches\/papiers-encre-et-calligraphie\/","og_site_name":"Arches Papers","article_modified_time":"2026-04-01T15:51:25+00:00","og_image":[{"width":648,"height":540,"url":"https:\/\/arches-papers.com\/wp-content\/uploads\/2019\/04\/velin-arches-text-wove-648x540.jpg","type":"image\/jpeg"}],"twitter_card":"summary_large_image","twitter_misc":{"Dur\u00e9e de lecture estim\u00e9e":"1 minute"},"schema":{"@context":"https:\/\/schema.org","@graph":[{"@type":"WebPage","@id":"https:\/\/arches-papers.com\/fr\/la-gamme-papiers-arches\/papiers-encre-et-calligraphie\/","url":"https:\/\/arches-papers.com\/fr\/la-gamme-papiers-arches\/papiers-encre-et-calligraphie\/","name":"Papiers encre et calligraphie, retrouvez-les dans la gamme ARCHES","isPartOf":{"@id":"https:\/\/arches-papers.com\/fr\/#website"},"primaryImageOfPage":{"@id":"https:\/\/arches-papers.com\/fr\/la-gamme-papiers-arches\/papiers-encre-et-calligraphie\/#primaryimage"},"image":{"@id":"https:\/\/arches-papers.com\/fr\/la-gamme-papiers-arches\/papiers-encre-et-calligraphie\/#primaryimage"},"thumbnailUrl":"https:\/\/arches-papers.com\/wp-content\/uploads\/2019\/04\/velin-arches-text-wove-648x540.jpg","datePublished":"2019-07-05T07:37:57+00:00","dateModified":"2026-04-01T15:51:25+00:00","description":"Les papiers encre et calligraphie de la gamme ARCHES sont r\u00e9sistants et limitent l\u2019absorption de l\u2019encre, et sont g\u00e9latin\u00e9s en surface.","breadcrumb":{"@id":"https:\/\/arches-papers.com\/fr\/la-gamme-papiers-arches\/papiers-encre-et-calligraphie\/#breadcrumb"},"inLanguage":"fr-FR","potentialAction":[{"@type":"ReadAction","target":["https:\/\/arches-papers.com\/fr\/la-gamme-papiers-arches\/papiers-encre-et-calligraphie\/"]}]},{"@type":"ImageObject","inLanguage":"fr-FR","@id":"https:\/\/arches-papers.com\/fr\/la-gamme-papiers-arches\/papiers-encre-et-calligraphie\/#primaryimage","url":"https:\/\/arches-papers.com\/wp-content\/uploads\/2019\/04\/velin-arches-text-wove-648x540.jpg","contentUrl":"https:\/\/arches-papers.com\/wp-content\/uploads\/2019\/04\/velin-arches-text-wove-648x540.jpg","width":648,"height":540,"caption":"papier encre et calligraphie ARCHES"},{"@type":"BreadcrumbList","@id":"https:\/\/arches-papers.com\/fr\/la-gamme-papiers-arches\/papiers-encre-et-calligraphie\/#breadcrumb","itemListElement":[{"@type":"ListItem","position":1,"name":"Accueil","item":"https:\/\/arches-papers.com\/fr\/"},{"@type":"ListItem","position":2,"name":"LA GAMME PAPIERS ARCHES\u00ae","item":"https:\/\/arches-papers.com\/fr\/la-gamme-papiers-arches\/"},{"@type":"ListItem","position":3,"name":"Encre et calligraphie"}]},{"@type":"WebSite","@id":"https:\/\/arches-papers.com\/fr\/#website","url":"https:\/\/arches-papers.com\/fr\/","name":"Arches Papers","description":"Fabricant de papier","potentialAction":[{"@type":"SearchAction","target":{"@type":"EntryPoint","urlTemplate":"https:\/\/arches-papers.com\/fr\/?s={search_term_string}"},"query-input":{"@type":"PropertyValueSpecification","valueRequired":true,"valueName":"search_term_string"}}],"inLanguage":"fr-FR"}]}},"_links":{"self":[{"href":"https:\/\/arches-papers.com\/fr\/wp-json\/wp\/v2\/pages\/13089","targetHints":{"allow":["GET"]}}],"collection":[{"href":"https:\/\/arches-papers.com\/fr\/wp-json\/wp\/v2\/pages"}],"about":[{"href":"https:\/\/arches-papers.com\/fr\/wp-json\/wp\/v2\/types\/page"}],"author":[{"embeddable":true,"href":"https:\/\/arches-papers.com\/fr\/wp-json\/wp\/v2\/users\/1"}],"replies":[{"embeddable":true,"href":"https:\/\/arches-papers.com\/fr\/wp-json\/wp\/v2\/comments?post=13089"}],"version-history":[{"count":1,"href":"https:\/\/arches-papers.com\/fr\/wp-json\/wp\/v2\/pages\/13089\/revisions"}],"predecessor-version":[{"id":55801,"href":"https:\/\/arches-papers.com\/fr\/wp-json\/wp\/v2\/pages\/13089\/revisions\/55801"}],"up":[{"embeddable":true,"href":"https:\/\/arches-papers.com\/fr\/wp-json\/wp\/v2\/pages\/70"}],"wp:featuredmedia":[{"embeddable":true,"href":"https:\/\/arches-papers.com\/fr\/wp-json\/wp\/v2\/media\/235"}],"wp:attachment":[{"href":"https:\/\/arches-papers.com\/fr\/wp-json\/wp\/v2\/media?parent=13089"}],"wp:term":[{"taxonomy":"post_tag","embeddable":true,"href":"https:\/\/arches-papers.com\/fr\/wp-json\/wp\/v2\/tags?post=13089"}],"curies":[{"name":"wp","href":"https:\/\/api.w.org\/{rel}","templated":true}]}}