{"id":14616,"date":"2019-11-27T13:57:05","date_gmt":"2019-11-27T12:57:05","guid":{"rendered":"https:\/\/www.arches-papers.com\/v2\/?page_id=14616"},"modified":"2024-10-23T14:02:54","modified_gmt":"2024-10-23T12:02:54","slug":"moulin-du-gue","status":"publish","type":"page","link":"https:\/\/arches-papers.com\/fr\/la-gamme-papiers-arches\/papiers-edition-art\/moulin-du-gue\/","title":{"rendered":"Moulin du Gu\u00e9<sup>\u00ae<\/sup>"},"content":{"rendered":"<div class=\"wpb-content-wrapper\"><p>[vc_row][vc_column][vc_empty_space height=&#8221;100px&#8221;][\/vc_column][\/vc_row][vc_row el_class=&#8221;line-right&#8221;][vc_column]<style>.ld_fancy_heading_6a01f9800660f h2 {padding-bottom:0px !important;  } .ld_fancy_heading_6a01f9800660f h2 {margin-bottom:0px !important;  } .ld_fancy_heading_6a01f9800660f .lqd-highlight-inner{height:0.275em;bottom:0px;}.ld_fancy_heading_6a01f9800660f h2 {padding-bottom:0px !important;  } .ld_fancy_heading_6a01f9800660f h2 {margin-bottom:0px !important;  } <\/style><div class=\"ld-fancy-heading text-right text-uppercase ld_fancy_heading_6a01f9800660f\">\n\t<h2 class=\"lqd-highlight-underline lqd-highlight-grow-left\" ><span class=\"ld-fh-txt\"> <span style=\"font-size: 70px\"><span style=\"font-size: 16px\">\u00c9labor\u00e9 \u00e0 partir de <\/span> <strong>lin<br \/>\net de coton <\/strong><\/span><\/span><\/h2><\/div>[vc_empty_space height=&#8221;50px&#8221;][\/vc_column][\/vc_row][vc_row equal_height=&#8221;yes&#8221; content_placement=&#8221;middle&#8221;][vc_column width=&#8221;2\/3&#8243; css=&#8221;.vc_custom_1585749800479{margin-top: 50px !important;}&#8221;][vc_single_image image=&#8221;14622&#8243; img_size=&#8221;large&#8221; css_animation=&#8221;fadeInLeft&#8221;][\/vc_column][vc_column width=&#8221;1\/3&#8243;]<style>.ld_fancy_heading_6a01f98006807 .lqd-highlight-inner{height:0.275em;bottom:0px;}<\/style><div class=\"ld-fancy-heading text-left ld_fancy_heading_6a01f98006807\">\n\t<h3 class=\"lqd-highlight-underline lqd-highlight-grow-left\" ><span class=\"ld-fh-txt\"> <span style=\"font-size: 21px\"><strong>Tr\u00e8s r\u00e9sistant, son \u00e9pair nuageux et son grain naturel lui donnent l&#8217;aspect d&#8217;un papier fait main !<\/strong><\/span><\/span><\/h3><\/div>[vc_column_text css_animation=&#8221;fadeInUp&#8221; el_class=&#8221;justify&#8221;]<strong>Fabriqu\u00e9 sur forme ronde (proc\u00e9d\u00e9 traditionnel)\u00a0:<\/strong> qualit\u00e9 proche du papier fabriqu\u00e9 de fa\u00e7on artisanale. La rotation lente du cylindre permet aux fibres de se d\u00e9poser r\u00e9guli\u00e8rement et de se r\u00e9partir dans toutes les directions sur la toile. Le papier est donc homog\u00e8ne et poss\u00e8de une bonne stabilit\u00e9 dimensionnelle. Seule la fabrication sur forme ronde permet d&#8217;obtenir des papiers \u00e0 bords frang\u00e9s.[\/vc_column_text][vc_empty_space height=&#8221;25px&#8221;][\/vc_column][\/vc_row][vc_row][vc_column]<style>.ld_spacer_6a01f98006903{height:150px;}<\/style>\n<div class=\"ld-empty-space ld_spacer_6a01f98006903\"><span class=\"liquid_empty_space_inner\"><\/span><\/div>[\/vc_column][\/vc_row][vc_row el_class=&#8221;line-left&#8221;][vc_column]<style>.ld_fancy_heading_6a01f980069ba h1 {padding-bottom:0px !important;  } .ld_fancy_heading_6a01f980069ba h1 {margin-bottom:0px !important;  } .ld_fancy_heading_6a01f980069ba .lqd-highlight-inner{height:0.275em;bottom:0px;}.ld_fancy_heading_6a01f980069ba h1 {padding-bottom:0px !important;  } .ld_fancy_heading_6a01f980069ba h1 {margin-bottom:0px !important;  } <\/style><div class=\"ld-fancy-heading text-left text-uppercase ld_fancy_heading_6a01f980069ba\">\n\t<h1 class=\"lqd-highlight-underline lqd-highlight-grow-left\" ><span class=\"ld-fh-txt\"> PROPRI\u00c9T\u00c9S<\/span><\/h1><\/div>[\/vc_column][\/vc_row][vc_row][vc_column]<style>.ld_spacer_6a01f98006a72{height:150px;}<\/style>\n<div class=\"ld-empty-space ld_spacer_6a01f98006a72\"><span class=\"liquid_empty_space_inner\"><\/span><\/div>[\/vc_column][\/vc_row][vc_row gap=&#8221;35&#8243; enable_content_animation=&#8221;yes&#8221; animation_preset=&#8221;Fade In Up&#8221;][vc_column width=&#8221;1\/3&#8243;][vc_column_text css_animation=&#8221;bounceInUp&#8221;]<\/p>\n<h3 style=\"text-align: center;\">Utilisation<\/h3>\n<p style=\"text-align: center;\">Taille-douce, gravure en relief, linogravure, lithographie, s\u00e9rigraphie, typographie, embossage \u00e0 chaud, gaufrage, dorure<\/p>\n<p>[\/vc_column_text][\/vc_column][vc_column width=&#8221;1\/3&#8243;][vc_column_text css_animation=&#8221;bounceInUp&#8221;]<\/p>\n<h3 style=\"text-align: center;\">Formats<\/h3>\n<p style=\"text-align: center;\">Feuilles, rouleau<\/p>\n<p>[\/vc_column_text][\/vc_column][vc_column width=&#8221;1\/3&#8243;][vc_column_text css_animation=&#8221;bounceInUp&#8221;]<\/p>\n<h3 style=\"text-align: center;\">85% coton \/ 15% lin<\/h3>\n<p style=\"text-align: center;\">Mati\u00e8re premi\u00e8re utilis\u00e9e dans la fabrication du papier depuis son d\u00e9veloppement en Europe, le lin est une plante annuelle dont les fibres sont tr\u00e8s longues et peuvent se travailler longtemps, ce qui conf\u00e8re au papier une grande r\u00e9sistance et \u00e9lasticit\u00e9.<\/p>\n<p>[\/vc_column_text][\/vc_column][\/vc_row][vc_row][vc_column][vc_empty_space][\/vc_column][\/vc_row][vc_row gap=&#8221;35&#8243; enable_content_animation=&#8221;yes&#8221; animation_preset=&#8221;Fade In Up&#8221;][vc_column width=&#8221;1\/3&#8243;][vc_column_text css_animation=&#8221;bounceInUp&#8221; el_class=&#8221;justify&#8221;]<\/p>\n<h3 style=\"text-align: center;\">Texture<\/h3>\n<p style=\"text-align: center;\">Grain naturel, \u00e9pair nuageux.<\/p>\n<p>[\/vc_column_text][\/vc_column][vc_column width=&#8221;1\/3&#8243;][vc_column_text css_animation=&#8221;bounceInUp&#8221; el_class=&#8221;justify&#8221;]<\/p>\n<h3 style=\"text-align: center;\">270, 300 g\/m\u00b2<\/h3>\n<p style=\"text-align: center;\">Main tr\u00e8s \u00e9lev\u00e9e, excellent pour le gaufrage.<\/p>\n<p>[\/vc_column_text][\/vc_column][vc_column width=&#8221;1\/3&#8243;][vc_column_text css_animation=&#8221;bounceInUp&#8221; el_class=&#8221;justify&#8221;]<\/p>\n<h3 style=\"text-align: center;\">Formulation sp\u00e9ciale<\/h3>\n<p style=\"text-align: center;\">Moulin du Gu\u00e9\u00ae poss\u00e8de un \u00e9pair tr\u00e8s sp\u00e9cifique et unique dans la gamme des papiers ARCHES\u00ae par son rendu in\u00e9gal qui lui donne un aspect tr\u00e8s \u00ab artisanal \u00bb.<\/p>\n<p>[\/vc_column_text][\/vc_column][\/vc_row][vc_row][vc_column][vc_empty_space][\/vc_column][\/vc_row][vc_row enable_content_animation=&#8221;yes&#8221; animation_preset=&#8221;Fade In Up&#8221;][vc_column width=&#8221;1\/3&#8243;][vc_column_text css_animation=&#8221;bounceInUp&#8221;]<\/p>\n<h3 style=\"text-align: center;\">Couleur<\/h3>\n<p style=\"text-align: center;\">Blanc.<\/p>\n<p>[\/vc_column_text][\/vc_column][vc_column width=&#8221;1\/3&#8243;][vc_column_text css_animation=&#8221;bounceInUp&#8221;]<\/p>\n<h3 style=\"text-align: center;\">Feuille : Authenticit\u00e9 et prestige<\/h3>\n<p style=\"text-align: center;\">Bords frang\u00e9s<\/p>\n<p style=\"text-align: center;\">Filigrane<br \/>\n<img decoding=\"async\" class=\"alignnone wp-image-14618 size-medium\" src=\"https:\/\/arches-papers.com\/wp-content\/uploads\/2019\/11\/filigrane-moulin-du-gue-320x36-300x34.png\" alt=\"\" width=\"300\" height=\"34\" srcset=\"https:\/\/arches-papers.com\/wp-content\/uploads\/2019\/11\/filigrane-moulin-du-gue-320x36-300x34.png 300w, https:\/\/arches-papers.com\/wp-content\/uploads\/2019\/11\/filigrane-moulin-du-gue-320x36.png 320w\" sizes=\"(max-width: 300px) 100vw, 300px\" \/><\/p>\n<p>[\/vc_column_text][\/vc_column][vc_column width=&#8221;1\/3&#8243;][vc_column_text css_animation=&#8221;bounceInUp&#8221;]<\/p>\n<h3 style=\"text-align: center;\">Conservation<\/h3>\n<p style=\"text-align: center;\">Avec r\u00e9serve alcaline, sans acide ni azurants optiques (permanent conform\u00e9ment \u00e0 la norme ISO 9706)<\/p>\n<p>[\/vc_column_text][\/vc_column][\/vc_row][vc_row][vc_column][vc_empty_space][\/vc_column][\/vc_row][vc_row el_class=&#8221;line-left&#8221;][vc_column]<style>.ld_fancy_heading_6a01f98006b0f h1 {padding-bottom:0px !important;  } .ld_fancy_heading_6a01f98006b0f h1 {margin-bottom:0px !important;  } .ld_fancy_heading_6a01f98006b0f .lqd-highlight-inner{height:0.275em;bottom:0px;}.ld_fancy_heading_6a01f98006b0f h1 {padding-bottom:0px !important;  } .ld_fancy_heading_6a01f98006b0f h1 {margin-bottom:0px !important;  } <\/style><div class=\"ld-fancy-heading text-left text-uppercase ld_fancy_heading_6a01f98006b0f\">\n\t<\/div>[\/vc_column][\/vc_row][vc_row][vc_column]<style>.ld_spacer_6a01f98006bad{height:50px;}<\/style>\n<div class=\"ld-empty-space ld_spacer_6a01f98006bad\"><span class=\"liquid_empty_space_inner\"><\/span><\/div>[vc_column_text]<img decoding=\"async\" class=\"alignleft\" src=\"https:\/\/arches-papers.com\/wp-content\/uploads\/2020\/02\/puce-info.png\" width=\"27\" height=\"27\" \/>Le papier Moulin du Gu\u00e9\u00ae est d\u00e9sormais disponible sur commande sp\u00e9ciale. Merci de v\u00e9rifier les modalit\u00e9s aupr\u00e8s de votre contact local.[\/vc_column_text]<style>.ld_spacer_6a01f98006bfa{height:50px;}<\/style>\n<div class=\"ld-empty-space ld_spacer_6a01f98006bfa\"><span class=\"liquid_empty_space_inner\"><\/span><\/div>[\/vc_column][\/vc_row]<\/p>\n<\/div>","protected":false},"excerpt":{"rendered":"[vc_row][vc_column][vc_empty_space height=&#8221;100px&#8221;][\/vc_column][\/vc_row][vc_row el_class=&#8221;line-right&#8221;][vc_column][vc_empty_space height=&#8221;50px&#8221;][\/vc_column][\/vc_row][vc_row equal_height=&#8221;yes&#8221; content_placement=&#8221;middle&#8221;][vc_column width=&#8221;2\/3&#8243; css=&#8221;.vc_custom_1585749800479{margin-top: 50px !important;}&#8221;][vc_single_image image=&#8221;14622&#8243; img_size=&#8221;large&#8221; css_animation=&#8221;fadeInLeft&#8221;][\/vc_column][vc_column width=&#8221;1\/3&#8243;][vc_column_text css_animation=&#8221;fadeInUp&#8221;&#8230;","protected":false},"author":4,"featured_media":14622,"parent":13105,"menu_order":7,"comment_status":"closed","ping_status":"closed","template":"","meta":{"footnotes":""},"tags":[],"class_list":["post-14616","page","type-page","status-publish","has-post-thumbnail","hentry"],"yoast_head":"<!-- This site is optimized with the Yoast SEO plugin v27.1.1 - https:\/\/yoast.com\/product\/yoast-seo-wordpress\/ -->\n<title>Moulin du Gu\u00e9, un papier tr\u00e8s r\u00e9sistant \u00e9labor\u00e9 \u00e0 partir de\u00a0lin et de coton<\/title>\n<meta name=\"description\" content=\"\u00c9labor\u00e9 \u00e0 partir de\u00a0lin et de coton, le papier Moulin du Gu\u00e9 est tr\u00e8s r\u00e9sistant, son grain naturel lui donnent l\u2019aspect d\u2019un papier fait main.\" \/>\n<meta name=\"robots\" content=\"index, follow, max-snippet:-1, max-image-preview:large, max-video-preview:-1\" \/>\n<link rel=\"canonical\" href=\"https:\/\/arches-papers.com\/fr\/la-gamme-papiers-arches\/papiers-edition-art\/moulin-du-gue\/\" \/>\n<meta property=\"og:locale\" content=\"fr_FR\" \/>\n<meta property=\"og:type\" content=\"article\" \/>\n<meta property=\"og:title\" content=\"Moulin du Gu\u00e9, un papier tr\u00e8s r\u00e9sistant \u00e9labor\u00e9 \u00e0 partir de\u00a0lin et de coton\" \/>\n<meta property=\"og:description\" content=\"\u00c9labor\u00e9 \u00e0 partir de\u00a0lin et de coton, le papier Moulin du Gu\u00e9 est tr\u00e8s r\u00e9sistant, son grain naturel lui donnent l\u2019aspect d\u2019un papier fait main.\" \/>\n<meta property=\"og:url\" content=\"https:\/\/arches-papers.com\/fr\/la-gamme-papiers-arches\/papiers-edition-art\/moulin-du-gue\/\" \/>\n<meta property=\"og:site_name\" content=\"Arches Papers\" \/>\n<meta property=\"article:modified_time\" content=\"2024-10-23T12:02:54+00:00\" \/>\n<meta property=\"og:image\" content=\"https:\/\/arches-papers.com\/wp-content\/uploads\/2019\/11\/arches-moulin-du-gue.jpg\" \/>\n\t<meta property=\"og:image:width\" content=\"1680\" \/>\n\t<meta property=\"og:image:height\" content=\"1200\" \/>\n\t<meta property=\"og:image:type\" content=\"image\/jpeg\" \/>\n<meta name=\"twitter:card\" content=\"summary_large_image\" \/>\n<meta name=\"twitter:label1\" content=\"Dur\u00e9e de lecture estim\u00e9e\" \/>\n\t<meta name=\"twitter:data1\" content=\"3 minutes\" \/>\n<script type=\"application\/ld+json\" class=\"yoast-schema-graph\">{\"@context\":\"https:\/\/schema.org\",\"@graph\":[{\"@type\":\"WebPage\",\"@id\":\"https:\/\/arches-papers.com\/fr\/la-gamme-papiers-arches\/papiers-edition-art\/moulin-du-gue\/\",\"url\":\"https:\/\/arches-papers.com\/fr\/la-gamme-papiers-arches\/papiers-edition-art\/moulin-du-gue\/\",\"name\":\"Moulin du Gu\u00e9, un papier tr\u00e8s r\u00e9sistant \u00e9labor\u00e9 \u00e0 partir de\u00a0lin et de coton\",\"isPartOf\":{\"@id\":\"https:\/\/arches-papers.com\/fr\/#website\"},\"primaryImageOfPage\":{\"@id\":\"https:\/\/arches-papers.com\/fr\/la-gamme-papiers-arches\/papiers-edition-art\/moulin-du-gue\/#primaryimage\"},\"image\":{\"@id\":\"https:\/\/arches-papers.com\/fr\/la-gamme-papiers-arches\/papiers-edition-art\/moulin-du-gue\/#primaryimage\"},\"thumbnailUrl\":\"https:\/\/arches-papers.com\/wp-content\/uploads\/2019\/11\/arches-moulin-du-gue.jpg\",\"datePublished\":\"2019-11-27T12:57:05+00:00\",\"dateModified\":\"2024-10-23T12:02:54+00:00\",\"description\":\"\u00c9labor\u00e9 \u00e0 partir de\u00a0lin et de coton, le papier Moulin du Gu\u00e9 est tr\u00e8s r\u00e9sistant, son grain naturel lui donnent l\u2019aspect d\u2019un papier fait main.\",\"breadcrumb\":{\"@id\":\"https:\/\/arches-papers.com\/fr\/la-gamme-papiers-arches\/papiers-edition-art\/moulin-du-gue\/#breadcrumb\"},\"inLanguage\":\"fr-FR\",\"potentialAction\":[{\"@type\":\"ReadAction\",\"target\":[\"https:\/\/arches-papers.com\/fr\/la-gamme-papiers-arches\/papiers-edition-art\/moulin-du-gue\/\"]}]},{\"@type\":\"ImageObject\",\"inLanguage\":\"fr-FR\",\"@id\":\"https:\/\/arches-papers.com\/fr\/la-gamme-papiers-arches\/papiers-edition-art\/moulin-du-gue\/#primaryimage\",\"url\":\"https:\/\/arches-papers.com\/wp-content\/uploads\/2019\/11\/arches-moulin-du-gue.jpg\",\"contentUrl\":\"https:\/\/arches-papers.com\/wp-content\/uploads\/2019\/11\/arches-moulin-du-gue.jpg\",\"width\":1680,\"height\":1200,\"caption\":\"Papier ARCHES moulin du Gu\u00e9\"},{\"@type\":\"BreadcrumbList\",\"@id\":\"https:\/\/arches-papers.com\/fr\/la-gamme-papiers-arches\/papiers-edition-art\/moulin-du-gue\/#breadcrumb\",\"itemListElement\":[{\"@type\":\"ListItem\",\"position\":1,\"name\":\"Accueil\",\"item\":\"https:\/\/arches-papers.com\/fr\/\"},{\"@type\":\"ListItem\",\"position\":2,\"name\":\"LA GAMME PAPIERS ARCHES\u00ae\",\"item\":\"https:\/\/arches-papers.com\/fr\/la-gamme-papiers-arches\/\"},{\"@type\":\"ListItem\",\"position\":3,\"name\":\"\u00c9dition d&#8217;art\",\"item\":\"https:\/\/arches-papers.com\/fr\/arches-range-of-papers\/art-publishing\/\"},{\"@type\":\"ListItem\",\"position\":4,\"name\":\"Moulin du Gu\u00e9\u00ae\"}]},{\"@type\":\"WebSite\",\"@id\":\"https:\/\/arches-papers.com\/fr\/#website\",\"url\":\"https:\/\/arches-papers.com\/fr\/\",\"name\":\"Arches Papers\",\"description\":\"Fabricant de papier\",\"potentialAction\":[{\"@type\":\"SearchAction\",\"target\":{\"@type\":\"EntryPoint\",\"urlTemplate\":\"https:\/\/arches-papers.com\/fr\/?s={search_term_string}\"},\"query-input\":{\"@type\":\"PropertyValueSpecification\",\"valueRequired\":true,\"valueName\":\"search_term_string\"}}],\"inLanguage\":\"fr-FR\"}]}<\/script>\n<!-- \/ Yoast SEO plugin. -->","yoast_head_json":{"title":"Moulin du Gu\u00e9, un papier tr\u00e8s r\u00e9sistant \u00e9labor\u00e9 \u00e0 partir de\u00a0lin et de coton","description":"\u00c9labor\u00e9 \u00e0 partir de\u00a0lin et de coton, le papier Moulin du Gu\u00e9 est tr\u00e8s r\u00e9sistant, son grain naturel lui donnent l\u2019aspect d\u2019un papier fait main.","robots":{"index":"index","follow":"follow","max-snippet":"max-snippet:-1","max-image-preview":"max-image-preview:large","max-video-preview":"max-video-preview:-1"},"canonical":"https:\/\/arches-papers.com\/fr\/la-gamme-papiers-arches\/papiers-edition-art\/moulin-du-gue\/","og_locale":"fr_FR","og_type":"article","og_title":"Moulin du Gu\u00e9, un papier tr\u00e8s r\u00e9sistant \u00e9labor\u00e9 \u00e0 partir de\u00a0lin et de coton","og_description":"\u00c9labor\u00e9 \u00e0 partir de\u00a0lin et de coton, le papier Moulin du Gu\u00e9 est tr\u00e8s r\u00e9sistant, son grain naturel lui donnent l\u2019aspect d\u2019un papier fait main.","og_url":"https:\/\/arches-papers.com\/fr\/la-gamme-papiers-arches\/papiers-edition-art\/moulin-du-gue\/","og_site_name":"Arches Papers","article_modified_time":"2024-10-23T12:02:54+00:00","og_image":[{"width":1680,"height":1200,"url":"https:\/\/arches-papers.com\/wp-content\/uploads\/2019\/11\/arches-moulin-du-gue.jpg","type":"image\/jpeg"}],"twitter_card":"summary_large_image","twitter_misc":{"Dur\u00e9e de lecture estim\u00e9e":"3 minutes"},"schema":{"@context":"https:\/\/schema.org","@graph":[{"@type":"WebPage","@id":"https:\/\/arches-papers.com\/fr\/la-gamme-papiers-arches\/papiers-edition-art\/moulin-du-gue\/","url":"https:\/\/arches-papers.com\/fr\/la-gamme-papiers-arches\/papiers-edition-art\/moulin-du-gue\/","name":"Moulin du Gu\u00e9, un papier tr\u00e8s r\u00e9sistant \u00e9labor\u00e9 \u00e0 partir de\u00a0lin et de coton","isPartOf":{"@id":"https:\/\/arches-papers.com\/fr\/#website"},"primaryImageOfPage":{"@id":"https:\/\/arches-papers.com\/fr\/la-gamme-papiers-arches\/papiers-edition-art\/moulin-du-gue\/#primaryimage"},"image":{"@id":"https:\/\/arches-papers.com\/fr\/la-gamme-papiers-arches\/papiers-edition-art\/moulin-du-gue\/#primaryimage"},"thumbnailUrl":"https:\/\/arches-papers.com\/wp-content\/uploads\/2019\/11\/arches-moulin-du-gue.jpg","datePublished":"2019-11-27T12:57:05+00:00","dateModified":"2024-10-23T12:02:54+00:00","description":"\u00c9labor\u00e9 \u00e0 partir de\u00a0lin et de coton, le papier Moulin du Gu\u00e9 est tr\u00e8s r\u00e9sistant, son grain naturel lui donnent l\u2019aspect d\u2019un papier fait main.","breadcrumb":{"@id":"https:\/\/arches-papers.com\/fr\/la-gamme-papiers-arches\/papiers-edition-art\/moulin-du-gue\/#breadcrumb"},"inLanguage":"fr-FR","potentialAction":[{"@type":"ReadAction","target":["https:\/\/arches-papers.com\/fr\/la-gamme-papiers-arches\/papiers-edition-art\/moulin-du-gue\/"]}]},{"@type":"ImageObject","inLanguage":"fr-FR","@id":"https:\/\/arches-papers.com\/fr\/la-gamme-papiers-arches\/papiers-edition-art\/moulin-du-gue\/#primaryimage","url":"https:\/\/arches-papers.com\/wp-content\/uploads\/2019\/11\/arches-moulin-du-gue.jpg","contentUrl":"https:\/\/arches-papers.com\/wp-content\/uploads\/2019\/11\/arches-moulin-du-gue.jpg","width":1680,"height":1200,"caption":"Papier ARCHES moulin du Gu\u00e9"},{"@type":"BreadcrumbList","@id":"https:\/\/arches-papers.com\/fr\/la-gamme-papiers-arches\/papiers-edition-art\/moulin-du-gue\/#breadcrumb","itemListElement":[{"@type":"ListItem","position":1,"name":"Accueil","item":"https:\/\/arches-papers.com\/fr\/"},{"@type":"ListItem","position":2,"name":"LA GAMME PAPIERS ARCHES\u00ae","item":"https:\/\/arches-papers.com\/fr\/la-gamme-papiers-arches\/"},{"@type":"ListItem","position":3,"name":"\u00c9dition d&#8217;art","item":"https:\/\/arches-papers.com\/fr\/arches-range-of-papers\/art-publishing\/"},{"@type":"ListItem","position":4,"name":"Moulin du Gu\u00e9\u00ae"}]},{"@type":"WebSite","@id":"https:\/\/arches-papers.com\/fr\/#website","url":"https:\/\/arches-papers.com\/fr\/","name":"Arches Papers","description":"Fabricant de papier","potentialAction":[{"@type":"SearchAction","target":{"@type":"EntryPoint","urlTemplate":"https:\/\/arches-papers.com\/fr\/?s={search_term_string}"},"query-input":{"@type":"PropertyValueSpecification","valueRequired":true,"valueName":"search_term_string"}}],"inLanguage":"fr-FR"}]}},"_links":{"self":[{"href":"https:\/\/arches-papers.com\/fr\/wp-json\/wp\/v2\/pages\/14616","targetHints":{"allow":["GET"]}}],"collection":[{"href":"https:\/\/arches-papers.com\/fr\/wp-json\/wp\/v2\/pages"}],"about":[{"href":"https:\/\/arches-papers.com\/fr\/wp-json\/wp\/v2\/types\/page"}],"author":[{"embeddable":true,"href":"https:\/\/arches-papers.com\/fr\/wp-json\/wp\/v2\/users\/4"}],"replies":[{"embeddable":true,"href":"https:\/\/arches-papers.com\/fr\/wp-json\/wp\/v2\/comments?post=14616"}],"version-history":[{"count":0,"href":"https:\/\/arches-papers.com\/fr\/wp-json\/wp\/v2\/pages\/14616\/revisions"}],"up":[{"embeddable":true,"href":"https:\/\/arches-papers.com\/fr\/wp-json\/wp\/v2\/pages\/13105"}],"wp:featuredmedia":[{"embeddable":true,"href":"https:\/\/arches-papers.com\/fr\/wp-json\/wp\/v2\/media\/14622"}],"wp:attachment":[{"href":"https:\/\/arches-papers.com\/fr\/wp-json\/wp\/v2\/media?parent=14616"}],"wp:term":[{"taxonomy":"post_tag","embeddable":true,"href":"https:\/\/arches-papers.com\/fr\/wp-json\/wp\/v2\/tags?post=14616"}],"curies":[{"name":"wp","href":"https:\/\/api.w.org\/{rel}","templated":true}]}}