{"id":14903,"date":"2020-01-16T10:28:06","date_gmt":"2020-01-16T09:28:06","guid":{"rendered":"https:\/\/www.arches-papers.com\/v2\/?page_id=14903"},"modified":"2024-01-26T16:02:35","modified_gmt":"2024-01-26T15:02:35","slug":"arches-lavis-fidelis-en-tout-cas","status":"publish","type":"page","link":"https:\/\/arches-papers.com\/fr\/la-gamme-papiers-arches\/papier-dessin-arches\/arches-lavis-fidelis-en-tout-cas\/","title":{"rendered":"ARCHES<sup>\u00ae<\/sup> Lavis Fidelis \/ En-Tout-Cas"},"content":{"rendered":"<div class=\"wpb-content-wrapper\"><p>[vc_row][vc_column][vc_empty_space height=&#8221;100&#8243;][\/vc_column][\/vc_row][vc_row el_class=&#8221;line-right&#8221;][vc_column]<style>.ld_fancy_heading_6a01552ae2989 h3 {padding-bottom:0px !important;  } .ld_fancy_heading_6a01552ae2989 h3 {margin-bottom:0px !important;  } .ld_fancy_heading_6a01552ae2989 .lqd-highlight-inner{height:0.275em;bottom:0px;}.ld_fancy_heading_6a01552ae2989 h3 {padding-bottom:0px !important;  } .ld_fancy_heading_6a01552ae2989 h3 {margin-bottom:0px !important;  } <\/style><div class=\"ld-fancy-heading text-right text-uppercase ld_fancy_heading_6a01552ae2989\">\n\t<h3 class=\"lqd-highlight-underline lqd-highlight-grow-left\" ><span class=\"ld-fh-txt\"> <span style=\"font-size: 70px\">ARCHES\u00ae Lavis Fidelis<\/span><\/p>\n<p>a une <span style=\"font-size: 70px\">particularit\u00e9 :<br \/>\n<\/span><\/span><\/h3><\/div><style>.ld_fancy_heading_6a01552ae2c3c h3 {padding-bottom:0px !important;  } .ld_fancy_heading_6a01552ae2c3c h3 {margin-bottom:0px !important;  } .ld_fancy_heading_6a01552ae2c3c .lqd-highlight-inner{height:0.275em;bottom:0px;}.ld_fancy_heading_6a01552ae2c3c h3 {padding-bottom:0px !important;  } .ld_fancy_heading_6a01552ae2c3c h3 {margin-bottom:0px !important;  } <\/style><div class=\"ld-fancy-heading text-right text-uppercase ld_fancy_heading_6a01552ae2c3c\">\n\t<h3 class=\"lqd-highlight-underline lqd-highlight-grow-left\" ><span class=\"ld-fh-txt\"> il offre deux faces diff\u00e9rentes, un grain fin pour l\u2019aquarelle et un grain satin\u00e9 pour le dessin !<\/span><\/h3><\/div>[vc_empty_space height=&#8221;50px&#8221;][\/vc_column][\/vc_row][vc_row equal_height=&#8221;yes&#8221; content_placement=&#8221;middle&#8221; css=&#8221;.vc_custom_1585672331979{margin-top: 100px !important;}&#8221;][vc_column width=&#8221;2\/3&#8243; css=&#8221;.vc_custom_1585672345716{margin-top: 50px !important;}&#8221;][vc_single_image image=&#8221;14923&#8243; img_size=&#8221;large&#8221; css_animation=&#8221;fadeInLeft&#8221;][\/vc_column][vc_column width=&#8221;1\/3&#8243;][vc_empty_space height=&#8221;70px&#8221;][vc_column_text css_animation=&#8221;fadeInUp&#8221; el_class=&#8221;justify&#8221;]<strong>ARCHES\u00ae Lavis Fidelis est fabriqu\u00e9 sur forme ronde (proc\u00e9d\u00e9 traditionnel) :<\/strong> qualit\u00e9 proche du papier fabriqu\u00e9 de fa\u00e7on artisanale. La rotation lente du cylindre permet aux fibres de se d\u00e9poser r\u00e9guli\u00e8rement et de se r\u00e9partir dans toutes les directions sur la toile. Le papier est donc homog\u00e8ne, sa surface est plus plane et plus stable \u00e0 l&#8217;\u00e9tat humide, offrant un meilleur contr\u00f4le \u00e0 l&#8217;artiste. Seule la fabrication sur forme ronde permet d&#8217;obtenir des papiers \u00e0 bords frang\u00e9s.[\/vc_column_text][vc_empty_space height=&#8221;55px&#8221;][\/vc_column][\/vc_row][vc_row][vc_column]<style>.ld_spacer_6a01552ae2d9e{height:150px;}<\/style>\n<div class=\"ld-empty-space ld_spacer_6a01552ae2d9e\"><span class=\"liquid_empty_space_inner\"><\/span><\/div>[\/vc_column][\/vc_row][vc_row el_class=&#8221;line-left&#8221;][vc_column]<style>.ld_fancy_heading_6a01552ae2f11 h1 {padding-bottom:0px !important;  } .ld_fancy_heading_6a01552ae2f11 h1 {margin-bottom:0px !important;  } .ld_fancy_heading_6a01552ae2f11 .lqd-highlight-inner{height:0.275em;bottom:0px;}.ld_fancy_heading_6a01552ae2f11 h1 {padding-bottom:0px !important;  } .ld_fancy_heading_6a01552ae2f11 h1 {margin-bottom:0px !important;  } <\/style><div class=\"ld-fancy-heading text-left text-uppercase ld_fancy_heading_6a01552ae2f11\">\n\t<h1 class=\"lqd-highlight-underline lqd-highlight-grow-left\" ><span class=\"ld-fh-txt\"> PROPRI\u00c9T\u00c9S<\/span><\/h1><\/div>[\/vc_column][\/vc_row][vc_row][vc_column]<style>.ld_spacer_6a01552ae301c{height:150px;}<\/style>\n<div class=\"ld-empty-space ld_spacer_6a01552ae301c\"><span class=\"liquid_empty_space_inner\"><\/span><\/div>[\/vc_column][\/vc_row][vc_row gap=&#8221;35&#8243; enable_content_animation=&#8221;yes&#8221; animation_preset=&#8221;Fade In Up&#8221;][vc_column width=&#8221;1\/3&#8243;][vc_column_text css_animation=&#8221;bounceInUp&#8221;]<\/p>\n<h3 style=\"text-align: center;\">Utilisation<\/h3>\n<p style=\"text-align: center;\">Aquarelle, gouache, encre, dessin.<\/p>\n<p>[\/vc_column_text][\/vc_column][vc_column width=&#8221;1\/3&#8243;][vc_column_text css_animation=&#8221;bounceInUp&#8221;]<\/p>\n<h3 style=\"text-align: center;\">Formats<\/h3>\n<p style=\"text-align: center;\">Feuilles, rouleaux.<\/p>\n<p>[\/vc_column_text][\/vc_column][vc_column width=&#8221;1\/3&#8243;][vc_column_text css_animation=&#8221;bounceInUp&#8221;]<\/p>\n<h3 style=\"text-align: center;\">25% coton<\/h3>\n<p style=\"text-align: center;\">Plaisir d&#8217;utiliser un mat\u00e9riau doux et souple.<\/p>\n<p>[\/vc_column_text][\/vc_column][\/vc_row][vc_row][vc_column][vc_empty_space][\/vc_column][\/vc_row][vc_row gap=&#8221;35&#8243; enable_content_animation=&#8221;yes&#8221; animation_preset=&#8221;Fade In Up&#8221;][vc_column width=&#8221;1\/3&#8243;][vc_column_text css_animation=&#8221;bounceInUp&#8221; el_class=&#8221;justify&#8221;]<\/p>\n<h3 style=\"text-align: center;\">Texture<\/h3>\n<p style=\"text-align: center;\">Une particularit\u00e9 : il offre deux faces diff\u00e9rentes, un grain fin recto pour l\u2019aquarelle et un grain satin\u00e9 verso pour le dessin.<\/p>\n<p>[\/vc_column_text][\/vc_column][vc_column width=&#8221;1\/3&#8243;][vc_column_text css_animation=&#8221;bounceInUp&#8221; el_class=&#8221;justify&#8221;]<\/p>\n<h3 style=\"text-align: center;\">220 g\/m\u00b2<\/h3>\n<p style=\"text-align: center;\">R\u00e9sistant et l\u00e9ger \u00e0 la fois. Poss\u00e8de une bonne main. Id\u00e9al pour exprimer sa cr\u00e9ativit\u00e9.<\/p>\n<p>[\/vc_column_text][\/vc_column][vc_column width=&#8221;1\/3&#8243;][vc_column_text css_animation=&#8221;bounceInUp&#8221; el_class=&#8221;justify&#8221;]<\/p>\n<h3 style=\"text-align: center;\">Formulation sp\u00e9ciale<\/h3>\n<p style=\"text-align: center;\">Collage \u00e0 la g\u00e9latine : il offre une excellente r\u00e9sistance m\u00e9canique et emp\u00eache la p\u00e9n\u00e9tration des pigments.<\/p>\n<p>[\/vc_column_text][\/vc_column][\/vc_row][vc_row][vc_column][vc_empty_space][\/vc_column][\/vc_row][vc_row enable_content_animation=&#8221;yes&#8221; animation_preset=&#8221;Fade In Up&#8221;][vc_column width=&#8221;1\/3&#8243;][vc_column_text css_animation=&#8221;bounceInUp&#8221;]<\/p>\n<h3 style=\"text-align: center;\">Couleur<\/h3>\n<p style=\"text-align: center;\">Blanc<\/p>\n<p>[\/vc_column_text][\/vc_column][vc_column width=&#8221;1\/3&#8243;][vc_column_text css_animation=&#8221;bounceInUp&#8221;]<\/p>\n<h3 style=\"text-align: center;\">Feuille : Authenticit\u00e9 et prestige<\/h3>\n<p style=\"text-align: center;\">Filigrane<\/p>\n<p style=\"text-align: center;\"><img decoding=\"async\" class=\"alignnone wp-image-14904 size-medium\" src=\"https:\/\/arches-papers.com\/wp-content\/uploads\/2020\/01\/arches-filigrane-lavis-fide-320x119-300x112.png\" alt=\"\" width=\"300\" height=\"112\" srcset=\"https:\/\/arches-papers.com\/wp-content\/uploads\/2020\/01\/arches-filigrane-lavis-fide-320x119-300x112.png 300w, https:\/\/arches-papers.com\/wp-content\/uploads\/2020\/01\/arches-filigrane-lavis-fide-320x119.png 320w\" sizes=\"(max-width: 300px) 100vw, 300px\" \/><\/p>\n<p>[\/vc_column_text][\/vc_column][vc_column width=&#8221;1\/3&#8243;][vc_column_text css_animation=&#8221;bounceInUp&#8221;]<\/p>\n<h3 style=\"text-align: center;\">Conservation<\/h3>\n<p style=\"text-align: center;\">Avec r\u00e9serve alcaline, sans acide ni azurants optiques (permanent conform\u00e9ment \u00e0 la norme ISO 9706).<\/p>\n<p>[\/vc_column_text][\/vc_column][\/vc_row][vc_row el_class=&#8221;line-left&#8221;][vc_column]<style>.ld_fancy_heading_6a01552ae3132 h1 {padding-bottom:0px !important;  } .ld_fancy_heading_6a01552ae3132 h1 {margin-bottom:0px !important;  } .ld_fancy_heading_6a01552ae3132 .lqd-highlight-inner{height:0.275em;bottom:0px;}.ld_fancy_heading_6a01552ae3132 h1 {padding-bottom:0px !important;  } .ld_fancy_heading_6a01552ae3132 h1 {margin-bottom:0px !important;  } <\/style><div class=\"ld-fancy-heading text-left text-uppercase ld_fancy_heading_6a01552ae3132\">\n\t<\/div>[\/vc_column][\/vc_row][vc_row][vc_column]<style>.ld_spacer_6a01552ae31f2{height:50px;}<\/style>\n<div class=\"ld-empty-space ld_spacer_6a01552ae31f2\"><span class=\"liquid_empty_space_inner\"><\/span><\/div>[vc_column_text]<img decoding=\"async\" class=\"alignleft\" src=\"https:\/\/arches-papers.com\/wp-content\/uploads\/2020\/02\/puce-info.png\" width=\"24\" height=\"24\" \/>Le papier ARCHES\u00ae Lavis Fid\u00e9lis est d\u00e9sormais disponible sur commande sp\u00e9ciale. Merci de v\u00e9rifier les modalit\u00e9s aupr\u00e8s de votre contact local.[\/vc_column_text]<style>.ld_spacer_6a01552ae3241{height:50px;}<\/style>\n<div class=\"ld-empty-space ld_spacer_6a01552ae3241\"><span class=\"liquid_empty_space_inner\"><\/span><\/div>[\/vc_column][\/vc_row]<\/p>\n<\/div>","protected":false},"excerpt":{"rendered":"[vc_row][vc_column][vc_empty_space height=&#8221;100&#8243;][\/vc_column][\/vc_row][vc_row el_class=&#8221;line-right&#8221;][vc_column][vc_empty_space height=&#8221;50px&#8221;][\/vc_column][\/vc_row][vc_row equal_height=&#8221;yes&#8221; content_placement=&#8221;middle&#8221; css=&#8221;.vc_custom_1585672331979{margin-top: 100px !important;}&#8221;][vc_column width=&#8221;2\/3&#8243; css=&#8221;.vc_custom_1585672345716{margin-top: 50px !important;}&#8221;][vc_single_image image=&#8221;14923&#8243; img_size=&#8221;large&#8221;&#8230;","protected":false},"author":4,"featured_media":14923,"parent":82,"menu_order":0,"comment_status":"closed","ping_status":"closed","template":"","meta":{"footnotes":""},"tags":[],"class_list":["post-14903","page","type-page","status-publish","has-post-thumbnail","hentry"],"yoast_head":"<!-- This site is optimized with the Yoast SEO plugin v27.1.1 - https:\/\/yoast.com\/product\/yoast-seo-wordpress\/ -->\n<title>ARCHES Lavis Fid\u00e9lis, le papier afdapt\u00e9 pour l\u2019aquarelle et le dessin.<\/title>\n<meta name=\"description\" content=\"Le papier ARCHES Lavis Fid\u00e9lis ou \u00ab\u00a0En tout cas\u00a0\u00bb poss\u00e8de deux faces diff\u00e9rentes, un grain fin pour l\u2019aquarelle et un grain satin\u00e9 pour le dessin.\" \/>\n<meta name=\"robots\" content=\"index, follow, max-snippet:-1, max-image-preview:large, max-video-preview:-1\" \/>\n<link rel=\"canonical\" href=\"https:\/\/arches-papers.com\/fr\/la-gamme-papiers-arches\/papier-dessin-arches\/arches-lavis-fidelis-en-tout-cas\/\" \/>\n<meta property=\"og:locale\" content=\"fr_FR\" \/>\n<meta property=\"og:type\" content=\"article\" \/>\n<meta property=\"og:title\" content=\"ARCHES Lavis Fid\u00e9lis, le papier afdapt\u00e9 pour l\u2019aquarelle et le dessin.\" \/>\n<meta property=\"og:description\" content=\"Le papier ARCHES Lavis Fid\u00e9lis ou \u00ab\u00a0En tout cas\u00a0\u00bb poss\u00e8de deux faces diff\u00e9rentes, un grain fin pour l\u2019aquarelle et un grain satin\u00e9 pour le dessin.\" \/>\n<meta property=\"og:url\" content=\"https:\/\/arches-papers.com\/fr\/la-gamme-papiers-arches\/papier-dessin-arches\/arches-lavis-fidelis-en-tout-cas\/\" \/>\n<meta property=\"og:site_name\" content=\"Arches Papers\" \/>\n<meta property=\"article:modified_time\" content=\"2024-01-26T15:02:35+00:00\" \/>\n<meta property=\"og:image\" content=\"https:\/\/arches-papers.com\/wp-content\/uploads\/2020\/01\/arches-lavis-fidelis-dessin.jpg\" \/>\n\t<meta property=\"og:image:width\" content=\"1680\" \/>\n\t<meta property=\"og:image:height\" content=\"1200\" \/>\n\t<meta property=\"og:image:type\" content=\"image\/jpeg\" \/>\n<meta name=\"twitter:card\" content=\"summary_large_image\" \/>\n<meta name=\"twitter:label1\" content=\"Dur\u00e9e de lecture estim\u00e9e\" \/>\n\t<meta name=\"twitter:data1\" content=\"3 minutes\" \/>\n<script type=\"application\/ld+json\" class=\"yoast-schema-graph\">{\"@context\":\"https:\/\/schema.org\",\"@graph\":[{\"@type\":\"WebPage\",\"@id\":\"https:\/\/arches-papers.com\/fr\/la-gamme-papiers-arches\/papier-dessin-arches\/arches-lavis-fidelis-en-tout-cas\/\",\"url\":\"https:\/\/arches-papers.com\/fr\/la-gamme-papiers-arches\/papier-dessin-arches\/arches-lavis-fidelis-en-tout-cas\/\",\"name\":\"ARCHES Lavis Fid\u00e9lis, le papier afdapt\u00e9 pour l\u2019aquarelle et le dessin.\",\"isPartOf\":{\"@id\":\"https:\/\/arches-papers.com\/fr\/#website\"},\"primaryImageOfPage\":{\"@id\":\"https:\/\/arches-papers.com\/fr\/la-gamme-papiers-arches\/papier-dessin-arches\/arches-lavis-fidelis-en-tout-cas\/#primaryimage\"},\"image\":{\"@id\":\"https:\/\/arches-papers.com\/fr\/la-gamme-papiers-arches\/papier-dessin-arches\/arches-lavis-fidelis-en-tout-cas\/#primaryimage\"},\"thumbnailUrl\":\"https:\/\/arches-papers.com\/wp-content\/uploads\/2020\/01\/arches-lavis-fidelis-dessin.jpg\",\"datePublished\":\"2020-01-16T09:28:06+00:00\",\"dateModified\":\"2024-01-26T15:02:35+00:00\",\"description\":\"Le papier ARCHES Lavis Fid\u00e9lis ou \u00ab\u00a0En tout cas\u00a0\u00bb poss\u00e8de deux faces diff\u00e9rentes, un grain fin pour l\u2019aquarelle et un grain satin\u00e9 pour le dessin.\",\"breadcrumb\":{\"@id\":\"https:\/\/arches-papers.com\/fr\/la-gamme-papiers-arches\/papier-dessin-arches\/arches-lavis-fidelis-en-tout-cas\/#breadcrumb\"},\"inLanguage\":\"fr-FR\",\"potentialAction\":[{\"@type\":\"ReadAction\",\"target\":[\"https:\/\/arches-papers.com\/fr\/la-gamme-papiers-arches\/papier-dessin-arches\/arches-lavis-fidelis-en-tout-cas\/\"]}]},{\"@type\":\"ImageObject\",\"inLanguage\":\"fr-FR\",\"@id\":\"https:\/\/arches-papers.com\/fr\/la-gamme-papiers-arches\/papier-dessin-arches\/arches-lavis-fidelis-en-tout-cas\/#primaryimage\",\"url\":\"https:\/\/arches-papers.com\/wp-content\/uploads\/2020\/01\/arches-lavis-fidelis-dessin.jpg\",\"contentUrl\":\"https:\/\/arches-papers.com\/wp-content\/uploads\/2020\/01\/arches-lavis-fidelis-dessin.jpg\",\"width\":1680,\"height\":1200,\"caption\":\"papier Arches Lavis Fidelis\"},{\"@type\":\"BreadcrumbList\",\"@id\":\"https:\/\/arches-papers.com\/fr\/la-gamme-papiers-arches\/papier-dessin-arches\/arches-lavis-fidelis-en-tout-cas\/#breadcrumb\",\"itemListElement\":[{\"@type\":\"ListItem\",\"position\":1,\"name\":\"Accueil\",\"item\":\"https:\/\/arches-papers.com\/fr\/\"},{\"@type\":\"ListItem\",\"position\":2,\"name\":\"LA GAMME PAPIERS ARCHES\u00ae\",\"item\":\"https:\/\/arches-papers.com\/fr\/la-gamme-papiers-arches\/\"},{\"@type\":\"ListItem\",\"position\":3,\"name\":\"Dessin et croquis\",\"item\":\"https:\/\/arches-papers.com\/fr\/la-gamme-papiers-arches\/papier-dessin-arches\/\"},{\"@type\":\"ListItem\",\"position\":4,\"name\":\"ARCHES\u00ae Lavis Fidelis \/ En-Tout-Cas\"}]},{\"@type\":\"WebSite\",\"@id\":\"https:\/\/arches-papers.com\/fr\/#website\",\"url\":\"https:\/\/arches-papers.com\/fr\/\",\"name\":\"Arches Papers\",\"description\":\"Fabricant de papier\",\"potentialAction\":[{\"@type\":\"SearchAction\",\"target\":{\"@type\":\"EntryPoint\",\"urlTemplate\":\"https:\/\/arches-papers.com\/fr\/?s={search_term_string}\"},\"query-input\":{\"@type\":\"PropertyValueSpecification\",\"valueRequired\":true,\"valueName\":\"search_term_string\"}}],\"inLanguage\":\"fr-FR\"}]}<\/script>\n<!-- \/ Yoast SEO plugin. -->","yoast_head_json":{"title":"ARCHES Lavis Fid\u00e9lis, le papier afdapt\u00e9 pour l\u2019aquarelle et le dessin.","description":"Le papier ARCHES Lavis Fid\u00e9lis ou \u00ab\u00a0En tout cas\u00a0\u00bb poss\u00e8de deux faces diff\u00e9rentes, un grain fin pour l\u2019aquarelle et un grain satin\u00e9 pour le dessin.","robots":{"index":"index","follow":"follow","max-snippet":"max-snippet:-1","max-image-preview":"max-image-preview:large","max-video-preview":"max-video-preview:-1"},"canonical":"https:\/\/arches-papers.com\/fr\/la-gamme-papiers-arches\/papier-dessin-arches\/arches-lavis-fidelis-en-tout-cas\/","og_locale":"fr_FR","og_type":"article","og_title":"ARCHES Lavis Fid\u00e9lis, le papier afdapt\u00e9 pour l\u2019aquarelle et le dessin.","og_description":"Le papier ARCHES Lavis Fid\u00e9lis ou \u00ab\u00a0En tout cas\u00a0\u00bb poss\u00e8de deux faces diff\u00e9rentes, un grain fin pour l\u2019aquarelle et un grain satin\u00e9 pour le dessin.","og_url":"https:\/\/arches-papers.com\/fr\/la-gamme-papiers-arches\/papier-dessin-arches\/arches-lavis-fidelis-en-tout-cas\/","og_site_name":"Arches Papers","article_modified_time":"2024-01-26T15:02:35+00:00","og_image":[{"width":1680,"height":1200,"url":"https:\/\/arches-papers.com\/wp-content\/uploads\/2020\/01\/arches-lavis-fidelis-dessin.jpg","type":"image\/jpeg"}],"twitter_card":"summary_large_image","twitter_misc":{"Dur\u00e9e de lecture estim\u00e9e":"3 minutes"},"schema":{"@context":"https:\/\/schema.org","@graph":[{"@type":"WebPage","@id":"https:\/\/arches-papers.com\/fr\/la-gamme-papiers-arches\/papier-dessin-arches\/arches-lavis-fidelis-en-tout-cas\/","url":"https:\/\/arches-papers.com\/fr\/la-gamme-papiers-arches\/papier-dessin-arches\/arches-lavis-fidelis-en-tout-cas\/","name":"ARCHES Lavis Fid\u00e9lis, le papier afdapt\u00e9 pour l\u2019aquarelle et le dessin.","isPartOf":{"@id":"https:\/\/arches-papers.com\/fr\/#website"},"primaryImageOfPage":{"@id":"https:\/\/arches-papers.com\/fr\/la-gamme-papiers-arches\/papier-dessin-arches\/arches-lavis-fidelis-en-tout-cas\/#primaryimage"},"image":{"@id":"https:\/\/arches-papers.com\/fr\/la-gamme-papiers-arches\/papier-dessin-arches\/arches-lavis-fidelis-en-tout-cas\/#primaryimage"},"thumbnailUrl":"https:\/\/arches-papers.com\/wp-content\/uploads\/2020\/01\/arches-lavis-fidelis-dessin.jpg","datePublished":"2020-01-16T09:28:06+00:00","dateModified":"2024-01-26T15:02:35+00:00","description":"Le papier ARCHES Lavis Fid\u00e9lis ou \u00ab\u00a0En tout cas\u00a0\u00bb poss\u00e8de deux faces diff\u00e9rentes, un grain fin pour l\u2019aquarelle et un grain satin\u00e9 pour le dessin.","breadcrumb":{"@id":"https:\/\/arches-papers.com\/fr\/la-gamme-papiers-arches\/papier-dessin-arches\/arches-lavis-fidelis-en-tout-cas\/#breadcrumb"},"inLanguage":"fr-FR","potentialAction":[{"@type":"ReadAction","target":["https:\/\/arches-papers.com\/fr\/la-gamme-papiers-arches\/papier-dessin-arches\/arches-lavis-fidelis-en-tout-cas\/"]}]},{"@type":"ImageObject","inLanguage":"fr-FR","@id":"https:\/\/arches-papers.com\/fr\/la-gamme-papiers-arches\/papier-dessin-arches\/arches-lavis-fidelis-en-tout-cas\/#primaryimage","url":"https:\/\/arches-papers.com\/wp-content\/uploads\/2020\/01\/arches-lavis-fidelis-dessin.jpg","contentUrl":"https:\/\/arches-papers.com\/wp-content\/uploads\/2020\/01\/arches-lavis-fidelis-dessin.jpg","width":1680,"height":1200,"caption":"papier Arches Lavis Fidelis"},{"@type":"BreadcrumbList","@id":"https:\/\/arches-papers.com\/fr\/la-gamme-papiers-arches\/papier-dessin-arches\/arches-lavis-fidelis-en-tout-cas\/#breadcrumb","itemListElement":[{"@type":"ListItem","position":1,"name":"Accueil","item":"https:\/\/arches-papers.com\/fr\/"},{"@type":"ListItem","position":2,"name":"LA GAMME PAPIERS ARCHES\u00ae","item":"https:\/\/arches-papers.com\/fr\/la-gamme-papiers-arches\/"},{"@type":"ListItem","position":3,"name":"Dessin et croquis","item":"https:\/\/arches-papers.com\/fr\/la-gamme-papiers-arches\/papier-dessin-arches\/"},{"@type":"ListItem","position":4,"name":"ARCHES\u00ae Lavis Fidelis \/ En-Tout-Cas"}]},{"@type":"WebSite","@id":"https:\/\/arches-papers.com\/fr\/#website","url":"https:\/\/arches-papers.com\/fr\/","name":"Arches Papers","description":"Fabricant de papier","potentialAction":[{"@type":"SearchAction","target":{"@type":"EntryPoint","urlTemplate":"https:\/\/arches-papers.com\/fr\/?s={search_term_string}"},"query-input":{"@type":"PropertyValueSpecification","valueRequired":true,"valueName":"search_term_string"}}],"inLanguage":"fr-FR"}]}},"_links":{"self":[{"href":"https:\/\/arches-papers.com\/fr\/wp-json\/wp\/v2\/pages\/14903","targetHints":{"allow":["GET"]}}],"collection":[{"href":"https:\/\/arches-papers.com\/fr\/wp-json\/wp\/v2\/pages"}],"about":[{"href":"https:\/\/arches-papers.com\/fr\/wp-json\/wp\/v2\/types\/page"}],"author":[{"embeddable":true,"href":"https:\/\/arches-papers.com\/fr\/wp-json\/wp\/v2\/users\/4"}],"replies":[{"embeddable":true,"href":"https:\/\/arches-papers.com\/fr\/wp-json\/wp\/v2\/comments?post=14903"}],"version-history":[{"count":0,"href":"https:\/\/arches-papers.com\/fr\/wp-json\/wp\/v2\/pages\/14903\/revisions"}],"up":[{"embeddable":true,"href":"https:\/\/arches-papers.com\/fr\/wp-json\/wp\/v2\/pages\/82"}],"wp:featuredmedia":[{"embeddable":true,"href":"https:\/\/arches-papers.com\/fr\/wp-json\/wp\/v2\/media\/14923"}],"wp:attachment":[{"href":"https:\/\/arches-papers.com\/fr\/wp-json\/wp\/v2\/media?parent=14903"}],"wp:term":[{"taxonomy":"post_tag","embeddable":true,"href":"https:\/\/arches-papers.com\/fr\/wp-json\/wp\/v2\/tags?post=14903"}],"curies":[{"name":"wp","href":"https:\/\/api.w.org\/{rel}","templated":true}]}}