{"id":32379,"date":"2021-06-30T08:39:00","date_gmt":"2021-06-30T06:39:00","guid":{"rendered":"https:\/\/arches-papers.com\/?page_id=32379"},"modified":"2025-12-09T17:43:21","modified_gmt":"2025-12-09T16:43:21","slug":"you-arches-les-hommes-derriere-nos-merveilleux-papiers","status":"publish","type":"page","link":"https:\/\/arches-papers.com\/fr\/you-arches-les-hommes-derriere-nos-merveilleux-papiers\/","title":{"rendered":"YOU ARCHES\u00ae, les femmes et les hommes derri\u00e8re nos merveilleux papiers !"},"content":{"rendered":"<div class=\"wpb-content-wrapper\"><p>[vc_row][vc_column width=&#8221;1\/4&#8243;][\/vc_column][vc_column width=&#8221;1\/2&#8243;][vc_column_text el_class=&#8221;justify&#8221;]<strong>YOU ARCHES\u00ae, les femmes et les hommes derri\u00e8re nos merveilleux papiers !<\/strong><\/p>\n<p>ARCHES\u00ae a d\u00e9cid\u00e9 de mettre en lumi\u00e8re ses collaborateurs et leur savoir-faire au travers de son programme YOU ARCHES\u00ae.<\/p>\n<p>Chaque \u00e9pisode vous permettra de faire connaissance avec une personne, son m\u00e9tier au sein du Moulin \u00e0 papier d\u2019Arches, son parcours, ses aspirations\u2026<\/p>\n<p>\u00c0 travers chaque portrait, vous d\u00e9couvrirez les coulisses de la fabrication de nos papiers, ses diff\u00e9rentes \u00e9tapes, les m\u00e9tiers souvent m\u00e9connus la papeterie et ceux sp\u00e9cifiques au processus de fabrication du Moulin \u00e0 papier d\u2019Arches.<\/p>\n<p>Chacun, avec ses propres mots et sa personnalit\u00e9, aura \u00e0 c\u0153ur de transmettre son exp\u00e9rience, l\u2019amour de son m\u00e9tier et sa vision de la marque ARCHES\u00ae.<\/p>\n<p>Mais, le plus important pour tous, c\u2019est de pouvoir s\u2019adresser aux utilisateurs des papiers qu\u2019ils fabriquent avec passion.[\/vc_column_text][vc_column_text el_class=&#8221;justify&#8221;][\/vc_column_text][\/vc_column][vc_column width=&#8221;1\/4&#8243;][\/vc_column][vc_column][vc_row_inner][vc_column_inner width=&#8221;1\/2&#8243;][vc_empty_space height=&#8221;96px&#8221;][vc_single_image image=&#8221;53241&#8243; img_size=&#8221;large&#8221;][vc_empty_space][\/vc_column_inner][vc_column_inner width=&#8221;1\/2&#8243;][vc_empty_space height=&#8221;96px&#8221;][vc_column_text]<\/p>\n<h4>YOU ARCHES\u00ae<\/h4>\n<h3>Th\u00e9o APTEL, Gestionnaire exp\u00e9ditions et approvisionnement<\/h3>\n<p>[\/vc_column_text][vc_empty_space height=&#8221;24px&#8221;]<style>.ld_button_6a0153a32e1ec.btn-icon-solid .btn-icon{background:rgb(208, 48, 61);}.ld_button_6a0153a32e1ec.btn-icon-circle.btn-icon-ripple .btn-icon:before{border-color:rgb(208, 48, 61);}.ld_button_6a0153a32e1ec.btn-icon-solid:hover .btn-icon{background:rgb(255, 0, 0);}.ld_button_6a0153a32e1ec{background-color:rgb(208, 48, 61);border-color:rgb(208, 48, 61);color:rgb(255, 255, 255);}.ld_button_6a0153a32e1ec:hover{background-color:rgb(255, 0, 0);border-color:rgb(255, 0, 0);}.ld_button_6a0153a32e1ec .btn-gradient-bg-hover{background:-webkit-linear-gradient(to right, rgb(255, 0, 0) 0%, rgb(255, 0, 0) 100%);background:linear-gradient(to right, rgb(255, 0, 0) 0%, rgb(255, 0, 0) 100%);}.ld_button_6a0153a32e1ec .btn-gradient-border defs stop:first-child{stop-color:rgb(208, 48, 61);}.ld_button_6a0153a32e1ec .btn-gradient-border defs stop:last-child{stop-color:rgb(208, 48, 61);}.ld_button_6a0153a32e1ec:hover .btn-gradient-border defs stop:first-child{stop-color:rgb(255, 0, 0);}.ld_button_6a0153a32e1ec:hover .btn-gradient-border defs stop:last-child{stop-color:rgb(255, 0, 0);}<\/style><a href=\"https:\/\/arches-papers.com\/fr\/you-arches-theo-aptel-gestionnaire-expeditions-et-approvisionnements\/\" class=\"btn btn-solid text-uppercase btn-bordered border-thin btn-icon-left ld_button_6a0153a32e1ec vc_custom_1765298527904\">\n\t<span>\n\t\t\n\t\t\t\t\t<span class=\"btn-txt\">Lire l'interview<\/span>\n\t\t\t\n\t<span class=\"btn-icon\"><i class=\"fa fa-chevron-right\"><\/i><\/span>\t\t\t<\/span>\n<\/a>\n[vc_empty_space height=&#8221;24px&#8221;][\/vc_column_inner][\/vc_row_inner][vc_row_inner][vc_column_inner width=&#8221;1\/2&#8243;][vc_empty_space height=&#8221;96px&#8221;][vc_column_text]<\/p>\n<h4>YOU ARCHES\u00ae<\/h4>\n<h3>Marie-Laurence Morizot, animatrice et formatrice au Moulin \u00e0 papier d\u2019Arches<\/h3>\n<p>[\/vc_column_text][vc_empty_space height=&#8221;24px&#8221;]<style>.ld_button_6a0153a32e3d8.btn-icon-solid .btn-icon{background:rgb(208, 48, 61);}.ld_button_6a0153a32e3d8.btn-icon-circle.btn-icon-ripple .btn-icon:before{border-color:rgb(208, 48, 61);}.ld_button_6a0153a32e3d8.btn-icon-solid:hover .btn-icon{background:rgb(255, 0, 0);}.ld_button_6a0153a32e3d8{background-color:rgb(208, 48, 61);border-color:rgb(208, 48, 61);color:rgb(255, 255, 255);}.ld_button_6a0153a32e3d8:hover{background-color:rgb(255, 0, 0);border-color:rgb(255, 0, 0);}.ld_button_6a0153a32e3d8 .btn-gradient-bg-hover{background:-webkit-linear-gradient(to right, rgb(255, 0, 0) 0%, rgb(255, 0, 0) 100%);background:linear-gradient(to right, rgb(255, 0, 0) 0%, rgb(255, 0, 0) 100%);}.ld_button_6a0153a32e3d8 .btn-gradient-border defs stop:first-child{stop-color:rgb(208, 48, 61);}.ld_button_6a0153a32e3d8 .btn-gradient-border defs stop:last-child{stop-color:rgb(208, 48, 61);}.ld_button_6a0153a32e3d8:hover .btn-gradient-border defs stop:first-child{stop-color:rgb(255, 0, 0);}.ld_button_6a0153a32e3d8:hover .btn-gradient-border defs stop:last-child{stop-color:rgb(255, 0, 0);}<\/style><a href=\"https:\/\/arches-papers.com\/fr\/you-arches-marie-laurence-morizot-animatrice-et-formatrice-au-moulin-a-papier-darches\/\" class=\"btn btn-solid text-uppercase btn-bordered border-thin btn-icon-left ld_button_6a0153a32e3d8 vc_custom_1765298467352\">\n\t<span>\n\t\t\n\t\t\t\t\t<span class=\"btn-txt\">Lire l'interview<\/span>\n\t\t\t\n\t<span class=\"btn-icon\"><i class=\"fa fa-chevron-right\"><\/i><\/span>\t\t\t<\/span>\n<\/a>\n[vc_empty_space][\/vc_column_inner][vc_column_inner width=&#8221;1\/2&#8243;][vc_empty_space height=&#8221;96px&#8221;][vc_single_image image=&#8221;52499&#8243; img_size=&#8221;large&#8221;][vc_empty_space height=&#8221;24px&#8221;][\/vc_column_inner][\/vc_row_inner][vc_row_inner][vc_column_inner width=&#8221;1\/2&#8243;][vc_empty_space height=&#8221;96px&#8221;][vc_single_image image=&#8221;50122&#8243; img_size=&#8221;large&#8221;][vc_empty_space][\/vc_column_inner][vc_column_inner width=&#8221;1\/2&#8243;][vc_empty_space height=&#8221;96px&#8221;][vc_column_text]<\/p>\n<h4>YOU ARCHES\u00ae<\/h4>\n<h3>Philippe Villemin, Responsable transformation et finition au Moulin \u00e0 papier d\u2019Arches<\/h3>\n<p>[\/vc_column_text][vc_empty_space height=&#8221;24px&#8221;]<style>.ld_button_6a0153a32e518.btn-icon-solid .btn-icon{background:rgb(208, 48, 61);}.ld_button_6a0153a32e518.btn-icon-circle.btn-icon-ripple .btn-icon:before{border-color:rgb(208, 48, 61);}.ld_button_6a0153a32e518.btn-icon-solid:hover .btn-icon{background:rgb(255, 0, 0);}.ld_button_6a0153a32e518{background-color:rgb(208, 48, 61);border-color:rgb(208, 48, 61);color:rgb(255, 255, 255);}.ld_button_6a0153a32e518:hover{background-color:rgb(255, 0, 0);border-color:rgb(255, 0, 0);}.ld_button_6a0153a32e518 .btn-gradient-bg-hover{background:-webkit-linear-gradient(to right, rgb(255, 0, 0) 0%, rgb(255, 0, 0) 100%);background:linear-gradient(to right, rgb(255, 0, 0) 0%, rgb(255, 0, 0) 100%);}.ld_button_6a0153a32e518 .btn-gradient-border defs stop:first-child{stop-color:rgb(208, 48, 61);}.ld_button_6a0153a32e518 .btn-gradient-border defs stop:last-child{stop-color:rgb(208, 48, 61);}.ld_button_6a0153a32e518:hover .btn-gradient-border defs stop:first-child{stop-color:rgb(255, 0, 0);}.ld_button_6a0153a32e518:hover .btn-gradient-border defs stop:last-child{stop-color:rgb(255, 0, 0);}<\/style><a href=\"https:\/\/arches-papers.com\/fr\/you-arches-philippe-villemin-responsable-transformation-et-finition-au-moulin-a-papier-darches\/\" class=\"btn btn-solid text-uppercase btn-bordered border-thin btn-icon-left ld_button_6a0153a32e518 vc_custom_1747042271700\">\n\t<span>\n\t\t\n\t\t\t\t\t<span class=\"btn-txt\">Lire l'interview<\/span>\n\t\t\t\n\t<span class=\"btn-icon\"><i class=\"fa fa-chevron-right\"><\/i><\/span>\t\t\t<\/span>\n<\/a>\n[vc_empty_space height=&#8221;24px&#8221;][\/vc_column_inner][\/vc_row_inner][vc_row_inner][vc_column_inner width=&#8221;1\/2&#8243;][vc_empty_space height=&#8221;96px&#8221;][vc_column_text]<\/p>\n<h4>YOU ARCHES\u00ae<\/h4>\n<h3>Emilie GAND, Responsable QHSE au Moulin \u00e0 papier d\u2019Arches<\/h3>\n<p>[\/vc_column_text][vc_empty_space height=&#8221;24px&#8221;]<style>.ld_button_6a0153a32e646.btn-icon-solid .btn-icon{background:rgb(208, 48, 61);}.ld_button_6a0153a32e646.btn-icon-circle.btn-icon-ripple .btn-icon:before{border-color:rgb(208, 48, 61);}.ld_button_6a0153a32e646.btn-icon-solid:hover .btn-icon{background:rgb(255, 0, 0);}.ld_button_6a0153a32e646{background-color:rgb(208, 48, 61);border-color:rgb(208, 48, 61);color:rgb(255, 255, 255);}.ld_button_6a0153a32e646:hover{background-color:rgb(255, 0, 0);border-color:rgb(255, 0, 0);}.ld_button_6a0153a32e646 .btn-gradient-bg-hover{background:-webkit-linear-gradient(to right, rgb(255, 0, 0) 0%, rgb(255, 0, 0) 100%);background:linear-gradient(to right, rgb(255, 0, 0) 0%, rgb(255, 0, 0) 100%);}.ld_button_6a0153a32e646 .btn-gradient-border defs stop:first-child{stop-color:rgb(208, 48, 61);}.ld_button_6a0153a32e646 .btn-gradient-border defs stop:last-child{stop-color:rgb(208, 48, 61);}.ld_button_6a0153a32e646:hover .btn-gradient-border defs stop:first-child{stop-color:rgb(255, 0, 0);}.ld_button_6a0153a32e646:hover .btn-gradient-border defs stop:last-child{stop-color:rgb(255, 0, 0);}<\/style><a href=\"https:\/\/arches-papers.com\/fr\/you-arches-emilie-gand-responsable-qhse-au-moulin-a-papier-darches\/\" class=\"btn btn-solid text-uppercase btn-bordered border-thin btn-icon-left ld_button_6a0153a32e646 vc_custom_1747042205724\">\n\t<span>\n\t\t\n\t\t\t\t\t<span class=\"btn-txt\">Lire l'interview<\/span>\n\t\t\t\n\t<span class=\"btn-icon\"><i class=\"fa fa-chevron-right\"><\/i><\/span>\t\t\t<\/span>\n<\/a>\n[vc_empty_space][\/vc_column_inner][vc_column_inner width=&#8221;1\/2&#8243;][vc_empty_space height=&#8221;96px&#8221;][vc_single_image image=&#8221;48682&#8243; img_size=&#8221;large&#8221;][vc_empty_space height=&#8221;24px&#8221;][\/vc_column_inner][\/vc_row_inner][vc_row_inner][vc_column_inner width=&#8221;1\/2&#8243;][vc_empty_space height=&#8221;96px&#8221;][vc_single_image image=&#8221;44593&#8243; img_size=&#8221;large&#8221;][vc_empty_space][\/vc_column_inner][vc_column_inner width=&#8221;1\/2&#8243;][vc_empty_space height=&#8221;96px&#8221;][vc_column_text]<\/p>\n<h4>YOU ARCHES\u00ae<\/h4>\n<h3>Jean-Baptiste Pierrot, Responsable du planning de production au Moulin \u00e0 papier d\u2019Arches<\/h3>\n<p>[\/vc_column_text][vc_empty_space height=&#8221;24px&#8221;]<style>.ld_button_6a0153a32e771.btn-icon-solid .btn-icon{background:rgb(208, 48, 61);}.ld_button_6a0153a32e771.btn-icon-circle.btn-icon-ripple .btn-icon:before{border-color:rgb(208, 48, 61);}.ld_button_6a0153a32e771.btn-icon-solid:hover .btn-icon{background:rgb(255, 0, 0);}.ld_button_6a0153a32e771{background-color:rgb(208, 48, 61);border-color:rgb(208, 48, 61);color:rgb(255, 255, 255);}.ld_button_6a0153a32e771:hover{background-color:rgb(255, 0, 0);border-color:rgb(255, 0, 0);}.ld_button_6a0153a32e771 .btn-gradient-bg-hover{background:-webkit-linear-gradient(to right, rgb(255, 0, 0) 0%, rgb(255, 0, 0) 100%);background:linear-gradient(to right, rgb(255, 0, 0) 0%, rgb(255, 0, 0) 100%);}.ld_button_6a0153a32e771 .btn-gradient-border defs stop:first-child{stop-color:rgb(208, 48, 61);}.ld_button_6a0153a32e771 .btn-gradient-border defs stop:last-child{stop-color:rgb(208, 48, 61);}.ld_button_6a0153a32e771:hover .btn-gradient-border defs stop:first-child{stop-color:rgb(255, 0, 0);}.ld_button_6a0153a32e771:hover .btn-gradient-border defs stop:last-child{stop-color:rgb(255, 0, 0);}<\/style><a href=\"https:\/\/arches-papers.com\/fr\/you-arches-jean-baptiste-pierrot-production-planning-manager-at-the-arches-paper-mill\/\" class=\"btn btn-solid text-uppercase btn-bordered border-thin btn-icon-left ld_button_6a0153a32e771 vc_custom_1729094028489\">\n\t<span>\n\t\t\n\t\t\t\t\t<span class=\"btn-txt\">Lire l'interview<\/span>\n\t\t\t\n\t<span class=\"btn-icon\"><i class=\"fa fa-chevron-right\"><\/i><\/span>\t\t\t<\/span>\n<\/a>\n[vc_empty_space height=&#8221;24px&#8221;][\/vc_column_inner][\/vc_row_inner][vc_row_inner][vc_column_inner width=&#8221;1\/2&#8243;][vc_empty_space height=&#8221;96px&#8221;][vc_column_text]<\/p>\n<h4>YOU ARCHES\u00ae<\/h4>\n<h3>Cyril Bedez, Conducteur Chef d\u2019\u00e9quipe au Moulin \u00e0 papier d\u2019Arches<\/h3>\n<p>[\/vc_column_text][vc_empty_space height=&#8221;24px&#8221;]<style>.ld_button_6a0153a32e894.btn-icon-solid .btn-icon{background:rgb(208, 48, 61);}.ld_button_6a0153a32e894.btn-icon-circle.btn-icon-ripple .btn-icon:before{border-color:rgb(208, 48, 61);}.ld_button_6a0153a32e894.btn-icon-solid:hover .btn-icon{background:rgb(255, 0, 0);}.ld_button_6a0153a32e894{background-color:rgb(208, 48, 61);border-color:rgb(208, 48, 61);color:rgb(255, 255, 255);}.ld_button_6a0153a32e894:hover{background-color:rgb(255, 0, 0);border-color:rgb(255, 0, 0);}.ld_button_6a0153a32e894 .btn-gradient-bg-hover{background:-webkit-linear-gradient(to right, rgb(255, 0, 0) 0%, rgb(255, 0, 0) 100%);background:linear-gradient(to right, rgb(255, 0, 0) 0%, rgb(255, 0, 0) 100%);}.ld_button_6a0153a32e894 .btn-gradient-border defs stop:first-child{stop-color:rgb(208, 48, 61);}.ld_button_6a0153a32e894 .btn-gradient-border defs stop:last-child{stop-color:rgb(208, 48, 61);}.ld_button_6a0153a32e894:hover .btn-gradient-border defs stop:first-child{stop-color:rgb(255, 0, 0);}.ld_button_6a0153a32e894:hover .btn-gradient-border defs stop:last-child{stop-color:rgb(255, 0, 0);}<\/style><a href=\"https:\/\/arches-papers.com\/fr\/you-arches-cyril-bedez-conducteur-chef-dequipe-au-moulin-a-papier-darches\/\" class=\"btn btn-solid text-uppercase btn-bordered border-thin btn-icon-left ld_button_6a0153a32e894 vc_custom_1729516776423\">\n\t<span>\n\t\t\n\t\t\t\t\t<span class=\"btn-txt\">Lire l'interview<\/span>\n\t\t\t\n\t<span class=\"btn-icon\"><i class=\"fa fa-chevron-right\"><\/i><\/span>\t\t\t<\/span>\n<\/a>\n[vc_empty_space][\/vc_column_inner][vc_column_inner width=&#8221;1\/2&#8243;][vc_empty_space height=&#8221;96px&#8221;][vc_single_image image=&#8221;42747&#8243; img_size=&#8221;large&#8221;][vc_empty_space height=&#8221;24px&#8221;][\/vc_column_inner][\/vc_row_inner][\/vc_column][\/vc_row][vc_row][vc_column]<style>.ld_spacer_6a0153a32e967{height:32px;}<\/style>\n<div class=\"ld-empty-space ld_spacer_6a0153a32e967\"><span class=\"liquid_empty_space_inner\"><\/span><\/div>[vc_column_text]<\/p>\n<h2 style=\"text-align: center;\">YOU ARCHES\u00ae n\u00b06 &#8211; Bernard Guidot<\/h2>\n<p>[\/vc_column_text][vc_video link=&#8221;https:\/\/youtu.be\/9DMHkVLdoG0&#8243; align=&#8221;center&#8221;]<style>.ld_spacer_6a0153a32e9d3{height:32px;}<\/style>\n<div class=\"ld-empty-space ld_spacer_6a0153a32e9d3\"><span class=\"liquid_empty_space_inner\"><\/span><\/div>[\/vc_column][\/vc_row][vc_row][vc_column]<style>.ld_spacer_6a0153a32ea19{height:32px;}<\/style>\n<div class=\"ld-empty-space ld_spacer_6a0153a32ea19\"><span class=\"liquid_empty_space_inner\"><\/span><\/div>[vc_column_text]<\/p>\n<h2 style=\"text-align: center;\">YOU ARCHES\u00ae n\u00b05 &#8211; Sabrina Lamoise<\/h2>\n<p>[\/vc_column_text][vc_video link=&#8221;https:\/\/youtu.be\/Xqjp21b-YuE&#8221; align=&#8221;center&#8221;]<style>.ld_spacer_6a0153a32ea59{height:32px;}<\/style>\n<div class=\"ld-empty-space ld_spacer_6a0153a32ea59\"><span class=\"liquid_empty_space_inner\"><\/span><\/div>[\/vc_column][\/vc_row][vc_row][vc_column]<style>.ld_spacer_6a0153a32eaa2{height:32px;}<\/style>\n<div class=\"ld-empty-space ld_spacer_6a0153a32eaa2\"><span class=\"liquid_empty_space_inner\"><\/span><\/div>[vc_column_text]<\/p>\n<h2 style=\"text-align: center;\">YOU ARCHES\u00ae n\u00b04 &#8211; St\u00e9phane Daval<\/h2>\n<p>[\/vc_column_text][vc_video link=&#8221;https:\/\/youtu.be\/5nBD39-GjUg&#8221; align=&#8221;center&#8221;]<style>.ld_spacer_6a0153a32eae1{height:32px;}<\/style>\n<div class=\"ld-empty-space ld_spacer_6a0153a32eae1\"><span class=\"liquid_empty_space_inner\"><\/span><\/div>[\/vc_column][\/vc_row][vc_row][vc_column]<style>.ld_spacer_6a0153a32eb1c{height:32px;}<\/style>\n<div class=\"ld-empty-space ld_spacer_6a0153a32eb1c\"><span class=\"liquid_empty_space_inner\"><\/span><\/div>[vc_column_text]<\/p>\n<h2 style=\"text-align: center;\">YOU ARCHES\u00ae n\u00b03 &#8211; Ang\u00e9lique Huet<\/h2>\n<p>[\/vc_column_text][vc_video link=&#8221;https:\/\/youtu.be\/NGB7s4wvbVI&#8221; align=&#8221;center&#8221;]<style>.ld_spacer_6a0153a32eb60{height:32px;}<\/style>\n<div class=\"ld-empty-space ld_spacer_6a0153a32eb60\"><span class=\"liquid_empty_space_inner\"><\/span><\/div>[\/vc_column][\/vc_row][vc_row][vc_column]<style>.ld_spacer_6a0153a32eb9b{height:32px;}<\/style>\n<div class=\"ld-empty-space ld_spacer_6a0153a32eb9b\"><span class=\"liquid_empty_space_inner\"><\/span><\/div>[vc_column_text]<\/p>\n<h2 style=\"text-align: center;\">YOU ARCHES\u00ae n\u00b02 &#8211; Thomas Pothier<\/h2>\n<p>[\/vc_column_text][vc_video link=&#8221;https:\/\/youtu.be\/AMCt4MDlViw&#8221; align=&#8221;center&#8221;]<style>.ld_spacer_6a0153a32ebd4{height:32px;}<\/style>\n<div class=\"ld-empty-space ld_spacer_6a0153a32ebd4\"><span class=\"liquid_empty_space_inner\"><\/span><\/div>[\/vc_column][\/vc_row][vc_row][vc_column]<style>.ld_spacer_6a0153a32ec0e{height:32px;}<\/style>\n<div class=\"ld-empty-space ld_spacer_6a0153a32ec0e\"><span class=\"liquid_empty_space_inner\"><\/span><\/div>[vc_column_text]<\/p>\n<h2 style=\"text-align: center;\">YOU ARCHES\u00ae n\u00b01 &#8211; Catherine CAREL<\/h2>\n<p>[\/vc_column_text][vc_video link=&#8221;https:\/\/youtu.be\/wgaC2wr440w&#8221; align=&#8221;center&#8221;][\/vc_column][\/vc_row][vc_row][vc_column]<style>.ld_spacer_6a0153a32ec47{height:32px;}<\/style>\n<div class=\"ld-empty-space ld_spacer_6a0153a32ec47\"><span class=\"liquid_empty_space_inner\"><\/span><\/div>[\/vc_column][\/vc_row]<\/p>\n<\/div>","protected":false},"excerpt":{"rendered":"[vc_row][vc_column width=&#8221;1\/4&#8243;][\/vc_column][vc_column width=&#8221;1\/2&#8243;][vc_column_text el_class=&#8221;justify&#8221;]YOU ARCHES\u00ae, les femmes et les hommes derri\u00e8re nos merveilleux papiers !&#8230;","protected":false},"author":17,"featured_media":0,"parent":0,"menu_order":0,"comment_status":"closed","ping_status":"closed","template":"","meta":{"footnotes":""},"tags":[],"class_list":["post-32379","page","type-page","status-publish","hentry"],"yoast_head":"<!-- This site is optimized with the Yoast SEO plugin v27.1.1 - https:\/\/yoast.com\/product\/yoast-seo-wordpress\/ -->\n<title>YOU ARCHES\u00ae, les femmes et les hommes derri\u00e8re nos merveilleux papiers ! - Arches Papers<\/title>\n<meta name=\"description\" content=\"ARCHES a d\u00e9cid\u00e9 de mettre en lumi\u00e8re\u00a0ses collaborateurs et leur savoir-faire au travers de son nouveau programme vid\u00e9o YOU ARCHES.\" \/>\n<meta name=\"robots\" content=\"index, follow, max-snippet:-1, max-image-preview:large, max-video-preview:-1\" \/>\n<link rel=\"canonical\" href=\"https:\/\/arches-papers.com\/fr\/you-arches-les-hommes-derriere-nos-merveilleux-papiers\/\" \/>\n<meta property=\"og:locale\" content=\"fr_FR\" \/>\n<meta property=\"og:type\" content=\"article\" \/>\n<meta property=\"og:title\" content=\"YOU ARCHES\u00ae, les femmes et les hommes derri\u00e8re nos merveilleux papiers ! - Arches Papers\" \/>\n<meta property=\"og:description\" content=\"ARCHES a d\u00e9cid\u00e9 de mettre en lumi\u00e8re\u00a0ses collaborateurs et leur savoir-faire au travers de son nouveau programme vid\u00e9o YOU ARCHES.\" \/>\n<meta property=\"og:url\" content=\"https:\/\/arches-papers.com\/fr\/you-arches-les-hommes-derriere-nos-merveilleux-papiers\/\" \/>\n<meta property=\"og:site_name\" content=\"Arches Papers\" \/>\n<meta property=\"article:modified_time\" content=\"2025-12-09T16:43:21+00:00\" \/>\n<meta name=\"twitter:card\" content=\"summary_large_image\" \/>\n<meta name=\"twitter:label1\" content=\"Dur\u00e9e de lecture estim\u00e9e\" \/>\n\t<meta name=\"twitter:data1\" content=\"6 minutes\" \/>\n<script type=\"application\/ld+json\" class=\"yoast-schema-graph\">{\"@context\":\"https:\/\/schema.org\",\"@graph\":[{\"@type\":\"WebPage\",\"@id\":\"https:\/\/arches-papers.com\/fr\/you-arches-les-hommes-derriere-nos-merveilleux-papiers\/\",\"url\":\"https:\/\/arches-papers.com\/fr\/you-arches-les-hommes-derriere-nos-merveilleux-papiers\/\",\"name\":\"YOU ARCHES\u00ae, les femmes et les hommes derri\u00e8re nos merveilleux papiers ! - Arches Papers\",\"isPartOf\":{\"@id\":\"https:\/\/arches-papers.com\/fr\/#website\"},\"datePublished\":\"2021-06-30T06:39:00+00:00\",\"dateModified\":\"2025-12-09T16:43:21+00:00\",\"description\":\"ARCHES a d\u00e9cid\u00e9 de mettre en lumi\u00e8re\u00a0ses collaborateurs et leur savoir-faire au travers de son nouveau programme vid\u00e9o YOU ARCHES.\",\"breadcrumb\":{\"@id\":\"https:\/\/arches-papers.com\/fr\/you-arches-les-hommes-derriere-nos-merveilleux-papiers\/#breadcrumb\"},\"inLanguage\":\"fr-FR\",\"potentialAction\":[{\"@type\":\"ReadAction\",\"target\":[\"https:\/\/arches-papers.com\/fr\/you-arches-les-hommes-derriere-nos-merveilleux-papiers\/\"]}]},{\"@type\":\"BreadcrumbList\",\"@id\":\"https:\/\/arches-papers.com\/fr\/you-arches-les-hommes-derriere-nos-merveilleux-papiers\/#breadcrumb\",\"itemListElement\":[{\"@type\":\"ListItem\",\"position\":1,\"name\":\"Accueil\",\"item\":\"https:\/\/arches-papers.com\/fr\/\"},{\"@type\":\"ListItem\",\"position\":2,\"name\":\"YOU ARCHES\u00ae, les femmes et les hommes derri\u00e8re nos merveilleux papiers !\"}]},{\"@type\":\"WebSite\",\"@id\":\"https:\/\/arches-papers.com\/fr\/#website\",\"url\":\"https:\/\/arches-papers.com\/fr\/\",\"name\":\"Arches Papers\",\"description\":\"Fabricant de papier\",\"potentialAction\":[{\"@type\":\"SearchAction\",\"target\":{\"@type\":\"EntryPoint\",\"urlTemplate\":\"https:\/\/arches-papers.com\/fr\/?s={search_term_string}\"},\"query-input\":{\"@type\":\"PropertyValueSpecification\",\"valueRequired\":true,\"valueName\":\"search_term_string\"}}],\"inLanguage\":\"fr-FR\"}]}<\/script>\n<!-- \/ Yoast SEO plugin. -->","yoast_head_json":{"title":"YOU ARCHES\u00ae, les femmes et les hommes derri\u00e8re nos merveilleux papiers ! - Arches Papers","description":"ARCHES a d\u00e9cid\u00e9 de mettre en lumi\u00e8re\u00a0ses collaborateurs et leur savoir-faire au travers de son nouveau programme vid\u00e9o YOU ARCHES.","robots":{"index":"index","follow":"follow","max-snippet":"max-snippet:-1","max-image-preview":"max-image-preview:large","max-video-preview":"max-video-preview:-1"},"canonical":"https:\/\/arches-papers.com\/fr\/you-arches-les-hommes-derriere-nos-merveilleux-papiers\/","og_locale":"fr_FR","og_type":"article","og_title":"YOU ARCHES\u00ae, les femmes et les hommes derri\u00e8re nos merveilleux papiers ! - Arches Papers","og_description":"ARCHES a d\u00e9cid\u00e9 de mettre en lumi\u00e8re\u00a0ses collaborateurs et leur savoir-faire au travers de son nouveau programme vid\u00e9o YOU ARCHES.","og_url":"https:\/\/arches-papers.com\/fr\/you-arches-les-hommes-derriere-nos-merveilleux-papiers\/","og_site_name":"Arches Papers","article_modified_time":"2025-12-09T16:43:21+00:00","twitter_card":"summary_large_image","twitter_misc":{"Dur\u00e9e de lecture estim\u00e9e":"6 minutes"},"schema":{"@context":"https:\/\/schema.org","@graph":[{"@type":"WebPage","@id":"https:\/\/arches-papers.com\/fr\/you-arches-les-hommes-derriere-nos-merveilleux-papiers\/","url":"https:\/\/arches-papers.com\/fr\/you-arches-les-hommes-derriere-nos-merveilleux-papiers\/","name":"YOU ARCHES\u00ae, les femmes et les hommes derri\u00e8re nos merveilleux papiers ! - Arches Papers","isPartOf":{"@id":"https:\/\/arches-papers.com\/fr\/#website"},"datePublished":"2021-06-30T06:39:00+00:00","dateModified":"2025-12-09T16:43:21+00:00","description":"ARCHES a d\u00e9cid\u00e9 de mettre en lumi\u00e8re\u00a0ses collaborateurs et leur savoir-faire au travers de son nouveau programme vid\u00e9o YOU ARCHES.","breadcrumb":{"@id":"https:\/\/arches-papers.com\/fr\/you-arches-les-hommes-derriere-nos-merveilleux-papiers\/#breadcrumb"},"inLanguage":"fr-FR","potentialAction":[{"@type":"ReadAction","target":["https:\/\/arches-papers.com\/fr\/you-arches-les-hommes-derriere-nos-merveilleux-papiers\/"]}]},{"@type":"BreadcrumbList","@id":"https:\/\/arches-papers.com\/fr\/you-arches-les-hommes-derriere-nos-merveilleux-papiers\/#breadcrumb","itemListElement":[{"@type":"ListItem","position":1,"name":"Accueil","item":"https:\/\/arches-papers.com\/fr\/"},{"@type":"ListItem","position":2,"name":"YOU ARCHES\u00ae, les femmes et les hommes derri\u00e8re nos merveilleux papiers !"}]},{"@type":"WebSite","@id":"https:\/\/arches-papers.com\/fr\/#website","url":"https:\/\/arches-papers.com\/fr\/","name":"Arches Papers","description":"Fabricant de papier","potentialAction":[{"@type":"SearchAction","target":{"@type":"EntryPoint","urlTemplate":"https:\/\/arches-papers.com\/fr\/?s={search_term_string}"},"query-input":{"@type":"PropertyValueSpecification","valueRequired":true,"valueName":"search_term_string"}}],"inLanguage":"fr-FR"}]}},"_links":{"self":[{"href":"https:\/\/arches-papers.com\/fr\/wp-json\/wp\/v2\/pages\/32379","targetHints":{"allow":["GET"]}}],"collection":[{"href":"https:\/\/arches-papers.com\/fr\/wp-json\/wp\/v2\/pages"}],"about":[{"href":"https:\/\/arches-papers.com\/fr\/wp-json\/wp\/v2\/types\/page"}],"author":[{"embeddable":true,"href":"https:\/\/arches-papers.com\/fr\/wp-json\/wp\/v2\/users\/17"}],"replies":[{"embeddable":true,"href":"https:\/\/arches-papers.com\/fr\/wp-json\/wp\/v2\/comments?post=32379"}],"version-history":[{"count":0,"href":"https:\/\/arches-papers.com\/fr\/wp-json\/wp\/v2\/pages\/32379\/revisions"}],"wp:attachment":[{"href":"https:\/\/arches-papers.com\/fr\/wp-json\/wp\/v2\/media?parent=32379"}],"wp:term":[{"taxonomy":"post_tag","embeddable":true,"href":"https:\/\/arches-papers.com\/fr\/wp-json\/wp\/v2\/tags?post=32379"}],"curies":[{"name":"wp","href":"https:\/\/api.w.org\/{rel}","templated":true}]}}