{"id":35553,"date":"2021-12-08T14:53:12","date_gmt":"2021-12-08T13:53:12","guid":{"rendered":"https:\/\/arches-papers.com\/?page_id=35553"},"modified":"2026-01-30T17:16:03","modified_gmt":"2026-01-30T16:16:03","slug":"artiteach-by-arches","status":"publish","type":"page","link":"https:\/\/arches-papers.com\/fr\/artiteach-by-arches\/","title":{"rendered":"ARTI&#8217;TEACH by ARCHES\u00ae"},"content":{"rendered":"<div class=\"wpb-content-wrapper\"><p>[vc_row][vc_column width=&#8221;1\/4&#8243;][\/vc_column][vc_column width=&#8221;1\/2&#8243;][vc_single_image image=&#8221;35556&#8243; img_size=&#8221;large&#8221; alignment=&#8221;center&#8221; css_animation=&#8221;bounceIn&#8221;][vc_column_text el_class=&#8221;justify&#8221;]<strong>ARTI\u2019TEACH by ARCHES\u00ae est notre programme vid\u00e9o pr\u00e9sent\u00e9 par C\u00e9line Petit-phar.<\/strong><\/p>\n<p>Chaque \u00e9pisode ARTI\u2019TEACH by ARCHES\u00ae vous invite, de fa\u00e7on ludique et didactique, \u00e0 d\u00e9couvrir plus en profondeur les papiers ARCHES\u00ae, leurs propri\u00e9t\u00e9s, leurs sp\u00e9cificit\u00e9s et leurs applications.[\/vc_column_text][\/vc_column][vc_column width=&#8221;1\/4&#8243;][\/vc_column][\/vc_row][vc_row][vc_column]<style>.ld_spacer_6a0152aad228c{height:96px;}<\/style>\n<div class=\"ld-empty-space ld_spacer_6a0152aad228c\"><span class=\"liquid_empty_space_inner\"><\/span><\/div>[vc_column_text]<\/p>\n<h2 style=\"text-align: center;\">ARTI&#8217;TEACH by ARCHES\u00ae N\u00b08 &#8211; Bloc ARCHES\u00ae Aquarelle, \u00e9pisode 3<\/h2>\n<p>[\/vc_column_text][vc_video link=&#8221;https:\/\/youtu.be\/eaVyzW1xXkQ&#8221; align=&#8221;center&#8221; css_animation=&#8221;bounceIn&#8221; css=&#8221;.vc_custom_1769789761039{padding-top: 5px !important;padding-right: 5px !important;padding-bottom: 5px !important;padding-left: 5px !important;}&#8221;]<style>.ld_spacer_6a0152aad232d{height:32px;}<\/style>\n<div class=\"ld-empty-space ld_spacer_6a0152aad232d\"><span class=\"liquid_empty_space_inner\"><\/span><\/div>[\/vc_column][\/vc_row][vc_row][vc_column]<style>.ld_spacer_6a0152aad2381{height:96px;}<\/style>\n<div class=\"ld-empty-space ld_spacer_6a0152aad2381\"><span class=\"liquid_empty_space_inner\"><\/span><\/div>[vc_column_text]<\/p>\n<h2 style=\"text-align: center;\">ARTI&#8217;TEACH by ARCHES\u00ae N\u00b07 &#8211; Bloc ARCHES\u00ae Aquarelle, \u00e9pisode 2<\/h2>\n<p>[\/vc_column_text][vc_video link=&#8221;https:\/\/youtu.be\/iS9HjhmuFqU&#8221; align=&#8221;center&#8221; css_animation=&#8221;bounceIn&#8221; css=&#8221;.vc_custom_1749051939069{padding-top: 5px !important;padding-right: 5px !important;padding-bottom: 5px !important;padding-left: 5px !important;}&#8221;]<style>.ld_spacer_6a0152aad23cb{height:32px;}<\/style>\n<div class=\"ld-empty-space ld_spacer_6a0152aad23cb\"><span class=\"liquid_empty_space_inner\"><\/span><\/div>[\/vc_column][\/vc_row][vc_row][vc_column]<style>.ld_spacer_6a0152aad2419{height:96px;}<\/style>\n<div class=\"ld-empty-space ld_spacer_6a0152aad2419\"><span class=\"liquid_empty_space_inner\"><\/span><\/div>[vc_column_text]<\/p>\n<h2 style=\"text-align: center;\">ARTI&#8217;TEACH by ARCHES\u00ae N\u00b07 &#8211; Bloc ARCHES\u00ae Aquarelle, \u00e9pisode 1<\/h2>\n<p>[\/vc_column_text][vc_video link=&#8221;https:\/\/youtu.be\/NU9YFgz4_J0&#8243; align=&#8221;center&#8221; css_animation=&#8221;bounceIn&#8221; css=&#8221;.vc_custom_1747041316418{padding-top: 5px !important;padding-right: 5px !important;padding-bottom: 5px !important;padding-left: 5px !important;}&#8221;]<style>.ld_spacer_6a0152aad245e{height:32px;}<\/style>\n<div class=\"ld-empty-space ld_spacer_6a0152aad245e\"><span class=\"liquid_empty_space_inner\"><\/span><\/div>[\/vc_column][\/vc_row][vc_row][vc_column]<style>.ld_spacer_6a0152aad24aa{height:96px;}<\/style>\n<div class=\"ld-empty-space ld_spacer_6a0152aad24aa\"><span class=\"liquid_empty_space_inner\"><\/span><\/div>[vc_column_text]<\/p>\n<h2 style=\"text-align: center;\">ARTI&#8217;TEACH by ARCHES\u00ae N\u00b06 &#8211; Le filigrane, \u00e9pisode 3<\/h2>\n<p>[\/vc_column_text][vc_video link=&#8221;https:\/\/youtu.be\/sqXLYQJQtwQ&#8221; align=&#8221;center&#8221; css_animation=&#8221;bounceIn&#8221; css=&#8221;.vc_custom_1739784233241{padding-top: 5px !important;padding-right: 5px !important;padding-bottom: 5px !important;padding-left: 5px !important;}&#8221;]<style>.ld_spacer_6a0152aad24ec{height:32px;}<\/style>\n<div class=\"ld-empty-space ld_spacer_6a0152aad24ec\"><span class=\"liquid_empty_space_inner\"><\/span><\/div>[\/vc_column][\/vc_row][vc_row][vc_column]<style>.ld_spacer_6a0152aad2530{height:96px;}<\/style>\n<div class=\"ld-empty-space ld_spacer_6a0152aad2530\"><span class=\"liquid_empty_space_inner\"><\/span><\/div>[vc_column_text]<\/p>\n<h2 style=\"text-align: center;\">ARTI&#8217;TEACH by ARCHES\u00ae N\u00b06 &#8211; Le filigrane, \u00e9pisode 2<\/h2>\n<p>[\/vc_column_text][vc_video link=&#8221;https:\/\/youtu.be\/Fk4LpBHXxuA&#8221; align=&#8221;center&#8221; css_animation=&#8221;bounceIn&#8221; css=&#8221;.vc_custom_1736776360244{padding-top: 5px !important;padding-right: 5px !important;padding-bottom: 5px !important;padding-left: 5px !important;}&#8221;]<style>.ld_spacer_6a0152aad2570{height:32px;}<\/style>\n<div class=\"ld-empty-space ld_spacer_6a0152aad2570\"><span class=\"liquid_empty_space_inner\"><\/span><\/div>[\/vc_column][\/vc_row][vc_row][vc_column]<style>.ld_spacer_6a0152aad25b6{height:96px;}<\/style>\n<div class=\"ld-empty-space ld_spacer_6a0152aad25b6\"><span class=\"liquid_empty_space_inner\"><\/span><\/div>[vc_column_text]<\/p>\n<h2 style=\"text-align: center;\">ARTI&#8217;TEACH by ARCHES\u00ae N\u00b06 &#8211; Le filigrane, \u00e9pisode 1<\/h2>\n<p>[\/vc_column_text][vc_video link=&#8221;https:\/\/youtu.be\/_wdFGTcH9W0&#8243; align=&#8221;center&#8221; css_animation=&#8221;bounceIn&#8221; css=&#8221;.vc_custom_1731420329612{padding-top: 5px !important;padding-right: 5px !important;padding-bottom: 5px !important;padding-left: 5px !important;}&#8221;]<style>.ld_spacer_6a0152aad25f6{height:32px;}<\/style>\n<div class=\"ld-empty-space ld_spacer_6a0152aad25f6\"><span class=\"liquid_empty_space_inner\"><\/span><\/div>[\/vc_column][\/vc_row][vc_row][vc_column]<style>.ld_spacer_6a0152aad2636{height:96px;}<\/style>\n<div class=\"ld-empty-space ld_spacer_6a0152aad2636\"><span class=\"liquid_empty_space_inner\"><\/span><\/div>[vc_column_text]<\/p>\n<h2 style=\"text-align: center;\">ARTI&#8217;TEACH by ARCHES\u00ae N\u00b05 &#8211; Les papiers ARCHES\u00ae grands formats<\/h2>\n<p>[\/vc_column_text][vc_video link=&#8221;https:\/\/youtu.be\/wlC7W7cG3Bw&#8221; align=&#8221;center&#8221; css_animation=&#8221;bounceIn&#8221; css=&#8221;.vc_custom_1721895306050{padding-top: 5px !important;padding-right: 5px !important;padding-bottom: 5px !important;padding-left: 5px !important;}&#8221;]<style>.ld_spacer_6a0152aad2673{height:32px;}<\/style>\n<div class=\"ld-empty-space ld_spacer_6a0152aad2673\"><span class=\"liquid_empty_space_inner\"><\/span><\/div>[\/vc_column][\/vc_row][vc_row][vc_column]<style>.ld_spacer_6a0152aad26b2{height:96px;}<\/style>\n<div class=\"ld-empty-space ld_spacer_6a0152aad26b2\"><span class=\"liquid_empty_space_inner\"><\/span><\/div>[vc_column_text]<\/p>\n<h2 style=\"text-align: center;\">ARTI&#8217;TEACH by ARCHES\u00ae N\u00b04 &#8211; Les papiers ARCHES\u00ae destin\u00e9s \u00e0 la calligraphie &#8211; Episode 2<\/h2>\n<p>[\/vc_column_text][vc_video link=&#8221;https:\/\/youtu.be\/X_7fnMVyCmE&#8221; align=&#8221;center&#8221; css_animation=&#8221;bounceIn&#8221; css=&#8221;.vc_custom_1708422635301{padding-top: 5px !important;padding-right: 5px !important;padding-bottom: 5px !important;padding-left: 5px !important;}&#8221;]<style>.ld_spacer_6a0152aad26ee{height:32px;}<\/style>\n<div class=\"ld-empty-space ld_spacer_6a0152aad26ee\"><span class=\"liquid_empty_space_inner\"><\/span><\/div>[\/vc_column][\/vc_row][vc_row][vc_column]<style>.ld_spacer_6a0152aad272c{height:96px;}<\/style>\n<div class=\"ld-empty-space ld_spacer_6a0152aad272c\"><span class=\"liquid_empty_space_inner\"><\/span><\/div>[vc_column_text]<\/p>\n<h2 style=\"text-align: center;\">ARTI&#8217;TEACH by ARCHES\u00ae N\u00b04 &#8211; Les papiers ARCHES\u00ae destin\u00e9s \u00e0 la calligraphie &#8211; Episode 1<\/h2>\n<p>[\/vc_column_text][vc_video link=&#8221;https:\/\/youtu.be\/qas63X-Ktik&#8221; align=&#8221;center&#8221; css_animation=&#8221;bounceIn&#8221; css=&#8221;.vc_custom_1701014080606{padding-top: 5px !important;padding-right: 5px !important;padding-bottom: 5px !important;padding-left: 5px !important;}&#8221;]<style>.ld_spacer_6a0152aad2767{height:32px;}<\/style>\n<div class=\"ld-empty-space ld_spacer_6a0152aad2767\"><span class=\"liquid_empty_space_inner\"><\/span><\/div>[\/vc_column][\/vc_row][vc_row][vc_column]<style>.ld_spacer_6a0152aad27a3{height:96px;}<\/style>\n<div class=\"ld-empty-space ld_spacer_6a0152aad27a3\"><span class=\"liquid_empty_space_inner\"><\/span><\/div>[vc_column_text]<\/p>\n<h2 style=\"text-align: center;\">ARTI&#8217;TEACH by ARCHES\u00ae N\u00b03 &#8211; Les papiers ARCHES\u00ae destin\u00e9s au dessin<\/h2>\n<p>[\/vc_column_text][vc_video link=&#8221;https:\/\/youtu.be\/MY54ZF0y9f8&#8243; align=&#8221;center&#8221; css_animation=&#8221;bounceIn&#8221; css=&#8221;.vc_custom_1668522045766{padding-top: 5px !important;padding-right: 5px !important;padding-bottom: 5px !important;padding-left: 5px !important;}&#8221;]<style>.ld_spacer_6a0152aad27dc{height:32px;}<\/style>\n<div class=\"ld-empty-space ld_spacer_6a0152aad27dc\"><span class=\"liquid_empty_space_inner\"><\/span><\/div>[\/vc_column][\/vc_row][vc_row][vc_column]<style>.ld_spacer_6a0152aad2818{height:96px;}<\/style>\n<div class=\"ld-empty-space ld_spacer_6a0152aad2818\"><span class=\"liquid_empty_space_inner\"><\/span><\/div>[vc_column_text]<\/p>\n<h2 style=\"text-align: center;\">ARTI&#8217;TEACH by ARCHES\u00ae N\u00b02 &#8211; ARCHES\u00ae Aquarelle<\/h2>\n<p>[\/vc_column_text][vc_video link=&#8221;https:\/\/youtu.be\/a7jZUulsVEs&#8221; align=&#8221;center&#8221; css_animation=&#8221;bounceIn&#8221; css=&#8221;.vc_custom_1653489614660{padding-top: 5px !important;padding-right: 5px !important;padding-bottom: 5px !important;padding-left: 5px !important;}&#8221;]<style>.ld_spacer_6a0152aad2850{height:32px;}<\/style>\n<div class=\"ld-empty-space ld_spacer_6a0152aad2850\"><span class=\"liquid_empty_space_inner\"><\/span><\/div>[\/vc_column][\/vc_row][vc_row][vc_column]<style>.ld_spacer_6a0152aad2894{height:96px;}<\/style>\n<div class=\"ld-empty-space ld_spacer_6a0152aad2894\"><span class=\"liquid_empty_space_inner\"><\/span><\/div>[vc_column_text]<\/p>\n<h2 style=\"text-align: center;\">ARTI&#8217;TEACH by ARCHES\u00ae N\u00b01 &#8211; Huile<\/h2>\n<p>[\/vc_column_text][vc_video link=&#8221;https:\/\/youtu.be\/lWAqE9A1b3Q&#8221; align=&#8221;center&#8221; css_animation=&#8221;bounceIn&#8221; css=&#8221;.vc_custom_1638971625561{padding-top: 5px !important;padding-right: 5px !important;padding-bottom: 5px !important;padding-left: 5px !important;}&#8221;]<style>.ld_spacer_6a0152aad28cd{height:32px;}<\/style>\n<div class=\"ld-empty-space ld_spacer_6a0152aad28cd\"><span class=\"liquid_empty_space_inner\"><\/span><\/div>[\/vc_column][\/vc_row][vc_row][vc_column]<style>.ld_spacer_6a0152aad2904{height:32px;}<\/style>\n<div class=\"ld-empty-space ld_spacer_6a0152aad2904\"><span class=\"liquid_empty_space_inner\"><\/span><\/div>[\/vc_column][\/vc_row]<\/p>\n<\/div>","protected":false},"excerpt":{"rendered":"[vc_row][vc_column width=&#8221;1\/4&#8243;][\/vc_column][vc_column width=&#8221;1\/2&#8243;][vc_single_image image=&#8221;35556&#8243; img_size=&#8221;large&#8221; alignment=&#8221;center&#8221; css_animation=&#8221;bounceIn&#8221;][vc_column_text el_class=&#8221;justify&#8221;]ARTI\u2019TEACH by ARCHES\u00ae est notre programme vid\u00e9o pr\u00e9sent\u00e9&#8230;","protected":false},"author":17,"featured_media":0,"parent":0,"menu_order":0,"comment_status":"closed","ping_status":"closed","template":"","meta":{"footnotes":""},"tags":[],"class_list":["post-35553","page","type-page","status-publish","hentry"],"yoast_head":"<!-- This site is optimized with the Yoast SEO plugin v27.1.1 - https:\/\/yoast.com\/product\/yoast-seo-wordpress\/ -->\n<title>ARTI&#039;TEACH by ARCHES pour d\u00e9couvrir les papiers ARCHES en vid\u00e9o<\/title>\n<meta name=\"description\" content=\"ARTI&#039;TEACH by ARCHES est notre programme vid\u00e9o qui vous invite \u00e0 d\u00e9couvrir les papiers ARCHES, leurs propri\u00e9t\u00e9s, leurs sp\u00e9cificit\u00e9s et leurs applications.\" \/>\n<meta name=\"robots\" content=\"index, follow, max-snippet:-1, max-image-preview:large, max-video-preview:-1\" \/>\n<link rel=\"canonical\" href=\"https:\/\/arches-papers.com\/fr\/artiteach-by-arches\/\" \/>\n<meta property=\"og:locale\" content=\"fr_FR\" \/>\n<meta property=\"og:type\" content=\"article\" \/>\n<meta property=\"og:title\" content=\"ARTI&#039;TEACH by ARCHES pour d\u00e9couvrir les papiers ARCHES en vid\u00e9o\" \/>\n<meta property=\"og:description\" content=\"ARTI&#039;TEACH by ARCHES est notre programme vid\u00e9o qui vous invite \u00e0 d\u00e9couvrir les papiers ARCHES, leurs propri\u00e9t\u00e9s, leurs sp\u00e9cificit\u00e9s et leurs applications.\" \/>\n<meta property=\"og:url\" content=\"https:\/\/arches-papers.com\/fr\/artiteach-by-arches\/\" \/>\n<meta property=\"og:site_name\" content=\"Arches Papers\" \/>\n<meta property=\"article:modified_time\" content=\"2026-01-30T16:16:03+00:00\" \/>\n<meta name=\"twitter:card\" content=\"summary_large_image\" \/>\n<meta name=\"twitter:label1\" content=\"Dur\u00e9e de lecture estim\u00e9e\" \/>\n\t<meta name=\"twitter:data1\" content=\"4 minutes\" \/>\n<script type=\"application\/ld+json\" class=\"yoast-schema-graph\">{\"@context\":\"https:\/\/schema.org\",\"@graph\":[{\"@type\":\"WebPage\",\"@id\":\"https:\/\/arches-papers.com\/fr\/artiteach-by-arches\/\",\"url\":\"https:\/\/arches-papers.com\/fr\/artiteach-by-arches\/\",\"name\":\"ARTI'TEACH by ARCHES pour d\u00e9couvrir les papiers ARCHES en vid\u00e9o\",\"isPartOf\":{\"@id\":\"https:\/\/arches-papers.com\/fr\/#website\"},\"datePublished\":\"2021-12-08T13:53:12+00:00\",\"dateModified\":\"2026-01-30T16:16:03+00:00\",\"description\":\"ARTI'TEACH by ARCHES est notre programme vid\u00e9o qui vous invite \u00e0 d\u00e9couvrir les papiers ARCHES, leurs propri\u00e9t\u00e9s, leurs sp\u00e9cificit\u00e9s et leurs applications.\",\"breadcrumb\":{\"@id\":\"https:\/\/arches-papers.com\/fr\/artiteach-by-arches\/#breadcrumb\"},\"inLanguage\":\"fr-FR\",\"potentialAction\":[{\"@type\":\"ReadAction\",\"target\":[\"https:\/\/arches-papers.com\/fr\/artiteach-by-arches\/\"]}]},{\"@type\":\"BreadcrumbList\",\"@id\":\"https:\/\/arches-papers.com\/fr\/artiteach-by-arches\/#breadcrumb\",\"itemListElement\":[{\"@type\":\"ListItem\",\"position\":1,\"name\":\"Accueil\",\"item\":\"https:\/\/arches-papers.com\/fr\/\"},{\"@type\":\"ListItem\",\"position\":2,\"name\":\"ARTI&#8217;TEACH by ARCHES\u00ae\"}]},{\"@type\":\"WebSite\",\"@id\":\"https:\/\/arches-papers.com\/fr\/#website\",\"url\":\"https:\/\/arches-papers.com\/fr\/\",\"name\":\"Arches Papers\",\"description\":\"Fabricant de papier\",\"potentialAction\":[{\"@type\":\"SearchAction\",\"target\":{\"@type\":\"EntryPoint\",\"urlTemplate\":\"https:\/\/arches-papers.com\/fr\/?s={search_term_string}\"},\"query-input\":{\"@type\":\"PropertyValueSpecification\",\"valueRequired\":true,\"valueName\":\"search_term_string\"}}],\"inLanguage\":\"fr-FR\"}]}<\/script>\n<!-- \/ Yoast SEO plugin. -->","yoast_head_json":{"title":"ARTI'TEACH by ARCHES pour d\u00e9couvrir les papiers ARCHES en vid\u00e9o","description":"ARTI'TEACH by ARCHES est notre programme vid\u00e9o qui vous invite \u00e0 d\u00e9couvrir les papiers ARCHES, leurs propri\u00e9t\u00e9s, leurs sp\u00e9cificit\u00e9s et leurs applications.","robots":{"index":"index","follow":"follow","max-snippet":"max-snippet:-1","max-image-preview":"max-image-preview:large","max-video-preview":"max-video-preview:-1"},"canonical":"https:\/\/arches-papers.com\/fr\/artiteach-by-arches\/","og_locale":"fr_FR","og_type":"article","og_title":"ARTI'TEACH by ARCHES pour d\u00e9couvrir les papiers ARCHES en vid\u00e9o","og_description":"ARTI'TEACH by ARCHES est notre programme vid\u00e9o qui vous invite \u00e0 d\u00e9couvrir les papiers ARCHES, leurs propri\u00e9t\u00e9s, leurs sp\u00e9cificit\u00e9s et leurs applications.","og_url":"https:\/\/arches-papers.com\/fr\/artiteach-by-arches\/","og_site_name":"Arches Papers","article_modified_time":"2026-01-30T16:16:03+00:00","twitter_card":"summary_large_image","twitter_misc":{"Dur\u00e9e de lecture estim\u00e9e":"4 minutes"},"schema":{"@context":"https:\/\/schema.org","@graph":[{"@type":"WebPage","@id":"https:\/\/arches-papers.com\/fr\/artiteach-by-arches\/","url":"https:\/\/arches-papers.com\/fr\/artiteach-by-arches\/","name":"ARTI'TEACH by ARCHES pour d\u00e9couvrir les papiers ARCHES en vid\u00e9o","isPartOf":{"@id":"https:\/\/arches-papers.com\/fr\/#website"},"datePublished":"2021-12-08T13:53:12+00:00","dateModified":"2026-01-30T16:16:03+00:00","description":"ARTI'TEACH by ARCHES est notre programme vid\u00e9o qui vous invite \u00e0 d\u00e9couvrir les papiers ARCHES, leurs propri\u00e9t\u00e9s, leurs sp\u00e9cificit\u00e9s et leurs applications.","breadcrumb":{"@id":"https:\/\/arches-papers.com\/fr\/artiteach-by-arches\/#breadcrumb"},"inLanguage":"fr-FR","potentialAction":[{"@type":"ReadAction","target":["https:\/\/arches-papers.com\/fr\/artiteach-by-arches\/"]}]},{"@type":"BreadcrumbList","@id":"https:\/\/arches-papers.com\/fr\/artiteach-by-arches\/#breadcrumb","itemListElement":[{"@type":"ListItem","position":1,"name":"Accueil","item":"https:\/\/arches-papers.com\/fr\/"},{"@type":"ListItem","position":2,"name":"ARTI&#8217;TEACH by ARCHES\u00ae"}]},{"@type":"WebSite","@id":"https:\/\/arches-papers.com\/fr\/#website","url":"https:\/\/arches-papers.com\/fr\/","name":"Arches Papers","description":"Fabricant de papier","potentialAction":[{"@type":"SearchAction","target":{"@type":"EntryPoint","urlTemplate":"https:\/\/arches-papers.com\/fr\/?s={search_term_string}"},"query-input":{"@type":"PropertyValueSpecification","valueRequired":true,"valueName":"search_term_string"}}],"inLanguage":"fr-FR"}]}},"_links":{"self":[{"href":"https:\/\/arches-papers.com\/fr\/wp-json\/wp\/v2\/pages\/35553","targetHints":{"allow":["GET"]}}],"collection":[{"href":"https:\/\/arches-papers.com\/fr\/wp-json\/wp\/v2\/pages"}],"about":[{"href":"https:\/\/arches-papers.com\/fr\/wp-json\/wp\/v2\/types\/page"}],"author":[{"embeddable":true,"href":"https:\/\/arches-papers.com\/fr\/wp-json\/wp\/v2\/users\/17"}],"replies":[{"embeddable":true,"href":"https:\/\/arches-papers.com\/fr\/wp-json\/wp\/v2\/comments?post=35553"}],"version-history":[{"count":0,"href":"https:\/\/arches-papers.com\/fr\/wp-json\/wp\/v2\/pages\/35553\/revisions"}],"wp:attachment":[{"href":"https:\/\/arches-papers.com\/fr\/wp-json\/wp\/v2\/media?parent=35553"}],"wp:term":[{"taxonomy":"post_tag","embeddable":true,"href":"https:\/\/arches-papers.com\/fr\/wp-json\/wp\/v2\/tags?post=35553"}],"curies":[{"name":"wp","href":"https:\/\/api.w.org\/{rel}","templated":true}]}}