{"id":35673,"date":"2021-12-09T17:54:15","date_gmt":"2021-12-09T16:54:15","guid":{"rendered":"https:\/\/arches-papers.com\/?page_id=35673"},"modified":"2024-10-16T18:04:34","modified_gmt":"2024-10-16T16:04:34","slug":"normes-iso","status":"publish","type":"page","link":"https:\/\/arches-papers.com\/fr\/moulin-a-papier-arches-qui-sommes-nous\/arches-vs-le-developpement-durable\/normes-iso\/","title":{"rendered":"Normes ISO"},"content":{"rendered":"<div class=\"wpb-content-wrapper\"><p>[vc_row][vc_column][vc_empty_space height=&#8221;50px&#8221;][\/vc_column][\/vc_row][vc_row el_class=&#8221;line-right&#8221;][vc_column]<style>.ld_fancy_heading_6a0153a381a39 .lqd-highlight-inner{height:0.275em;bottom:0px;}<\/style><div class=\"ld-fancy-heading text-right text-uppercase ld_fancy_heading_6a0153a381a39\">\n\t<h3 class=\"lqd-highlight-underline lqd-highlight-grow-left\" ><span class=\"ld-fh-txt\"> <\/p>\n<p>Une entreprise<br \/>\n<span style=\"font-size: 60px;line-height: 50px\">responsable<\/span><\/p>\n<p><\/span><\/h3><\/div>[\/vc_column][\/vc_row][vc_row][vc_column width=&#8221;1\/2&#8243;][vc_single_image image=&#8221;14470&#8243; img_size=&#8221;large&#8221; css_animation=&#8221;fadeInLeft&#8221;][\/vc_column][vc_column width=&#8221;1\/2&#8243;][vc_empty_space height=&#8221;150px&#8221;][vc_column_text css_animation=&#8221;fadeInUp&#8221;]Les papiers ARCHES\u00ae sont n\u00e9s en 1492 dans les Vosges et continuent \u00e0 y \u00eatre fabriqu\u00e9s.<\/p>\n<p>Cette production \u00ab\u00a0made in France\u00a0\u00bb fait partie int\u00e9grante des pr\u00e9occupations soci\u00e9tales du Moulin \u00e0 papier d\u2019Arches qui favorise les emplois locaux et participe \u00e0 la transmission des savoir-faire sp\u00e9cifiques \u00e0 l\u2019industrie papeti\u00e8re. C\u2019est d\u2019ailleurs l\u2019une des raisons qui lui ont permis d\u2019acqu\u00e9rir le prestigieux label EPV.[\/vc_column_text][vc_empty_space height=&#8221;50px&#8221;][\/vc_column][\/vc_row][vc_row][vc_column width=&#8221;1\/2&#8243;]<style>.ld_spacer_6a0153a381bdc{height:50px;}<\/style>\n<div class=\"ld-empty-space ld_spacer_6a0153a381bdc\"><span class=\"liquid_empty_space_inner\"><\/span><\/div>[vc_column_text css_animation=&#8221;fadeInUp&#8221;]La satisfaction clients est primordiale pour ARCHES\u00ae qui est \u00e0 l\u2019\u00e9coute des besoins des utilisateurs finaux de ses produits. Le Moulin \u00e0 papier d\u2019Arches r\u00e9pond aux attentes de ses clients en fabriquant des produits s\u00fbrs, conformes \u00e0 la r\u00e9glementation et aux exigences de qualit\u00e9 et de performances qu\u2019ils attendent.<\/p>\n<p>Conform\u00e9ment aux principes de l\u2019am\u00e9lioration continue et afin de garantir des produits et services fiables et de bonne qualit\u00e9, de pr\u00e9server la sant\u00e9, l\u2019int\u00e9grit\u00e9 et le bien-\u00eatre de ses collaborateurs et de prot\u00e9ger l\u2019environnement, le Moulin d\u2019Arches est d\u00e9tenteur des normes ISO suivantes :[\/vc_column_text][\/vc_column][vc_column width=&#8221;1\/2&#8243;][vc_row_inner][vc_column_inner width=&#8221;1\/3&#8243;][\/vc_column_inner][vc_column_inner width=&#8221;2\/3&#8243;][vc_single_image image=&#8221;14466&#8243; img_size=&#8221;full&#8221; css_animation=&#8221;fadeInUp&#8221; css=&#8221;.vc_custom_1585929746415{margin-top: -50px !important;margin-left: 50px !important;}&#8221;][\/vc_column_inner][\/vc_row_inner][\/vc_column][\/vc_row][vc_row][vc_column][vc_row_inner][vc_column_inner width=&#8221;1\/2&#8243;][\/vc_column_inner][vc_column_inner width=&#8221;1\/2&#8243;][\/vc_column_inner][\/vc_row_inner]<style>.ld_spacer_6a0153a381c54{height:50px;}<\/style>\n<div class=\"ld-empty-space ld_spacer_6a0153a381c54\"><span class=\"liquid_empty_space_inner\"><\/span><\/div>[\/vc_column][\/vc_row][vc_row][vc_column width=&#8221;1\/4&#8243;][vc_empty_space height=&#8221;1&#8243;][\/vc_column][vc_column width=&#8221;1\/4&#8243;][\/vc_column][\/vc_row][vc_row][vc_column width=&#8221;1\/4&#8243;][vc_empty_space height=&#8221;1&#8243;][\/vc_column][vc_column width=&#8221;1\/2&#8243; enable_content_animation=&#8221;yes&#8221; animation_preset=&#8221;Fade In Up&#8221;][vc_single_image image=&#8221;14017&#8243; img_size=&#8221;medium&#8221; alignment=&#8221;center&#8221;][vc_column_text]<\/p>\n<h4 style=\"text-align: center;\">ISO 9001 (Management de la qualit\u00e9)<\/h4>\n<p style=\"text-align: center;\">Le savoir-faire de ARCHES\u00ae et la qualit\u00e9 de ses papiers fabriqu\u00e9s dans la plus pure tradition sont le r\u00e9sultat d\u2019une longue et riche exp\u00e9rience et d\u2019une recherche permanente de la perfection.<br \/>\nDans ses fabrications, ARCHES\u00ae a toujours plac\u00e9 la qualit\u00e9 \u00e0 un niveau tr\u00e8s \u00e9lev\u00e9, devenant ainsi une r\u00e9f\u00e9rence incontournable dans le monde du papier pour les amateurs comme pour les professionnels les plus exigeants.<\/p>\n<p>[\/vc_column_text][\/vc_column][vc_column width=&#8221;1\/4&#8243;][\/vc_column][\/vc_row][vc_row][vc_column]<style>.ld_spacer_6a0153a381ca0{height:32px;}<\/style>\n<div class=\"ld-empty-space ld_spacer_6a0153a381ca0\"><span class=\"liquid_empty_space_inner\"><\/span><\/div>[\/vc_column][\/vc_row][vc_row][vc_column width=&#8221;1\/4&#8243;][vc_empty_space height=&#8221;1&#8243;][\/vc_column][vc_column width=&#8221;1\/2&#8243; enable_content_animation=&#8221;yes&#8221; animation_preset=&#8221;Fade In Up&#8221;][vc_single_image image=&#8221;14005&#8243; img_size=&#8221;medium&#8221; alignment=&#8221;center&#8221;][vc_column_text]<\/p>\n<h4 style=\"text-align: center;\">ISO 45001 (Management de la sant\u00e9 et la s\u00e9curit\u00e9 au travail)<\/h4>\n<p style=\"text-align: center;\">Le Moulin \u00e0 papier d\u2019Arches assure la pr\u00e9servation de la sant\u00e9 et la s\u00e9curit\u00e9 des personnes et des biens :<br \/>\n&#8211; En procurant des conditions de travail s\u00fbres et saines,<br \/>\n&#8211; En pr\u00e9venant les blessures, les accidents de travail et les atteintes \u00e0 la sant\u00e9,<br \/>\n&#8211; En d\u00e9veloppant une culture de la pr\u00e9vention.<br \/>\nToutes les mati\u00e8res premi\u00e8res utilis\u00e9es sur le site sont en conformit\u00e9 avec la r\u00e9glementation europ\u00e9enne REACH qui prot\u00e8ge la sant\u00e9 humaine et l\u2019environnement.<\/p>\n<p>[\/vc_column_text][\/vc_column][vc_column width=&#8221;1\/4&#8243;][\/vc_column][\/vc_row][vc_row][vc_column]<style>.ld_spacer_6a0153a381ce7{height:32px;}<\/style>\n<div class=\"ld-empty-space ld_spacer_6a0153a381ce7\"><span class=\"liquid_empty_space_inner\"><\/span><\/div>[\/vc_column][\/vc_row][vc_row][vc_column width=&#8221;1\/4&#8243;][vc_empty_space height=&#8221;1&#8243;][\/vc_column][vc_column width=&#8221;1\/2&#8243; enable_content_animation=&#8221;yes&#8221; animation_preset=&#8221;Fade In Up&#8221;][vc_single_image image=&#8221;14009&#8243; img_size=&#8221;medium&#8221; alignment=&#8221;center&#8221;][vc_column_text]<\/p>\n<h4 style=\"text-align: center;\">ISO 14001 (Management des impacts environnementaux)<\/h4>\n<p style=\"text-align: center;\">Les proc\u00e9d\u00e9s de fabrication permettent d\u2019\u00e9conomiser l\u2019eau et l\u2019\u00e9nergie, d\u2019optimiser et de valoriser le recyclage et de r\u00e9duire le gaspillage des mati\u00e8res.<\/p>\n<p style=\"text-align: center;\">Tous les moyens sont mis en \u0153uvre pour pr\u00e9venir les pollutions et les nuisances.<br \/>\nUne station de traitement mixte des eaux (effluents) c\u2019est-\u00e0-dire un double traitement avec un \u00e9tage physico-chimique et un \u00e9tage biologique qui permet de r\u00e9utiliser jusqu\u2019\u00e0 25 % de l\u2019eau \u00e9pur\u00e9e et de r\u00e9duire ainsi l\u2019impact sur l\u2019environnement. L\u2019eau qui est trait\u00e9e par cette station est restitu\u00e9e propre dans le milieu naturel.<\/p>\n<p>[\/vc_column_text]<style>.ld_spacer_6a0153a381d28{height:32px;}<\/style>\n<div class=\"ld-empty-space ld_spacer_6a0153a381d28\"><span class=\"liquid_empty_space_inner\"><\/span><\/div>[\/vc_column][vc_column width=&#8221;1\/4&#8243;][\/vc_column][\/vc_row][vc_row][vc_column width=&#8221;1\/4&#8243;][vc_empty_space height=&#8221;1&#8243;][\/vc_column][vc_column width=&#8221;1\/2&#8243; enable_content_animation=&#8221;yes&#8221; animation_preset=&#8221;Fade In Up&#8221;][vc_single_image image=&#8221;14013&#8243; img_size=&#8221;medium&#8221; alignment=&#8221;center&#8221;][vc_column_text]<\/p>\n<p style=\"text-align: center;\">Par ailleurs, le Moulin \u00e0 papier d\u2019Arches b\u00e9n\u00e9ficie du syst\u00e8me de cog\u00e9n\u00e9ration, production d\u2019\u00e9lectricit\u00e9 et de vapeur, d&#8217;un site certifi\u00e9 ISO 50001.<\/p>\n<p>[\/vc_column_text][\/vc_column][vc_column width=&#8221;1\/4&#8243;][\/vc_column][\/vc_row]<\/p>\n<\/div>","protected":false},"excerpt":{"rendered":"[vc_row][vc_column][vc_empty_space height=&#8221;50px&#8221;][\/vc_column][\/vc_row][vc_row el_class=&#8221;line-right&#8221;][vc_column][\/vc_column][\/vc_row][vc_row][vc_column width=&#8221;1\/2&#8243;][vc_single_image image=&#8221;14470&#8243; img_size=&#8221;large&#8221; css_animation=&#8221;fadeInLeft&#8221;][\/vc_column][vc_column width=&#8221;1\/2&#8243;][vc_empty_space height=&#8221;150px&#8221;][vc_column_text css_animation=&#8221;fadeInUp&#8221;]Les papiers ARCHES\u00ae sont n\u00e9s en&#8230;","protected":false},"author":17,"featured_media":0,"parent":13754,"menu_order":1,"comment_status":"closed","ping_status":"closed","template":"","meta":{"footnotes":""},"tags":[],"class_list":["post-35673","page","type-page","status-publish","hentry"],"yoast_head":"<!-- This site is optimized with the Yoast SEO plugin v27.1.1 - https:\/\/yoast.com\/product\/yoast-seo-wordpress\/ -->\n<title>Normes ISO - Arches Papers<\/title>\n<meta name=\"description\" content=\"Le Moulin d\u2019Arches est d\u00e9tenteur des normes ISO qui garantitssent des produits et services fiables et de bonne qualit\u00e9, pr\u00e9serve la sant\u00e9, l\u2019int\u00e9grit\u00e9 et le bien-\u00eatre de ses collaborateurs et prot\u00e8ge l\u2019environnement.\" \/>\n<meta name=\"robots\" content=\"index, follow, max-snippet:-1, max-image-preview:large, max-video-preview:-1\" \/>\n<link rel=\"canonical\" href=\"https:\/\/arches-papers.com\/fr\/moulin-a-papier-arches-qui-sommes-nous\/arches-vs-le-developpement-durable\/normes-iso\/\" \/>\n<meta property=\"og:locale\" content=\"fr_FR\" \/>\n<meta property=\"og:type\" content=\"article\" \/>\n<meta property=\"og:title\" content=\"Normes ISO - Arches Papers\" \/>\n<meta property=\"og:description\" content=\"Le Moulin d\u2019Arches est d\u00e9tenteur des normes ISO qui garantitssent des produits et services fiables et de bonne qualit\u00e9, pr\u00e9serve la sant\u00e9, l\u2019int\u00e9grit\u00e9 et le bien-\u00eatre de ses collaborateurs et prot\u00e8ge l\u2019environnement.\" \/>\n<meta property=\"og:url\" content=\"https:\/\/arches-papers.com\/fr\/moulin-a-papier-arches-qui-sommes-nous\/arches-vs-le-developpement-durable\/normes-iso\/\" \/>\n<meta property=\"og:site_name\" content=\"Arches Papers\" \/>\n<meta property=\"article:modified_time\" content=\"2024-10-16T16:04:34+00:00\" \/>\n<meta name=\"twitter:card\" content=\"summary_large_image\" \/>\n<meta name=\"twitter:label1\" content=\"Dur\u00e9e de lecture estim\u00e9e\" \/>\n\t<meta name=\"twitter:data1\" content=\"4 minutes\" \/>\n<script type=\"application\/ld+json\" class=\"yoast-schema-graph\">{\"@context\":\"https:\/\/schema.org\",\"@graph\":[{\"@type\":\"WebPage\",\"@id\":\"https:\/\/arches-papers.com\/fr\/moulin-a-papier-arches-qui-sommes-nous\/arches-vs-le-developpement-durable\/normes-iso\/\",\"url\":\"https:\/\/arches-papers.com\/fr\/moulin-a-papier-arches-qui-sommes-nous\/arches-vs-le-developpement-durable\/normes-iso\/\",\"name\":\"Normes ISO - Arches Papers\",\"isPartOf\":{\"@id\":\"https:\/\/arches-papers.com\/fr\/#website\"},\"datePublished\":\"2021-12-09T16:54:15+00:00\",\"dateModified\":\"2024-10-16T16:04:34+00:00\",\"description\":\"Le Moulin d\u2019Arches est d\u00e9tenteur des normes ISO qui garantitssent des produits et services fiables et de bonne qualit\u00e9, pr\u00e9serve la sant\u00e9, l\u2019int\u00e9grit\u00e9 et le bien-\u00eatre de ses collaborateurs et prot\u00e8ge l\u2019environnement.\",\"breadcrumb\":{\"@id\":\"https:\/\/arches-papers.com\/fr\/moulin-a-papier-arches-qui-sommes-nous\/arches-vs-le-developpement-durable\/normes-iso\/#breadcrumb\"},\"inLanguage\":\"fr-FR\",\"potentialAction\":[{\"@type\":\"ReadAction\",\"target\":[\"https:\/\/arches-papers.com\/fr\/moulin-a-papier-arches-qui-sommes-nous\/arches-vs-le-developpement-durable\/normes-iso\/\"]}]},{\"@type\":\"BreadcrumbList\",\"@id\":\"https:\/\/arches-papers.com\/fr\/moulin-a-papier-arches-qui-sommes-nous\/arches-vs-le-developpement-durable\/normes-iso\/#breadcrumb\",\"itemListElement\":[{\"@type\":\"ListItem\",\"position\":1,\"name\":\"Accueil\",\"item\":\"https:\/\/arches-papers.com\/fr\/\"},{\"@type\":\"ListItem\",\"position\":2,\"name\":\"Qui sommes-nous ?\",\"item\":\"https:\/\/arches-papers.com\/fr\/who-is-arches\/\"},{\"@type\":\"ListItem\",\"position\":3,\"name\":\"ARCHES\u00ae et le d\u00e9veloppement durable\",\"item\":\"https:\/\/arches-papers.com\/fr\/who-is-arches\/arches-and-sustainable-development\/\"},{\"@type\":\"ListItem\",\"position\":4,\"name\":\"Normes ISO\"}]},{\"@type\":\"WebSite\",\"@id\":\"https:\/\/arches-papers.com\/fr\/#website\",\"url\":\"https:\/\/arches-papers.com\/fr\/\",\"name\":\"Arches Papers\",\"description\":\"Fabricant de papier\",\"potentialAction\":[{\"@type\":\"SearchAction\",\"target\":{\"@type\":\"EntryPoint\",\"urlTemplate\":\"https:\/\/arches-papers.com\/fr\/?s={search_term_string}\"},\"query-input\":{\"@type\":\"PropertyValueSpecification\",\"valueRequired\":true,\"valueName\":\"search_term_string\"}}],\"inLanguage\":\"fr-FR\"}]}<\/script>\n<!-- \/ Yoast SEO plugin. -->","yoast_head_json":{"title":"Normes ISO - Arches Papers","description":"Le Moulin d\u2019Arches est d\u00e9tenteur des normes ISO qui garantitssent des produits et services fiables et de bonne qualit\u00e9, pr\u00e9serve la sant\u00e9, l\u2019int\u00e9grit\u00e9 et le bien-\u00eatre de ses collaborateurs et prot\u00e8ge l\u2019environnement.","robots":{"index":"index","follow":"follow","max-snippet":"max-snippet:-1","max-image-preview":"max-image-preview:large","max-video-preview":"max-video-preview:-1"},"canonical":"https:\/\/arches-papers.com\/fr\/moulin-a-papier-arches-qui-sommes-nous\/arches-vs-le-developpement-durable\/normes-iso\/","og_locale":"fr_FR","og_type":"article","og_title":"Normes ISO - Arches Papers","og_description":"Le Moulin d\u2019Arches est d\u00e9tenteur des normes ISO qui garantitssent des produits et services fiables et de bonne qualit\u00e9, pr\u00e9serve la sant\u00e9, l\u2019int\u00e9grit\u00e9 et le bien-\u00eatre de ses collaborateurs et prot\u00e8ge l\u2019environnement.","og_url":"https:\/\/arches-papers.com\/fr\/moulin-a-papier-arches-qui-sommes-nous\/arches-vs-le-developpement-durable\/normes-iso\/","og_site_name":"Arches Papers","article_modified_time":"2024-10-16T16:04:34+00:00","twitter_card":"summary_large_image","twitter_misc":{"Dur\u00e9e de lecture estim\u00e9e":"4 minutes"},"schema":{"@context":"https:\/\/schema.org","@graph":[{"@type":"WebPage","@id":"https:\/\/arches-papers.com\/fr\/moulin-a-papier-arches-qui-sommes-nous\/arches-vs-le-developpement-durable\/normes-iso\/","url":"https:\/\/arches-papers.com\/fr\/moulin-a-papier-arches-qui-sommes-nous\/arches-vs-le-developpement-durable\/normes-iso\/","name":"Normes ISO - Arches Papers","isPartOf":{"@id":"https:\/\/arches-papers.com\/fr\/#website"},"datePublished":"2021-12-09T16:54:15+00:00","dateModified":"2024-10-16T16:04:34+00:00","description":"Le Moulin d\u2019Arches est d\u00e9tenteur des normes ISO qui garantitssent des produits et services fiables et de bonne qualit\u00e9, pr\u00e9serve la sant\u00e9, l\u2019int\u00e9grit\u00e9 et le bien-\u00eatre de ses collaborateurs et prot\u00e8ge l\u2019environnement.","breadcrumb":{"@id":"https:\/\/arches-papers.com\/fr\/moulin-a-papier-arches-qui-sommes-nous\/arches-vs-le-developpement-durable\/normes-iso\/#breadcrumb"},"inLanguage":"fr-FR","potentialAction":[{"@type":"ReadAction","target":["https:\/\/arches-papers.com\/fr\/moulin-a-papier-arches-qui-sommes-nous\/arches-vs-le-developpement-durable\/normes-iso\/"]}]},{"@type":"BreadcrumbList","@id":"https:\/\/arches-papers.com\/fr\/moulin-a-papier-arches-qui-sommes-nous\/arches-vs-le-developpement-durable\/normes-iso\/#breadcrumb","itemListElement":[{"@type":"ListItem","position":1,"name":"Accueil","item":"https:\/\/arches-papers.com\/fr\/"},{"@type":"ListItem","position":2,"name":"Qui sommes-nous ?","item":"https:\/\/arches-papers.com\/fr\/who-is-arches\/"},{"@type":"ListItem","position":3,"name":"ARCHES\u00ae et le d\u00e9veloppement durable","item":"https:\/\/arches-papers.com\/fr\/who-is-arches\/arches-and-sustainable-development\/"},{"@type":"ListItem","position":4,"name":"Normes ISO"}]},{"@type":"WebSite","@id":"https:\/\/arches-papers.com\/fr\/#website","url":"https:\/\/arches-papers.com\/fr\/","name":"Arches Papers","description":"Fabricant de papier","potentialAction":[{"@type":"SearchAction","target":{"@type":"EntryPoint","urlTemplate":"https:\/\/arches-papers.com\/fr\/?s={search_term_string}"},"query-input":{"@type":"PropertyValueSpecification","valueRequired":true,"valueName":"search_term_string"}}],"inLanguage":"fr-FR"}]}},"_links":{"self":[{"href":"https:\/\/arches-papers.com\/fr\/wp-json\/wp\/v2\/pages\/35673","targetHints":{"allow":["GET"]}}],"collection":[{"href":"https:\/\/arches-papers.com\/fr\/wp-json\/wp\/v2\/pages"}],"about":[{"href":"https:\/\/arches-papers.com\/fr\/wp-json\/wp\/v2\/types\/page"}],"author":[{"embeddable":true,"href":"https:\/\/arches-papers.com\/fr\/wp-json\/wp\/v2\/users\/17"}],"replies":[{"embeddable":true,"href":"https:\/\/arches-papers.com\/fr\/wp-json\/wp\/v2\/comments?post=35673"}],"version-history":[{"count":0,"href":"https:\/\/arches-papers.com\/fr\/wp-json\/wp\/v2\/pages\/35673\/revisions"}],"up":[{"embeddable":true,"href":"https:\/\/arches-papers.com\/fr\/wp-json\/wp\/v2\/pages\/13754"}],"wp:attachment":[{"href":"https:\/\/arches-papers.com\/fr\/wp-json\/wp\/v2\/media?parent=35673"}],"wp:term":[{"taxonomy":"post_tag","embeddable":true,"href":"https:\/\/arches-papers.com\/fr\/wp-json\/wp\/v2\/tags?post=35673"}],"curies":[{"name":"wp","href":"https:\/\/api.w.org\/{rel}","templated":true}]}}