{"id":35836,"date":"2021-12-13T10:19:31","date_gmt":"2021-12-13T09:19:31","guid":{"rendered":"https:\/\/arches-papers.com\/?page_id=35836"},"modified":"2022-05-23T15:29:28","modified_gmt":"2022-05-23T13:29:28","slug":"label-epv","status":"publish","type":"page","link":"https:\/\/arches-papers.com\/fr\/moulin-a-papier-arches-qui-sommes-nous\/arches-vs-le-developpement-durable\/label-epv\/","title":{"rendered":"ARCHES\u00ae, Entreprise du Patrimoine Vivant"},"content":{"rendered":"<div class=\"wpb-content-wrapper\"><p>[vc_row][vc_column][vc_empty_space height=&#8221;50px&#8221;][\/vc_column][\/vc_row][vc_row el_class=&#8221;line-right&#8221;][vc_column]<style>.ld_fancy_heading_6a0144f1afb4e .lqd-highlight-inner{height:0.275em;bottom:0px;}<\/style><div class=\"ld-fancy-heading text-right text-uppercase ld_fancy_heading_6a0144f1afb4e\">\n\t<h3 class=\"lqd-highlight-underline lqd-highlight-grow-left\" ><span class=\"ld-fh-txt\"> Arches\u00ae<br \/>\n<span style=\"font-size: 60px;line-height: 50px\">Entreprise du Patrimoine Vivant<\/span><\/span><\/h3><\/div>[\/vc_column][\/vc_row][vc_row][vc_column width=&#8221;1\/4&#8243;][vc_single_image image=&#8221;14430&#8243; img_size=&#8221;large&#8221;][\/vc_column][vc_column width=&#8221;1\/2&#8243;][vc_empty_space height=&#8221;150px&#8221;][vc_column_text css_animation=&#8221;fadeInUp&#8221;]<strong>Le Moulin \u00e0 papier d\u2019Arches\u00a0est d\u00e9tenteur du label \u00ab\u00a0Entreprise du Patrimoine Vivant\u00a0\u00bb qui r\u00e9compense son savoir-faire ancestral dans le domaine de la fabrication de papiers haut de gamme. <\/strong>[\/vc_column_text][vc_empty_space height=&#8221;50px&#8221;][\/vc_column][vc_column width=&#8221;1\/4&#8243;][\/vc_column][\/vc_row][vc_row][vc_column width=&#8221;1\/2&#8243;][vc_column_text css_animation=&#8221;fadeInUp&#8221;]<\/p>\n<h2>Qu\u2019est-ce que le label Entreprise du Patrimoine Vivant ou EPV ?<\/h2>\n<p>Label officiel fran\u00e7ais mis en place en mai 2006 et d\u00e9livr\u00e9 sous l\u2019autorit\u00e9 du minist\u00e8re de l\u2019\u00c9conomie et des Finances, il est d\u00e9cern\u00e9 pour une p\u00e9riode de cinq ans et rassemble les prestigieuses maisons attach\u00e9es \u00e0 l\u2019excellence de leur savoir-faire industriel ou artisanal et \u00e0 la haute qualit\u00e9 de leurs produits.<\/p>\n<p>Les entreprises labellis\u00e9es EPV maintiennent leur activit\u00e9 de production en France, dans des secteurs \u00e0 forte valeur ajout\u00e9e. Pour la plupart pr\u00e9sentes sur les march\u00e9s internationaux, elles exportent ainsi une image d\u2019excellence et le savoir-faire embl\u00e9matiques de la France. V\u00e9ritables ambassadrices du sceau \u00ab made in France \u00bb, elles forgent jour apr\u00e8s jour l\u2019identit\u00e9 \u00e9conomique et culturelle fran\u00e7aise. Elles savent associer tradition et innovation, savoir-faire et cr\u00e9ativit\u00e9, travail et passion et assurent la p\u00e9rennit\u00e9 de notre patrimoine.[\/vc_column_text][\/vc_column][vc_column width=&#8221;1\/2&#8243;]<style>.ld_spacer_6a0144f1afcc2{height:50px;}<\/style>\n<div class=\"ld-empty-space ld_spacer_6a0144f1afcc2\"><span class=\"liquid_empty_space_inner\"><\/span><\/div>[vc_single_image image=&#8221;13689&#8243; img_size=&#8221;full&#8221; alignment=&#8221;right&#8221; css_animation=&#8221;fadeIn&#8221;][vc_row_inner][vc_column_inner width=&#8221;2\/3&#8243;][\/vc_column_inner][\/vc_row_inner][\/vc_column][\/vc_row][vc_row][vc_column width=&#8221;1\/3&#8243;][vc_empty_space height=&#8221;128px&#8221;][vc_single_image image=&#8221;13679&#8243; img_size=&#8221;full&#8221; alignment=&#8221;center&#8221; css_animation=&#8221;fadeInUp&#8221; css=&#8221;.vc_custom_1653308959573{margin-top: 0px !important;margin-left: 0px !important;}&#8221;][\/vc_column][vc_column width=&#8221;2\/3&#8243; enable_content_animation=&#8221;yes&#8221; animation_preset=&#8221;Fade In Up&#8221;][vc_empty_space height=&#8221;65px&#8221;][vc_column_text]<\/p>\n<h2>ARCHES<sup>\u00ae<\/sup>, un patrimoine d\u2019exception<\/h2>\n<p>Quand Christophe Colomb mit le cap sur les Am\u00e9riques, en 1492, des ma\u00eetres papetiers fabriquaient d\u00e9j\u00e0 des papiers \u00e0 la main au Moulin \u00e0 papier d\u2019Arches situ\u00e9 dans les Vosges. D\u00e9positaires d\u2019un savoir-faire s\u00e9culaire, les ma\u00eetres papetiers ont su, malgr\u00e9 une fabrication devenue industrielle, rester fid\u00e8les \u00e0 l\u2019esprit originel du moulin \u00e0 papier.<\/p>\n<p>Toujours \u00e0 l\u2019\u0153uvre, le Moulin \u00e0 papier d\u2019Arches est le seul aujourd\u2019hui en France \u00e0 fabriquer tous ses papiers d\u2019art et d\u2019impression sur forme ronde.<br \/>\nCe proc\u00e9d\u00e9 traditionnel, utilis\u00e9 par ARCHES\u00ae depuis 1895, associ\u00e9 \u00e0 l\u2019utilisation d\u2019une mati\u00e8re premi\u00e8re naturelle \u2013 le coton \u2013 permet d\u2019obtenir des papiers de tr\u00e8s grande qualit\u00e9 dignes des plus beaux papiers faits main.<br \/>\nLa fabrication sur forme ronde est le proc\u00e9d\u00e9 le plus adapt\u00e9 pour obtenir un papier stable, filigran\u00e9, avec un grain naturel et des bords \u00e0 franges.<\/p>\n<p>ARCHES\u00ae est aussi tr\u00e8s r\u00e9put\u00e9e pour son papier aquarelle g\u00e9latin\u00e9 \u00e0 c\u0153ur.<br \/>\nCe proc\u00e9d\u00e9 de fabrication, unique au monde, donne au papier des qualit\u00e9s inimitables. Secret, il se transmet de bouche \u00e0 oreille au sein de l\u2019entreprise.[\/vc_column_text]<style>.ld_spacer_6a0144f1afd45{height:64px;}<\/style>\n<div class=\"ld-empty-space ld_spacer_6a0144f1afd45\"><span class=\"liquid_empty_space_inner\"><\/span><\/div>[\/vc_column][\/vc_row][vc_row][vc_column width=&#8221;1\/2&#8243;][vc_column_text]<\/p>\n<h2>ARCHES<sup>\u00ae<\/sup>, des papiers d\u2019excellence<\/h2>\n<p>Depuis plus de cinq si\u00e8cles, les artistes et hommes de lettres de renom pl\u00e9biscitent les papiers ARCHES\u00ae pour sublimer leurs \u0153uvres et en assurer la p\u00e9rennit\u00e9. La notori\u00e9t\u00e9 de la marque est internationale.<\/p>\n<p>Les nombreux contr\u00f4les effectu\u00e9s tout au long de la fabrication permettent d\u2019assurer l\u2019indiscutable qualit\u00e9 des papiers qui ont fait la notori\u00e9t\u00e9 de ARCHES\u00ae. Le filigrane, v\u00e9ritable sceau de garantie, atteste \u00e9galement l\u2019authenticit\u00e9 du papier. Il rel\u00e8ve d\u2019un m\u00e9tier d\u2019expert et exige pr\u00e9cision, minutie et d\u00e9licatesse.<\/p>\n<p>\u00c0 la fin du cycle de fabrication, la d\u00e9coupe, comme l\u2019expertise tactile et visuelle de chaque feuille, est confi\u00e9e \u00e0 une \u00e9quipe de femmes et d\u2019hommes tr\u00e8s exp\u00e9riment\u00e9s. Leur savoir-faire exige une formation interne tr\u00e8s longue.[\/vc_column_text]<style>.ld_spacer_6a0144f1afd8f{height:32px;}<\/style>\n<div class=\"ld-empty-space ld_spacer_6a0144f1afd8f\"><span class=\"liquid_empty_space_inner\"><\/span><\/div>[vc_single_image image=&#8221;37764&#8243; img_size=&#8221;large&#8221;][\/vc_column][vc_column width=&#8221;1\/2&#8243;]<style>.ld_spacer_6a0144f1afdd4{height:120px;}<\/style>\n<div class=\"ld-empty-space ld_spacer_6a0144f1afdd4\"><span class=\"liquid_empty_space_inner\"><\/span><\/div>[vc_single_image image=&#8221;13694&#8243; img_size=&#8221;large&#8221;][vc_single_image image=&#8221;37771&#8243; img_size=&#8221;large&#8221;][\/vc_column][\/vc_row][vc_row][vc_column width=&#8221;1\/2&#8243;]<style>.ld_spacer_6a0144f1afe22{height:32px;}@media (min-width: 768px) { .ld_spacer_6a0144f1afe22{height:32px};}@media (min-width: 992px) { .ld_spacer_6a0144f1afe22{height:32px};}<\/style>\n<div class=\"ld-empty-space ld_spacer_6a0144f1afe22\"><span class=\"liquid_empty_space_inner\"><\/span><\/div>[vc_single_image image=&#8221;13702&#8243; img_size=&#8221;large&#8221; css=&#8221;.vc_custom_1653309758776{margin-top: -50px !important;}&#8221;][\/vc_column][vc_column width=&#8221;1\/2&#8243; enable_content_animation=&#8221;yes&#8221; animation_preset=&#8221;Fade In Up&#8221;]<style>.ld_spacer_6a0144f1afe68{height:64px;}<\/style>\n<div class=\"ld-empty-space ld_spacer_6a0144f1afe68\"><span class=\"liquid_empty_space_inner\"><\/span><\/div><style>.ld_spacer_6a0144f1afea5{height:32px;}<\/style>\n<div class=\"ld-empty-space ld_spacer_6a0144f1afea5\"><span class=\"liquid_empty_space_inner\"><\/span><\/div>[vc_column_text]<\/p>\n<h2>ARCHES<sup>\u00ae<\/sup>, une entreprise innovante \u00e0 l\u2019\u00e9coute de ses clients<\/h2>\n<p>Ses hommes sont capables de s\u2019adapter \u00e0 des demandes tr\u00e8s sp\u00e9cifiques et peuvent cr\u00e9er des papiers sur mesure (composition, format, grammage, teinte sp\u00e9ciale&#8230;) avec des filigranes personnalis\u00e9s.<\/p>\n<p>Dans les ann\u00e9es 1950, ils furent les premiers \u00e0 fabriquer des blocs ARCHES\u00ae Aquarelle dans les ateliers vosgiens de l\u2019entreprise. Aujourd\u2019hui encore, ils perp\u00e9tuent l\u2019esprit novateur intrins\u00e8que \u00e0 la marque et d\u00e9veloppent de nouveaux produits \u00ab Made in France \u00bb qui viennent continuellement enrichir la gamme.<\/p>\n<p>Depuis plus de 5 si\u00e8cles, ARCHES\u00ae perp\u00e9tue l\u2019excellence de ses produits et fait rimer avec bonheur tradition et modernit\u00e9.[\/vc_column_text]<style>.ld_spacer_6a0144f1afee0{height:32px;}<\/style>\n<div class=\"ld-empty-space ld_spacer_6a0144f1afee0\"><span class=\"liquid_empty_space_inner\"><\/span><\/div>[\/vc_column][\/vc_row]<\/p>\n<\/div>","protected":false},"excerpt":{"rendered":"[vc_row][vc_column][vc_empty_space height=&#8221;50px&#8221;][\/vc_column][\/vc_row][vc_row el_class=&#8221;line-right&#8221;][vc_column][\/vc_column][\/vc_row][vc_row][vc_column width=&#8221;1\/4&#8243;][vc_single_image image=&#8221;14430&#8243; img_size=&#8221;large&#8221;][\/vc_column][vc_column width=&#8221;1\/2&#8243;][vc_empty_space height=&#8221;150px&#8221;][vc_column_text css_animation=&#8221;fadeInUp&#8221;]Le Moulin \u00e0 papier d\u2019Arches\u00a0est d\u00e9tenteur du&#8230;","protected":false},"author":17,"featured_media":0,"parent":13754,"menu_order":3,"comment_status":"closed","ping_status":"closed","template":"","meta":{"footnotes":""},"tags":[],"class_list":["post-35836","page","type-page","status-publish","hentry"],"yoast_head":"<!-- This site is optimized with the Yoast SEO plugin v27.1.1 - https:\/\/yoast.com\/product\/yoast-seo-wordpress\/ -->\n<title>ARCHES\u00ae, Entreprise du Patrimoine Vivant - Arches Papers<\/title>\n<meta name=\"description\" content=\"ARCHES favorise les emplois locaux et maintient sa production \u00ab\u00a0Made in France\u00a0\u00bb dans les Vosges. ARCHES est d\u00e9tentrice du label EPV. Le Moulin d\u2019Arches garantit des produits et services fiables et de bonne qualit\u00e9, pr\u00e9serve la sant\u00e9, l\u2019int\u00e9grit\u00e9 et le bien-\u00eatre de ses collaborateurs et prot\u00e8ge l\u2019environnement.\" \/>\n<meta name=\"robots\" content=\"index, follow, max-snippet:-1, max-image-preview:large, max-video-preview:-1\" \/>\n<link rel=\"canonical\" href=\"https:\/\/arches-papers.com\/fr\/moulin-a-papier-arches-qui-sommes-nous\/arches-vs-le-developpement-durable\/label-epv\/\" \/>\n<meta property=\"og:locale\" content=\"fr_FR\" \/>\n<meta property=\"og:type\" content=\"article\" \/>\n<meta property=\"og:title\" content=\"ARCHES\u00ae, Entreprise du Patrimoine Vivant - Arches Papers\" \/>\n<meta property=\"og:description\" content=\"ARCHES favorise les emplois locaux et maintient sa production \u00ab\u00a0Made in France\u00a0\u00bb dans les Vosges. ARCHES est d\u00e9tentrice du label EPV. Le Moulin d\u2019Arches garantit des produits et services fiables et de bonne qualit\u00e9, pr\u00e9serve la sant\u00e9, l\u2019int\u00e9grit\u00e9 et le bien-\u00eatre de ses collaborateurs et prot\u00e8ge l\u2019environnement.\" \/>\n<meta property=\"og:url\" content=\"https:\/\/arches-papers.com\/fr\/moulin-a-papier-arches-qui-sommes-nous\/arches-vs-le-developpement-durable\/label-epv\/\" \/>\n<meta property=\"og:site_name\" content=\"Arches Papers\" \/>\n<meta property=\"article:modified_time\" content=\"2022-05-23T13:29:28+00:00\" \/>\n<meta name=\"twitter:card\" content=\"summary_large_image\" \/>\n<meta name=\"twitter:label1\" content=\"Dur\u00e9e de lecture estim\u00e9e\" \/>\n\t<meta name=\"twitter:data1\" content=\"5 minutes\" \/>\n<script type=\"application\/ld+json\" class=\"yoast-schema-graph\">{\"@context\":\"https:\/\/schema.org\",\"@graph\":[{\"@type\":\"WebPage\",\"@id\":\"https:\/\/arches-papers.com\/fr\/moulin-a-papier-arches-qui-sommes-nous\/arches-vs-le-developpement-durable\/label-epv\/\",\"url\":\"https:\/\/arches-papers.com\/fr\/moulin-a-papier-arches-qui-sommes-nous\/arches-vs-le-developpement-durable\/label-epv\/\",\"name\":\"ARCHES\u00ae, Entreprise du Patrimoine Vivant - Arches Papers\",\"isPartOf\":{\"@id\":\"https:\/\/arches-papers.com\/fr\/#website\"},\"datePublished\":\"2021-12-13T09:19:31+00:00\",\"dateModified\":\"2022-05-23T13:29:28+00:00\",\"description\":\"ARCHES favorise les emplois locaux et maintient sa production \u00ab\u00a0Made in France\u00a0\u00bb dans les Vosges. ARCHES est d\u00e9tentrice du label EPV. Le Moulin d\u2019Arches garantit des produits et services fiables et de bonne qualit\u00e9, pr\u00e9serve la sant\u00e9, l\u2019int\u00e9grit\u00e9 et le bien-\u00eatre de ses collaborateurs et prot\u00e8ge l\u2019environnement.\",\"breadcrumb\":{\"@id\":\"https:\/\/arches-papers.com\/fr\/moulin-a-papier-arches-qui-sommes-nous\/arches-vs-le-developpement-durable\/label-epv\/#breadcrumb\"},\"inLanguage\":\"fr-FR\",\"potentialAction\":[{\"@type\":\"ReadAction\",\"target\":[\"https:\/\/arches-papers.com\/fr\/moulin-a-papier-arches-qui-sommes-nous\/arches-vs-le-developpement-durable\/label-epv\/\"]}]},{\"@type\":\"BreadcrumbList\",\"@id\":\"https:\/\/arches-papers.com\/fr\/moulin-a-papier-arches-qui-sommes-nous\/arches-vs-le-developpement-durable\/label-epv\/#breadcrumb\",\"itemListElement\":[{\"@type\":\"ListItem\",\"position\":1,\"name\":\"Accueil\",\"item\":\"https:\/\/arches-papers.com\/fr\/\"},{\"@type\":\"ListItem\",\"position\":2,\"name\":\"Qui sommes-nous ?\",\"item\":\"https:\/\/arches-papers.com\/fr\/who-is-arches\/\"},{\"@type\":\"ListItem\",\"position\":3,\"name\":\"ARCHES\u00ae et le d\u00e9veloppement durable\",\"item\":\"https:\/\/arches-papers.com\/fr\/who-is-arches\/arches-and-sustainable-development\/\"},{\"@type\":\"ListItem\",\"position\":4,\"name\":\"ARCHES\u00ae, Entreprise du Patrimoine Vivant\"}]},{\"@type\":\"WebSite\",\"@id\":\"https:\/\/arches-papers.com\/fr\/#website\",\"url\":\"https:\/\/arches-papers.com\/fr\/\",\"name\":\"Arches Papers\",\"description\":\"Fabricant de papier\",\"potentialAction\":[{\"@type\":\"SearchAction\",\"target\":{\"@type\":\"EntryPoint\",\"urlTemplate\":\"https:\/\/arches-papers.com\/fr\/?s={search_term_string}\"},\"query-input\":{\"@type\":\"PropertyValueSpecification\",\"valueRequired\":true,\"valueName\":\"search_term_string\"}}],\"inLanguage\":\"fr-FR\"}]}<\/script>\n<!-- \/ Yoast SEO plugin. -->","yoast_head_json":{"title":"ARCHES\u00ae, Entreprise du Patrimoine Vivant - Arches Papers","description":"ARCHES favorise les emplois locaux et maintient sa production \u00ab\u00a0Made in France\u00a0\u00bb dans les Vosges. ARCHES est d\u00e9tentrice du label EPV. Le Moulin d\u2019Arches garantit des produits et services fiables et de bonne qualit\u00e9, pr\u00e9serve la sant\u00e9, l\u2019int\u00e9grit\u00e9 et le bien-\u00eatre de ses collaborateurs et prot\u00e8ge l\u2019environnement.","robots":{"index":"index","follow":"follow","max-snippet":"max-snippet:-1","max-image-preview":"max-image-preview:large","max-video-preview":"max-video-preview:-1"},"canonical":"https:\/\/arches-papers.com\/fr\/moulin-a-papier-arches-qui-sommes-nous\/arches-vs-le-developpement-durable\/label-epv\/","og_locale":"fr_FR","og_type":"article","og_title":"ARCHES\u00ae, Entreprise du Patrimoine Vivant - Arches Papers","og_description":"ARCHES favorise les emplois locaux et maintient sa production \u00ab\u00a0Made in France\u00a0\u00bb dans les Vosges. ARCHES est d\u00e9tentrice du label EPV. Le Moulin d\u2019Arches garantit des produits et services fiables et de bonne qualit\u00e9, pr\u00e9serve la sant\u00e9, l\u2019int\u00e9grit\u00e9 et le bien-\u00eatre de ses collaborateurs et prot\u00e8ge l\u2019environnement.","og_url":"https:\/\/arches-papers.com\/fr\/moulin-a-papier-arches-qui-sommes-nous\/arches-vs-le-developpement-durable\/label-epv\/","og_site_name":"Arches Papers","article_modified_time":"2022-05-23T13:29:28+00:00","twitter_card":"summary_large_image","twitter_misc":{"Dur\u00e9e de lecture estim\u00e9e":"5 minutes"},"schema":{"@context":"https:\/\/schema.org","@graph":[{"@type":"WebPage","@id":"https:\/\/arches-papers.com\/fr\/moulin-a-papier-arches-qui-sommes-nous\/arches-vs-le-developpement-durable\/label-epv\/","url":"https:\/\/arches-papers.com\/fr\/moulin-a-papier-arches-qui-sommes-nous\/arches-vs-le-developpement-durable\/label-epv\/","name":"ARCHES\u00ae, Entreprise du Patrimoine Vivant - Arches Papers","isPartOf":{"@id":"https:\/\/arches-papers.com\/fr\/#website"},"datePublished":"2021-12-13T09:19:31+00:00","dateModified":"2022-05-23T13:29:28+00:00","description":"ARCHES favorise les emplois locaux et maintient sa production \u00ab\u00a0Made in France\u00a0\u00bb dans les Vosges. ARCHES est d\u00e9tentrice du label EPV. Le Moulin d\u2019Arches garantit des produits et services fiables et de bonne qualit\u00e9, pr\u00e9serve la sant\u00e9, l\u2019int\u00e9grit\u00e9 et le bien-\u00eatre de ses collaborateurs et prot\u00e8ge l\u2019environnement.","breadcrumb":{"@id":"https:\/\/arches-papers.com\/fr\/moulin-a-papier-arches-qui-sommes-nous\/arches-vs-le-developpement-durable\/label-epv\/#breadcrumb"},"inLanguage":"fr-FR","potentialAction":[{"@type":"ReadAction","target":["https:\/\/arches-papers.com\/fr\/moulin-a-papier-arches-qui-sommes-nous\/arches-vs-le-developpement-durable\/label-epv\/"]}]},{"@type":"BreadcrumbList","@id":"https:\/\/arches-papers.com\/fr\/moulin-a-papier-arches-qui-sommes-nous\/arches-vs-le-developpement-durable\/label-epv\/#breadcrumb","itemListElement":[{"@type":"ListItem","position":1,"name":"Accueil","item":"https:\/\/arches-papers.com\/fr\/"},{"@type":"ListItem","position":2,"name":"Qui sommes-nous ?","item":"https:\/\/arches-papers.com\/fr\/who-is-arches\/"},{"@type":"ListItem","position":3,"name":"ARCHES\u00ae et le d\u00e9veloppement durable","item":"https:\/\/arches-papers.com\/fr\/who-is-arches\/arches-and-sustainable-development\/"},{"@type":"ListItem","position":4,"name":"ARCHES\u00ae, Entreprise du Patrimoine Vivant"}]},{"@type":"WebSite","@id":"https:\/\/arches-papers.com\/fr\/#website","url":"https:\/\/arches-papers.com\/fr\/","name":"Arches Papers","description":"Fabricant de papier","potentialAction":[{"@type":"SearchAction","target":{"@type":"EntryPoint","urlTemplate":"https:\/\/arches-papers.com\/fr\/?s={search_term_string}"},"query-input":{"@type":"PropertyValueSpecification","valueRequired":true,"valueName":"search_term_string"}}],"inLanguage":"fr-FR"}]}},"_links":{"self":[{"href":"https:\/\/arches-papers.com\/fr\/wp-json\/wp\/v2\/pages\/35836","targetHints":{"allow":["GET"]}}],"collection":[{"href":"https:\/\/arches-papers.com\/fr\/wp-json\/wp\/v2\/pages"}],"about":[{"href":"https:\/\/arches-papers.com\/fr\/wp-json\/wp\/v2\/types\/page"}],"author":[{"embeddable":true,"href":"https:\/\/arches-papers.com\/fr\/wp-json\/wp\/v2\/users\/17"}],"replies":[{"embeddable":true,"href":"https:\/\/arches-papers.com\/fr\/wp-json\/wp\/v2\/comments?post=35836"}],"version-history":[{"count":0,"href":"https:\/\/arches-papers.com\/fr\/wp-json\/wp\/v2\/pages\/35836\/revisions"}],"up":[{"embeddable":true,"href":"https:\/\/arches-papers.com\/fr\/wp-json\/wp\/v2\/pages\/13754"}],"wp:attachment":[{"href":"https:\/\/arches-papers.com\/fr\/wp-json\/wp\/v2\/media?parent=35836"}],"wp:term":[{"taxonomy":"post_tag","embeddable":true,"href":"https:\/\/arches-papers.com\/fr\/wp-json\/wp\/v2\/tags?post=35836"}],"curies":[{"name":"wp","href":"https:\/\/api.w.org\/{rel}","templated":true}]}}