{"id":49573,"date":"2025-01-15T15:58:47","date_gmt":"2025-01-15T14:58:47","guid":{"rendered":"https:\/\/arches-papers.com\/?page_id=49573"},"modified":"2026-03-09T11:40:21","modified_gmt":"2026-03-09T10:40:21","slug":"arches%ef%b8%8f-history-whitin-history","status":"publish","type":"page","link":"https:\/\/arches-papers.com\/fr\/arches%ef%b8%8f-history-whitin-history\/","title":{"rendered":"ARCHES\u00ae\ufe0f HISTORY WITHIN HISTORY"},"content":{"rendered":"<div class=\"wpb-content-wrapper\"><p>[vc_row][vc_column width=&#8221;1\/4&#8243;][\/vc_column][vc_column width=&#8221;1\/2&#8243;][vc_column_text el_class=&#8221;justify&#8221;]Notre nouveau programme vid\u00e9o intitul\u00e9 &#8220;ARCHES HISTORY WITHIN HISTORY&#8221; retrace l&#8217;histoire fascinante de la marque ARCHES\u00ae\ufe0f en r\u00e9sonnance avec des \u00e9v\u00e9nements marquants et des personnalit\u00e9s embl\u00e9matiques de l&#8217;histoire de France.<br \/>\n\u00c0 travers cette s\u00e9rie, vous d\u00e9couvrirez les origines du Moulin \u00e0 papier d\u2019Arches, son \u00e9volution au gr\u00e9 de ses diff\u00e9rents propri\u00e9taires, des anecdotes surprenantes, et son impact sur le monde de l&#8217;art au fil des si\u00e8cles.[\/vc_column_text][\/vc_column][vc_column width=&#8221;1\/4&#8243;][\/vc_column][\/vc_row][vc_row][vc_column]<style>.ld_spacer_6a01445ecc1a5{height:96px;}<\/style>\n<div class=\"ld-empty-space ld_spacer_6a01445ecc1a5\"><span class=\"liquid_empty_space_inner\"><\/span><\/div>[vc_column_text css=&#8221;&#8221;]<\/p>\n<h2 style=\"text-align: center;\">ARCHES\u00ae HISTORY WITHIN HISTORY &#8211; 1493<\/h2>\n<p>[\/vc_column_text][vc_video link=&#8221;https:\/\/youtube.com\/shorts\/U7D2A8v8Urs&#8221; el_aspect=&#8221;1235&#8243; align=&#8221;center&#8221; css=&#8221;&#8221;][\/vc_column][\/vc_row][vc_row][vc_column]<style>.ld_spacer_6a01445ecc267{height:96px;}<\/style>\n<div class=\"ld-empty-space ld_spacer_6a01445ecc267\"><span class=\"liquid_empty_space_inner\"><\/span><\/div>[vc_column_text]<\/p>\n<h2 style=\"text-align: center;\">ARCHES\u00ae HISTORY WITHIN HISTORY &#8211; 1775<\/h2>\n<p>[\/vc_column_text][vc_column_text css=&#8221;.vc_custom_1767610765415{margin-top: 50px !important;margin-bottom: 50px !important;}&#8221;]<\/p>\n<div id=\"wpfp_34fce6a685c081b7b090837a73fbfae2\" data-item=\"{&quot;sources&quot;:[{&quot;src&quot;:&quot;https:\\\/\\\/arches-papers.com\\\/wp-content\\\/uploads\\\/2026\\\/01\\\/ARCHES-HISTORY-WITHIN-HISTORY_1775-Voltaire.mp4&quot;,&quot;type&quot;:&quot;video\\\/mp4&quot;}],&quot;id&quot;:&quot;7&quot;,&quot;splash&quot;:&quot;https:\\\/\\\/arches-papers.com\\\/wp-content\\\/uploads\\\/2026\\\/01\\\/ARCHES-HISTORY-WITHIN-HISTORY_1775-Voltaire.png&quot;}\" class=\"flowplayer no-brand is-splash is-paused skin-slim no-svg fp-slim fp-edgy\" data-fv-embed=\"https:\/\/arches-papers.com\/fr\/arches%ef%b8%8f-history-whitin-history\/fvp-7\/\" style=\"position:relative; max-width: 540px; max-height: 960px; \" data-ratio=\"1.7778\">\n\t<div class=\"fp-ratio\" style=\"padding-top: 177.78%\"><\/div>\n\t<img decoding=\"async\" class=\"fp-splash\" alt=\"video\" src=\"https:\/\/arches-papers.com\/wp-content\/uploads\/2026\/01\/ARCHES-HISTORY-WITHIN-HISTORY_1775-Voltaire.png\" style=\"position:absolute;top:0;width:100%\" \/>\n\t<div class=\"fp-ui\"><noscript>Please enable JavaScript<\/noscript><div class=\"fp-play fp-visible\"><svg class=\"fp-play-sharp-fill\" xmlns=\"http:\/\/www.w3.org\/2000\/svg\" viewBox=\"0 0 100 100\"><defs><style>.fp-color-play{opacity:0.65;}.controlbutton{fill:#fff;}<\/style><\/defs><title>play-sharp-fill<\/title><path class=\"fp-color-play\" d=\"M49.9217-.078a50,50,0,1,0,50,50A50.0564,50.0564,0,0,0,49.9217-.078Z\"\/><polygon class=\"controlbutton\" points=\"73.601 50 37.968 70.573 37.968 29.427 73.601 50\" filter=\"url(#f1)\"\/><\/svg><\/div><div class=\"fp-preload\"><b><\/b><b><\/b><b><\/b><b><\/b><\/div><\/div>\n<div class='fvp-share-bar'><ul class=\"fvp-sharing\">\r\n    <li><a class=\"sharing-facebook\" href=\"https:\/\/www.facebook.com\/sharer\/sharer.php?u=https%3A%2F%2Farches-papers.com%2Ffr%2Farches%25ef%25b8%258f-history-whitin-history%2F\" target=\"_blank\"><\/a><\/li>\r\n    <li><a class=\"sharing-twitter\" href=\"https:\/\/twitter.com\/intent\/tweet?text=Arches+Papers+&url=https%3A%2F%2Farches-papers.com%2Ffr%2Farches%25ef%25b8%258f-history-whitin-history%2F\" target=\"_blank\"><\/a><\/li>\r\n    <li><a class=\"sharing-email\" href=\"mailto:?body=Check%20out%20the%20amazing%20video%20here%3A%20https%3A%2F%2Farches-papers.com%2Ffr%2Farches%25ef%25b8%258f-history-whitin-history%2F\" target=\"_blank\"><\/a><\/li><\/ul><div><a class=\"sharing-link\" href=\"https:\/\/arches-papers.com\/fr\/arches%ef%b8%8f-history-whitin-history\/\" target=\"_blank\">Link<\/a><\/div><div><label><a class=\"embed-code-toggle\" href=\"#\"><strong>Embed<\/strong><\/a><\/label><\/div><div class=\"embed-code\"><label>Copy and paste this HTML code into your webpage to embed.<\/label><textarea><\/textarea><\/div><\/div>\n<\/div>\n\n<p>[\/vc_column_text][\/vc_column][\/vc_row][vc_row][vc_column]<style>.ld_spacer_6a01445eccbca{height:96px;}<\/style>\n<div class=\"ld-empty-space ld_spacer_6a01445eccbca\"><span class=\"liquid_empty_space_inner\"><\/span><\/div>[vc_column_text]<\/p>\n<h2 style=\"text-align: center;\">ARCHES\u00ae HISTORY WITHIN HISTORY &#8211; 1895<\/h2>\n<p>[\/vc_column_text][vc_column_text css=&#8221;.vc_custom_1756720523912{margin-top: 50px !important;margin-bottom: 50px !important;}&#8221;]<\/p>\n<div id=\"wpfp_609ae5828116be49fb6cda6fc3e45df2\" data-item=\"{&quot;sources&quot;:[{&quot;src&quot;:&quot;https:\\\/\\\/arches-papers.com\\\/wp-content\\\/uploads\\\/2025\\\/09\\\/ARCHES-HISTORY-WHITIN-HISTORY-3-Jules-Perrigot-OK.mp4&quot;,&quot;type&quot;:&quot;video\\\/mp4&quot;}],&quot;id&quot;:&quot;5&quot;,&quot;splash&quot;:&quot;https:\\\/\\\/arches-papers.com\\\/wp-content\\\/uploads\\\/2025\\\/09\\\/jules-perigot.jpg&quot;}\" class=\"flowplayer no-brand is-splash is-paused skin-slim no-svg fp-slim fp-edgy\" data-fv-embed=\"https:\/\/arches-papers.com\/fr\/arches%ef%b8%8f-history-whitin-history\/fvp-5\/\" style=\"position:relative; max-width: 540px; max-height: 960px; \" data-ratio=\"1.7778\">\n\t<div class=\"fp-ratio\" style=\"padding-top: 177.78%\"><\/div>\n\t<img decoding=\"async\" class=\"fp-splash\" alt=\"video\" src=\"https:\/\/arches-papers.com\/wp-content\/uploads\/2025\/09\/jules-perigot.jpg\" style=\"position:absolute;top:0;width:100%\" \/>\n\t<div class=\"fp-ui\"><noscript>Please enable JavaScript<\/noscript><div class=\"fp-play fp-visible\"><svg class=\"fp-play-sharp-fill\" xmlns=\"http:\/\/www.w3.org\/2000\/svg\" viewBox=\"0 0 100 100\"><defs><style>.fp-color-play{opacity:0.65;}.controlbutton{fill:#fff;}<\/style><\/defs><title>play-sharp-fill<\/title><path class=\"fp-color-play\" d=\"M49.9217-.078a50,50,0,1,0,50,50A50.0564,50.0564,0,0,0,49.9217-.078Z\"\/><polygon class=\"controlbutton\" points=\"73.601 50 37.968 70.573 37.968 29.427 73.601 50\" filter=\"url(#f1)\"\/><\/svg><\/div><div class=\"fp-preload\"><b><\/b><b><\/b><b><\/b><b><\/b><\/div><\/div>\n<div class='fvp-share-bar'><ul class=\"fvp-sharing\">\r\n    <li><a class=\"sharing-facebook\" href=\"https:\/\/www.facebook.com\/sharer\/sharer.php?u=https%3A%2F%2Farches-papers.com%2Ffr%2Farches%25ef%25b8%258f-history-whitin-history%2F\" target=\"_blank\"><\/a><\/li>\r\n    <li><a class=\"sharing-twitter\" href=\"https:\/\/twitter.com\/intent\/tweet?text=Arches+Papers+&url=https%3A%2F%2Farches-papers.com%2Ffr%2Farches%25ef%25b8%258f-history-whitin-history%2F\" target=\"_blank\"><\/a><\/li>\r\n    <li><a class=\"sharing-email\" href=\"mailto:?body=Check%20out%20the%20amazing%20video%20here%3A%20https%3A%2F%2Farches-papers.com%2Ffr%2Farches%25ef%25b8%258f-history-whitin-history%2F\" target=\"_blank\"><\/a><\/li><\/ul><div><a class=\"sharing-link\" href=\"https:\/\/arches-papers.com\/fr\/arches%ef%b8%8f-history-whitin-history\/\" target=\"_blank\">Link<\/a><\/div><div><label><a class=\"embed-code-toggle\" href=\"#\"><strong>Embed<\/strong><\/a><\/label><\/div><div class=\"embed-code\"><label>Copy and paste this HTML code into your webpage to embed.<\/label><textarea><\/textarea><\/div><\/div>\n<\/div>\n\n<p>[\/vc_column_text][\/vc_column][\/vc_row][vc_row][vc_column]<style>.ld_spacer_6a01445ecd241{height:96px;}<\/style>\n<div class=\"ld-empty-space ld_spacer_6a01445ecd241\"><span class=\"liquid_empty_space_inner\"><\/span><\/div>[vc_column_text]<\/p>\n<h2 style=\"text-align: center;\">ARCHES\u00ae HISTORY WITHIN HISTORY &#8211; 1807<\/h2>\n<p>[\/vc_column_text][vc_column_text css=&#8221;.vc_custom_1747041032558{margin-top: 50px !important;margin-bottom: 50px !important;}&#8221;]<\/p>\n<div id=\"wpfp_aed390f881b26f50725ab515a0e45b20\" data-item=\"{&quot;sources&quot;:[{&quot;src&quot;:&quot;https:\\\/\\\/arches-papers.com\\\/wp-content\\\/uploads\\\/2025\\\/05\\\/ARCHES-History-within-History-1807.mp4&quot;,&quot;type&quot;:&quot;video\\\/mp4&quot;}],&quot;id&quot;:&quot;4&quot;,&quot;splash&quot;:&quot;https:\\\/\\\/arches-papers.com\\\/wp-content\\\/uploads\\\/2025\\\/05\\\/arches-papers-video-1807.jpg&quot;}\" class=\"flowplayer no-brand is-splash is-paused skin-slim no-svg fp-slim fp-edgy\" data-fv-embed=\"https:\/\/arches-papers.com\/fr\/arches%ef%b8%8f-history-whitin-history\/fvp-4\/\" style=\"position:relative; max-width: 540px; max-height: 960px; \" data-ratio=\"1.7778\">\n\t<div class=\"fp-ratio\" style=\"padding-top: 177.78%\"><\/div>\n\t<img decoding=\"async\" class=\"fp-splash\" alt=\"video\" src=\"https:\/\/arches-papers.com\/wp-content\/uploads\/2025\/05\/arches-papers-video-1807.jpg\" style=\"position:absolute;top:0;width:100%\" \/>\n\t<div class=\"fp-ui\"><noscript>Please enable JavaScript<\/noscript><div class=\"fp-play fp-visible\"><svg class=\"fp-play-sharp-fill\" xmlns=\"http:\/\/www.w3.org\/2000\/svg\" viewBox=\"0 0 100 100\"><defs><style>.fp-color-play{opacity:0.65;}.controlbutton{fill:#fff;}<\/style><\/defs><title>play-sharp-fill<\/title><path class=\"fp-color-play\" d=\"M49.9217-.078a50,50,0,1,0,50,50A50.0564,50.0564,0,0,0,49.9217-.078Z\"\/><polygon class=\"controlbutton\" points=\"73.601 50 37.968 70.573 37.968 29.427 73.601 50\" filter=\"url(#f1)\"\/><\/svg><\/div><div class=\"fp-preload\"><b><\/b><b><\/b><b><\/b><b><\/b><\/div><\/div>\n<div class='fvp-share-bar'><ul class=\"fvp-sharing\">\r\n    <li><a class=\"sharing-facebook\" href=\"https:\/\/www.facebook.com\/sharer\/sharer.php?u=https%3A%2F%2Farches-papers.com%2Ffr%2Farches%25ef%25b8%258f-history-whitin-history%2F\" target=\"_blank\"><\/a><\/li>\r\n    <li><a class=\"sharing-twitter\" href=\"https:\/\/twitter.com\/intent\/tweet?text=Arches+Papers+&url=https%3A%2F%2Farches-papers.com%2Ffr%2Farches%25ef%25b8%258f-history-whitin-history%2F\" target=\"_blank\"><\/a><\/li>\r\n    <li><a class=\"sharing-email\" href=\"mailto:?body=Check%20out%20the%20amazing%20video%20here%3A%20https%3A%2F%2Farches-papers.com%2Ffr%2Farches%25ef%25b8%258f-history-whitin-history%2F\" target=\"_blank\"><\/a><\/li><\/ul><div><a class=\"sharing-link\" href=\"https:\/\/arches-papers.com\/fr\/arches%ef%b8%8f-history-whitin-history\/\" target=\"_blank\">Link<\/a><\/div><div><label><a class=\"embed-code-toggle\" href=\"#\"><strong>Embed<\/strong><\/a><\/label><\/div><div class=\"embed-code\"><label>Copy and paste this HTML code into your webpage to embed.<\/label><textarea><\/textarea><\/div><\/div>\n<\/div>\n\n<p>[\/vc_column_text][\/vc_column][\/vc_row][vc_row][vc_column]<style>.ld_spacer_6a01445ecdd09{height:96px;}<\/style>\n<div class=\"ld-empty-space ld_spacer_6a01445ecdd09\"><span class=\"liquid_empty_space_inner\"><\/span><\/div>[vc_column_text]<\/p>\n<h2 style=\"text-align: center;\">ARCHES\u00ae HISTORY WITHIN HISTORY &#8211; 1492<\/h2>\n<p>[\/vc_column_text][vc_column_text css=&#8221;.vc_custom_1736781187253{margin-top: 50px !important;margin-bottom: 50px !important;}&#8221;]<\/p>\n<div id=\"wpfp_80c05e22ec03868c86e459b977568a25\" data-item=\"{&quot;sources&quot;:[{&quot;src&quot;:&quot;https:\\\/\\\/arches-papers.com\\\/wp-content\\\/uploads\\\/2025\\\/01\\\/ARCHES-HISTORY-WITHIN-HISTORY-1492.mp4&quot;,&quot;type&quot;:&quot;video\\\/mp4&quot;}],&quot;id&quot;:&quot;3&quot;,&quot;splash&quot;:&quot;https:\\\/\\\/arches-papers.com\\\/wp-content\\\/uploads\\\/2025\\\/01\\\/splash-video-1492.png&quot;}\" class=\"flowplayer no-brand is-splash is-paused skin-slim no-svg fp-slim fp-edgy\" data-fv-embed=\"https:\/\/arches-papers.com\/fr\/arches%ef%b8%8f-history-whitin-history\/fvp-3\/\" style=\"position:relative; max-width: 540px; max-height: 960px; \" data-ratio=\"1.7778\">\n\t<div class=\"fp-ratio\" style=\"padding-top: 177.78%\"><\/div>\n\t<img decoding=\"async\" class=\"fp-splash\" alt=\"video\" src=\"https:\/\/arches-papers.com\/wp-content\/uploads\/2025\/01\/splash-video-1492.png\" style=\"position:absolute;top:0;width:100%\" \/>\n\t<div class=\"fp-ui\"><noscript>Please enable JavaScript<\/noscript><div class=\"fp-play fp-visible\"><svg class=\"fp-play-sharp-fill\" xmlns=\"http:\/\/www.w3.org\/2000\/svg\" viewBox=\"0 0 100 100\"><defs><style>.fp-color-play{opacity:0.65;}.controlbutton{fill:#fff;}<\/style><\/defs><title>play-sharp-fill<\/title><path class=\"fp-color-play\" d=\"M49.9217-.078a50,50,0,1,0,50,50A50.0564,50.0564,0,0,0,49.9217-.078Z\"\/><polygon class=\"controlbutton\" points=\"73.601 50 37.968 70.573 37.968 29.427 73.601 50\" filter=\"url(#f1)\"\/><\/svg><\/div><div class=\"fp-preload\"><b><\/b><b><\/b><b><\/b><b><\/b><\/div><\/div>\n<div class='fvp-share-bar'><ul class=\"fvp-sharing\">\r\n    <li><a class=\"sharing-facebook\" href=\"https:\/\/www.facebook.com\/sharer\/sharer.php?u=https%3A%2F%2Farches-papers.com%2Ffr%2Farches%25ef%25b8%258f-history-whitin-history%2F\" target=\"_blank\"><\/a><\/li>\r\n    <li><a class=\"sharing-twitter\" href=\"https:\/\/twitter.com\/intent\/tweet?text=Arches+Papers+&url=https%3A%2F%2Farches-papers.com%2Ffr%2Farches%25ef%25b8%258f-history-whitin-history%2F\" target=\"_blank\"><\/a><\/li>\r\n    <li><a class=\"sharing-email\" href=\"mailto:?body=Check%20out%20the%20amazing%20video%20here%3A%20https%3A%2F%2Farches-papers.com%2Ffr%2Farches%25ef%25b8%258f-history-whitin-history%2F\" target=\"_blank\"><\/a><\/li><\/ul><div><a class=\"sharing-link\" href=\"https:\/\/arches-papers.com\/fr\/arches%ef%b8%8f-history-whitin-history\/\" target=\"_blank\">Link<\/a><\/div><div><label><a class=\"embed-code-toggle\" href=\"#\"><strong>Embed<\/strong><\/a><\/label><\/div><div class=\"embed-code\"><label>Copy and paste this HTML code into your webpage to embed.<\/label><textarea><\/textarea><\/div><\/div>\n<\/div>\n\n<p>[\/vc_column_text][\/vc_column][\/vc_row][vc_row][vc_column]<style>.ld_spacer_6a01445ece297{height:32px;}<\/style>\n<div class=\"ld-empty-space ld_spacer_6a01445ece297\"><span class=\"liquid_empty_space_inner\"><\/span><\/div>[\/vc_column][\/vc_row]<\/p>\n<\/div>","protected":false},"excerpt":{"rendered":"[vc_row][vc_column width=&#8221;1\/4&#8243;][\/vc_column][vc_column width=&#8221;1\/2&#8243;][vc_column_text el_class=&#8221;justify&#8221;]Notre nouveau programme vid\u00e9o intitul\u00e9 &#8220;ARCHES HISTORY WITHIN HISTORY&#8221; retrace l&#8217;histoire fascinante&#8230;","protected":false},"author":18,"featured_media":49649,"parent":0,"menu_order":0,"comment_status":"closed","ping_status":"closed","template":"","meta":{"footnotes":""},"tags":[],"class_list":["post-49573","page","type-page","status-publish","has-post-thumbnail","hentry"],"yoast_head":"<!-- This site is optimized with the Yoast SEO plugin v27.1.1 - https:\/\/yoast.com\/product\/yoast-seo-wordpress\/ -->\n<title>ARCHES HISTORY WITHIN HISTORY - Arches papers<\/title>\n<meta name=\"description\" content=\"Notre programme vid\u00e9o ARCHES HISTORY WITHIN HISTORY retrace l&#039;histoire fascinante de la marque ARCHES en r\u00e9sonnance avec l&#039;histoire de France.\" \/>\n<meta name=\"robots\" content=\"index, follow, max-snippet:-1, max-image-preview:large, max-video-preview:-1\" \/>\n<link rel=\"canonical\" href=\"https:\/\/arches-papers.com\/fr\/arches%ef%b8%8f-history-whitin-history\/\" \/>\n<meta property=\"og:locale\" content=\"fr_FR\" \/>\n<meta property=\"og:type\" content=\"article\" \/>\n<meta property=\"og:title\" content=\"ARCHES HISTORY WITHIN HISTORY - Arches papers\" \/>\n<meta property=\"og:description\" content=\"Notre programme vid\u00e9o ARCHES HISTORY WITHIN HISTORY retrace l&#039;histoire fascinante de la marque ARCHES en r\u00e9sonnance avec l&#039;histoire de France.\" \/>\n<meta property=\"og:url\" content=\"https:\/\/arches-papers.com\/fr\/arches%ef%b8%8f-history-whitin-history\/\" \/>\n<meta property=\"og:site_name\" content=\"Arches Papers\" \/>\n<meta property=\"article:modified_time\" content=\"2026-03-09T10:40:21+00:00\" \/>\n<meta property=\"og:image\" content=\"https:\/\/arches-papers.com\/wp-content\/uploads\/2025\/01\/bandeau-gravure-2.jpg\" \/>\n\t<meta property=\"og:image:width\" content=\"1100\" \/>\n\t<meta property=\"og:image:height\" content=\"725\" \/>\n\t<meta property=\"og:image:type\" content=\"image\/jpeg\" \/>\n<meta name=\"twitter:card\" content=\"summary_large_image\" \/>\n<meta name=\"twitter:label1\" content=\"Dur\u00e9e de lecture estim\u00e9e\" \/>\n\t<meta name=\"twitter:data1\" content=\"1 minute\" \/>\n<script type=\"application\/ld+json\" class=\"yoast-schema-graph\">{\"@context\":\"https:\/\/schema.org\",\"@graph\":[{\"@type\":\"WebPage\",\"@id\":\"https:\/\/arches-papers.com\/fr\/arches%ef%b8%8f-history-whitin-history\/\",\"url\":\"https:\/\/arches-papers.com\/fr\/arches%ef%b8%8f-history-whitin-history\/\",\"name\":\"ARCHES HISTORY WITHIN HISTORY - Arches papers\",\"isPartOf\":{\"@id\":\"https:\/\/arches-papers.com\/fr\/#website\"},\"primaryImageOfPage\":{\"@id\":\"https:\/\/arches-papers.com\/fr\/arches%ef%b8%8f-history-whitin-history\/#primaryimage\"},\"image\":{\"@id\":\"https:\/\/arches-papers.com\/fr\/arches%ef%b8%8f-history-whitin-history\/#primaryimage\"},\"thumbnailUrl\":\"https:\/\/arches-papers.com\/wp-content\/uploads\/2025\/01\/bandeau-gravure-2.jpg\",\"datePublished\":\"2025-01-15T14:58:47+00:00\",\"dateModified\":\"2026-03-09T10:40:21+00:00\",\"description\":\"Notre programme vid\u00e9o ARCHES HISTORY WITHIN HISTORY retrace l'histoire fascinante de la marque ARCHES en r\u00e9sonnance avec l'histoire de France.\",\"breadcrumb\":{\"@id\":\"https:\/\/arches-papers.com\/fr\/arches%ef%b8%8f-history-whitin-history\/#breadcrumb\"},\"inLanguage\":\"fr-FR\",\"potentialAction\":[{\"@type\":\"ReadAction\",\"target\":[\"https:\/\/arches-papers.com\/fr\/arches%ef%b8%8f-history-whitin-history\/\"]}]},{\"@type\":\"ImageObject\",\"inLanguage\":\"fr-FR\",\"@id\":\"https:\/\/arches-papers.com\/fr\/arches%ef%b8%8f-history-whitin-history\/#primaryimage\",\"url\":\"https:\/\/arches-papers.com\/wp-content\/uploads\/2025\/01\/bandeau-gravure-2.jpg\",\"contentUrl\":\"https:\/\/arches-papers.com\/wp-content\/uploads\/2025\/01\/bandeau-gravure-2.jpg\",\"width\":1100,\"height\":725,\"caption\":\"ARCHES HISTORY WITHIN HISTORY\"},{\"@type\":\"BreadcrumbList\",\"@id\":\"https:\/\/arches-papers.com\/fr\/arches%ef%b8%8f-history-whitin-history\/#breadcrumb\",\"itemListElement\":[{\"@type\":\"ListItem\",\"position\":1,\"name\":\"Accueil\",\"item\":\"https:\/\/arches-papers.com\/fr\/\"},{\"@type\":\"ListItem\",\"position\":2,\"name\":\"ARCHES\u00ae\ufe0f HISTORY WITHIN HISTORY\"}]},{\"@type\":\"WebSite\",\"@id\":\"https:\/\/arches-papers.com\/fr\/#website\",\"url\":\"https:\/\/arches-papers.com\/fr\/\",\"name\":\"Arches Papers\",\"description\":\"Fabricant de papier\",\"potentialAction\":[{\"@type\":\"SearchAction\",\"target\":{\"@type\":\"EntryPoint\",\"urlTemplate\":\"https:\/\/arches-papers.com\/fr\/?s={search_term_string}\"},\"query-input\":{\"@type\":\"PropertyValueSpecification\",\"valueRequired\":true,\"valueName\":\"search_term_string\"}}],\"inLanguage\":\"fr-FR\"}]}<\/script>\n<!-- \/ Yoast SEO plugin. -->","yoast_head_json":{"title":"ARCHES HISTORY WITHIN HISTORY - Arches papers","description":"Notre programme vid\u00e9o ARCHES HISTORY WITHIN HISTORY retrace l'histoire fascinante de la marque ARCHES en r\u00e9sonnance avec l'histoire de France.","robots":{"index":"index","follow":"follow","max-snippet":"max-snippet:-1","max-image-preview":"max-image-preview:large","max-video-preview":"max-video-preview:-1"},"canonical":"https:\/\/arches-papers.com\/fr\/arches%ef%b8%8f-history-whitin-history\/","og_locale":"fr_FR","og_type":"article","og_title":"ARCHES HISTORY WITHIN HISTORY - Arches papers","og_description":"Notre programme vid\u00e9o ARCHES HISTORY WITHIN HISTORY retrace l'histoire fascinante de la marque ARCHES en r\u00e9sonnance avec l'histoire de France.","og_url":"https:\/\/arches-papers.com\/fr\/arches%ef%b8%8f-history-whitin-history\/","og_site_name":"Arches Papers","article_modified_time":"2026-03-09T10:40:21+00:00","og_image":[{"width":1100,"height":725,"url":"https:\/\/arches-papers.com\/wp-content\/uploads\/2025\/01\/bandeau-gravure-2.jpg","type":"image\/jpeg"}],"twitter_card":"summary_large_image","twitter_misc":{"Dur\u00e9e de lecture estim\u00e9e":"1 minute"},"schema":{"@context":"https:\/\/schema.org","@graph":[{"@type":"WebPage","@id":"https:\/\/arches-papers.com\/fr\/arches%ef%b8%8f-history-whitin-history\/","url":"https:\/\/arches-papers.com\/fr\/arches%ef%b8%8f-history-whitin-history\/","name":"ARCHES HISTORY WITHIN HISTORY - Arches papers","isPartOf":{"@id":"https:\/\/arches-papers.com\/fr\/#website"},"primaryImageOfPage":{"@id":"https:\/\/arches-papers.com\/fr\/arches%ef%b8%8f-history-whitin-history\/#primaryimage"},"image":{"@id":"https:\/\/arches-papers.com\/fr\/arches%ef%b8%8f-history-whitin-history\/#primaryimage"},"thumbnailUrl":"https:\/\/arches-papers.com\/wp-content\/uploads\/2025\/01\/bandeau-gravure-2.jpg","datePublished":"2025-01-15T14:58:47+00:00","dateModified":"2026-03-09T10:40:21+00:00","description":"Notre programme vid\u00e9o ARCHES HISTORY WITHIN HISTORY retrace l'histoire fascinante de la marque ARCHES en r\u00e9sonnance avec l'histoire de France.","breadcrumb":{"@id":"https:\/\/arches-papers.com\/fr\/arches%ef%b8%8f-history-whitin-history\/#breadcrumb"},"inLanguage":"fr-FR","potentialAction":[{"@type":"ReadAction","target":["https:\/\/arches-papers.com\/fr\/arches%ef%b8%8f-history-whitin-history\/"]}]},{"@type":"ImageObject","inLanguage":"fr-FR","@id":"https:\/\/arches-papers.com\/fr\/arches%ef%b8%8f-history-whitin-history\/#primaryimage","url":"https:\/\/arches-papers.com\/wp-content\/uploads\/2025\/01\/bandeau-gravure-2.jpg","contentUrl":"https:\/\/arches-papers.com\/wp-content\/uploads\/2025\/01\/bandeau-gravure-2.jpg","width":1100,"height":725,"caption":"ARCHES HISTORY WITHIN HISTORY"},{"@type":"BreadcrumbList","@id":"https:\/\/arches-papers.com\/fr\/arches%ef%b8%8f-history-whitin-history\/#breadcrumb","itemListElement":[{"@type":"ListItem","position":1,"name":"Accueil","item":"https:\/\/arches-papers.com\/fr\/"},{"@type":"ListItem","position":2,"name":"ARCHES\u00ae\ufe0f HISTORY WITHIN HISTORY"}]},{"@type":"WebSite","@id":"https:\/\/arches-papers.com\/fr\/#website","url":"https:\/\/arches-papers.com\/fr\/","name":"Arches Papers","description":"Fabricant de papier","potentialAction":[{"@type":"SearchAction","target":{"@type":"EntryPoint","urlTemplate":"https:\/\/arches-papers.com\/fr\/?s={search_term_string}"},"query-input":{"@type":"PropertyValueSpecification","valueRequired":true,"valueName":"search_term_string"}}],"inLanguage":"fr-FR"}]}},"_links":{"self":[{"href":"https:\/\/arches-papers.com\/fr\/wp-json\/wp\/v2\/pages\/49573","targetHints":{"allow":["GET"]}}],"collection":[{"href":"https:\/\/arches-papers.com\/fr\/wp-json\/wp\/v2\/pages"}],"about":[{"href":"https:\/\/arches-papers.com\/fr\/wp-json\/wp\/v2\/types\/page"}],"author":[{"embeddable":true,"href":"https:\/\/arches-papers.com\/fr\/wp-json\/wp\/v2\/users\/18"}],"replies":[{"embeddable":true,"href":"https:\/\/arches-papers.com\/fr\/wp-json\/wp\/v2\/comments?post=49573"}],"version-history":[{"count":1,"href":"https:\/\/arches-papers.com\/fr\/wp-json\/wp\/v2\/pages\/49573\/revisions"}],"predecessor-version":[{"id":55105,"href":"https:\/\/arches-papers.com\/fr\/wp-json\/wp\/v2\/pages\/49573\/revisions\/55105"}],"wp:featuredmedia":[{"embeddable":true,"href":"https:\/\/arches-papers.com\/fr\/wp-json\/wp\/v2\/media\/49649"}],"wp:attachment":[{"href":"https:\/\/arches-papers.com\/fr\/wp-json\/wp\/v2\/media?parent=49573"}],"wp:term":[{"taxonomy":"post_tag","embeddable":true,"href":"https:\/\/arches-papers.com\/fr\/wp-json\/wp\/v2\/tags?post=49573"}],"curies":[{"name":"wp","href":"https:\/\/api.w.org\/{rel}","templated":true}]}}