{"id":49855,"date":"2024-11-13T10:40:41","date_gmt":"2024-11-13T09:40:41","guid":{"rendered":"https:\/\/arches-papers.com\/arches-resident-artists\/"},"modified":"2025-04-08T15:55:51","modified_gmt":"2025-04-08T13:55:51","slug":"artistes_residents_arches","status":"publish","type":"page","link":"https:\/\/arches-papers.com\/fr\/artistes_residents_arches\/","title":{"rendered":"ARTISTES R\u00c9SIDENTS ARCHES\u00ae"},"content":{"rendered":"<div class=\"wpb-content-wrapper\"><p>[vc_row][vc_column width=&#8221;1\/4&#8243;][\/vc_column][vc_column width=&#8221;1\/2&#8243;][vc_column_text]<span style=\"font-size: 18px;\">Bienvenue sur la page d\u00e9di\u00e9e aux Artistes R\u00e9sidents ARCHES\u00ae. Vous y d\u00e9couvrirez l\u2019univers artistique de ces artistes et leur relation particuli\u00e8re avec le papier ARCHES\u00ae.<br \/>\nExplorez, d\u00e9couvrez et laissez-vous inspirer par les Artistes R\u00e9sidents ARCHES\u00ae !<\/span>[\/vc_column_text][vc_empty_space height=&#8221;96px&#8221;][\/vc_column][vc_column width=&#8221;1\/4&#8243;][\/vc_column][\/vc_row][vc_row][vc_column][vc_basic_grid post_type=&#8221;artistes_resident&#8221; max_items=&#8221;-1&#8243; style=&#8221;load-more&#8221; items_per_page=&#8221;64&#8243; show_filter=&#8221;yes&#8221; orderby=&#8221;title&#8221; order=&#8221;ASC&#8221; item=&#8221;49838&#8243; btn_color=&#8221;default&#8221; grid_id=&#8221;vc_gid:1743511614704-f8e2e851-1c56-2&#8243; filter_source=&#8221;countries&#8221;][vc_empty_space height=&#8221;96px&#8221;][\/vc_column][\/vc_row]<\/p>\n<\/div>","protected":false},"excerpt":{"rendered":"[vc_row][vc_column width=&#8221;1\/4&#8243;][\/vc_column][vc_column width=&#8221;1\/2&#8243;][vc_column_text]Bienvenue sur la page d\u00e9di\u00e9e aux Artistes R\u00e9sidents ARCHES\u00ae. Vous y d\u00e9couvrirez l\u2019univers&#8230;","protected":false},"author":18,"featured_media":0,"parent":0,"menu_order":0,"comment_status":"closed","ping_status":"closed","template":"","meta":{"footnotes":""},"tags":[],"class_list":["post-49855","page","type-page","status-publish","hentry"],"yoast_head":"<!-- This site is optimized with the Yoast SEO plugin v27.1.1 - https:\/\/yoast.com\/product\/yoast-seo-wordpress\/ -->\n<title>Artistes R\u00e9sidents ARCHES \u00e0 travers le monde - Arches papers<\/title>\n<meta name=\"description\" content=\"D\u00e9couvrez l\u2019univers artistique de nos Artistes R\u00e9sidents ARCHES et leur relation particuli\u00e8re avec le papier ARCHES. Laissez-vous inspirer !\" \/>\n<meta name=\"robots\" content=\"index, follow, max-snippet:-1, max-image-preview:large, max-video-preview:-1\" \/>\n<link rel=\"canonical\" href=\"https:\/\/arches-papers.com\/fr\/artistes_residents_arches\/\" \/>\n<meta property=\"og:locale\" content=\"fr_FR\" \/>\n<meta property=\"og:type\" content=\"article\" \/>\n<meta property=\"og:title\" content=\"Artistes R\u00e9sidents ARCHES \u00e0 travers le monde - Arches papers\" \/>\n<meta property=\"og:description\" content=\"D\u00e9couvrez l\u2019univers artistique de nos Artistes R\u00e9sidents ARCHES et leur relation particuli\u00e8re avec le papier ARCHES. Laissez-vous inspirer !\" \/>\n<meta property=\"og:url\" content=\"https:\/\/arches-papers.com\/fr\/artistes_residents_arches\/\" \/>\n<meta property=\"og:site_name\" content=\"Arches Papers\" \/>\n<meta property=\"article:modified_time\" content=\"2025-04-08T13:55:51+00:00\" \/>\n<meta name=\"twitter:card\" content=\"summary_large_image\" \/>\n<meta name=\"twitter:label1\" content=\"Dur\u00e9e de lecture estim\u00e9e\" \/>\n\t<meta name=\"twitter:data1\" content=\"1 minute\" \/>\n<script type=\"application\/ld+json\" class=\"yoast-schema-graph\">{\"@context\":\"https:\/\/schema.org\",\"@graph\":[{\"@type\":\"WebPage\",\"@id\":\"https:\/\/arches-papers.com\/fr\/artistes_residents_arches\/\",\"url\":\"https:\/\/arches-papers.com\/fr\/artistes_residents_arches\/\",\"name\":\"Artistes R\u00e9sidents ARCHES \u00e0 travers le monde - Arches papers\",\"isPartOf\":{\"@id\":\"https:\/\/arches-papers.com\/fr\/#website\"},\"datePublished\":\"2024-11-13T09:40:41+00:00\",\"dateModified\":\"2025-04-08T13:55:51+00:00\",\"description\":\"D\u00e9couvrez l\u2019univers artistique de nos Artistes R\u00e9sidents ARCHES et leur relation particuli\u00e8re avec le papier ARCHES. Laissez-vous inspirer !\",\"breadcrumb\":{\"@id\":\"https:\/\/arches-papers.com\/fr\/artistes_residents_arches\/#breadcrumb\"},\"inLanguage\":\"fr-FR\",\"potentialAction\":[{\"@type\":\"ReadAction\",\"target\":[\"https:\/\/arches-papers.com\/fr\/artistes_residents_arches\/\"]}]},{\"@type\":\"BreadcrumbList\",\"@id\":\"https:\/\/arches-papers.com\/fr\/artistes_residents_arches\/#breadcrumb\",\"itemListElement\":[{\"@type\":\"ListItem\",\"position\":1,\"name\":\"Accueil\",\"item\":\"https:\/\/arches-papers.com\/fr\/\"},{\"@type\":\"ListItem\",\"position\":2,\"name\":\"ARTISTES R\u00c9SIDENTS ARCHES\u00ae\"}]},{\"@type\":\"WebSite\",\"@id\":\"https:\/\/arches-papers.com\/fr\/#website\",\"url\":\"https:\/\/arches-papers.com\/fr\/\",\"name\":\"Arches Papers\",\"description\":\"Fabricant de papier\",\"potentialAction\":[{\"@type\":\"SearchAction\",\"target\":{\"@type\":\"EntryPoint\",\"urlTemplate\":\"https:\/\/arches-papers.com\/fr\/?s={search_term_string}\"},\"query-input\":{\"@type\":\"PropertyValueSpecification\",\"valueRequired\":true,\"valueName\":\"search_term_string\"}}],\"inLanguage\":\"fr-FR\"}]}<\/script>\n<!-- \/ Yoast SEO plugin. -->","yoast_head_json":{"title":"Artistes R\u00e9sidents ARCHES \u00e0 travers le monde - Arches papers","description":"D\u00e9couvrez l\u2019univers artistique de nos Artistes R\u00e9sidents ARCHES et leur relation particuli\u00e8re avec le papier ARCHES. Laissez-vous inspirer !","robots":{"index":"index","follow":"follow","max-snippet":"max-snippet:-1","max-image-preview":"max-image-preview:large","max-video-preview":"max-video-preview:-1"},"canonical":"https:\/\/arches-papers.com\/fr\/artistes_residents_arches\/","og_locale":"fr_FR","og_type":"article","og_title":"Artistes R\u00e9sidents ARCHES \u00e0 travers le monde - Arches papers","og_description":"D\u00e9couvrez l\u2019univers artistique de nos Artistes R\u00e9sidents ARCHES et leur relation particuli\u00e8re avec le papier ARCHES. Laissez-vous inspirer !","og_url":"https:\/\/arches-papers.com\/fr\/artistes_residents_arches\/","og_site_name":"Arches Papers","article_modified_time":"2025-04-08T13:55:51+00:00","twitter_card":"summary_large_image","twitter_misc":{"Dur\u00e9e de lecture estim\u00e9e":"1 minute"},"schema":{"@context":"https:\/\/schema.org","@graph":[{"@type":"WebPage","@id":"https:\/\/arches-papers.com\/fr\/artistes_residents_arches\/","url":"https:\/\/arches-papers.com\/fr\/artistes_residents_arches\/","name":"Artistes R\u00e9sidents ARCHES \u00e0 travers le monde - Arches papers","isPartOf":{"@id":"https:\/\/arches-papers.com\/fr\/#website"},"datePublished":"2024-11-13T09:40:41+00:00","dateModified":"2025-04-08T13:55:51+00:00","description":"D\u00e9couvrez l\u2019univers artistique de nos Artistes R\u00e9sidents ARCHES et leur relation particuli\u00e8re avec le papier ARCHES. Laissez-vous inspirer !","breadcrumb":{"@id":"https:\/\/arches-papers.com\/fr\/artistes_residents_arches\/#breadcrumb"},"inLanguage":"fr-FR","potentialAction":[{"@type":"ReadAction","target":["https:\/\/arches-papers.com\/fr\/artistes_residents_arches\/"]}]},{"@type":"BreadcrumbList","@id":"https:\/\/arches-papers.com\/fr\/artistes_residents_arches\/#breadcrumb","itemListElement":[{"@type":"ListItem","position":1,"name":"Accueil","item":"https:\/\/arches-papers.com\/fr\/"},{"@type":"ListItem","position":2,"name":"ARTISTES R\u00c9SIDENTS ARCHES\u00ae"}]},{"@type":"WebSite","@id":"https:\/\/arches-papers.com\/fr\/#website","url":"https:\/\/arches-papers.com\/fr\/","name":"Arches Papers","description":"Fabricant de papier","potentialAction":[{"@type":"SearchAction","target":{"@type":"EntryPoint","urlTemplate":"https:\/\/arches-papers.com\/fr\/?s={search_term_string}"},"query-input":{"@type":"PropertyValueSpecification","valueRequired":true,"valueName":"search_term_string"}}],"inLanguage":"fr-FR"}]}},"_links":{"self":[{"href":"https:\/\/arches-papers.com\/fr\/wp-json\/wp\/v2\/pages\/49855","targetHints":{"allow":["GET"]}}],"collection":[{"href":"https:\/\/arches-papers.com\/fr\/wp-json\/wp\/v2\/pages"}],"about":[{"href":"https:\/\/arches-papers.com\/fr\/wp-json\/wp\/v2\/types\/page"}],"author":[{"embeddable":true,"href":"https:\/\/arches-papers.com\/fr\/wp-json\/wp\/v2\/users\/18"}],"replies":[{"embeddable":true,"href":"https:\/\/arches-papers.com\/fr\/wp-json\/wp\/v2\/comments?post=49855"}],"version-history":[{"count":0,"href":"https:\/\/arches-papers.com\/fr\/wp-json\/wp\/v2\/pages\/49855\/revisions"}],"wp:attachment":[{"href":"https:\/\/arches-papers.com\/fr\/wp-json\/wp\/v2\/media?parent=49855"}],"wp:term":[{"taxonomy":"post_tag","embeddable":true,"href":"https:\/\/arches-papers.com\/fr\/wp-json\/wp\/v2\/tags?post=49855"}],"curies":[{"name":"wp","href":"https:\/\/api.w.org\/{rel}","templated":true}]}}