{"id":78,"date":"2019-04-20T13:17:30","date_gmt":"2019-04-20T11:17:30","guid":{"rendered":"https:\/\/www.arches-papers.com\/v2\/?page_id=78"},"modified":"2026-04-01T17:45:19","modified_gmt":"2026-04-01T15:45:19","slug":"papier-peinture-huile","status":"publish","type":"page","link":"https:\/\/arches-papers.com\/fr\/la-gamme-papiers-arches\/papier-peinture-huile\/","title":{"rendered":"Huile"},"content":{"rendered":"<div class=\"wpb-content-wrapper\"><p>[vc_row][vc_column width=&#8221;1\/4&#8243;][\/vc_column][vc_column width=&#8221;1\/2&#8243;][vc_column_text el_class=&#8221;justify&#8221;]La peinture \u00e0 l\u2019huile est apparue \u00e0 la fin du Moyen-\u00e2ge. Elle a la particularit\u00e9 de s\u00e9cher lentement, ce qui permet de travailler les couleurs, le motif et la mati\u00e8re jusqu\u2019au r\u00e9sultat d\u00e9sir\u00e9.<\/p>\n<p>Cette technique exige un papier tr\u00e8s r\u00e9sistant. Depuis 2012, ARCHES\u00ae propose un papier pr\u00eat \u00e0 l\u2019emploi sp\u00e9cifiquement formul\u00e9 pour cette technique.[\/vc_column_text][\/vc_column][vc_column width=&#8221;1\/4&#8243;][\/vc_column][\/vc_row][vc_row][vc_column]<style>.ld_spacer_6a0144e397bcf{height:32px;}<\/style>\n<div class=\"ld-empty-space ld_spacer_6a0144e397bcf\"><span class=\"liquid_empty_space_inner\"><\/span><\/div>[\/vc_column][\/vc_row][vc_row][vc_column width=&#8221;1\/4&#8243;][\/vc_column][vc_column width=&#8221;1\/2&#8243;][vc_hoverbox image=&#8221;13293&#8243; primary_title=&#8221;&#8221; hover_title=&#8221;ARCHES\u00ae Huile&#8221; shape=&#8221;square&#8221; hover_background_color=&#8221;custom&#8221; hover_btn_title=&#8221;&#8221; css_animation=&#8221;fadeInUp&#8221; hover_add_button=&#8221;true&#8221; hover_custom_background=&#8221;rgba(0,0,0,0.3)&#8221; hover_btn_link=&#8221;url:https%3A%2F%2Farches-papers.com%2Ffr%2Fla-gamme-papiers-arches%2Fpapier-peinture-huile%2Farches-huile%2F|title:ARCHES%C2%AE%20Huile&#8221; el_class=&#8221;prj-link&#8221;][\/vc_hoverbox][\/vc_column][vc_column width=&#8221;1\/4&#8243;][\/vc_column][\/vc_row][vc_row][vc_column]<style>.ld_spacer_6a0144e397c62{height:32px;}<\/style>\n<div class=\"ld-empty-space ld_spacer_6a0144e397c62\"><span class=\"liquid_empty_space_inner\"><\/span><\/div>[\/vc_column][\/vc_row]<\/p>\n<\/div>","protected":false},"excerpt":{"rendered":"[vc_row][vc_column width=&#8221;1\/4&#8243;][\/vc_column][vc_column width=&#8221;1\/2&#8243;][vc_column_text el_class=&#8221;justify&#8221;]La peinture \u00e0 l\u2019huile est apparue \u00e0 la fin du Moyen-\u00e2ge. Elle&#8230;","protected":false},"author":1,"featured_media":15187,"parent":70,"menu_order":2,"comment_status":"closed","ping_status":"closed","template":"","meta":{"footnotes":""},"tags":[],"class_list":["post-78","page","type-page","status-publish","has-post-thumbnail","hentry"],"yoast_head":"<!-- This site is optimized with the Yoast SEO plugin v27.1.1 - https:\/\/yoast.com\/product\/yoast-seo-wordpress\/ -->\n<title>Papier pour la peinture \u00e0 l&#039;huile : ARCHES Huile est le papier id\u00e9al<\/title>\n<meta name=\"description\" content=\"ARCHES fut le premier fabriquant de papier \u00e0 d\u00e9velopper et commercialiser un papier sp\u00e9cifique pour la peinture \u00e0 l\u2019huile\u00a0: ARCHES Huile.\" \/>\n<meta name=\"robots\" content=\"index, follow, max-snippet:-1, max-image-preview:large, max-video-preview:-1\" \/>\n<link rel=\"canonical\" href=\"https:\/\/arches-papers.com\/fr\/la-gamme-papiers-arches\/papier-peinture-huile\/\" \/>\n<meta property=\"og:locale\" content=\"fr_FR\" \/>\n<meta property=\"og:type\" content=\"article\" \/>\n<meta property=\"og:title\" content=\"Papier pour la peinture \u00e0 l&#039;huile : ARCHES Huile est le papier id\u00e9al\" \/>\n<meta property=\"og:description\" content=\"ARCHES fut le premier fabriquant de papier \u00e0 d\u00e9velopper et commercialiser un papier sp\u00e9cifique pour la peinture \u00e0 l\u2019huile\u00a0: ARCHES Huile.\" \/>\n<meta property=\"og:url\" content=\"https:\/\/arches-papers.com\/fr\/la-gamme-papiers-arches\/papier-peinture-huile\/\" \/>\n<meta property=\"og:site_name\" content=\"Arches Papers\" \/>\n<meta property=\"article:modified_time\" content=\"2026-04-01T15:45:19+00:00\" \/>\n<meta property=\"og:image\" content=\"https:\/\/arches-papers.com\/wp-content\/uploads\/2019\/11\/Photo-pour-historique-2012-ARCHES-Huile-web.jpg\" \/>\n\t<meta property=\"og:image:width\" content=\"800\" \/>\n\t<meta property=\"og:image:height\" content=\"533\" \/>\n\t<meta property=\"og:image:type\" content=\"image\/jpeg\" \/>\n<meta name=\"twitter:card\" content=\"summary_large_image\" \/>\n<meta name=\"twitter:label1\" content=\"Dur\u00e9e de lecture estim\u00e9e\" \/>\n\t<meta name=\"twitter:data1\" content=\"1 minute\" \/>\n<script type=\"application\/ld+json\" class=\"yoast-schema-graph\">{\"@context\":\"https:\/\/schema.org\",\"@graph\":[{\"@type\":\"WebPage\",\"@id\":\"https:\/\/arches-papers.com\/fr\/la-gamme-papiers-arches\/papier-peinture-huile\/\",\"url\":\"https:\/\/arches-papers.com\/fr\/la-gamme-papiers-arches\/papier-peinture-huile\/\",\"name\":\"Papier pour la peinture \u00e0 l'huile : ARCHES Huile est le papier id\u00e9al\",\"isPartOf\":{\"@id\":\"https:\/\/arches-papers.com\/fr\/#website\"},\"primaryImageOfPage\":{\"@id\":\"https:\/\/arches-papers.com\/fr\/la-gamme-papiers-arches\/papier-peinture-huile\/#primaryimage\"},\"image\":{\"@id\":\"https:\/\/arches-papers.com\/fr\/la-gamme-papiers-arches\/papier-peinture-huile\/#primaryimage\"},\"thumbnailUrl\":\"https:\/\/arches-papers.com\/wp-content\/uploads\/2019\/11\/Photo-pour-historique-2012-ARCHES-Huile-web.jpg\",\"datePublished\":\"2019-04-20T11:17:30+00:00\",\"dateModified\":\"2026-04-01T15:45:19+00:00\",\"description\":\"ARCHES fut le premier fabriquant de papier \u00e0 d\u00e9velopper et commercialiser un papier sp\u00e9cifique pour la peinture \u00e0 l\u2019huile\u00a0: ARCHES Huile.\",\"breadcrumb\":{\"@id\":\"https:\/\/arches-papers.com\/fr\/la-gamme-papiers-arches\/papier-peinture-huile\/#breadcrumb\"},\"inLanguage\":\"fr-FR\",\"potentialAction\":[{\"@type\":\"ReadAction\",\"target\":[\"https:\/\/arches-papers.com\/fr\/la-gamme-papiers-arches\/papier-peinture-huile\/\"]}]},{\"@type\":\"ImageObject\",\"inLanguage\":\"fr-FR\",\"@id\":\"https:\/\/arches-papers.com\/fr\/la-gamme-papiers-arches\/papier-peinture-huile\/#primaryimage\",\"url\":\"https:\/\/arches-papers.com\/wp-content\/uploads\/2019\/11\/Photo-pour-historique-2012-ARCHES-Huile-web.jpg\",\"contentUrl\":\"https:\/\/arches-papers.com\/wp-content\/uploads\/2019\/11\/Photo-pour-historique-2012-ARCHES-Huile-web.jpg\",\"width\":800,\"height\":533,\"caption\":\"papier arches huile\"},{\"@type\":\"BreadcrumbList\",\"@id\":\"https:\/\/arches-papers.com\/fr\/la-gamme-papiers-arches\/papier-peinture-huile\/#breadcrumb\",\"itemListElement\":[{\"@type\":\"ListItem\",\"position\":1,\"name\":\"Accueil\",\"item\":\"https:\/\/arches-papers.com\/fr\/\"},{\"@type\":\"ListItem\",\"position\":2,\"name\":\"LA GAMME PAPIERS ARCHES\u00ae\",\"item\":\"https:\/\/arches-papers.com\/fr\/la-gamme-papiers-arches\/\"},{\"@type\":\"ListItem\",\"position\":3,\"name\":\"Huile\"}]},{\"@type\":\"WebSite\",\"@id\":\"https:\/\/arches-papers.com\/fr\/#website\",\"url\":\"https:\/\/arches-papers.com\/fr\/\",\"name\":\"Arches Papers\",\"description\":\"Fabricant de papier\",\"potentialAction\":[{\"@type\":\"SearchAction\",\"target\":{\"@type\":\"EntryPoint\",\"urlTemplate\":\"https:\/\/arches-papers.com\/fr\/?s={search_term_string}\"},\"query-input\":{\"@type\":\"PropertyValueSpecification\",\"valueRequired\":true,\"valueName\":\"search_term_string\"}}],\"inLanguage\":\"fr-FR\"}]}<\/script>\n<!-- \/ Yoast SEO plugin. -->","yoast_head_json":{"title":"Papier pour la peinture \u00e0 l'huile : ARCHES Huile est le papier id\u00e9al","description":"ARCHES fut le premier fabriquant de papier \u00e0 d\u00e9velopper et commercialiser un papier sp\u00e9cifique pour la peinture \u00e0 l\u2019huile\u00a0: ARCHES Huile.","robots":{"index":"index","follow":"follow","max-snippet":"max-snippet:-1","max-image-preview":"max-image-preview:large","max-video-preview":"max-video-preview:-1"},"canonical":"https:\/\/arches-papers.com\/fr\/la-gamme-papiers-arches\/papier-peinture-huile\/","og_locale":"fr_FR","og_type":"article","og_title":"Papier pour la peinture \u00e0 l'huile : ARCHES Huile est le papier id\u00e9al","og_description":"ARCHES fut le premier fabriquant de papier \u00e0 d\u00e9velopper et commercialiser un papier sp\u00e9cifique pour la peinture \u00e0 l\u2019huile\u00a0: ARCHES Huile.","og_url":"https:\/\/arches-papers.com\/fr\/la-gamme-papiers-arches\/papier-peinture-huile\/","og_site_name":"Arches Papers","article_modified_time":"2026-04-01T15:45:19+00:00","og_image":[{"width":800,"height":533,"url":"https:\/\/arches-papers.com\/wp-content\/uploads\/2019\/11\/Photo-pour-historique-2012-ARCHES-Huile-web.jpg","type":"image\/jpeg"}],"twitter_card":"summary_large_image","twitter_misc":{"Dur\u00e9e de lecture estim\u00e9e":"1 minute"},"schema":{"@context":"https:\/\/schema.org","@graph":[{"@type":"WebPage","@id":"https:\/\/arches-papers.com\/fr\/la-gamme-papiers-arches\/papier-peinture-huile\/","url":"https:\/\/arches-papers.com\/fr\/la-gamme-papiers-arches\/papier-peinture-huile\/","name":"Papier pour la peinture \u00e0 l'huile : ARCHES Huile est le papier id\u00e9al","isPartOf":{"@id":"https:\/\/arches-papers.com\/fr\/#website"},"primaryImageOfPage":{"@id":"https:\/\/arches-papers.com\/fr\/la-gamme-papiers-arches\/papier-peinture-huile\/#primaryimage"},"image":{"@id":"https:\/\/arches-papers.com\/fr\/la-gamme-papiers-arches\/papier-peinture-huile\/#primaryimage"},"thumbnailUrl":"https:\/\/arches-papers.com\/wp-content\/uploads\/2019\/11\/Photo-pour-historique-2012-ARCHES-Huile-web.jpg","datePublished":"2019-04-20T11:17:30+00:00","dateModified":"2026-04-01T15:45:19+00:00","description":"ARCHES fut le premier fabriquant de papier \u00e0 d\u00e9velopper et commercialiser un papier sp\u00e9cifique pour la peinture \u00e0 l\u2019huile\u00a0: ARCHES Huile.","breadcrumb":{"@id":"https:\/\/arches-papers.com\/fr\/la-gamme-papiers-arches\/papier-peinture-huile\/#breadcrumb"},"inLanguage":"fr-FR","potentialAction":[{"@type":"ReadAction","target":["https:\/\/arches-papers.com\/fr\/la-gamme-papiers-arches\/papier-peinture-huile\/"]}]},{"@type":"ImageObject","inLanguage":"fr-FR","@id":"https:\/\/arches-papers.com\/fr\/la-gamme-papiers-arches\/papier-peinture-huile\/#primaryimage","url":"https:\/\/arches-papers.com\/wp-content\/uploads\/2019\/11\/Photo-pour-historique-2012-ARCHES-Huile-web.jpg","contentUrl":"https:\/\/arches-papers.com\/wp-content\/uploads\/2019\/11\/Photo-pour-historique-2012-ARCHES-Huile-web.jpg","width":800,"height":533,"caption":"papier arches huile"},{"@type":"BreadcrumbList","@id":"https:\/\/arches-papers.com\/fr\/la-gamme-papiers-arches\/papier-peinture-huile\/#breadcrumb","itemListElement":[{"@type":"ListItem","position":1,"name":"Accueil","item":"https:\/\/arches-papers.com\/fr\/"},{"@type":"ListItem","position":2,"name":"LA GAMME PAPIERS ARCHES\u00ae","item":"https:\/\/arches-papers.com\/fr\/la-gamme-papiers-arches\/"},{"@type":"ListItem","position":3,"name":"Huile"}]},{"@type":"WebSite","@id":"https:\/\/arches-papers.com\/fr\/#website","url":"https:\/\/arches-papers.com\/fr\/","name":"Arches Papers","description":"Fabricant de papier","potentialAction":[{"@type":"SearchAction","target":{"@type":"EntryPoint","urlTemplate":"https:\/\/arches-papers.com\/fr\/?s={search_term_string}"},"query-input":{"@type":"PropertyValueSpecification","valueRequired":true,"valueName":"search_term_string"}}],"inLanguage":"fr-FR"}]}},"_links":{"self":[{"href":"https:\/\/arches-papers.com\/fr\/wp-json\/wp\/v2\/pages\/78","targetHints":{"allow":["GET"]}}],"collection":[{"href":"https:\/\/arches-papers.com\/fr\/wp-json\/wp\/v2\/pages"}],"about":[{"href":"https:\/\/arches-papers.com\/fr\/wp-json\/wp\/v2\/types\/page"}],"author":[{"embeddable":true,"href":"https:\/\/arches-papers.com\/fr\/wp-json\/wp\/v2\/users\/1"}],"replies":[{"embeddable":true,"href":"https:\/\/arches-papers.com\/fr\/wp-json\/wp\/v2\/comments?post=78"}],"version-history":[{"count":1,"href":"https:\/\/arches-papers.com\/fr\/wp-json\/wp\/v2\/pages\/78\/revisions"}],"predecessor-version":[{"id":55797,"href":"https:\/\/arches-papers.com\/fr\/wp-json\/wp\/v2\/pages\/78\/revisions\/55797"}],"up":[{"embeddable":true,"href":"https:\/\/arches-papers.com\/fr\/wp-json\/wp\/v2\/pages\/70"}],"wp:featuredmedia":[{"embeddable":true,"href":"https:\/\/arches-papers.com\/fr\/wp-json\/wp\/v2\/media\/15187"}],"wp:attachment":[{"href":"https:\/\/arches-papers.com\/fr\/wp-json\/wp\/v2\/media?parent=78"}],"wp:term":[{"taxonomy":"post_tag","embeddable":true,"href":"https:\/\/arches-papers.com\/fr\/wp-json\/wp\/v2\/tags?post=78"}],"curies":[{"name":"wp","href":"https:\/\/api.w.org\/{rel}","templated":true}]}}