{"id":80,"date":"2019-04-20T13:17:49","date_gmt":"2019-04-20T11:17:49","guid":{"rendered":"https:\/\/www.arches-papers.com\/v2\/?page_id=80"},"modified":"2026-04-01T17:50:10","modified_gmt":"2026-04-01T15:50:10","slug":"papiers-impression-offset","status":"publish","type":"page","link":"https:\/\/arches-papers.com\/fr\/la-gamme-papiers-arches\/papiers-impression-offset\/","title":{"rendered":"Impression Offset"},"content":{"rendered":"<div class=\"wpb-content-wrapper\"><p>[vc_row][vc_column width=&#8221;1\/4&#8243;][\/vc_column][vc_column width=&#8221;1\/2&#8243;][vc_column_text el_class=&#8221;justify&#8221;]Une gamme de papiers sp\u00e9cifique, ARCHES\u00ae Expression, destin\u00e9e \u00e0 l\u2019impression offset et qui se pr\u00eate particuli\u00e8rement \u00e0 toutes les techniques de fa\u00e7onnage telles que la thermogravure, la dorure \u00e0 chaud, le gaufrage, l\u2019embossage, le timbrage, le vernis, le rembordage ou le pelliculage.[\/vc_column_text][\/vc_column][vc_column width=&#8221;1\/4&#8243;][\/vc_column][\/vc_row][vc_row][vc_column]<style>.ld_spacer_69f55492c81c3{height:32px;}<\/style>\n<div class=\"ld-empty-space ld_spacer_69f55492c81c3\"><span class=\"liquid_empty_space_inner\"><\/span><\/div>[\/vc_column][\/vc_row][vc_row][vc_column width=&#8221;1\/4&#8243;][\/vc_column][vc_column width=&#8221;1\/2&#8243;][vc_hoverbox image=&#8221;15017&#8243; primary_title=&#8221;&#8221; hover_title=&#8221;ARCHES\u00ae Expression&#8221; shape=&#8221;square&#8221; hover_background_color=&#8221;custom&#8221; hover_btn_title=&#8221;&#8221; css_animation=&#8221;fadeInUp&#8221; hover_add_button=&#8221;true&#8221; hover_custom_background=&#8221;rgba(0,0,0,0.3)&#8221; hover_btn_link=&#8221;url:https%3A%2F%2Farches-papers.com%2Ffr%2Fla-gamme-papiers-arches%2Fpapiers-impression-offset%2Fpapier-arches-expression%2F|title:ARCHES%C2%AE%20Expression&#8221; el_class=&#8221;prj-link&#8221;][\/vc_hoverbox][\/vc_column][vc_column width=&#8221;1\/4&#8243;][\/vc_column][\/vc_row][vc_row][vc_column]<style>.ld_spacer_69f55492c825b{height:32px;}<\/style>\n<div class=\"ld-empty-space ld_spacer_69f55492c825b\"><span class=\"liquid_empty_space_inner\"><\/span><\/div>[\/vc_column][\/vc_row]<\/p>\n<\/div>","protected":false},"excerpt":{"rendered":"[vc_row][vc_column width=&#8221;1\/4&#8243;][\/vc_column][vc_column width=&#8221;1\/2&#8243;][vc_column_text el_class=&#8221;justify&#8221;]Une gamme de papiers sp\u00e9cifique, ARCHES\u00ae Expression, destin\u00e9e \u00e0 l\u2019impression offset et&#8230;","protected":false},"author":1,"featured_media":13318,"parent":70,"menu_order":5,"comment_status":"closed","ping_status":"closed","template":"","meta":{"footnotes":""},"tags":[],"class_list":["post-80","page","type-page","status-publish","has-post-thumbnail","hentry"],"yoast_head":"<!-- This site is optimized with the Yoast SEO plugin v27.1.1 - https:\/\/yoast.com\/product\/yoast-seo-wordpress\/ -->\n<title>Papiers impression Offset de la gamme ARCHES : ARCHES Expression<\/title>\n<meta name=\"description\" content=\"Les papiers de la gamme ARCHES\u00a0Expression sont destin\u00e9s \u00e0 l\u2019impression\u00a0offset et \u00e0 toutes les techniques de fa\u00e7onnage des \u00e9ditions haut de gamme.\" \/>\n<meta name=\"robots\" content=\"index, follow, max-snippet:-1, max-image-preview:large, max-video-preview:-1\" \/>\n<link rel=\"canonical\" href=\"https:\/\/arches-papers.com\/fr\/la-gamme-papiers-arches\/papiers-impression-offset\/\" \/>\n<meta property=\"og:locale\" content=\"fr_FR\" \/>\n<meta property=\"og:type\" content=\"article\" \/>\n<meta property=\"og:title\" content=\"Papiers impression Offset de la gamme ARCHES : ARCHES Expression\" \/>\n<meta property=\"og:description\" content=\"Les papiers de la gamme ARCHES\u00a0Expression sont destin\u00e9s \u00e0 l\u2019impression\u00a0offset et \u00e0 toutes les techniques de fa\u00e7onnage des \u00e9ditions haut de gamme.\" \/>\n<meta property=\"og:url\" content=\"https:\/\/arches-papers.com\/fr\/la-gamme-papiers-arches\/papiers-impression-offset\/\" \/>\n<meta property=\"og:site_name\" content=\"Arches Papers\" \/>\n<meta property=\"article:modified_time\" content=\"2026-04-01T15:50:10+00:00\" \/>\n<meta property=\"og:image\" content=\"https:\/\/arches-papers.com\/wp-content\/uploads\/2019\/08\/arches-expression-coffret-2.jpg\" \/>\n\t<meta property=\"og:image:width\" content=\"1600\" \/>\n\t<meta property=\"og:image:height\" content=\"1200\" \/>\n\t<meta property=\"og:image:type\" content=\"image\/jpeg\" \/>\n<meta name=\"twitter:card\" content=\"summary_large_image\" \/>\n<meta name=\"twitter:label1\" content=\"Dur\u00e9e de lecture estim\u00e9e\" \/>\n\t<meta name=\"twitter:data1\" content=\"1 minute\" \/>\n<script type=\"application\/ld+json\" class=\"yoast-schema-graph\">{\"@context\":\"https:\/\/schema.org\",\"@graph\":[{\"@type\":\"WebPage\",\"@id\":\"https:\/\/arches-papers.com\/fr\/la-gamme-papiers-arches\/papiers-impression-offset\/\",\"url\":\"https:\/\/arches-papers.com\/fr\/la-gamme-papiers-arches\/papiers-impression-offset\/\",\"name\":\"Papiers impression Offset de la gamme ARCHES : ARCHES Expression\",\"isPartOf\":{\"@id\":\"https:\/\/arches-papers.com\/fr\/#website\"},\"primaryImageOfPage\":{\"@id\":\"https:\/\/arches-papers.com\/fr\/la-gamme-papiers-arches\/papiers-impression-offset\/#primaryimage\"},\"image\":{\"@id\":\"https:\/\/arches-papers.com\/fr\/la-gamme-papiers-arches\/papiers-impression-offset\/#primaryimage\"},\"thumbnailUrl\":\"https:\/\/arches-papers.com\/wp-content\/uploads\/2019\/08\/arches-expression-coffret-2.jpg\",\"datePublished\":\"2019-04-20T11:17:49+00:00\",\"dateModified\":\"2026-04-01T15:50:10+00:00\",\"description\":\"Les papiers de la gamme ARCHES\u00a0Expression sont destin\u00e9s \u00e0 l\u2019impression\u00a0offset et \u00e0 toutes les techniques de fa\u00e7onnage des \u00e9ditions haut de gamme.\",\"breadcrumb\":{\"@id\":\"https:\/\/arches-papers.com\/fr\/la-gamme-papiers-arches\/papiers-impression-offset\/#breadcrumb\"},\"inLanguage\":\"fr-FR\",\"potentialAction\":[{\"@type\":\"ReadAction\",\"target\":[\"https:\/\/arches-papers.com\/fr\/la-gamme-papiers-arches\/papiers-impression-offset\/\"]}]},{\"@type\":\"ImageObject\",\"inLanguage\":\"fr-FR\",\"@id\":\"https:\/\/arches-papers.com\/fr\/la-gamme-papiers-arches\/papiers-impression-offset\/#primaryimage\",\"url\":\"https:\/\/arches-papers.com\/wp-content\/uploads\/2019\/08\/arches-expression-coffret-2.jpg\",\"contentUrl\":\"https:\/\/arches-papers.com\/wp-content\/uploads\/2019\/08\/arches-expression-coffret-2.jpg\",\"width\":1600,\"height\":1200,\"caption\":\"papiers ARCHES Expression pour impression Offset\"},{\"@type\":\"BreadcrumbList\",\"@id\":\"https:\/\/arches-papers.com\/fr\/la-gamme-papiers-arches\/papiers-impression-offset\/#breadcrumb\",\"itemListElement\":[{\"@type\":\"ListItem\",\"position\":1,\"name\":\"Accueil\",\"item\":\"https:\/\/arches-papers.com\/fr\/\"},{\"@type\":\"ListItem\",\"position\":2,\"name\":\"LA GAMME PAPIERS ARCHES\u00ae\",\"item\":\"https:\/\/arches-papers.com\/fr\/la-gamme-papiers-arches\/\"},{\"@type\":\"ListItem\",\"position\":3,\"name\":\"Impression Offset\"}]},{\"@type\":\"WebSite\",\"@id\":\"https:\/\/arches-papers.com\/fr\/#website\",\"url\":\"https:\/\/arches-papers.com\/fr\/\",\"name\":\"Arches Papers\",\"description\":\"Fabricant de papier\",\"potentialAction\":[{\"@type\":\"SearchAction\",\"target\":{\"@type\":\"EntryPoint\",\"urlTemplate\":\"https:\/\/arches-papers.com\/fr\/?s={search_term_string}\"},\"query-input\":{\"@type\":\"PropertyValueSpecification\",\"valueRequired\":true,\"valueName\":\"search_term_string\"}}],\"inLanguage\":\"fr-FR\"}]}<\/script>\n<!-- \/ Yoast SEO plugin. -->","yoast_head_json":{"title":"Papiers impression Offset de la gamme ARCHES : ARCHES Expression","description":"Les papiers de la gamme ARCHES\u00a0Expression sont destin\u00e9s \u00e0 l\u2019impression\u00a0offset et \u00e0 toutes les techniques de fa\u00e7onnage des \u00e9ditions haut de gamme.","robots":{"index":"index","follow":"follow","max-snippet":"max-snippet:-1","max-image-preview":"max-image-preview:large","max-video-preview":"max-video-preview:-1"},"canonical":"https:\/\/arches-papers.com\/fr\/la-gamme-papiers-arches\/papiers-impression-offset\/","og_locale":"fr_FR","og_type":"article","og_title":"Papiers impression Offset de la gamme ARCHES : ARCHES Expression","og_description":"Les papiers de la gamme ARCHES\u00a0Expression sont destin\u00e9s \u00e0 l\u2019impression\u00a0offset et \u00e0 toutes les techniques de fa\u00e7onnage des \u00e9ditions haut de gamme.","og_url":"https:\/\/arches-papers.com\/fr\/la-gamme-papiers-arches\/papiers-impression-offset\/","og_site_name":"Arches Papers","article_modified_time":"2026-04-01T15:50:10+00:00","og_image":[{"width":1600,"height":1200,"url":"https:\/\/arches-papers.com\/wp-content\/uploads\/2019\/08\/arches-expression-coffret-2.jpg","type":"image\/jpeg"}],"twitter_card":"summary_large_image","twitter_misc":{"Dur\u00e9e de lecture estim\u00e9e":"1 minute"},"schema":{"@context":"https:\/\/schema.org","@graph":[{"@type":"WebPage","@id":"https:\/\/arches-papers.com\/fr\/la-gamme-papiers-arches\/papiers-impression-offset\/","url":"https:\/\/arches-papers.com\/fr\/la-gamme-papiers-arches\/papiers-impression-offset\/","name":"Papiers impression Offset de la gamme ARCHES : ARCHES Expression","isPartOf":{"@id":"https:\/\/arches-papers.com\/fr\/#website"},"primaryImageOfPage":{"@id":"https:\/\/arches-papers.com\/fr\/la-gamme-papiers-arches\/papiers-impression-offset\/#primaryimage"},"image":{"@id":"https:\/\/arches-papers.com\/fr\/la-gamme-papiers-arches\/papiers-impression-offset\/#primaryimage"},"thumbnailUrl":"https:\/\/arches-papers.com\/wp-content\/uploads\/2019\/08\/arches-expression-coffret-2.jpg","datePublished":"2019-04-20T11:17:49+00:00","dateModified":"2026-04-01T15:50:10+00:00","description":"Les papiers de la gamme ARCHES\u00a0Expression sont destin\u00e9s \u00e0 l\u2019impression\u00a0offset et \u00e0 toutes les techniques de fa\u00e7onnage des \u00e9ditions haut de gamme.","breadcrumb":{"@id":"https:\/\/arches-papers.com\/fr\/la-gamme-papiers-arches\/papiers-impression-offset\/#breadcrumb"},"inLanguage":"fr-FR","potentialAction":[{"@type":"ReadAction","target":["https:\/\/arches-papers.com\/fr\/la-gamme-papiers-arches\/papiers-impression-offset\/"]}]},{"@type":"ImageObject","inLanguage":"fr-FR","@id":"https:\/\/arches-papers.com\/fr\/la-gamme-papiers-arches\/papiers-impression-offset\/#primaryimage","url":"https:\/\/arches-papers.com\/wp-content\/uploads\/2019\/08\/arches-expression-coffret-2.jpg","contentUrl":"https:\/\/arches-papers.com\/wp-content\/uploads\/2019\/08\/arches-expression-coffret-2.jpg","width":1600,"height":1200,"caption":"papiers ARCHES Expression pour impression Offset"},{"@type":"BreadcrumbList","@id":"https:\/\/arches-papers.com\/fr\/la-gamme-papiers-arches\/papiers-impression-offset\/#breadcrumb","itemListElement":[{"@type":"ListItem","position":1,"name":"Accueil","item":"https:\/\/arches-papers.com\/fr\/"},{"@type":"ListItem","position":2,"name":"LA GAMME PAPIERS ARCHES\u00ae","item":"https:\/\/arches-papers.com\/fr\/la-gamme-papiers-arches\/"},{"@type":"ListItem","position":3,"name":"Impression Offset"}]},{"@type":"WebSite","@id":"https:\/\/arches-papers.com\/fr\/#website","url":"https:\/\/arches-papers.com\/fr\/","name":"Arches Papers","description":"Fabricant de papier","potentialAction":[{"@type":"SearchAction","target":{"@type":"EntryPoint","urlTemplate":"https:\/\/arches-papers.com\/fr\/?s={search_term_string}"},"query-input":{"@type":"PropertyValueSpecification","valueRequired":true,"valueName":"search_term_string"}}],"inLanguage":"fr-FR"}]}},"_links":{"self":[{"href":"https:\/\/arches-papers.com\/fr\/wp-json\/wp\/v2\/pages\/80","targetHints":{"allow":["GET"]}}],"collection":[{"href":"https:\/\/arches-papers.com\/fr\/wp-json\/wp\/v2\/pages"}],"about":[{"href":"https:\/\/arches-papers.com\/fr\/wp-json\/wp\/v2\/types\/page"}],"author":[{"embeddable":true,"href":"https:\/\/arches-papers.com\/fr\/wp-json\/wp\/v2\/users\/1"}],"replies":[{"embeddable":true,"href":"https:\/\/arches-papers.com\/fr\/wp-json\/wp\/v2\/comments?post=80"}],"version-history":[{"count":1,"href":"https:\/\/arches-papers.com\/fr\/wp-json\/wp\/v2\/pages\/80\/revisions"}],"predecessor-version":[{"id":55800,"href":"https:\/\/arches-papers.com\/fr\/wp-json\/wp\/v2\/pages\/80\/revisions\/55800"}],"up":[{"embeddable":true,"href":"https:\/\/arches-papers.com\/fr\/wp-json\/wp\/v2\/pages\/70"}],"wp:featuredmedia":[{"embeddable":true,"href":"https:\/\/arches-papers.com\/fr\/wp-json\/wp\/v2\/media\/13318"}],"wp:attachment":[{"href":"https:\/\/arches-papers.com\/fr\/wp-json\/wp\/v2\/media?parent=80"}],"wp:term":[{"taxonomy":"post_tag","embeddable":true,"href":"https:\/\/arches-papers.com\/fr\/wp-json\/wp\/v2\/tags?post=80"}],"curies":[{"name":"wp","href":"https:\/\/api.w.org\/{rel}","templated":true}]}}