{"id":82,"date":"2019-04-20T13:18:16","date_gmt":"2019-04-20T11:18:16","guid":{"rendered":"https:\/\/www.arches-papers.com\/v2\/?page_id=82"},"modified":"2026-04-01T17:48:51","modified_gmt":"2026-04-01T15:48:51","slug":"papier-dessin-arches","status":"publish","type":"page","link":"https:\/\/arches-papers.com\/fr\/la-gamme-papiers-arches\/papier-dessin-arches\/","title":{"rendered":"Dessin et croquis"},"content":{"rendered":"<div class=\"wpb-content-wrapper\"><p>[vc_row][vc_column width=&#8221;1\/4&#8243;][\/vc_column][vc_column width=&#8221;1\/2&#8243;][vc_column_text el_class=&#8221;justify&#8221;]Les papiers dessin ARCHES\u00ae sont adapt\u00e9s \u00e0 toutes les techniques de dessin : fusain, sanguine, pastels, crayon de couleur, graphite, stylo\u2026 ARCHES\u00ae propose plusieurs r\u00e9f\u00e9rences de papiers dessin, disponibles en feuilles ou en blocs coll\u00e9s sur un c\u00f4t\u00e9.<\/p>\n<p>Le choix de l\u2019artiste se fait en fonction de ses aspirations et du r\u00e9sultat recherch\u00e9 :<br \/>\n\u2022 <span class=\"off\">Velin<\/span> BFK Rives\u00ae extra blanc pour accentuer les contrastes<br \/>\n\u2022 <span class=\"off\">Velin<\/span> d\u2019ARCHES\u00ae cr\u00e8me pour la douceur de son grain et les effets d\u2019ombre et de lumi\u00e8re<br \/>\n\u2022 Ingres d\u2019ARCHES MBM\u00ae grain verg\u00e9, souple et r\u00e9sistant, pour donner du corps et de la profondeur<br \/>\n\u2022 ARCHES\u00ae <span class=\"off\">Lavis<\/span> Fid\u00e9lis pour les r\u00e9alisations \u00abmix media \u00bb[\/vc_column_text][\/vc_column][vc_column width=&#8221;1\/4&#8243;][\/vc_column][\/vc_row][vc_row][vc_column]<style>.ld_spacer_69fabda6234b4{height:32px;}<\/style>\n<div class=\"ld-empty-space ld_spacer_69fabda6234b4\"><span class=\"liquid_empty_space_inner\"><\/span><\/div>[\/vc_column][\/vc_row][vc_row][vc_column width=&#8221;1\/2&#8243;][vc_hoverbox image=&#8221;14923&#8243; primary_title=&#8221;&#8221; hover_title=&#8221;ARCHES\u00ae Lavis Fidelis \/ En-Tout-Cas&#8221; shape=&#8221;square&#8221; hover_background_color=&#8221;custom&#8221; hover_btn_title=&#8221;&#8221; css_animation=&#8221;fadeInUp&#8221; hover_add_button=&#8221;true&#8221; hover_custom_background=&#8221;rgba(0,0,0,0.3)&#8221; hover_btn_link=&#8221;url:https%3A%2F%2Farches-papers.com%2Ffr%2Fla-gamme-papiers-arches%2Fpapier-dessin-arches%2Farches-lavis-fidelis-en-tout-cas%2F|title:ARCHES%C2%AE%20Lavis%20Fidelis%20%2F%20En-Tout-Cas&#8221; el_class=&#8221;prj-link&#8221;][\/vc_hoverbox][\/vc_column][vc_column width=&#8221;1\/2&#8243;]<style>.ld_spacer_69fabda62355f{height:50px;}<\/style>\n<div class=\"ld-empty-space ld_spacer_69fabda62355f\"><span class=\"liquid_empty_space_inner\"><\/span><\/div><style>.ld_spacer_69fabda6235aa{height:50px;}<\/style>\n<div class=\"ld-empty-space ld_spacer_69fabda6235aa\"><span class=\"liquid_empty_space_inner\"><\/span><\/div>[vc_hoverbox image=&#8221;13850&#8243; primary_title=&#8221;&#8221; hover_title=&#8221;Ingres d\u2019ARCHES MBM\u00ae&#8221; shape=&#8221;square&#8221; hover_background_color=&#8221;custom&#8221; hover_btn_title=&#8221;&#8221; css_animation=&#8221;fadeInUp&#8221; hover_add_button=&#8221;true&#8221; hover_custom_background=&#8221;rgba(0,0,0,0.3)&#8221; hover_btn_link=&#8221;url:https%3A%2F%2Farches-papers.com%2Ffr%2Fla-gamme-papiers-arches%2Fpapiers-edition-art%2Fingres-darches-mbm%2F|title:Ingres%20d%E2%80%99ARCHES%20MBM%C2%AE&#8221; el_class=&#8221;prj-link&#8221;][\/vc_hoverbox][\/vc_column][\/vc_row][vc_row][vc_column width=&#8221;1\/2&#8243;][vc_hoverbox image=&#8221;4066&#8243; primary_title=&#8221;&#8221; hover_title=&#8221;Velin d\u2019ARCHES\u00ae&#8221; shape=&#8221;square&#8221; hover_background_color=&#8221;custom&#8221; hover_btn_title=&#8221;&#8221; css_animation=&#8221;fadeInUp&#8221; hover_add_button=&#8221;true&#8221; hover_custom_background=&#8221;rgba(0,0,0,0.3)&#8221; hover_btn_link=&#8221;url:https%3A%2F%2Farches-papers.com%2Ffr%2Fla-gamme-papiers-arches%2Fpapiers-edition-art%2Fvelin-arches%2F|title:Velin%20d%E2%80%99ARCHES%C2%AE&#8221; el_class=&#8221;prj-link&#8221;][\/vc_hoverbox][\/vc_column][vc_column width=&#8221;1\/2&#8243;]<style>.ld_spacer_69fabda6235ed{height:50px;}<\/style>\n<div class=\"ld-empty-space ld_spacer_69fabda6235ed\"><span class=\"liquid_empty_space_inner\"><\/span><\/div><style>.ld_spacer_69fabda62362f{height:50px;}<\/style>\n<div class=\"ld-empty-space ld_spacer_69fabda62362f\"><span class=\"liquid_empty_space_inner\"><\/span><\/div>[vc_hoverbox image=&#8221;14559&#8243; primary_title=&#8221;&#8221; hover_title=&#8221;Velin BFK Rives\u00ae&#8221; shape=&#8221;square&#8221; hover_background_color=&#8221;custom&#8221; hover_btn_title=&#8221;&#8221; css_animation=&#8221;fadeInUp&#8221; hover_add_button=&#8221;true&#8221; hover_custom_background=&#8221;rgba(0,0,0,0.3)&#8221; hover_btn_link=&#8221;url:https%3A%2F%2Farches-papers.com%2Ffr%2Fla-gamme-papiers-arches%2Fpapiers-edition-art%2Fvelin-bfk-rives%2F|title:Velin%20BFK%20Rives%C2%AE||&#8221; el_class=&#8221;prj-link&#8221;][\/vc_hoverbox][\/vc_column][\/vc_row][vc_row][vc_column]<style>.ld_spacer_69fabda62366c{height:32px;}<\/style>\n<div class=\"ld-empty-space ld_spacer_69fabda62366c\"><span class=\"liquid_empty_space_inner\"><\/span><\/div>[\/vc_column][\/vc_row]<\/p>\n<\/div>","protected":false},"excerpt":{"rendered":"[vc_row][vc_column width=&#8221;1\/4&#8243;][\/vc_column][vc_column width=&#8221;1\/2&#8243;][vc_column_text el_class=&#8221;justify&#8221;]Les papiers dessin ARCHES\u00ae sont adapt\u00e9s \u00e0 toutes les techniques de dessin&#8230;","protected":false},"author":1,"featured_media":14667,"parent":70,"menu_order":3,"comment_status":"closed","ping_status":"closed","template":"","meta":{"footnotes":""},"tags":[],"class_list":["post-82","page","type-page","status-publish","has-post-thumbnail","hentry"],"yoast_head":"<!-- This site is optimized with the Yoast SEO plugin v27.1.1 - https:\/\/yoast.com\/product\/yoast-seo-wordpress\/ -->\n<title>Papiers dessin ARCHES, ils sont adapt\u00e9s \u00e0 toutes les techiques<\/title>\n<meta name=\"description\" content=\"Les papiers dessin ARCHES sont adapt\u00e9s \u00e0 toutes les techniques de\u00a0dessin :\u00a0fusain,\u00a0sanguine, pastels, crayon de couleur, graphite, stylo\u2026\" \/>\n<meta name=\"robots\" content=\"index, follow, max-snippet:-1, max-image-preview:large, max-video-preview:-1\" \/>\n<link rel=\"canonical\" href=\"https:\/\/arches-papers.com\/fr\/la-gamme-papiers-arches\/papier-dessin-arches\/\" \/>\n<meta property=\"og:locale\" content=\"fr_FR\" \/>\n<meta property=\"og:type\" content=\"article\" \/>\n<meta property=\"og:title\" content=\"Papiers dessin ARCHES, ils sont adapt\u00e9s \u00e0 toutes les techiques\" \/>\n<meta property=\"og:description\" content=\"Les papiers dessin ARCHES sont adapt\u00e9s \u00e0 toutes les techniques de\u00a0dessin :\u00a0fusain,\u00a0sanguine, pastels, crayon de couleur, graphite, stylo\u2026\" \/>\n<meta property=\"og:url\" content=\"https:\/\/arches-papers.com\/fr\/la-gamme-papiers-arches\/papier-dessin-arches\/\" \/>\n<meta property=\"og:site_name\" content=\"Arches Papers\" \/>\n<meta property=\"article:modified_time\" content=\"2026-04-01T15:48:51+00:00\" \/>\n<meta property=\"og:image\" content=\"https:\/\/arches-papers.com\/wp-content\/uploads\/2019\/12\/PADS-DESSIN_papier-arches-v2.jpg\" \/>\n\t<meta property=\"og:image:width\" content=\"4074\" \/>\n\t<meta property=\"og:image:height\" content=\"3227\" \/>\n\t<meta property=\"og:image:type\" content=\"image\/jpeg\" \/>\n<meta name=\"twitter:card\" content=\"summary_large_image\" \/>\n<meta name=\"twitter:label1\" content=\"Dur\u00e9e de lecture estim\u00e9e\" \/>\n\t<meta name=\"twitter:data1\" content=\"2 minutes\" \/>\n<script type=\"application\/ld+json\" class=\"yoast-schema-graph\">{\"@context\":\"https:\/\/schema.org\",\"@graph\":[{\"@type\":\"WebPage\",\"@id\":\"https:\/\/arches-papers.com\/fr\/la-gamme-papiers-arches\/papier-dessin-arches\/\",\"url\":\"https:\/\/arches-papers.com\/fr\/la-gamme-papiers-arches\/papier-dessin-arches\/\",\"name\":\"Papiers dessin ARCHES, ils sont adapt\u00e9s \u00e0 toutes les techiques\",\"isPartOf\":{\"@id\":\"https:\/\/arches-papers.com\/fr\/#website\"},\"primaryImageOfPage\":{\"@id\":\"https:\/\/arches-papers.com\/fr\/la-gamme-papiers-arches\/papier-dessin-arches\/#primaryimage\"},\"image\":{\"@id\":\"https:\/\/arches-papers.com\/fr\/la-gamme-papiers-arches\/papier-dessin-arches\/#primaryimage\"},\"thumbnailUrl\":\"https:\/\/arches-papers.com\/wp-content\/uploads\/2019\/12\/PADS-DESSIN_papier-arches-v2.jpg\",\"datePublished\":\"2019-04-20T11:18:16+00:00\",\"dateModified\":\"2026-04-01T15:48:51+00:00\",\"description\":\"Les papiers dessin ARCHES sont adapt\u00e9s \u00e0 toutes les techniques de\u00a0dessin :\u00a0fusain,\u00a0sanguine, pastels, crayon de couleur, graphite, stylo\u2026\",\"breadcrumb\":{\"@id\":\"https:\/\/arches-papers.com\/fr\/la-gamme-papiers-arches\/papier-dessin-arches\/#breadcrumb\"},\"inLanguage\":\"fr-FR\",\"potentialAction\":[{\"@type\":\"ReadAction\",\"target\":[\"https:\/\/arches-papers.com\/fr\/la-gamme-papiers-arches\/papier-dessin-arches\/\"]}]},{\"@type\":\"ImageObject\",\"inLanguage\":\"fr-FR\",\"@id\":\"https:\/\/arches-papers.com\/fr\/la-gamme-papiers-arches\/papier-dessin-arches\/#primaryimage\",\"url\":\"https:\/\/arches-papers.com\/wp-content\/uploads\/2019\/12\/PADS-DESSIN_papier-arches-v2.jpg\",\"contentUrl\":\"https:\/\/arches-papers.com\/wp-content\/uploads\/2019\/12\/PADS-DESSIN_papier-arches-v2.jpg\",\"width\":4074,\"height\":3227,\"caption\":\"blocs papier dessin arches\"},{\"@type\":\"BreadcrumbList\",\"@id\":\"https:\/\/arches-papers.com\/fr\/la-gamme-papiers-arches\/papier-dessin-arches\/#breadcrumb\",\"itemListElement\":[{\"@type\":\"ListItem\",\"position\":1,\"name\":\"Accueil\",\"item\":\"https:\/\/arches-papers.com\/fr\/\"},{\"@type\":\"ListItem\",\"position\":2,\"name\":\"LA GAMME PAPIERS ARCHES\u00ae\",\"item\":\"https:\/\/arches-papers.com\/fr\/la-gamme-papiers-arches\/\"},{\"@type\":\"ListItem\",\"position\":3,\"name\":\"Dessin et croquis\"}]},{\"@type\":\"WebSite\",\"@id\":\"https:\/\/arches-papers.com\/fr\/#website\",\"url\":\"https:\/\/arches-papers.com\/fr\/\",\"name\":\"Arches Papers\",\"description\":\"Fabricant de papier\",\"potentialAction\":[{\"@type\":\"SearchAction\",\"target\":{\"@type\":\"EntryPoint\",\"urlTemplate\":\"https:\/\/arches-papers.com\/fr\/?s={search_term_string}\"},\"query-input\":{\"@type\":\"PropertyValueSpecification\",\"valueRequired\":true,\"valueName\":\"search_term_string\"}}],\"inLanguage\":\"fr-FR\"}]}<\/script>\n<!-- \/ Yoast SEO plugin. -->","yoast_head_json":{"title":"Papiers dessin ARCHES, ils sont adapt\u00e9s \u00e0 toutes les techiques","description":"Les papiers dessin ARCHES sont adapt\u00e9s \u00e0 toutes les techniques de\u00a0dessin :\u00a0fusain,\u00a0sanguine, pastels, crayon de couleur, graphite, stylo\u2026","robots":{"index":"index","follow":"follow","max-snippet":"max-snippet:-1","max-image-preview":"max-image-preview:large","max-video-preview":"max-video-preview:-1"},"canonical":"https:\/\/arches-papers.com\/fr\/la-gamme-papiers-arches\/papier-dessin-arches\/","og_locale":"fr_FR","og_type":"article","og_title":"Papiers dessin ARCHES, ils sont adapt\u00e9s \u00e0 toutes les techiques","og_description":"Les papiers dessin ARCHES sont adapt\u00e9s \u00e0 toutes les techniques de\u00a0dessin :\u00a0fusain,\u00a0sanguine, pastels, crayon de couleur, graphite, stylo\u2026","og_url":"https:\/\/arches-papers.com\/fr\/la-gamme-papiers-arches\/papier-dessin-arches\/","og_site_name":"Arches Papers","article_modified_time":"2026-04-01T15:48:51+00:00","og_image":[{"width":4074,"height":3227,"url":"https:\/\/arches-papers.com\/wp-content\/uploads\/2019\/12\/PADS-DESSIN_papier-arches-v2.jpg","type":"image\/jpeg"}],"twitter_card":"summary_large_image","twitter_misc":{"Dur\u00e9e de lecture estim\u00e9e":"2 minutes"},"schema":{"@context":"https:\/\/schema.org","@graph":[{"@type":"WebPage","@id":"https:\/\/arches-papers.com\/fr\/la-gamme-papiers-arches\/papier-dessin-arches\/","url":"https:\/\/arches-papers.com\/fr\/la-gamme-papiers-arches\/papier-dessin-arches\/","name":"Papiers dessin ARCHES, ils sont adapt\u00e9s \u00e0 toutes les techiques","isPartOf":{"@id":"https:\/\/arches-papers.com\/fr\/#website"},"primaryImageOfPage":{"@id":"https:\/\/arches-papers.com\/fr\/la-gamme-papiers-arches\/papier-dessin-arches\/#primaryimage"},"image":{"@id":"https:\/\/arches-papers.com\/fr\/la-gamme-papiers-arches\/papier-dessin-arches\/#primaryimage"},"thumbnailUrl":"https:\/\/arches-papers.com\/wp-content\/uploads\/2019\/12\/PADS-DESSIN_papier-arches-v2.jpg","datePublished":"2019-04-20T11:18:16+00:00","dateModified":"2026-04-01T15:48:51+00:00","description":"Les papiers dessin ARCHES sont adapt\u00e9s \u00e0 toutes les techniques de\u00a0dessin :\u00a0fusain,\u00a0sanguine, pastels, crayon de couleur, graphite, stylo\u2026","breadcrumb":{"@id":"https:\/\/arches-papers.com\/fr\/la-gamme-papiers-arches\/papier-dessin-arches\/#breadcrumb"},"inLanguage":"fr-FR","potentialAction":[{"@type":"ReadAction","target":["https:\/\/arches-papers.com\/fr\/la-gamme-papiers-arches\/papier-dessin-arches\/"]}]},{"@type":"ImageObject","inLanguage":"fr-FR","@id":"https:\/\/arches-papers.com\/fr\/la-gamme-papiers-arches\/papier-dessin-arches\/#primaryimage","url":"https:\/\/arches-papers.com\/wp-content\/uploads\/2019\/12\/PADS-DESSIN_papier-arches-v2.jpg","contentUrl":"https:\/\/arches-papers.com\/wp-content\/uploads\/2019\/12\/PADS-DESSIN_papier-arches-v2.jpg","width":4074,"height":3227,"caption":"blocs papier dessin arches"},{"@type":"BreadcrumbList","@id":"https:\/\/arches-papers.com\/fr\/la-gamme-papiers-arches\/papier-dessin-arches\/#breadcrumb","itemListElement":[{"@type":"ListItem","position":1,"name":"Accueil","item":"https:\/\/arches-papers.com\/fr\/"},{"@type":"ListItem","position":2,"name":"LA GAMME PAPIERS ARCHES\u00ae","item":"https:\/\/arches-papers.com\/fr\/la-gamme-papiers-arches\/"},{"@type":"ListItem","position":3,"name":"Dessin et croquis"}]},{"@type":"WebSite","@id":"https:\/\/arches-papers.com\/fr\/#website","url":"https:\/\/arches-papers.com\/fr\/","name":"Arches Papers","description":"Fabricant de papier","potentialAction":[{"@type":"SearchAction","target":{"@type":"EntryPoint","urlTemplate":"https:\/\/arches-papers.com\/fr\/?s={search_term_string}"},"query-input":{"@type":"PropertyValueSpecification","valueRequired":true,"valueName":"search_term_string"}}],"inLanguage":"fr-FR"}]}},"_links":{"self":[{"href":"https:\/\/arches-papers.com\/fr\/wp-json\/wp\/v2\/pages\/82","targetHints":{"allow":["GET"]}}],"collection":[{"href":"https:\/\/arches-papers.com\/fr\/wp-json\/wp\/v2\/pages"}],"about":[{"href":"https:\/\/arches-papers.com\/fr\/wp-json\/wp\/v2\/types\/page"}],"author":[{"embeddable":true,"href":"https:\/\/arches-papers.com\/fr\/wp-json\/wp\/v2\/users\/1"}],"replies":[{"embeddable":true,"href":"https:\/\/arches-papers.com\/fr\/wp-json\/wp\/v2\/comments?post=82"}],"version-history":[{"count":1,"href":"https:\/\/arches-papers.com\/fr\/wp-json\/wp\/v2\/pages\/82\/revisions"}],"predecessor-version":[{"id":55799,"href":"https:\/\/arches-papers.com\/fr\/wp-json\/wp\/v2\/pages\/82\/revisions\/55799"}],"up":[{"embeddable":true,"href":"https:\/\/arches-papers.com\/fr\/wp-json\/wp\/v2\/pages\/70"}],"wp:featuredmedia":[{"embeddable":true,"href":"https:\/\/arches-papers.com\/fr\/wp-json\/wp\/v2\/media\/14667"}],"wp:attachment":[{"href":"https:\/\/arches-papers.com\/fr\/wp-json\/wp\/v2\/media?parent=82"}],"wp:term":[{"taxonomy":"post_tag","embeddable":true,"href":"https:\/\/arches-papers.com\/fr\/wp-json\/wp\/v2\/tags?post=82"}],"curies":[{"name":"wp","href":"https:\/\/api.w.org\/{rel}","templated":true}]}}