{"id":86,"date":"2019-04-20T13:18:49","date_gmt":"2019-04-20T11:18:49","guid":{"rendered":"https:\/\/www.arches-papers.com\/v2\/?page_id=86"},"modified":"2024-02-06T11:18:50","modified_gmt":"2024-02-06T10:18:50","slug":"actualites-arches-arts-et-artistes","status":"publish","type":"page","link":"https:\/\/arches-papers.com\/fr\/actualites-arches-arts-et-artistes\/","title":{"rendered":"News"},"content":{"rendered":"<div class=\"wpb-content-wrapper\"><p>[vc_row][vc_column][vc_masonry_grid post_type=&#8221;post&#8221; max_items=&#8221;-1&#8243; style=&#8221;lazy&#8221; initial_loading_animation=&#8221;fadeIn&#8221; grid_id=&#8221;vc_gid:1615281177194-c351ee56-db82-6&#8243;][\/vc_column][\/vc_row]<\/p>\n<\/div>","protected":false},"excerpt":{"rendered":"[vc_row][vc_column][vc_masonry_grid post_type=&#8221;post&#8221; max_items=&#8221;-1&#8243; style=&#8221;lazy&#8221; initial_loading_animation=&#8221;fadeIn&#8221; grid_id=&#8221;vc_gid:1615281177194-c351ee56-db82-6&#8243;][\/vc_column][\/vc_row]","protected":false},"author":1,"featured_media":0,"parent":0,"menu_order":0,"comment_status":"closed","ping_status":"closed","template":"","meta":{"footnotes":""},"tags":[],"class_list":["post-86","page","type-page","status-publish","hentry"],"yoast_head":"<!-- This site is optimized with the Yoast SEO plugin v27.1.1 - https:\/\/yoast.com\/product\/yoast-seo-wordpress\/ -->\n<title>Actualit\u00e9s ARCHES dans la rubrique News du site arches-papers.com<\/title>\n<meta name=\"description\" content=\"Pour \u00eatre inform\u00e9 des actualit\u00e9s ARCHES, du monde des arts et d\u00e9couvrir des artistes du monde entier, consultez la rubrique News du site arches-papers.com\" \/>\n<meta name=\"robots\" content=\"index, follow, max-snippet:-1, max-image-preview:large, max-video-preview:-1\" \/>\n<link rel=\"canonical\" href=\"https:\/\/arches-papers.com\/fr\/actualites-arches-arts-et-artistes\/\" \/>\n<meta property=\"og:locale\" content=\"fr_FR\" \/>\n<meta property=\"og:type\" content=\"article\" \/>\n<meta property=\"og:title\" content=\"Actualit\u00e9s ARCHES dans la rubrique News du site arches-papers.com\" \/>\n<meta property=\"og:description\" content=\"Pour \u00eatre inform\u00e9 des actualit\u00e9s ARCHES, du monde des arts et d\u00e9couvrir des artistes du monde entier, consultez la rubrique News du site arches-papers.com\" \/>\n<meta property=\"og:url\" content=\"https:\/\/arches-papers.com\/fr\/actualites-arches-arts-et-artistes\/\" \/>\n<meta property=\"og:site_name\" content=\"Arches Papers\" \/>\n<meta property=\"article:modified_time\" content=\"2024-02-06T10:18:50+00:00\" \/>\n<meta name=\"twitter:card\" content=\"summary_large_image\" \/>\n<script type=\"application\/ld+json\" class=\"yoast-schema-graph\">{\"@context\":\"https:\/\/schema.org\",\"@graph\":[{\"@type\":\"WebPage\",\"@id\":\"https:\/\/arches-papers.com\/fr\/actualites-arches-arts-et-artistes\/\",\"url\":\"https:\/\/arches-papers.com\/fr\/actualites-arches-arts-et-artistes\/\",\"name\":\"Actualit\u00e9s ARCHES dans la rubrique News du site arches-papers.com\",\"isPartOf\":{\"@id\":\"https:\/\/arches-papers.com\/fr\/#website\"},\"datePublished\":\"2019-04-20T11:18:49+00:00\",\"dateModified\":\"2024-02-06T10:18:50+00:00\",\"description\":\"Pour \u00eatre inform\u00e9 des actualit\u00e9s ARCHES, du monde des arts et d\u00e9couvrir des artistes du monde entier, consultez la rubrique News du site arches-papers.com\",\"breadcrumb\":{\"@id\":\"https:\/\/arches-papers.com\/fr\/actualites-arches-arts-et-artistes\/#breadcrumb\"},\"inLanguage\":\"fr-FR\",\"potentialAction\":[{\"@type\":\"ReadAction\",\"target\":[\"https:\/\/arches-papers.com\/fr\/actualites-arches-arts-et-artistes\/\"]}]},{\"@type\":\"BreadcrumbList\",\"@id\":\"https:\/\/arches-papers.com\/fr\/actualites-arches-arts-et-artistes\/#breadcrumb\",\"itemListElement\":[{\"@type\":\"ListItem\",\"position\":1,\"name\":\"Accueil\",\"item\":\"https:\/\/arches-papers.com\/fr\/\"},{\"@type\":\"ListItem\",\"position\":2,\"name\":\"News\"}]},{\"@type\":\"WebSite\",\"@id\":\"https:\/\/arches-papers.com\/fr\/#website\",\"url\":\"https:\/\/arches-papers.com\/fr\/\",\"name\":\"Arches Papers\",\"description\":\"Fabricant de papier\",\"potentialAction\":[{\"@type\":\"SearchAction\",\"target\":{\"@type\":\"EntryPoint\",\"urlTemplate\":\"https:\/\/arches-papers.com\/fr\/?s={search_term_string}\"},\"query-input\":{\"@type\":\"PropertyValueSpecification\",\"valueRequired\":true,\"valueName\":\"search_term_string\"}}],\"inLanguage\":\"fr-FR\"}]}<\/script>\n<!-- \/ Yoast SEO plugin. -->","yoast_head_json":{"title":"Actualit\u00e9s ARCHES dans la rubrique News du site arches-papers.com","description":"Pour \u00eatre inform\u00e9 des actualit\u00e9s ARCHES, du monde des arts et d\u00e9couvrir des artistes du monde entier, consultez la rubrique News du site arches-papers.com","robots":{"index":"index","follow":"follow","max-snippet":"max-snippet:-1","max-image-preview":"max-image-preview:large","max-video-preview":"max-video-preview:-1"},"canonical":"https:\/\/arches-papers.com\/fr\/actualites-arches-arts-et-artistes\/","og_locale":"fr_FR","og_type":"article","og_title":"Actualit\u00e9s ARCHES dans la rubrique News du site arches-papers.com","og_description":"Pour \u00eatre inform\u00e9 des actualit\u00e9s ARCHES, du monde des arts et d\u00e9couvrir des artistes du monde entier, consultez la rubrique News du site arches-papers.com","og_url":"https:\/\/arches-papers.com\/fr\/actualites-arches-arts-et-artistes\/","og_site_name":"Arches Papers","article_modified_time":"2024-02-06T10:18:50+00:00","twitter_card":"summary_large_image","schema":{"@context":"https:\/\/schema.org","@graph":[{"@type":"WebPage","@id":"https:\/\/arches-papers.com\/fr\/actualites-arches-arts-et-artistes\/","url":"https:\/\/arches-papers.com\/fr\/actualites-arches-arts-et-artistes\/","name":"Actualit\u00e9s ARCHES dans la rubrique News du site arches-papers.com","isPartOf":{"@id":"https:\/\/arches-papers.com\/fr\/#website"},"datePublished":"2019-04-20T11:18:49+00:00","dateModified":"2024-02-06T10:18:50+00:00","description":"Pour \u00eatre inform\u00e9 des actualit\u00e9s ARCHES, du monde des arts et d\u00e9couvrir des artistes du monde entier, consultez la rubrique News du site arches-papers.com","breadcrumb":{"@id":"https:\/\/arches-papers.com\/fr\/actualites-arches-arts-et-artistes\/#breadcrumb"},"inLanguage":"fr-FR","potentialAction":[{"@type":"ReadAction","target":["https:\/\/arches-papers.com\/fr\/actualites-arches-arts-et-artistes\/"]}]},{"@type":"BreadcrumbList","@id":"https:\/\/arches-papers.com\/fr\/actualites-arches-arts-et-artistes\/#breadcrumb","itemListElement":[{"@type":"ListItem","position":1,"name":"Accueil","item":"https:\/\/arches-papers.com\/fr\/"},{"@type":"ListItem","position":2,"name":"News"}]},{"@type":"WebSite","@id":"https:\/\/arches-papers.com\/fr\/#website","url":"https:\/\/arches-papers.com\/fr\/","name":"Arches Papers","description":"Fabricant de papier","potentialAction":[{"@type":"SearchAction","target":{"@type":"EntryPoint","urlTemplate":"https:\/\/arches-papers.com\/fr\/?s={search_term_string}"},"query-input":{"@type":"PropertyValueSpecification","valueRequired":true,"valueName":"search_term_string"}}],"inLanguage":"fr-FR"}]}},"_links":{"self":[{"href":"https:\/\/arches-papers.com\/fr\/wp-json\/wp\/v2\/pages\/86","targetHints":{"allow":["GET"]}}],"collection":[{"href":"https:\/\/arches-papers.com\/fr\/wp-json\/wp\/v2\/pages"}],"about":[{"href":"https:\/\/arches-papers.com\/fr\/wp-json\/wp\/v2\/types\/page"}],"author":[{"embeddable":true,"href":"https:\/\/arches-papers.com\/fr\/wp-json\/wp\/v2\/users\/1"}],"replies":[{"embeddable":true,"href":"https:\/\/arches-papers.com\/fr\/wp-json\/wp\/v2\/comments?post=86"}],"version-history":[{"count":0,"href":"https:\/\/arches-papers.com\/fr\/wp-json\/wp\/v2\/pages\/86\/revisions"}],"wp:attachment":[{"href":"https:\/\/arches-papers.com\/fr\/wp-json\/wp\/v2\/media?parent=86"}],"wp:term":[{"taxonomy":"post_tag","embeddable":true,"href":"https:\/\/arches-papers.com\/fr\/wp-json\/wp\/v2\/tags?post=86"}],"curies":[{"name":"wp","href":"https:\/\/api.w.org\/{rel}","templated":true}]}}