{"id":16738,"date":"2019-07-05T09:29:43","date_gmt":"2019-07-05T07:29:43","guid":{"rendered":"https:\/\/biatocd.cluster020.hosting.ovh.net\/arches-huile\/"},"modified":"2024-10-23T12:34:42","modified_gmt":"2024-10-23T10:34:42","slug":"arches-huile","status":"publish","type":"page","link":"https:\/\/arches-papers.com\/it\/la-gamma-della-carta-arches\/pittura-a-olio\/arches-huile\/","title":{"rendered":"ARCHES<sup>\u00ae<\/sup> Huile"},"content":{"rendered":"<div class=\"wpb-content-wrapper\"><p>[vc_row el_class=&#8221;line-right&#8221;][vc_column][vc_empty_space height=&#8221;100px&#8221;][\/vc_column][\/vc_row][vc_row el_class=&#8221;line-right&#8221;][vc_column]<style>.ld_fancy_heading_6a0144e3659f7 h3 {padding-bottom:0px !important;  } .ld_fancy_heading_6a0144e3659f7 h3 {margin-bottom:0px !important;  } .ld_fancy_heading_6a0144e3659f7 .lqd-highlight-inner{height:0.275em;bottom:0px;}.ld_fancy_heading_6a0144e3659f7 h3 {padding-bottom:0px !important;  } .ld_fancy_heading_6a0144e3659f7 h3 {margin-bottom:0px !important;  } <\/style><div class=\"ld-fancy-heading text-right text-uppercase ld_fancy_heading_6a0144e3659f7\">\n\t<h3 class=\"lqd-highlight-underline lqd-highlight-grow-left\" ><span class=\"ld-fh-txt\"> Realizzata appositamente per <span style=\"font-size: 70px\">la pittura a olio,<\/span><\/span><\/h3><\/div><style>.ld_fancy_heading_6a0144e365bbe h3 {padding-bottom:0px !important;  } .ld_fancy_heading_6a0144e365bbe h3 {margin-bottom:0px !important;  } .ld_fancy_heading_6a0144e365bbe .lqd-highlight-inner{height:0.275em;bottom:0px;}.ld_fancy_heading_6a0144e365bbe h3 {padding-bottom:0px !important;  } .ld_fancy_heading_6a0144e365bbe h3 {margin-bottom:0px !important;  } <\/style><div class=\"ld-fancy-heading text-right text-uppercase ld_fancy_heading_6a0144e365bbe\">\n\t<h3 class=\"lqd-highlight-underline lqd-highlight-grow-left\" ><span class=\"ld-fh-txt\"> garantisce un elevato comfort durante il lavoro!<\/span><\/h3><\/div>[vc_empty_space height=&#8221;50px&#8221;][\/vc_column][\/vc_row][vc_row css=&#8221;.vc_custom_1585672805722{margin-top: 100px !important;}&#8221;][vc_column width=&#8221;2\/3&#8243; css=&#8221;.vc_custom_1585672852447{margin-top: 50px !important;}&#8221;][vc_single_image image=&#8221;30572&#8243; img_size=&#8221;large&#8221; css_animation=&#8221;fadeInLeft&#8221;][\/vc_column][vc_column width=&#8221;1\/3&#8243;][vc_empty_space height=&#8221;30px&#8221;][vc_empty_space height=&#8221;30px&#8221;][vc_column_text css_animation=&#8221;fadeInUp&#8221; el_class=&#8221;justify&#8221;]<strong>Fabbricata su forma rotonda (procedimento tradizionale):<\/strong> qualit\u00e0 simile a quella della carta artigianale. La rotazione lenta del cilindro permette alle fibre di depositarsi regolarmente e di distribuirsi sulla tela in tutte le direzioni. La carta ottenuta \u00e8 quindi omogenea, con una superficie pi\u00f9 piana e pi\u00f9 stabile allo stato umido, e offre all\u2019artista un maggiore controllo. Soltanto la fabbricazione su forma rotonda permette di ottenere carta con bordi sfrangiati.[\/vc_column_text][vc_empty_space][\/vc_column][\/vc_row][vc_row][vc_column]<style>.ld_spacer_6a0144e365c89{height:150px;}<\/style>\n<div class=\"ld-empty-space ld_spacer_6a0144e365c89\"><span class=\"liquid_empty_space_inner\"><\/span><\/div>[\/vc_column][\/vc_row][vc_row el_class=&#8221;line-left&#8221;][vc_column]<style>.ld_fancy_heading_6a0144e365d40 h1 {padding-bottom:0px !important;  } .ld_fancy_heading_6a0144e365d40 h1 {margin-bottom:0px !important;  } .ld_fancy_heading_6a0144e365d40 .lqd-highlight-inner{height:0.275em;bottom:0px;}.ld_fancy_heading_6a0144e365d40 h1 {padding-bottom:0px !important;  } .ld_fancy_heading_6a0144e365d40 h1 {margin-bottom:0px !important;  } <\/style><div class=\"ld-fancy-heading text-left text-uppercase ld_fancy_heading_6a0144e365d40\">\n\t<h1 class=\"lqd-highlight-underline lqd-highlight-grow-left\" ><span class=\"ld-fh-txt\"> Propriet\u00e0<\/span><\/h1><\/div>[\/vc_column][\/vc_row][vc_row][vc_column]<style>.ld_spacer_6a0144e365df7{height:150px;}<\/style>\n<div class=\"ld-empty-space ld_spacer_6a0144e365df7\"><span class=\"liquid_empty_space_inner\"><\/span><\/div>[\/vc_column][\/vc_row][vc_row gap=&#8221;35&#8243; enable_content_animation=&#8221;yes&#8221; animation_preset=&#8221;Fade In Up&#8221;][vc_column width=&#8221;1\/3&#8243;][vc_column_text css_animation=&#8221;bounceInUp&#8221;]<\/p>\n<h3 style=\"text-align: center;\">Utilizzo<\/h3>\n<p style=\"text-align: center;\">Pittura a olio, pastelli grassi<\/p>\n<p>[\/vc_column_text][\/vc_column][vc_column width=&#8221;1\/3&#8243;][vc_column_text css_animation=&#8221;bounceInUp&#8221;]<\/p>\n<h3 style=\"text-align: center;\">Formati<\/h3>\n<p style=\"text-align: center;\">Fogli, rotolo, blocchi collati lato corto<\/p>\n<p>[\/vc_column_text][\/vc_column][vc_column width=&#8221;1\/3&#8243;][vc_column_text css_animation=&#8221;bounceInUp&#8221;]<\/p>\n<h3 style=\"text-align: center;\">100% cotone<\/h3>\n<p style=\"text-align: center;\">Il piacere di utilizzare un materiale morbido, flessibile, nobile. Si presta alla mascheratura, in virt\u00f9 dell&#8217;elevata resistenza<\/p>\n<p>[\/vc_column_text][\/vc_column][\/vc_row][vc_row][vc_column][vc_empty_space][\/vc_column][\/vc_row][vc_row gap=&#8221;35&#8243; enable_content_animation=&#8221;yes&#8221; animation_preset=&#8221;Fade In Up&#8221;][vc_column width=&#8221;1\/3&#8243;][vc_column_text css_animation=&#8221;bounceInUp&#8221; el_class=&#8221;justify&#8221;]<\/p>\n<h3 style=\"text-align: center;\">Texture<\/h3>\n<p style=\"text-align: center;\">La grana fine ed equilibrata, simile a quella di un telaio telato, garantisce un elevato comfort durante il lavoro. Consente all&#8217;artista di sfruttare la superficie del foglio per ottenere giochi di luce e ombra. Perfetta per gli schizzi a olio.<\/p>\n<p>[\/vc_column_text][\/vc_column][vc_column width=&#8221;1\/3&#8243;][vc_column_text css_animation=&#8221;bounceInUp&#8221; el_class=&#8221;justify&#8221;]<\/p>\n<h3 style=\"text-align: center;\">300 g\/m\u00b2<\/h3>\n<p style=\"text-align: center;\">L&#8217;equilibrio perfetto necessario agli artisti per esprimere la loro creativit\u00e0. La sua grammatura elevata permette anche un utilizzo per il lavis e la tecnica a impasto. Utilizzo pratico, in quanto pu\u00f2 essere facilmente ritagliata per ottenere il formato desiderato. Resistente e leggera, pu\u00f2 essere facilmente arrotolata in rulli per consentire il trasporto. Ideale per la pittura en plein air (a differenza della tela).<\/p>\n<p>[\/vc_column_text][\/vc_column][vc_column width=&#8221;1\/3&#8243;][vc_column_text css_animation=&#8221;bounceInUp&#8221; el_class=&#8221;justify&#8221;]<\/p>\n<h3 style=\"text-align: center;\">Formula speciale<\/h3>\n<p style=\"text-align: center;\">Una collatura senza eguali e una barriera unica che protegge dalla penetrazione dell\u2019olio (superficie semi-assorbente). La carta \u00e8 pronta all\u2019uso (preparazione preliminare facoltativa): risparmio di tempo e maggiore sicurezza (evitando il rischio di rovinare il supporto durante la preparazione). Carta resistente alla raschiatura. Impedisce la formazione di aloni di grasso e protegge le fibre dall\u2019ossidazione dovuta al contatto con la pittura. Ha un&#8217;elevata resistenza all&#8217;azione dei solventi. I pigmenti restano in superficie, offrendo un\u2019eccellente resa dei colori e un tempo di asciugatura pi\u00f9 rapido.<\/p>\n<p>[\/vc_column_text][\/vc_column][\/vc_row][vc_row][vc_column][vc_empty_space][\/vc_column][\/vc_row][vc_row enable_content_animation=&#8221;yes&#8221; animation_preset=&#8221;Fade In Up&#8221;][vc_column width=&#8221;1\/3&#8243;][vc_column_text css_animation=&#8221;bounceInUp&#8221;]<\/p>\n<h3 style=\"text-align: center;\">Colore<\/h3>\n<p style=\"text-align: center;\">Bianco<\/p>\n<p>[\/vc_column_text][\/vc_column][vc_column width=&#8221;1\/3&#8243;][vc_column_text css_animation=&#8221;bounceInUp&#8221;]<\/p>\n<h3 style=\"text-align: center;\">Foglio: autenticit\u00e0 e prestigio<\/h3>\n<p style=\"text-align: center;\">Bordi sfrangiati<\/p>\n<p style=\"text-align: center;\">Filigrana<br \/>\n<img decoding=\"async\" class=\"size-full wp-image-13395 alignnone\" src=\"https:\/\/arches-papers.com\/wp-content\/uploads\/2019\/08\/huile.jpg\" alt=\"\" width=\"240\" height=\"30\" \/><\/p>\n<p>[\/vc_column_text][\/vc_column][vc_column width=&#8221;1\/3&#8243;][vc_column_text css_animation=&#8221;bounceInUp&#8221;]<\/p>\n<h3 style=\"text-align: center;\">Conservazione<\/h3>\n<p style=\"text-align: center;\">Con riserva alcalina, senza acidi n\u00e9 azzurranti ottici (permanente conformemente alla norma ISO 9706).<\/p>\n<p>[\/vc_column_text][\/vc_column][\/vc_row][vc_row][vc_column][vc_empty_space][vc_empty_space][\/vc_column][\/vc_row][vc_row el_class=&#8221;line-left&#8221;][vc_column]<style>.ld_fancy_heading_6a0144e365e9b h1 {padding-bottom:0px !important;  } .ld_fancy_heading_6a0144e365e9b h1 {margin-bottom:0px !important;  } .ld_fancy_heading_6a0144e365e9b .lqd-highlight-inner{height:0.275em;bottom:0px;}.ld_fancy_heading_6a0144e365e9b h1 {padding-bottom:0px !important;  } .ld_fancy_heading_6a0144e365e9b h1 {margin-bottom:0px !important;  } <\/style><div class=\"ld-fancy-heading text-left text-uppercase ld_fancy_heading_6a0144e365e9b\">\n\t<h1 class=\"lqd-highlight-underline lqd-highlight-grow-left\" ><span class=\"ld-fh-txt\"> <span style=\"font-size: 26px\">LA <\/span>GAMMA<\/span><\/h1><\/div>[\/vc_column][\/vc_row][vc_row][vc_column]<style>.ld_spacer_6a0144e365f77{height:150px;}<\/style>\n<div class=\"ld-empty-space ld_spacer_6a0144e365f77\"><span class=\"liquid_empty_space_inner\"><\/span><\/div>[vc_column_text]Fabbricazione su misura: ARCHES\u00ae personalizza la tua carta in base alle tue richieste di formato, qualit\u00e0, grammatura, tinta&#8230; e filigrana (condizioni su richiesta).[\/vc_column_text]<style>.ld_spacer_6a0144e365fc7{height:50px;}<\/style>\n<div class=\"ld-empty-space ld_spacer_6a0144e365fc7\"><span class=\"liquid_empty_space_inner\"><\/span><\/div>[\/vc_column][\/vc_row][vc_row][vc_column css=&#8221;.vc_custom_1565519509512{background-color: #ffffff !important;}&#8221; el_class=&#8221;box-shadow&#8221;][vc_single_image image=&#8221;17065&#8243; img_size=&#8221;full&#8221; alignment=&#8221;center&#8221; css=&#8221;.vc_custom_1623070334340{margin-bottom: 5px !important;}&#8221;][vc_column_text css=&#8221;.vc_custom_1623070463662{margin-bottom: 15px !important;}&#8221;]<\/p>\n<h4 style=\"text-align: center;\"><span style=\"color: #d0303d;\">Foglio<\/span><\/h4>\n<p>[\/vc_column_text][vc_column_text]\n<table id=\"tablepress-67\" class=\"tablepress tablepress-id-67\">\n<thead>\n<tr class=\"row-1\">\n\t<th class=\"column-1\">Grammatura<\/th><th class=\"column-2\">Texture<\/th><th class=\"column-3\">Colore<\/th><th class=\"column-4\">Formato<\/th><th class=\"column-5\">Bordi<\/th><th class=\"column-6\">Nr. di fogli<\/th><th class=\"column-7\">Referenza<\/th>\n<\/tr>\n<\/thead>\n<tbody class=\"row-striping row-hover\">\n<tr class=\"row-2\">\n\t<td class=\"column-1\">300 g\/m\u00b2<\/td><td class=\"column-2\">Grana fine<\/td><td class=\"column-3\">Bianco<\/td><td class=\"column-4\">56 x 76 cm<\/td><td class=\"column-5\">4 bordi sfrangiati<\/td><td class=\"column-6\">10<\/td><td class=\"column-7\">A1795107<\/td>\n<\/tr>\n<tr class=\"row-3\">\n\t<td class=\"column-1\">300 g\/m\u00b2<\/td><td class=\"column-2\">Grana fine<\/td><td class=\"column-3\">Bianco<\/td><td class=\"column-4\">56 x 76 cm<\/td><td class=\"column-5\">4 bordi sfrangiati<\/td><td class=\"column-6\">5<\/td><td class=\"column-7\">A1795229<\/td>\n<\/tr>\n<\/tbody>\n<\/table>\n[\/vc_column_text][vc_single_image image=&#8221;17063&#8243; img_size=&#8221;full&#8221; alignment=&#8221;center&#8221; css=&#8221;.vc_custom_1623070341686{margin-bottom: 5px !important;}&#8221;][vc_column_text css=&#8221;.vc_custom_1623070453575{margin-bottom: 15px !important;}&#8221;]<\/p>\n<h4 style=\"text-align: center;\"><span style=\"color: #d0303d;\">Rotolo<\/span><\/h4>\n<p>[\/vc_column_text][vc_column_text]\n<table id=\"tablepress-68\" class=\"tablepress tablepress-id-68\">\n<thead>\n<tr class=\"row-1\">\n\t<th class=\"column-1\">Grammatura<\/th><th class=\"column-2\">Texture<\/th><th class=\"column-3\">Colore<\/th><th class=\"column-4\">Formato<\/th><th class=\"column-5\">Bordi<\/th><th class=\"column-6\">Referenza<\/th>\n<\/tr>\n<\/thead>\n<tbody class=\"row-striping row-hover\">\n<tr class=\"row-2\">\n\t<td class=\"column-1\">300 g\/m\u00b2<\/td><td class=\"column-2\">Grana fine<\/td><td class=\"column-3\">Bianco<\/td><td class=\"column-4\">130 x 914 cm<\/td><td class=\"column-5\">2 bordi sfrangiati<\/td><td class=\"column-6\">A1795191<\/td>\n<\/tr>\n<\/tbody>\n<\/table>\n[\/vc_column_text][vc_single_image image=&#8221;17053&#8243; img_size=&#8221;full&#8221; alignment=&#8221;center&#8221; css=&#8221;.vc_custom_1623070350878{margin-bottom: 5px !important;}&#8221;][vc_column_text css=&#8221;.vc_custom_1623070549993{margin-bottom: 15px !important;}&#8221;]<\/p>\n<h4 style=\"text-align: center;\"><span style=\"color: #d0303d;\">Blocchi incollati lato corto<\/span><\/h4>\n<p>[\/vc_column_text][vc_column_text]\n<table id=\"tablepress-66\" class=\"tablepress tablepress-id-66\">\n<thead>\n<tr class=\"row-1\">\n\t<th class=\"column-1\">Grammatura<\/th><th class=\"column-2\">Texture<\/th><th class=\"column-3\">Colore<\/th><th class=\"column-4\">Formato<\/th><th class=\"column-5\">Bordi<\/th><th class=\"column-6\">Nr. di fogli<\/th><th class=\"column-7\">Referenza<\/th>\n<\/tr>\n<\/thead>\n<tbody class=\"row-striping row-hover\">\n<tr class=\"row-2\">\n\t<td class=\"column-1\">300 g\/m\u00b2<\/td><td class=\"column-2\">Grana fine<\/td><td class=\"column-3\">Bianco<\/td><td class=\"column-4\">23 x 31 cm<\/td><td class=\"column-5\">4 bordi netti<\/td><td class=\"column-6\">12 <\/td><td class=\"column-7\">A1795108<\/td>\n<\/tr>\n<tr class=\"row-3\">\n\t<td class=\"column-1\">300 g\/m\u00b2<\/td><td class=\"column-2\">Grana fine<\/td><td class=\"column-3\">Bianco<\/td><td class=\"column-4\">31 x 41 cm<\/td><td class=\"column-5\">4 bordi netti<\/td><td class=\"column-6\">12 <\/td><td class=\"column-7\">A1795109<\/td>\n<\/tr>\n<\/tbody>\n<\/table>\n[\/vc_column_text][\/vc_column][\/vc_row][vc_row][vc_column][vc_empty_space][vc_column_text]<img decoding=\"async\" class=\" wp-image-15145 alignleft\" src=\"https:\/\/arches-papers.com\/wp-content\/uploads\/2020\/02\/puce-info.png\" alt=\"\" width=\"24\" height=\"24\" \/><em>I nostri punti vendita non dispongono di tutte le referenze dei nostri prodotti; preghiamo di verificare la disponibilit\u00e0 dell&#8217;articolo desiderato contattando il proprio rivenditore locale, che sapr\u00e0 consigliare al meglio il cliente.<\/em><\/p>\n<p><em>\u00a0<\/em>[\/vc_column_text][vc_empty_space][\/vc_column][\/vc_row]<\/p>\n<\/div>","protected":false},"excerpt":{"rendered":"[vc_row el_class=&#8221;line-right&#8221;][vc_column][vc_empty_space height=&#8221;100px&#8221;][\/vc_column][\/vc_row][vc_row el_class=&#8221;line-right&#8221;][vc_column][vc_empty_space height=&#8221;50px&#8221;][\/vc_column][\/vc_row][vc_row css=&#8221;.vc_custom_1585672805722{margin-top: 100px !important;}&#8221;][vc_column width=&#8221;2\/3&#8243; css=&#8221;.vc_custom_1585672852447{margin-top: 50px !important;}&#8221;][vc_single_image image=&#8221;30572&#8243; img_size=&#8221;large&#8221; css_animation=&#8221;fadeInLeft&#8221;][\/vc_column][vc_column&#8230;","protected":false},"author":1,"featured_media":30572,"parent":17697,"menu_order":0,"comment_status":"closed","ping_status":"closed","template":"","meta":{"footnotes":""},"tags":[],"class_list":["post-16738","page","type-page","status-publish","has-post-thumbnail","hentry"],"yoast_head":"<!-- This site is optimized with the Yoast SEO plugin v27.1.1 - https:\/\/yoast.com\/product\/yoast-seo-wordpress\/ -->\n<title>ARCHES\u00ae Huile - Arches Papers<\/title>\n<meta name=\"description\" content=\"ARCHES \u00e8 stato il primo produttore di carta a sviluppare e commercializzare una carta specifica per la pittura a olio: ARCHES Huile.\" \/>\n<meta name=\"robots\" content=\"index, follow, max-snippet:-1, max-image-preview:large, max-video-preview:-1\" \/>\n<link rel=\"canonical\" href=\"https:\/\/arches-papers.com\/it\/la-gamma-della-carta-arches\/pittura-a-olio\/arches-huile\/\" \/>\n<meta property=\"og:locale\" content=\"it_IT\" \/>\n<meta property=\"og:type\" content=\"article\" \/>\n<meta property=\"og:title\" content=\"ARCHES\u00ae Huile - Arches Papers\" \/>\n<meta property=\"og:description\" content=\"ARCHES \u00e8 stato il primo produttore di carta a sviluppare e commercializzare una carta specifica per la pittura a olio: ARCHES Huile.\" \/>\n<meta property=\"og:url\" content=\"https:\/\/arches-papers.com\/it\/la-gamma-della-carta-arches\/pittura-a-olio\/arches-huile\/\" \/>\n<meta property=\"og:site_name\" content=\"Arches Papers\" \/>\n<meta property=\"article:modified_time\" content=\"2024-10-23T10:34:42+00:00\" \/>\n<meta property=\"og:image\" content=\"https:\/\/arches-papers.com\/wp-content\/uploads\/2021\/03\/ARCHES_HUILE_20-01.jpg\" \/>\n\t<meta property=\"og:image:width\" content=\"1200\" \/>\n\t<meta property=\"og:image:height\" content=\"857\" \/>\n\t<meta property=\"og:image:type\" content=\"image\/jpeg\" \/>\n<meta name=\"twitter:card\" content=\"summary_large_image\" \/>\n<meta name=\"twitter:label1\" content=\"Tempo di lettura stimato\" \/>\n\t<meta name=\"twitter:data1\" content=\"5 minuti\" \/>\n<script type=\"application\/ld+json\" class=\"yoast-schema-graph\">{\"@context\":\"https:\/\/schema.org\",\"@graph\":[{\"@type\":\"WebPage\",\"@id\":\"https:\/\/arches-papers.com\/it\/la-gamma-della-carta-arches\/pittura-a-olio\/arches-huile\/\",\"url\":\"https:\/\/arches-papers.com\/it\/la-gamma-della-carta-arches\/pittura-a-olio\/arches-huile\/\",\"name\":\"ARCHES\u00ae Huile - Arches Papers\",\"isPartOf\":{\"@id\":\"https:\/\/arches-papers.com\/it\/#website\"},\"primaryImageOfPage\":{\"@id\":\"https:\/\/arches-papers.com\/it\/la-gamma-della-carta-arches\/pittura-a-olio\/arches-huile\/#primaryimage\"},\"image\":{\"@id\":\"https:\/\/arches-papers.com\/it\/la-gamma-della-carta-arches\/pittura-a-olio\/arches-huile\/#primaryimage\"},\"thumbnailUrl\":\"https:\/\/arches-papers.com\/wp-content\/uploads\/2021\/03\/ARCHES_HUILE_20-01.jpg\",\"datePublished\":\"2019-07-05T07:29:43+00:00\",\"dateModified\":\"2024-10-23T10:34:42+00:00\",\"description\":\"ARCHES \u00e8 stato il primo produttore di carta a sviluppare e commercializzare una carta specifica per la pittura a olio: ARCHES Huile.\",\"breadcrumb\":{\"@id\":\"https:\/\/arches-papers.com\/it\/la-gamma-della-carta-arches\/pittura-a-olio\/arches-huile\/#breadcrumb\"},\"inLanguage\":\"it-IT\",\"potentialAction\":[{\"@type\":\"ReadAction\",\"target\":[\"https:\/\/arches-papers.com\/it\/la-gamma-della-carta-arches\/pittura-a-olio\/arches-huile\/\"]}]},{\"@type\":\"ImageObject\",\"inLanguage\":\"it-IT\",\"@id\":\"https:\/\/arches-papers.com\/it\/la-gamma-della-carta-arches\/pittura-a-olio\/arches-huile\/#primaryimage\",\"url\":\"https:\/\/arches-papers.com\/wp-content\/uploads\/2021\/03\/ARCHES_HUILE_20-01.jpg\",\"contentUrl\":\"https:\/\/arches-papers.com\/wp-content\/uploads\/2021\/03\/ARCHES_HUILE_20-01.jpg\",\"width\":1200,\"height\":857,\"caption\":\"papier Arches huile\"},{\"@type\":\"BreadcrumbList\",\"@id\":\"https:\/\/arches-papers.com\/it\/la-gamma-della-carta-arches\/pittura-a-olio\/arches-huile\/#breadcrumb\",\"itemListElement\":[{\"@type\":\"ListItem\",\"position\":1,\"name\":\"Accueil\",\"item\":\"https:\/\/arches-papers.com\/it\/\"},{\"@type\":\"ListItem\",\"position\":2,\"name\":\"LA GAMMA DELLA CARTA ARCHES\u00ae\",\"item\":\"https:\/\/arches-papers.com\/it\/la-gamma-della-carta-arches\/\"},{\"@type\":\"ListItem\",\"position\":3,\"name\":\"Olio\",\"item\":\"https:\/\/arches-papers.com\/it\/la-gamma-della-carta-arches\/pittura-a-olio\/\"},{\"@type\":\"ListItem\",\"position\":4,\"name\":\"ARCHES\u00ae Huile\"}]},{\"@type\":\"WebSite\",\"@id\":\"https:\/\/arches-papers.com\/it\/#website\",\"url\":\"https:\/\/arches-papers.com\/it\/\",\"name\":\"Arches Papers\",\"description\":\"Fabricant de papier\",\"potentialAction\":[{\"@type\":\"SearchAction\",\"target\":{\"@type\":\"EntryPoint\",\"urlTemplate\":\"https:\/\/arches-papers.com\/it\/?s={search_term_string}\"},\"query-input\":{\"@type\":\"PropertyValueSpecification\",\"valueRequired\":true,\"valueName\":\"search_term_string\"}}],\"inLanguage\":\"it-IT\"}]}<\/script>\n<!-- \/ Yoast SEO plugin. -->","yoast_head_json":{"title":"ARCHES\u00ae Huile - Arches Papers","description":"ARCHES \u00e8 stato il primo produttore di carta a sviluppare e commercializzare una carta specifica per la pittura a olio: ARCHES Huile.","robots":{"index":"index","follow":"follow","max-snippet":"max-snippet:-1","max-image-preview":"max-image-preview:large","max-video-preview":"max-video-preview:-1"},"canonical":"https:\/\/arches-papers.com\/it\/la-gamma-della-carta-arches\/pittura-a-olio\/arches-huile\/","og_locale":"it_IT","og_type":"article","og_title":"ARCHES\u00ae Huile - Arches Papers","og_description":"ARCHES \u00e8 stato il primo produttore di carta a sviluppare e commercializzare una carta specifica per la pittura a olio: ARCHES Huile.","og_url":"https:\/\/arches-papers.com\/it\/la-gamma-della-carta-arches\/pittura-a-olio\/arches-huile\/","og_site_name":"Arches Papers","article_modified_time":"2024-10-23T10:34:42+00:00","og_image":[{"width":1200,"height":857,"url":"https:\/\/arches-papers.com\/wp-content\/uploads\/2021\/03\/ARCHES_HUILE_20-01.jpg","type":"image\/jpeg"}],"twitter_card":"summary_large_image","twitter_misc":{"Tempo di lettura stimato":"5 minuti"},"schema":{"@context":"https:\/\/schema.org","@graph":[{"@type":"WebPage","@id":"https:\/\/arches-papers.com\/it\/la-gamma-della-carta-arches\/pittura-a-olio\/arches-huile\/","url":"https:\/\/arches-papers.com\/it\/la-gamma-della-carta-arches\/pittura-a-olio\/arches-huile\/","name":"ARCHES\u00ae Huile - Arches Papers","isPartOf":{"@id":"https:\/\/arches-papers.com\/it\/#website"},"primaryImageOfPage":{"@id":"https:\/\/arches-papers.com\/it\/la-gamma-della-carta-arches\/pittura-a-olio\/arches-huile\/#primaryimage"},"image":{"@id":"https:\/\/arches-papers.com\/it\/la-gamma-della-carta-arches\/pittura-a-olio\/arches-huile\/#primaryimage"},"thumbnailUrl":"https:\/\/arches-papers.com\/wp-content\/uploads\/2021\/03\/ARCHES_HUILE_20-01.jpg","datePublished":"2019-07-05T07:29:43+00:00","dateModified":"2024-10-23T10:34:42+00:00","description":"ARCHES \u00e8 stato il primo produttore di carta a sviluppare e commercializzare una carta specifica per la pittura a olio: ARCHES Huile.","breadcrumb":{"@id":"https:\/\/arches-papers.com\/it\/la-gamma-della-carta-arches\/pittura-a-olio\/arches-huile\/#breadcrumb"},"inLanguage":"it-IT","potentialAction":[{"@type":"ReadAction","target":["https:\/\/arches-papers.com\/it\/la-gamma-della-carta-arches\/pittura-a-olio\/arches-huile\/"]}]},{"@type":"ImageObject","inLanguage":"it-IT","@id":"https:\/\/arches-papers.com\/it\/la-gamma-della-carta-arches\/pittura-a-olio\/arches-huile\/#primaryimage","url":"https:\/\/arches-papers.com\/wp-content\/uploads\/2021\/03\/ARCHES_HUILE_20-01.jpg","contentUrl":"https:\/\/arches-papers.com\/wp-content\/uploads\/2021\/03\/ARCHES_HUILE_20-01.jpg","width":1200,"height":857,"caption":"papier Arches huile"},{"@type":"BreadcrumbList","@id":"https:\/\/arches-papers.com\/it\/la-gamma-della-carta-arches\/pittura-a-olio\/arches-huile\/#breadcrumb","itemListElement":[{"@type":"ListItem","position":1,"name":"Accueil","item":"https:\/\/arches-papers.com\/it\/"},{"@type":"ListItem","position":2,"name":"LA GAMMA DELLA CARTA ARCHES\u00ae","item":"https:\/\/arches-papers.com\/it\/la-gamma-della-carta-arches\/"},{"@type":"ListItem","position":3,"name":"Olio","item":"https:\/\/arches-papers.com\/it\/la-gamma-della-carta-arches\/pittura-a-olio\/"},{"@type":"ListItem","position":4,"name":"ARCHES\u00ae Huile"}]},{"@type":"WebSite","@id":"https:\/\/arches-papers.com\/it\/#website","url":"https:\/\/arches-papers.com\/it\/","name":"Arches Papers","description":"Fabricant de papier","potentialAction":[{"@type":"SearchAction","target":{"@type":"EntryPoint","urlTemplate":"https:\/\/arches-papers.com\/it\/?s={search_term_string}"},"query-input":{"@type":"PropertyValueSpecification","valueRequired":true,"valueName":"search_term_string"}}],"inLanguage":"it-IT"}]}},"_links":{"self":[{"href":"https:\/\/arches-papers.com\/it\/wp-json\/wp\/v2\/pages\/16738","targetHints":{"allow":["GET"]}}],"collection":[{"href":"https:\/\/arches-papers.com\/it\/wp-json\/wp\/v2\/pages"}],"about":[{"href":"https:\/\/arches-papers.com\/it\/wp-json\/wp\/v2\/types\/page"}],"author":[{"embeddable":true,"href":"https:\/\/arches-papers.com\/it\/wp-json\/wp\/v2\/users\/1"}],"replies":[{"embeddable":true,"href":"https:\/\/arches-papers.com\/it\/wp-json\/wp\/v2\/comments?post=16738"}],"version-history":[{"count":0,"href":"https:\/\/arches-papers.com\/it\/wp-json\/wp\/v2\/pages\/16738\/revisions"}],"up":[{"embeddable":true,"href":"https:\/\/arches-papers.com\/it\/wp-json\/wp\/v2\/pages\/17697"}],"wp:featuredmedia":[{"embeddable":true,"href":"https:\/\/arches-papers.com\/it\/wp-json\/wp\/v2\/media\/30572"}],"wp:attachment":[{"href":"https:\/\/arches-papers.com\/it\/wp-json\/wp\/v2\/media?parent=16738"}],"wp:term":[{"taxonomy":"post_tag","embeddable":true,"href":"https:\/\/arches-papers.com\/it\/wp-json\/wp\/v2\/tags?post=16738"}],"curies":[{"name":"wp","href":"https:\/\/api.w.org\/{rel}","templated":true}]}}