{"id":17709,"date":"2019-07-05T09:37:57","date_gmt":"2019-07-05T07:37:57","guid":{"rendered":"https:\/\/biatocd.cluster020.hosting.ovh.net\/encre-et-la-calligraphie\/"},"modified":"2026-04-01T18:04:02","modified_gmt":"2026-04-01T16:04:02","slug":"inchiostro-e-calligrafia","status":"publish","type":"page","link":"https:\/\/arches-papers.com\/it\/la-gamma-della-carta-arches\/inchiostro-e-calligrafia\/","title":{"rendered":"Inchiostro e calligrafia"},"content":{"rendered":"<div class=\"wpb-content-wrapper\"><p>[vc_row][vc_column width=&#8221;1\/4&#8243;][\/vc_column][vc_column width=&#8221;1\/2&#8243;][vc_column_text el_class=&#8221;justify&#8221;]La carta destinata all&#8217;inchiostro e alla calligrafia deve essere resistente, limitare l&#8217;assorbimento dell&#8217;inchiostro e consentire alla penna di scivolare facilmente per ottenere un tratto perfetto. Per questo motivo la carta ARCHES\u00ae per queste tecniche \u00e8 incollata con gelatina in superficie.[\/vc_column_text][\/vc_column][vc_column width=&#8221;1\/4&#8243;][\/vc_column][\/vc_row][vc_row][vc_column]<style>.ld_spacer_6a0144e4123cc{height:32px;}<\/style>\n<div class=\"ld-empty-space ld_spacer_6a0144e4123cc\"><span class=\"liquid_empty_space_inner\"><\/span><\/div>[\/vc_column][\/vc_row][vc_row][vc_column width=&#8221;1\/2&#8243;][vc_hoverbox image=&#8221;34672&#8243; primary_title=&#8221;&#8221; hover_title=&#8221;Ingres d\u2019ARCHES MBM\u00ae&#8221; shape=&#8221;square&#8221; hover_background_color=&#8221;custom&#8221; hover_btn_title=&#8221;&#8221; css_animation=&#8221;fadeInUp&#8221; hover_add_button=&#8221;true&#8221; hover_custom_background=&#8221;rgba(0,0,0,0.3)&#8221; hover_btn_link=&#8221;url:https%3A%2F%2Farches-papers.com%2Fit%2Fla-gamma-della-carta-arches%2Fstampa-artistica%2Fingres-darches-mbm%2F|title:Ingres%20d%E2%80%99ARCHES%20MBM%C2%AE&#8221; el_class=&#8221;prj-link&#8221;][\/vc_hoverbox][\/vc_column][vc_column width=&#8221;1\/2&#8243;]<style>.ld_spacer_6a0144e412473{height:50px;}<\/style>\n<div class=\"ld-empty-space ld_spacer_6a0144e412473\"><span class=\"liquid_empty_space_inner\"><\/span><\/div><style>.ld_spacer_6a0144e4124c1{height:50px;}<\/style>\n<div class=\"ld-empty-space ld_spacer_6a0144e4124c1\"><span class=\"liquid_empty_space_inner\"><\/span><\/div>[vc_hoverbox image=&#8221;16771&#8243; primary_title=&#8221;&#8221; hover_title=&#8221;Velin d\u2019ARCHES\u00ae Text Wove&#8221; shape=&#8221;square&#8221; hover_background_color=&#8221;custom&#8221; hover_btn_title=&#8221;&#8221; css_animation=&#8221;fadeInUp&#8221; hover_add_button=&#8221;true&#8221; hover_custom_background=&#8221;rgba(0,0,0,0.3)&#8221; hover_btn_link=&#8221;url:https%3A%2F%2Farches-papers.com%2Fit%2Fla-gamma-della-carta-arches%2Finchiostro-e-calligrafia%2Fvelin-d-arches-text-wove%2F|title:Velin%20d%E2%80%99ARCHES%C2%AE%20Text%20Wove&#8221; el_class=&#8221;prj-link&#8221;][\/vc_hoverbox][\/vc_column][\/vc_row][vc_row][vc_column]<style>.ld_spacer_6a0144e412504{height:32px;}<\/style>\n<div class=\"ld-empty-space ld_spacer_6a0144e412504\"><span class=\"liquid_empty_space_inner\"><\/span><\/div>[\/vc_column][\/vc_row]<\/p>\n<\/div>","protected":false},"excerpt":{"rendered":"[vc_row][vc_column width=&#8221;1\/4&#8243;][\/vc_column][vc_column width=&#8221;1\/2&#8243;][vc_column_text el_class=&#8221;justify&#8221;]La carta destinata all&#8217;inchiostro e alla calligrafia deve essere resistente, limitare l&#8217;assorbimento&#8230;","protected":false},"author":1,"featured_media":21260,"parent":17907,"menu_order":4,"comment_status":"closed","ping_status":"closed","template":"","meta":{"footnotes":""},"tags":[],"class_list":["post-17709","page","type-page","status-publish","has-post-thumbnail","hentry"],"yoast_head":"<!-- This site is optimized with the Yoast SEO plugin v27.1.1 - https:\/\/yoast.com\/product\/yoast-seo-wordpress\/ -->\n<title>Inchiostro e calligrafia - Arches Papers<\/title>\n<meta name=\"description\" content=\"La carta destinata all\u2019inchiostro e alla calligrafia deve essere resistente, limitare l\u2019assorbimento dell\u2019inchiostro nonch\u00e9 permettere alla penna di scorrere facilmente per realizzare un tratto perfetto. \u00c8 questo il motivo per il quale la carta ARCHES destinata a queste tecniche \u00e8 gelatinata in superficie.\" \/>\n<meta name=\"robots\" content=\"index, follow, max-snippet:-1, max-image-preview:large, max-video-preview:-1\" \/>\n<link rel=\"canonical\" href=\"https:\/\/arches-papers.com\/it\/la-gamma-della-carta-arches\/inchiostro-e-calligrafia\/\" \/>\n<meta property=\"og:locale\" content=\"it_IT\" \/>\n<meta property=\"og:type\" content=\"article\" \/>\n<meta property=\"og:title\" content=\"Inchiostro e calligrafia - Arches Papers\" \/>\n<meta property=\"og:description\" content=\"La carta destinata all\u2019inchiostro e alla calligrafia deve essere resistente, limitare l\u2019assorbimento dell\u2019inchiostro nonch\u00e9 permettere alla penna di scorrere facilmente per realizzare un tratto perfetto. \u00c8 questo il motivo per il quale la carta ARCHES destinata a queste tecniche \u00e8 gelatinata in superficie.\" \/>\n<meta property=\"og:url\" content=\"https:\/\/arches-papers.com\/it\/la-gamma-della-carta-arches\/inchiostro-e-calligrafia\/\" \/>\n<meta property=\"og:site_name\" content=\"Arches Papers\" \/>\n<meta property=\"article:modified_time\" content=\"2026-04-01T16:04:02+00:00\" \/>\n<meta property=\"og:image\" content=\"https:\/\/arches-papers.com\/wp-content\/uploads\/2019\/04\/velin-arches-text-wove-648x540.jpg\" \/>\n\t<meta property=\"og:image:width\" content=\"648\" \/>\n\t<meta property=\"og:image:height\" content=\"540\" \/>\n\t<meta property=\"og:image:type\" content=\"image\/jpeg\" \/>\n<meta name=\"twitter:card\" content=\"summary_large_image\" \/>\n<meta name=\"twitter:label1\" content=\"Tempo di lettura stimato\" \/>\n\t<meta name=\"twitter:data1\" content=\"1 minuto\" \/>\n<script type=\"application\/ld+json\" class=\"yoast-schema-graph\">{\"@context\":\"https:\/\/schema.org\",\"@graph\":[{\"@type\":\"WebPage\",\"@id\":\"https:\/\/arches-papers.com\/it\/la-gamma-della-carta-arches\/inchiostro-e-calligrafia\/\",\"url\":\"https:\/\/arches-papers.com\/it\/la-gamma-della-carta-arches\/inchiostro-e-calligrafia\/\",\"name\":\"Inchiostro e calligrafia - Arches Papers\",\"isPartOf\":{\"@id\":\"https:\/\/arches-papers.com\/it\/#website\"},\"primaryImageOfPage\":{\"@id\":\"https:\/\/arches-papers.com\/it\/la-gamma-della-carta-arches\/inchiostro-e-calligrafia\/#primaryimage\"},\"image\":{\"@id\":\"https:\/\/arches-papers.com\/it\/la-gamma-della-carta-arches\/inchiostro-e-calligrafia\/#primaryimage\"},\"thumbnailUrl\":\"https:\/\/arches-papers.com\/wp-content\/uploads\/2019\/04\/velin-arches-text-wove-648x540.jpg\",\"datePublished\":\"2019-07-05T07:37:57+00:00\",\"dateModified\":\"2026-04-01T16:04:02+00:00\",\"description\":\"La carta destinata all\u2019inchiostro e alla calligrafia deve essere resistente, limitare l\u2019assorbimento dell\u2019inchiostro nonch\u00e9 permettere alla penna di scorrere facilmente per realizzare un tratto perfetto. \u00c8 questo il motivo per il quale la carta ARCHES destinata a queste tecniche \u00e8 gelatinata in superficie.\",\"breadcrumb\":{\"@id\":\"https:\/\/arches-papers.com\/it\/la-gamma-della-carta-arches\/inchiostro-e-calligrafia\/#breadcrumb\"},\"inLanguage\":\"it-IT\",\"potentialAction\":[{\"@type\":\"ReadAction\",\"target\":[\"https:\/\/arches-papers.com\/it\/la-gamma-della-carta-arches\/inchiostro-e-calligrafia\/\"]}]},{\"@type\":\"ImageObject\",\"inLanguage\":\"it-IT\",\"@id\":\"https:\/\/arches-papers.com\/it\/la-gamma-della-carta-arches\/inchiostro-e-calligrafia\/#primaryimage\",\"url\":\"https:\/\/arches-papers.com\/wp-content\/uploads\/2019\/04\/velin-arches-text-wove-648x540.jpg\",\"contentUrl\":\"https:\/\/arches-papers.com\/wp-content\/uploads\/2019\/04\/velin-arches-text-wove-648x540.jpg\",\"width\":648,\"height\":540,\"caption\":\"papier encre et calligraphie ARCHES\"},{\"@type\":\"BreadcrumbList\",\"@id\":\"https:\/\/arches-papers.com\/it\/la-gamma-della-carta-arches\/inchiostro-e-calligrafia\/#breadcrumb\",\"itemListElement\":[{\"@type\":\"ListItem\",\"position\":1,\"name\":\"Accueil\",\"item\":\"https:\/\/arches-papers.com\/it\/\"},{\"@type\":\"ListItem\",\"position\":2,\"name\":\"LA GAMMA DELLA CARTA ARCHES\u00ae\",\"item\":\"https:\/\/arches-papers.com\/it\/la-gamma-della-carta-arches\/\"},{\"@type\":\"ListItem\",\"position\":3,\"name\":\"Inchiostro e calligrafia\"}]},{\"@type\":\"WebSite\",\"@id\":\"https:\/\/arches-papers.com\/it\/#website\",\"url\":\"https:\/\/arches-papers.com\/it\/\",\"name\":\"Arches Papers\",\"description\":\"Fabricant de papier\",\"potentialAction\":[{\"@type\":\"SearchAction\",\"target\":{\"@type\":\"EntryPoint\",\"urlTemplate\":\"https:\/\/arches-papers.com\/it\/?s={search_term_string}\"},\"query-input\":{\"@type\":\"PropertyValueSpecification\",\"valueRequired\":true,\"valueName\":\"search_term_string\"}}],\"inLanguage\":\"it-IT\"}]}<\/script>\n<!-- \/ Yoast SEO plugin. -->","yoast_head_json":{"title":"Inchiostro e calligrafia - Arches Papers","description":"La carta destinata all\u2019inchiostro e alla calligrafia deve essere resistente, limitare l\u2019assorbimento dell\u2019inchiostro nonch\u00e9 permettere alla penna di scorrere facilmente per realizzare un tratto perfetto. \u00c8 questo il motivo per il quale la carta ARCHES destinata a queste tecniche \u00e8 gelatinata in superficie.","robots":{"index":"index","follow":"follow","max-snippet":"max-snippet:-1","max-image-preview":"max-image-preview:large","max-video-preview":"max-video-preview:-1"},"canonical":"https:\/\/arches-papers.com\/it\/la-gamma-della-carta-arches\/inchiostro-e-calligrafia\/","og_locale":"it_IT","og_type":"article","og_title":"Inchiostro e calligrafia - Arches Papers","og_description":"La carta destinata all\u2019inchiostro e alla calligrafia deve essere resistente, limitare l\u2019assorbimento dell\u2019inchiostro nonch\u00e9 permettere alla penna di scorrere facilmente per realizzare un tratto perfetto. \u00c8 questo il motivo per il quale la carta ARCHES destinata a queste tecniche \u00e8 gelatinata in superficie.","og_url":"https:\/\/arches-papers.com\/it\/la-gamma-della-carta-arches\/inchiostro-e-calligrafia\/","og_site_name":"Arches Papers","article_modified_time":"2026-04-01T16:04:02+00:00","og_image":[{"width":648,"height":540,"url":"https:\/\/arches-papers.com\/wp-content\/uploads\/2019\/04\/velin-arches-text-wove-648x540.jpg","type":"image\/jpeg"}],"twitter_card":"summary_large_image","twitter_misc":{"Tempo di lettura stimato":"1 minuto"},"schema":{"@context":"https:\/\/schema.org","@graph":[{"@type":"WebPage","@id":"https:\/\/arches-papers.com\/it\/la-gamma-della-carta-arches\/inchiostro-e-calligrafia\/","url":"https:\/\/arches-papers.com\/it\/la-gamma-della-carta-arches\/inchiostro-e-calligrafia\/","name":"Inchiostro e calligrafia - Arches Papers","isPartOf":{"@id":"https:\/\/arches-papers.com\/it\/#website"},"primaryImageOfPage":{"@id":"https:\/\/arches-papers.com\/it\/la-gamma-della-carta-arches\/inchiostro-e-calligrafia\/#primaryimage"},"image":{"@id":"https:\/\/arches-papers.com\/it\/la-gamma-della-carta-arches\/inchiostro-e-calligrafia\/#primaryimage"},"thumbnailUrl":"https:\/\/arches-papers.com\/wp-content\/uploads\/2019\/04\/velin-arches-text-wove-648x540.jpg","datePublished":"2019-07-05T07:37:57+00:00","dateModified":"2026-04-01T16:04:02+00:00","description":"La carta destinata all\u2019inchiostro e alla calligrafia deve essere resistente, limitare l\u2019assorbimento dell\u2019inchiostro nonch\u00e9 permettere alla penna di scorrere facilmente per realizzare un tratto perfetto. \u00c8 questo il motivo per il quale la carta ARCHES destinata a queste tecniche \u00e8 gelatinata in superficie.","breadcrumb":{"@id":"https:\/\/arches-papers.com\/it\/la-gamma-della-carta-arches\/inchiostro-e-calligrafia\/#breadcrumb"},"inLanguage":"it-IT","potentialAction":[{"@type":"ReadAction","target":["https:\/\/arches-papers.com\/it\/la-gamma-della-carta-arches\/inchiostro-e-calligrafia\/"]}]},{"@type":"ImageObject","inLanguage":"it-IT","@id":"https:\/\/arches-papers.com\/it\/la-gamma-della-carta-arches\/inchiostro-e-calligrafia\/#primaryimage","url":"https:\/\/arches-papers.com\/wp-content\/uploads\/2019\/04\/velin-arches-text-wove-648x540.jpg","contentUrl":"https:\/\/arches-papers.com\/wp-content\/uploads\/2019\/04\/velin-arches-text-wove-648x540.jpg","width":648,"height":540,"caption":"papier encre et calligraphie ARCHES"},{"@type":"BreadcrumbList","@id":"https:\/\/arches-papers.com\/it\/la-gamma-della-carta-arches\/inchiostro-e-calligrafia\/#breadcrumb","itemListElement":[{"@type":"ListItem","position":1,"name":"Accueil","item":"https:\/\/arches-papers.com\/it\/"},{"@type":"ListItem","position":2,"name":"LA GAMMA DELLA CARTA ARCHES\u00ae","item":"https:\/\/arches-papers.com\/it\/la-gamma-della-carta-arches\/"},{"@type":"ListItem","position":3,"name":"Inchiostro e calligrafia"}]},{"@type":"WebSite","@id":"https:\/\/arches-papers.com\/it\/#website","url":"https:\/\/arches-papers.com\/it\/","name":"Arches Papers","description":"Fabricant de papier","potentialAction":[{"@type":"SearchAction","target":{"@type":"EntryPoint","urlTemplate":"https:\/\/arches-papers.com\/it\/?s={search_term_string}"},"query-input":{"@type":"PropertyValueSpecification","valueRequired":true,"valueName":"search_term_string"}}],"inLanguage":"it-IT"}]}},"_links":{"self":[{"href":"https:\/\/arches-papers.com\/it\/wp-json\/wp\/v2\/pages\/17709","targetHints":{"allow":["GET"]}}],"collection":[{"href":"https:\/\/arches-papers.com\/it\/wp-json\/wp\/v2\/pages"}],"about":[{"href":"https:\/\/arches-papers.com\/it\/wp-json\/wp\/v2\/types\/page"}],"author":[{"embeddable":true,"href":"https:\/\/arches-papers.com\/it\/wp-json\/wp\/v2\/users\/1"}],"replies":[{"embeddable":true,"href":"https:\/\/arches-papers.com\/it\/wp-json\/wp\/v2\/comments?post=17709"}],"version-history":[{"count":2,"href":"https:\/\/arches-papers.com\/it\/wp-json\/wp\/v2\/pages\/17709\/revisions"}],"predecessor-version":[{"id":55814,"href":"https:\/\/arches-papers.com\/it\/wp-json\/wp\/v2\/pages\/17709\/revisions\/55814"}],"up":[{"embeddable":true,"href":"https:\/\/arches-papers.com\/it\/wp-json\/wp\/v2\/pages\/17907"}],"wp:featuredmedia":[{"embeddable":true,"href":"https:\/\/arches-papers.com\/it\/wp-json\/wp\/v2\/media\/21260"}],"wp:attachment":[{"href":"https:\/\/arches-papers.com\/it\/wp-json\/wp\/v2\/media?parent=17709"}],"wp:term":[{"taxonomy":"post_tag","embeddable":true,"href":"https:\/\/arches-papers.com\/it\/wp-json\/wp\/v2\/tags?post=17709"}],"curies":[{"name":"wp","href":"https:\/\/api.w.org\/{rel}","templated":true}]}}