{"id":17721,"date":"2019-04-20T13:18:33","date_gmt":"2019-04-20T11:18:33","guid":{"rendered":"https:\/\/biatocd.cluster020.hosting.ovh.net\/edition-dart-photographique\/"},"modified":"2026-04-01T18:09:52","modified_gmt":"2026-04-01T16:09:52","slug":"stampa-darte-fotografica","status":"publish","type":"page","link":"https:\/\/arches-papers.com\/it\/la-gamma-della-carta-arches\/stampa-darte-fotografica\/","title":{"rendered":"Stampa d\u2019arte fotografica"},"content":{"rendered":"<div class=\"wpb-content-wrapper\"><p>[vc_row][vc_column width=&#8221;1\/4&#8243;][\/vc_column][vc_column width=&#8221;1\/2&#8243;][vc_column_text el_class=&#8221;justify&#8221;]Nel 1992, ARCHES\u00ae \u00e8 stata la prima cartiera a sviluppare una carta specifica per stampa fotografica al platino, palladio e cianotipia: ARCHES\u00ae Platine.<br \/>\nUna stampa al platino ha una gamma di grigi pi\u00f9 ampia. Riproduce pi\u00f9 dettagli del negativo che una stampa argentica, portando pi\u00f9 sfumature e profondit\u00e0 all&#8217;immagine.<\/p>\n<p>Questa tecnica, apprezzata dai fotografi della \u00ab Photo-Secession \u00bb, maestri moderni come Paul Strand o Joseph Sudek, viene ripresa negli anni Ottanta da Irving Penn, produce stampe poco fragili, la cui superficie non si rompe, la cui immagine non passa alla luce del sole, un&#8217;opera d&#8217;arte che resiste alla prova del tempo.[\/vc_column_text][\/vc_column][vc_column width=&#8221;1\/4&#8243;][\/vc_column][\/vc_row][vc_row][vc_column]<style>.ld_spacer_6a0153680525e{height:32px;}<\/style>\n<div class=\"ld-empty-space ld_spacer_6a0153680525e\"><span class=\"liquid_empty_space_inner\"><\/span><\/div>[\/vc_column][\/vc_row][vc_row][vc_column width=&#8221;1\/2&#8243;][vc_hoverbox image=&#8221;16895&#8243; primary_title=&#8221;&#8221; hover_title=&#8221;Procedimenti alternativi&#8221; shape=&#8221;square&#8221; hover_background_color=&#8221;custom&#8221; hover_btn_title=&#8221;&#8221; css_animation=&#8221;fadeInUp&#8221; hover_add_button=&#8221;true&#8221; hover_custom_background=&#8221;rgba(0,0,0,0.3)&#8221; hover_btn_link=&#8221;url:https%3A%2F%2Farches-papers.com%2Fit%2Fla-gamma-della-carta-arches%2Fstampa-darte-fotografica-arches%2Fprocedimenti-alternativi%2F|title:Procedimenti%20alternativi&#8221; el_class=&#8221;prj-link&#8221;][\/vc_hoverbox][\/vc_column][vc_column width=&#8221;1\/2&#8243;][vc_empty_space height=&#8221;96px&#8221;][vc_hoverbox image=&#8221;29357&#8243; primary_title=&#8221;&#8221; hover_title=&#8221;Stampa digitale&#8221; shape=&#8221;square&#8221; hover_background_color=&#8221;custom&#8221; hover_btn_title=&#8221;&#8221; css_animation=&#8221;fadeInUp&#8221; hover_add_button=&#8221;true&#8221; hover_custom_background=&#8221;rgba(0,0,0,0.3)&#8221; hover_btn_link=&#8221;url:https%3A%2F%2Farches-papers.com%2Fit%2Fla-gamma-della-carta-arches%2Fstampa-darte-fotografica-arches%2Fstampa-digitale%2F|title:Stampa%20digitale&#8221; el_class=&#8221;prj-link&#8221;][\/vc_hoverbox][vc_column_text]\u00a9Fortunato Gatto[\/vc_column_text][\/vc_column][\/vc_row][vc_row][vc_column]<style>.ld_spacer_6a01536805323{height:32px;}<\/style>\n<div class=\"ld-empty-space ld_spacer_6a01536805323\"><span class=\"liquid_empty_space_inner\"><\/span><\/div>[\/vc_column][\/vc_row]<\/p>\n<\/div>","protected":false},"excerpt":{"rendered":"[vc_row][vc_column width=&#8221;1\/4&#8243;][\/vc_column][vc_column width=&#8221;1\/2&#8243;][vc_column_text el_class=&#8221;justify&#8221;]Nel 1992, ARCHES\u00ae \u00e8 stata la prima cartiera a sviluppare una carta&#8230;","protected":false},"author":1,"featured_media":0,"parent":17907,"menu_order":7,"comment_status":"closed","ping_status":"closed","template":"","meta":{"footnotes":""},"tags":[],"class_list":["post-17721","page","type-page","status-publish","hentry"],"yoast_head":"<!-- This site is optimized with the Yoast SEO plugin v27.1.1 - https:\/\/yoast.com\/product\/yoast-seo-wordpress\/ -->\n<title>Stampa d\u2019arte fotografica - Arches Papers<\/title>\n<meta name=\"description\" content=\"stampa d&#039;arte fotografica: nel 1992, ARCHES \u00e8 stato il primo mulino a sviluppare una carta specifica per le tirature fotografiche al platino, palladio e i cianotipi: ARCHES Platine. Una tiratura al platino possiede una gamma pi\u00f9 ampia di grigi e restituisce un maggior numero di dettagli del negativo rispetto a una tiratura argentica.\" \/>\n<meta name=\"robots\" content=\"index, follow, max-snippet:-1, max-image-preview:large, max-video-preview:-1\" \/>\n<link rel=\"canonical\" href=\"https:\/\/arches-papers.com\/it\/la-gamma-della-carta-arches\/stampa-darte-fotografica\/\" \/>\n<meta property=\"og:locale\" content=\"it_IT\" \/>\n<meta property=\"og:type\" content=\"article\" \/>\n<meta property=\"og:title\" content=\"Stampa d\u2019arte fotografica - Arches Papers\" \/>\n<meta property=\"og:description\" content=\"stampa d&#039;arte fotografica: nel 1992, ARCHES \u00e8 stato il primo mulino a sviluppare una carta specifica per le tirature fotografiche al platino, palladio e i cianotipi: ARCHES Platine. Una tiratura al platino possiede una gamma pi\u00f9 ampia di grigi e restituisce un maggior numero di dettagli del negativo rispetto a una tiratura argentica.\" \/>\n<meta property=\"og:url\" content=\"https:\/\/arches-papers.com\/it\/la-gamma-della-carta-arches\/stampa-darte-fotografica\/\" \/>\n<meta property=\"og:site_name\" content=\"Arches Papers\" \/>\n<meta property=\"article:modified_time\" content=\"2026-04-01T16:09:52+00:00\" \/>\n<meta name=\"twitter:card\" content=\"summary_large_image\" \/>\n<meta name=\"twitter:label1\" content=\"Tempo di lettura stimato\" \/>\n\t<meta name=\"twitter:data1\" content=\"2 minuti\" \/>\n<script type=\"application\/ld+json\" class=\"yoast-schema-graph\">{\"@context\":\"https:\/\/schema.org\",\"@graph\":[{\"@type\":\"WebPage\",\"@id\":\"https:\/\/arches-papers.com\/it\/la-gamma-della-carta-arches\/stampa-darte-fotografica\/\",\"url\":\"https:\/\/arches-papers.com\/it\/la-gamma-della-carta-arches\/stampa-darte-fotografica\/\",\"name\":\"Stampa d\u2019arte fotografica - Arches Papers\",\"isPartOf\":{\"@id\":\"https:\/\/arches-papers.com\/it\/#website\"},\"datePublished\":\"2019-04-20T11:18:33+00:00\",\"dateModified\":\"2026-04-01T16:09:52+00:00\",\"description\":\"stampa d'arte fotografica: nel 1992, ARCHES \u00e8 stato il primo mulino a sviluppare una carta specifica per le tirature fotografiche al platino, palladio e i cianotipi: ARCHES Platine. Una tiratura al platino possiede una gamma pi\u00f9 ampia di grigi e restituisce un maggior numero di dettagli del negativo rispetto a una tiratura argentica.\",\"breadcrumb\":{\"@id\":\"https:\/\/arches-papers.com\/it\/la-gamma-della-carta-arches\/stampa-darte-fotografica\/#breadcrumb\"},\"inLanguage\":\"it-IT\",\"potentialAction\":[{\"@type\":\"ReadAction\",\"target\":[\"https:\/\/arches-papers.com\/it\/la-gamma-della-carta-arches\/stampa-darte-fotografica\/\"]}]},{\"@type\":\"BreadcrumbList\",\"@id\":\"https:\/\/arches-papers.com\/it\/la-gamma-della-carta-arches\/stampa-darte-fotografica\/#breadcrumb\",\"itemListElement\":[{\"@type\":\"ListItem\",\"position\":1,\"name\":\"Accueil\",\"item\":\"https:\/\/arches-papers.com\/it\/\"},{\"@type\":\"ListItem\",\"position\":2,\"name\":\"LA GAMMA DELLA CARTA ARCHES\u00ae\",\"item\":\"https:\/\/arches-papers.com\/it\/la-gamma-della-carta-arches\/\"},{\"@type\":\"ListItem\",\"position\":3,\"name\":\"Stampa d\u2019arte fotografica\"}]},{\"@type\":\"WebSite\",\"@id\":\"https:\/\/arches-papers.com\/it\/#website\",\"url\":\"https:\/\/arches-papers.com\/it\/\",\"name\":\"Arches Papers\",\"description\":\"Fabricant de papier\",\"potentialAction\":[{\"@type\":\"SearchAction\",\"target\":{\"@type\":\"EntryPoint\",\"urlTemplate\":\"https:\/\/arches-papers.com\/it\/?s={search_term_string}\"},\"query-input\":{\"@type\":\"PropertyValueSpecification\",\"valueRequired\":true,\"valueName\":\"search_term_string\"}}],\"inLanguage\":\"it-IT\"}]}<\/script>\n<!-- \/ Yoast SEO plugin. -->","yoast_head_json":{"title":"Stampa d\u2019arte fotografica - Arches Papers","description":"stampa d'arte fotografica: nel 1992, ARCHES \u00e8 stato il primo mulino a sviluppare una carta specifica per le tirature fotografiche al platino, palladio e i cianotipi: ARCHES Platine. Una tiratura al platino possiede una gamma pi\u00f9 ampia di grigi e restituisce un maggior numero di dettagli del negativo rispetto a una tiratura argentica.","robots":{"index":"index","follow":"follow","max-snippet":"max-snippet:-1","max-image-preview":"max-image-preview:large","max-video-preview":"max-video-preview:-1"},"canonical":"https:\/\/arches-papers.com\/it\/la-gamma-della-carta-arches\/stampa-darte-fotografica\/","og_locale":"it_IT","og_type":"article","og_title":"Stampa d\u2019arte fotografica - Arches Papers","og_description":"stampa d'arte fotografica: nel 1992, ARCHES \u00e8 stato il primo mulino a sviluppare una carta specifica per le tirature fotografiche al platino, palladio e i cianotipi: ARCHES Platine. Una tiratura al platino possiede una gamma pi\u00f9 ampia di grigi e restituisce un maggior numero di dettagli del negativo rispetto a una tiratura argentica.","og_url":"https:\/\/arches-papers.com\/it\/la-gamma-della-carta-arches\/stampa-darte-fotografica\/","og_site_name":"Arches Papers","article_modified_time":"2026-04-01T16:09:52+00:00","twitter_card":"summary_large_image","twitter_misc":{"Tempo di lettura stimato":"2 minuti"},"schema":{"@context":"https:\/\/schema.org","@graph":[{"@type":"WebPage","@id":"https:\/\/arches-papers.com\/it\/la-gamma-della-carta-arches\/stampa-darte-fotografica\/","url":"https:\/\/arches-papers.com\/it\/la-gamma-della-carta-arches\/stampa-darte-fotografica\/","name":"Stampa d\u2019arte fotografica - Arches Papers","isPartOf":{"@id":"https:\/\/arches-papers.com\/it\/#website"},"datePublished":"2019-04-20T11:18:33+00:00","dateModified":"2026-04-01T16:09:52+00:00","description":"stampa d'arte fotografica: nel 1992, ARCHES \u00e8 stato il primo mulino a sviluppare una carta specifica per le tirature fotografiche al platino, palladio e i cianotipi: ARCHES Platine. Una tiratura al platino possiede una gamma pi\u00f9 ampia di grigi e restituisce un maggior numero di dettagli del negativo rispetto a una tiratura argentica.","breadcrumb":{"@id":"https:\/\/arches-papers.com\/it\/la-gamma-della-carta-arches\/stampa-darte-fotografica\/#breadcrumb"},"inLanguage":"it-IT","potentialAction":[{"@type":"ReadAction","target":["https:\/\/arches-papers.com\/it\/la-gamma-della-carta-arches\/stampa-darte-fotografica\/"]}]},{"@type":"BreadcrumbList","@id":"https:\/\/arches-papers.com\/it\/la-gamma-della-carta-arches\/stampa-darte-fotografica\/#breadcrumb","itemListElement":[{"@type":"ListItem","position":1,"name":"Accueil","item":"https:\/\/arches-papers.com\/it\/"},{"@type":"ListItem","position":2,"name":"LA GAMMA DELLA CARTA ARCHES\u00ae","item":"https:\/\/arches-papers.com\/it\/la-gamma-della-carta-arches\/"},{"@type":"ListItem","position":3,"name":"Stampa d\u2019arte fotografica"}]},{"@type":"WebSite","@id":"https:\/\/arches-papers.com\/it\/#website","url":"https:\/\/arches-papers.com\/it\/","name":"Arches Papers","description":"Fabricant de papier","potentialAction":[{"@type":"SearchAction","target":{"@type":"EntryPoint","urlTemplate":"https:\/\/arches-papers.com\/it\/?s={search_term_string}"},"query-input":{"@type":"PropertyValueSpecification","valueRequired":true,"valueName":"search_term_string"}}],"inLanguage":"it-IT"}]}},"_links":{"self":[{"href":"https:\/\/arches-papers.com\/it\/wp-json\/wp\/v2\/pages\/17721","targetHints":{"allow":["GET"]}}],"collection":[{"href":"https:\/\/arches-papers.com\/it\/wp-json\/wp\/v2\/pages"}],"about":[{"href":"https:\/\/arches-papers.com\/it\/wp-json\/wp\/v2\/types\/page"}],"author":[{"embeddable":true,"href":"https:\/\/arches-papers.com\/it\/wp-json\/wp\/v2\/users\/1"}],"replies":[{"embeddable":true,"href":"https:\/\/arches-papers.com\/it\/wp-json\/wp\/v2\/comments?post=17721"}],"version-history":[{"count":3,"href":"https:\/\/arches-papers.com\/it\/wp-json\/wp\/v2\/pages\/17721\/revisions"}],"predecessor-version":[{"id":55873,"href":"https:\/\/arches-papers.com\/it\/wp-json\/wp\/v2\/pages\/17721\/revisions\/55873"}],"up":[{"embeddable":true,"href":"https:\/\/arches-papers.com\/it\/wp-json\/wp\/v2\/pages\/17907"}],"wp:attachment":[{"href":"https:\/\/arches-papers.com\/it\/wp-json\/wp\/v2\/media?parent=17721"}],"wp:term":[{"taxonomy":"post_tag","embeddable":true,"href":"https:\/\/arches-papers.com\/it\/wp-json\/wp\/v2\/tags?post=17721"}],"curies":[{"name":"wp","href":"https:\/\/api.w.org\/{rel}","templated":true}]}}