{"id":21980,"date":"2020-08-06T10:12:30","date_gmt":"2020-08-06T08:12:30","guid":{"rendered":"https:\/\/arches-papers.com\/?page_id=21980"},"modified":"2020-08-06T10:12:30","modified_gmt":"2020-08-06T08:12:30","slug":"website-datenschutz","status":"publish","type":"page","link":"https:\/\/arches-papers.com\/it\/website-datenschutz\/","title":{"rendered":"WEBSITE-DATENSCHUTZ"},"content":{"rendered":"<p><strong>DATENSCHUTZRICHTLINIE<\/strong><\/p>\n<p>Zweck dieser Datenschutzerkl\u00e4rung ist es, die Verwaltung dieser Website hinsichtlich der Verarbeitung der pers\u00f6nlichen Daten ihrer Benutzer\/Besucher zu beschreiben.<\/p>\n<p>Dies ist eine informative Mitteilung gem\u00e4\u00df Artikel 13 und 14 der EU-Verordnung 2016\/679 f\u00fcr diejenigen, die die Website der FILA-ARCHES sas unter der Adresse arches-papers.com nutzen.<\/p>\n<p>Dieser Hinweis bezieht sich ausschlie\u00dflich auf die oben genannte Website, nicht jedoch auf andere Websites Dritter, die der Nutzer \u00fcber Links besuchen kann.<\/p>\n<p>FILA-ARCHES sas garantiert die Einhaltung der nationalen und internationalen Vorschriften zum Schutz personenbezogener Daten (EU-Verordnung 2016\/679, Gesetzesverordnung 196\/2003 usw.).<\/p>\n<p>Benutzer\/Besucher sollten diese Datenschutzerkl\u00e4rung sorgf\u00e4ltig lesen, bevor sie pers\u00f6nliche Informationen \u00fcbermitteln und\/oder ein elektronisches Formular auf der Website ausf\u00fcllen.<\/p>\n<p><strong>Zwecke der Verarbeitung personenbezogener Daten<\/strong><\/p>\n<p>Nachfolgend sind die Zwecke der Verarbeitung personenbezogener Daten aufgef\u00fchrt, d. h. Informationen, die der Nutzer direkt durch das Ausf\u00fcllen von Online-Formularen, durch die Nutzung von sozialen Netzwerken oder automatisch w\u00e4hrend der Navigation erh\u00e4lt.<\/p>\n<p>Von Zeit zu Zeit k\u00f6nnen zus\u00e4tzliche spezifische Informationsmitteilungen auf der Website ver\u00f6ffentlicht werden, die sich auf einzelne Vorg\u00e4nge beziehen, bei denen bestimmte personenbezogene Daten zur Verf\u00fcgung gestellt werden (z.B. bei besonderen Ereignissen, Wettbewerben usw.).<\/p>\n<p>Zwecke der Verarbeitung personenbezogener Daten<\/p>\n<ul>\n<li>Zur Verbesserung und Anpassung der Benutzerfreundlichkeit der Website.<\/li>\n<li>Zur Erm\u00f6glichung der Registrierung auf der Website, um auf bestimmte Bereiche der Website zuzugreifen und die verschiedenen angebotenen Dienste bereitzustellen und zu verwalten.<\/li>\n<li>Um den Benutzern zu erm\u00f6glichen, ihre eigenen Inhalte direkt auf der Website oder auf Websites zu ver\u00f6ffentlichen, die von Dritten verwaltet werden, mit denen FILA-ARCHES sas entsprechende Vereinbarungen getroffen hat, wie z.B. soziale Netzwerke wie Facebook, Twitter etc. (nachfolgend &#8220;Soziale Netzwerke&#8221; genannt).<\/li>\n<li>Durchf\u00fchren von Marketingaktivit\u00e4ten nach vorheriger Zustimmung wie das Versenden von Werbe- und Werbematerial in Bezug auf FILA-ARCHES sas, auch per E-Mail, MMS und SMS;<\/li>\n<li>Beantwortung von Benutzeranfragen zu den Produkten und Dienstleistungen von FILA-ARCHES sas<\/li>\n<\/ul>\n<p><strong>\u00a0<\/strong><\/p>\n<p><strong>Art und Quelle der verarbeiteten Daten<\/strong><\/p>\n<p><em>1) Daten durchsuchen<\/em><\/p>\n<p>Grunds\u00e4tzlich ist es m\u00f6glich, die Website ohne Angabe von pers\u00f6nlichen Daten zu besuchen. Die Website ist in getrennte Bereiche unterteilt, von denen einige die Eingabe von Daten erfordern und andere nicht.<\/p>\n<p>Die f\u00fcr den Betrieb dieser Website verwendeten Computersysteme und Softwareverfahren erfassen im Rahmen ihres normalen Betriebs einige personenbezogene Daten, die bei der Verwendung von Internet-Kommunikationsprotokollen implizit \u00fcbermittelt werden.<\/p>\n<p>Diese Informationen k\u00f6nnen ihrer Natur nach durch die Verkn\u00fcpfung und Verarbeitung von Daten Dritter die Identifizierung von Nutzern\/Besuchern erm\u00f6glichen (z.B. \u00fcber ihre IP-Adresse, Computer-Domainnamen, die zur Verbindung mit der Website verwendet werden usw.).<\/p>\n<p>Diese Daten werden haupts\u00e4chlich verwendet, um statistische Informationen zu erstellen, das korrekte Funktionieren der Website zu \u00fcberpr\u00fcfen und das Surfen effizienter zu gestalten.<\/p>\n<p>Solche Web-Kontaktdaten werden nach der Verarbeitung nicht gespeichert, es sei denn, sie sind f\u00fcr die Untersuchung von Computerkriminalit\u00e4t gegen die Website erforderlich.<\/p>\n<p>Es werden keine Daten aus dem Webservice an unbefugte Dritte weitergegeben.<\/p>\n<p>Weitere Informationen speziell zu Cookies finden Sie im Abschnitt <em>(LIEN VERS LA SECTION TRAITANT DES COOKIES).<\/em><\/p>\n<p>&nbsp;<\/p>\n<p><em>2) Freiwillig von Nutzern\/Besuchern zur Verf\u00fcgung gestellte Daten<\/em><\/p>\n<p>Wenn Benutzer\/Besucher, die sich mit dieser Website verbinden, pers\u00f6nliche Informationen senden, um auf bestimmte Dienste zuzugreifen (z. B. Newsletter, Gewinnspiel-Abonnements) oder Anfragen per E-Mail zu stellen, bedeutet dies, dass FILA-ARCHES sas die Adresse des Absenders und\/oder andere pers\u00f6nliche Daten erfasst. Diese Daten werden dann ausschlie\u00dflich zur Beantwortung der jeweiligen Anfrage oder zur Erbringung der Dienstleistung verarbeitet.<\/p>\n<p>Personenbezogene Daten von Benutzern\/Besuchern werden nur dann an Dritte weitergegeben, wenn dies erforderlich ist, um den W\u00fcnschen der Benutzer\/Besucher selbst nachzukommen.<\/p>\n<p>&nbsp;<\/p>\n<p>&nbsp;<\/p>\n<p><strong>Verarbeitungsmethoden<\/strong><\/p>\n<p>Die Verarbeitung personenbezogener Daten erfolgt mit automatisierten Mitteln (z. B. mittels elektronischer Verfahren und Speichermedien) und\/oder manuell (z. B. auf Papier), w\u00e4hrend der zur Erreichung der Zwecke, f\u00fcr die die Daten erhoben wurden, unbedingt erforderliche Zeit und in jedem Fall unter Einhaltung der geltenden Vorschriften. FILA-ARCHES sas hat im Zusammenhang mit dieser Verarbeitung geeignete Sicherheitsma\u00dfnahmen ergriffen, um die Integrit\u00e4t und Vertraulichkeit der Daten zu gew\u00e4hrleisten.<\/p>\n<p>&nbsp;<\/p>\n<p>&nbsp;<\/p>\n<p><strong>Datenverantwortlicher<\/strong><\/p>\n<p>Der f\u00fcr die Daten Verantwortliche ist FILA-ARCHES sas, mit Sitz in N\u00b067 rue Louis et Laurent Seguin &#8211; 07104 Annonay Cedex \u2013 France.<\/p>\n<p>&nbsp;<\/p>\n<p>&nbsp;<\/p>\n<p><strong>Kategorien von Personen, denen Daten \u00fcbermittelt oder zur Kenntnis gebracht werden k\u00f6nnen<\/strong><\/p>\n<p><strong>\u00a0<\/strong><\/p>\n<p>Personenbezogene Daten k\u00f6nnen den Mitarbeitern von FILA-ARCHES sas, ihrem Vertriebsnetz und FILA-ARCHES sas zur Kenntnis gebracht werden. Diese Parteien sind formell ernannt und erm\u00e4chtigt, entsprechende Betriebsanweisungen zu bearbeiten und zu erhalten. Dar\u00fcber hinaus k\u00f6nnen die Daten von externen Unternehmen verarbeitet werden, die FILA-ARCHES sas im Zusammenhang mit der Abwicklung des Vertragsverh\u00e4ltnisses mit Kunden oder f\u00fcr eigene organisatorische Zwecke und Aktivit\u00e4ten nutzen kann. In keinem Fall erfahren die Daten eine allgemeine Offenlegung.<\/p>\n<p>&nbsp;<\/p>\n<p><strong>Rechte des Betroffenen<\/strong><\/p>\n<p>Die betroffene Person, auf die sich die personenbezogenen Daten beziehen, kann ihre Rechte gegen\u00fcber dem f\u00fcr die Verarbeitung Verantwortlichen gem\u00e4\u00df der EU-Verordnung 679\/2016 jederzeit aus\u00fcben. Der Betroffene hat somit das Recht, eine Best\u00e4tigung \u00fcber das Vorhandensein oder Nichtvorhandensein der ihn betreffenden personenbezogenen Daten und deren \u00dcbermittlung in verst\u00e4ndlicher Form zu erhalten. Die betroffene Person hat auch das Recht, Angaben \u00fcber die Herkunft der Daten, den Zweck der Verarbeitung, die Verarbeitungsmethoden, den Inhaber und seinen Vertreter sowie die Parteien, denen die Daten mitgeteilt werden k\u00f6nnen, zu erhalten. Die betroffene Person hat das Recht auf Berichtigung, Erg\u00e4nzung und Aktualisierung der Daten sowie auf L\u00f6schung oder Umwandlung in eine anonyme Form. Die betroffene Person kann jederzeit die Einstellung der Verarbeitungst\u00e4tigkeiten im Zusammenhang mit Direktmarketing, kommerzieller Kommunikation und Marktforschung beantragen.<\/p>\n<p>&nbsp;<\/p>\n<p>&nbsp;<\/p>\n<p>&nbsp;<\/p>\n<p>&nbsp;<\/p>\n<p>&nbsp;<\/p>\n<p>&nbsp;<\/p>\n<p>&nbsp;<\/p>\n<p>&nbsp;<\/p>\n<p>&nbsp;<\/p>\n<p>&nbsp;<\/p>\n<p>&nbsp;<\/p>\n<p><strong>COOKIE-RICHTLINIE F\u00dcR WEBSITE-BESUCHER<\/strong><\/p>\n<p>&nbsp;<\/p>\n<p>Diese Website verwendet Cookies, um ein besseres Benutzererlebnis bieten zu k\u00f6nnen und Informationen \u00fcber die Nutzung der Website durch Besucher zu sammeln.<\/p>\n<p>&nbsp;<\/p>\n<p>&nbsp;<\/p>\n<p>Cookies sind kurze Textzeichenfolgen, die zwischen Servern und Web-Clients ausgetauscht werden. Sie dienen der automatischen Authentifizierung, der Sitzungsverfolgung und der Speicherung von spezifischen Informationen \u00fcber die Benutzer\/Besucher, die auf den Server zugreifen. Diese Website verwendet Cookies f\u00fcr die folgenden Zwecke:<\/p>\n<p>&nbsp;<\/p>\n<p>&nbsp;<\/p>\n<p><strong>Technische Cookies, f\u00fcr deren Verwendung keine Einwilligung erforderlich ist.<\/strong><\/p>\n<p>&nbsp;<\/p>\n<p>Bestimmte Operationen k\u00f6nnen nicht ohne den Einsatz von Cookies durchgef\u00fchrt werden, die in solchen F\u00e4llen technisch notwendig sind. Technisch notwendige Cookies umfassen beispielsweise das Cookie, das die Web-Sitzung erkennt und f\u00fcr den Benutzer, der die Website besucht, bereith\u00e4lt, und das Cookie, das die Wiedererkennung eines bestimmten Benutzers nach dem Einloggen erm\u00f6glicht.<\/p>\n<p>&nbsp;<\/p>\n<p>FILA-ARCHES sas verwendet solche Cookies, um das Surfen zu optimieren. Diese Technologie erlaubt in keinem Fall die Speicherung von Benutzerdaten, Zugangsdaten oder anderen Informationen, um die Sicherheit der Website zu gew\u00e4hrleisten.<\/p>\n<p>&nbsp;<\/p>\n<p>&nbsp;<\/p>\n<p><strong>Cookies von Drittanbietern, die der Zustimmung bed\u00fcrfen<\/strong><\/p>\n<p>&nbsp;<\/p>\n<p>Zu den Cookies von Drittanbietern geh\u00f6ren solche, die es dem Datenverantwortlichen erm\u00f6glichen, Verkehrsdaten zu \u00fcberwachen und zu analysieren und das Nutzerverhalten zu verfolgen:<\/p>\n<p>Google Analytics (Google)<\/p>\n<p>Diese analysieren Datenverkehrsdaten und dienen dazu, das Nutzerverhalten zu verfolgen. Google Analytics ist ein Webanalysedienst, der von Google Inc. (&#8220;Google&#8221;) bereitgestellt wird. Google verwendet die erhobenen personenbezogenen Daten, um die Nutzung dieser Anwendung zu verfolgen und zu analysieren, Berichte zu erstellen und sie mit anderen von Google entwickelten Diensten zu teilen.<\/p>\n<p>Google kann die personenbezogenen Daten verwenden, um Anzeigen, die Teil seines Werbenetzwerks sind, zu kontextualisieren und zu personalisieren. Erfasste personenbezogene Daten: Cookies und Nutzungsdaten.<\/p>\n<p>Ort der Verarbeitung: USA &#8211; Datenschutzerkl\u00e4rung &#8211; Opt Out<\/p>\n<p>&nbsp;<\/p>\n<p><strong>Verwaltung von Cookies in den Browsereinstellungen<\/strong><\/p>\n<p>&nbsp;<\/p>\n<p>Diese Website funktioniert am besten, wenn Cookies aktiviert sind. Sie k\u00f6nnen in jedem Fall beschlie\u00dfen, das Setzen von Cookies auf Ihrem Computer nicht zuzulassen.<\/p>\n<p>Weitere Informationen zum \u00c4ndern der Cookie-Einstellungen erhalten Sie, indem Sie den von Ihnen verwendeten Browser ausw\u00e4hlen:<\/p>\n<p>CHROME &#8211;&gt; \u00a0\u00a0\u00a0\u00a0\u00a0\u00a0\u00a0\u00a0\u00a0\u00a0\u00a0\u00a0\u00a0\u00a0\u00a0\u00a0\u00a0\u00a0\u00a0\u00a0\u00a0\u00a0\u00a0\u00a0\u00a0\u00a0 <a href=\"https:\/\/support.google.com\/chrome\/answer\/95647?hl=de\">https:\/\/support.google.com\/chrome\/answer\/95647?hl=de<\/a><\/p>\n<p>INTERNET EXPLORER &#8211;&gt; \u00a0\u00a0\u00a0\u00a0\u00a0 <a href=\"https:\/\/support.microsoft.com\/de-de\/help\/17442\/windows-internet-explorer-delete-manage-cookies\">https:\/\/support.microsoft.com\/de-de\/help\/17442\/windows-internet-explorer-delete-manage-cookies<\/a><\/p>\n<p>SAFARI &#8211;&gt; \u00a0\u00a0\u00a0\u00a0\u00a0\u00a0\u00a0\u00a0\u00a0\u00a0\u00a0\u00a0\u00a0\u00a0\u00a0\u00a0\u00a0\u00a0\u00a0\u00a0\u00a0\u00a0\u00a0\u00a0\u00a0\u00a0\u00a0\u00a0 <a href=\"https:\/\/support.apple.com\/kb\/PH19255?locale=en_US&amp;viewlocale=de_DE\">https:\/\/support.apple.com\/kb\/PH19255?locale=en_US&amp;viewlocale=de_DE<\/a><\/p>\n<p>FIREFOX &#8211;&gt; \u00a0\u00a0\u00a0\u00a0\u00a0\u00a0\u00a0\u00a0\u00a0\u00a0\u00a0\u00a0\u00a0\u00a0\u00a0\u00a0\u00a0\u00a0\u00a0\u00a0\u00a0\u00a0\u00a0\u00a0\u00a0\u00a0 <a href=\"https:\/\/support.mozilla.org\/de_DE\/kb\/enable-and-disable-cookies-website-preferences\">https:\/\/support.mozilla.org\/de_DE\/kb\/enable-and-disable-cookies-website-preferences<\/a><\/p>\n<p>&nbsp;<\/p>\n<p>Wenn Sie alle Cookies deaktivieren, k\u00f6nnen Sie m\u00f6glicherweise nicht alle Funktionen dieser Website nutzen.<\/p>\n<p>Auch wenn alle Cookies deaktiviert sind, speichert der von Ihnen verwendete Browser weiterhin eine kleine Menge an Informationen, die f\u00fcr die grundlegende Funktionalit\u00e4t der Website erforderlich sind.<\/p>\n<p>&nbsp;<\/p>\n<p><strong>NEWSLETTER BESTELLEN<\/strong><\/p>\n<p><strong>\u00a0<\/strong><\/p>\n<p><strong>Hinweis zur Verarbeitung personenbezogener Daten<\/strong><\/p>\n<p>Diese informative Mitteilung erfolgt gem\u00e4\u00df Artikel 13 und 14 der EU-Verordnung 679\/2016.<\/p>\n<p>Der ARCHES\u00ae-Newsletter wird per E-Mail an diejenigen versandt, die ihn ausdr\u00fccklich anfordern, indem sie das Formular auf dieser Seite ausf\u00fcllen und damit FILA-ARCHES sas zur Verarbeitung ihrer pers\u00f6nlichen Daten erm\u00e4chtigen.<\/p>\n<p>Die Angabe personenbezogener Daten ist freiwillig. Bei Weigerung, solche personenbezogenen Daten anzugeben, ist es jedoch unm\u00f6glich, den Newsletter-Service anzubieten.<\/p>\n<p><strong>Zweck der Verarbeitung der personenbezogenen Daten<\/strong><\/p>\n<p>Die von den Nutzern angegebenen personenbezogenen Daten werden ausschlie\u00dflich f\u00fcr den Versand des Newsletters verwendet und nicht an Dritte weitergegeben.<\/p>\n<p><strong>Verarbeitungsmethoden<\/strong><\/p>\n<p>Die gesammelten Daten werden mit Hilfe von Computerprogrammen verarbeitet. Um Datenverlust, unerlaubte oder missbr\u00e4uchliche Verwendung und unbefugten Zugriff zu verhindern, werden geeignete Sicherheitsma\u00dfnahmen ergriffen.<\/p>\n<p><strong>Datenverantwortlicher<\/strong><\/p>\n<p>Der f\u00fcr die Daten Verantwortliche ist FILA-ARCHES sas, mit Sitz in N\u00b067 rue Louis et Laurent Seguin &#8211; 07104 Annonay Cedex \u2013 France. Es wird darauf hingewiesen, dass der Newsletter-Service auch die Dienste von speziell beauftragten Drittunternehmen in Anspruch nimmt.<\/p>\n<p><strong>Rechte des Betroffenen <\/strong><\/p>\n<p>Der Betroffene, auf den sich die personenbezogenen Daten beziehen, kann jederzeit von seinem Recht Gebrauch machen, eine Best\u00e4tigung \u00fcber das Vorhandensein oder Nichtvorhandensein der ihn betreffenden personenbezogenen Daten sowie Angaben \u00fcber deren Inhalt und Herkunft zu erhalten, deren Richtigkeit zu \u00fcberpr\u00fcfen und die Berichtigung, Erg\u00e4nzung oder Aktualisierung der Daten zu verlangen. Der Betroffene hat auch das Recht, die L\u00f6schung oder Umwandlung der Daten in eine anonyme Form oder die Sperrung ihrer Verarbeitung unter Versto\u00df gegen das Gesetz zu verlangen sowie sich ihrer Verarbeitung aus legitimen Gr\u00fcnden zu widersetzen.<\/p>\n<p><strong>\u00a0<\/strong><\/p>\n<p><strong>\u00a0<\/strong><\/p>\n<p><strong>ALLGEMEINER INFORMATIVER HINWEIS ZUR VERARBEITUNG VON KUNDEN- UND LIEFERANTENDATEN<\/strong><\/p>\n<p><strong>Gem\u00e4\u00df Artikel 13 und 14 der EU-Verordnung 679\/2016<\/strong><\/p>\n<p>&nbsp;<\/p>\n<p>Sehr geehrter Kunde\/Lieferant,<\/p>\n<p>Gem\u00e4\u00df und f\u00fcr die Zwecke der Artikel 13 und 14 der EU-Verordnung \u00fcber die Verarbeitung personenbezogener Daten wird den Kunden und Lieferanten mitgeteilt, dass sie als Inhaber der Verarbeitung personenbezogener Daten verantwortlich sind,<\/p>\n<p>FILA-ARCHES sas<\/p>\n<p>N\u00b067 rue Louis et Laurent Seguin<\/p>\n<p>07104 Annonay Cedex \u2013 France<\/p>\n<p>&nbsp;<\/p>\n<p>speichert und verarbeitet personenbezogene Daten, die durch die vorgenannte Verordnung gesch\u00fctzt sind.<\/p>\n<p>Bitte beachten Sie, dass diese Verarbeitung gem\u00e4\u00df der angegebenen Verordnung auf den Grunds\u00e4tzen der Korrektheit, Rechtm\u00e4\u00dfigkeit, Transparenz und des Schutzes Ihrer Privatsph\u00e4re und Ihrer Rechte beruht.<\/p>\n<p>In \u00dcbereinstimmung mit den Artikeln 13 und 14 der EU-Verordnung 679\/2016 stellen wir Ihnen daher folgende Informationen zur Verf\u00fcgung.<\/p>\n<p>Die von Ihnen zur Verf\u00fcgung gestellten Daten werden zu folgenden Zwecken verarbeitet:<\/p>\n<ul>\n<li>Erf\u00fcllung der gesetzlichen und\/oder gemeinschaftlichen Verpflichtungen;<\/li>\n<li>Erleichterung der administrativen\/buchhalterischen Verwaltung des Unternehmens;<\/li>\n<li>Erleichterung der Verwaltung von T\u00e4tigkeiten im Zusammenhang mit dem Kauf von Waren und Dienstleistungen f\u00fcr Gesch\u00e4ftszwecke.<\/li>\n<li>Den Verkauf\/Vermietung\/Abrechnung von Produkten und\/oder die Erbringung von Dienstleistungen durch direkten Kontakt mit dem Kunden oder \u00fcber das Internet zu erleichtern.<\/li>\n<li>Erf\u00fcllung von Verpflichtungen aus Vereinbarungen zwischen den Parteien.<\/li>\n<li>Zur Bearbeitung von Beschwerden oder Streitigkeiten.<\/li>\n<li>Zur Zusendung von Informationsmaterial oder kommerziellen Angeboten per Post, Fax oder E-Mail.<\/li>\n<li>Zur Erleichterung der Teilnahme an von FILA-ARCHES sas verwalteten Werbeinitiativen, wie z. B. Wettbewerbe, Bildungsinitiativen, Veranstaltungen, etc.<\/li>\n<\/ul>\n<p>Die Verarbeitung hat eine Rechtsgrundlage, die sich in erster Linie auf die Erf\u00fcllung des Vertrags zwischen den Parteien, auf die Einhaltung des Gesetzes und auf die Befriedigung einer Anfrage des Betroffenen bezieht.<\/p>\n<p>Die Verarbeitung kann mit manuellen, computergest\u00fctzten und telematischen Methoden unter Einhaltung der gesetzlich vorgeschriebenen Grunds\u00e4tze der Vertraulichkeit und Sicherheit erfolgen.<\/p>\n<p>Die Angabe von Daten ist zwingend erforderlich f\u00fcr die Anbahnung und Verwaltung von Vertr\u00e4gen und ist notwendig, um etwaigen Anfragen des Interessenten (z.B. technischer oder kaufm\u00e4nnischer Art) nachzukommen. Die Weigerung, solche Daten zur Verf\u00fcgung zu stellen, kann dazu f\u00fchren, dass der Vertrag nicht oder nur teilweise erf\u00fcllt wird und\/oder das Vertragsverh\u00e4ltnis nicht fortgesetzt wird.<\/p>\n<p>Die Daten k\u00f6nnen zur Durchf\u00fchrung des Vertrages und der damit zusammenh\u00e4ngenden administrativen T\u00e4tigkeiten an speziell beauftragte Mitarbeiter und Angestellte weitergegeben werden. Die Daten k\u00f6nnen auch im Rahmen der Erf\u00fcllung gesetzlicher oder vertraglicher Verpflichtungen zwischen den Parteien (z. B. \u00f6ffentliche Stellen, Aufsichtsbeh\u00f6rden, Banken usw.) an Dritte weitergegeben werden. Die Daten k\u00f6nnen auch an verbundene Unternehmen und\/oder Tochtergesellschaften, auch au\u00dferhalb der Europ\u00e4ischen Union, immer im Rahmen der Lieferung und\/oder des bestehenden Vertrages \u00fcbermittelt werden. Die Daten werden in keiner Weise ohne Ihre vorherige und ausdr\u00fcckliche Zustimmung an Dritte weitergegeben. Die personenbezogenen Daten werden so lange aufbewahrt, wie es f\u00fcr die Ausf\u00fchrung der angeforderten Dienstleistung oder f\u00fcr die Verwaltung der administrativen, steuerlichen, buchhalterischen und regulatorischen T\u00e4tigkeiten als n\u00fctzlich erachtet wird.<\/p>\n<p>Der Verantwortliche f\u00fcr die Datenverarbeitung ist: FILA-ARCHES sas &#8211; N\u00b067 rue Louis et Laurent Seguin &#8211; 07104 Annonay Cedex \u2013 France. Der Verantwortliche f\u00fcr die Datenverarbeitung und alle ernannten Manager k\u00f6nnen unter <a href=\"mailto:contact@arches-papers.com%20\"><em>contact@arches-papers.com <\/em><\/a><em>\u00a0<\/em>kontaktiert werden.<\/p>\n<p>Sie k\u00f6nnen Ihre Rechte gegen\u00fcber dem Inhaber der Datenverarbeitung jederzeit gem\u00e4\u00df Artikel 15 bis 20 der EU-Verordnung 679\/2016 aus\u00fcben. Der Betroffene hat somit das Recht, eine Best\u00e4tigung \u00fcber das Vorhandensein oder Nichtvorhandensein der ihn betreffenden personenbezogenen Daten und deren \u00dcbermittlung in verst\u00e4ndlicher Form zu erhalten. Die betroffene Person hat auch das Recht, Angaben \u00fcber die Herkunft der Daten, den Zweck der Verarbeitung, die Verarbeitungsmethoden, den Inhaber und seinen Vertreter sowie die Parteien, denen die Daten mitgeteilt werden k\u00f6nnen, zu erhalten. Die betroffene Person hat das Recht auf Berichtigung, Erg\u00e4nzung und Aktualisierung der Daten sowie auf L\u00f6schung oder Umwandlung in eine anonyme Form. Die betroffene Person kann jederzeit die Einstellung der Verarbeitungst\u00e4tigkeiten im Zusammenhang mit Direktmarketing, kommerzieller Kommunikation und Marktforschung beantragen.<\/p>\n","protected":false},"excerpt":{"rendered":"DATENSCHUTZRICHTLINIE Zweck dieser Datenschutzerkl\u00e4rung ist es, die Verwaltung dieser Website hinsichtlich der Verarbeitung der pers\u00f6nlichen&#8230;","protected":false},"author":1,"featured_media":0,"parent":0,"menu_order":0,"comment_status":"closed","ping_status":"closed","template":"","meta":{"footnotes":""},"tags":[],"class_list":["post-21980","page","type-page","status-publish","hentry"],"yoast_head":"<!-- This site is optimized with the Yoast SEO plugin v27.1.1 - https:\/\/yoast.com\/product\/yoast-seo-wordpress\/ -->\n<title>WEBSITE-DATENSCHUTZ - Arches Papers<\/title>\n<meta name=\"robots\" content=\"index, follow, max-snippet:-1, max-image-preview:large, max-video-preview:-1\" \/>\n<link rel=\"canonical\" href=\"https:\/\/arches-papers.com\/it\/website-datenschutz\/\" \/>\n<meta property=\"og:locale\" content=\"it_IT\" \/>\n<meta property=\"og:type\" content=\"article\" \/>\n<meta property=\"og:title\" content=\"WEBSITE-DATENSCHUTZ - Arches Papers\" \/>\n<meta property=\"og:description\" content=\"DATENSCHUTZRICHTLINIE Zweck dieser Datenschutzerkl\u00e4rung ist es, die Verwaltung dieser Website hinsichtlich der Verarbeitung der pers\u00f6nlichen...\" \/>\n<meta property=\"og:url\" content=\"https:\/\/arches-papers.com\/it\/website-datenschutz\/\" \/>\n<meta property=\"og:site_name\" content=\"Arches Papers\" \/>\n<meta name=\"twitter:card\" content=\"summary_large_image\" \/>\n<meta name=\"twitter:label1\" content=\"Tempo di lettura stimato\" \/>\n\t<meta name=\"twitter:data1\" content=\"11 minuti\" \/>\n<script type=\"application\/ld+json\" class=\"yoast-schema-graph\">{\"@context\":\"https:\/\/schema.org\",\"@graph\":[{\"@type\":\"WebPage\",\"@id\":\"https:\/\/arches-papers.com\/it\/website-datenschutz\/\",\"url\":\"https:\/\/arches-papers.com\/it\/website-datenschutz\/\",\"name\":\"WEBSITE-DATENSCHUTZ - Arches Papers\",\"isPartOf\":{\"@id\":\"https:\/\/arches-papers.com\/it\/#website\"},\"datePublished\":\"2020-08-06T08:12:30+00:00\",\"breadcrumb\":{\"@id\":\"https:\/\/arches-papers.com\/it\/website-datenschutz\/#breadcrumb\"},\"inLanguage\":\"it-IT\",\"potentialAction\":[{\"@type\":\"ReadAction\",\"target\":[\"https:\/\/arches-papers.com\/it\/website-datenschutz\/\"]}]},{\"@type\":\"BreadcrumbList\",\"@id\":\"https:\/\/arches-papers.com\/it\/website-datenschutz\/#breadcrumb\",\"itemListElement\":[{\"@type\":\"ListItem\",\"position\":1,\"name\":\"Accueil\",\"item\":\"https:\/\/arches-papers.com\/it\/\"},{\"@type\":\"ListItem\",\"position\":2,\"name\":\"WEBSITE-DATENSCHUTZ\"}]},{\"@type\":\"WebSite\",\"@id\":\"https:\/\/arches-papers.com\/it\/#website\",\"url\":\"https:\/\/arches-papers.com\/it\/\",\"name\":\"Arches Papers\",\"description\":\"Fabricant de papier\",\"potentialAction\":[{\"@type\":\"SearchAction\",\"target\":{\"@type\":\"EntryPoint\",\"urlTemplate\":\"https:\/\/arches-papers.com\/it\/?s={search_term_string}\"},\"query-input\":{\"@type\":\"PropertyValueSpecification\",\"valueRequired\":true,\"valueName\":\"search_term_string\"}}],\"inLanguage\":\"it-IT\"}]}<\/script>\n<!-- \/ Yoast SEO plugin. -->","yoast_head_json":{"title":"WEBSITE-DATENSCHUTZ - Arches Papers","robots":{"index":"index","follow":"follow","max-snippet":"max-snippet:-1","max-image-preview":"max-image-preview:large","max-video-preview":"max-video-preview:-1"},"canonical":"https:\/\/arches-papers.com\/it\/website-datenschutz\/","og_locale":"it_IT","og_type":"article","og_title":"WEBSITE-DATENSCHUTZ - Arches Papers","og_description":"DATENSCHUTZRICHTLINIE Zweck dieser Datenschutzerkl\u00e4rung ist es, die Verwaltung dieser Website hinsichtlich der Verarbeitung der pers\u00f6nlichen...","og_url":"https:\/\/arches-papers.com\/it\/website-datenschutz\/","og_site_name":"Arches Papers","twitter_card":"summary_large_image","twitter_misc":{"Tempo di lettura stimato":"11 minuti"},"schema":{"@context":"https:\/\/schema.org","@graph":[{"@type":"WebPage","@id":"https:\/\/arches-papers.com\/it\/website-datenschutz\/","url":"https:\/\/arches-papers.com\/it\/website-datenschutz\/","name":"WEBSITE-DATENSCHUTZ - Arches Papers","isPartOf":{"@id":"https:\/\/arches-papers.com\/it\/#website"},"datePublished":"2020-08-06T08:12:30+00:00","breadcrumb":{"@id":"https:\/\/arches-papers.com\/it\/website-datenschutz\/#breadcrumb"},"inLanguage":"it-IT","potentialAction":[{"@type":"ReadAction","target":["https:\/\/arches-papers.com\/it\/website-datenschutz\/"]}]},{"@type":"BreadcrumbList","@id":"https:\/\/arches-papers.com\/it\/website-datenschutz\/#breadcrumb","itemListElement":[{"@type":"ListItem","position":1,"name":"Accueil","item":"https:\/\/arches-papers.com\/it\/"},{"@type":"ListItem","position":2,"name":"WEBSITE-DATENSCHUTZ"}]},{"@type":"WebSite","@id":"https:\/\/arches-papers.com\/it\/#website","url":"https:\/\/arches-papers.com\/it\/","name":"Arches Papers","description":"Fabricant de papier","potentialAction":[{"@type":"SearchAction","target":{"@type":"EntryPoint","urlTemplate":"https:\/\/arches-papers.com\/it\/?s={search_term_string}"},"query-input":{"@type":"PropertyValueSpecification","valueRequired":true,"valueName":"search_term_string"}}],"inLanguage":"it-IT"}]}},"_links":{"self":[{"href":"https:\/\/arches-papers.com\/it\/wp-json\/wp\/v2\/pages\/21980","targetHints":{"allow":["GET"]}}],"collection":[{"href":"https:\/\/arches-papers.com\/it\/wp-json\/wp\/v2\/pages"}],"about":[{"href":"https:\/\/arches-papers.com\/it\/wp-json\/wp\/v2\/types\/page"}],"author":[{"embeddable":true,"href":"https:\/\/arches-papers.com\/it\/wp-json\/wp\/v2\/users\/1"}],"replies":[{"embeddable":true,"href":"https:\/\/arches-papers.com\/it\/wp-json\/wp\/v2\/comments?post=21980"}],"version-history":[{"count":0,"href":"https:\/\/arches-papers.com\/it\/wp-json\/wp\/v2\/pages\/21980\/revisions"}],"wp:attachment":[{"href":"https:\/\/arches-papers.com\/it\/wp-json\/wp\/v2\/media?parent=21980"}],"wp:term":[{"taxonomy":"post_tag","embeddable":true,"href":"https:\/\/arches-papers.com\/it\/wp-json\/wp\/v2\/tags?post=21980"}],"curies":[{"name":"wp","href":"https:\/\/api.w.org\/{rel}","templated":true}]}}