{"id":29041,"date":"2021-02-02T08:24:55","date_gmt":"2021-02-02T07:24:55","guid":{"rendered":"https:\/\/arches-papers.com\/?page_id=29041"},"modified":"2026-04-01T18:18:09","modified_gmt":"2026-04-01T16:18:09","slug":"stampa-digitale","status":"publish","type":"page","link":"https:\/\/arches-papers.com\/it\/la-gamma-della-carta-arches\/stampa-darte-fotografica-arches\/stampa-digitale\/","title":{"rendered":"Stampa digitale"},"content":{"rendered":"<div class=\"wpb-content-wrapper\"><p>[vc_row][vc_column width=&#8221;1\/4&#8243;][\/vc_column][vc_column width=&#8221;1\/2&#8243;][vc_column_text el_class=&#8221;justify&#8221;]ARCHES\u00ae propone una gamma di carta dedicata alla stampa digitale, realizzate interamente in Francia.<\/p>\n<p>Lo strato ricettivo, una tecnologia innovativa appositamente sviluppata da ARCHES\u00ae per questa gamma, consente di ottenere immagini con uno spazio colorimetrico eccezionale, eccellenti contrasti e una grande luminosit\u00e0. Questa carta, la pi\u00f9 bianca del mercato, senza azzurranti ottici, d\u00e0 un rendering lussuoso e un carattere unico per offrire a fotografi, artisti e tipografi la possibilit\u00e0 di creare opere di qualit\u00e0 belle arti su un\u2019autentica carta ARCHES\u00ae.[\/vc_column_text][vc_empty_space][vc_column_text]<\/p>\n<h4><a href=\"\/?page_id=31584\">Scopri qui come creare le tue stampe in edizione limitata sulle nuove carte per belle arti digitali ARCHES\u00ae<\/a><\/h4>\n<p>[\/vc_column_text][\/vc_column][vc_column width=&#8221;1\/4&#8243;][\/vc_column][\/vc_row][vc_row][vc_column][vc_column_text][\/vc_column_text][\/vc_column][\/vc_row][vc_row][vc_column]<style>.ld_spacer_6a0343f54866d{height:32px;}<\/style>\n<div class=\"ld-empty-space ld_spacer_6a0343f54866d\"><span class=\"liquid_empty_space_inner\"><\/span><\/div>[\/vc_column][\/vc_row][vc_row][vc_column width=&#8221;1\/2&#8243;][vc_hoverbox image=&#8221;29263&#8243; primary_title=&#8221;&#8221; hover_title=&#8221;ARCHES\u00ae 88&#8243; shape=&#8221;square&#8221; hover_background_color=&#8221;custom&#8221; hover_btn_title=&#8221;&#8221; css_animation=&#8221;fadeInUp&#8221; hover_add_button=&#8221;true&#8221; hover_custom_background=&#8221;rgba(0,0,0,0.3)&#8221; hover_btn_link=&#8221;url:https%3A%2F%2Farches-papers.com%2Fit%2Fla-gamma-della-carta-arches%2Fstampa-darte-fotografica-arches%2Fstampa-digitale%2Farches-88-stampa-digitale%2F|title:ARCHES%C2%AE%2088&#8243; el_class=&#8221;prj-link&#8221;][\/vc_hoverbox][vc_column_text]\u00a9Rocco Ancora[\/vc_column_text][\/vc_column][vc_column width=&#8221;1\/2&#8243;]<style>.ld_spacer_6a0343f548739{height:50px;}<\/style>\n<div class=\"ld-empty-space ld_spacer_6a0343f548739\"><span class=\"liquid_empty_space_inner\"><\/span><\/div><style>.ld_spacer_6a0343f54878c{height:50px;}<\/style>\n<div class=\"ld-empty-space ld_spacer_6a0343f54878c\"><span class=\"liquid_empty_space_inner\"><\/span><\/div>[vc_hoverbox image=&#8221;29270&#8243; primary_title=&#8221;&#8221; hover_title=&#8221;ARCHES\u00ae BFK RIVES\u00ae Pure White&#8221; shape=&#8221;square&#8221; hover_background_color=&#8221;custom&#8221; hover_btn_title=&#8221;&#8221; css_animation=&#8221;fadeInUp&#8221; hover_add_button=&#8221;true&#8221; hover_custom_background=&#8221;rgba(0,0,0,0.3)&#8221; hover_btn_link=&#8221;url:https%3A%2F%2Farches-papers.com%2Fit%2Fla-gamma-della-carta-arches%2Fstampa-darte-fotografica-arches%2Fstampa-digitale%2Farches-bfk-rives-pure-white-stampa-digitale%2F|title:ARCHES%C2%AE%20BFK%20RIVES%C2%AE%20Pure%20White&#8221; el_class=&#8221;prj-link&#8221;][\/vc_hoverbox][vc_column_text]\u00a9Erlend Mikael Saeverud[\/vc_column_text][\/vc_column][\/vc_row][vc_row][vc_column width=&#8221;1\/2&#8243;][vc_hoverbox image=&#8221;29277&#8243; primary_title=&#8221;&#8221; hover_title=&#8221;ARCHES\u00ae BFK RIVES\u00ae White&#8221; shape=&#8221;square&#8221; hover_background_color=&#8221;custom&#8221; hover_btn_title=&#8221;&#8221; css_animation=&#8221;fadeInUp&#8221; hover_add_button=&#8221;true&#8221; hover_custom_background=&#8221;rgba(0,0,0,0.3)&#8221; hover_btn_link=&#8221;url:https%3A%2F%2Farches-papers.com%2Fit%2Fla-gamma-della-carta-arches%2Fstampa-darte-fotografica-arches%2Fstampa-digitale%2Farches-bfk-rives-white-stampa-digitale%2F|title:ARCHES%C2%AE%20BFK%20RIVES%C2%AE%20White&#8221; el_class=&#8221;prj-link&#8221;][\/vc_hoverbox][vc_column_text]\u00a9Rocco Ancora[\/vc_column_text][\/vc_column][vc_column width=&#8221;1\/2&#8243;]<style>.ld_spacer_6a0343f5487d4{height:50px;}<\/style>\n<div class=\"ld-empty-space ld_spacer_6a0343f5487d4\"><span class=\"liquid_empty_space_inner\"><\/span><\/div><style>.ld_spacer_6a0343f54881a{height:50px;}<\/style>\n<div class=\"ld-empty-space ld_spacer_6a0343f54881a\"><span class=\"liquid_empty_space_inner\"><\/span><\/div>[vc_hoverbox image=&#8221;29256&#8243; primary_title=&#8221;&#8221; hover_title=&#8221;ARCHES\u00ae AQUARELLE RAG&#8221; shape=&#8221;square&#8221; hover_background_color=&#8221;custom&#8221; hover_btn_title=&#8221;&#8221; css_animation=&#8221;fadeInUp&#8221; hover_add_button=&#8221;true&#8221; hover_custom_background=&#8221;rgba(0,0,0,0.3)&#8221; hover_btn_link=&#8221;url:https%3A%2F%2Farches-papers.com%2Fit%2Fla-gamma-della-carta-arches%2Fstampa-darte-fotografica-arches%2Fstampa-digitale%2Farches-aquarelle-rag-stampa-digitale%2F|title:ARCHES%C2%AE%20AQUARELLE%20RAG&#8221; el_class=&#8221;prj-link&#8221;][\/vc_hoverbox][vc_column_text]\u00a9Chris Ceaser[\/vc_column_text][\/vc_column][\/vc_row][vc_row][vc_column width=&#8221;1\/2&#8243;][vc_hoverbox image=&#8221;29893&#8243; primary_title=&#8221;&#8221; hover_title=&#8221;KIT DI SCOPERTA&#8221; hover_title_font_container=&#8221;color:%23dd3333&#8243; shape=&#8221;square&#8221; hover_background_color=&#8221;custom&#8221; hover_btn_title=&#8221;&#8221; css_animation=&#8221;fadeInUp&#8221; use_custom_fonts_hover_title=&#8221;true&#8221; hover_add_button=&#8221;true&#8221; hover_btn_link=&#8221;url:https%3A%2F%2Farches-papers.com%2Fit%2Fla-gamma-della-carta-arches%2Fstampa-darte-fotografica-arches%2Fstampa-digitale%2Fkit-di-scoperta-stampa-digitale%2F|title:KIT%20DI%20SCOPERTA&#8221; el_class=&#8221;prj-link&#8221; hover_custom_background=&#8221;rgba(255,255,255,0.2)&#8221; hover_title_link=&#8221;url:https%3A%2F%2Farches-papers.com%2Fit%2Fla-gamma-della-carta-arches%2Fstampa-darte-fotografica-arches%2Fstampa-digitale%2Fkit-di-scoperta-stampa-digitale%2F|title:KIT%20DI%20SCOPERTA%20(STAMPA%20DIGITALE)&#8221;][\/vc_hoverbox][\/vc_column][vc_column width=&#8221;1\/2&#8243;]<style>.ld_spacer_6a0343f54885c{height:50px;}<\/style>\n<div class=\"ld-empty-space ld_spacer_6a0343f54885c\"><span class=\"liquid_empty_space_inner\"><\/span><\/div><style>.ld_spacer_6a0343f548899{height:50px;}<\/style>\n<div class=\"ld-empty-space ld_spacer_6a0343f548899\"><span class=\"liquid_empty_space_inner\"><\/span><\/div>[\/vc_column][\/vc_row][vc_row][vc_column]<style>.ld_spacer_6a0343f5488d5{height:32px;}<\/style>\n<div class=\"ld-empty-space ld_spacer_6a0343f5488d5\"><span class=\"liquid_empty_space_inner\"><\/span><\/div>[\/vc_column][\/vc_row]<\/p>\n<\/div>","protected":false},"excerpt":{"rendered":"[vc_row][vc_column width=&#8221;1\/4&#8243;][\/vc_column][vc_column width=&#8221;1\/2&#8243;][vc_column_text el_class=&#8221;justify&#8221;]ARCHES\u00ae propone una gamma di carta dedicata alla stampa digitale, realizzate interamente&#8230;","protected":false},"author":17,"featured_media":0,"parent":29179,"menu_order":8,"comment_status":"closed","ping_status":"closed","template":"","meta":{"footnotes":""},"tags":[],"class_list":["post-29041","page","type-page","status-publish","hentry"],"yoast_head":"<!-- This site is optimized with the Yoast SEO plugin v27.1.1 - https:\/\/yoast.com\/product\/yoast-seo-wordpress\/ -->\n<title>Stampa digitale - Arches Papers<\/title>\n<meta name=\"description\" content=\"ARCHES\u00ae propone una gamma di carta dedicata alla stampa digitale.Lo strato ricettivo, una tecnologia innovativa appositamente sviluppata da ARCHES\u00ae.\" \/>\n<meta name=\"robots\" content=\"noindex, nofollow\" \/>\n<meta property=\"og:locale\" content=\"it_IT\" \/>\n<meta property=\"og:type\" content=\"article\" \/>\n<meta property=\"og:title\" content=\"Stampa digitale - Arches Papers\" \/>\n<meta property=\"og:description\" content=\"ARCHES\u00ae propone una gamma di carta dedicata alla stampa digitale.Lo strato ricettivo, una tecnologia innovativa appositamente sviluppata da ARCHES\u00ae.\" \/>\n<meta property=\"og:url\" content=\"https:\/\/arches-papers.com\/it\/la-gamma-della-carta-arches\/stampa-darte-fotografica-arches\/stampa-digitale\/\" \/>\n<meta property=\"og:site_name\" content=\"Arches Papers\" \/>\n<meta property=\"article:modified_time\" content=\"2026-04-01T16:18:09+00:00\" \/>\n<meta name=\"twitter:card\" content=\"summary_large_image\" \/>\n<meta name=\"twitter:label1\" content=\"Tempo di lettura stimato\" \/>\n\t<meta name=\"twitter:data1\" content=\"2 minuti\" \/>\n<script type=\"application\/ld+json\" class=\"yoast-schema-graph\">{\"@context\":\"https:\/\/schema.org\",\"@graph\":[{\"@type\":\"WebPage\",\"@id\":\"https:\/\/arches-papers.com\/it\/la-gamma-della-carta-arches\/stampa-darte-fotografica-arches\/stampa-digitale\/\",\"url\":\"https:\/\/arches-papers.com\/it\/la-gamma-della-carta-arches\/stampa-darte-fotografica-arches\/stampa-digitale\/\",\"name\":\"Stampa digitale - Arches Papers\",\"isPartOf\":{\"@id\":\"https:\/\/arches-papers.com\/it\/#website\"},\"datePublished\":\"2021-02-02T07:24:55+00:00\",\"dateModified\":\"2026-04-01T16:18:09+00:00\",\"description\":\"ARCHES\u00ae propone una gamma di carta dedicata alla stampa digitale.Lo strato ricettivo, una tecnologia innovativa appositamente sviluppata da ARCHES\u00ae.\",\"breadcrumb\":{\"@id\":\"https:\/\/arches-papers.com\/it\/la-gamma-della-carta-arches\/stampa-darte-fotografica-arches\/stampa-digitale\/#breadcrumb\"},\"inLanguage\":\"it-IT\",\"potentialAction\":[{\"@type\":\"ReadAction\",\"target\":[\"https:\/\/arches-papers.com\/it\/la-gamma-della-carta-arches\/stampa-darte-fotografica-arches\/stampa-digitale\/\"]}]},{\"@type\":\"BreadcrumbList\",\"@id\":\"https:\/\/arches-papers.com\/it\/la-gamma-della-carta-arches\/stampa-darte-fotografica-arches\/stampa-digitale\/#breadcrumb\",\"itemListElement\":[{\"@type\":\"ListItem\",\"position\":1,\"name\":\"Accueil\",\"item\":\"https:\/\/arches-papers.com\/it\/\"},{\"@type\":\"ListItem\",\"position\":2,\"name\":\"LA GAMMA DELLA CARTA ARCHES\u00ae\",\"item\":\"https:\/\/arches-papers.com\/it\/la-gamma-della-carta-arches\/\"},{\"@type\":\"ListItem\",\"position\":3,\"name\":\"STAMPA D\u2019ARTE FOTOGRAFICA\",\"item\":\"https:\/\/arches-papers.com\/it\/la-gamma-della-carta-arches\/stampa-darte-fotografica-arches\/\"},{\"@type\":\"ListItem\",\"position\":4,\"name\":\"Stampa digitale\"}]},{\"@type\":\"WebSite\",\"@id\":\"https:\/\/arches-papers.com\/it\/#website\",\"url\":\"https:\/\/arches-papers.com\/it\/\",\"name\":\"Arches Papers\",\"description\":\"Fabricant de papier\",\"potentialAction\":[{\"@type\":\"SearchAction\",\"target\":{\"@type\":\"EntryPoint\",\"urlTemplate\":\"https:\/\/arches-papers.com\/it\/?s={search_term_string}\"},\"query-input\":{\"@type\":\"PropertyValueSpecification\",\"valueRequired\":true,\"valueName\":\"search_term_string\"}}],\"inLanguage\":\"it-IT\"}]}<\/script>\n<!-- \/ Yoast SEO plugin. -->","yoast_head_json":{"title":"Stampa digitale - Arches Papers","description":"ARCHES\u00ae propone una gamma di carta dedicata alla stampa digitale.Lo strato ricettivo, una tecnologia innovativa appositamente sviluppata da ARCHES\u00ae.","robots":{"index":"noindex","follow":"nofollow"},"og_locale":"it_IT","og_type":"article","og_title":"Stampa digitale - Arches Papers","og_description":"ARCHES\u00ae propone una gamma di carta dedicata alla stampa digitale.Lo strato ricettivo, una tecnologia innovativa appositamente sviluppata da ARCHES\u00ae.","og_url":"https:\/\/arches-papers.com\/it\/la-gamma-della-carta-arches\/stampa-darte-fotografica-arches\/stampa-digitale\/","og_site_name":"Arches Papers","article_modified_time":"2026-04-01T16:18:09+00:00","twitter_card":"summary_large_image","twitter_misc":{"Tempo di lettura stimato":"2 minuti"},"schema":{"@context":"https:\/\/schema.org","@graph":[{"@type":"WebPage","@id":"https:\/\/arches-papers.com\/it\/la-gamma-della-carta-arches\/stampa-darte-fotografica-arches\/stampa-digitale\/","url":"https:\/\/arches-papers.com\/it\/la-gamma-della-carta-arches\/stampa-darte-fotografica-arches\/stampa-digitale\/","name":"Stampa digitale - Arches Papers","isPartOf":{"@id":"https:\/\/arches-papers.com\/it\/#website"},"datePublished":"2021-02-02T07:24:55+00:00","dateModified":"2026-04-01T16:18:09+00:00","description":"ARCHES\u00ae propone una gamma di carta dedicata alla stampa digitale.Lo strato ricettivo, una tecnologia innovativa appositamente sviluppata da ARCHES\u00ae.","breadcrumb":{"@id":"https:\/\/arches-papers.com\/it\/la-gamma-della-carta-arches\/stampa-darte-fotografica-arches\/stampa-digitale\/#breadcrumb"},"inLanguage":"it-IT","potentialAction":[{"@type":"ReadAction","target":["https:\/\/arches-papers.com\/it\/la-gamma-della-carta-arches\/stampa-darte-fotografica-arches\/stampa-digitale\/"]}]},{"@type":"BreadcrumbList","@id":"https:\/\/arches-papers.com\/it\/la-gamma-della-carta-arches\/stampa-darte-fotografica-arches\/stampa-digitale\/#breadcrumb","itemListElement":[{"@type":"ListItem","position":1,"name":"Accueil","item":"https:\/\/arches-papers.com\/it\/"},{"@type":"ListItem","position":2,"name":"LA GAMMA DELLA CARTA ARCHES\u00ae","item":"https:\/\/arches-papers.com\/it\/la-gamma-della-carta-arches\/"},{"@type":"ListItem","position":3,"name":"STAMPA D\u2019ARTE FOTOGRAFICA","item":"https:\/\/arches-papers.com\/it\/la-gamma-della-carta-arches\/stampa-darte-fotografica-arches\/"},{"@type":"ListItem","position":4,"name":"Stampa digitale"}]},{"@type":"WebSite","@id":"https:\/\/arches-papers.com\/it\/#website","url":"https:\/\/arches-papers.com\/it\/","name":"Arches Papers","description":"Fabricant de papier","potentialAction":[{"@type":"SearchAction","target":{"@type":"EntryPoint","urlTemplate":"https:\/\/arches-papers.com\/it\/?s={search_term_string}"},"query-input":{"@type":"PropertyValueSpecification","valueRequired":true,"valueName":"search_term_string"}}],"inLanguage":"it-IT"}]}},"_links":{"self":[{"href":"https:\/\/arches-papers.com\/it\/wp-json\/wp\/v2\/pages\/29041","targetHints":{"allow":["GET"]}}],"collection":[{"href":"https:\/\/arches-papers.com\/it\/wp-json\/wp\/v2\/pages"}],"about":[{"href":"https:\/\/arches-papers.com\/it\/wp-json\/wp\/v2\/types\/page"}],"author":[{"embeddable":true,"href":"https:\/\/arches-papers.com\/it\/wp-json\/wp\/v2\/users\/17"}],"replies":[{"embeddable":true,"href":"https:\/\/arches-papers.com\/it\/wp-json\/wp\/v2\/comments?post=29041"}],"version-history":[{"count":5,"href":"https:\/\/arches-papers.com\/it\/wp-json\/wp\/v2\/pages\/29041\/revisions"}],"predecessor-version":[{"id":55878,"href":"https:\/\/arches-papers.com\/it\/wp-json\/wp\/v2\/pages\/29041\/revisions\/55878"}],"up":[{"embeddable":true,"href":"https:\/\/arches-papers.com\/it\/wp-json\/wp\/v2\/pages\/29179"}],"wp:attachment":[{"href":"https:\/\/arches-papers.com\/it\/wp-json\/wp\/v2\/media?parent=29041"}],"wp:term":[{"taxonomy":"post_tag","embeddable":true,"href":"https:\/\/arches-papers.com\/it\/wp-json\/wp\/v2\/tags?post=29041"}],"curies":[{"name":"wp","href":"https:\/\/api.w.org\/{rel}","templated":true}]}}