{"id":29166,"date":"2021-02-02T08:22:32","date_gmt":"2021-02-02T07:22:32","guid":{"rendered":"https:\/\/arches-papers.com\/?page_id=29166"},"modified":"2026-04-01T18:19:20","modified_gmt":"2026-04-01T16:19:20","slug":"procedimenti-alternativi","status":"publish","type":"page","link":"https:\/\/arches-papers.com\/it\/la-gamma-della-carta-arches\/stampa-darte-fotografica-arches\/procedimenti-alternativi\/","title":{"rendered":"Procedimenti alternativi"},"content":{"rendered":"<div class=\"wpb-content-wrapper\"><p>[vc_row][vc_column width=&#8221;1\/4&#8243;][\/vc_column][vc_column width=&#8221;1\/2&#8243;][vc_column_text el_class=&#8221;justify&#8221;]La carta dedicata alla tiratura fotografica al platino, palladio e ai cianotipi.<\/p>\n<p>Una stampa al platino ha una gamma di grigi pi\u00f9 ampia. Riproduce pi\u00f9 dettagli del negativo che una stampa argentica, portando pi\u00f9 sfumature e profondit\u00e0 all&#8217;immagine.<br \/>\nQuesta tecnica, apprezzata dai fotografi della \u00ab Photo-Secession \u00bb, maestri moderni come Paul Strand o Joseph Sudek, viene ripresa negli anni Ottanta da Irving Penn, produce stampe poco fragili, la cui superficie non si rompe, la cui immagine non passa alla luce del sole, un&#8217;opera d&#8217;arte che resiste alla prova del tempo.[\/vc_column_text][\/vc_column][vc_column width=&#8221;1\/4&#8243;][\/vc_column][\/vc_row][vc_row][vc_column]<style>.ld_spacer_6a0144e464efc{height:32px;}<\/style>\n<div class=\"ld-empty-space ld_spacer_6a0144e464efc\"><span class=\"liquid_empty_space_inner\"><\/span><\/div>[\/vc_column][\/vc_row][vc_row][vc_column width=&#8221;1\/4&#8243;][\/vc_column][vc_column width=&#8221;1\/2&#8243;][vc_hoverbox image=&#8221;16895&#8243; primary_title=&#8221;&#8221; hover_title=&#8221;ARCHES\u00ae Platine&#8221; shape=&#8221;square&#8221; hover_background_color=&#8221;custom&#8221; hover_btn_title=&#8221;&#8221; css_animation=&#8221;fadeInUp&#8221; hover_add_button=&#8221;true&#8221; hover_custom_background=&#8221;rgba(0,0,0,0.3)&#8221; hover_btn_link=&#8221;url:https%3A%2F%2Farches-papers.com%2Fit%2Fla-gamma-della-carta-arches%2Fstampa-darte-fotografica-arches%2Fprocedimenti-alternativi%2Farches-platine%2F|title:ARCHES%C2%AE%20Platine&#8221; el_class=&#8221;prj-link&#8221;][\/vc_hoverbox][\/vc_column][vc_column width=&#8221;1\/4&#8243;][\/vc_column][\/vc_row][vc_row][vc_column]<style>.ld_spacer_6a0144e464fab{height:32px;}<\/style>\n<div class=\"ld-empty-space ld_spacer_6a0144e464fab\"><span class=\"liquid_empty_space_inner\"><\/span><\/div>[\/vc_column][\/vc_row]<\/p>\n<\/div>","protected":false},"excerpt":{"rendered":"[vc_row][vc_column width=&#8221;1\/4&#8243;][\/vc_column][vc_column width=&#8221;1\/2&#8243;][vc_column_text el_class=&#8221;justify&#8221;]La carta dedicata alla tiratura fotografica al platino, palladio e ai cianotipi&#8230;.","protected":false},"author":17,"featured_media":0,"parent":29179,"menu_order":7,"comment_status":"closed","ping_status":"closed","template":"","meta":{"footnotes":""},"tags":[],"class_list":["post-29166","page","type-page","status-publish","hentry"],"yoast_head":"<!-- This site is optimized with the Yoast SEO plugin v27.1.1 - https:\/\/yoast.com\/product\/yoast-seo-wordpress\/ -->\n<title>Procedimenti alternativi - Arches Papers<\/title>\n<meta name=\"description\" content=\"ARCHES\u00ae Platine: La carta dedicata alla tiratura fotografica al platino, palladio e ai cianotipi (procedimenti alternativi).\" \/>\n<meta name=\"robots\" content=\"index, follow, max-snippet:-1, max-image-preview:large, max-video-preview:-1\" \/>\n<link rel=\"canonical\" href=\"https:\/\/arches-papers.com\/it\/la-gamma-della-carta-arches\/stampa-darte-fotografica-arches\/procedimenti-alternativi\/\" \/>\n<meta property=\"og:locale\" content=\"it_IT\" \/>\n<meta property=\"og:type\" content=\"article\" \/>\n<meta property=\"og:title\" content=\"Procedimenti alternativi - Arches Papers\" \/>\n<meta property=\"og:description\" content=\"ARCHES\u00ae Platine: La carta dedicata alla tiratura fotografica al platino, palladio e ai cianotipi (procedimenti alternativi).\" \/>\n<meta property=\"og:url\" content=\"https:\/\/arches-papers.com\/it\/la-gamma-della-carta-arches\/stampa-darte-fotografica-arches\/procedimenti-alternativi\/\" \/>\n<meta property=\"og:site_name\" content=\"Arches Papers\" \/>\n<meta property=\"article:modified_time\" content=\"2026-04-01T16:19:20+00:00\" \/>\n<meta name=\"twitter:card\" content=\"summary_large_image\" \/>\n<meta name=\"twitter:label1\" content=\"Tempo di lettura stimato\" \/>\n\t<meta name=\"twitter:data1\" content=\"1 minuto\" \/>\n<script type=\"application\/ld+json\" class=\"yoast-schema-graph\">{\"@context\":\"https:\/\/schema.org\",\"@graph\":[{\"@type\":\"WebPage\",\"@id\":\"https:\/\/arches-papers.com\/it\/la-gamma-della-carta-arches\/stampa-darte-fotografica-arches\/procedimenti-alternativi\/\",\"url\":\"https:\/\/arches-papers.com\/it\/la-gamma-della-carta-arches\/stampa-darte-fotografica-arches\/procedimenti-alternativi\/\",\"name\":\"Procedimenti alternativi - Arches Papers\",\"isPartOf\":{\"@id\":\"https:\/\/arches-papers.com\/it\/#website\"},\"datePublished\":\"2021-02-02T07:22:32+00:00\",\"dateModified\":\"2026-04-01T16:19:20+00:00\",\"description\":\"ARCHES\u00ae Platine: La carta dedicata alla tiratura fotografica al platino, palladio e ai cianotipi (procedimenti alternativi).\",\"breadcrumb\":{\"@id\":\"https:\/\/arches-papers.com\/it\/la-gamma-della-carta-arches\/stampa-darte-fotografica-arches\/procedimenti-alternativi\/#breadcrumb\"},\"inLanguage\":\"it-IT\",\"potentialAction\":[{\"@type\":\"ReadAction\",\"target\":[\"https:\/\/arches-papers.com\/it\/la-gamma-della-carta-arches\/stampa-darte-fotografica-arches\/procedimenti-alternativi\/\"]}]},{\"@type\":\"BreadcrumbList\",\"@id\":\"https:\/\/arches-papers.com\/it\/la-gamma-della-carta-arches\/stampa-darte-fotografica-arches\/procedimenti-alternativi\/#breadcrumb\",\"itemListElement\":[{\"@type\":\"ListItem\",\"position\":1,\"name\":\"Accueil\",\"item\":\"https:\/\/arches-papers.com\/it\/\"},{\"@type\":\"ListItem\",\"position\":2,\"name\":\"LA GAMMA DELLA CARTA ARCHES\u00ae\",\"item\":\"https:\/\/arches-papers.com\/it\/la-gamma-della-carta-arches\/\"},{\"@type\":\"ListItem\",\"position\":3,\"name\":\"STAMPA D\u2019ARTE FOTOGRAFICA\",\"item\":\"https:\/\/arches-papers.com\/it\/la-gamma-della-carta-arches\/stampa-darte-fotografica-arches\/\"},{\"@type\":\"ListItem\",\"position\":4,\"name\":\"Procedimenti alternativi\"}]},{\"@type\":\"WebSite\",\"@id\":\"https:\/\/arches-papers.com\/it\/#website\",\"url\":\"https:\/\/arches-papers.com\/it\/\",\"name\":\"Arches Papers\",\"description\":\"Fabricant de papier\",\"potentialAction\":[{\"@type\":\"SearchAction\",\"target\":{\"@type\":\"EntryPoint\",\"urlTemplate\":\"https:\/\/arches-papers.com\/it\/?s={search_term_string}\"},\"query-input\":{\"@type\":\"PropertyValueSpecification\",\"valueRequired\":true,\"valueName\":\"search_term_string\"}}],\"inLanguage\":\"it-IT\"}]}<\/script>\n<!-- \/ Yoast SEO plugin. -->","yoast_head_json":{"title":"Procedimenti alternativi - Arches Papers","description":"ARCHES\u00ae Platine: La carta dedicata alla tiratura fotografica al platino, palladio e ai cianotipi (procedimenti alternativi).","robots":{"index":"index","follow":"follow","max-snippet":"max-snippet:-1","max-image-preview":"max-image-preview:large","max-video-preview":"max-video-preview:-1"},"canonical":"https:\/\/arches-papers.com\/it\/la-gamma-della-carta-arches\/stampa-darte-fotografica-arches\/procedimenti-alternativi\/","og_locale":"it_IT","og_type":"article","og_title":"Procedimenti alternativi - Arches Papers","og_description":"ARCHES\u00ae Platine: La carta dedicata alla tiratura fotografica al platino, palladio e ai cianotipi (procedimenti alternativi).","og_url":"https:\/\/arches-papers.com\/it\/la-gamma-della-carta-arches\/stampa-darte-fotografica-arches\/procedimenti-alternativi\/","og_site_name":"Arches Papers","article_modified_time":"2026-04-01T16:19:20+00:00","twitter_card":"summary_large_image","twitter_misc":{"Tempo di lettura stimato":"1 minuto"},"schema":{"@context":"https:\/\/schema.org","@graph":[{"@type":"WebPage","@id":"https:\/\/arches-papers.com\/it\/la-gamma-della-carta-arches\/stampa-darte-fotografica-arches\/procedimenti-alternativi\/","url":"https:\/\/arches-papers.com\/it\/la-gamma-della-carta-arches\/stampa-darte-fotografica-arches\/procedimenti-alternativi\/","name":"Procedimenti alternativi - Arches Papers","isPartOf":{"@id":"https:\/\/arches-papers.com\/it\/#website"},"datePublished":"2021-02-02T07:22:32+00:00","dateModified":"2026-04-01T16:19:20+00:00","description":"ARCHES\u00ae Platine: La carta dedicata alla tiratura fotografica al platino, palladio e ai cianotipi (procedimenti alternativi).","breadcrumb":{"@id":"https:\/\/arches-papers.com\/it\/la-gamma-della-carta-arches\/stampa-darte-fotografica-arches\/procedimenti-alternativi\/#breadcrumb"},"inLanguage":"it-IT","potentialAction":[{"@type":"ReadAction","target":["https:\/\/arches-papers.com\/it\/la-gamma-della-carta-arches\/stampa-darte-fotografica-arches\/procedimenti-alternativi\/"]}]},{"@type":"BreadcrumbList","@id":"https:\/\/arches-papers.com\/it\/la-gamma-della-carta-arches\/stampa-darte-fotografica-arches\/procedimenti-alternativi\/#breadcrumb","itemListElement":[{"@type":"ListItem","position":1,"name":"Accueil","item":"https:\/\/arches-papers.com\/it\/"},{"@type":"ListItem","position":2,"name":"LA GAMMA DELLA CARTA ARCHES\u00ae","item":"https:\/\/arches-papers.com\/it\/la-gamma-della-carta-arches\/"},{"@type":"ListItem","position":3,"name":"STAMPA D\u2019ARTE FOTOGRAFICA","item":"https:\/\/arches-papers.com\/it\/la-gamma-della-carta-arches\/stampa-darte-fotografica-arches\/"},{"@type":"ListItem","position":4,"name":"Procedimenti alternativi"}]},{"@type":"WebSite","@id":"https:\/\/arches-papers.com\/it\/#website","url":"https:\/\/arches-papers.com\/it\/","name":"Arches Papers","description":"Fabricant de papier","potentialAction":[{"@type":"SearchAction","target":{"@type":"EntryPoint","urlTemplate":"https:\/\/arches-papers.com\/it\/?s={search_term_string}"},"query-input":{"@type":"PropertyValueSpecification","valueRequired":true,"valueName":"search_term_string"}}],"inLanguage":"it-IT"}]}},"_links":{"self":[{"href":"https:\/\/arches-papers.com\/it\/wp-json\/wp\/v2\/pages\/29166","targetHints":{"allow":["GET"]}}],"collection":[{"href":"https:\/\/arches-papers.com\/it\/wp-json\/wp\/v2\/pages"}],"about":[{"href":"https:\/\/arches-papers.com\/it\/wp-json\/wp\/v2\/types\/page"}],"author":[{"embeddable":true,"href":"https:\/\/arches-papers.com\/it\/wp-json\/wp\/v2\/users\/17"}],"replies":[{"embeddable":true,"href":"https:\/\/arches-papers.com\/it\/wp-json\/wp\/v2\/comments?post=29166"}],"version-history":[{"count":1,"href":"https:\/\/arches-papers.com\/it\/wp-json\/wp\/v2\/pages\/29166\/revisions"}],"predecessor-version":[{"id":55879,"href":"https:\/\/arches-papers.com\/it\/wp-json\/wp\/v2\/pages\/29166\/revisions\/55879"}],"up":[{"embeddable":true,"href":"https:\/\/arches-papers.com\/it\/wp-json\/wp\/v2\/pages\/29179"}],"wp:attachment":[{"href":"https:\/\/arches-papers.com\/it\/wp-json\/wp\/v2\/media?parent=29166"}],"wp:term":[{"taxonomy":"post_tag","embeddable":true,"href":"https:\/\/arches-papers.com\/it\/wp-json\/wp\/v2\/tags?post=29166"}],"curies":[{"name":"wp","href":"https:\/\/api.w.org\/{rel}","templated":true}]}}