{"id":21982,"date":"2020-08-06T10:12:59","date_gmt":"2020-08-06T08:12:59","guid":{"rendered":"https:\/\/arches-papers.com\/?page_id=21982"},"modified":"2020-08-06T10:12:59","modified_gmt":"2020-08-06T08:12:59","slug":"sezione-privacy-sito-web","status":"publish","type":"page","link":"https:\/\/arches-papers.com\/ja\/sezione-privacy-sito-web\/","title":{"rendered":"SEZIONE PRIVACY SITO WEB"},"content":{"rendered":"<p><strong>PRIVACY POLICY<\/strong><\/p>\n<p>La presente Privacy Policy ha lo scopo di descrivere le modalit\u00e0 di gestione di questo sito, in riferimento al trattamento dei dati personali degli utenti\/visitatori che lo consultano.<\/p>\n<p>Si tratta di un\u2019informativa che \u00e8 resa ai sensi degli artt. 13 e 14 del Regolamento UE 2016\/679, a coloro che si collegano al sito istituzionale di FILA-ARCHES sas, all\u2019indirizzo arches-papers.com.<\/p>\n<p>L\u2019informativa \u00e8 resa soltanto per il sito sopra, ma non per altri siti di terze parti eventualmente consultati dall\u2019utente tramite link.<\/p>\n<p>FILA-ARCHES sas garantisce il rispetto normative nazionali ed internazionali in materia di protezione dei dati personali (Regolamento UE 2016\/679, D.Lgs 196\/2003, ecc.).<\/p>\n<p>Gli utenti\/visitatori dovranno leggere attentamente la presente Privacy Policy prima di inoltrare qualsiasi tipo di informazione personale e\/o compilare qualunque modulo elettronico presente sul sito stesso.<\/p>\n<p><strong>Finalit\u00e0 del trattamento<\/strong><\/p>\n<p>Di seguito sono indicate le finalit\u00e0 del trattamento dei dati personali, cio\u00e8 quelli conferiti direttamente dagli utenti mediante la compilazione dei moduli on-line, oppure attraverso l\u2019utilizzo dei social network, ovvero quelli acquisiti automaticamente durante la navigazione.<\/p>\n<p>Potranno essere fornite ulteriori informative specifiche, legate a singole operazioni che comportino il conferimento di diversi dati personali, pubblicate di volta in volta sul sito (es. in caso di eventi speciali, concorsi, ecc.).<\/p>\n<ul>\n<li>migliorare e personalizzare l\u2019esperienza degli utenti sul sito<\/li>\n<li>consentire la registrazione sul sito, qualora sia necessaria per accedere a particolari sezioni del sito stesso e per erogare e gestire i vari servizi offerti;<\/li>\n<li>consentire agli utenti di pubblicare propri contenuti direttamente sul sito, ovvero su siti gestiti autonomamente da terze parti con le quali eventualmente FILA-ARCHES sas abbia definito accordi in tal senso, quali, a titolo esemplificativo e non esaustivo, social network quali Facebook, Twitter, ecc. (di seguito \u201cSocial Network\u201d)<\/li>\n<li>previo consenso, effettuare attivit\u00e0 di marketing quali l\u2019invio di materiale promozionale e pubblicitario di FILA-ARCHES sas anche a mezzo di e-mail, mms e sms;<\/li>\n<li>rispondere alle richieste degli utenti sui prodotti \/ servizi di FILA-ARCHES sas<\/li>\n<\/ul>\n<p><strong>\u00a0<\/strong><\/p>\n<p><strong>Tipologia e fonte dei dati trattati<\/strong><\/p>\n<p><em>1) Dati di navigazione<\/em><\/p>\n<p>In linea di massima, \u00e8 possibile navigare nel sito senza dover fornire alcun dato personale. Il sito \u00e8 diviso in distinte sezioni, alcune delle quali possono richiedere l\u2019inserimento di dati mentre per altre non \u00e8 necessario.<\/p>\n<p>I sistemi informatici e le procedure software preposte al funzionamento di questo sito acquisiscono, nel normale esercizio, alcuni dati personali che vengono poi trasmessi implicitamente nell\u2019uso dei protocolli di comunicazione Internet.<\/p>\n<p>Si tratta di informazioni che per loro natura potrebbero, mediante associazioni ed elaborazioni con dati detenuti da terzi, permettere di identificare gli utenti\/visitatori (ad es. indirizzo IP, nomi di domini dei computer utilizzati dagli utenti\/visitatori che si collegano al sito, ecc.).<\/p>\n<p>Questi dati vengono utilizzati principalmente per informazioni di tipo statistico, per controllare il corretto funzionamento del sito e per rendere pi\u00f9 efficiente la navigazione.<\/p>\n<p>I dati sui contatti web non vengono conservati dopo la loro elaborazione, salvo per eventuali accertamenti di reati informatici ai danni del sito.<\/p>\n<p>Nessun dato derivante dal servizio web verr\u00e0 comunicato o diffuso.<\/p>\n<p>Per maggiori dettagli relativi invece ai <em>cookies<\/em>, si rimanda all\u2019apposita sezione. (<em>LINK ALLA SEZIONE COOKIES)<\/em><\/p>\n<p>&nbsp;<\/p>\n<p><em>2) Dati forniti volontariamente dagli utenti\/visitatori<\/em><\/p>\n<p>Qualora gli utenti\/visitatori, collegandosi a questo sito, inviino propri dati personali per accedere a determinati servizi (es. newsletter, iscrizione a concorsi, ecc.), ovvero per effettuare richieste attraverso la posta elettronica, ci\u00f2 comporta l\u2019acquisizione da parte di FILA-ARCHES sas dell\u2019indirizzo del mittente e\/o di altri eventuali dati personali che verranno trattati esclusivamente per rispondere alla richiesta oppure per la fornitura del servizio.<\/p>\n<p>I dati personali forniti dagli utenti\/visitatori saranno comunicati a terzi solo nel caso in cui la comunicazione sia necessaria per ottemperare alle richieste degli utenti\/visitatori medesimi.<\/p>\n<p>&nbsp;<\/p>\n<p>&nbsp;<\/p>\n<p><strong>Modalit\u00e0 del trattamento<\/strong><\/p>\n<p>Il trattamento \u00e8 effettuato attraverso strumenti automatizzati (ad es. utilizzando procedure e supporti elettronici) e\/o manualmente (ad es. su supporto cartaceo) per il tempo strettamente necessario a conseguire gli scopi per i quali i dati sono stati raccolti e, comunque, in conformit\u00e0 alle disposizioni normative vigenti in materia. In relazione a tali trattamenti, FILA-ARCHES sas ha adottato adeguate misure di sicurezza al fine di garantire l\u2019integrit\u00e0 e la riservatezza dei dati.<\/p>\n<p>&nbsp;<\/p>\n<p>&nbsp;<\/p>\n<p><strong>Titolare del trattamento<\/strong><\/p>\n<p>Il Titolare del trattamento \u00e8 FILA-ARCHES sas con sede in N\u00b067 rue Louis et Laurent Seguin &#8211; 07104 Annonay Cedex \u2013 France.<\/p>\n<p>&nbsp;<\/p>\n<p><strong>Categorie di soggetti ai quali i dati possono essere comunicati o che possono venirne a conoscenza <\/strong><\/p>\n<p>I dati personali potranno essere portati a conoscenza di dipendenti o collaboratori di FILA-ARCHES sas, e della sua rete di vendita. Tali soggetti sono formalmente incaricati e autorizzati al trattamento e ricevono al riguardo adeguate istruzioni operative. Inoltre, i dati potranno essere trattati da societ\u00e0 esterne di cui FILA-ARCHES sas potrebbe avvalersi nell\u2019ambito della gestione del rapporto contrattuale con la clientela ovvero per le proprie esigenze organizzative e della propria attivit\u00e0. I dati non sono soggetti a diffusione.<\/p>\n<p>&nbsp;<\/p>\n<p><strong>Diritti dell&#8217;Interessato <\/strong><\/p>\n<p>In ogni momento potr\u00e0 esercitare i Suoi diritti nei confronti del titolare del trattamento, ai sensi del Regolamento UE 679\/2016. L\u2019interessato ha il diritto di ottenere la conferma dell&#8217;esistenza o meno di dati personali che lo riguardano e la loro comunicazione in forma intelligibile. Ha il diritto inoltre di ottenere l\u2019indicazione dell\u2019origine dei dati, le finalit\u00e0 e modalit\u00e0 del trattamento, dei soggetti Titolare e Rappresentante, dei soggetti ai quali i dati possono essere comunicati. L\u2019interessato ha il diritto di far rettificare, integrare, aggiornare i dati, nonch\u00e9 di ottenerne la cancellazione o la trasformazione in forma anonima. L\u2019interessato pu\u00f2 richiedere in qualunque momento la cessazione del trattamento attivit\u00e0 di marketing diretto, comunicazioni commerciali, ricerche di mercato.<\/p>\n<p>&nbsp;<\/p>\n<p>&nbsp;<\/p>\n<p><strong>&#8212;&#8212;&#8212;&#8212;&#8212;&#8212;&#8212;&#8212;&#8212;&#8212;&#8212;&#8212;&#8212;&#8212;&#8212;&#8212;&#8212;&#8212;&#8212;&#8212;&#8212;&#8212;&#8212;&#8212;&#8212;<\/strong><\/p>\n<p><strong>\u00a0<\/strong><\/p>\n<p><strong>COOKIES POLICY PER I VISITATORI DEL SITO<\/strong><\/p>\n<p>&nbsp;<\/p>\n<p>&nbsp;<\/p>\n<p>&nbsp;<\/p>\n<p>I cookie sono stringhe di testo di piccola dimensione scambiati tra un server e il web client. Sono usati per eseguire autenticazioni automatiche, tracking di sessioni e memorizzazione di informazioni specifiche riguardanti gli utenti che accedono al server. Questo sito utilizza i cookie per le seguenti finalit\u00e0:<\/p>\n<p>&nbsp;<\/p>\n<p>&nbsp;<\/p>\n<p>Cookie tecnici che non richiedono consenso<\/p>\n<p>&nbsp;<\/p>\n<p>Alcune operazioni non potrebbero essere compiute senza l\u2019uso dei cookies, che in alcuni casi sono quindi tecnicamente necessari: a titolo esemplificativo, il cookie che permette di riconoscere e mantenere la sessione attiva con l\u2019utente che sta consultando il sito, o il cookie che permette di riconoscere un utente dopo aver effettuato il login.<\/p>\n<p>&nbsp;<\/p>\n<p>FILA-ARCHES sas utilizza questi cookies per ottimizzare la navigazione degli utenti. Queste tecnologie non consentono in alcun caso il salvataggio dei dati, delle credenziali dell\u2019utente o di altre informazioni sul dispositivo, in modo da mantenere inalterato il livello di sicurezza del sito.<\/p>\n<p>&nbsp;<\/p>\n<p>&nbsp;<\/p>\n<p><strong>Cookie gestiti da terzi che richiedono un consenso<\/strong><\/p>\n<p>&nbsp;<\/p>\n<p>e che permettono al Titolare del Trattamento di monitorare e analizzare i dati di traffico e servono a tener traccia del comportamento dell\u2019utente:<\/p>\n<p>Google Analytics (Google):<\/p>\n<p>Analizzare i dati di traffico e servono a tener traccia del comportamento dell\u2019Utente. Google Analytics \u00e8 un servizio di analisi web fornito da Google Inc. (\u201cGoogle\u201d). Google utilizza i Dati Personali raccolti allo scopo di tracciare ed esaminare l\u2019utilizzo di questa Applicazione, compilare report e condividerli con gli altri servizi sviluppati da Google.<\/p>\n<p>Google potrebbe utilizzare i Dati Personali per contestualizzare e personalizzare gli annunci del proprio network pubblicitario.Dati personali raccolti: Cookie e Dati di utilizzo.<\/p>\n<p>Luogo del trattamento : USA \u2013 Privacy Policy \u2013 Opt Out<\/p>\n<p>&nbsp;<\/p>\n<p>&nbsp;<\/p>\n<p><strong>Gestione dei cookie dalle impostazioni del browser<\/strong><\/p>\n<p>&nbsp;<\/p>\n<p>Questo sito web funziona in modo ottimale se i cookie sono abilitati. Puoi comunque decidere di non consentire l\u2019impostazione dei cookie sul tuo computer.<\/p>\n<p>Per informazioni su come modificare le impostazioni dei cookie seleziona il browser che stai utilizzando:<\/p>\n<p>Chrome \u00a0\u00a0\u00a0\u00a0\u00a0\u00a0\u00a0\u00a0\u00a0\u00a0 \u00a0\u00a0\u00a0\u00a0\u00a0\u00a0\u00a0\u00a0\u00a0\u00a0\u00a0\u00a0\u00a0\u00a0\u00a0\u00a0\u00a0\u00a0\u00a0\u00a0\u00a0\u00a0\u00a0 <a href=\"https:\/\/support.google.com\/chrome\/answer\/95647?hl=it\">https:\/\/support.google.com\/chrome\/answer\/95647?hl=it<\/a><\/p>\n<p>Microsoft Internet Explorer \u00a0\u00a0\u00a0\u00a0\u00a0\u00a0 <a href=\"http:\/\/windows.microsoft.com\/it-it\/windows7\/How-to-manage-cookies-in-Internet-Explorer-9\">http:\/\/windows.microsoft.com\/it-it\/windows7\/How-to-manage-cookies-in-Internet-Explorer-9<\/a><\/p>\n<p>Safari \u00a0 \u00a0\u00a0\u00a0\u00a0\u00a0\u00a0\u00a0\u00a0\u00a0\u00a0\u00a0\u00a0\u00a0\u00a0\u00a0\u00a0\u00a0\u00a0\u00a0\u00a0\u00a0\u00a0\u00a0\u00a0\u00a0\u00a0\u00a0\u00a0\u00a0\u00a0\u00a0\u00a0\u00a0\u00a0\u00a0 <a href=\"https:\/\/support.apple.com\/kb\/PH19255?viewlocale=it_IT&amp;locale=it_IT\">https:\/\/support.apple.com\/kb\/PH19255?viewlocale=it_IT&amp;locale=it_IT<\/a><\/p>\n<p>Mozilla Firefox \u00a0\u00a0\u00a0\u00a0\u00a0\u00a0\u00a0\u00a0\u00a0\u00a0\u00a0\u00a0\u00a0\u00a0\u00a0\u00a0\u00a0\u00a0\u00a0\u00a0\u00a0\u00a0\u00a0 <a href=\"https:\/\/support.mozilla.org\/it\/kb\/Attivare%20e%20disattivare%20i%20cookie\">https:\/\/support.mozilla.org\/it\/kb\/Attivare%20e%20disattivare%20i%20cookie<\/a><\/p>\n<p>&nbsp;<\/p>\n<p>Se disattivi completamente i cookie, potresti disabilitare alcune funzionalit\u00e0 del sito.<\/p>\n<p>Anche con tutti i cookie disabilitati, il browser che stai utilizzando continuer\u00e0 a memorizzare una piccola quantit\u00e0 di informazioni, necessarie per le funzionalit\u00e0 di base del sito.<\/p>\n<p>&nbsp;<\/p>\n<p><strong>&#8212;&#8212;&#8212;&#8212;&#8212;&#8212;&#8212;&#8212;&#8212;&#8212;&#8212;&#8212;&#8212;&#8212;&#8212;&#8212;&#8212;&#8212;&#8212;&#8212;&#8212;&#8212;&#8212;&#8212;&#8212;&#8212;&#8212;-<\/strong><\/p>\n<p>&nbsp;<\/p>\n<p>&nbsp;<\/p>\n<p><strong>ISCRIZIONE ALLA NEWSLETTER<\/strong><\/p>\n<p><strong>\u00a0<\/strong><\/p>\n<p><strong>Informativa per il trattamento dei dati personali<\/strong><\/p>\n<p>La presente informativa \u00e8 resa ai sensi degli articoli 13 e 14 del Regolamento UE 679\/2016.<\/p>\n<p>La newsletter di ARCHES\u00ae \u00e8 inviata via posta elettronica a coloro che ne fanno esplicita richiesta, compilando il form presente in questa pagina ed autorizzando la scrivente al trattamento dei propri dati personali.<\/p>\n<p>Il conferimento dei dati \u00e8 facoltativo. Il rifiuto a fornire i dati comporta l&#8217;impossibilit\u00e0 di ottenere il servizio newsletter.<\/p>\n<p><strong>Finalit\u00e0 del trattamento<\/strong><\/p>\n<p>I dati personali forniti dagli utenti sono utilizzati al solo fine di inviare la newsletter e non saranno comunicati a terzi.<\/p>\n<p><strong>Modalit\u00e0 per il trattamento dei dati<\/strong><\/p>\n<p>I dati raccolti sono trattati con strumenti informatici. Idonee misure di sicurezza sono osservate per prevenire la perdita dei dati, usi illeciti o non corretti ed accessi non autorizzati.<\/p>\n<p><strong>Titolare del trattamento<\/strong><\/p>\n<p>Il Titolare del trattamento \u00e8 FILA-ARCHES sas con sede in N\u00b067 rue Louis et Laurent Seguin &#8211; 07104 Annonay \u2013 France. Per il servizio newsletter ARCHES\u00ae si avvale di societ\u00e0 terze appositamente incaricate.<\/p>\n<p><strong>Diritti degli interessati <\/strong><\/p>\n<p>I soggetti cui si riferiscono i dati personali hanno il diritto in qualunque momento di ottenere la conferma dell&#8217;esistenza o meno dei medesimi dati e di conoscerne il contenuto e l&#8217;origine, verificarne l&#8217;esattezza o chiederne l&#8217;integrazione o l&#8217;aggiornamento, oppure la rettifica. Gli interessati hanno inoltre il diritto di chiedere la cancellazione, la trasformazione in forma anonima o il blocco dei dati trattati in violazione di legge, nonch\u00e9 di opporsi in ogni caso, per motivi legittimi, al loro trattamento.<\/p>\n<p>&nbsp;<\/p>\n<p>&nbsp;<\/p>\n<p><strong>INFORMATIVA GENERICA AL TRATTAMENTO DATI DI CLIENTI E FORNITORI<\/strong><\/p>\n<p><strong>ex art. 13 e 14 Regolamento UE 679\/2016<\/strong><\/p>\n<p>&nbsp;<\/p>\n<p>Gentile Cliente e Fornitore<\/p>\n<p>Ai sensi e per gli effetti di cui agli art. 13 e 14 del Regolamento UE sul trattamento dei dati personali, si informano i clienti e i fornitori che in qualit\u00e0 di Titolare del Trattamento,<\/p>\n<p>FILA-ARCHES sas<\/p>\n<p>N\u00b067 rue Louis et Laurent Seguin<\/p>\n<p>07104 Annonay Cedex \u2013 France<\/p>\n<p>detiene e tratta dati personali tutelati dal suddetto Regolamento.<\/p>\n<p>Le ricordiamo che secondo la normativa indicata, tale trattamento sar\u00e0 improntato ai principi di correttezza, liceit\u00e0 e trasparenza e di tutela della Sua riservatezza e dei Suoi diritti.<\/p>\n<p>Nel rispetto degli articoli 13 e 14 del Regolamento UE 679\/2016, pertanto, Le forniamo le seguenti informazioni.<\/p>\n<p>I dati da Lei forniti saranno trattati per le seguenti finalit\u00e0:<\/p>\n<ul>\n<li>adempiere ad obblighi previsti dalla legge e\/o dalla normativa comunitaria<\/li>\n<li>permettere la gestione amministrativa\/contabile dell&#8217;azienda<\/li>\n<li>permettere la gestione delle attivit\u00e0 di acquisto beni e servizi ai fini aziendali<\/li>\n<li>permettere la vendita\/noleggio\/fatturazione dei prodotti e\/o l&#8217;erogazione di servizi attraverso il contatto diretto con il cliente o tramite internet.<\/li>\n<li>eseguire obblighi derivanti dal contratto tra le parti<\/li>\n<li>gestire eventuali reclami e contenziosi<\/li>\n<li>inviare materiale informativo o proposte commerciali, sia a mezzo posta che fax o e-mail<\/li>\n<li>partecipare ad iniziative promozionali di FILA-ARCHES sas quali concorsi, iniziative didattiche, eventi, ecc.<\/li>\n<\/ul>\n<p>Il trattamento ha base giuridica legata innanzi tutto all\u2019adempimento del contratto tra le parti, al rispetto delle norme di legge e alla soddisfazione di una richiesta dell&#8217;interessato.<\/p>\n<p>Il trattamento sar\u00e0 effettuato con le seguenti modalit\u00e0: manuali, informatiche e telematiche, nel rispetto delle regole di riservatezza e sicurezza previste dalla legge.<\/p>\n<p>Il conferimento dei dati \u00e8 obbligatorio ai fini dell\u2019apertura e della gestione dei contratti, e necessario per soddisfare le eventuali richieste dell\u2019Interessato (informazioni tecniche, commerciali, ecc.). L&#8217;eventuale rifiuto di fornire tali dati potrebbe comportare la mancata o parziale esecuzione del contratto, e\/o la mancata prosecuzione del rapporto.<\/p>\n<p>I dati potranno essere comunicati, per dare esecuzione al contratto ed allo svolgimento delle relative attivit\u00e0 amministrative, a collaboratori e dipendenti appositamente incaricati. I dati potranno altres\u00ec essere comunicati a soggetti terzi, durante l\u2019esecuzione degli obblighi previsti dalla legge o dal contratto in essere tra le parti (es. Enti Pubblici, Autorit\u00e0 di controllo, Istituti Bancari, ecc.). I dati potranno inoltre essere comunicati a societ\u00e0 collegate e\/o controllate, anche al di fuori della UE, sempre nell\u2019ambito della fornitura e\/o del contratto in essere.\u00a0 I dati non saranno in alcun modo diffusi a terzi senza il Suo preventivo e specifico consenso. I dati personali verranno conservati per il tempo ritenuto utile all\u2019esecuzione della prestazione richiesta o per la gestione di attivit\u00e0 amministrative e di obblighi fiscali, contabili, normativi.<\/p>\n<p>Il Titolare del trattamento \u00e8: FILA-ARCHES SAS &#8211; N\u00b067 rue Louis et Laurent Seguin &#8211; 07104 Annonay Cedex \u2013 France. \u00c8 possibile rivolgersi al Titolare e agli eventuali responsabili nominati scrivendo a <em>contact@arches-papers.com<\/em><\/p>\n<p>In ogni momento potr\u00e0 esercitare i Suoi diritti nei confronti del titolare del trattamento, ai sensi del Regolamento UE 679\/2016, articoli da 15 a 20. L\u2019interessato ha il diritto di ottenere la conferma dell&#8217;esistenza o meno di dati personali che lo riguardano e la loro comunicazione in forma intelligibile. Ha il diritto inoltre di ottenere l\u2019indicazione dell\u2019origine dei dati, le finalit\u00e0 e modalit\u00e0 del trattamento, dei soggetti Titolare e Rappresentante, dei soggetti ai quali i dati possono essere comunicati. L\u2019interessato ha il diritto di far rettificare, integrare, aggiornare i dati, nonch\u00e9 di ottenerne la cancellazione o la trasformazione in forma anonima. L\u2019interessato pu\u00f2 richiedere in qualunque momento la cessazione del trattamento attivit\u00e0 di marketing diretto, comunicazioni commerciali, ricerche di mercato.<\/p>\n","protected":false},"excerpt":{"rendered":"PRIVACY POLICY &#8230;","protected":false},"author":1,"featured_media":0,"parent":0,"menu_order":0,"comment_status":"closed","ping_status":"closed","template":"","meta":{"footnotes":""},"tags":[],"class_list":["post-21982","page","type-page","status-publish","hentry"],"yoast_head":"<!-- This site is optimized with the Yoast SEO plugin v27.1.1 - https:\/\/yoast.com\/product\/yoast-seo-wordpress\/ -->\n<title>SEZIONE PRIVACY SITO WEB - Arches Papers<\/title>\n<meta name=\"robots\" content=\"index, follow, max-snippet:-1, max-image-preview:large, max-video-preview:-1\" \/>\n<link rel=\"canonical\" href=\"https:\/\/arches-papers.com\/ja\/sezione-privacy-sito-web\/\" \/>\n<meta property=\"og:locale\" content=\"ja_JP\" \/>\n<meta property=\"og:type\" content=\"article\" \/>\n<meta property=\"og:title\" content=\"SEZIONE PRIVACY SITO WEB - Arches Papers\" \/>\n<meta property=\"og:description\" content=\"PRIVACY POLICY ...\" \/>\n<meta property=\"og:url\" content=\"https:\/\/arches-papers.com\/ja\/sezione-privacy-sito-web\/\" \/>\n<meta property=\"og:site_name\" content=\"Arches Papers\" \/>\n<meta name=\"twitter:card\" content=\"summary_large_image\" \/>\n<meta name=\"twitter:label1\" content=\"\u63a8\u5b9a\u8aad\u307f\u53d6\u308a\u6642\u9593\" \/>\n\t<meta name=\"twitter:data1\" content=\"11\u5206\" \/>\n<script type=\"application\/ld+json\" class=\"yoast-schema-graph\">{\"@context\":\"https:\/\/schema.org\",\"@graph\":[{\"@type\":\"WebPage\",\"@id\":\"https:\/\/arches-papers.com\/ja\/sezione-privacy-sito-web\/\",\"url\":\"https:\/\/arches-papers.com\/ja\/sezione-privacy-sito-web\/\",\"name\":\"SEZIONE PRIVACY SITO WEB - Arches Papers\",\"isPartOf\":{\"@id\":\"https:\/\/arches-papers.com\/ja\/#website\"},\"datePublished\":\"2020-08-06T08:12:59+00:00\",\"breadcrumb\":{\"@id\":\"https:\/\/arches-papers.com\/ja\/sezione-privacy-sito-web\/#breadcrumb\"},\"inLanguage\":\"ja\",\"potentialAction\":[{\"@type\":\"ReadAction\",\"target\":[\"https:\/\/arches-papers.com\/ja\/sezione-privacy-sito-web\/\"]}]},{\"@type\":\"BreadcrumbList\",\"@id\":\"https:\/\/arches-papers.com\/ja\/sezione-privacy-sito-web\/#breadcrumb\",\"itemListElement\":[{\"@type\":\"ListItem\",\"position\":1,\"name\":\"Accueil\",\"item\":\"https:\/\/arches-papers.com\/ja\/\"},{\"@type\":\"ListItem\",\"position\":2,\"name\":\"SEZIONE PRIVACY SITO WEB\"}]},{\"@type\":\"WebSite\",\"@id\":\"https:\/\/arches-papers.com\/ja\/#website\",\"url\":\"https:\/\/arches-papers.com\/ja\/\",\"name\":\"Arches Papers\",\"description\":\"Fabricant de papier\",\"potentialAction\":[{\"@type\":\"SearchAction\",\"target\":{\"@type\":\"EntryPoint\",\"urlTemplate\":\"https:\/\/arches-papers.com\/ja\/?s={search_term_string}\"},\"query-input\":{\"@type\":\"PropertyValueSpecification\",\"valueRequired\":true,\"valueName\":\"search_term_string\"}}],\"inLanguage\":\"ja\"}]}<\/script>\n<!-- \/ Yoast SEO plugin. -->","yoast_head_json":{"title":"SEZIONE PRIVACY SITO WEB - Arches Papers","robots":{"index":"index","follow":"follow","max-snippet":"max-snippet:-1","max-image-preview":"max-image-preview:large","max-video-preview":"max-video-preview:-1"},"canonical":"https:\/\/arches-papers.com\/ja\/sezione-privacy-sito-web\/","og_locale":"ja_JP","og_type":"article","og_title":"SEZIONE PRIVACY SITO WEB - Arches Papers","og_description":"PRIVACY POLICY ...","og_url":"https:\/\/arches-papers.com\/ja\/sezione-privacy-sito-web\/","og_site_name":"Arches Papers","twitter_card":"summary_large_image","twitter_misc":{"\u63a8\u5b9a\u8aad\u307f\u53d6\u308a\u6642\u9593":"11\u5206"},"schema":{"@context":"https:\/\/schema.org","@graph":[{"@type":"WebPage","@id":"https:\/\/arches-papers.com\/ja\/sezione-privacy-sito-web\/","url":"https:\/\/arches-papers.com\/ja\/sezione-privacy-sito-web\/","name":"SEZIONE PRIVACY SITO WEB - Arches Papers","isPartOf":{"@id":"https:\/\/arches-papers.com\/ja\/#website"},"datePublished":"2020-08-06T08:12:59+00:00","breadcrumb":{"@id":"https:\/\/arches-papers.com\/ja\/sezione-privacy-sito-web\/#breadcrumb"},"inLanguage":"ja","potentialAction":[{"@type":"ReadAction","target":["https:\/\/arches-papers.com\/ja\/sezione-privacy-sito-web\/"]}]},{"@type":"BreadcrumbList","@id":"https:\/\/arches-papers.com\/ja\/sezione-privacy-sito-web\/#breadcrumb","itemListElement":[{"@type":"ListItem","position":1,"name":"Accueil","item":"https:\/\/arches-papers.com\/ja\/"},{"@type":"ListItem","position":2,"name":"SEZIONE PRIVACY SITO WEB"}]},{"@type":"WebSite","@id":"https:\/\/arches-papers.com\/ja\/#website","url":"https:\/\/arches-papers.com\/ja\/","name":"Arches Papers","description":"Fabricant de papier","potentialAction":[{"@type":"SearchAction","target":{"@type":"EntryPoint","urlTemplate":"https:\/\/arches-papers.com\/ja\/?s={search_term_string}"},"query-input":{"@type":"PropertyValueSpecification","valueRequired":true,"valueName":"search_term_string"}}],"inLanguage":"ja"}]}},"_links":{"self":[{"href":"https:\/\/arches-papers.com\/ja\/wp-json\/wp\/v2\/pages\/21982","targetHints":{"allow":["GET"]}}],"collection":[{"href":"https:\/\/arches-papers.com\/ja\/wp-json\/wp\/v2\/pages"}],"about":[{"href":"https:\/\/arches-papers.com\/ja\/wp-json\/wp\/v2\/types\/page"}],"author":[{"embeddable":true,"href":"https:\/\/arches-papers.com\/ja\/wp-json\/wp\/v2\/users\/1"}],"replies":[{"embeddable":true,"href":"https:\/\/arches-papers.com\/ja\/wp-json\/wp\/v2\/comments?post=21982"}],"version-history":[{"count":0,"href":"https:\/\/arches-papers.com\/ja\/wp-json\/wp\/v2\/pages\/21982\/revisions"}],"wp:attachment":[{"href":"https:\/\/arches-papers.com\/ja\/wp-json\/wp\/v2\/media?parent=21982"}],"wp:term":[{"taxonomy":"post_tag","embeddable":true,"href":"https:\/\/arches-papers.com\/ja\/wp-json\/wp\/v2\/tags?post=21982"}],"curies":[{"name":"wp","href":"https:\/\/api.w.org\/{rel}","templated":true}]}}